{"id":67970,"date":"2021-09-02T17:57:09","date_gmt":"2021-09-02T15:57:09","guid":{"rendered":"https:\/\/svetslik.si\/unkategorisiert\/with-the-black-arch-mit-dem-schwarzen-bogen\/"},"modified":"2026-03-22T20:05:22","modified_gmt":"2026-03-22T19:05:22","slug":"with-the-black-arch-mit-dem-schwarzen-bogen","status":"publish","type":"product","link":"https:\/\/svetslik.si\/de\/vasilij-kandinski-de\/with-the-black-arch-mit-dem-schwarzen-bogen\/","title":{"rendered":"Vasilij Kandinski &#8211; With the Black Arch (Mit dem Schwarzen Bogen)"},"content":{"rendered":"<div class=\"wpb-content-wrapper\">[vc_row css=&#8221;.vc_custom_1742246511722{margin-bottom: 10px !important;}&#8221;][vc_column]\t<div class=\"et-image-997 et-image     et_image_link\">\n\t\t<div class=\"et-image-inner \">\n\t\t\t\t\t\t\t<div class=\"et-image-thumb \">\n\t\t\t\t\t<img decoding=\"async\" width=\"1500\" height=\"1500\" src=\"https:\/\/svetslik.si\/wp-content\/uploads\/2021\/09\/Vasilij-Kandinski-\u2013-With-the-Black-Arch-Mit-dem-Schwarzen-Bogen-slike-na-platnu-2.jpg\" class=\"attachment-full\" alt=\"Vasilij Kandinski - With the Black Arch (Mit dem Schwarzen Bogen)\" title=\"Vasilij Kandinski - With the Black Arch (Mit dem Schwarzen Bogen)\" srcset=\"https:\/\/svetslik.si\/wp-content\/uploads\/2021\/09\/Vasilij-Kandinski-\u2013-With-the-Black-Arch-Mit-dem-Schwarzen-Bogen-slike-na-platnu-2.jpg 1500w, https:\/\/svetslik.si\/wp-content\/uploads\/2021\/09\/Vasilij-Kandinski-\u2013-With-the-Black-Arch-Mit-dem-Schwarzen-Bogen-slike-na-platnu-2-600x600.jpg 600w, https:\/\/svetslik.si\/wp-content\/uploads\/2021\/09\/Vasilij-Kandinski-\u2013-With-the-Black-Arch-Mit-dem-Schwarzen-Bogen-slike-na-platnu-2-100x100.jpg 100w, https:\/\/svetslik.si\/wp-content\/uploads\/2021\/09\/Vasilij-Kandinski-\u2013-With-the-Black-Arch-Mit-dem-Schwarzen-Bogen-slike-na-platnu-2-1200x1200.jpg 1200w, https:\/\/svetslik.si\/wp-content\/uploads\/2021\/09\/Vasilij-Kandinski-\u2013-With-the-Black-Arch-Mit-dem-Schwarzen-Bogen-slike-na-platnu-2-300x300.jpg 300w, https:\/\/svetslik.si\/wp-content\/uploads\/2021\/09\/Vasilij-Kandinski-\u2013-With-the-Black-Arch-Mit-dem-Schwarzen-Bogen-slike-na-platnu-2-1024x1024.jpg 1024w, https:\/\/svetslik.si\/wp-content\/uploads\/2021\/09\/Vasilij-Kandinski-\u2013-With-the-Black-Arch-Mit-dem-Schwarzen-Bogen-slike-na-platnu-2-150x150.jpg 150w, https:\/\/svetslik.si\/wp-content\/uploads\/2021\/09\/Vasilij-Kandinski-\u2013-With-the-Black-Arch-Mit-dem-Schwarzen-Bogen-slike-na-platnu-2-768x768.jpg 768w\" sizes=\"(max-width: 1500px) 100vw, 1500px\" \/>\t\t\t\t<\/div>\n\t\t\t\t\t\t\t\t\t\t\t<\/div>\n\t<\/div>\n  [\/vc_column][\/vc_row][vc_row css=&#8221;.vc_custom_1742246511722{margin-bottom: 10px !important;}&#8221;][vc_column]\t<div class=\"et-image-229 et-image     et_image_link\">\n\t\t<div class=\"et-image-inner \">\n\t\t\t\t\t\t\t<div class=\"et-image-thumb \">\n\t\t\t\t\t<img decoding=\"async\" width=\"1500\" height=\"2379\" src=\"https:\/\/svetslik.si\/wp-content\/uploads\/2021\/09\/Vasilij-Kandinski-\u2013-With-the-Black-Arch-Mit-dem-Schwarzen-Bogen-slike-na-platnu-4.jpg\" class=\"attachment-full\" alt=\"Vasilij Kandinski - With the Black Arch (Mit dem Schwarzen Bogen)\" title=\"Vasilij Kandinski - With the Black Arch (Mit dem Schwarzen Bogen)\" srcset=\"https:\/\/svetslik.si\/wp-content\/uploads\/2021\/09\/Vasilij-Kandinski-\u2013-With-the-Black-Arch-Mit-dem-Schwarzen-Bogen-slike-na-platnu-4.jpg 1500w, https:\/\/svetslik.si\/wp-content\/uploads\/2021\/09\/Vasilij-Kandinski-\u2013-With-the-Black-Arch-Mit-dem-Schwarzen-Bogen-slike-na-platnu-4-600x952.jpg 600w, https:\/\/svetslik.si\/wp-content\/uploads\/2021\/09\/Vasilij-Kandinski-\u2013-With-the-Black-Arch-Mit-dem-Schwarzen-Bogen-slike-na-platnu-4-1200x1903.jpg 1200w, https:\/\/svetslik.si\/wp-content\/uploads\/2021\/09\/Vasilij-Kandinski-\u2013-With-the-Black-Arch-Mit-dem-Schwarzen-Bogen-slike-na-platnu-4-189x300.jpg 189w, https:\/\/svetslik.si\/wp-content\/uploads\/2021\/09\/Vasilij-Kandinski-\u2013-With-the-Black-Arch-Mit-dem-Schwarzen-Bogen-slike-na-platnu-4-646x1024.jpg 646w, https:\/\/svetslik.si\/wp-content\/uploads\/2021\/09\/Vasilij-Kandinski-\u2013-With-the-Black-Arch-Mit-dem-Schwarzen-Bogen-slike-na-platnu-4-768x1218.jpg 768w, https:\/\/svetslik.si\/wp-content\/uploads\/2021\/09\/Vasilij-Kandinski-\u2013-With-the-Black-Arch-Mit-dem-Schwarzen-Bogen-slike-na-platnu-4-968x1536.jpg 968w, https:\/\/svetslik.si\/wp-content\/uploads\/2021\/09\/Vasilij-Kandinski-\u2013-With-the-Black-Arch-Mit-dem-Schwarzen-Bogen-slike-na-platnu-4-1291x2048.jpg 1291w, https:\/\/svetslik.si\/wp-content\/uploads\/2021\/09\/Vasilij-Kandinski-\u2013-With-the-Black-Arch-Mit-dem-Schwarzen-Bogen-slike-na-platnu-4-95x150.jpg 95w\" sizes=\"(max-width: 1500px) 100vw, 1500px\" \/>\t\t\t\t<\/div>\n\t\t\t\t\t\t\t\t\t\t\t<\/div>\n\t<\/div>\n  [\/vc_column][\/vc_row][vc_row css=&#8221;.vc_custom_1742246511722{margin-bottom: 10px !important;}&#8221;][vc_column]\t<div class=\"et-image-725 et-image     et_image_link\">\n\t\t<div class=\"et-image-inner \">\n\t\t\t\t\t\t\t<div class=\"et-image-thumb \">\n\t\t\t\t\t<img decoding=\"async\" width=\"1500\" height=\"2035\" src=\"https:\/\/svetslik.si\/wp-content\/uploads\/2021\/09\/Vasilij-Kandinski-\u2013-With-the-Black-Arch-Mit-dem-Schwarzen-Bogen-slike-na-platnu-3.jpg\" class=\"attachment-full\" alt=\"Vasilij Kandinski - With the Black Arch (Mit dem Schwarzen Bogen)\" title=\"Vasilij Kandinski - With the Black Arch (Mit dem Schwarzen Bogen)\" srcset=\"https:\/\/svetslik.si\/wp-content\/uploads\/2021\/09\/Vasilij-Kandinski-\u2013-With-the-Black-Arch-Mit-dem-Schwarzen-Bogen-slike-na-platnu-3.jpg 1500w, https:\/\/svetslik.si\/wp-content\/uploads\/2021\/09\/Vasilij-Kandinski-\u2013-With-the-Black-Arch-Mit-dem-Schwarzen-Bogen-slike-na-platnu-3-600x814.jpg 600w, https:\/\/svetslik.si\/wp-content\/uploads\/2021\/09\/Vasilij-Kandinski-\u2013-With-the-Black-Arch-Mit-dem-Schwarzen-Bogen-slike-na-platnu-3-1200x1628.jpg 1200w, https:\/\/svetslik.si\/wp-content\/uploads\/2021\/09\/Vasilij-Kandinski-\u2013-With-the-Black-Arch-Mit-dem-Schwarzen-Bogen-slike-na-platnu-3-221x300.jpg 221w, https:\/\/svetslik.si\/wp-content\/uploads\/2021\/09\/Vasilij-Kandinski-\u2013-With-the-Black-Arch-Mit-dem-Schwarzen-Bogen-slike-na-platnu-3-755x1024.jpg 755w, https:\/\/svetslik.si\/wp-content\/uploads\/2021\/09\/Vasilij-Kandinski-\u2013-With-the-Black-Arch-Mit-dem-Schwarzen-Bogen-slike-na-platnu-3-768x1042.jpg 768w, https:\/\/svetslik.si\/wp-content\/uploads\/2021\/09\/Vasilij-Kandinski-\u2013-With-the-Black-Arch-Mit-dem-Schwarzen-Bogen-slike-na-platnu-3-1132x1536.jpg 1132w, https:\/\/svetslik.si\/wp-content\/uploads\/2021\/09\/Vasilij-Kandinski-\u2013-With-the-Black-Arch-Mit-dem-Schwarzen-Bogen-slike-na-platnu-3-111x150.jpg 111w\" sizes=\"(max-width: 1500px) 100vw, 1500px\" \/>\t\t\t\t<\/div>\n\t\t\t\t\t\t\t\t\t\t\t<\/div>\n\t<\/div>\n  [\/vc_column][\/vc_row][vc_row css=&#8221;.vc_custom_1742246511722{margin-bottom: 10px !important;}&#8221;][vc_column]\t<div class=\"et-image-373 et-image     et_image_link\">\n\t\t<div class=\"et-image-inner \">\n\t\t\t\t\t\t\t<div class=\"et-image-thumb \">\n\t\t\t\t\t<img decoding=\"async\" width=\"1500\" height=\"1125\" src=\"https:\/\/svetslik.si\/wp-content\/uploads\/2021\/09\/Vasilij-Kandinski-\u2013-With-the-Black-Arch-Mit-dem-Schwarzen-Bogen-slike-na-platnu.jpg\" class=\"attachment-full\" alt=\"Vasilij Kandinski - With the Black Arch (Mit dem Schwarzen Bogen)\" title=\"Vasilij Kandinski - With the Black Arch (Mit dem Schwarzen Bogen)\" srcset=\"https:\/\/svetslik.si\/wp-content\/uploads\/2021\/09\/Vasilij-Kandinski-\u2013-With-the-Black-Arch-Mit-dem-Schwarzen-Bogen-slike-na-platnu.jpg 1500w, https:\/\/svetslik.si\/wp-content\/uploads\/2021\/09\/Vasilij-Kandinski-\u2013-With-the-Black-Arch-Mit-dem-Schwarzen-Bogen-slike-na-platnu-600x450.jpg 600w, https:\/\/svetslik.si\/wp-content\/uploads\/2021\/09\/Vasilij-Kandinski-\u2013-With-the-Black-Arch-Mit-dem-Schwarzen-Bogen-slike-na-platnu-1200x900.jpg 1200w, https:\/\/svetslik.si\/wp-content\/uploads\/2021\/09\/Vasilij-Kandinski-\u2013-With-the-Black-Arch-Mit-dem-Schwarzen-Bogen-slike-na-platnu-300x225.jpg 300w, https:\/\/svetslik.si\/wp-content\/uploads\/2021\/09\/Vasilij-Kandinski-\u2013-With-the-Black-Arch-Mit-dem-Schwarzen-Bogen-slike-na-platnu-1024x768.jpg 1024w, https:\/\/svetslik.si\/wp-content\/uploads\/2021\/09\/Vasilij-Kandinski-\u2013-With-the-Black-Arch-Mit-dem-Schwarzen-Bogen-slike-na-platnu-768x576.jpg 768w, https:\/\/svetslik.si\/wp-content\/uploads\/2021\/09\/Vasilij-Kandinski-\u2013-With-the-Black-Arch-Mit-dem-Schwarzen-Bogen-slike-na-platnu-150x113.jpg 150w\" sizes=\"(max-width: 1500px) 100vw, 1500px\" \/>\t\t\t\t<\/div>\n\t\t\t\t\t\t\t\t\t\t\t<\/div>\n\t<\/div>\n  [\/vc_column][\/vc_row][vc_row][vc_column][vc_column_text]\n<h1>Wassily Kandinsky \u2013 Mit dem Schwarzen Bogen<\/h1>\n<p>&nbsp;<\/p>\n<table style=\"width: 673px;\" border=\"0\" width=\"673\" cellpadding=\"0\">\n<tbody>\n<tr>\n<td style=\"width: 180px; height: 21px;\" height=\"21\">Erstellungsjahr:<\/td>\n<td style=\"width: 493px;\">1912<\/td>\n<\/tr>\n<tr>\n<td style=\"width: 180px; height: 21px;\" height=\"21\">Originalgr\u00f6\u00dfe:<\/td>\n<td style=\"width: 493px;\">196 cm x 188 cm<\/td>\n<\/tr>\n<tr>\n<td style=\"width: 180px; height: 21px;\" height=\"21\">Lackstil:<\/td>\n<td style=\"width: 493px;\">Abstrakte Kunst<\/td>\n<\/tr>\n<tr>\n<td style=\"width: 180px; height: 21px;\" height=\"21\">Originaltechnik:<\/td>\n<td>\u00d6l auf Leinwand<\/td>\n<\/tr>\n<tr>\n<td style=\"width: 180px; height: 21px;\" height=\"21\">Standort:<\/td>\n<td>Nationalmuseum f\u00fcr moderne Kunst Paris<\/td>\n<\/tr>\n<\/tbody>\n<colgroup>\n<col \/>\n<col \/> <\/colgroup>\n<\/table>\n<p>&nbsp;<\/p>\n<p>Wassily Kandinsky war einer der einflussreichsten K\u00fcnstler des 20. Jahrhunderts und bekannt f\u00fcr seine Pionierarbeit auf dem Gebiet der abstrakten Kunst. Eines seiner ber\u00fchmtesten Gem\u00e4lde ist \u201eMit dem schwarzen Bogen\u201c aus dem Jahr 1913. Dieses Gem\u00e4lde ist ein hervorragendes Beispiel f\u00fcr Kandinskys Auseinandersetzung mit Form, Farbe und Bewegung in seiner Kunst.<\/p>\n<p>Das Gem\u00e4lde besteht aus kr\u00e4ftigen, gestreckten Linien und dynamischen Formen, die \u00fcber die Leinwand zu tanzen scheinen. Der schwarze Bogen in der Bildmitte ist ein starker Fokuspunkt, der die Komposition verfestigt. Der Bogen ist von wirbelnden abstrakten Formen umgeben, die ein Gef\u00fchl von Bewegung und Energie erzeugen.<\/p>\n<p>Kandinskys Verwendung von Farben ist auch in diesem Gem\u00e4lde sp\u00fcrbar. Die schwarze Schleife steht in starkem Kontrast zu den leuchtenden, kr\u00e4ftigen Farben, die sie umgeben. Die im Bild verwendeten Orange-, Gelb- und Blaut\u00f6ne verst\u00e4rken das Gef\u00fchl von Bewegung und Energie zus\u00e4tzlich.<\/p>\n<p>Dieses Gem\u00e4lde gilt als eines der bedeutendsten Werke Kandinskys und gilt als Meisterwerk der abstrakten Kunst. Es ist derzeit in der St\u00e4dtischen Galerie im Lenbachhaus in M\u00fcnchen ausgestellt.<\/p>\n<p>Wenn Sie nach einem Bild suchen, das Sie Ihrer Sammlung hinzuf\u00fcgen k\u00f6nnen, ist \u201eWith a Black Bow\u201c eine gute Wahl. Es ist ein optisch auff\u00e4lliges und kraftvolles Gem\u00e4lde, das jedem Raum ein Gef\u00fchl von Bewegung und Energie verleiht. Dar\u00fcber hinaus ist dies ein Werk, das noch viele Jahre lang gesch\u00e4tzt und studiert wird, was es zu einer wertvollen Erg\u00e4nzung jeder Kunstsammlung macht.<\/p>\n<p>Insgesamt ist das Gem\u00e4lde \u201eMit der schwarzen Schleife\u201c ein Muss f\u00fcr jeden, der sich f\u00fcr das Werk Wassily Kandinskys oder die Geschichte der abstrakten Kunst interessiert. Es ist ein kraftvolles und visuell beeindruckendes Bild, das das Publikum auch heute noch inspiriert und begeistert.<\/p>\n<\/div>","protected":false},"excerpt":{"rendered":"<p>[vc_row css=&#8221;.vc_custom_1742246511722{margin-bottom: 10px !important;}&#8221;][vc_column][\/vc_column][\/vc_row][vc_row css=&#8221;.vc_custom_1742246511722{margin-bottom: 10px !important;}&#8221;][vc_column][\/vc_column][\/vc_row][vc_row css=&#8221;.vc_custom_1742246511722{margin-bottom: 10px !important;}&#8221;][vc_column][\/vc_column][\/vc_row][vc_row css=&#8221;.vc_custom_1742246511722{margin-bottom: 10px !important;}&#8221;][vc_column][\/vc_column][\/vc_row][vc_row][vc_column][vc_column_text] Wassily Kandinsky \u2013 Mit dem Schwarzen Bogen &nbsp; Erstellungsjahr: 1912 Originalgr\u00f6\u00dfe: 196 cm x 188 cm Lackstil: Abstrakte Kunst Originaltechnik: \u00d6l auf Leinwand Standort: Nationalmuseum f\u00fcr moderne Kunst Paris &nbsp; Wassily Kandinsky war einer der einflussreichsten K\u00fcnstler [&hellip;]<\/p>\n","protected":false},"featured_media":63285,"template":"","meta":{"_acf_changed":false},"product_brand":[],"product_cat":[8467],"product_tag":[8491,8492,8521,8513,8514],"class_list":{"0":"post-67970","1":"product","2":"type-product","3":"status-publish","4":"has-post-thumbnail","6":"product_cat-vasilij-kandinski-de","7":"product_tag-kandinski-de","8":"product_tag-kandinsky-de","9":"product_tag-maler","10":"product_tag-reproduktion","11":"product_tag-reproduktionen","12":"pa_dimenzija-100-x-100-cm-de","13":"pa_dimenzija-120-x-120-cm-de","14":"pa_dimenzija-140-x-130-cm-de","15":"pa_dimenzija-160-x-150-cm-de","16":"pa_dimenzija-180-x-170-cm-de","17":"pa_dimenzija-196-x-188-cm-de","18":"pa_dimenzija-60-x-60-cm-de","19":"pa_dimenzija-80-x-80-cm-de","20":"pa_oblika-quadrat","21":"pa_okvir-ohne-rahmen","22":"pa_podokvir-ja","23":"pa_podokvir-nein","25":"first","26":"onbackorder","27":"purchasable","28":"product-type-variable","29":"has-default-attributes"},"acf":[],"yoast_head":"<!-- This site is optimized with the Yoast SEO Premium plugin v26.0 (Yoast SEO v27.2) - https:\/\/yoast.com\/product\/yoast-seo-premium-wordpress\/ -->\n<title>Vasilij Kandinski - With the Black Arch (Mit dem Schwarzen Bogen) - SVETSLIK.SI - 100% handgemalt<\/title>\n<meta name=\"description\" content=\"Vasilij Kandinski - With the Black Arch (Mit dem Schwarzen Bogen) - 100% handgemalte Gem\u00e4lde - Verkauf von Reproduktionen ber\u00fchmter Gem\u00e4lde und abstrakter Kunst - Wandbilder f\u00fcr das Wohnzimmer\" \/>\n<meta name=\"robots\" content=\"index, follow, max-snippet:-1, max-image-preview:large, max-video-preview:-1\" \/>\n<link rel=\"canonical\" href=\"https:\/\/svetslik.si\/de\/vasilij-kandinski-de\/with-the-black-arch-mit-dem-schwarzen-bogen\/\" \/>\n<meta property=\"og:locale\" content=\"de_DE\" \/>\n<meta property=\"og:type\" content=\"article\" \/>\n<meta property=\"og:title\" content=\"Vasilij Kandinski - With the Black Arch (Mit dem Schwarzen Bogen)\" \/>\n<meta property=\"og:description\" content=\"100% ro\u010dno naslikane slike na platnu, reprodukcije znanih slikarjev in umetni\u0161ke slike po naro\u010dilu.\" \/>\n<meta property=\"og:url\" content=\"https:\/\/svetslik.si\/de\/vasilij-kandinski-de\/with-the-black-arch-mit-dem-schwarzen-bogen\/\" \/>\n<meta property=\"og:site_name\" content=\"SVETSLIK.SI\" \/>\n<meta property=\"article:publisher\" content=\"https:\/\/www.facebook.com\/svetslik.si\" \/>\n<meta property=\"article:modified_time\" content=\"2026-03-22T19:05:22+00:00\" \/>\n<meta property=\"og:image\" content=\"https:\/\/svetslik.si\/wp-content\/uploads\/2021\/08\/image_With-the-Black-Arch-Mit-dem-Schwarzen-Bogen_680.jpg\" \/>\n\t<meta property=\"og:image:width\" content=\"1072\" \/>\n\t<meta property=\"og:image:height\" content=\"1024\" \/>\n\t<meta property=\"og:image:type\" content=\"image\/jpeg\" \/>\n<meta name=\"twitter:card\" content=\"summary_large_image\" \/>\n<meta name=\"twitter:site\" content=\"@svetslik\" \/>\n<meta name=\"twitter:label1\" content=\"Verf\u00fcgbarkeit\" \/>\n\t<meta name=\"twitter:data1\" content=\"bei Nachbestellung\" \/>\n<script type=\"application\/ld+json\" class=\"yoast-schema-graph\">{\"@context\":\"https:\/\/schema.org\",\"@graph\":[{\"@type\":[\"WebPage\",\"ItemPage\"],\"@id\":\"https:\/\/svetslik.si\/de\/vasilij-kandinski-de\/with-the-black-arch-mit-dem-schwarzen-bogen\/\",\"url\":\"https:\/\/svetslik.si\/de\/vasilij-kandinski-de\/with-the-black-arch-mit-dem-schwarzen-bogen\/\",\"name\":\"Vasilij Kandinski - With the Black Arch (Mit dem Schwarzen Bogen) - SVETSLIK.SI - 100% handgemalt\",\"isPartOf\":{\"@id\":\"https:\/\/svetslik.si\/de\/#website\"},\"primaryImageOfPage\":{\"@id\":\"https:\/\/svetslik.si\/de\/vasilij-kandinski-de\/with-the-black-arch-mit-dem-schwarzen-bogen\/#primaryimage\"},\"image\":{\"@id\":\"https:\/\/svetslik.si\/de\/vasilij-kandinski-de\/with-the-black-arch-mit-dem-schwarzen-bogen\/#primaryimage\"},\"thumbnailUrl\":\"https:\/\/svetslik.si\/wp-content\/uploads\/2021\/08\/image_With-the-Black-Arch-Mit-dem-Schwarzen-Bogen_680.jpg\",\"datePublished\":\"2021-09-02T15:57:09+00:00\",\"dateModified\":\"2026-03-22T19:05:22+00:00\",\"description\":\"Vasilij Kandinski - With the Black Arch (Mit dem Schwarzen Bogen) - 100% handgemalte Gem\u00e4lde - Verkauf von Reproduktionen ber\u00fchmter Gem\u00e4lde und abstrakter Kunst - Wandbilder f\u00fcr das Wohnzimmer\",\"breadcrumb\":{\"@id\":\"https:\/\/svetslik.si\/de\/vasilij-kandinski-de\/with-the-black-arch-mit-dem-schwarzen-bogen\/#breadcrumb\"},\"inLanguage\":\"de\",\"potentialAction\":[{\"@type\":\"ReadAction\",\"target\":[\"https:\/\/svetslik.si\/de\/vasilij-kandinski-de\/with-the-black-arch-mit-dem-schwarzen-bogen\/\"]}]},{\"@type\":\"ImageObject\",\"inLanguage\":\"de\",\"@id\":\"https:\/\/svetslik.si\/de\/vasilij-kandinski-de\/with-the-black-arch-mit-dem-schwarzen-bogen\/#primaryimage\",\"url\":\"https:\/\/svetslik.si\/wp-content\/uploads\/2021\/08\/image_With-the-Black-Arch-Mit-dem-Schwarzen-Bogen_680.jpg\",\"contentUrl\":\"https:\/\/svetslik.si\/wp-content\/uploads\/2021\/08\/image_With-the-Black-Arch-Mit-dem-Schwarzen-Bogen_680.jpg\",\"width\":1072,\"height\":1024,\"caption\":\"Vasilij Kandinski - With the Black Arch (Mit dem Schwarzen Bogen) Gem\u00e4lde, Leinwandbilder - 100% handgemalte, Reproduktionen ber\u00fchmter Gem\u00e4lde, Gem\u00e4lde kaufen, Wandbilder Wohnzimmer, ber\u00fchmtes Gem\u00e4lde, \u00d6lgem\u00e4lde, Bilderrahmen\"},{\"@type\":\"BreadcrumbList\",\"@id\":\"https:\/\/svetslik.si\/de\/vasilij-kandinski-de\/with-the-black-arch-mit-dem-schwarzen-bogen\/#breadcrumb\",\"itemListElement\":[{\"@type\":\"ListItem\",\"position\":1,\"name\":\"Wandkunst und Gem\u00e4lde auf Leinwand\",\"item\":\"https:\/\/svetslik.si\/de\/\"},{\"@type\":\"ListItem\",\"position\":2,\"name\":\"Verkauf von Gem\u00e4lden\",\"item\":\"https:\/\/svetslik.si\/prodaja-slik\/\"},{\"@type\":\"ListItem\",\"position\":3,\"name\":\"Vasilij Kandinski &#8211; With the Black Arch (Mit dem Schwarzen Bogen)\"}]},{\"@type\":\"WebSite\",\"@id\":\"https:\/\/svetslik.si\/de\/#website\",\"url\":\"https:\/\/svetslik.si\/de\/\",\"name\":\"SVETSLIK.SI\",\"description\":\"100% handgemalte Reproduktionen von Gem\u00e4lden ber\u00fchmter Maler und Gem\u00e4lde auf Leinwand.\",\"publisher\":{\"@id\":\"https:\/\/svetslik.si\/de\/#organization\"},\"potentialAction\":[{\"@type\":\"SearchAction\",\"target\":{\"@type\":\"EntryPoint\",\"urlTemplate\":\"https:\/\/svetslik.si\/de\/?s={search_term_string}\"},\"query-input\":{\"@type\":\"PropertyValueSpecification\",\"valueRequired\":true,\"valueName\":\"search_term_string\"}}],\"inLanguage\":\"de\"},{\"@type\":\"Organization\",\"@id\":\"https:\/\/svetslik.si\/de\/#organization\",\"name\":\"SvetSlik.si\",\"url\":\"https:\/\/svetslik.si\/de\/\",\"logo\":{\"@type\":\"ImageObject\",\"inLanguage\":\"de\",\"@id\":\"https:\/\/svetslik.si\/de\/#\/schema\/logo\/image\/\",\"url\":\"https:\/\/svetslik.si\/wp-content\/uploads\/2020\/12\/logo-512.png\",\"contentUrl\":\"https:\/\/svetslik.si\/wp-content\/uploads\/2020\/12\/logo-512.png\",\"width\":512,\"height\":512,\"caption\":\"SvetSlik.si\"},\"image\":{\"@id\":\"https:\/\/svetslik.si\/de\/#\/schema\/logo\/image\/\"},\"sameAs\":[\"https:\/\/www.facebook.com\/svetslik.si\",\"https:\/\/x.com\/svetslik\",\"https:\/\/www.instagram.com\/svetslik.si\/\",\"https:\/\/www.linkedin.com\/company\/svetslik-si\"]}]}<\/script>\n<meta property=\"og:availability\" content=\"backorder\" \/>\n<meta property=\"product:availability\" content=\"available for order\" \/>\n<meta property=\"product:retailer_item_id\" content=\"317__\" \/>\n<meta property=\"product:condition\" content=\"new\" \/>\n<!-- \/ Yoast SEO Premium plugin. -->","yoast_head_json":{"title":"Vasilij Kandinski - With the Black Arch (Mit dem Schwarzen Bogen) - SVETSLIK.SI - 100% handgemalt","description":"Vasilij Kandinski - With the Black Arch (Mit dem Schwarzen Bogen) - 100% handgemalte Gem\u00e4lde - Verkauf von Reproduktionen ber\u00fchmter Gem\u00e4lde und abstrakter Kunst - Wandbilder f\u00fcr das Wohnzimmer","robots":{"index":"index","follow":"follow","max-snippet":"max-snippet:-1","max-image-preview":"max-image-preview:large","max-video-preview":"max-video-preview:-1"},"canonical":"https:\/\/svetslik.si\/de\/vasilij-kandinski-de\/with-the-black-arch-mit-dem-schwarzen-bogen\/","og_locale":"de_DE","og_type":"article","og_title":"Vasilij Kandinski - With the Black Arch (Mit dem Schwarzen Bogen)","og_description":"100% ro\u010dno naslikane slike na platnu, reprodukcije znanih slikarjev in umetni\u0161ke slike po naro\u010dilu.","og_url":"https:\/\/svetslik.si\/de\/vasilij-kandinski-de\/with-the-black-arch-mit-dem-schwarzen-bogen\/","og_site_name":"SVETSLIK.SI","article_publisher":"https:\/\/www.facebook.com\/svetslik.si","article_modified_time":"2026-03-22T19:05:22+00:00","og_image":[{"width":1072,"height":1024,"url":"https:\/\/svetslik.si\/wp-content\/uploads\/2021\/08\/image_With-the-Black-Arch-Mit-dem-Schwarzen-Bogen_680.jpg","type":"image\/jpeg"}],"twitter_card":"summary_large_image","twitter_site":"@svetslik","twitter_misc":{"Verf\u00fcgbarkeit":"bei Nachbestellung"},"schema":{"@context":"https:\/\/schema.org","@graph":[{"@type":["WebPage","ItemPage"],"@id":"https:\/\/svetslik.si\/de\/vasilij-kandinski-de\/with-the-black-arch-mit-dem-schwarzen-bogen\/","url":"https:\/\/svetslik.si\/de\/vasilij-kandinski-de\/with-the-black-arch-mit-dem-schwarzen-bogen\/","name":"Vasilij Kandinski - With the Black Arch (Mit dem Schwarzen Bogen) - SVETSLIK.SI - 100% handgemalt","isPartOf":{"@id":"https:\/\/svetslik.si\/de\/#website"},"primaryImageOfPage":{"@id":"https:\/\/svetslik.si\/de\/vasilij-kandinski-de\/with-the-black-arch-mit-dem-schwarzen-bogen\/#primaryimage"},"image":{"@id":"https:\/\/svetslik.si\/de\/vasilij-kandinski-de\/with-the-black-arch-mit-dem-schwarzen-bogen\/#primaryimage"},"thumbnailUrl":"https:\/\/svetslik.si\/wp-content\/uploads\/2021\/08\/image_With-the-Black-Arch-Mit-dem-Schwarzen-Bogen_680.jpg","datePublished":"2021-09-02T15:57:09+00:00","dateModified":"2026-03-22T19:05:22+00:00","description":"Vasilij Kandinski - With the Black Arch (Mit dem Schwarzen Bogen) - 100% handgemalte Gem\u00e4lde - Verkauf von Reproduktionen ber\u00fchmter Gem\u00e4lde und abstrakter Kunst - Wandbilder f\u00fcr das Wohnzimmer","breadcrumb":{"@id":"https:\/\/svetslik.si\/de\/vasilij-kandinski-de\/with-the-black-arch-mit-dem-schwarzen-bogen\/#breadcrumb"},"inLanguage":"de","potentialAction":[{"@type":"ReadAction","target":["https:\/\/svetslik.si\/de\/vasilij-kandinski-de\/with-the-black-arch-mit-dem-schwarzen-bogen\/"]}]},{"@type":"ImageObject","inLanguage":"de","@id":"https:\/\/svetslik.si\/de\/vasilij-kandinski-de\/with-the-black-arch-mit-dem-schwarzen-bogen\/#primaryimage","url":"https:\/\/svetslik.si\/wp-content\/uploads\/2021\/08\/image_With-the-Black-Arch-Mit-dem-Schwarzen-Bogen_680.jpg","contentUrl":"https:\/\/svetslik.si\/wp-content\/uploads\/2021\/08\/image_With-the-Black-Arch-Mit-dem-Schwarzen-Bogen_680.jpg","width":1072,"height":1024,"caption":"Vasilij Kandinski - With the Black Arch (Mit dem Schwarzen Bogen) Gem\u00e4lde, Leinwandbilder - 100% handgemalte, Reproduktionen ber\u00fchmter Gem\u00e4lde, Gem\u00e4lde kaufen, Wandbilder Wohnzimmer, ber\u00fchmtes Gem\u00e4lde, \u00d6lgem\u00e4lde, Bilderrahmen"},{"@type":"BreadcrumbList","@id":"https:\/\/svetslik.si\/de\/vasilij-kandinski-de\/with-the-black-arch-mit-dem-schwarzen-bogen\/#breadcrumb","itemListElement":[{"@type":"ListItem","position":1,"name":"Wandkunst und Gem\u00e4lde auf Leinwand","item":"https:\/\/svetslik.si\/de\/"},{"@type":"ListItem","position":2,"name":"Verkauf von Gem\u00e4lden","item":"https:\/\/svetslik.si\/prodaja-slik\/"},{"@type":"ListItem","position":3,"name":"Vasilij Kandinski &#8211; With the Black Arch (Mit dem Schwarzen Bogen)"}]},{"@type":"WebSite","@id":"https:\/\/svetslik.si\/de\/#website","url":"https:\/\/svetslik.si\/de\/","name":"SVETSLIK.SI","description":"100% handgemalte Reproduktionen von Gem\u00e4lden ber\u00fchmter Maler und Gem\u00e4lde auf Leinwand.","publisher":{"@id":"https:\/\/svetslik.si\/de\/#organization"},"potentialAction":[{"@type":"SearchAction","target":{"@type":"EntryPoint","urlTemplate":"https:\/\/svetslik.si\/de\/?s={search_term_string}"},"query-input":{"@type":"PropertyValueSpecification","valueRequired":true,"valueName":"search_term_string"}}],"inLanguage":"de"},{"@type":"Organization","@id":"https:\/\/svetslik.si\/de\/#organization","name":"SvetSlik.si","url":"https:\/\/svetslik.si\/de\/","logo":{"@type":"ImageObject","inLanguage":"de","@id":"https:\/\/svetslik.si\/de\/#\/schema\/logo\/image\/","url":"https:\/\/svetslik.si\/wp-content\/uploads\/2020\/12\/logo-512.png","contentUrl":"https:\/\/svetslik.si\/wp-content\/uploads\/2020\/12\/logo-512.png","width":512,"height":512,"caption":"SvetSlik.si"},"image":{"@id":"https:\/\/svetslik.si\/de\/#\/schema\/logo\/image\/"},"sameAs":["https:\/\/www.facebook.com\/svetslik.si","https:\/\/x.com\/svetslik","https:\/\/www.instagram.com\/svetslik.si\/","https:\/\/www.linkedin.com\/company\/svetslik-si"]}]},"og_availability":"backorder","product_availability":"available for order","product_retailer_item_id":"317__","product_condition":"new"},"jetpack_sharing_enabled":true,"_links":{"self":[{"href":"https:\/\/svetslik.si\/de\/wp-json\/wp\/v2\/product\/67970","targetHints":{"allow":["GET"]}}],"collection":[{"href":"https:\/\/svetslik.si\/de\/wp-json\/wp\/v2\/product"}],"about":[{"href":"https:\/\/svetslik.si\/de\/wp-json\/wp\/v2\/types\/product"}],"wp:featuredmedia":[{"embeddable":true,"href":"https:\/\/svetslik.si\/de\/wp-json\/wp\/v2\/media\/63285"}],"wp:attachment":[{"href":"https:\/\/svetslik.si\/de\/wp-json\/wp\/v2\/media?parent=67970"}],"wp:term":[{"taxonomy":"product_brand","embeddable":true,"href":"https:\/\/svetslik.si\/de\/wp-json\/wp\/v2\/product_brand?post=67970"},{"taxonomy":"product_cat","embeddable":true,"href":"https:\/\/svetslik.si\/de\/wp-json\/wp\/v2\/product_cat?post=67970"},{"taxonomy":"product_tag","embeddable":true,"href":"https:\/\/svetslik.si\/de\/wp-json\/wp\/v2\/product_tag?post=67970"}],"curies":[{"name":"wp","href":"https:\/\/api.w.org\/{rel}","templated":true}]}}