{"id":67979,"date":"2021-09-02T17:57:21","date_gmt":"2021-09-02T15:57:21","guid":{"rendered":"https:\/\/svetslik.si\/unkategorisiert\/painting-with-white-border-moscow-bild-mit-weisem-rand-moskau\/"},"modified":"2026-03-22T20:05:22","modified_gmt":"2026-03-22T19:05:22","slug":"painting-with-white-border-moscow-bild-mit-weisem-rand-moskau","status":"publish","type":"product","link":"https:\/\/svetslik.si\/de\/vasilij-kandinski-de\/painting-with-white-border-moscow-bild-mit-weisem-rand-moskau\/","title":{"rendered":"Vasilij Kandinski &#8211; Painting with White Border (Moscow) (Bild mit wei\u00dfem Rand [Moskau])"},"content":{"rendered":"<h1>Wassili Kandinsky \u2013 Gem\u00e4lde mit wei\u00dfem Rand (Moskau) (Bild mit wei\u00dfem Rand [Moskau])<\/h1>\n<p>&nbsp;<\/p>\n<table style=\"width: 673px\" border=\"0\" width=\"673\" cellpadding=\"0\">\n<tbody>\n<tr>\n<td style=\"width: 180px;height: 21px\" height=\"21\">Erstellungsjahr:<\/td>\n<td style=\"width: 493px\">1913<\/td>\n<\/tr>\n<tr>\n<td style=\"width: 180px;height: 21px\" height=\"21\">Originalgr\u00f6\u00dfe:<\/td>\n<td style=\"width: 493px\">200,3 cm x 140,3 cm<\/td>\n<\/tr>\n<tr>\n<td style=\"width: 180px;height: 21px\" height=\"21\">Lackstil:<\/td>\n<td style=\"width: 493px\">Abstrakte Kunst<\/td>\n<\/tr>\n<tr>\n<td style=\"width: 180px;height: 21px\" height=\"21\">Originaltechnik:<\/td>\n<td>\u00d6l auf Leinwand<\/td>\n<\/tr>\n<tr>\n<td style=\"width: 180px;height: 21px\" height=\"21\">Standort:<\/td>\n<td>Guggenheim Museum, New York<\/td>\n<\/tr>\n<\/tbody>\n<colgroup>\n<col \/>\n<col \/> <\/colgroup>\n<\/table>\n<p>&nbsp;<\/p>\n<p>Wassily Kandinsky gilt als eine der bedeutendsten Figuren in der Entwicklung der abstrakten Kunst. Eines seiner bedeutendsten Werke ist \u201eBild mit wei\u00dfem Rand (Moskau)\u201c, das sich derzeit in der Sammlung der Staatlichen Tretjakow-Galerie in Moskau befindet.<\/p>\n<p>Dieses Gem\u00e4lde ist ein hervorragendes Beispiel f\u00fcr Kandinskys reifen Abstraktionsstil, der sich durch k\u00fchne und dynamische Kompositionen auszeichnet. Das Gem\u00e4lde besteht \u00fcberwiegend aus Wei\u00df-, Grau- und Schwarzt\u00f6nen, wobei ein markanter wei\u00dfer Rand das Werk umrahmt. Besonders auff\u00e4llig ist die Verwendung von Wei\u00df in diesem Gem\u00e4lde, da es die anderen Farben sowohl kontrastiert als auch betont.<\/p>\n<p>Kandinskys Verwendung von Farben ist auch in diesem Gem\u00e4lde sp\u00fcrbar. Er glaubte, dass Farbe die Kraft habe, beim Betrachter Emotionen und Gef\u00fchle hervorzurufen, und in diesem Gem\u00e4lde erzeugt die Verwendung dunkler und heller Farbt\u00f6ne ein Gef\u00fchl von Bewegung und Spannung. Dies wird durch die Verwendung geometrischer Formen und Formen noch verst\u00e4rkt, die dem Werk ein Gef\u00fchl dynamischer Energie verleihen.<\/p>\n<p>Dieses Gem\u00e4lde ist ein eindrucksvolles Beispiel f\u00fcr Kandinskys F\u00e4higkeit, abstrakte Kompositionen zu schaffen, die ein Gef\u00fchl von Bewegung und Emotionen hervorrufen. Das Gem\u00e4lde ist ein Muss f\u00fcr jeden, der sich f\u00fcr die Entwicklung der abstrakten Kunst und das Werk dieses Pionierk\u00fcnstlers interessiert. Dies ist das perfekte St\u00fcck f\u00fcr jeden Kunstliebhaber, der ein abstraktes Gem\u00e4lde f\u00fcr seine Sammlung sucht, sowie f\u00fcr diejenigen, die ihr Wohnzimmer interessanter und moderner gestalten m\u00f6chten.<\/p>\n<p>Alles in allem ist \u201eBild mit wieim Rand (Moskau)\u201c ein bedeutendes Kunstwerk, das durch seine k\u00fchne Komposition und den starken Einsatz von Farbe auch heute noch das Publikum fasziniert. Es ist eine gute Wahl f\u00fcr alle, die ihrem Zuhause ein \u00fcberraschendes und zum Nachdenken anregendes St\u00fcck abstrakter Kunst hinzuf\u00fcgen m\u00f6chten.<\/p>\n","protected":false},"excerpt":{"rendered":"<p>Wassili Kandinsky \u2013 Gem\u00e4lde mit wei\u00dfem Rand (Moskau) (Bild mit wei\u00dfem Rand [Moskau]) &nbsp; Erstellungsjahr: 1913 Originalgr\u00f6\u00dfe: 200,3 cm x 140,3 cm Lackstil: Abstrakte Kunst Originaltechnik: \u00d6l auf Leinwand Standort: Guggenheim Museum, New York &nbsp; Wassily Kandinsky gilt als eine der bedeutendsten Figuren in der Entwicklung der abstrakten Kunst. Eines [&hellip;]<\/p>\n","protected":false},"featured_media":63914,"template":"","meta":{"_acf_changed":false},"product_brand":[],"product_cat":[8467],"product_tag":[8491,8492,8521,8513,8514],"class_list":{"0":"post-67979","1":"product","2":"type-product","3":"status-publish","4":"has-post-thumbnail","6":"product_cat-vasilij-kandinski-de","7":"product_tag-kandinski-de","8":"product_tag-kandinsky-de","9":"product_tag-maler","10":"product_tag-reproduktion","11":"product_tag-reproduktionen","12":"pa_dimenzija-100-x-70-cm","13":"pa_dimenzija-120-x-80-cm","14":"pa_dimenzija-140-x-100-cm","15":"pa_dimenzija-160-x-110-cm","16":"pa_dimenzija-180-x-130-cm","17":"pa_dimenzija-200-x-140-cm","18":"pa_dimenzija-70-x-50-cm","19":"pa_dimenzija-90-x-60-cm","20":"pa_oblika-horizontal-de","21":"pa_okvir-ohne-rahmen","22":"pa_podokvir-ja","23":"pa_podokvir-nein","25":"first","26":"onbackorder","27":"purchasable","28":"product-type-variable","29":"has-default-attributes"},"acf":[],"yoast_head":"<!-- This site is optimized with the Yoast SEO Premium plugin v26.0 (Yoast SEO v27.2) - https:\/\/yoast.com\/product\/yoast-seo-premium-wordpress\/ -->\n<title>Vasilij Kandinski - Painting with White Border (Moscow) (Bild mit wei\u00dfem Rand [Moskau]) - SVETSLIK.SI - 100% handgemalt<\/title>\n<meta name=\"description\" content=\"Vasilij Kandinski - Painting with White Border (Moscow) (Bild mit wei\u00dfem Rand [Moskau]) - 100% handgemalte Gem\u00e4lde - Verkauf von Reproduktionen ber\u00fchmter Gem\u00e4lde und abstrakter Kunst - Wandbilder f\u00fcr das Wohnzimmer\" \/>\n<meta name=\"robots\" content=\"index, follow, max-snippet:-1, max-image-preview:large, max-video-preview:-1\" \/>\n<link rel=\"canonical\" href=\"https:\/\/svetslik.si\/de\/vasilij-kandinski-de\/painting-with-white-border-moscow-bild-mit-weisem-rand-moskau\/\" \/>\n<meta property=\"og:locale\" content=\"de_DE\" \/>\n<meta property=\"og:type\" content=\"article\" \/>\n<meta property=\"og:title\" content=\"Vasilij Kandinski - Painting with White Border (Moscow) (Bild mit wei\u00dfem Rand [Moskau])\" \/>\n<meta property=\"og:description\" content=\"100% ro\u010dno naslikane slike na platnu, reprodukcije znanih slikarjev in umetni\u0161ke slike po naro\u010dilu.\" \/>\n<meta property=\"og:url\" content=\"https:\/\/svetslik.si\/de\/vasilij-kandinski-de\/painting-with-white-border-moscow-bild-mit-weisem-rand-moskau\/\" \/>\n<meta property=\"og:site_name\" content=\"SVETSLIK.SI\" \/>\n<meta property=\"article:publisher\" content=\"https:\/\/www.facebook.com\/svetslik.si\" \/>\n<meta property=\"article:modified_time\" content=\"2026-03-22T19:05:22+00:00\" \/>\n<meta property=\"og:image\" content=\"https:\/\/svetslik.si\/wp-content\/uploads\/2021\/08\/image_Painting-with-White-Border-Moscow-Bild-mit-weiem-Rand-Moskau_680.jpg\" \/>\n\t<meta property=\"og:image:width\" content=\"1800\" \/>\n\t<meta property=\"og:image:height\" content=\"1265\" \/>\n\t<meta property=\"og:image:type\" content=\"image\/jpeg\" \/>\n<meta name=\"twitter:card\" content=\"summary_large_image\" \/>\n<meta name=\"twitter:site\" content=\"@svetslik\" \/>\n<meta name=\"twitter:label1\" content=\"Verf\u00fcgbarkeit\" \/>\n\t<meta name=\"twitter:data1\" content=\"bei Nachbestellung\" \/>\n<script type=\"application\/ld+json\" class=\"yoast-schema-graph\">{\"@context\":\"https:\/\/schema.org\",\"@graph\":[{\"@type\":[\"WebPage\",\"ItemPage\"],\"@id\":\"https:\/\/svetslik.si\/de\/vasilij-kandinski-de\/painting-with-white-border-moscow-bild-mit-weisem-rand-moskau\/\",\"url\":\"https:\/\/svetslik.si\/de\/vasilij-kandinski-de\/painting-with-white-border-moscow-bild-mit-weisem-rand-moskau\/\",\"name\":\"Vasilij Kandinski - Painting with White Border (Moscow) (Bild mit wei\u00dfem Rand [Moskau]) - SVETSLIK.SI - 100% handgemalt\",\"isPartOf\":{\"@id\":\"https:\/\/svetslik.si\/de\/#website\"},\"primaryImageOfPage\":{\"@id\":\"https:\/\/svetslik.si\/de\/vasilij-kandinski-de\/painting-with-white-border-moscow-bild-mit-weisem-rand-moskau\/#primaryimage\"},\"image\":{\"@id\":\"https:\/\/svetslik.si\/de\/vasilij-kandinski-de\/painting-with-white-border-moscow-bild-mit-weisem-rand-moskau\/#primaryimage\"},\"thumbnailUrl\":\"https:\/\/svetslik.si\/wp-content\/uploads\/2021\/08\/image_Painting-with-White-Border-Moscow-Bild-mit-weiem-Rand-Moskau_680.jpg\",\"datePublished\":\"2021-09-02T15:57:21+00:00\",\"dateModified\":\"2026-03-22T19:05:22+00:00\",\"description\":\"Vasilij Kandinski - Painting with White Border (Moscow) (Bild mit wei\u00dfem Rand [Moskau]) - 100% handgemalte Gem\u00e4lde - Verkauf von Reproduktionen ber\u00fchmter Gem\u00e4lde und abstrakter Kunst - Wandbilder f\u00fcr das Wohnzimmer\",\"breadcrumb\":{\"@id\":\"https:\/\/svetslik.si\/de\/vasilij-kandinski-de\/painting-with-white-border-moscow-bild-mit-weisem-rand-moskau\/#breadcrumb\"},\"inLanguage\":\"de\",\"potentialAction\":[{\"@type\":\"ReadAction\",\"target\":[\"https:\/\/svetslik.si\/de\/vasilij-kandinski-de\/painting-with-white-border-moscow-bild-mit-weisem-rand-moskau\/\"]}]},{\"@type\":\"ImageObject\",\"inLanguage\":\"de\",\"@id\":\"https:\/\/svetslik.si\/de\/vasilij-kandinski-de\/painting-with-white-border-moscow-bild-mit-weisem-rand-moskau\/#primaryimage\",\"url\":\"https:\/\/svetslik.si\/wp-content\/uploads\/2021\/08\/image_Painting-with-White-Border-Moscow-Bild-mit-weiem-Rand-Moskau_680.jpg\",\"contentUrl\":\"https:\/\/svetslik.si\/wp-content\/uploads\/2021\/08\/image_Painting-with-White-Border-Moscow-Bild-mit-weiem-Rand-Moskau_680.jpg\",\"width\":1800,\"height\":1265,\"caption\":\"Vasilij Kandinski - Painting with White Border (Moscow) (Bild mit wei\u00dfem Rand [Moskau]) Gem\u00e4lde, Leinwandbilder - 100% handgemalte, Reproduktionen ber\u00fchmter Gem\u00e4lde, Gem\u00e4lde kaufen, Wandbilder Wohnzimmer, ber\u00fchmtes Gem\u00e4lde, \u00d6lgem\u00e4lde, Bilderrahmen\"},{\"@type\":\"BreadcrumbList\",\"@id\":\"https:\/\/svetslik.si\/de\/vasilij-kandinski-de\/painting-with-white-border-moscow-bild-mit-weisem-rand-moskau\/#breadcrumb\",\"itemListElement\":[{\"@type\":\"ListItem\",\"position\":1,\"name\":\"Wandkunst und Gem\u00e4lde auf Leinwand\",\"item\":\"https:\/\/svetslik.si\/de\/\"},{\"@type\":\"ListItem\",\"position\":2,\"name\":\"Verkauf von Gem\u00e4lden\",\"item\":\"https:\/\/svetslik.si\/prodaja-slik\/\"},{\"@type\":\"ListItem\",\"position\":3,\"name\":\"Vasilij Kandinski &#8211; Painting with White Border (Moscow) (Bild mit wei\u00dfem Rand [Moskau])\"}]},{\"@type\":\"WebSite\",\"@id\":\"https:\/\/svetslik.si\/de\/#website\",\"url\":\"https:\/\/svetslik.si\/de\/\",\"name\":\"SVETSLIK.SI\",\"description\":\"100% handgemalte Reproduktionen von Gem\u00e4lden ber\u00fchmter Maler und Gem\u00e4lde auf Leinwand.\",\"publisher\":{\"@id\":\"https:\/\/svetslik.si\/de\/#organization\"},\"potentialAction\":[{\"@type\":\"SearchAction\",\"target\":{\"@type\":\"EntryPoint\",\"urlTemplate\":\"https:\/\/svetslik.si\/de\/?s={search_term_string}\"},\"query-input\":{\"@type\":\"PropertyValueSpecification\",\"valueRequired\":true,\"valueName\":\"search_term_string\"}}],\"inLanguage\":\"de\"},{\"@type\":\"Organization\",\"@id\":\"https:\/\/svetslik.si\/de\/#organization\",\"name\":\"SvetSlik.si\",\"url\":\"https:\/\/svetslik.si\/de\/\",\"logo\":{\"@type\":\"ImageObject\",\"inLanguage\":\"de\",\"@id\":\"https:\/\/svetslik.si\/de\/#\/schema\/logo\/image\/\",\"url\":\"https:\/\/svetslik.si\/wp-content\/uploads\/2020\/12\/logo-512.png\",\"contentUrl\":\"https:\/\/svetslik.si\/wp-content\/uploads\/2020\/12\/logo-512.png\",\"width\":512,\"height\":512,\"caption\":\"SvetSlik.si\"},\"image\":{\"@id\":\"https:\/\/svetslik.si\/de\/#\/schema\/logo\/image\/\"},\"sameAs\":[\"https:\/\/www.facebook.com\/svetslik.si\",\"https:\/\/x.com\/svetslik\",\"https:\/\/www.instagram.com\/svetslik.si\/\",\"https:\/\/www.linkedin.com\/company\/svetslik-si\"]}]}<\/script>\n<meta property=\"og:availability\" content=\"backorder\" \/>\n<meta property=\"product:availability\" content=\"available for order\" \/>\n<meta property=\"product:retailer_item_id\" content=\"318__\" \/>\n<meta property=\"product:condition\" content=\"new\" \/>\n<!-- \/ Yoast SEO Premium plugin. -->","yoast_head_json":{"title":"Vasilij Kandinski - Painting with White Border (Moscow) (Bild mit wei\u00dfem Rand [Moskau]) - SVETSLIK.SI - 100% handgemalt","description":"Vasilij Kandinski - Painting with White Border (Moscow) (Bild mit wei\u00dfem Rand [Moskau]) - 100% handgemalte Gem\u00e4lde - Verkauf von Reproduktionen ber\u00fchmter Gem\u00e4lde und abstrakter Kunst - Wandbilder f\u00fcr das Wohnzimmer","robots":{"index":"index","follow":"follow","max-snippet":"max-snippet:-1","max-image-preview":"max-image-preview:large","max-video-preview":"max-video-preview:-1"},"canonical":"https:\/\/svetslik.si\/de\/vasilij-kandinski-de\/painting-with-white-border-moscow-bild-mit-weisem-rand-moskau\/","og_locale":"de_DE","og_type":"article","og_title":"Vasilij Kandinski - Painting with White Border (Moscow) (Bild mit wei\u00dfem Rand [Moskau])","og_description":"100% ro\u010dno naslikane slike na platnu, reprodukcije znanih slikarjev in umetni\u0161ke slike po naro\u010dilu.","og_url":"https:\/\/svetslik.si\/de\/vasilij-kandinski-de\/painting-with-white-border-moscow-bild-mit-weisem-rand-moskau\/","og_site_name":"SVETSLIK.SI","article_publisher":"https:\/\/www.facebook.com\/svetslik.si","article_modified_time":"2026-03-22T19:05:22+00:00","og_image":[{"width":1800,"height":1265,"url":"https:\/\/svetslik.si\/wp-content\/uploads\/2021\/08\/image_Painting-with-White-Border-Moscow-Bild-mit-weiem-Rand-Moskau_680.jpg","type":"image\/jpeg"}],"twitter_card":"summary_large_image","twitter_site":"@svetslik","twitter_misc":{"Verf\u00fcgbarkeit":"bei Nachbestellung"},"schema":{"@context":"https:\/\/schema.org","@graph":[{"@type":["WebPage","ItemPage"],"@id":"https:\/\/svetslik.si\/de\/vasilij-kandinski-de\/painting-with-white-border-moscow-bild-mit-weisem-rand-moskau\/","url":"https:\/\/svetslik.si\/de\/vasilij-kandinski-de\/painting-with-white-border-moscow-bild-mit-weisem-rand-moskau\/","name":"Vasilij Kandinski - Painting with White Border (Moscow) (Bild mit wei\u00dfem Rand [Moskau]) - SVETSLIK.SI - 100% handgemalt","isPartOf":{"@id":"https:\/\/svetslik.si\/de\/#website"},"primaryImageOfPage":{"@id":"https:\/\/svetslik.si\/de\/vasilij-kandinski-de\/painting-with-white-border-moscow-bild-mit-weisem-rand-moskau\/#primaryimage"},"image":{"@id":"https:\/\/svetslik.si\/de\/vasilij-kandinski-de\/painting-with-white-border-moscow-bild-mit-weisem-rand-moskau\/#primaryimage"},"thumbnailUrl":"https:\/\/svetslik.si\/wp-content\/uploads\/2021\/08\/image_Painting-with-White-Border-Moscow-Bild-mit-weiem-Rand-Moskau_680.jpg","datePublished":"2021-09-02T15:57:21+00:00","dateModified":"2026-03-22T19:05:22+00:00","description":"Vasilij Kandinski - Painting with White Border (Moscow) (Bild mit wei\u00dfem Rand [Moskau]) - 100% handgemalte Gem\u00e4lde - Verkauf von Reproduktionen ber\u00fchmter Gem\u00e4lde und abstrakter Kunst - Wandbilder f\u00fcr das Wohnzimmer","breadcrumb":{"@id":"https:\/\/svetslik.si\/de\/vasilij-kandinski-de\/painting-with-white-border-moscow-bild-mit-weisem-rand-moskau\/#breadcrumb"},"inLanguage":"de","potentialAction":[{"@type":"ReadAction","target":["https:\/\/svetslik.si\/de\/vasilij-kandinski-de\/painting-with-white-border-moscow-bild-mit-weisem-rand-moskau\/"]}]},{"@type":"ImageObject","inLanguage":"de","@id":"https:\/\/svetslik.si\/de\/vasilij-kandinski-de\/painting-with-white-border-moscow-bild-mit-weisem-rand-moskau\/#primaryimage","url":"https:\/\/svetslik.si\/wp-content\/uploads\/2021\/08\/image_Painting-with-White-Border-Moscow-Bild-mit-weiem-Rand-Moskau_680.jpg","contentUrl":"https:\/\/svetslik.si\/wp-content\/uploads\/2021\/08\/image_Painting-with-White-Border-Moscow-Bild-mit-weiem-Rand-Moskau_680.jpg","width":1800,"height":1265,"caption":"Vasilij Kandinski - Painting with White Border (Moscow) (Bild mit wei\u00dfem Rand [Moskau]) Gem\u00e4lde, Leinwandbilder - 100% handgemalte, Reproduktionen ber\u00fchmter Gem\u00e4lde, Gem\u00e4lde kaufen, Wandbilder Wohnzimmer, ber\u00fchmtes Gem\u00e4lde, \u00d6lgem\u00e4lde, Bilderrahmen"},{"@type":"BreadcrumbList","@id":"https:\/\/svetslik.si\/de\/vasilij-kandinski-de\/painting-with-white-border-moscow-bild-mit-weisem-rand-moskau\/#breadcrumb","itemListElement":[{"@type":"ListItem","position":1,"name":"Wandkunst und Gem\u00e4lde auf Leinwand","item":"https:\/\/svetslik.si\/de\/"},{"@type":"ListItem","position":2,"name":"Verkauf von Gem\u00e4lden","item":"https:\/\/svetslik.si\/prodaja-slik\/"},{"@type":"ListItem","position":3,"name":"Vasilij Kandinski &#8211; Painting with White Border (Moscow) (Bild mit wei\u00dfem Rand [Moskau])"}]},{"@type":"WebSite","@id":"https:\/\/svetslik.si\/de\/#website","url":"https:\/\/svetslik.si\/de\/","name":"SVETSLIK.SI","description":"100% handgemalte Reproduktionen von Gem\u00e4lden ber\u00fchmter Maler und Gem\u00e4lde auf Leinwand.","publisher":{"@id":"https:\/\/svetslik.si\/de\/#organization"},"potentialAction":[{"@type":"SearchAction","target":{"@type":"EntryPoint","urlTemplate":"https:\/\/svetslik.si\/de\/?s={search_term_string}"},"query-input":{"@type":"PropertyValueSpecification","valueRequired":true,"valueName":"search_term_string"}}],"inLanguage":"de"},{"@type":"Organization","@id":"https:\/\/svetslik.si\/de\/#organization","name":"SvetSlik.si","url":"https:\/\/svetslik.si\/de\/","logo":{"@type":"ImageObject","inLanguage":"de","@id":"https:\/\/svetslik.si\/de\/#\/schema\/logo\/image\/","url":"https:\/\/svetslik.si\/wp-content\/uploads\/2020\/12\/logo-512.png","contentUrl":"https:\/\/svetslik.si\/wp-content\/uploads\/2020\/12\/logo-512.png","width":512,"height":512,"caption":"SvetSlik.si"},"image":{"@id":"https:\/\/svetslik.si\/de\/#\/schema\/logo\/image\/"},"sameAs":["https:\/\/www.facebook.com\/svetslik.si","https:\/\/x.com\/svetslik","https:\/\/www.instagram.com\/svetslik.si\/","https:\/\/www.linkedin.com\/company\/svetslik-si"]}]},"og_availability":"backorder","product_availability":"available for order","product_retailer_item_id":"318__","product_condition":"new"},"jetpack_sharing_enabled":true,"_links":{"self":[{"href":"https:\/\/svetslik.si\/de\/wp-json\/wp\/v2\/product\/67979","targetHints":{"allow":["GET"]}}],"collection":[{"href":"https:\/\/svetslik.si\/de\/wp-json\/wp\/v2\/product"}],"about":[{"href":"https:\/\/svetslik.si\/de\/wp-json\/wp\/v2\/types\/product"}],"wp:featuredmedia":[{"embeddable":true,"href":"https:\/\/svetslik.si\/de\/wp-json\/wp\/v2\/media\/63914"}],"wp:attachment":[{"href":"https:\/\/svetslik.si\/de\/wp-json\/wp\/v2\/media?parent=67979"}],"wp:term":[{"taxonomy":"product_brand","embeddable":true,"href":"https:\/\/svetslik.si\/de\/wp-json\/wp\/v2\/product_brand?post=67979"},{"taxonomy":"product_cat","embeddable":true,"href":"https:\/\/svetslik.si\/de\/wp-json\/wp\/v2\/product_cat?post=67979"},{"taxonomy":"product_tag","embeddable":true,"href":"https:\/\/svetslik.si\/de\/wp-json\/wp\/v2\/product_tag?post=67979"}],"curies":[{"name":"wp","href":"https:\/\/api.w.org\/{rel}","templated":true}]}}