{"id":68095,"date":"2021-09-02T17:58:39","date_gmt":"2021-09-02T15:58:39","guid":{"rendered":"https:\/\/svetslik.si\/unkategorisiert\/ambroise-vollard\/"},"modified":"2026-03-22T20:07:42","modified_gmt":"2026-03-22T19:07:42","slug":"ambroise-vollard","status":"publish","type":"product","link":"https:\/\/svetslik.si\/de\/pablo-picasso-de\/ambroise-vollard\/","title":{"rendered":"Pablo Picasso &#8211; Ambroise Vollard"},"content":{"rendered":"<div class=\"wpb-content-wrapper\">[vc_row css=&#8221;.vc_custom_1773997795199{margin-bottom: 10px !important;}&#8221;][vc_column]\t<div class=\"et-image-546 et-image     et_image_link\">\n\t\t<div class=\"et-image-inner \">\n\t\t\t\t\t\t\t<div class=\"et-image-thumb \">\n\t\t\t\t\t<img decoding=\"async\" width=\"1500\" height=\"1593\" src=\"https:\/\/svetslik.si\/wp-content\/uploads\/2021\/09\/Pablo-Picasso-\u2013-Ambroise-Vollard-umetniska-slika.jpg\" class=\"attachment-full\" alt=\"Pablo Picasso - Ambroise Vollard\" title=\"Pablo Picasso - Ambroise Vollard\" srcset=\"https:\/\/svetslik.si\/wp-content\/uploads\/2021\/09\/Pablo-Picasso-\u2013-Ambroise-Vollard-umetniska-slika.jpg 1500w, https:\/\/svetslik.si\/wp-content\/uploads\/2021\/09\/Pablo-Picasso-\u2013-Ambroise-Vollard-umetniska-slika-282x300.jpg 282w, https:\/\/svetslik.si\/wp-content\/uploads\/2021\/09\/Pablo-Picasso-\u2013-Ambroise-Vollard-umetniska-slika-964x1024.jpg 964w, https:\/\/svetslik.si\/wp-content\/uploads\/2021\/09\/Pablo-Picasso-\u2013-Ambroise-Vollard-umetniska-slika-768x816.jpg 768w, https:\/\/svetslik.si\/wp-content\/uploads\/2021\/09\/Pablo-Picasso-\u2013-Ambroise-Vollard-umetniska-slika-1446x1536.jpg 1446w, https:\/\/svetslik.si\/wp-content\/uploads\/2021\/09\/Pablo-Picasso-\u2013-Ambroise-Vollard-umetniska-slika-141x150.jpg 141w, https:\/\/svetslik.si\/wp-content\/uploads\/2021\/09\/Pablo-Picasso-\u2013-Ambroise-Vollard-umetniska-slika-600x637.jpg 600w, https:\/\/svetslik.si\/wp-content\/uploads\/2021\/09\/Pablo-Picasso-\u2013-Ambroise-Vollard-umetniska-slika-1200x1274.jpg 1200w\" sizes=\"(max-width: 1500px) 100vw, 1500px\" \/>\t\t\t\t<\/div>\n\t\t\t\t\t\t\t\t\t\t\t<\/div>\n\t<\/div>\n  [\/vc_column][\/vc_row][vc_row css=&#8221;.vc_custom_1773997795199{margin-bottom: 10px !important;}&#8221;][vc_column]\t<div class=\"et-image-157 et-image     et_image_link\">\n\t\t<div class=\"et-image-inner \">\n\t\t\t\t\t\t\t<div class=\"et-image-thumb \">\n\t\t\t\t\t<img decoding=\"async\" width=\"1500\" height=\"2120\" src=\"https:\/\/svetslik.si\/wp-content\/uploads\/2021\/09\/Pablo-Picasso-\u2013-Ambroise-Vollard-umetniska-slika.webp\" class=\"attachment-full\" alt=\"Pablo Picasso - Ambroise Vollard\" title=\"Pablo Picasso - Ambroise Vollard\" srcset=\"https:\/\/svetslik.si\/wp-content\/uploads\/2021\/09\/Pablo-Picasso-\u2013-Ambroise-Vollard-umetniska-slika.webp 1500w, https:\/\/svetslik.si\/wp-content\/uploads\/2021\/09\/Pablo-Picasso-\u2013-Ambroise-Vollard-umetniska-slika-212x300.webp 212w, https:\/\/svetslik.si\/wp-content\/uploads\/2021\/09\/Pablo-Picasso-\u2013-Ambroise-Vollard-umetniska-slika-725x1024.webp 725w, https:\/\/svetslik.si\/wp-content\/uploads\/2021\/09\/Pablo-Picasso-\u2013-Ambroise-Vollard-umetniska-slika-768x1085.webp 768w, https:\/\/svetslik.si\/wp-content\/uploads\/2021\/09\/Pablo-Picasso-\u2013-Ambroise-Vollard-umetniska-slika-1087x1536.webp 1087w, https:\/\/svetslik.si\/wp-content\/uploads\/2021\/09\/Pablo-Picasso-\u2013-Ambroise-Vollard-umetniska-slika-1449x2048.webp 1449w, https:\/\/svetslik.si\/wp-content\/uploads\/2021\/09\/Pablo-Picasso-\u2013-Ambroise-Vollard-umetniska-slika-106x150.webp 106w, https:\/\/svetslik.si\/wp-content\/uploads\/2021\/09\/Pablo-Picasso-\u2013-Ambroise-Vollard-umetniska-slika-600x848.webp 600w, https:\/\/svetslik.si\/wp-content\/uploads\/2021\/09\/Pablo-Picasso-\u2013-Ambroise-Vollard-umetniska-slika-1200x1696.webp 1200w\" sizes=\"(max-width: 1500px) 100vw, 1500px\" \/>\t\t\t\t<\/div>\n\t\t\t\t\t\t\t\t\t\t\t<\/div>\n\t<\/div>\n  [\/vc_column][\/vc_row][vc_row css=&#8221;.vc_custom_1773997795199{margin-bottom: 10px !important;}&#8221;][vc_column]\t<div class=\"et-image-221 et-image     et_image_link\">\n\t\t<div class=\"et-image-inner \">\n\t\t\t\t\t\t\t<div class=\"et-image-thumb \">\n\t\t\t\t\t<img decoding=\"async\" width=\"1500\" height=\"1125\" src=\"https:\/\/svetslik.si\/wp-content\/uploads\/2021\/09\/Pablo-Picasso-\u2013-Ambroise-Vollard-umetniska-slika-2.webp\" class=\"attachment-full\" alt=\"Pablo Picasso - Ambroise Vollard\" title=\"Pablo Picasso - Ambroise Vollard\" srcset=\"https:\/\/svetslik.si\/wp-content\/uploads\/2021\/09\/Pablo-Picasso-\u2013-Ambroise-Vollard-umetniska-slika-2.webp 1500w, https:\/\/svetslik.si\/wp-content\/uploads\/2021\/09\/Pablo-Picasso-\u2013-Ambroise-Vollard-umetniska-slika-2-300x225.webp 300w, https:\/\/svetslik.si\/wp-content\/uploads\/2021\/09\/Pablo-Picasso-\u2013-Ambroise-Vollard-umetniska-slika-2-1024x768.webp 1024w, https:\/\/svetslik.si\/wp-content\/uploads\/2021\/09\/Pablo-Picasso-\u2013-Ambroise-Vollard-umetniska-slika-2-768x576.webp 768w, https:\/\/svetslik.si\/wp-content\/uploads\/2021\/09\/Pablo-Picasso-\u2013-Ambroise-Vollard-umetniska-slika-2-150x113.webp 150w, https:\/\/svetslik.si\/wp-content\/uploads\/2021\/09\/Pablo-Picasso-\u2013-Ambroise-Vollard-umetniska-slika-2-600x450.webp 600w, https:\/\/svetslik.si\/wp-content\/uploads\/2021\/09\/Pablo-Picasso-\u2013-Ambroise-Vollard-umetniska-slika-2-1200x900.webp 1200w\" sizes=\"(max-width: 1500px) 100vw, 1500px\" \/>\t\t\t\t<\/div>\n\t\t\t\t\t\t\t\t\t\t\t<\/div>\n\t<\/div>\n  [\/vc_column][\/vc_row][vc_row][vc_column][vc_column_text]\n<h1>Pablo Picasso \u2013 Ambroise Vollard<\/h1>\n<p>&nbsp;<\/p>\n<table style=\"width: 673px;\" border=\"0\" width=\"673\" cellpadding=\"0\">\n<tbody>\n<tr>\n<td style=\"width: 180px; height: 21px;\" height=\"21\">Jahr der Erstellung:<\/td>\n<td style=\"width: 493px;\">1910<\/td>\n<\/tr>\n<tr>\n<td style=\"width: 180px; height: 21px;\" height=\"21\">Originalgr\u00f6\u00dfe:<\/td>\n<td style=\"width: 493px;\">65 cm x 92 cm<\/td>\n<\/tr>\n<tr>\n<td style=\"width: 180px; height: 21px;\" height=\"21\">Malstil:<\/td>\n<td style=\"width: 493px;\">Moderne<\/td>\n<\/tr>\n<tr>\n<td style=\"width: 180px; height: 21px;\" height=\"21\">Originaltechnik:<\/td>\n<td>\u00d6l auf Leinwand<\/td>\n<\/tr>\n<tr>\n<td style=\"width: 180px; height: 21px;\" height=\"21\">Gefunden:<\/td>\n<td>Puschkin-Museum der Sch\u00f6nen K\u00fcnste, Moskau<\/td>\n<\/tr>\n<\/tbody>\n<colgroup> <\/colgroup>\n<\/table>\n[\/vc_column_text][\/vc_column][\/vc_row]\n<\/div>","protected":false},"excerpt":{"rendered":"<p>[vc_row css=&#8221;.vc_custom_1773997795199{margin-bottom: 10px !important;}&#8221;][vc_column][\/vc_column][\/vc_row][vc_row css=&#8221;.vc_custom_1773997795199{margin-bottom: 10px !important;}&#8221;][vc_column][\/vc_column][\/vc_row][vc_row css=&#8221;.vc_custom_1773997795199{margin-bottom: 10px !important;}&#8221;][vc_column][\/vc_column][\/vc_row][vc_row][vc_column][vc_column_text] Pablo Picasso \u2013 Ambroise Vollard &nbsp; Jahr der Erstellung: 1910 Originalgr\u00f6\u00dfe: 65 cm x 92 cm Malstil: Moderne Originaltechnik: \u00d6l auf Leinwand Gefunden: Puschkin-Museum der Sch\u00f6nen K\u00fcnste, Moskau [\/vc_column_text][\/vc_column][\/vc_row]<\/p>\n","protected":false},"featured_media":63373,"template":"","meta":{"_acf_changed":false},"product_brand":[],"product_cat":[8451],"product_tag":[8521,8506,8513,8514],"class_list":{"0":"post-68095","1":"product","2":"type-product","3":"status-publish","4":"has-post-thumbnail","6":"product_cat-pablo-picasso-de","7":"product_tag-maler","8":"product_tag-picasso-de","9":"product_tag-reproduktion","10":"product_tag-reproduktionen","11":"pa_dimenzija-100-x-140-cm-de","12":"pa_dimenzija-110-x-160-cm-de","13":"pa_dimenzija-130-x-180-cm-de","14":"pa_dimenzija-40-x-60-cm-de","15":"pa_dimenzija-50-x-70-cm-de","16":"pa_dimenzija-65-x-92-cm-de","17":"pa_dimenzija-80-x-110-cm-de","18":"pa_dimenzija-90-x-130-cm-de","19":"pa_oblika-vertikal","20":"pa_okvir-ohne-rahmen","21":"pa_podokvir-ja","22":"pa_podokvir-nein","24":"first","25":"instock","26":"purchasable","27":"product-type-variable","28":"has-default-attributes"},"acf":[],"yoast_head":"<!-- This site is optimized with the Yoast SEO Premium plugin v26.0 (Yoast SEO v27.2) - https:\/\/yoast.com\/product\/yoast-seo-premium-wordpress\/ -->\n<title>Pablo Picasso - Ambroise Vollard - SVETSLIK.SI - 100% handgemalt<\/title>\n<meta name=\"description\" content=\"Pablo Picasso - Ambroise Vollard - 100% handgemalte Gem\u00e4lde - Verkauf von Reproduktionen ber\u00fchmter Gem\u00e4lde und abstrakter Kunst - Wandbilder f\u00fcr das Wohnzimmer\" \/>\n<meta name=\"robots\" content=\"index, follow, max-snippet:-1, max-image-preview:large, max-video-preview:-1\" \/>\n<link rel=\"canonical\" href=\"https:\/\/svetslik.si\/de\/pablo-picasso-de\/ambroise-vollard\/\" \/>\n<meta property=\"og:locale\" content=\"de_DE\" \/>\n<meta property=\"og:type\" content=\"article\" \/>\n<meta property=\"og:title\" content=\"Pablo Picasso - Ambroise Vollard\" \/>\n<meta property=\"og:description\" content=\"100% ro\u010dno naslikane slike na platnu, reprodukcije znanih slikarjev in umetni\u0161ke slike po naro\u010dilu.\" \/>\n<meta property=\"og:url\" content=\"https:\/\/svetslik.si\/de\/pablo-picasso-de\/ambroise-vollard\/\" \/>\n<meta property=\"og:site_name\" content=\"SVETSLIK.SI\" \/>\n<meta property=\"article:publisher\" content=\"https:\/\/www.facebook.com\/svetslik.si\" \/>\n<meta property=\"article:modified_time\" content=\"2026-03-22T19:07:42+00:00\" \/>\n<meta property=\"og:image\" content=\"https:\/\/svetslik.si\/wp-content\/uploads\/2021\/08\/image_Ambroise-Vollard_680.jpg\" \/>\n\t<meta property=\"og:image:width\" content=\"1535\" \/>\n\t<meta property=\"og:image:height\" content=\"2048\" \/>\n\t<meta property=\"og:image:type\" content=\"image\/jpeg\" \/>\n<meta name=\"twitter:card\" content=\"summary_large_image\" \/>\n<meta name=\"twitter:site\" content=\"@svetslik\" \/>\n<meta name=\"twitter:label1\" content=\"Verf\u00fcgbarkeit\" \/>\n\t<meta name=\"twitter:data1\" content=\"Auf Lager\" \/>\n<script type=\"application\/ld+json\" class=\"yoast-schema-graph\">{\"@context\":\"https:\/\/schema.org\",\"@graph\":[{\"@type\":[\"WebPage\",\"ItemPage\"],\"@id\":\"https:\/\/svetslik.si\/de\/pablo-picasso-de\/ambroise-vollard\/\",\"url\":\"https:\/\/svetslik.si\/de\/pablo-picasso-de\/ambroise-vollard\/\",\"name\":\"Pablo Picasso - Ambroise Vollard - SVETSLIK.SI - 100% handgemalt\",\"isPartOf\":{\"@id\":\"https:\/\/svetslik.si\/de\/#website\"},\"primaryImageOfPage\":{\"@id\":\"https:\/\/svetslik.si\/de\/pablo-picasso-de\/ambroise-vollard\/#primaryimage\"},\"image\":{\"@id\":\"https:\/\/svetslik.si\/de\/pablo-picasso-de\/ambroise-vollard\/#primaryimage\"},\"thumbnailUrl\":\"https:\/\/svetslik.si\/wp-content\/uploads\/2021\/08\/image_Ambroise-Vollard_680.jpg\",\"datePublished\":\"2021-09-02T15:58:39+00:00\",\"dateModified\":\"2026-03-22T19:07:42+00:00\",\"description\":\"Pablo Picasso - Ambroise Vollard - 100% handgemalte Gem\u00e4lde - Verkauf von Reproduktionen ber\u00fchmter Gem\u00e4lde und abstrakter Kunst - Wandbilder f\u00fcr das Wohnzimmer\",\"breadcrumb\":{\"@id\":\"https:\/\/svetslik.si\/de\/pablo-picasso-de\/ambroise-vollard\/#breadcrumb\"},\"inLanguage\":\"de\",\"potentialAction\":[{\"@type\":\"ReadAction\",\"target\":[\"https:\/\/svetslik.si\/de\/pablo-picasso-de\/ambroise-vollard\/\"]}]},{\"@type\":\"ImageObject\",\"inLanguage\":\"de\",\"@id\":\"https:\/\/svetslik.si\/de\/pablo-picasso-de\/ambroise-vollard\/#primaryimage\",\"url\":\"https:\/\/svetslik.si\/wp-content\/uploads\/2021\/08\/image_Ambroise-Vollard_680.jpg\",\"contentUrl\":\"https:\/\/svetslik.si\/wp-content\/uploads\/2021\/08\/image_Ambroise-Vollard_680.jpg\",\"width\":1535,\"height\":2048,\"caption\":\"Pierre-Auguste Renoir - Ambroise Vollard Dressed as a Toreador - Ambroise Vollard verkleidet als Torero (Gem\u00e4lde, Leinwandbilder)\"},{\"@type\":\"BreadcrumbList\",\"@id\":\"https:\/\/svetslik.si\/de\/pablo-picasso-de\/ambroise-vollard\/#breadcrumb\",\"itemListElement\":[{\"@type\":\"ListItem\",\"position\":1,\"name\":\"Wandkunst und Gem\u00e4lde auf Leinwand\",\"item\":\"https:\/\/svetslik.si\/de\/\"},{\"@type\":\"ListItem\",\"position\":2,\"name\":\"Verkauf von Gem\u00e4lden\",\"item\":\"https:\/\/svetslik.si\/prodaja-slik\/\"},{\"@type\":\"ListItem\",\"position\":3,\"name\":\"Pablo Picasso &#8211; Ambroise Vollard\"}]},{\"@type\":\"WebSite\",\"@id\":\"https:\/\/svetslik.si\/de\/#website\",\"url\":\"https:\/\/svetslik.si\/de\/\",\"name\":\"SVETSLIK.SI\",\"description\":\"100% handgemalte Reproduktionen von Gem\u00e4lden ber\u00fchmter Maler und Gem\u00e4lde auf Leinwand.\",\"publisher\":{\"@id\":\"https:\/\/svetslik.si\/de\/#organization\"},\"potentialAction\":[{\"@type\":\"SearchAction\",\"target\":{\"@type\":\"EntryPoint\",\"urlTemplate\":\"https:\/\/svetslik.si\/de\/?s={search_term_string}\"},\"query-input\":{\"@type\":\"PropertyValueSpecification\",\"valueRequired\":true,\"valueName\":\"search_term_string\"}}],\"inLanguage\":\"de\"},{\"@type\":\"Organization\",\"@id\":\"https:\/\/svetslik.si\/de\/#organization\",\"name\":\"SvetSlik.si\",\"url\":\"https:\/\/svetslik.si\/de\/\",\"logo\":{\"@type\":\"ImageObject\",\"inLanguage\":\"de\",\"@id\":\"https:\/\/svetslik.si\/de\/#\/schema\/logo\/image\/\",\"url\":\"https:\/\/svetslik.si\/wp-content\/uploads\/2020\/12\/logo-512.png\",\"contentUrl\":\"https:\/\/svetslik.si\/wp-content\/uploads\/2020\/12\/logo-512.png\",\"width\":512,\"height\":512,\"caption\":\"SvetSlik.si\"},\"image\":{\"@id\":\"https:\/\/svetslik.si\/de\/#\/schema\/logo\/image\/\"},\"sameAs\":[\"https:\/\/www.facebook.com\/svetslik.si\",\"https:\/\/x.com\/svetslik\",\"https:\/\/www.instagram.com\/svetslik.si\/\",\"https:\/\/www.linkedin.com\/company\/svetslik-si\"]}]}<\/script>\n<meta property=\"og:availability\" content=\"instock\" \/>\n<meta property=\"product:availability\" content=\"instock\" \/>\n<meta property=\"product:retailer_item_id\" content=\"332__\" \/>\n<meta property=\"product:condition\" content=\"new\" \/>\n<!-- \/ Yoast SEO Premium plugin. -->","yoast_head_json":{"title":"Pablo Picasso - Ambroise Vollard - SVETSLIK.SI - 100% handgemalt","description":"Pablo Picasso - Ambroise Vollard - 100% handgemalte Gem\u00e4lde - Verkauf von Reproduktionen ber\u00fchmter Gem\u00e4lde und abstrakter Kunst - Wandbilder f\u00fcr das Wohnzimmer","robots":{"index":"index","follow":"follow","max-snippet":"max-snippet:-1","max-image-preview":"max-image-preview:large","max-video-preview":"max-video-preview:-1"},"canonical":"https:\/\/svetslik.si\/de\/pablo-picasso-de\/ambroise-vollard\/","og_locale":"de_DE","og_type":"article","og_title":"Pablo Picasso - Ambroise Vollard","og_description":"100% ro\u010dno naslikane slike na platnu, reprodukcije znanih slikarjev in umetni\u0161ke slike po naro\u010dilu.","og_url":"https:\/\/svetslik.si\/de\/pablo-picasso-de\/ambroise-vollard\/","og_site_name":"SVETSLIK.SI","article_publisher":"https:\/\/www.facebook.com\/svetslik.si","article_modified_time":"2026-03-22T19:07:42+00:00","og_image":[{"width":1535,"height":2048,"url":"https:\/\/svetslik.si\/wp-content\/uploads\/2021\/08\/image_Ambroise-Vollard_680.jpg","type":"image\/jpeg"}],"twitter_card":"summary_large_image","twitter_site":"@svetslik","twitter_misc":{"Verf\u00fcgbarkeit":"Auf Lager"},"schema":{"@context":"https:\/\/schema.org","@graph":[{"@type":["WebPage","ItemPage"],"@id":"https:\/\/svetslik.si\/de\/pablo-picasso-de\/ambroise-vollard\/","url":"https:\/\/svetslik.si\/de\/pablo-picasso-de\/ambroise-vollard\/","name":"Pablo Picasso - Ambroise Vollard - SVETSLIK.SI - 100% handgemalt","isPartOf":{"@id":"https:\/\/svetslik.si\/de\/#website"},"primaryImageOfPage":{"@id":"https:\/\/svetslik.si\/de\/pablo-picasso-de\/ambroise-vollard\/#primaryimage"},"image":{"@id":"https:\/\/svetslik.si\/de\/pablo-picasso-de\/ambroise-vollard\/#primaryimage"},"thumbnailUrl":"https:\/\/svetslik.si\/wp-content\/uploads\/2021\/08\/image_Ambroise-Vollard_680.jpg","datePublished":"2021-09-02T15:58:39+00:00","dateModified":"2026-03-22T19:07:42+00:00","description":"Pablo Picasso - Ambroise Vollard - 100% handgemalte Gem\u00e4lde - Verkauf von Reproduktionen ber\u00fchmter Gem\u00e4lde und abstrakter Kunst - Wandbilder f\u00fcr das Wohnzimmer","breadcrumb":{"@id":"https:\/\/svetslik.si\/de\/pablo-picasso-de\/ambroise-vollard\/#breadcrumb"},"inLanguage":"de","potentialAction":[{"@type":"ReadAction","target":["https:\/\/svetslik.si\/de\/pablo-picasso-de\/ambroise-vollard\/"]}]},{"@type":"ImageObject","inLanguage":"de","@id":"https:\/\/svetslik.si\/de\/pablo-picasso-de\/ambroise-vollard\/#primaryimage","url":"https:\/\/svetslik.si\/wp-content\/uploads\/2021\/08\/image_Ambroise-Vollard_680.jpg","contentUrl":"https:\/\/svetslik.si\/wp-content\/uploads\/2021\/08\/image_Ambroise-Vollard_680.jpg","width":1535,"height":2048,"caption":"Pierre-Auguste Renoir - Ambroise Vollard Dressed as a Toreador - Ambroise Vollard verkleidet als Torero (Gem\u00e4lde, Leinwandbilder)"},{"@type":"BreadcrumbList","@id":"https:\/\/svetslik.si\/de\/pablo-picasso-de\/ambroise-vollard\/#breadcrumb","itemListElement":[{"@type":"ListItem","position":1,"name":"Wandkunst und Gem\u00e4lde auf Leinwand","item":"https:\/\/svetslik.si\/de\/"},{"@type":"ListItem","position":2,"name":"Verkauf von Gem\u00e4lden","item":"https:\/\/svetslik.si\/prodaja-slik\/"},{"@type":"ListItem","position":3,"name":"Pablo Picasso &#8211; Ambroise Vollard"}]},{"@type":"WebSite","@id":"https:\/\/svetslik.si\/de\/#website","url":"https:\/\/svetslik.si\/de\/","name":"SVETSLIK.SI","description":"100% handgemalte Reproduktionen von Gem\u00e4lden ber\u00fchmter Maler und Gem\u00e4lde auf Leinwand.","publisher":{"@id":"https:\/\/svetslik.si\/de\/#organization"},"potentialAction":[{"@type":"SearchAction","target":{"@type":"EntryPoint","urlTemplate":"https:\/\/svetslik.si\/de\/?s={search_term_string}"},"query-input":{"@type":"PropertyValueSpecification","valueRequired":true,"valueName":"search_term_string"}}],"inLanguage":"de"},{"@type":"Organization","@id":"https:\/\/svetslik.si\/de\/#organization","name":"SvetSlik.si","url":"https:\/\/svetslik.si\/de\/","logo":{"@type":"ImageObject","inLanguage":"de","@id":"https:\/\/svetslik.si\/de\/#\/schema\/logo\/image\/","url":"https:\/\/svetslik.si\/wp-content\/uploads\/2020\/12\/logo-512.png","contentUrl":"https:\/\/svetslik.si\/wp-content\/uploads\/2020\/12\/logo-512.png","width":512,"height":512,"caption":"SvetSlik.si"},"image":{"@id":"https:\/\/svetslik.si\/de\/#\/schema\/logo\/image\/"},"sameAs":["https:\/\/www.facebook.com\/svetslik.si","https:\/\/x.com\/svetslik","https:\/\/www.instagram.com\/svetslik.si\/","https:\/\/www.linkedin.com\/company\/svetslik-si"]}]},"og_availability":"instock","product_availability":"instock","product_retailer_item_id":"332__","product_condition":"new"},"jetpack_sharing_enabled":true,"_links":{"self":[{"href":"https:\/\/svetslik.si\/de\/wp-json\/wp\/v2\/product\/68095","targetHints":{"allow":["GET"]}}],"collection":[{"href":"https:\/\/svetslik.si\/de\/wp-json\/wp\/v2\/product"}],"about":[{"href":"https:\/\/svetslik.si\/de\/wp-json\/wp\/v2\/types\/product"}],"wp:featuredmedia":[{"embeddable":true,"href":"https:\/\/svetslik.si\/de\/wp-json\/wp\/v2\/media\/63373"}],"wp:attachment":[{"href":"https:\/\/svetslik.si\/de\/wp-json\/wp\/v2\/media?parent=68095"}],"wp:term":[{"taxonomy":"product_brand","embeddable":true,"href":"https:\/\/svetslik.si\/de\/wp-json\/wp\/v2\/product_brand?post=68095"},{"taxonomy":"product_cat","embeddable":true,"href":"https:\/\/svetslik.si\/de\/wp-json\/wp\/v2\/product_cat?post=68095"},{"taxonomy":"product_tag","embeddable":true,"href":"https:\/\/svetslik.si\/de\/wp-json\/wp\/v2\/product_tag?post=68095"}],"curies":[{"name":"wp","href":"https:\/\/api.w.org\/{rel}","templated":true}]}}