{"id":68104,"date":"2021-09-02T17:58:39","date_gmt":"2021-09-02T15:58:39","guid":{"rendered":"https:\/\/svetslik.si\/unkategorisiert\/ambroise-vollard-dressed-as-a-toreador\/"},"modified":"2026-03-22T20:08:33","modified_gmt":"2026-03-22T19:08:33","slug":"ambroise-vollard-dressed-as-a-toreador","status":"publish","type":"product","link":"https:\/\/svetslik.si\/de\/pierre-a-renoir-de\/ambroise-vollard-dressed-as-a-toreador\/","title":{"rendered":"Pierre A. Renoir &#8211; Ambroise Vollard Dressed as a Toreador"},"content":{"rendered":"<h1>Pierre A. Renoir \u2013 Ambroise Vollard verkleidet als Toreador<\/h1>\n<p>\n&nbsp;<\/p>\n<table border=\"0\" cellpadding=\"0\" style=\"width: 632px\" width=\"632\">\n<tbody>\n<tr>\n<td height=\"21\" style=\"width: 180px;height: 21px\">\nJahr der Erstellung:<\/td>\n<td style=\"width: 452px\">\n1917<\/td>\n<\/tr>\n<tr>\n<td height=\"21\" style=\"width: 180px;height: 21px\">\nOriginalgr\u00f6\u00dfe:<\/td>\n<td style=\"width: 452px\">\n83,6 cm x 102,6 cm<\/td>\n<\/tr>\n<tr>\n<td height=\"21\" style=\"width: 180px;height: 21px\">\nMalstil:<\/td>\n<td style=\"width: 452px\">\nImpressionismus<\/td>\n<\/tr>\n<tr>\n<td height=\"21\" style=\"width: 180px;height: 21px\">\nOriginaltechnik:<\/td>\n<td>\n\u00d6l auf Leinwand<\/td>\n<\/tr>\n<tr>\n<td height=\"21\" style=\"width: 180px;height: 21px\">\nGefunden:<\/td>\n<td style=\"width: 452px\">\nNippon Television Network Corporation, Tokio<\/td>\n<\/tr>\n<\/tbody>\n<colgroup>\n<\/colgroup>\n<\/table>\n<p>\nAmbroise Vollard war Bildh\u00e4ndler und Herausgeber. Er posierte f\u00fcr vier Gem\u00e4lde f\u00fcr Renoir. Renoir war bereits 75 Jahre alt, als er f\u00fcr das vorliegende Gem\u00e4lde posierte, auf dem er als Matador verkleidet ist. Er litt an Rheuma, malte aber mit gro\u00dfer Begeisterung. Vollard erinnert sich in seinen Notizen an ihn, als er drau\u00dfen in der Natur malte; Er brauchte Hilfe, um sich zu bewegen, und die B\u00fcrsten waren mit Schn\u00fcren an seinen Fingern befestigt.<\/p>\n","protected":false},"excerpt":{"rendered":"<p>Pierre A. Renoir \u2013 Ambroise Vollard verkleidet als Toreador &nbsp; Jahr der Erstellung: 1917 Originalgr\u00f6\u00dfe: 83,6 cm x 102,6 cm Malstil: Impressionismus Originaltechnik: \u00d6l auf Leinwand Gefunden: Nippon Television Network Corporation, Tokio Ambroise Vollard war Bildh\u00e4ndler und Herausgeber. Er posierte f\u00fcr vier Gem\u00e4lde f\u00fcr Renoir. Renoir war bereits 75 Jahre [&hellip;]<\/p>\n","protected":false},"featured_media":63374,"template":"","meta":{"_acf_changed":false},"product_brand":[],"product_cat":[8466],"product_tag":[8521,8512,8513,8514],"class_list":{"0":"post-68104","1":"product","2":"type-product","3":"status-publish","4":"has-post-thumbnail","6":"product_cat-pierre-a-renoir-de","7":"product_tag-maler","8":"product_tag-renoir-de","9":"product_tag-reproduktion","10":"product_tag-reproduktionen","11":"pa_dimenzija-110-x-140-cm","12":"pa_dimenzija-130-x-160-cm","13":"pa_dimenzija-150-x-180-cm","14":"pa_dimenzija-40-x-50-cm","15":"pa_dimenzija-50-x-60-cm","16":"pa_dimenzija-60-x-75-cm","17":"pa_dimenzija-70-x-90-cm","18":"pa_dimenzija-84-x-103-cm","19":"pa_oblika-vertikal","20":"pa_okvir-ohne-rahmen","21":"pa_podokvir-ja","22":"pa_podokvir-nein","24":"first","25":"onbackorder","26":"purchasable","27":"product-type-variable","28":"has-default-attributes"},"acf":[],"yoast_head":"<!-- This site is optimized with the Yoast SEO Premium plugin v27.5 (Yoast SEO v27.6) - https:\/\/yoast.com\/product\/yoast-seo-premium-wordpress\/ -->\n<title>Pierre A. Renoir - Ambroise Vollard Dressed as a Toreador - SVETSLIK.SI - 100% handgemalt<\/title>\n<meta name=\"description\" content=\"Pierre A. Renoir - Ambroise Vollard Dressed as a Toreador - 100% handgemalte Gem\u00e4lde - Verkauf von Reproduktionen ber\u00fchmter Gem\u00e4lde und abstrakter Kunst - Wandbilder f\u00fcr das Wohnzimmer\" \/>\n<meta name=\"robots\" content=\"index, follow, max-snippet:-1, max-image-preview:large, max-video-preview:-1\" \/>\n<link rel=\"canonical\" href=\"https:\/\/svetslik.si\/de\/pierre-a-renoir-de\/ambroise-vollard-dressed-as-a-toreador\/\" \/>\n<meta property=\"og:locale\" content=\"de_DE\" \/>\n<meta property=\"og:type\" content=\"article\" \/>\n<meta property=\"og:title\" content=\"Pierre A. Renoir - Ambroise Vollard Dressed as a Toreador\" \/>\n<meta property=\"og:description\" content=\"100% ro\u010dno naslikane slike na platnu, reprodukcije znanih slikarjev in umetni\u0161ke slike po naro\u010dilu.\" \/>\n<meta property=\"og:url\" content=\"https:\/\/svetslik.si\/de\/pierre-a-renoir-de\/ambroise-vollard-dressed-as-a-toreador\/\" \/>\n<meta property=\"og:site_name\" content=\"SVETSLIK.SI\" \/>\n<meta property=\"article:publisher\" content=\"https:\/\/www.facebook.com\/svetslik.si\" \/>\n<meta property=\"article:modified_time\" content=\"2026-03-22T19:08:33+00:00\" \/>\n<meta property=\"og:image\" content=\"https:\/\/svetslik.si\/wp-content\/uploads\/2021\/08\/image_Ambroise-Vollard-Dressed-as-a-Toreador-Renoir_680.jpg\" \/>\n\t<meta property=\"og:image:width\" content=\"1024\" \/>\n\t<meta property=\"og:image:height\" content=\"1236\" \/>\n\t<meta property=\"og:image:type\" content=\"image\/jpeg\" \/>\n<meta name=\"twitter:card\" content=\"summary_large_image\" \/>\n<meta name=\"twitter:site\" content=\"@svetslik\" \/>\n<meta name=\"twitter:label1\" content=\"Verf\u00fcgbarkeit\" \/>\n\t<meta name=\"twitter:data1\" content=\"bei Nachbestellung\" \/>\n<script type=\"application\/ld+json\" class=\"yoast-schema-graph\">{\"@context\":\"https:\\\/\\\/schema.org\",\"@graph\":[{\"@type\":[\"WebPage\",\"ItemPage\"],\"@id\":\"https:\\\/\\\/svetslik.si\\\/de\\\/pierre-a-renoir-de\\\/ambroise-vollard-dressed-as-a-toreador\\\/\",\"url\":\"https:\\\/\\\/svetslik.si\\\/de\\\/pierre-a-renoir-de\\\/ambroise-vollard-dressed-as-a-toreador\\\/\",\"name\":\"Pierre A. Renoir - Ambroise Vollard Dressed as a Toreador - SVETSLIK.SI - 100% handgemalt\",\"isPartOf\":{\"@id\":\"https:\\\/\\\/svetslik.si\\\/de\\\/#website\"},\"primaryImageOfPage\":{\"@id\":\"https:\\\/\\\/svetslik.si\\\/de\\\/pierre-a-renoir-de\\\/ambroise-vollard-dressed-as-a-toreador\\\/#primaryimage\"},\"image\":{\"@id\":\"https:\\\/\\\/svetslik.si\\\/de\\\/pierre-a-renoir-de\\\/ambroise-vollard-dressed-as-a-toreador\\\/#primaryimage\"},\"thumbnailUrl\":\"https:\\\/\\\/svetslik.si\\\/wp-content\\\/uploads\\\/2021\\\/08\\\/image_Ambroise-Vollard-Dressed-as-a-Toreador-Renoir_680.jpg\",\"datePublished\":\"2021-09-02T15:58:39+00:00\",\"dateModified\":\"2026-03-22T19:08:33+00:00\",\"description\":\"Pierre A. Renoir - Ambroise Vollard Dressed as a Toreador - 100% handgemalte Gem\u00e4lde - Verkauf von Reproduktionen ber\u00fchmter Gem\u00e4lde und abstrakter Kunst - Wandbilder f\u00fcr das Wohnzimmer\",\"breadcrumb\":{\"@id\":\"https:\\\/\\\/svetslik.si\\\/de\\\/pierre-a-renoir-de\\\/ambroise-vollard-dressed-as-a-toreador\\\/#breadcrumb\"},\"inLanguage\":\"de\",\"potentialAction\":[{\"@type\":\"ReadAction\",\"target\":[\"https:\\\/\\\/svetslik.si\\\/de\\\/pierre-a-renoir-de\\\/ambroise-vollard-dressed-as-a-toreador\\\/\"]}]},{\"@type\":\"ImageObject\",\"inLanguage\":\"de\",\"@id\":\"https:\\\/\\\/svetslik.si\\\/de\\\/pierre-a-renoir-de\\\/ambroise-vollard-dressed-as-a-toreador\\\/#primaryimage\",\"url\":\"https:\\\/\\\/svetslik.si\\\/wp-content\\\/uploads\\\/2021\\\/08\\\/image_Ambroise-Vollard-Dressed-as-a-Toreador-Renoir_680.jpg\",\"contentUrl\":\"https:\\\/\\\/svetslik.si\\\/wp-content\\\/uploads\\\/2021\\\/08\\\/image_Ambroise-Vollard-Dressed-as-a-Toreador-Renoir_680.jpg\",\"width\":1024,\"height\":1236,\"caption\":\"Ambroise Vollard Dressed as a Toreador - Reprodukcije slikarjev, ro\u010dno naslikane stenske slike, olje na platnu, oljne slike, umetni\u0161ke slike, moderne slike za na steno, ambientalne slike, abstraktne slike, dekorativne slike\"},{\"@type\":\"BreadcrumbList\",\"@id\":\"https:\\\/\\\/svetslik.si\\\/de\\\/pierre-a-renoir-de\\\/ambroise-vollard-dressed-as-a-toreador\\\/#breadcrumb\",\"itemListElement\":[{\"@type\":\"ListItem\",\"position\":1,\"name\":\"Wandkunst und Gem\u00e4lde auf Leinwand\",\"item\":\"https:\\\/\\\/svetslik.si\\\/de\\\/\"},{\"@type\":\"ListItem\",\"position\":2,\"name\":\"Verkauf von Gem\u00e4lden\",\"item\":\"https:\\\/\\\/svetslik.si\\\/prodaja-slik\\\/\"},{\"@type\":\"ListItem\",\"position\":3,\"name\":\"Pierre A. Renoir &#8211; Ambroise Vollard Dressed as a Toreador\"}]},{\"@type\":\"WebSite\",\"@id\":\"https:\\\/\\\/svetslik.si\\\/de\\\/#website\",\"url\":\"https:\\\/\\\/svetslik.si\\\/de\\\/\",\"name\":\"SVETSLIK.SI\",\"description\":\"100% handgemalte Reproduktionen von Gem\u00e4lden ber\u00fchmter Maler und Gem\u00e4lde auf Leinwand.\",\"publisher\":{\"@id\":\"https:\\\/\\\/svetslik.si\\\/de\\\/#organization\"},\"potentialAction\":[{\"@type\":\"SearchAction\",\"target\":{\"@type\":\"EntryPoint\",\"urlTemplate\":\"https:\\\/\\\/svetslik.si\\\/de\\\/?s={search_term_string}\"},\"query-input\":{\"@type\":\"PropertyValueSpecification\",\"valueRequired\":true,\"valueName\":\"search_term_string\"}}],\"inLanguage\":\"de\"},{\"@type\":\"Organization\",\"@id\":\"https:\\\/\\\/svetslik.si\\\/de\\\/#organization\",\"name\":\"SvetSlik.si\",\"url\":\"https:\\\/\\\/svetslik.si\\\/de\\\/\",\"logo\":{\"@type\":\"ImageObject\",\"inLanguage\":\"de\",\"@id\":\"https:\\\/\\\/svetslik.si\\\/de\\\/#\\\/schema\\\/logo\\\/image\\\/\",\"url\":\"https:\\\/\\\/svetslik.si\\\/wp-content\\\/uploads\\\/2020\\\/12\\\/logo-512.png\",\"contentUrl\":\"https:\\\/\\\/svetslik.si\\\/wp-content\\\/uploads\\\/2020\\\/12\\\/logo-512.png\",\"width\":512,\"height\":512,\"caption\":\"SvetSlik.si\"},\"image\":{\"@id\":\"https:\\\/\\\/svetslik.si\\\/de\\\/#\\\/schema\\\/logo\\\/image\\\/\"},\"sameAs\":[\"https:\\\/\\\/www.facebook.com\\\/svetslik.si\",\"https:\\\/\\\/x.com\\\/svetslik\",\"https:\\\/\\\/www.instagram.com\\\/svetslik.si\\\/\",\"https:\\\/\\\/www.linkedin.com\\\/company\\\/svetslik-si\"]}]}<\/script>\n<meta property=\"og:availability\" content=\"backorder\" \/>\n<meta property=\"product:availability\" content=\"available for order\" \/>\n<meta property=\"product:retailer_item_id\" content=\"333__\" \/>\n<meta property=\"product:condition\" content=\"new\" \/>\n<!-- \/ Yoast SEO Premium plugin. -->","yoast_head_json":{"title":"Pierre A. Renoir - Ambroise Vollard Dressed as a Toreador - SVETSLIK.SI - 100% handgemalt","description":"Pierre A. Renoir - Ambroise Vollard Dressed as a Toreador - 100% handgemalte Gem\u00e4lde - Verkauf von Reproduktionen ber\u00fchmter Gem\u00e4lde und abstrakter Kunst - Wandbilder f\u00fcr das Wohnzimmer","robots":{"index":"index","follow":"follow","max-snippet":"max-snippet:-1","max-image-preview":"max-image-preview:large","max-video-preview":"max-video-preview:-1"},"canonical":"https:\/\/svetslik.si\/de\/pierre-a-renoir-de\/ambroise-vollard-dressed-as-a-toreador\/","og_locale":"de_DE","og_type":"article","og_title":"Pierre A. Renoir - Ambroise Vollard Dressed as a Toreador","og_description":"100% ro\u010dno naslikane slike na platnu, reprodukcije znanih slikarjev in umetni\u0161ke slike po naro\u010dilu.","og_url":"https:\/\/svetslik.si\/de\/pierre-a-renoir-de\/ambroise-vollard-dressed-as-a-toreador\/","og_site_name":"SVETSLIK.SI","article_publisher":"https:\/\/www.facebook.com\/svetslik.si","article_modified_time":"2026-03-22T19:08:33+00:00","og_image":[{"width":1024,"height":1236,"url":"https:\/\/svetslik.si\/wp-content\/uploads\/2021\/08\/image_Ambroise-Vollard-Dressed-as-a-Toreador-Renoir_680.jpg","type":"image\/jpeg"}],"twitter_card":"summary_large_image","twitter_site":"@svetslik","twitter_misc":{"Verf\u00fcgbarkeit":"bei Nachbestellung"},"schema":{"@context":"https:\/\/schema.org","@graph":[{"@type":["WebPage","ItemPage"],"@id":"https:\/\/svetslik.si\/de\/pierre-a-renoir-de\/ambroise-vollard-dressed-as-a-toreador\/","url":"https:\/\/svetslik.si\/de\/pierre-a-renoir-de\/ambroise-vollard-dressed-as-a-toreador\/","name":"Pierre A. Renoir - Ambroise Vollard Dressed as a Toreador - SVETSLIK.SI - 100% handgemalt","isPartOf":{"@id":"https:\/\/svetslik.si\/de\/#website"},"primaryImageOfPage":{"@id":"https:\/\/svetslik.si\/de\/pierre-a-renoir-de\/ambroise-vollard-dressed-as-a-toreador\/#primaryimage"},"image":{"@id":"https:\/\/svetslik.si\/de\/pierre-a-renoir-de\/ambroise-vollard-dressed-as-a-toreador\/#primaryimage"},"thumbnailUrl":"https:\/\/svetslik.si\/wp-content\/uploads\/2021\/08\/image_Ambroise-Vollard-Dressed-as-a-Toreador-Renoir_680.jpg","datePublished":"2021-09-02T15:58:39+00:00","dateModified":"2026-03-22T19:08:33+00:00","description":"Pierre A. Renoir - Ambroise Vollard Dressed as a Toreador - 100% handgemalte Gem\u00e4lde - Verkauf von Reproduktionen ber\u00fchmter Gem\u00e4lde und abstrakter Kunst - Wandbilder f\u00fcr das Wohnzimmer","breadcrumb":{"@id":"https:\/\/svetslik.si\/de\/pierre-a-renoir-de\/ambroise-vollard-dressed-as-a-toreador\/#breadcrumb"},"inLanguage":"de","potentialAction":[{"@type":"ReadAction","target":["https:\/\/svetslik.si\/de\/pierre-a-renoir-de\/ambroise-vollard-dressed-as-a-toreador\/"]}]},{"@type":"ImageObject","inLanguage":"de","@id":"https:\/\/svetslik.si\/de\/pierre-a-renoir-de\/ambroise-vollard-dressed-as-a-toreador\/#primaryimage","url":"https:\/\/svetslik.si\/wp-content\/uploads\/2021\/08\/image_Ambroise-Vollard-Dressed-as-a-Toreador-Renoir_680.jpg","contentUrl":"https:\/\/svetslik.si\/wp-content\/uploads\/2021\/08\/image_Ambroise-Vollard-Dressed-as-a-Toreador-Renoir_680.jpg","width":1024,"height":1236,"caption":"Ambroise Vollard Dressed as a Toreador - Reprodukcije slikarjev, ro\u010dno naslikane stenske slike, olje na platnu, oljne slike, umetni\u0161ke slike, moderne slike za na steno, ambientalne slike, abstraktne slike, dekorativne slike"},{"@type":"BreadcrumbList","@id":"https:\/\/svetslik.si\/de\/pierre-a-renoir-de\/ambroise-vollard-dressed-as-a-toreador\/#breadcrumb","itemListElement":[{"@type":"ListItem","position":1,"name":"Wandkunst und Gem\u00e4lde auf Leinwand","item":"https:\/\/svetslik.si\/de\/"},{"@type":"ListItem","position":2,"name":"Verkauf von Gem\u00e4lden","item":"https:\/\/svetslik.si\/prodaja-slik\/"},{"@type":"ListItem","position":3,"name":"Pierre A. Renoir &#8211; Ambroise Vollard Dressed as a Toreador"}]},{"@type":"WebSite","@id":"https:\/\/svetslik.si\/de\/#website","url":"https:\/\/svetslik.si\/de\/","name":"SVETSLIK.SI","description":"100% handgemalte Reproduktionen von Gem\u00e4lden ber\u00fchmter Maler und Gem\u00e4lde auf Leinwand.","publisher":{"@id":"https:\/\/svetslik.si\/de\/#organization"},"potentialAction":[{"@type":"SearchAction","target":{"@type":"EntryPoint","urlTemplate":"https:\/\/svetslik.si\/de\/?s={search_term_string}"},"query-input":{"@type":"PropertyValueSpecification","valueRequired":true,"valueName":"search_term_string"}}],"inLanguage":"de"},{"@type":"Organization","@id":"https:\/\/svetslik.si\/de\/#organization","name":"SvetSlik.si","url":"https:\/\/svetslik.si\/de\/","logo":{"@type":"ImageObject","inLanguage":"de","@id":"https:\/\/svetslik.si\/de\/#\/schema\/logo\/image\/","url":"https:\/\/svetslik.si\/wp-content\/uploads\/2020\/12\/logo-512.png","contentUrl":"https:\/\/svetslik.si\/wp-content\/uploads\/2020\/12\/logo-512.png","width":512,"height":512,"caption":"SvetSlik.si"},"image":{"@id":"https:\/\/svetslik.si\/de\/#\/schema\/logo\/image\/"},"sameAs":["https:\/\/www.facebook.com\/svetslik.si","https:\/\/x.com\/svetslik","https:\/\/www.instagram.com\/svetslik.si\/","https:\/\/www.linkedin.com\/company\/svetslik-si"]}]},"og_availability":"backorder","product_availability":"available for order","product_retailer_item_id":"333__","product_condition":"new"},"jetpack_sharing_enabled":true,"_links":{"self":[{"href":"https:\/\/svetslik.si\/de\/wp-json\/wp\/v2\/product\/68104","targetHints":{"allow":["GET"]}}],"collection":[{"href":"https:\/\/svetslik.si\/de\/wp-json\/wp\/v2\/product"}],"about":[{"href":"https:\/\/svetslik.si\/de\/wp-json\/wp\/v2\/types\/product"}],"wp:featuredmedia":[{"embeddable":true,"href":"https:\/\/svetslik.si\/de\/wp-json\/wp\/v2\/media\/63374"}],"wp:attachment":[{"href":"https:\/\/svetslik.si\/de\/wp-json\/wp\/v2\/media?parent=68104"}],"wp:term":[{"taxonomy":"product_brand","embeddable":true,"href":"https:\/\/svetslik.si\/de\/wp-json\/wp\/v2\/product_brand?post=68104"},{"taxonomy":"product_cat","embeddable":true,"href":"https:\/\/svetslik.si\/de\/wp-json\/wp\/v2\/product_cat?post=68104"},{"taxonomy":"product_tag","embeddable":true,"href":"https:\/\/svetslik.si\/de\/wp-json\/wp\/v2\/product_tag?post=68104"}],"curies":[{"name":"wp","href":"https:\/\/api.w.org\/{rel}","templated":true}]}}