{"id":68203,"date":"2021-09-02T17:59:44","date_gmt":"2021-09-02T15:59:44","guid":{"rendered":"https:\/\/svetslik.si\/unkategorisiert\/garden-in-the-rue-cortot\/"},"modified":"2026-03-22T20:10:37","modified_gmt":"2026-03-22T19:10:37","slug":"garden-in-the-rue-cortot","status":"publish","type":"product","link":"https:\/\/svetslik.si\/de\/pierre-a-renoir-de\/garden-in-the-rue-cortot\/","title":{"rendered":"Pierre A. Renoir &#8211; Garden in the rue Cortot"},"content":{"rendered":"<div class=\"wpb-content-wrapper\">[vc_row css=&#8221;.vc_custom_1735985948425{margin-bottom: 10px !important;}&#8221;][vc_column]\t<div class=\"et-image-663 et-image     et_image_link\">\n\t\t<div class=\"et-image-inner \">\n\t\t\t\t\t\t\t<div class=\"et-image-thumb \">\n\t\t\t\t\t<img decoding=\"async\" width=\"1000\" height=\"1205\" src=\"https:\/\/svetslik.si\/wp-content\/uploads\/2021\/09\/Pierre-A.-Renoir-\u2013-Garden-in-the-rue-Cortot-reprodukcija-slike-na-platnu-3.jpg\" class=\"attachment-full\" alt=\"Pierre A. Renoir - Garden in the rue Cortot\" title=\"Pierre A. Renoir - Garden in the rue Cortot\" srcset=\"https:\/\/svetslik.si\/wp-content\/uploads\/2021\/09\/Pierre-A.-Renoir-\u2013-Garden-in-the-rue-Cortot-reprodukcija-slike-na-platnu-3.jpg 1000w, https:\/\/svetslik.si\/wp-content\/uploads\/2021\/09\/Pierre-A.-Renoir-\u2013-Garden-in-the-rue-Cortot-reprodukcija-slike-na-platnu-3-600x723.jpg 600w, https:\/\/svetslik.si\/wp-content\/uploads\/2021\/09\/Pierre-A.-Renoir-\u2013-Garden-in-the-rue-Cortot-reprodukcija-slike-na-platnu-3-249x300.jpg 249w, https:\/\/svetslik.si\/wp-content\/uploads\/2021\/09\/Pierre-A.-Renoir-\u2013-Garden-in-the-rue-Cortot-reprodukcija-slike-na-platnu-3-850x1024.jpg 850w, https:\/\/svetslik.si\/wp-content\/uploads\/2021\/09\/Pierre-A.-Renoir-\u2013-Garden-in-the-rue-Cortot-reprodukcija-slike-na-platnu-3-768x925.jpg 768w, https:\/\/svetslik.si\/wp-content\/uploads\/2021\/09\/Pierre-A.-Renoir-\u2013-Garden-in-the-rue-Cortot-reprodukcija-slike-na-platnu-3-124x150.jpg 124w, https:\/\/svetslik.si\/wp-content\/uploads\/2021\/09\/Pierre-A.-Renoir-\u2013-Garden-in-the-rue-Cortot-reprodukcija-slike-na-platnu-3-900x1085.jpg 900w\" sizes=\"(max-width: 1000px) 100vw, 1000px\" \/>\t\t\t\t<\/div>\n\t\t\t\t\t\t\t\t\t\t\t<\/div>\n\t<\/div>\n  [\/vc_column][\/vc_row][vc_row css=&#8221;.vc_custom_1735985948425{margin-bottom: 10px !important;}&#8221;][vc_column]\t<div class=\"et-image-983 et-image     et_image_link\">\n\t\t<div class=\"et-image-inner \">\n\t\t\t\t\t\t\t<div class=\"et-image-thumb \">\n\t\t\t\t\t<img decoding=\"async\" width=\"1000\" height=\"1557\" src=\"https:\/\/svetslik.si\/wp-content\/uploads\/2021\/09\/Pierre-A.-Renoir-\u2013-Garden-in-the-rue-Cortot-reprodukcija-slike-na-platnu-4.jpg\" class=\"attachment-full\" alt=\"Pierre A. Renoir - Garden in the rue Cortot\" title=\"Pierre A. Renoir - Garden in the rue Cortot\" srcset=\"https:\/\/svetslik.si\/wp-content\/uploads\/2021\/09\/Pierre-A.-Renoir-\u2013-Garden-in-the-rue-Cortot-reprodukcija-slike-na-platnu-4.jpg 1000w, https:\/\/svetslik.si\/wp-content\/uploads\/2021\/09\/Pierre-A.-Renoir-\u2013-Garden-in-the-rue-Cortot-reprodukcija-slike-na-platnu-4-600x934.jpg 600w, https:\/\/svetslik.si\/wp-content\/uploads\/2021\/09\/Pierre-A.-Renoir-\u2013-Garden-in-the-rue-Cortot-reprodukcija-slike-na-platnu-4-193x300.jpg 193w, https:\/\/svetslik.si\/wp-content\/uploads\/2021\/09\/Pierre-A.-Renoir-\u2013-Garden-in-the-rue-Cortot-reprodukcija-slike-na-platnu-4-658x1024.jpg 658w, https:\/\/svetslik.si\/wp-content\/uploads\/2021\/09\/Pierre-A.-Renoir-\u2013-Garden-in-the-rue-Cortot-reprodukcija-slike-na-platnu-4-768x1196.jpg 768w, https:\/\/svetslik.si\/wp-content\/uploads\/2021\/09\/Pierre-A.-Renoir-\u2013-Garden-in-the-rue-Cortot-reprodukcija-slike-na-platnu-4-987x1536.jpg 987w, https:\/\/svetslik.si\/wp-content\/uploads\/2021\/09\/Pierre-A.-Renoir-\u2013-Garden-in-the-rue-Cortot-reprodukcija-slike-na-platnu-4-96x150.jpg 96w, https:\/\/svetslik.si\/wp-content\/uploads\/2021\/09\/Pierre-A.-Renoir-\u2013-Garden-in-the-rue-Cortot-reprodukcija-slike-na-platnu-4-900x1401.jpg 900w\" sizes=\"(max-width: 1000px) 100vw, 1000px\" \/>\t\t\t\t<\/div>\n\t\t\t\t\t\t\t\t\t\t\t<\/div>\n\t<\/div>\n  [\/vc_column][\/vc_row][vc_row css=&#8221;.vc_custom_1735985948425{margin-bottom: 10px !important;}&#8221;][vc_column]\t<div class=\"et-image-107 et-image     et_image_link\">\n\t\t<div class=\"et-image-inner \">\n\t\t\t\t\t\t\t<div class=\"et-image-thumb \">\n\t\t\t\t\t<img decoding=\"async\" width=\"1000\" height=\"1564\" src=\"https:\/\/svetslik.si\/wp-content\/uploads\/2021\/09\/Pierre-A.-Renoir-\u2013-Garden-in-the-rue-Cortot-reprodukcija-slike-na-platnu-5.jpg\" class=\"attachment-full\" alt=\"Pierre A. Renoir - Garden in the rue Cortot\" title=\"Pierre A. Renoir - Garden in the rue Cortot\" srcset=\"https:\/\/svetslik.si\/wp-content\/uploads\/2021\/09\/Pierre-A.-Renoir-\u2013-Garden-in-the-rue-Cortot-reprodukcija-slike-na-platnu-5.jpg 1000w, https:\/\/svetslik.si\/wp-content\/uploads\/2021\/09\/Pierre-A.-Renoir-\u2013-Garden-in-the-rue-Cortot-reprodukcija-slike-na-platnu-5-600x938.jpg 600w, https:\/\/svetslik.si\/wp-content\/uploads\/2021\/09\/Pierre-A.-Renoir-\u2013-Garden-in-the-rue-Cortot-reprodukcija-slike-na-platnu-5-192x300.jpg 192w, https:\/\/svetslik.si\/wp-content\/uploads\/2021\/09\/Pierre-A.-Renoir-\u2013-Garden-in-the-rue-Cortot-reprodukcija-slike-na-platnu-5-655x1024.jpg 655w, https:\/\/svetslik.si\/wp-content\/uploads\/2021\/09\/Pierre-A.-Renoir-\u2013-Garden-in-the-rue-Cortot-reprodukcija-slike-na-platnu-5-768x1201.jpg 768w, https:\/\/svetslik.si\/wp-content\/uploads\/2021\/09\/Pierre-A.-Renoir-\u2013-Garden-in-the-rue-Cortot-reprodukcija-slike-na-platnu-5-982x1536.jpg 982w, https:\/\/svetslik.si\/wp-content\/uploads\/2021\/09\/Pierre-A.-Renoir-\u2013-Garden-in-the-rue-Cortot-reprodukcija-slike-na-platnu-5-96x150.jpg 96w, https:\/\/svetslik.si\/wp-content\/uploads\/2021\/09\/Pierre-A.-Renoir-\u2013-Garden-in-the-rue-Cortot-reprodukcija-slike-na-platnu-5-900x1408.jpg 900w\" sizes=\"(max-width: 1000px) 100vw, 1000px\" \/>\t\t\t\t<\/div>\n\t\t\t\t\t\t\t\t\t\t\t<\/div>\n\t<\/div>\n  [\/vc_column][\/vc_row][vc_row css=&#8221;.vc_custom_1735985948425{margin-bottom: 10px !important;}&#8221;][vc_column]\t<div class=\"et-image-571 et-image     et_image_link\">\n\t\t<div class=\"et-image-inner \">\n\t\t\t\t\t\t\t<div class=\"et-image-thumb \">\n\t\t\t\t\t<img decoding=\"async\" width=\"1000\" height=\"750\" src=\"https:\/\/svetslik.si\/wp-content\/uploads\/2021\/09\/Pierre-A.-Renoir-\u2013-Garden-in-the-rue-Cortot-reprodukcija-slike-na-platnu.jpg\" class=\"attachment-full\" alt=\"Pierre A. Renoir - Garden in the rue Cortot\" title=\"Pierre A. Renoir - Garden in the rue Cortot\" srcset=\"https:\/\/svetslik.si\/wp-content\/uploads\/2021\/09\/Pierre-A.-Renoir-\u2013-Garden-in-the-rue-Cortot-reprodukcija-slike-na-platnu.jpg 1000w, https:\/\/svetslik.si\/wp-content\/uploads\/2021\/09\/Pierre-A.-Renoir-\u2013-Garden-in-the-rue-Cortot-reprodukcija-slike-na-platnu-600x450.jpg 600w, https:\/\/svetslik.si\/wp-content\/uploads\/2021\/09\/Pierre-A.-Renoir-\u2013-Garden-in-the-rue-Cortot-reprodukcija-slike-na-platnu-300x225.jpg 300w, https:\/\/svetslik.si\/wp-content\/uploads\/2021\/09\/Pierre-A.-Renoir-\u2013-Garden-in-the-rue-Cortot-reprodukcija-slike-na-platnu-768x576.jpg 768w, https:\/\/svetslik.si\/wp-content\/uploads\/2021\/09\/Pierre-A.-Renoir-\u2013-Garden-in-the-rue-Cortot-reprodukcija-slike-na-platnu-150x113.jpg 150w, https:\/\/svetslik.si\/wp-content\/uploads\/2021\/09\/Pierre-A.-Renoir-\u2013-Garden-in-the-rue-Cortot-reprodukcija-slike-na-platnu-900x675.jpg 900w\" sizes=\"(max-width: 1000px) 100vw, 1000px\" \/>\t\t\t\t<\/div>\n\t\t\t\t\t\t\t\t\t\t\t<\/div>\n\t<\/div>\n  [\/vc_column][\/vc_row][vc_row css=&#8221;.vc_custom_1735985948425{margin-bottom: 10px !important;}&#8221;][vc_column]\t<div class=\"et-image-316 et-image     et_image_link\">\n\t\t<div class=\"et-image-inner \">\n\t\t\t\t\t\t\t<div class=\"et-image-thumb \">\n\t\t\t\t\t<img decoding=\"async\" width=\"1000\" height=\"750\" src=\"https:\/\/svetslik.si\/wp-content\/uploads\/2021\/09\/Pierre-A.-Renoir-\u2013-Garden-in-the-rue-Cortot-reprodukcija-slike-na-platnu-2.jpg\" class=\"attachment-full\" alt=\"Pierre A. Renoir - Garden in the rue Cortot\" title=\"Pierre A. Renoir - Garden in the rue Cortot\" srcset=\"https:\/\/svetslik.si\/wp-content\/uploads\/2021\/09\/Pierre-A.-Renoir-\u2013-Garden-in-the-rue-Cortot-reprodukcija-slike-na-platnu-2.jpg 1000w, https:\/\/svetslik.si\/wp-content\/uploads\/2021\/09\/Pierre-A.-Renoir-\u2013-Garden-in-the-rue-Cortot-reprodukcija-slike-na-platnu-2-600x450.jpg 600w, https:\/\/svetslik.si\/wp-content\/uploads\/2021\/09\/Pierre-A.-Renoir-\u2013-Garden-in-the-rue-Cortot-reprodukcija-slike-na-platnu-2-300x225.jpg 300w, https:\/\/svetslik.si\/wp-content\/uploads\/2021\/09\/Pierre-A.-Renoir-\u2013-Garden-in-the-rue-Cortot-reprodukcija-slike-na-platnu-2-768x576.jpg 768w, https:\/\/svetslik.si\/wp-content\/uploads\/2021\/09\/Pierre-A.-Renoir-\u2013-Garden-in-the-rue-Cortot-reprodukcija-slike-na-platnu-2-150x113.jpg 150w, https:\/\/svetslik.si\/wp-content\/uploads\/2021\/09\/Pierre-A.-Renoir-\u2013-Garden-in-the-rue-Cortot-reprodukcija-slike-na-platnu-2-900x675.jpg 900w\" sizes=\"(max-width: 1000px) 100vw, 1000px\" \/>\t\t\t\t<\/div>\n\t\t\t\t\t\t\t\t\t\t\t<\/div>\n\t<\/div>\n  [\/vc_column][\/vc_row][vc_row][vc_column][vc_column_text]\n<h1>Pierre A. Renoir \u2013 Garten in der Rue Cortot<\/h1>\n<p>&nbsp;<\/p>\n<table style=\"width: 673px;\" border=\"0\" width=\"673\" cellpadding=\"0\">\n<tbody>\n<tr>\n<td style=\"width: 180px; height: 21px;\" height=\"21\">Jahr der Erstellung:<\/td>\n<td style=\"width: 493px;\">1876<\/td>\n<\/tr>\n<tr>\n<td style=\"width: 180px; height: 21px;\" height=\"21\">Originalgr\u00f6\u00dfe:<\/td>\n<td style=\"width: 493px;\">97,5 cm x 151,8 cm<\/td>\n<\/tr>\n<tr>\n<td style=\"width: 180px; height: 21px;\" height=\"21\">Malstil:<\/td>\n<td style=\"width: 493px;\">Impressionismus<\/td>\n<\/tr>\n<tr>\n<td style=\"width: 180px; height: 21px;\" height=\"21\">Originaltechnik:<\/td>\n<td>\u00d6l auf Leinwand<\/td>\n<\/tr>\n<tr>\n<td style=\"width: 180px; height: 21px;\" height=\"21\">Gefunden:<\/td>\n<td>Carnegie Museum of Art, Pittsburgh, USA<\/td>\n<\/tr>\n<\/tbody>\n<colgroup> <\/colgroup>\n<\/table>\n<p>Das Gem\u00e4lde entstand in der kurzen Zeit, in der Renoir ein gemietetes Atelier in Montmartre hatte. Er w\u00e4hlte den Ort, weil er in der N\u00e4he der Moulin de la Galette lag, wo er eine andere Szene malte. Das Atelier in Montmartre hatte einen vernachl\u00e4ssigten Garten, in dem Renoir dieses \u00d6l auf Leinwand mit Dahlien malte, f\u00fcr das er saubere, helle Pigmentflecken verwendete. Obwohl die Merkmale der beiden Figuren im Hintergrund unklar sind, herrscht die Meinung vor, dass es sich um Claude Monet und Alfred Sisley handelt.<\/p>\n<\/div>","protected":false},"excerpt":{"rendered":"<p>[vc_row css=&#8221;.vc_custom_1735985948425{margin-bottom: 10px !important;}&#8221;][vc_column][\/vc_column][\/vc_row][vc_row css=&#8221;.vc_custom_1735985948425{margin-bottom: 10px !important;}&#8221;][vc_column][\/vc_column][\/vc_row][vc_row css=&#8221;.vc_custom_1735985948425{margin-bottom: 10px !important;}&#8221;][vc_column][\/vc_column][\/vc_row][vc_row css=&#8221;.vc_custom_1735985948425{margin-bottom: 10px !important;}&#8221;][vc_column][\/vc_column][\/vc_row][vc_row css=&#8221;.vc_custom_1735985948425{margin-bottom: 10px !important;}&#8221;][vc_column][\/vc_column][\/vc_row][vc_row][vc_column][vc_column_text] Pierre A. Renoir \u2013 Garten in der Rue Cortot &nbsp; Jahr der Erstellung: 1876 Originalgr\u00f6\u00dfe: 97,5 cm x 151,8 cm Malstil: Impressionismus Originaltechnik: \u00d6l auf Leinwand Gefunden: Carnegie Museum of Art, Pittsburgh, USA Das [&hellip;]<\/p>\n","protected":false},"featured_media":63641,"template":"","meta":{"_acf_changed":false},"product_brand":[],"product_cat":[8466],"product_tag":[8521,8512,8513,8514],"class_list":{"0":"post-68203","1":"product","2":"type-product","3":"status-publish","4":"has-post-thumbnail","6":"product_cat-pierre-a-renoir-de","7":"product_tag-maler","8":"product_tag-renoir-de","9":"product_tag-reproduktion","10":"product_tag-reproduktionen","11":"pa_dimenzija-120-x-190-cm-de","12":"pa_dimenzija-40-x-60-cm-de","13":"pa_dimenzija-50-x-80-cm-de","14":"pa_dimenzija-60-x-90-cm-de","15":"pa_dimenzija-70-x-110-cm-de","16":"pa_dimenzija-80-x-125-cm-de","17":"pa_dimenzija-90-x-140-cm-de","18":"pa_dimenzija-98-x-152-cm-de","19":"pa_oblika-vertikal","20":"pa_okvir-ohne-rahmen","21":"pa_podokvir-ja","22":"pa_podokvir-nein","24":"first","25":"onbackorder","26":"purchasable","27":"product-type-variable","28":"has-default-attributes"},"acf":[],"yoast_head":"<!-- This site is optimized with the Yoast SEO Premium plugin v26.0 (Yoast SEO v27.2) - https:\/\/yoast.com\/product\/yoast-seo-premium-wordpress\/ -->\n<title>Pierre A. Renoir - Garden in the rue Cortot - SVETSLIK.SI - 100% handgemalt<\/title>\n<meta name=\"description\" content=\"Pierre A. Renoir - Garden in the rue Cortot - 100% handgemalte Gem\u00e4lde - Verkauf von Reproduktionen ber\u00fchmter Gem\u00e4lde und abstrakter Kunst - Wandbilder f\u00fcr das Wohnzimmer\" \/>\n<meta name=\"robots\" content=\"index, follow, max-snippet:-1, max-image-preview:large, max-video-preview:-1\" \/>\n<link rel=\"canonical\" href=\"https:\/\/svetslik.si\/de\/pierre-a-renoir-de\/garden-in-the-rue-cortot\/\" \/>\n<meta property=\"og:locale\" content=\"de_DE\" \/>\n<meta property=\"og:type\" content=\"article\" \/>\n<meta property=\"og:title\" content=\"Pierre A. Renoir - Garden in the rue Cortot\" \/>\n<meta property=\"og:description\" content=\"100% ro\u010dno naslikane slike na platnu, reprodukcije znanih slikarjev in umetni\u0161ke slike po naro\u010dilu.\" \/>\n<meta property=\"og:url\" content=\"https:\/\/svetslik.si\/de\/pierre-a-renoir-de\/garden-in-the-rue-cortot\/\" \/>\n<meta property=\"og:site_name\" content=\"SVETSLIK.SI\" \/>\n<meta property=\"article:publisher\" content=\"https:\/\/www.facebook.com\/svetslik.si\" \/>\n<meta property=\"article:modified_time\" content=\"2026-03-22T19:10:37+00:00\" \/>\n<meta property=\"og:image\" content=\"https:\/\/svetslik.si\/wp-content\/uploads\/2021\/08\/image_Garden-in-the-rue-Cortot-Renoir_680-scaled.jpg\" \/>\n\t<meta property=\"og:image:width\" content=\"1617\" \/>\n\t<meta property=\"og:image:height\" content=\"2560\" \/>\n\t<meta property=\"og:image:type\" content=\"image\/jpeg\" \/>\n<meta name=\"twitter:card\" content=\"summary_large_image\" \/>\n<meta name=\"twitter:site\" content=\"@svetslik\" \/>\n<meta name=\"twitter:label1\" content=\"Verf\u00fcgbarkeit\" \/>\n\t<meta name=\"twitter:data1\" content=\"bei Nachbestellung\" \/>\n<script type=\"application\/ld+json\" class=\"yoast-schema-graph\">{\"@context\":\"https:\/\/schema.org\",\"@graph\":[{\"@type\":[\"WebPage\",\"ItemPage\"],\"@id\":\"https:\/\/svetslik.si\/de\/pierre-a-renoir-de\/garden-in-the-rue-cortot\/\",\"url\":\"https:\/\/svetslik.si\/de\/pierre-a-renoir-de\/garden-in-the-rue-cortot\/\",\"name\":\"Pierre A. Renoir - Garden in the rue Cortot - SVETSLIK.SI - 100% handgemalt\",\"isPartOf\":{\"@id\":\"https:\/\/svetslik.si\/de\/#website\"},\"primaryImageOfPage\":{\"@id\":\"https:\/\/svetslik.si\/de\/pierre-a-renoir-de\/garden-in-the-rue-cortot\/#primaryimage\"},\"image\":{\"@id\":\"https:\/\/svetslik.si\/de\/pierre-a-renoir-de\/garden-in-the-rue-cortot\/#primaryimage\"},\"thumbnailUrl\":\"https:\/\/svetslik.si\/wp-content\/uploads\/2021\/08\/image_Garden-in-the-rue-Cortot-Renoir_680-scaled.jpg\",\"datePublished\":\"2021-09-02T15:59:44+00:00\",\"dateModified\":\"2026-03-22T19:10:37+00:00\",\"description\":\"Pierre A. Renoir - Garden in the rue Cortot - 100% handgemalte Gem\u00e4lde - Verkauf von Reproduktionen ber\u00fchmter Gem\u00e4lde und abstrakter Kunst - Wandbilder f\u00fcr das Wohnzimmer\",\"breadcrumb\":{\"@id\":\"https:\/\/svetslik.si\/de\/pierre-a-renoir-de\/garden-in-the-rue-cortot\/#breadcrumb\"},\"inLanguage\":\"de\",\"potentialAction\":[{\"@type\":\"ReadAction\",\"target\":[\"https:\/\/svetslik.si\/de\/pierre-a-renoir-de\/garden-in-the-rue-cortot\/\"]}]},{\"@type\":\"ImageObject\",\"inLanguage\":\"de\",\"@id\":\"https:\/\/svetslik.si\/de\/pierre-a-renoir-de\/garden-in-the-rue-cortot\/#primaryimage\",\"url\":\"https:\/\/svetslik.si\/wp-content\/uploads\/2021\/08\/image_Garden-in-the-rue-Cortot-Renoir_680-scaled.jpg\",\"contentUrl\":\"https:\/\/svetslik.si\/wp-content\/uploads\/2021\/08\/image_Garden-in-the-rue-Cortot-Renoir_680-scaled.jpg\",\"width\":1617,\"height\":2560,\"caption\":\"Pierre A. Renoir - Garden in the rue Cortot (Garten in der Rue Cortot) - Gem\u00e4lde, Leinwandbilder, Reproduktion\"},{\"@type\":\"BreadcrumbList\",\"@id\":\"https:\/\/svetslik.si\/de\/pierre-a-renoir-de\/garden-in-the-rue-cortot\/#breadcrumb\",\"itemListElement\":[{\"@type\":\"ListItem\",\"position\":1,\"name\":\"Wandkunst und Gem\u00e4lde auf Leinwand\",\"item\":\"https:\/\/svetslik.si\/de\/\"},{\"@type\":\"ListItem\",\"position\":2,\"name\":\"Verkauf von Gem\u00e4lden\",\"item\":\"https:\/\/svetslik.si\/prodaja-slik\/\"},{\"@type\":\"ListItem\",\"position\":3,\"name\":\"Pierre A. Renoir &#8211; Garden in the rue Cortot\"}]},{\"@type\":\"WebSite\",\"@id\":\"https:\/\/svetslik.si\/de\/#website\",\"url\":\"https:\/\/svetslik.si\/de\/\",\"name\":\"SVETSLIK.SI\",\"description\":\"100% handgemalte Reproduktionen von Gem\u00e4lden ber\u00fchmter Maler und Gem\u00e4lde auf Leinwand.\",\"publisher\":{\"@id\":\"https:\/\/svetslik.si\/de\/#organization\"},\"potentialAction\":[{\"@type\":\"SearchAction\",\"target\":{\"@type\":\"EntryPoint\",\"urlTemplate\":\"https:\/\/svetslik.si\/de\/?s={search_term_string}\"},\"query-input\":{\"@type\":\"PropertyValueSpecification\",\"valueRequired\":true,\"valueName\":\"search_term_string\"}}],\"inLanguage\":\"de\"},{\"@type\":\"Organization\",\"@id\":\"https:\/\/svetslik.si\/de\/#organization\",\"name\":\"SvetSlik.si\",\"url\":\"https:\/\/svetslik.si\/de\/\",\"logo\":{\"@type\":\"ImageObject\",\"inLanguage\":\"de\",\"@id\":\"https:\/\/svetslik.si\/de\/#\/schema\/logo\/image\/\",\"url\":\"https:\/\/svetslik.si\/wp-content\/uploads\/2020\/12\/logo-512.png\",\"contentUrl\":\"https:\/\/svetslik.si\/wp-content\/uploads\/2020\/12\/logo-512.png\",\"width\":512,\"height\":512,\"caption\":\"SvetSlik.si\"},\"image\":{\"@id\":\"https:\/\/svetslik.si\/de\/#\/schema\/logo\/image\/\"},\"sameAs\":[\"https:\/\/www.facebook.com\/svetslik.si\",\"https:\/\/x.com\/svetslik\",\"https:\/\/www.instagram.com\/svetslik.si\/\",\"https:\/\/www.linkedin.com\/company\/svetslik-si\"]}]}<\/script>\n<meta property=\"og:availability\" content=\"backorder\" \/>\n<meta property=\"product:availability\" content=\"available for order\" \/>\n<meta property=\"product:retailer_item_id\" content=\"344__\" \/>\n<meta property=\"product:condition\" content=\"new\" \/>\n<!-- \/ Yoast SEO Premium plugin. -->","yoast_head_json":{"title":"Pierre A. Renoir - Garden in the rue Cortot - SVETSLIK.SI - 100% handgemalt","description":"Pierre A. Renoir - Garden in the rue Cortot - 100% handgemalte Gem\u00e4lde - Verkauf von Reproduktionen ber\u00fchmter Gem\u00e4lde und abstrakter Kunst - Wandbilder f\u00fcr das Wohnzimmer","robots":{"index":"index","follow":"follow","max-snippet":"max-snippet:-1","max-image-preview":"max-image-preview:large","max-video-preview":"max-video-preview:-1"},"canonical":"https:\/\/svetslik.si\/de\/pierre-a-renoir-de\/garden-in-the-rue-cortot\/","og_locale":"de_DE","og_type":"article","og_title":"Pierre A. Renoir - Garden in the rue Cortot","og_description":"100% ro\u010dno naslikane slike na platnu, reprodukcije znanih slikarjev in umetni\u0161ke slike po naro\u010dilu.","og_url":"https:\/\/svetslik.si\/de\/pierre-a-renoir-de\/garden-in-the-rue-cortot\/","og_site_name":"SVETSLIK.SI","article_publisher":"https:\/\/www.facebook.com\/svetslik.si","article_modified_time":"2026-03-22T19:10:37+00:00","og_image":[{"width":1617,"height":2560,"url":"https:\/\/svetslik.si\/wp-content\/uploads\/2021\/08\/image_Garden-in-the-rue-Cortot-Renoir_680-scaled.jpg","type":"image\/jpeg"}],"twitter_card":"summary_large_image","twitter_site":"@svetslik","twitter_misc":{"Verf\u00fcgbarkeit":"bei Nachbestellung"},"schema":{"@context":"https:\/\/schema.org","@graph":[{"@type":["WebPage","ItemPage"],"@id":"https:\/\/svetslik.si\/de\/pierre-a-renoir-de\/garden-in-the-rue-cortot\/","url":"https:\/\/svetslik.si\/de\/pierre-a-renoir-de\/garden-in-the-rue-cortot\/","name":"Pierre A. Renoir - Garden in the rue Cortot - SVETSLIK.SI - 100% handgemalt","isPartOf":{"@id":"https:\/\/svetslik.si\/de\/#website"},"primaryImageOfPage":{"@id":"https:\/\/svetslik.si\/de\/pierre-a-renoir-de\/garden-in-the-rue-cortot\/#primaryimage"},"image":{"@id":"https:\/\/svetslik.si\/de\/pierre-a-renoir-de\/garden-in-the-rue-cortot\/#primaryimage"},"thumbnailUrl":"https:\/\/svetslik.si\/wp-content\/uploads\/2021\/08\/image_Garden-in-the-rue-Cortot-Renoir_680-scaled.jpg","datePublished":"2021-09-02T15:59:44+00:00","dateModified":"2026-03-22T19:10:37+00:00","description":"Pierre A. Renoir - Garden in the rue Cortot - 100% handgemalte Gem\u00e4lde - Verkauf von Reproduktionen ber\u00fchmter Gem\u00e4lde und abstrakter Kunst - Wandbilder f\u00fcr das Wohnzimmer","breadcrumb":{"@id":"https:\/\/svetslik.si\/de\/pierre-a-renoir-de\/garden-in-the-rue-cortot\/#breadcrumb"},"inLanguage":"de","potentialAction":[{"@type":"ReadAction","target":["https:\/\/svetslik.si\/de\/pierre-a-renoir-de\/garden-in-the-rue-cortot\/"]}]},{"@type":"ImageObject","inLanguage":"de","@id":"https:\/\/svetslik.si\/de\/pierre-a-renoir-de\/garden-in-the-rue-cortot\/#primaryimage","url":"https:\/\/svetslik.si\/wp-content\/uploads\/2021\/08\/image_Garden-in-the-rue-Cortot-Renoir_680-scaled.jpg","contentUrl":"https:\/\/svetslik.si\/wp-content\/uploads\/2021\/08\/image_Garden-in-the-rue-Cortot-Renoir_680-scaled.jpg","width":1617,"height":2560,"caption":"Pierre A. Renoir - Garden in the rue Cortot (Garten in der Rue Cortot) - Gem\u00e4lde, Leinwandbilder, Reproduktion"},{"@type":"BreadcrumbList","@id":"https:\/\/svetslik.si\/de\/pierre-a-renoir-de\/garden-in-the-rue-cortot\/#breadcrumb","itemListElement":[{"@type":"ListItem","position":1,"name":"Wandkunst und Gem\u00e4lde auf Leinwand","item":"https:\/\/svetslik.si\/de\/"},{"@type":"ListItem","position":2,"name":"Verkauf von Gem\u00e4lden","item":"https:\/\/svetslik.si\/prodaja-slik\/"},{"@type":"ListItem","position":3,"name":"Pierre A. Renoir &#8211; Garden in the rue Cortot"}]},{"@type":"WebSite","@id":"https:\/\/svetslik.si\/de\/#website","url":"https:\/\/svetslik.si\/de\/","name":"SVETSLIK.SI","description":"100% handgemalte Reproduktionen von Gem\u00e4lden ber\u00fchmter Maler und Gem\u00e4lde auf Leinwand.","publisher":{"@id":"https:\/\/svetslik.si\/de\/#organization"},"potentialAction":[{"@type":"SearchAction","target":{"@type":"EntryPoint","urlTemplate":"https:\/\/svetslik.si\/de\/?s={search_term_string}"},"query-input":{"@type":"PropertyValueSpecification","valueRequired":true,"valueName":"search_term_string"}}],"inLanguage":"de"},{"@type":"Organization","@id":"https:\/\/svetslik.si\/de\/#organization","name":"SvetSlik.si","url":"https:\/\/svetslik.si\/de\/","logo":{"@type":"ImageObject","inLanguage":"de","@id":"https:\/\/svetslik.si\/de\/#\/schema\/logo\/image\/","url":"https:\/\/svetslik.si\/wp-content\/uploads\/2020\/12\/logo-512.png","contentUrl":"https:\/\/svetslik.si\/wp-content\/uploads\/2020\/12\/logo-512.png","width":512,"height":512,"caption":"SvetSlik.si"},"image":{"@id":"https:\/\/svetslik.si\/de\/#\/schema\/logo\/image\/"},"sameAs":["https:\/\/www.facebook.com\/svetslik.si","https:\/\/x.com\/svetslik","https:\/\/www.instagram.com\/svetslik.si\/","https:\/\/www.linkedin.com\/company\/svetslik-si"]}]},"og_availability":"backorder","product_availability":"available for order","product_retailer_item_id":"344__","product_condition":"new"},"jetpack_sharing_enabled":true,"_links":{"self":[{"href":"https:\/\/svetslik.si\/de\/wp-json\/wp\/v2\/product\/68203","targetHints":{"allow":["GET"]}}],"collection":[{"href":"https:\/\/svetslik.si\/de\/wp-json\/wp\/v2\/product"}],"about":[{"href":"https:\/\/svetslik.si\/de\/wp-json\/wp\/v2\/types\/product"}],"wp:featuredmedia":[{"embeddable":true,"href":"https:\/\/svetslik.si\/de\/wp-json\/wp\/v2\/media\/63641"}],"wp:attachment":[{"href":"https:\/\/svetslik.si\/de\/wp-json\/wp\/v2\/media?parent=68203"}],"wp:term":[{"taxonomy":"product_brand","embeddable":true,"href":"https:\/\/svetslik.si\/de\/wp-json\/wp\/v2\/product_brand?post=68203"},{"taxonomy":"product_cat","embeddable":true,"href":"https:\/\/svetslik.si\/de\/wp-json\/wp\/v2\/product_cat?post=68203"},{"taxonomy":"product_tag","embeddable":true,"href":"https:\/\/svetslik.si\/de\/wp-json\/wp\/v2\/product_tag?post=68203"}],"curies":[{"name":"wp","href":"https:\/\/api.w.org\/{rel}","templated":true}]}}