{"id":68257,"date":"2021-09-02T18:00:30","date_gmt":"2021-09-02T16:00:30","guid":{"rendered":"https:\/\/svetslik.si\/unkategorisiert\/remorse-or-sphinx-embedded-in-the-sand\/"},"modified":"2026-03-22T20:12:12","modified_gmt":"2026-03-22T19:12:12","slug":"remorse-or-sphinx-embedded-in-the-sand","status":"publish","type":"product","link":"https:\/\/svetslik.si\/de\/salvador-dali-de\/remorse-or-sphinx-embedded-in-the-sand\/","title":{"rendered":"Salvador Dali &#8211; Remorse or Sphinx Embedded in the Sand"},"content":{"rendered":"<h1>Salvador Dali \u2013 Reue oder Sphinx eingebettet im Sand<\/h1>\n<p>&nbsp;<\/p>\n<table style=\"width: 673px\" border=\"0\" width=\"673\" cellpadding=\"0\">\n<tbody>\n<tr>\n<td style=\"width: 180px;height: 21px\" height=\"21\">Erstellungsjahr:<\/td>\n<td style=\"width: 493px\">1931<\/td>\n<\/tr>\n<tr>\n<td style=\"width: 180px;height: 21px\" height=\"21\">Originalgr\u00f6\u00dfe:<\/td>\n<td style=\"width: 493px\">26,7 cm x 19,1 cm<\/td>\n<\/tr>\n<tr>\n<td style=\"width: 180px;height: 21px\" height=\"21\">Lackstil:<\/td>\n<td>\n<div>\n<div>\n<div>\n<div>\n<div>Surrealismus<\/div>\n<\/div>\n<\/div>\n<\/div>\n<\/div>\n<\/td>\n<\/tr>\n<tr>\n<td style=\"width: 180px;height: 21px\" height=\"21\">Originaltechnik:<\/td>\n<td>\u00d6l auf Leinwand<\/td>\n<\/tr>\n<tr>\n<td style=\"width: 180px;height: 21px\" height=\"21\">Standort:<\/td>\n<td>Kresge Art Museum, Michigan State University, East Lansing<\/td>\n<\/tr>\n<\/tbody>\n<colgroup>\n<col \/>\n<col \/> <\/colgroup>\n<\/table>\n<p>Salvador Dal\u00eds Gem\u00e4lde \u201eBedauern oder die Sphinx im Sand\u201c ist ein surrealistisches Gem\u00e4lde, das atemberaubend ist und zum Nachdenken anregt. Das Bild zeigt die Gro\u00dfe Sphinx, ein Fabelwesen mit dem K\u00f6rper eines L\u00f6wen und dem Kopf eines Menschen, eingebettet im Sand. Die Sphinx, deren Kopf in den H\u00e4nden vergraben ist, scheint Bu\u00dfe zu tun.<\/p>\n<p>Das Gem\u00e4lde soll die zerst\u00f6rerische Natur des Krieges und die menschliche Verfassung kommentieren. Dal\u00ed verwendete in seinen Werken h\u00e4ufig Symbole und Bilder aus der antiken Mythologie, und die Sphinx ist in diesem Gem\u00e4lde ein besonders kraftvolles Symbol. Die Sphinx ist bekannt f\u00fcr ihre R\u00e4tsel und ihre F\u00e4higkeit, Geheimnisse zu bewahren, und auf diesem Bild scheint sie ein Geheimnis zu h\u00fcten, das sie bereut.<\/p>\n<p>Auch die Verwendung der Sphinx betont das Thema des \u00dcbergangs im Gem\u00e4lde. Die Sphinx ist ein Wesen, das sowohl Mensch als auch Tier ist und einen \u00dcbergang zwischen beiden darstellt. Dieses Thema des \u00dcbergangs wird durch die Szene im Gem\u00e4lde noch verst\u00e4rkt, bei der es sich um eine W\u00fcste handelt, einen Ort des \u00dcbergangs und der Ver\u00e4nderung.<\/p>\n<p>Auch die Verwendung von Sand im Gem\u00e4lde tr\u00e4gt zum surrealen Charakter des Gem\u00e4ldes bei. Die Sphinx scheint im Sand zu versinken, als w\u00fcrde der Sand sie verschlucken. Dies verst\u00e4rkt das Gef\u00fchl der Verzweiflung und Hoffnungslosigkeit im Bild.<\/p>\n<p>Insgesamt ist \u201eRegret or the Sphinx Burrowing in the Sand\u201c ein kraftvolles Gem\u00e4lde, das sich mit den Themen Krieg, menschliche Existenz und \u00dcbergang besch\u00e4ftigt. Das Gem\u00e4lde ist ein Muss f\u00fcr Fans von Salvador Dal\u00ed und surrealistischer Kunst.<\/p>\n","protected":false},"excerpt":{"rendered":"<p>Salvador Dali \u2013 Reue oder Sphinx eingebettet im Sand &nbsp; Erstellungsjahr: 1931 Originalgr\u00f6\u00dfe: 26,7 cm x 19,1 cm Lackstil: Surrealismus Originaltechnik: \u00d6l auf Leinwand Standort: Kresge Art Museum, Michigan State University, East Lansing Salvador Dal\u00eds Gem\u00e4lde \u201eBedauern oder die Sphinx im Sand\u201c ist ein surrealistisches Gem\u00e4lde, das atemberaubend ist und [&hellip;]<\/p>\n","protected":false},"featured_media":63979,"template":"","meta":{"_acf_changed":false},"product_brand":[],"product_cat":[8452],"product_tag":[8482,8521,8513,8514,8519],"class_list":{"0":"post-68257","1":"product","2":"type-product","3":"status-publish","4":"has-post-thumbnail","6":"product_cat-salvador-dali-de","7":"product_tag-dali-de","8":"product_tag-maler","9":"product_tag-reproduktion","10":"product_tag-reproduktionen","11":"product_tag-salvador-dali-de","12":"pa_dimenzija-100-x-70-cm","13":"pa_dimenzija-120-x-90-cm","14":"pa_dimenzija-150-x-110-cm","15":"pa_dimenzija-200-x-140-cm","16":"pa_dimenzija-27-x-19-cm","17":"pa_dimenzija-50-x-35-cm","18":"pa_dimenzija-60-x-40-cm","19":"pa_dimenzija-80-x-60-cm","20":"pa_oblika-horizontal-de","21":"pa_okvir-ohne-rahmen","22":"pa_podokvir-ja","23":"pa_podokvir-nein","25":"first","26":"onbackorder","27":"purchasable","28":"product-type-variable","29":"has-default-attributes"},"acf":[],"yoast_head":"<!-- This site is optimized with the Yoast SEO Premium plugin v26.0 (Yoast SEO v27.2) - https:\/\/yoast.com\/product\/yoast-seo-premium-wordpress\/ -->\n<title>Salvador Dali - Remorse or Sphinx Embedded in the Sand - SVETSLIK.SI - 100% handgemalt<\/title>\n<meta name=\"description\" content=\"Salvador Dali - Remorse or Sphinx Embedded in the Sand - 100% handgemalte Gem\u00e4lde - Verkauf von Reproduktionen ber\u00fchmter Gem\u00e4lde und abstrakter Kunst - Wandbilder f\u00fcr das Wohnzimmer\" \/>\n<meta name=\"robots\" content=\"index, follow, max-snippet:-1, max-image-preview:large, max-video-preview:-1\" \/>\n<link rel=\"canonical\" href=\"https:\/\/svetslik.si\/de\/salvador-dali-de\/remorse-or-sphinx-embedded-in-the-sand\/\" \/>\n<meta property=\"og:locale\" content=\"de_DE\" \/>\n<meta property=\"og:type\" content=\"article\" \/>\n<meta property=\"og:title\" content=\"Salvador Dali - Remorse or Sphinx Embedded in the Sand\" \/>\n<meta property=\"og:description\" content=\"100% ro\u010dno naslikane slike na platnu, reprodukcije znanih slikarjev in umetni\u0161ke slike po naro\u010dilu.\" \/>\n<meta property=\"og:url\" content=\"https:\/\/svetslik.si\/de\/salvador-dali-de\/remorse-or-sphinx-embedded-in-the-sand\/\" \/>\n<meta property=\"og:site_name\" content=\"SVETSLIK.SI\" \/>\n<meta property=\"article:publisher\" content=\"https:\/\/www.facebook.com\/svetslik.si\" \/>\n<meta property=\"article:modified_time\" content=\"2026-03-22T19:12:12+00:00\" \/>\n<meta property=\"og:image\" content=\"https:\/\/svetslik.si\/wp-content\/uploads\/2021\/08\/image_Remorse-or-Sphinx-Embedded-in-the-Sand-Leinwandbilder-leinwand-bilder-leinwand-bild-bild-leinwand-leinwnde-bilder-Bilder-leiwand-bilder-auf-leinwand-bild-auf-leinwand-Leinwand-XXL-Kunstdrucke_680.jpg\" \/>\n\t<meta property=\"og:image:width\" content=\"1800\" \/>\n\t<meta property=\"og:image:height\" content=\"1273\" \/>\n\t<meta property=\"og:image:type\" content=\"image\/jpeg\" \/>\n<meta name=\"twitter:card\" content=\"summary_large_image\" \/>\n<meta name=\"twitter:site\" content=\"@svetslik\" \/>\n<meta name=\"twitter:label1\" content=\"Verf\u00fcgbarkeit\" \/>\n\t<meta name=\"twitter:data1\" content=\"bei Nachbestellung\" \/>\n<script type=\"application\/ld+json\" class=\"yoast-schema-graph\">{\"@context\":\"https:\/\/schema.org\",\"@graph\":[{\"@type\":[\"WebPage\",\"ItemPage\"],\"@id\":\"https:\/\/svetslik.si\/de\/salvador-dali-de\/remorse-or-sphinx-embedded-in-the-sand\/\",\"url\":\"https:\/\/svetslik.si\/de\/salvador-dali-de\/remorse-or-sphinx-embedded-in-the-sand\/\",\"name\":\"Salvador Dali - Remorse or Sphinx Embedded in the Sand - SVETSLIK.SI - 100% handgemalt\",\"isPartOf\":{\"@id\":\"https:\/\/svetslik.si\/de\/#website\"},\"primaryImageOfPage\":{\"@id\":\"https:\/\/svetslik.si\/de\/salvador-dali-de\/remorse-or-sphinx-embedded-in-the-sand\/#primaryimage\"},\"image\":{\"@id\":\"https:\/\/svetslik.si\/de\/salvador-dali-de\/remorse-or-sphinx-embedded-in-the-sand\/#primaryimage\"},\"thumbnailUrl\":\"https:\/\/svetslik.si\/wp-content\/uploads\/2021\/08\/image_Remorse-or-Sphinx-Embedded-in-the-Sand-Leinwandbilder-leinwand-bilder-leinwand-bild-bild-leinwand-leinwnde-bilder-Bilder-leiwand-bilder-auf-leinwand-bild-auf-leinwand-Leinwand-XXL-Kunstdrucke_680.jpg\",\"datePublished\":\"2021-09-02T16:00:30+00:00\",\"dateModified\":\"2026-03-22T19:12:12+00:00\",\"description\":\"Salvador Dali - Remorse or Sphinx Embedded in the Sand - 100% handgemalte Gem\u00e4lde - Verkauf von Reproduktionen ber\u00fchmter Gem\u00e4lde und abstrakter Kunst - Wandbilder f\u00fcr das Wohnzimmer\",\"breadcrumb\":{\"@id\":\"https:\/\/svetslik.si\/de\/salvador-dali-de\/remorse-or-sphinx-embedded-in-the-sand\/#breadcrumb\"},\"inLanguage\":\"de\",\"potentialAction\":[{\"@type\":\"ReadAction\",\"target\":[\"https:\/\/svetslik.si\/de\/salvador-dali-de\/remorse-or-sphinx-embedded-in-the-sand\/\"]}]},{\"@type\":\"ImageObject\",\"inLanguage\":\"de\",\"@id\":\"https:\/\/svetslik.si\/de\/salvador-dali-de\/remorse-or-sphinx-embedded-in-the-sand\/#primaryimage\",\"url\":\"https:\/\/svetslik.si\/wp-content\/uploads\/2021\/08\/image_Remorse-or-Sphinx-Embedded-in-the-Sand-Leinwandbilder-leinwand-bilder-leinwand-bild-bild-leinwand-leinwnde-bilder-Bilder-leiwand-bilder-auf-leinwand-bild-auf-leinwand-Leinwand-XXL-Kunstdrucke_680.jpg\",\"contentUrl\":\"https:\/\/svetslik.si\/wp-content\/uploads\/2021\/08\/image_Remorse-or-Sphinx-Embedded-in-the-Sand-Leinwandbilder-leinwand-bilder-leinwand-bild-bild-leinwand-leinwnde-bilder-Bilder-leiwand-bilder-auf-leinwand-bild-auf-leinwand-Leinwand-XXL-Kunstdrucke_680.jpg\",\"width\":1800,\"height\":1273,\"caption\":\"Salvador Dali - Remorse or Sphinx Embedded in the Sand (Reue oder Sphinx im Sand eingebettet) Gem\u00e4lde, Leinwandbilder - 100% handgemalte, Reproduktionen ber\u00fchmter Gem\u00e4lde, Gem\u00e4lde kaufen, Wandbilder Wohnzimmer, ber\u00fchmtes Gem\u00e4lde, \u00d6lgem\u00e4lde, Bilderrahmen\"},{\"@type\":\"BreadcrumbList\",\"@id\":\"https:\/\/svetslik.si\/de\/salvador-dali-de\/remorse-or-sphinx-embedded-in-the-sand\/#breadcrumb\",\"itemListElement\":[{\"@type\":\"ListItem\",\"position\":1,\"name\":\"Wandkunst und Gem\u00e4lde auf Leinwand\",\"item\":\"https:\/\/svetslik.si\/de\/\"},{\"@type\":\"ListItem\",\"position\":2,\"name\":\"Verkauf von Gem\u00e4lden\",\"item\":\"https:\/\/svetslik.si\/prodaja-slik\/\"},{\"@type\":\"ListItem\",\"position\":3,\"name\":\"Salvador Dali &#8211; Remorse or Sphinx Embedded in the Sand\"}]},{\"@type\":\"WebSite\",\"@id\":\"https:\/\/svetslik.si\/de\/#website\",\"url\":\"https:\/\/svetslik.si\/de\/\",\"name\":\"SVETSLIK.SI\",\"description\":\"100% handgemalte Reproduktionen von Gem\u00e4lden ber\u00fchmter Maler und Gem\u00e4lde auf Leinwand.\",\"publisher\":{\"@id\":\"https:\/\/svetslik.si\/de\/#organization\"},\"potentialAction\":[{\"@type\":\"SearchAction\",\"target\":{\"@type\":\"EntryPoint\",\"urlTemplate\":\"https:\/\/svetslik.si\/de\/?s={search_term_string}\"},\"query-input\":{\"@type\":\"PropertyValueSpecification\",\"valueRequired\":true,\"valueName\":\"search_term_string\"}}],\"inLanguage\":\"de\"},{\"@type\":\"Organization\",\"@id\":\"https:\/\/svetslik.si\/de\/#organization\",\"name\":\"SvetSlik.si\",\"url\":\"https:\/\/svetslik.si\/de\/\",\"logo\":{\"@type\":\"ImageObject\",\"inLanguage\":\"de\",\"@id\":\"https:\/\/svetslik.si\/de\/#\/schema\/logo\/image\/\",\"url\":\"https:\/\/svetslik.si\/wp-content\/uploads\/2020\/12\/logo-512.png\",\"contentUrl\":\"https:\/\/svetslik.si\/wp-content\/uploads\/2020\/12\/logo-512.png\",\"width\":512,\"height\":512,\"caption\":\"SvetSlik.si\"},\"image\":{\"@id\":\"https:\/\/svetslik.si\/de\/#\/schema\/logo\/image\/\"},\"sameAs\":[\"https:\/\/www.facebook.com\/svetslik.si\",\"https:\/\/x.com\/svetslik\",\"https:\/\/www.instagram.com\/svetslik.si\/\",\"https:\/\/www.linkedin.com\/company\/svetslik-si\"]}]}<\/script>\n<meta property=\"og:availability\" content=\"backorder\" \/>\n<meta property=\"product:availability\" content=\"available for order\" \/>\n<meta property=\"product:retailer_item_id\" content=\"350__\" \/>\n<meta property=\"product:condition\" content=\"new\" \/>\n<!-- \/ Yoast SEO Premium plugin. -->","yoast_head_json":{"title":"Salvador Dali - Remorse or Sphinx Embedded in the Sand - SVETSLIK.SI - 100% handgemalt","description":"Salvador Dali - Remorse or Sphinx Embedded in the Sand - 100% handgemalte Gem\u00e4lde - Verkauf von Reproduktionen ber\u00fchmter Gem\u00e4lde und abstrakter Kunst - Wandbilder f\u00fcr das Wohnzimmer","robots":{"index":"index","follow":"follow","max-snippet":"max-snippet:-1","max-image-preview":"max-image-preview:large","max-video-preview":"max-video-preview:-1"},"canonical":"https:\/\/svetslik.si\/de\/salvador-dali-de\/remorse-or-sphinx-embedded-in-the-sand\/","og_locale":"de_DE","og_type":"article","og_title":"Salvador Dali - Remorse or Sphinx Embedded in the Sand","og_description":"100% ro\u010dno naslikane slike na platnu, reprodukcije znanih slikarjev in umetni\u0161ke slike po naro\u010dilu.","og_url":"https:\/\/svetslik.si\/de\/salvador-dali-de\/remorse-or-sphinx-embedded-in-the-sand\/","og_site_name":"SVETSLIK.SI","article_publisher":"https:\/\/www.facebook.com\/svetslik.si","article_modified_time":"2026-03-22T19:12:12+00:00","og_image":[{"width":1800,"height":1273,"url":"https:\/\/svetslik.si\/wp-content\/uploads\/2021\/08\/image_Remorse-or-Sphinx-Embedded-in-the-Sand-Leinwandbilder-leinwand-bilder-leinwand-bild-bild-leinwand-leinwnde-bilder-Bilder-leiwand-bilder-auf-leinwand-bild-auf-leinwand-Leinwand-XXL-Kunstdrucke_680.jpg","type":"image\/jpeg"}],"twitter_card":"summary_large_image","twitter_site":"@svetslik","twitter_misc":{"Verf\u00fcgbarkeit":"bei Nachbestellung"},"schema":{"@context":"https:\/\/schema.org","@graph":[{"@type":["WebPage","ItemPage"],"@id":"https:\/\/svetslik.si\/de\/salvador-dali-de\/remorse-or-sphinx-embedded-in-the-sand\/","url":"https:\/\/svetslik.si\/de\/salvador-dali-de\/remorse-or-sphinx-embedded-in-the-sand\/","name":"Salvador Dali - Remorse or Sphinx Embedded in the Sand - SVETSLIK.SI - 100% handgemalt","isPartOf":{"@id":"https:\/\/svetslik.si\/de\/#website"},"primaryImageOfPage":{"@id":"https:\/\/svetslik.si\/de\/salvador-dali-de\/remorse-or-sphinx-embedded-in-the-sand\/#primaryimage"},"image":{"@id":"https:\/\/svetslik.si\/de\/salvador-dali-de\/remorse-or-sphinx-embedded-in-the-sand\/#primaryimage"},"thumbnailUrl":"https:\/\/svetslik.si\/wp-content\/uploads\/2021\/08\/image_Remorse-or-Sphinx-Embedded-in-the-Sand-Leinwandbilder-leinwand-bilder-leinwand-bild-bild-leinwand-leinwnde-bilder-Bilder-leiwand-bilder-auf-leinwand-bild-auf-leinwand-Leinwand-XXL-Kunstdrucke_680.jpg","datePublished":"2021-09-02T16:00:30+00:00","dateModified":"2026-03-22T19:12:12+00:00","description":"Salvador Dali - Remorse or Sphinx Embedded in the Sand - 100% handgemalte Gem\u00e4lde - Verkauf von Reproduktionen ber\u00fchmter Gem\u00e4lde und abstrakter Kunst - Wandbilder f\u00fcr das Wohnzimmer","breadcrumb":{"@id":"https:\/\/svetslik.si\/de\/salvador-dali-de\/remorse-or-sphinx-embedded-in-the-sand\/#breadcrumb"},"inLanguage":"de","potentialAction":[{"@type":"ReadAction","target":["https:\/\/svetslik.si\/de\/salvador-dali-de\/remorse-or-sphinx-embedded-in-the-sand\/"]}]},{"@type":"ImageObject","inLanguage":"de","@id":"https:\/\/svetslik.si\/de\/salvador-dali-de\/remorse-or-sphinx-embedded-in-the-sand\/#primaryimage","url":"https:\/\/svetslik.si\/wp-content\/uploads\/2021\/08\/image_Remorse-or-Sphinx-Embedded-in-the-Sand-Leinwandbilder-leinwand-bilder-leinwand-bild-bild-leinwand-leinwnde-bilder-Bilder-leiwand-bilder-auf-leinwand-bild-auf-leinwand-Leinwand-XXL-Kunstdrucke_680.jpg","contentUrl":"https:\/\/svetslik.si\/wp-content\/uploads\/2021\/08\/image_Remorse-or-Sphinx-Embedded-in-the-Sand-Leinwandbilder-leinwand-bilder-leinwand-bild-bild-leinwand-leinwnde-bilder-Bilder-leiwand-bilder-auf-leinwand-bild-auf-leinwand-Leinwand-XXL-Kunstdrucke_680.jpg","width":1800,"height":1273,"caption":"Salvador Dali - Remorse or Sphinx Embedded in the Sand (Reue oder Sphinx im Sand eingebettet) Gem\u00e4lde, Leinwandbilder - 100% handgemalte, Reproduktionen ber\u00fchmter Gem\u00e4lde, Gem\u00e4lde kaufen, Wandbilder Wohnzimmer, ber\u00fchmtes Gem\u00e4lde, \u00d6lgem\u00e4lde, Bilderrahmen"},{"@type":"BreadcrumbList","@id":"https:\/\/svetslik.si\/de\/salvador-dali-de\/remorse-or-sphinx-embedded-in-the-sand\/#breadcrumb","itemListElement":[{"@type":"ListItem","position":1,"name":"Wandkunst und Gem\u00e4lde auf Leinwand","item":"https:\/\/svetslik.si\/de\/"},{"@type":"ListItem","position":2,"name":"Verkauf von Gem\u00e4lden","item":"https:\/\/svetslik.si\/prodaja-slik\/"},{"@type":"ListItem","position":3,"name":"Salvador Dali &#8211; Remorse or Sphinx Embedded in the Sand"}]},{"@type":"WebSite","@id":"https:\/\/svetslik.si\/de\/#website","url":"https:\/\/svetslik.si\/de\/","name":"SVETSLIK.SI","description":"100% handgemalte Reproduktionen von Gem\u00e4lden ber\u00fchmter Maler und Gem\u00e4lde auf Leinwand.","publisher":{"@id":"https:\/\/svetslik.si\/de\/#organization"},"potentialAction":[{"@type":"SearchAction","target":{"@type":"EntryPoint","urlTemplate":"https:\/\/svetslik.si\/de\/?s={search_term_string}"},"query-input":{"@type":"PropertyValueSpecification","valueRequired":true,"valueName":"search_term_string"}}],"inLanguage":"de"},{"@type":"Organization","@id":"https:\/\/svetslik.si\/de\/#organization","name":"SvetSlik.si","url":"https:\/\/svetslik.si\/de\/","logo":{"@type":"ImageObject","inLanguage":"de","@id":"https:\/\/svetslik.si\/de\/#\/schema\/logo\/image\/","url":"https:\/\/svetslik.si\/wp-content\/uploads\/2020\/12\/logo-512.png","contentUrl":"https:\/\/svetslik.si\/wp-content\/uploads\/2020\/12\/logo-512.png","width":512,"height":512,"caption":"SvetSlik.si"},"image":{"@id":"https:\/\/svetslik.si\/de\/#\/schema\/logo\/image\/"},"sameAs":["https:\/\/www.facebook.com\/svetslik.si","https:\/\/x.com\/svetslik","https:\/\/www.instagram.com\/svetslik.si\/","https:\/\/www.linkedin.com\/company\/svetslik-si"]}]},"og_availability":"backorder","product_availability":"available for order","product_retailer_item_id":"350__","product_condition":"new"},"jetpack_sharing_enabled":true,"_links":{"self":[{"href":"https:\/\/svetslik.si\/de\/wp-json\/wp\/v2\/product\/68257","targetHints":{"allow":["GET"]}}],"collection":[{"href":"https:\/\/svetslik.si\/de\/wp-json\/wp\/v2\/product"}],"about":[{"href":"https:\/\/svetslik.si\/de\/wp-json\/wp\/v2\/types\/product"}],"wp:featuredmedia":[{"embeddable":true,"href":"https:\/\/svetslik.si\/de\/wp-json\/wp\/v2\/media\/63979"}],"wp:attachment":[{"href":"https:\/\/svetslik.si\/de\/wp-json\/wp\/v2\/media?parent=68257"}],"wp:term":[{"taxonomy":"product_brand","embeddable":true,"href":"https:\/\/svetslik.si\/de\/wp-json\/wp\/v2\/product_brand?post=68257"},{"taxonomy":"product_cat","embeddable":true,"href":"https:\/\/svetslik.si\/de\/wp-json\/wp\/v2\/product_cat?post=68257"},{"taxonomy":"product_tag","embeddable":true,"href":"https:\/\/svetslik.si\/de\/wp-json\/wp\/v2\/product_tag?post=68257"}],"curies":[{"name":"wp","href":"https:\/\/api.w.org\/{rel}","templated":true}]}}