{"id":68284,"date":"2021-09-02T18:00:44","date_gmt":"2021-09-02T16:00:44","guid":{"rendered":"https:\/\/svetslik.si\/unkategorisiert\/study-for-the-dream-sequence-in-spellbound\/"},"modified":"2026-03-22T20:13:06","modified_gmt":"2026-03-22T19:13:06","slug":"study-for-the-dream-sequence-in-spellbound","status":"publish","type":"product","link":"https:\/\/svetslik.si\/de\/salvador-dali-de\/study-for-the-dream-sequence-in-spellbound\/","title":{"rendered":"Salvador Dali &#8211; Study for the dream sequence in Spellbound"},"content":{"rendered":"<div class=\"wpb-content-wrapper\">[vc_row][vc_column][vc_column_text css=&#8221;&#8221;]\n<p data-pm-slice=\"1 1 []\"><div class=\"yt-lazy-video ratio-square\" data-id=\"H23bhGRfVzA\"><\/div>\n[\/vc_column][\/vc_row][vc_row css=&#8221;.vc_custom_1714247889896{margin-bottom: 10px !important;}&#8221;][vc_column]\t<div class=\"et-image-194 et-image     et_image_link\">\n\t\t<div class=\"et-image-inner \">\n\t\t\t\t\t\t\t<div class=\"et-image-thumb \">\n\t\t\t\t\t<img decoding=\"async\" width=\"1000\" height=\"1044\" src=\"https:\/\/svetslik.si\/wp-content\/uploads\/2021\/09\/Salvador-dali-study-for-the-dream-sequence-in-spellbound-2.jpg\" class=\"attachment-full\" alt=\"Salvador Dali - Study for the dream sequence in Spellbound\" title=\"Salvador Dali - Study for the dream sequence in Spellbound\" srcset=\"https:\/\/svetslik.si\/wp-content\/uploads\/2021\/09\/Salvador-dali-study-for-the-dream-sequence-in-spellbound-2.jpg 1000w, https:\/\/svetslik.si\/wp-content\/uploads\/2021\/09\/Salvador-dali-study-for-the-dream-sequence-in-spellbound-2-600x626.jpg 600w, https:\/\/svetslik.si\/wp-content\/uploads\/2021\/09\/Salvador-dali-study-for-the-dream-sequence-in-spellbound-2-287x300.jpg 287w, https:\/\/svetslik.si\/wp-content\/uploads\/2021\/09\/Salvador-dali-study-for-the-dream-sequence-in-spellbound-2-981x1024.jpg 981w, https:\/\/svetslik.si\/wp-content\/uploads\/2021\/09\/Salvador-dali-study-for-the-dream-sequence-in-spellbound-2-768x802.jpg 768w, https:\/\/svetslik.si\/wp-content\/uploads\/2021\/09\/Salvador-dali-study-for-the-dream-sequence-in-spellbound-2-144x150.jpg 144w, https:\/\/svetslik.si\/wp-content\/uploads\/2021\/09\/Salvador-dali-study-for-the-dream-sequence-in-spellbound-2-900x940.jpg 900w\" sizes=\"(max-width: 1000px) 100vw, 1000px\" \/>\t\t\t\t<\/div>\n\t\t\t\t\t\t\t\t\t\t\t<\/div>\n\t<\/div>\n  [\/vc_column][\/vc_row][vc_row css=&#8221;.vc_custom_1714247889896{margin-bottom: 10px !important;}&#8221;][vc_column]\t<div class=\"et-image-584 et-image     et_image_link\">\n\t\t<div class=\"et-image-inner \">\n\t\t\t\t\t\t\t<div class=\"et-image-thumb \">\n\t\t\t\t\t<img decoding=\"async\" width=\"1000\" height=\"1018\" src=\"https:\/\/svetslik.si\/wp-content\/uploads\/2021\/09\/Salvador-dali-study-for-the-dream-sequence-in-spellbound.jpg\" class=\"attachment-full\" alt=\"Salvador Dali - Study for the dream sequence in Spellbound\" title=\"Salvador Dali - Study for the dream sequence in Spellbound\" srcset=\"https:\/\/svetslik.si\/wp-content\/uploads\/2021\/09\/Salvador-dali-study-for-the-dream-sequence-in-spellbound.jpg 1000w, https:\/\/svetslik.si\/wp-content\/uploads\/2021\/09\/Salvador-dali-study-for-the-dream-sequence-in-spellbound-600x611.jpg 600w, https:\/\/svetslik.si\/wp-content\/uploads\/2021\/09\/Salvador-dali-study-for-the-dream-sequence-in-spellbound-295x300.jpg 295w, https:\/\/svetslik.si\/wp-content\/uploads\/2021\/09\/Salvador-dali-study-for-the-dream-sequence-in-spellbound-768x782.jpg 768w, https:\/\/svetslik.si\/wp-content\/uploads\/2021\/09\/Salvador-dali-study-for-the-dream-sequence-in-spellbound-147x150.jpg 147w, https:\/\/svetslik.si\/wp-content\/uploads\/2021\/09\/Salvador-dali-study-for-the-dream-sequence-in-spellbound-900x916.jpg 900w\" sizes=\"(max-width: 1000px) 100vw, 1000px\" \/>\t\t\t\t<\/div>\n\t\t\t\t\t\t\t\t\t\t\t<\/div>\n\t<\/div>\n  [\/vc_column][\/vc_row][vc_row][vc_column][vc_column_text]\n<h1>Salvador Dali \u2013 Studie f\u00fcr die Traumsequenz in Spellbound<\/h1>\n<p>&nbsp;<\/p>\n<table style=\"width: 673px;\" border=\"0\" width=\"673\" cellpadding=\"0\">\n<tbody>\n<tr>\n<td style=\"width: 180px; height: 21px;\" height=\"21\">Erstellungsjahr:<\/td>\n<td style=\"width: 493px;\">1944<\/td>\n<\/tr>\n<tr>\n<td style=\"width: 180px; height: 21px;\" height=\"21\">Originalgr\u00f6\u00dfe:<\/td>\n<td style=\"width: 493px;\">84 cm x 58,7 cm<\/td>\n<\/tr>\n<tr>\n<td style=\"width: 180px; height: 21px;\" height=\"21\">Lackstil:<\/td>\n<td>\n<div>\n<div>\n<div>\n<div>\n<div>Surrealismus<\/div>\n<\/div>\n<\/div>\n<\/div>\n<\/div>\n<\/td>\n<\/tr>\n<tr>\n<td style=\"width: 180px; height: 21px;\" height=\"21\">Originaltechnik:<\/td>\n<td>\u00d6l auf Leinwand<\/td>\n<\/tr>\n<tr>\n<td style=\"width: 180px; height: 21px;\" height=\"21\">Standort:<\/td>\n<td>Privatsammlung<\/td>\n<\/tr>\n<\/tbody>\n<colgroup>\n<col \/>\n<col \/> <\/colgroup>\n<\/table>\n<p>Das Gem\u00e4lde \u201eStudie f\u00fcr eine Traumsequenz im Film Enchanted\u201c von Salvador Dal\u00ed spiegelt den einzigartigen Stil des surrealistischen K\u00fcnstlers und seine F\u00e4higkeit wider, das Reale und das Fantastische zu verbinden. Das Gem\u00e4lde entstand 1945 als Studie f\u00fcr eine Traumsequenz im Hollywoodfilm Spellbound von Alfred Hitchcock.<\/p>\n<p>Das Gem\u00e4lde hat Dal\u00eds charakteristisches Thema der schmelzenden Uhren und veranschaulicht die Flie\u00dff\u00e4higkeit der Zeit und die Irrationalit\u00e4t des Unterbewusstseins. Die Uhren stehen vor dem Hintergrund einer verlassenen Landschaft mit einer kurvenreichen Stra\u00dfe, die zu einer Gestalt in der Ferne f\u00fchrt. Eine Figur, die den K\u00fcnstler selbst darstellt, sitzt auf einem Felsen und h\u00e4lt einen Schl\u00fcssel in der Hand, ein Gegenstand, der oft mit der Entschl\u00fcsselung der Geheimnisse des Unterbewusstseins in Verbindung gebracht wird.<\/p>\n<p>Das Gem\u00e4lde gilt als Meisterwerk aus Dal\u00eds reifer Zeit, als er sich voll und ganz dem Surrealismus zuwandte und begann, Elemente der psychoanalytischen Theorie in sein Werk zu integrieren. Die Bildkomposition ist sorgf\u00e4ltig ausbalanciert und der Einsatz von Farben ist auff\u00e4llig. Durch die Verwendung von warmen und k\u00fchlen Farben entsteht ein Eindruck von Tiefe, und Kontraste zwischen Hell und Dunkel werden effektvoll eingesetzt.<\/p>\n<p>\u201eStudy for the Dream Sequence in Spellbound\u201c ist ein Gem\u00e4lde, das Kunstliebhaber und Kritiker gleicherma\u00dfen fasziniert. Es ist ein perfektes Beispiel f\u00fcr Dal\u00eds F\u00e4higkeit, das Reale und das Fantastische zu vermischen und so ein Gef\u00fchl von Mysterium und Intrige zu erzeugen. Das Gem\u00e4lde ist ein Beweis f\u00fcr Dal\u00eds k\u00fcnstlerisches K\u00f6nnen und seine F\u00e4higkeit, Werke zu schaffen, die sowohl sch\u00f6n als auch zum Nachdenken anregen. Das Gem\u00e4lde gilt als eines der bedeutendsten Werke Dal\u00eds und befindet sich in der st\u00e4ndigen Sammlung vieler gro\u00dfer Kunstmuseen auf der ganzen Welt, darunter im Salvador Dal\u00ed Museum in St. Petersburg, Florida, und im Museum of Modern Art in New York.<\/p>\n<\/div>","protected":false},"excerpt":{"rendered":"<p>[vc_row][vc_column][vc_column_text css=&#8221;&#8221;] [\/vc_column][\/vc_row][vc_row css=&#8221;.vc_custom_1714247889896{margin-bottom: 10px !important;}&#8221;][vc_column][\/vc_column][\/vc_row][vc_row css=&#8221;.vc_custom_1714247889896{margin-bottom: 10px !important;}&#8221;][vc_column][\/vc_column][\/vc_row][vc_row][vc_column][vc_column_text] Salvador Dali \u2013 Studie f\u00fcr die Traumsequenz in Spellbound &nbsp; Erstellungsjahr: 1944 Originalgr\u00f6\u00dfe: 84 cm x 58,7 cm Lackstil: Surrealismus Originaltechnik: \u00d6l auf Leinwand Standort: Privatsammlung Das Gem\u00e4lde \u201eStudie f\u00fcr eine Traumsequenz im Film Enchanted\u201c von Salvador Dal\u00ed spiegelt den einzigartigen [&hellip;]<\/p>\n","protected":false},"featured_media":64105,"template":"","meta":{"_acf_changed":false},"product_brand":[],"product_cat":[8452],"product_tag":[8482,8521,8513,8514,8519],"class_list":{"0":"post-68284","1":"product","2":"type-product","3":"status-publish","4":"has-post-thumbnail","6":"product_cat-salvador-dali-de","7":"product_tag-dali-de","8":"product_tag-maler","9":"product_tag-reproduktion","10":"product_tag-reproduktionen","11":"product_tag-salvador-dali-de","12":"pa_dimenzija-100-x-70-cm","13":"pa_dimenzija-120-x-80-cm","14":"pa_dimenzija-150-x-110-cm","15":"pa_dimenzija-180-x-130-cm","16":"pa_dimenzija-200-x-140-cm","17":"pa_dimenzija-60-x-40-cm","18":"pa_dimenzija-70-x-50-cm","19":"pa_dimenzija-84-x-59-cm","20":"pa_oblika-horizontal-de","21":"pa_okvir-ohne-rahmen","22":"pa_podokvir-ja","23":"pa_podokvir-nein","25":"first","26":"onbackorder","27":"purchasable","28":"product-type-variable","29":"has-default-attributes"},"acf":[],"yoast_head":"<!-- This site is optimized with the Yoast SEO Premium plugin v27.5 (Yoast SEO v27.6) - https:\/\/yoast.com\/product\/yoast-seo-premium-wordpress\/ -->\n<title>Salvador Dali - Study for the dream sequence in Spellbound - SVETSLIK.SI - 100% handgemalt<\/title>\n<meta name=\"description\" content=\"Salvador Dali - Study for the dream sequence in Spellbound - 100% handgemalte Gem\u00e4lde - Verkauf von Reproduktionen ber\u00fchmter Gem\u00e4lde und abstrakter Kunst - Wandbilder f\u00fcr das Wohnzimmer\" \/>\n<meta name=\"robots\" content=\"index, follow, max-snippet:-1, max-image-preview:large, max-video-preview:-1\" \/>\n<link rel=\"canonical\" href=\"https:\/\/svetslik.si\/de\/salvador-dali-de\/study-for-the-dream-sequence-in-spellbound\/\" \/>\n<meta property=\"og:locale\" content=\"de_DE\" \/>\n<meta property=\"og:type\" content=\"article\" \/>\n<meta property=\"og:title\" content=\"Salvador Dali - Study for the dream sequence in Spellbound\" \/>\n<meta property=\"og:description\" content=\"100% ro\u010dno naslikane slike na platnu, reprodukcije znanih slikarjev in umetni\u0161ke slike po naro\u010dilu.\" \/>\n<meta property=\"og:url\" content=\"https:\/\/svetslik.si\/de\/salvador-dali-de\/study-for-the-dream-sequence-in-spellbound\/\" \/>\n<meta property=\"og:site_name\" content=\"SVETSLIK.SI\" \/>\n<meta property=\"article:publisher\" content=\"https:\/\/www.facebook.com\/svetslik.si\" \/>\n<meta property=\"article:modified_time\" content=\"2026-03-22T19:13:06+00:00\" \/>\n<meta property=\"og:image\" content=\"https:\/\/svetslik.si\/wp-content\/uploads\/2021\/08\/image_Study-for-the-dream-sequence-in-Spellbound_680.jpg\" \/>\n\t<meta property=\"og:image:width\" content=\"680\" \/>\n\t<meta property=\"og:image:height\" content=\"475\" \/>\n\t<meta property=\"og:image:type\" content=\"image\/jpeg\" \/>\n<meta name=\"twitter:card\" content=\"summary_large_image\" \/>\n<meta name=\"twitter:site\" content=\"@svetslik\" \/>\n<meta name=\"twitter:label1\" content=\"Verf\u00fcgbarkeit\" \/>\n\t<meta name=\"twitter:data1\" content=\"bei Nachbestellung\" \/>\n<script type=\"application\/ld+json\" class=\"yoast-schema-graph\">{\"@context\":\"https:\\\/\\\/schema.org\",\"@graph\":[{\"@type\":[\"WebPage\",\"ItemPage\"],\"@id\":\"https:\\\/\\\/svetslik.si\\\/de\\\/salvador-dali-de\\\/study-for-the-dream-sequence-in-spellbound\\\/\",\"url\":\"https:\\\/\\\/svetslik.si\\\/de\\\/salvador-dali-de\\\/study-for-the-dream-sequence-in-spellbound\\\/\",\"name\":\"Salvador Dali - Study for the dream sequence in Spellbound - SVETSLIK.SI - 100% handgemalt\",\"isPartOf\":{\"@id\":\"https:\\\/\\\/svetslik.si\\\/de\\\/#website\"},\"primaryImageOfPage\":{\"@id\":\"https:\\\/\\\/svetslik.si\\\/de\\\/salvador-dali-de\\\/study-for-the-dream-sequence-in-spellbound\\\/#primaryimage\"},\"image\":{\"@id\":\"https:\\\/\\\/svetslik.si\\\/de\\\/salvador-dali-de\\\/study-for-the-dream-sequence-in-spellbound\\\/#primaryimage\"},\"thumbnailUrl\":\"https:\\\/\\\/svetslik.si\\\/wp-content\\\/uploads\\\/2021\\\/08\\\/image_Study-for-the-dream-sequence-in-Spellbound_680.jpg\",\"datePublished\":\"2021-09-02T16:00:44+00:00\",\"dateModified\":\"2026-03-22T19:13:06+00:00\",\"description\":\"Salvador Dali - Study for the dream sequence in Spellbound - 100% handgemalte Gem\u00e4lde - Verkauf von Reproduktionen ber\u00fchmter Gem\u00e4lde und abstrakter Kunst - Wandbilder f\u00fcr das Wohnzimmer\",\"breadcrumb\":{\"@id\":\"https:\\\/\\\/svetslik.si\\\/de\\\/salvador-dali-de\\\/study-for-the-dream-sequence-in-spellbound\\\/#breadcrumb\"},\"inLanguage\":\"de\",\"potentialAction\":[{\"@type\":\"ReadAction\",\"target\":[\"https:\\\/\\\/svetslik.si\\\/de\\\/salvador-dali-de\\\/study-for-the-dream-sequence-in-spellbound\\\/\"]}]},{\"@type\":\"ImageObject\",\"inLanguage\":\"de\",\"@id\":\"https:\\\/\\\/svetslik.si\\\/de\\\/salvador-dali-de\\\/study-for-the-dream-sequence-in-spellbound\\\/#primaryimage\",\"url\":\"https:\\\/\\\/svetslik.si\\\/wp-content\\\/uploads\\\/2021\\\/08\\\/image_Study-for-the-dream-sequence-in-Spellbound_680.jpg\",\"contentUrl\":\"https:\\\/\\\/svetslik.si\\\/wp-content\\\/uploads\\\/2021\\\/08\\\/image_Study-for-the-dream-sequence-in-Spellbound_680.jpg\",\"width\":680,\"height\":475,\"caption\":\"Salvador Dali - Study for the dream sequence in Spellbound (Studie f\u00fcr die Traumsequenz in \\\"Spellbound\\\") Gem\u00e4lde, Leinwandbilder - 100% handgemalte, Reproduktionen ber\u00fchmter Gem\u00e4lde, Gem\u00e4lde kaufen, Wandbilder Wohnzimmer, ber\u00fchmtes Gem\u00e4lde, \u00d6lgem\u00e4lde, Bilderrahmen\"},{\"@type\":\"BreadcrumbList\",\"@id\":\"https:\\\/\\\/svetslik.si\\\/de\\\/salvador-dali-de\\\/study-for-the-dream-sequence-in-spellbound\\\/#breadcrumb\",\"itemListElement\":[{\"@type\":\"ListItem\",\"position\":1,\"name\":\"Wandkunst und Gem\u00e4lde auf Leinwand\",\"item\":\"https:\\\/\\\/svetslik.si\\\/de\\\/\"},{\"@type\":\"ListItem\",\"position\":2,\"name\":\"Verkauf von Gem\u00e4lden\",\"item\":\"https:\\\/\\\/svetslik.si\\\/prodaja-slik\\\/\"},{\"@type\":\"ListItem\",\"position\":3,\"name\":\"Salvador Dali &#8211; Study for the dream sequence in Spellbound\"}]},{\"@type\":\"WebSite\",\"@id\":\"https:\\\/\\\/svetslik.si\\\/de\\\/#website\",\"url\":\"https:\\\/\\\/svetslik.si\\\/de\\\/\",\"name\":\"SVETSLIK.SI\",\"description\":\"100% handgemalte Reproduktionen von Gem\u00e4lden ber\u00fchmter Maler und Gem\u00e4lde auf Leinwand.\",\"publisher\":{\"@id\":\"https:\\\/\\\/svetslik.si\\\/de\\\/#organization\"},\"potentialAction\":[{\"@type\":\"SearchAction\",\"target\":{\"@type\":\"EntryPoint\",\"urlTemplate\":\"https:\\\/\\\/svetslik.si\\\/de\\\/?s={search_term_string}\"},\"query-input\":{\"@type\":\"PropertyValueSpecification\",\"valueRequired\":true,\"valueName\":\"search_term_string\"}}],\"inLanguage\":\"de\"},{\"@type\":\"Organization\",\"@id\":\"https:\\\/\\\/svetslik.si\\\/de\\\/#organization\",\"name\":\"SvetSlik.si\",\"url\":\"https:\\\/\\\/svetslik.si\\\/de\\\/\",\"logo\":{\"@type\":\"ImageObject\",\"inLanguage\":\"de\",\"@id\":\"https:\\\/\\\/svetslik.si\\\/de\\\/#\\\/schema\\\/logo\\\/image\\\/\",\"url\":\"https:\\\/\\\/svetslik.si\\\/wp-content\\\/uploads\\\/2020\\\/12\\\/logo-512.png\",\"contentUrl\":\"https:\\\/\\\/svetslik.si\\\/wp-content\\\/uploads\\\/2020\\\/12\\\/logo-512.png\",\"width\":512,\"height\":512,\"caption\":\"SvetSlik.si\"},\"image\":{\"@id\":\"https:\\\/\\\/svetslik.si\\\/de\\\/#\\\/schema\\\/logo\\\/image\\\/\"},\"sameAs\":[\"https:\\\/\\\/www.facebook.com\\\/svetslik.si\",\"https:\\\/\\\/x.com\\\/svetslik\",\"https:\\\/\\\/www.instagram.com\\\/svetslik.si\\\/\",\"https:\\\/\\\/www.linkedin.com\\\/company\\\/svetslik-si\"]}]}<\/script>\n<meta property=\"og:availability\" content=\"backorder\" \/>\n<meta property=\"product:availability\" content=\"available for order\" \/>\n<meta property=\"product:retailer_item_id\" content=\"353__\" \/>\n<meta property=\"product:condition\" content=\"new\" \/>\n<!-- \/ Yoast SEO Premium plugin. -->","yoast_head_json":{"title":"Salvador Dali - Study for the dream sequence in Spellbound - SVETSLIK.SI - 100% handgemalt","description":"Salvador Dali - Study for the dream sequence in Spellbound - 100% handgemalte Gem\u00e4lde - Verkauf von Reproduktionen ber\u00fchmter Gem\u00e4lde und abstrakter Kunst - Wandbilder f\u00fcr das Wohnzimmer","robots":{"index":"index","follow":"follow","max-snippet":"max-snippet:-1","max-image-preview":"max-image-preview:large","max-video-preview":"max-video-preview:-1"},"canonical":"https:\/\/svetslik.si\/de\/salvador-dali-de\/study-for-the-dream-sequence-in-spellbound\/","og_locale":"de_DE","og_type":"article","og_title":"Salvador Dali - Study for the dream sequence in Spellbound","og_description":"100% ro\u010dno naslikane slike na platnu, reprodukcije znanih slikarjev in umetni\u0161ke slike po naro\u010dilu.","og_url":"https:\/\/svetslik.si\/de\/salvador-dali-de\/study-for-the-dream-sequence-in-spellbound\/","og_site_name":"SVETSLIK.SI","article_publisher":"https:\/\/www.facebook.com\/svetslik.si","article_modified_time":"2026-03-22T19:13:06+00:00","og_image":[{"width":680,"height":475,"url":"https:\/\/svetslik.si\/wp-content\/uploads\/2021\/08\/image_Study-for-the-dream-sequence-in-Spellbound_680.jpg","type":"image\/jpeg"}],"twitter_card":"summary_large_image","twitter_site":"@svetslik","twitter_misc":{"Verf\u00fcgbarkeit":"bei Nachbestellung"},"schema":{"@context":"https:\/\/schema.org","@graph":[{"@type":["WebPage","ItemPage"],"@id":"https:\/\/svetslik.si\/de\/salvador-dali-de\/study-for-the-dream-sequence-in-spellbound\/","url":"https:\/\/svetslik.si\/de\/salvador-dali-de\/study-for-the-dream-sequence-in-spellbound\/","name":"Salvador Dali - Study for the dream sequence in Spellbound - SVETSLIK.SI - 100% handgemalt","isPartOf":{"@id":"https:\/\/svetslik.si\/de\/#website"},"primaryImageOfPage":{"@id":"https:\/\/svetslik.si\/de\/salvador-dali-de\/study-for-the-dream-sequence-in-spellbound\/#primaryimage"},"image":{"@id":"https:\/\/svetslik.si\/de\/salvador-dali-de\/study-for-the-dream-sequence-in-spellbound\/#primaryimage"},"thumbnailUrl":"https:\/\/svetslik.si\/wp-content\/uploads\/2021\/08\/image_Study-for-the-dream-sequence-in-Spellbound_680.jpg","datePublished":"2021-09-02T16:00:44+00:00","dateModified":"2026-03-22T19:13:06+00:00","description":"Salvador Dali - Study for the dream sequence in Spellbound - 100% handgemalte Gem\u00e4lde - Verkauf von Reproduktionen ber\u00fchmter Gem\u00e4lde und abstrakter Kunst - Wandbilder f\u00fcr das Wohnzimmer","breadcrumb":{"@id":"https:\/\/svetslik.si\/de\/salvador-dali-de\/study-for-the-dream-sequence-in-spellbound\/#breadcrumb"},"inLanguage":"de","potentialAction":[{"@type":"ReadAction","target":["https:\/\/svetslik.si\/de\/salvador-dali-de\/study-for-the-dream-sequence-in-spellbound\/"]}]},{"@type":"ImageObject","inLanguage":"de","@id":"https:\/\/svetslik.si\/de\/salvador-dali-de\/study-for-the-dream-sequence-in-spellbound\/#primaryimage","url":"https:\/\/svetslik.si\/wp-content\/uploads\/2021\/08\/image_Study-for-the-dream-sequence-in-Spellbound_680.jpg","contentUrl":"https:\/\/svetslik.si\/wp-content\/uploads\/2021\/08\/image_Study-for-the-dream-sequence-in-Spellbound_680.jpg","width":680,"height":475,"caption":"Salvador Dali - Study for the dream sequence in Spellbound (Studie f\u00fcr die Traumsequenz in \"Spellbound\") Gem\u00e4lde, Leinwandbilder - 100% handgemalte, Reproduktionen ber\u00fchmter Gem\u00e4lde, Gem\u00e4lde kaufen, Wandbilder Wohnzimmer, ber\u00fchmtes Gem\u00e4lde, \u00d6lgem\u00e4lde, Bilderrahmen"},{"@type":"BreadcrumbList","@id":"https:\/\/svetslik.si\/de\/salvador-dali-de\/study-for-the-dream-sequence-in-spellbound\/#breadcrumb","itemListElement":[{"@type":"ListItem","position":1,"name":"Wandkunst und Gem\u00e4lde auf Leinwand","item":"https:\/\/svetslik.si\/de\/"},{"@type":"ListItem","position":2,"name":"Verkauf von Gem\u00e4lden","item":"https:\/\/svetslik.si\/prodaja-slik\/"},{"@type":"ListItem","position":3,"name":"Salvador Dali &#8211; Study for the dream sequence in Spellbound"}]},{"@type":"WebSite","@id":"https:\/\/svetslik.si\/de\/#website","url":"https:\/\/svetslik.si\/de\/","name":"SVETSLIK.SI","description":"100% handgemalte Reproduktionen von Gem\u00e4lden ber\u00fchmter Maler und Gem\u00e4lde auf Leinwand.","publisher":{"@id":"https:\/\/svetslik.si\/de\/#organization"},"potentialAction":[{"@type":"SearchAction","target":{"@type":"EntryPoint","urlTemplate":"https:\/\/svetslik.si\/de\/?s={search_term_string}"},"query-input":{"@type":"PropertyValueSpecification","valueRequired":true,"valueName":"search_term_string"}}],"inLanguage":"de"},{"@type":"Organization","@id":"https:\/\/svetslik.si\/de\/#organization","name":"SvetSlik.si","url":"https:\/\/svetslik.si\/de\/","logo":{"@type":"ImageObject","inLanguage":"de","@id":"https:\/\/svetslik.si\/de\/#\/schema\/logo\/image\/","url":"https:\/\/svetslik.si\/wp-content\/uploads\/2020\/12\/logo-512.png","contentUrl":"https:\/\/svetslik.si\/wp-content\/uploads\/2020\/12\/logo-512.png","width":512,"height":512,"caption":"SvetSlik.si"},"image":{"@id":"https:\/\/svetslik.si\/de\/#\/schema\/logo\/image\/"},"sameAs":["https:\/\/www.facebook.com\/svetslik.si","https:\/\/x.com\/svetslik","https:\/\/www.instagram.com\/svetslik.si\/","https:\/\/www.linkedin.com\/company\/svetslik-si"]}]},"og_availability":"backorder","product_availability":"available for order","product_retailer_item_id":"353__","product_condition":"new"},"jetpack_sharing_enabled":true,"_links":{"self":[{"href":"https:\/\/svetslik.si\/de\/wp-json\/wp\/v2\/product\/68284","targetHints":{"allow":["GET"]}}],"collection":[{"href":"https:\/\/svetslik.si\/de\/wp-json\/wp\/v2\/product"}],"about":[{"href":"https:\/\/svetslik.si\/de\/wp-json\/wp\/v2\/types\/product"}],"wp:featuredmedia":[{"embeddable":true,"href":"https:\/\/svetslik.si\/de\/wp-json\/wp\/v2\/media\/64105"}],"wp:attachment":[{"href":"https:\/\/svetslik.si\/de\/wp-json\/wp\/v2\/media?parent=68284"}],"wp:term":[{"taxonomy":"product_brand","embeddable":true,"href":"https:\/\/svetslik.si\/de\/wp-json\/wp\/v2\/product_brand?post=68284"},{"taxonomy":"product_cat","embeddable":true,"href":"https:\/\/svetslik.si\/de\/wp-json\/wp\/v2\/product_cat?post=68284"},{"taxonomy":"product_tag","embeddable":true,"href":"https:\/\/svetslik.si\/de\/wp-json\/wp\/v2\/product_tag?post=68284"}],"curies":[{"name":"wp","href":"https:\/\/api.w.org\/{rel}","templated":true}]}}