{"id":68293,"date":"2021-09-02T18:00:59","date_gmt":"2021-09-02T16:00:59","guid":{"rendered":"https:\/\/svetslik.si\/unkategorisiert\/sentimental-colloquy\/"},"modified":"2026-03-22T20:13:06","modified_gmt":"2026-03-22T19:13:06","slug":"sentimental-colloquy","status":"publish","type":"product","link":"https:\/\/svetslik.si\/de\/salvador-dali-de\/sentimental-colloquy\/","title":{"rendered":"Salvador Dali &#8211; Sentimental Colloquy"},"content":{"rendered":"<h1>Salvador Dali \u2013 Sentimentales Kolloquium<\/h1>\n<p>&nbsp;<\/p>\n<table style=\"width: 673px\" border=\"0\" width=\"673\" cellpadding=\"0\">\n<tbody>\n<tr>\n<td style=\"width: 180px;height: 21px\" height=\"21\">Erstellungsjahr:<\/td>\n<td style=\"width: 493px\">1948<\/td>\n<\/tr>\n<tr>\n<td style=\"width: 180px;height: 21px\" height=\"21\">Originalgr\u00f6\u00dfe:<\/td>\n<td style=\"width: 493px\">47 cm x 26 cm<\/td>\n<\/tr>\n<tr>\n<td style=\"width: 180px;height: 21px\" height=\"21\">Lackstil:<\/td>\n<td>\n<div>\n<div>\n<div>\n<div>\n<div>Surrealismus<\/div>\n<\/div>\n<\/div>\n<\/div>\n<\/div>\n<\/td>\n<\/tr>\n<tr>\n<td style=\"width: 180px;height: 21px\" height=\"21\">Originaltechnik:<\/td>\n<td>\u00d6l auf Leinwand<\/td>\n<\/tr>\n<tr>\n<td style=\"width: 180px;height: 21px\" height=\"21\">Standort:<\/td>\n<td>Salvador-Dal\u00ed-Museum, St. Petersburg, Florida<\/td>\n<\/tr>\n<\/tbody>\n<colgroup>\n<col \/>\n<col \/> <\/colgroup>\n<\/table>\n<p>\u201eSentimental Conversation\u201c von Salvador Dali ist ein Gem\u00e4lde, das den einzigartigen Stil und die einzigartige Technik des K\u00fcnstlers zeigt. Das 1937 entstandene Gem\u00e4lde ist ein surrealistisches Meisterwerk, das sich durch vertr\u00e4umte Bilder und den Einsatz von Symbolik auszeichnet.<\/p>\n<p>Das Gem\u00e4lde zeigt einen Mann und eine Frau in einer romantischen Umarmung, wobei der Mann in der einen Hand eine Rose und in der anderen einen Totenkopf h\u00e4lt. Im Hintergrund des Gem\u00e4ldes ist eine karge Umgebung mit ein paar kleinen B\u00e4umen und einer fernen Bergkette zu sehen. Die im Bild verwendeten Farben sind ged\u00e4mpft, es dominieren Grau- und Braunt\u00f6ne.<\/p>\n<p>Das Gem\u00e4lde gilt als Meisterwerk des Surrealismus, da es menschliche Emotionen und W\u00fcnsche erforscht. Der Mann und die Frau auf dem Bild symbolisieren die Liebe und das Verlangen, die Menschen f\u00fcreinander empfinden. Die Blume und der Totenkopf sind auch Symbole f\u00fcr die Verg\u00e4nglichkeit des Lebens und der Liebe. Die karge Landschaft im Hintergrund ist eine Metapher f\u00fcr die Einsamkeit und Isolation, die diese Gef\u00fchle oft begleiten.<\/p>\n<p>\u201eDas sentimentale Gespr\u00e4ch gilt als eines von Dal\u00eds bedeutendsten Werken und wird von vielen als eines der gr\u00f6\u00dften Gem\u00e4lde des 20. Jahrhunderts angesehen. Das Gem\u00e4lde befindet sich derzeit im Salvador Dali Museum in St. Petersburg, Florida, und gilt als eines der gr\u00f6\u00dften Gem\u00e4lde des 20. Jahrhunderts ein Muss f\u00fcr Kunstliebhaber.<\/p>\n<p>Insgesamt ist \u201eSentimental Conversation\u201c ein Gem\u00e4lde, das Salvador Dal\u00eds einzigartigen Stil und seine Technik zur Schau stellt und Kunstliebhaber auf der ganzen Welt weiterhin inspiriert und erfreut. Das Gem\u00e4lde ist in vielen Museen auf der ganzen Welt zu finden und gilt als Meisterwerk des Surrealismus. Er ist auch eine gro\u00dfe Inspiration f\u00fcr Studenten und Kunstliebhaber.<\/p>\n","protected":false},"excerpt":{"rendered":"<p>Salvador Dali \u2013 Sentimentales Kolloquium &nbsp; Erstellungsjahr: 1948 Originalgr\u00f6\u00dfe: 47 cm x 26 cm Lackstil: Surrealismus Originaltechnik: \u00d6l auf Leinwand Standort: Salvador-Dal\u00ed-Museum, St. Petersburg, Florida \u201eSentimental Conversation\u201c von Salvador Dali ist ein Gem\u00e4lde, das den einzigartigen Stil und die einzigartige Technik des K\u00fcnstlers zeigt. Das 1937 entstandene Gem\u00e4lde ist ein [&hellip;]<\/p>\n","protected":false},"featured_media":64019,"template":"","meta":{"_acf_changed":false},"product_brand":[],"product_cat":[8452],"product_tag":[8482,8521,8513,8514,8519],"class_list":{"0":"post-68293","1":"product","2":"type-product","3":"status-publish","4":"has-post-thumbnail","6":"product_cat-salvador-dali-de","7":"product_tag-dali-de","8":"product_tag-maler","9":"product_tag-reproduktion","10":"product_tag-reproduktionen","11":"product_tag-salvador-dali-de","12":"pa_dimenzija-110-x-60-cm","13":"pa_dimenzija-130-x-70-cm","14":"pa_dimenzija-150-x-80-cm","15":"pa_dimenzija-180-x-100-cm","16":"pa_dimenzija-230-x-130-cm","17":"pa_dimenzija-47-x-26-cm","18":"pa_dimenzija-70-x-40-cm","19":"pa_dimenzija-90-x-50-cm","20":"pa_oblika-horizontal-de","21":"pa_okvir-ohne-rahmen","22":"pa_podokvir-ja","23":"pa_podokvir-nein","25":"first","26":"onbackorder","27":"purchasable","28":"product-type-variable","29":"has-default-attributes"},"acf":[],"yoast_head":"<!-- This site is optimized with the Yoast SEO Premium plugin v26.0 (Yoast SEO v27.2) - https:\/\/yoast.com\/product\/yoast-seo-premium-wordpress\/ -->\n<title>Salvador Dali - Sentimental Colloquy - SVETSLIK.SI - 100% handgemalt<\/title>\n<meta name=\"description\" content=\"Salvador Dali - Sentimental Colloquy - 100% handgemalte Gem\u00e4lde - Verkauf von Reproduktionen ber\u00fchmter Gem\u00e4lde und abstrakter Kunst - Wandbilder f\u00fcr das Wohnzimmer\" \/>\n<meta name=\"robots\" content=\"index, follow, max-snippet:-1, max-image-preview:large, max-video-preview:-1\" \/>\n<link rel=\"canonical\" href=\"https:\/\/svetslik.si\/de\/salvador-dali-de\/sentimental-colloquy\/\" \/>\n<meta property=\"og:locale\" content=\"de_DE\" \/>\n<meta property=\"og:type\" content=\"article\" \/>\n<meta property=\"og:title\" content=\"Salvador Dali - Sentimental Colloquy\" \/>\n<meta property=\"og:description\" content=\"100% ro\u010dno naslikane slike na platnu, reprodukcije znanih slikarjev in umetni\u0161ke slike po naro\u010dilu.\" \/>\n<meta property=\"og:url\" content=\"https:\/\/svetslik.si\/de\/salvador-dali-de\/sentimental-colloquy\/\" \/>\n<meta property=\"og:site_name\" content=\"SVETSLIK.SI\" \/>\n<meta property=\"article:publisher\" content=\"https:\/\/www.facebook.com\/svetslik.si\" \/>\n<meta property=\"article:modified_time\" content=\"2026-03-22T19:13:06+00:00\" \/>\n<meta property=\"og:image\" content=\"https:\/\/svetslik.si\/wp-content\/uploads\/2021\/08\/image_Sentimental-Colloquy_680.jpg\" \/>\n\t<meta property=\"og:image:width\" content=\"1240\" \/>\n\t<meta property=\"og:image:height\" content=\"668\" \/>\n\t<meta property=\"og:image:type\" content=\"image\/jpeg\" \/>\n<meta name=\"twitter:card\" content=\"summary_large_image\" \/>\n<meta name=\"twitter:site\" content=\"@svetslik\" \/>\n<meta name=\"twitter:label1\" content=\"Verf\u00fcgbarkeit\" \/>\n\t<meta name=\"twitter:data1\" content=\"bei Nachbestellung\" \/>\n<script type=\"application\/ld+json\" class=\"yoast-schema-graph\">{\"@context\":\"https:\/\/schema.org\",\"@graph\":[{\"@type\":[\"WebPage\",\"ItemPage\"],\"@id\":\"https:\/\/svetslik.si\/de\/salvador-dali-de\/sentimental-colloquy\/\",\"url\":\"https:\/\/svetslik.si\/de\/salvador-dali-de\/sentimental-colloquy\/\",\"name\":\"Salvador Dali - Sentimental Colloquy - SVETSLIK.SI - 100% handgemalt\",\"isPartOf\":{\"@id\":\"https:\/\/svetslik.si\/de\/#website\"},\"primaryImageOfPage\":{\"@id\":\"https:\/\/svetslik.si\/de\/salvador-dali-de\/sentimental-colloquy\/#primaryimage\"},\"image\":{\"@id\":\"https:\/\/svetslik.si\/de\/salvador-dali-de\/sentimental-colloquy\/#primaryimage\"},\"thumbnailUrl\":\"https:\/\/svetslik.si\/wp-content\/uploads\/2021\/08\/image_Sentimental-Colloquy_680.jpg\",\"datePublished\":\"2021-09-02T16:00:59+00:00\",\"dateModified\":\"2026-03-22T19:13:06+00:00\",\"description\":\"Salvador Dali - Sentimental Colloquy - 100% handgemalte Gem\u00e4lde - Verkauf von Reproduktionen ber\u00fchmter Gem\u00e4lde und abstrakter Kunst - Wandbilder f\u00fcr das Wohnzimmer\",\"breadcrumb\":{\"@id\":\"https:\/\/svetslik.si\/de\/salvador-dali-de\/sentimental-colloquy\/#breadcrumb\"},\"inLanguage\":\"de\",\"potentialAction\":[{\"@type\":\"ReadAction\",\"target\":[\"https:\/\/svetslik.si\/de\/salvador-dali-de\/sentimental-colloquy\/\"]}]},{\"@type\":\"ImageObject\",\"inLanguage\":\"de\",\"@id\":\"https:\/\/svetslik.si\/de\/salvador-dali-de\/sentimental-colloquy\/#primaryimage\",\"url\":\"https:\/\/svetslik.si\/wp-content\/uploads\/2021\/08\/image_Sentimental-Colloquy_680.jpg\",\"contentUrl\":\"https:\/\/svetslik.si\/wp-content\/uploads\/2021\/08\/image_Sentimental-Colloquy_680.jpg\",\"width\":1240,\"height\":668,\"caption\":\"Salvador Dali - Sentimental Colloquy (Sentimentales Gespr\u00e4ch) Gem\u00e4lde, Leinwandbilder - 100% handgemalte, Reproduktionen ber\u00fchmter Gem\u00e4lde, Gem\u00e4lde kaufen, Wandbilder Wohnzimmer, ber\u00fchmtes Gem\u00e4lde, \u00d6lgem\u00e4lde, Bilderrahmen\"},{\"@type\":\"BreadcrumbList\",\"@id\":\"https:\/\/svetslik.si\/de\/salvador-dali-de\/sentimental-colloquy\/#breadcrumb\",\"itemListElement\":[{\"@type\":\"ListItem\",\"position\":1,\"name\":\"Wandkunst und Gem\u00e4lde auf Leinwand\",\"item\":\"https:\/\/svetslik.si\/de\/\"},{\"@type\":\"ListItem\",\"position\":2,\"name\":\"Verkauf von Gem\u00e4lden\",\"item\":\"https:\/\/svetslik.si\/prodaja-slik\/\"},{\"@type\":\"ListItem\",\"position\":3,\"name\":\"Salvador Dali &#8211; Sentimental Colloquy\"}]},{\"@type\":\"WebSite\",\"@id\":\"https:\/\/svetslik.si\/de\/#website\",\"url\":\"https:\/\/svetslik.si\/de\/\",\"name\":\"SVETSLIK.SI\",\"description\":\"100% handgemalte Reproduktionen von Gem\u00e4lden ber\u00fchmter Maler und Gem\u00e4lde auf Leinwand.\",\"publisher\":{\"@id\":\"https:\/\/svetslik.si\/de\/#organization\"},\"potentialAction\":[{\"@type\":\"SearchAction\",\"target\":{\"@type\":\"EntryPoint\",\"urlTemplate\":\"https:\/\/svetslik.si\/de\/?s={search_term_string}\"},\"query-input\":{\"@type\":\"PropertyValueSpecification\",\"valueRequired\":true,\"valueName\":\"search_term_string\"}}],\"inLanguage\":\"de\"},{\"@type\":\"Organization\",\"@id\":\"https:\/\/svetslik.si\/de\/#organization\",\"name\":\"SvetSlik.si\",\"url\":\"https:\/\/svetslik.si\/de\/\",\"logo\":{\"@type\":\"ImageObject\",\"inLanguage\":\"de\",\"@id\":\"https:\/\/svetslik.si\/de\/#\/schema\/logo\/image\/\",\"url\":\"https:\/\/svetslik.si\/wp-content\/uploads\/2020\/12\/logo-512.png\",\"contentUrl\":\"https:\/\/svetslik.si\/wp-content\/uploads\/2020\/12\/logo-512.png\",\"width\":512,\"height\":512,\"caption\":\"SvetSlik.si\"},\"image\":{\"@id\":\"https:\/\/svetslik.si\/de\/#\/schema\/logo\/image\/\"},\"sameAs\":[\"https:\/\/www.facebook.com\/svetslik.si\",\"https:\/\/x.com\/svetslik\",\"https:\/\/www.instagram.com\/svetslik.si\/\",\"https:\/\/www.linkedin.com\/company\/svetslik-si\"]}]}<\/script>\n<meta property=\"og:availability\" content=\"backorder\" \/>\n<meta property=\"product:availability\" content=\"available for order\" \/>\n<meta property=\"product:retailer_item_id\" content=\"354__\" \/>\n<meta property=\"product:condition\" content=\"new\" \/>\n<!-- \/ Yoast SEO Premium plugin. -->","yoast_head_json":{"title":"Salvador Dali - Sentimental Colloquy - SVETSLIK.SI - 100% handgemalt","description":"Salvador Dali - Sentimental Colloquy - 100% handgemalte Gem\u00e4lde - Verkauf von Reproduktionen ber\u00fchmter Gem\u00e4lde und abstrakter Kunst - Wandbilder f\u00fcr das Wohnzimmer","robots":{"index":"index","follow":"follow","max-snippet":"max-snippet:-1","max-image-preview":"max-image-preview:large","max-video-preview":"max-video-preview:-1"},"canonical":"https:\/\/svetslik.si\/de\/salvador-dali-de\/sentimental-colloquy\/","og_locale":"de_DE","og_type":"article","og_title":"Salvador Dali - Sentimental Colloquy","og_description":"100% ro\u010dno naslikane slike na platnu, reprodukcije znanih slikarjev in umetni\u0161ke slike po naro\u010dilu.","og_url":"https:\/\/svetslik.si\/de\/salvador-dali-de\/sentimental-colloquy\/","og_site_name":"SVETSLIK.SI","article_publisher":"https:\/\/www.facebook.com\/svetslik.si","article_modified_time":"2026-03-22T19:13:06+00:00","og_image":[{"width":1240,"height":668,"url":"https:\/\/svetslik.si\/wp-content\/uploads\/2021\/08\/image_Sentimental-Colloquy_680.jpg","type":"image\/jpeg"}],"twitter_card":"summary_large_image","twitter_site":"@svetslik","twitter_misc":{"Verf\u00fcgbarkeit":"bei Nachbestellung"},"schema":{"@context":"https:\/\/schema.org","@graph":[{"@type":["WebPage","ItemPage"],"@id":"https:\/\/svetslik.si\/de\/salvador-dali-de\/sentimental-colloquy\/","url":"https:\/\/svetslik.si\/de\/salvador-dali-de\/sentimental-colloquy\/","name":"Salvador Dali - Sentimental Colloquy - SVETSLIK.SI - 100% handgemalt","isPartOf":{"@id":"https:\/\/svetslik.si\/de\/#website"},"primaryImageOfPage":{"@id":"https:\/\/svetslik.si\/de\/salvador-dali-de\/sentimental-colloquy\/#primaryimage"},"image":{"@id":"https:\/\/svetslik.si\/de\/salvador-dali-de\/sentimental-colloquy\/#primaryimage"},"thumbnailUrl":"https:\/\/svetslik.si\/wp-content\/uploads\/2021\/08\/image_Sentimental-Colloquy_680.jpg","datePublished":"2021-09-02T16:00:59+00:00","dateModified":"2026-03-22T19:13:06+00:00","description":"Salvador Dali - Sentimental Colloquy - 100% handgemalte Gem\u00e4lde - Verkauf von Reproduktionen ber\u00fchmter Gem\u00e4lde und abstrakter Kunst - Wandbilder f\u00fcr das Wohnzimmer","breadcrumb":{"@id":"https:\/\/svetslik.si\/de\/salvador-dali-de\/sentimental-colloquy\/#breadcrumb"},"inLanguage":"de","potentialAction":[{"@type":"ReadAction","target":["https:\/\/svetslik.si\/de\/salvador-dali-de\/sentimental-colloquy\/"]}]},{"@type":"ImageObject","inLanguage":"de","@id":"https:\/\/svetslik.si\/de\/salvador-dali-de\/sentimental-colloquy\/#primaryimage","url":"https:\/\/svetslik.si\/wp-content\/uploads\/2021\/08\/image_Sentimental-Colloquy_680.jpg","contentUrl":"https:\/\/svetslik.si\/wp-content\/uploads\/2021\/08\/image_Sentimental-Colloquy_680.jpg","width":1240,"height":668,"caption":"Salvador Dali - Sentimental Colloquy (Sentimentales Gespr\u00e4ch) Gem\u00e4lde, Leinwandbilder - 100% handgemalte, Reproduktionen ber\u00fchmter Gem\u00e4lde, Gem\u00e4lde kaufen, Wandbilder Wohnzimmer, ber\u00fchmtes Gem\u00e4lde, \u00d6lgem\u00e4lde, Bilderrahmen"},{"@type":"BreadcrumbList","@id":"https:\/\/svetslik.si\/de\/salvador-dali-de\/sentimental-colloquy\/#breadcrumb","itemListElement":[{"@type":"ListItem","position":1,"name":"Wandkunst und Gem\u00e4lde auf Leinwand","item":"https:\/\/svetslik.si\/de\/"},{"@type":"ListItem","position":2,"name":"Verkauf von Gem\u00e4lden","item":"https:\/\/svetslik.si\/prodaja-slik\/"},{"@type":"ListItem","position":3,"name":"Salvador Dali &#8211; Sentimental Colloquy"}]},{"@type":"WebSite","@id":"https:\/\/svetslik.si\/de\/#website","url":"https:\/\/svetslik.si\/de\/","name":"SVETSLIK.SI","description":"100% handgemalte Reproduktionen von Gem\u00e4lden ber\u00fchmter Maler und Gem\u00e4lde auf Leinwand.","publisher":{"@id":"https:\/\/svetslik.si\/de\/#organization"},"potentialAction":[{"@type":"SearchAction","target":{"@type":"EntryPoint","urlTemplate":"https:\/\/svetslik.si\/de\/?s={search_term_string}"},"query-input":{"@type":"PropertyValueSpecification","valueRequired":true,"valueName":"search_term_string"}}],"inLanguage":"de"},{"@type":"Organization","@id":"https:\/\/svetslik.si\/de\/#organization","name":"SvetSlik.si","url":"https:\/\/svetslik.si\/de\/","logo":{"@type":"ImageObject","inLanguage":"de","@id":"https:\/\/svetslik.si\/de\/#\/schema\/logo\/image\/","url":"https:\/\/svetslik.si\/wp-content\/uploads\/2020\/12\/logo-512.png","contentUrl":"https:\/\/svetslik.si\/wp-content\/uploads\/2020\/12\/logo-512.png","width":512,"height":512,"caption":"SvetSlik.si"},"image":{"@id":"https:\/\/svetslik.si\/de\/#\/schema\/logo\/image\/"},"sameAs":["https:\/\/www.facebook.com\/svetslik.si","https:\/\/x.com\/svetslik","https:\/\/www.instagram.com\/svetslik.si\/","https:\/\/www.linkedin.com\/company\/svetslik-si"]}]},"og_availability":"backorder","product_availability":"available for order","product_retailer_item_id":"354__","product_condition":"new"},"jetpack_sharing_enabled":true,"_links":{"self":[{"href":"https:\/\/svetslik.si\/de\/wp-json\/wp\/v2\/product\/68293","targetHints":{"allow":["GET"]}}],"collection":[{"href":"https:\/\/svetslik.si\/de\/wp-json\/wp\/v2\/product"}],"about":[{"href":"https:\/\/svetslik.si\/de\/wp-json\/wp\/v2\/types\/product"}],"wp:featuredmedia":[{"embeddable":true,"href":"https:\/\/svetslik.si\/de\/wp-json\/wp\/v2\/media\/64019"}],"wp:attachment":[{"href":"https:\/\/svetslik.si\/de\/wp-json\/wp\/v2\/media?parent=68293"}],"wp:term":[{"taxonomy":"product_brand","embeddable":true,"href":"https:\/\/svetslik.si\/de\/wp-json\/wp\/v2\/product_brand?post=68293"},{"taxonomy":"product_cat","embeddable":true,"href":"https:\/\/svetslik.si\/de\/wp-json\/wp\/v2\/product_cat?post=68293"},{"taxonomy":"product_tag","embeddable":true,"href":"https:\/\/svetslik.si\/de\/wp-json\/wp\/v2\/product_tag?post=68293"}],"curies":[{"name":"wp","href":"https:\/\/api.w.org\/{rel}","templated":true}]}}