{"id":68319,"date":"2021-09-02T18:01:13","date_gmt":"2021-09-02T16:01:13","guid":{"rendered":"https:\/\/svetslik.si\/unkategorisiert\/chaim-soutine\/"},"modified":"2026-03-22T20:13:54","modified_gmt":"2026-03-22T19:13:54","slug":"chaim-soutine","status":"publish","type":"product","link":"https:\/\/svetslik.si\/de\/amedeo-modigliani-de\/chaim-soutine\/","title":{"rendered":"Amedeo Modigliani &#8211; Cha\u00efm Soutine"},"content":{"rendered":"<h1>Amedeo Modigliani \u2013 Cha\u00efm Soutine<\/h1>\n<p>\n&nbsp;<\/p>\n<table border=\"0\" cellpadding=\"0\" style=\"width: 619px\" width=\"619\">\n<tbody>\n<tr>\n<td height=\"21\" style=\"width: 180px;height: 21px\">\nJahr der Erstellung:<\/td>\n<td style=\"width: 439px\">\n1916<\/td>\n<\/tr>\n<tr>\n<td height=\"21\" style=\"width: 180px;height: 21px\">\nOriginalgr\u00f6\u00dfe:<\/td>\n<td style=\"width: 439px\">\n60 cm x 92 cm<\/td>\n<\/tr>\n<tr>\n<td height=\"21\" style=\"width: 180px;height: 21px\">\nMalstil:<\/td>\n<td style=\"width: 439px\">\nExpressionismus<\/td>\n<\/tr>\n<tr>\n<td height=\"21\" style=\"width: 180px;height: 21px\">\nOriginaltechnik:<\/td>\n<td>\n\u00d6l auf Leinwand<\/td>\n<\/tr>\n<tr>\n<td height=\"21\" style=\"width: 180px;height: 21px\">\nGefunden:<\/td>\n<td style=\"width: 439px\">\nNational Gallery of Art in Washington, USA<\/td>\n<\/tr>\n<\/tbody>\n<colgroup>\n<\/colgroup>\n<\/table>\n<p>\n&nbsp;<\/p>\n<div>\nChaim Soutine kam 1913 nach Paris und lebte dort anschlie\u00dfend bescheiden im Kreis j\u00fcdischer K\u00fcnstler wie Chagall, Lipchitz und Kisling. Soutine war einer von Modiglianis engsten Freunden und der gr\u00f6\u00dfte Fan der Arbeit des K\u00fcnstlers.&nbsp;<\/div>\n<div>\n&nbsp;<\/div>\n","protected":false},"excerpt":{"rendered":"<p>Amedeo Modigliani \u2013 Cha\u00efm Soutine &nbsp; Jahr der Erstellung: 1916 Originalgr\u00f6\u00dfe: 60 cm x 92 cm Malstil: Expressionismus Originaltechnik: \u00d6l auf Leinwand Gefunden: National Gallery of Art in Washington, USA &nbsp; Chaim Soutine kam 1913 nach Paris und lebte dort anschlie\u00dfend bescheiden im Kreis j\u00fcdischer K\u00fcnstler wie Chagall, Lipchitz und [&hellip;]<\/p>\n","protected":false},"featured_media":63445,"template":"","meta":{"_acf_changed":false},"product_brand":[],"product_cat":[8455],"product_tag":[8521,8500,8513,8514],"class_list":{"0":"post-68319","1":"product","2":"type-product","3":"status-publish","4":"has-post-thumbnail","6":"product_cat-amedeo-modigliani-de","7":"product_tag-maler","8":"product_tag-modigliani-de","9":"product_tag-reproduktion","10":"product_tag-reproduktionen","11":"pa_dimenzija-100-x-150-cm","12":"pa_dimenzija-120-x-180-cm","13":"pa_dimenzija-40-x-60-cm","14":"pa_dimenzija-50-x-80-cm","15":"pa_dimenzija-60-x-92-cm","16":"pa_dimenzija-70-x-110-cm","17":"pa_dimenzija-80-x-120-cm","18":"pa_dimenzija-90-x-140-cm","19":"pa_oblika-vertikal","20":"pa_okvir-ohne-rahmen","21":"pa_podokvir-ja","22":"pa_podokvir-nein","24":"first","25":"onbackorder","26":"purchasable","27":"product-type-variable","28":"has-default-attributes"},"acf":[],"yoast_head":"<!-- This site is optimized with the Yoast SEO Premium plugin v27.5 (Yoast SEO v27.6) - https:\/\/yoast.com\/product\/yoast-seo-premium-wordpress\/ -->\n<title>Amedeo Modigliani - Cha\u00efm Soutine - SVETSLIK.SI - 100% handgemalt<\/title>\n<meta name=\"description\" content=\"Amedeo Modigliani - Cha\u00efm Soutine - 100% handgemalte Gem\u00e4lde - Verkauf von Reproduktionen ber\u00fchmter Gem\u00e4lde und abstrakter Kunst - Wandbilder f\u00fcr das Wohnzimmer\" \/>\n<meta name=\"robots\" content=\"index, follow, max-snippet:-1, max-image-preview:large, max-video-preview:-1\" \/>\n<link rel=\"canonical\" href=\"https:\/\/svetslik.si\/de\/amedeo-modigliani-de\/chaim-soutine\/\" \/>\n<meta property=\"og:locale\" content=\"de_DE\" \/>\n<meta property=\"og:type\" content=\"article\" \/>\n<meta property=\"og:title\" content=\"Amedeo Modigliani - Cha\u00efm Soutine\" \/>\n<meta property=\"og:description\" content=\"100% ro\u010dno naslikane slike na platnu, reprodukcije znanih slikarjev in umetni\u0161ke slike po naro\u010dilu.\" \/>\n<meta property=\"og:url\" content=\"https:\/\/svetslik.si\/de\/amedeo-modigliani-de\/chaim-soutine\/\" \/>\n<meta property=\"og:site_name\" content=\"SVETSLIK.SI\" \/>\n<meta property=\"article:publisher\" content=\"https:\/\/www.facebook.com\/svetslik.si\" \/>\n<meta property=\"article:modified_time\" content=\"2026-03-22T19:13:54+00:00\" \/>\n<meta property=\"og:image\" content=\"https:\/\/svetslik.si\/wp-content\/uploads\/2021\/08\/image_Chaim-Soutine-Modigliani_680-scaled.jpg\" \/>\n\t<meta property=\"og:image:width\" content=\"1649\" \/>\n\t<meta property=\"og:image:height\" content=\"2560\" \/>\n\t<meta property=\"og:image:type\" content=\"image\/jpeg\" \/>\n<meta name=\"twitter:card\" content=\"summary_large_image\" \/>\n<meta name=\"twitter:site\" content=\"@svetslik\" \/>\n<meta name=\"twitter:label1\" content=\"Verf\u00fcgbarkeit\" \/>\n\t<meta name=\"twitter:data1\" content=\"bei Nachbestellung\" \/>\n<script type=\"application\/ld+json\" class=\"yoast-schema-graph\">{\"@context\":\"https:\\\/\\\/schema.org\",\"@graph\":[{\"@type\":[\"WebPage\",\"ItemPage\"],\"@id\":\"https:\\\/\\\/svetslik.si\\\/de\\\/amedeo-modigliani-de\\\/chaim-soutine\\\/\",\"url\":\"https:\\\/\\\/svetslik.si\\\/de\\\/amedeo-modigliani-de\\\/chaim-soutine\\\/\",\"name\":\"Amedeo Modigliani - Cha\u00efm Soutine - SVETSLIK.SI - 100% handgemalt\",\"isPartOf\":{\"@id\":\"https:\\\/\\\/svetslik.si\\\/de\\\/#website\"},\"primaryImageOfPage\":{\"@id\":\"https:\\\/\\\/svetslik.si\\\/de\\\/amedeo-modigliani-de\\\/chaim-soutine\\\/#primaryimage\"},\"image\":{\"@id\":\"https:\\\/\\\/svetslik.si\\\/de\\\/amedeo-modigliani-de\\\/chaim-soutine\\\/#primaryimage\"},\"thumbnailUrl\":\"https:\\\/\\\/svetslik.si\\\/wp-content\\\/uploads\\\/2021\\\/08\\\/image_Chaim-Soutine-Modigliani_680-scaled.jpg\",\"datePublished\":\"2021-09-02T16:01:13+00:00\",\"dateModified\":\"2026-03-22T19:13:54+00:00\",\"description\":\"Amedeo Modigliani - Cha\u00efm Soutine - 100% handgemalte Gem\u00e4lde - Verkauf von Reproduktionen ber\u00fchmter Gem\u00e4lde und abstrakter Kunst - Wandbilder f\u00fcr das Wohnzimmer\",\"breadcrumb\":{\"@id\":\"https:\\\/\\\/svetslik.si\\\/de\\\/amedeo-modigliani-de\\\/chaim-soutine\\\/#breadcrumb\"},\"inLanguage\":\"de\",\"potentialAction\":[{\"@type\":\"ReadAction\",\"target\":[\"https:\\\/\\\/svetslik.si\\\/de\\\/amedeo-modigliani-de\\\/chaim-soutine\\\/\"]}]},{\"@type\":\"ImageObject\",\"inLanguage\":\"de\",\"@id\":\"https:\\\/\\\/svetslik.si\\\/de\\\/amedeo-modigliani-de\\\/chaim-soutine\\\/#primaryimage\",\"url\":\"https:\\\/\\\/svetslik.si\\\/wp-content\\\/uploads\\\/2021\\\/08\\\/image_Chaim-Soutine-Modigliani_680-scaled.jpg\",\"contentUrl\":\"https:\\\/\\\/svetslik.si\\\/wp-content\\\/uploads\\\/2021\\\/08\\\/image_Chaim-Soutine-Modigliani_680-scaled.jpg\",\"width\":1649,\"height\":2560,\"caption\":\"Amedeo Modigliani - Cha\u00efm Soutine (Cha\u00efm Soutine) - Gem\u00e4lde, Leinwandbilder - 100% handgemalte - Reproduktionen ber\u00fchmter Gem\u00e4lde - Gem\u00e4lde kaufen - Wandbilder Wohnzimmer - Ber\u00fchmtes Gem\u00e4lde - \u00d6lgem\u00e4lde - Bilderrahmen\"},{\"@type\":\"BreadcrumbList\",\"@id\":\"https:\\\/\\\/svetslik.si\\\/de\\\/amedeo-modigliani-de\\\/chaim-soutine\\\/#breadcrumb\",\"itemListElement\":[{\"@type\":\"ListItem\",\"position\":1,\"name\":\"Wandkunst und Gem\u00e4lde auf Leinwand\",\"item\":\"https:\\\/\\\/svetslik.si\\\/de\\\/\"},{\"@type\":\"ListItem\",\"position\":2,\"name\":\"Verkauf von Gem\u00e4lden\",\"item\":\"https:\\\/\\\/svetslik.si\\\/prodaja-slik\\\/\"},{\"@type\":\"ListItem\",\"position\":3,\"name\":\"Amedeo Modigliani &#8211; Cha\u00efm Soutine\"}]},{\"@type\":\"WebSite\",\"@id\":\"https:\\\/\\\/svetslik.si\\\/de\\\/#website\",\"url\":\"https:\\\/\\\/svetslik.si\\\/de\\\/\",\"name\":\"SVETSLIK.SI\",\"description\":\"100% handgemalte Reproduktionen von Gem\u00e4lden ber\u00fchmter Maler und Gem\u00e4lde auf Leinwand.\",\"publisher\":{\"@id\":\"https:\\\/\\\/svetslik.si\\\/de\\\/#organization\"},\"potentialAction\":[{\"@type\":\"SearchAction\",\"target\":{\"@type\":\"EntryPoint\",\"urlTemplate\":\"https:\\\/\\\/svetslik.si\\\/de\\\/?s={search_term_string}\"},\"query-input\":{\"@type\":\"PropertyValueSpecification\",\"valueRequired\":true,\"valueName\":\"search_term_string\"}}],\"inLanguage\":\"de\"},{\"@type\":\"Organization\",\"@id\":\"https:\\\/\\\/svetslik.si\\\/de\\\/#organization\",\"name\":\"SvetSlik.si\",\"url\":\"https:\\\/\\\/svetslik.si\\\/de\\\/\",\"logo\":{\"@type\":\"ImageObject\",\"inLanguage\":\"de\",\"@id\":\"https:\\\/\\\/svetslik.si\\\/de\\\/#\\\/schema\\\/logo\\\/image\\\/\",\"url\":\"https:\\\/\\\/svetslik.si\\\/wp-content\\\/uploads\\\/2020\\\/12\\\/logo-512.png\",\"contentUrl\":\"https:\\\/\\\/svetslik.si\\\/wp-content\\\/uploads\\\/2020\\\/12\\\/logo-512.png\",\"width\":512,\"height\":512,\"caption\":\"SvetSlik.si\"},\"image\":{\"@id\":\"https:\\\/\\\/svetslik.si\\\/de\\\/#\\\/schema\\\/logo\\\/image\\\/\"},\"sameAs\":[\"https:\\\/\\\/www.facebook.com\\\/svetslik.si\",\"https:\\\/\\\/x.com\\\/svetslik\",\"https:\\\/\\\/www.instagram.com\\\/svetslik.si\\\/\",\"https:\\\/\\\/www.linkedin.com\\\/company\\\/svetslik-si\"]}]}<\/script>\n<meta property=\"og:availability\" content=\"backorder\" \/>\n<meta property=\"product:availability\" content=\"available for order\" \/>\n<meta property=\"product:retailer_item_id\" content=\"357__\" \/>\n<meta property=\"product:condition\" content=\"new\" \/>\n<!-- \/ Yoast SEO Premium plugin. -->","yoast_head_json":{"title":"Amedeo Modigliani - Cha\u00efm Soutine - SVETSLIK.SI - 100% handgemalt","description":"Amedeo Modigliani - Cha\u00efm Soutine - 100% handgemalte Gem\u00e4lde - Verkauf von Reproduktionen ber\u00fchmter Gem\u00e4lde und abstrakter Kunst - Wandbilder f\u00fcr das Wohnzimmer","robots":{"index":"index","follow":"follow","max-snippet":"max-snippet:-1","max-image-preview":"max-image-preview:large","max-video-preview":"max-video-preview:-1"},"canonical":"https:\/\/svetslik.si\/de\/amedeo-modigliani-de\/chaim-soutine\/","og_locale":"de_DE","og_type":"article","og_title":"Amedeo Modigliani - Cha\u00efm Soutine","og_description":"100% ro\u010dno naslikane slike na platnu, reprodukcije znanih slikarjev in umetni\u0161ke slike po naro\u010dilu.","og_url":"https:\/\/svetslik.si\/de\/amedeo-modigliani-de\/chaim-soutine\/","og_site_name":"SVETSLIK.SI","article_publisher":"https:\/\/www.facebook.com\/svetslik.si","article_modified_time":"2026-03-22T19:13:54+00:00","og_image":[{"width":1649,"height":2560,"url":"https:\/\/svetslik.si\/wp-content\/uploads\/2021\/08\/image_Chaim-Soutine-Modigliani_680-scaled.jpg","type":"image\/jpeg"}],"twitter_card":"summary_large_image","twitter_site":"@svetslik","twitter_misc":{"Verf\u00fcgbarkeit":"bei Nachbestellung"},"schema":{"@context":"https:\/\/schema.org","@graph":[{"@type":["WebPage","ItemPage"],"@id":"https:\/\/svetslik.si\/de\/amedeo-modigliani-de\/chaim-soutine\/","url":"https:\/\/svetslik.si\/de\/amedeo-modigliani-de\/chaim-soutine\/","name":"Amedeo Modigliani - Cha\u00efm Soutine - SVETSLIK.SI - 100% handgemalt","isPartOf":{"@id":"https:\/\/svetslik.si\/de\/#website"},"primaryImageOfPage":{"@id":"https:\/\/svetslik.si\/de\/amedeo-modigliani-de\/chaim-soutine\/#primaryimage"},"image":{"@id":"https:\/\/svetslik.si\/de\/amedeo-modigliani-de\/chaim-soutine\/#primaryimage"},"thumbnailUrl":"https:\/\/svetslik.si\/wp-content\/uploads\/2021\/08\/image_Chaim-Soutine-Modigliani_680-scaled.jpg","datePublished":"2021-09-02T16:01:13+00:00","dateModified":"2026-03-22T19:13:54+00:00","description":"Amedeo Modigliani - Cha\u00efm Soutine - 100% handgemalte Gem\u00e4lde - Verkauf von Reproduktionen ber\u00fchmter Gem\u00e4lde und abstrakter Kunst - Wandbilder f\u00fcr das Wohnzimmer","breadcrumb":{"@id":"https:\/\/svetslik.si\/de\/amedeo-modigliani-de\/chaim-soutine\/#breadcrumb"},"inLanguage":"de","potentialAction":[{"@type":"ReadAction","target":["https:\/\/svetslik.si\/de\/amedeo-modigliani-de\/chaim-soutine\/"]}]},{"@type":"ImageObject","inLanguage":"de","@id":"https:\/\/svetslik.si\/de\/amedeo-modigliani-de\/chaim-soutine\/#primaryimage","url":"https:\/\/svetslik.si\/wp-content\/uploads\/2021\/08\/image_Chaim-Soutine-Modigliani_680-scaled.jpg","contentUrl":"https:\/\/svetslik.si\/wp-content\/uploads\/2021\/08\/image_Chaim-Soutine-Modigliani_680-scaled.jpg","width":1649,"height":2560,"caption":"Amedeo Modigliani - Cha\u00efm Soutine (Cha\u00efm Soutine) - Gem\u00e4lde, Leinwandbilder - 100% handgemalte - Reproduktionen ber\u00fchmter Gem\u00e4lde - Gem\u00e4lde kaufen - Wandbilder Wohnzimmer - Ber\u00fchmtes Gem\u00e4lde - \u00d6lgem\u00e4lde - Bilderrahmen"},{"@type":"BreadcrumbList","@id":"https:\/\/svetslik.si\/de\/amedeo-modigliani-de\/chaim-soutine\/#breadcrumb","itemListElement":[{"@type":"ListItem","position":1,"name":"Wandkunst und Gem\u00e4lde auf Leinwand","item":"https:\/\/svetslik.si\/de\/"},{"@type":"ListItem","position":2,"name":"Verkauf von Gem\u00e4lden","item":"https:\/\/svetslik.si\/prodaja-slik\/"},{"@type":"ListItem","position":3,"name":"Amedeo Modigliani &#8211; Cha\u00efm Soutine"}]},{"@type":"WebSite","@id":"https:\/\/svetslik.si\/de\/#website","url":"https:\/\/svetslik.si\/de\/","name":"SVETSLIK.SI","description":"100% handgemalte Reproduktionen von Gem\u00e4lden ber\u00fchmter Maler und Gem\u00e4lde auf Leinwand.","publisher":{"@id":"https:\/\/svetslik.si\/de\/#organization"},"potentialAction":[{"@type":"SearchAction","target":{"@type":"EntryPoint","urlTemplate":"https:\/\/svetslik.si\/de\/?s={search_term_string}"},"query-input":{"@type":"PropertyValueSpecification","valueRequired":true,"valueName":"search_term_string"}}],"inLanguage":"de"},{"@type":"Organization","@id":"https:\/\/svetslik.si\/de\/#organization","name":"SvetSlik.si","url":"https:\/\/svetslik.si\/de\/","logo":{"@type":"ImageObject","inLanguage":"de","@id":"https:\/\/svetslik.si\/de\/#\/schema\/logo\/image\/","url":"https:\/\/svetslik.si\/wp-content\/uploads\/2020\/12\/logo-512.png","contentUrl":"https:\/\/svetslik.si\/wp-content\/uploads\/2020\/12\/logo-512.png","width":512,"height":512,"caption":"SvetSlik.si"},"image":{"@id":"https:\/\/svetslik.si\/de\/#\/schema\/logo\/image\/"},"sameAs":["https:\/\/www.facebook.com\/svetslik.si","https:\/\/x.com\/svetslik","https:\/\/www.instagram.com\/svetslik.si\/","https:\/\/www.linkedin.com\/company\/svetslik-si"]}]},"og_availability":"backorder","product_availability":"available for order","product_retailer_item_id":"357__","product_condition":"new"},"jetpack_sharing_enabled":true,"_links":{"self":[{"href":"https:\/\/svetslik.si\/de\/wp-json\/wp\/v2\/product\/68319","targetHints":{"allow":["GET"]}}],"collection":[{"href":"https:\/\/svetslik.si\/de\/wp-json\/wp\/v2\/product"}],"about":[{"href":"https:\/\/svetslik.si\/de\/wp-json\/wp\/v2\/types\/product"}],"wp:featuredmedia":[{"embeddable":true,"href":"https:\/\/svetslik.si\/de\/wp-json\/wp\/v2\/media\/63445"}],"wp:attachment":[{"href":"https:\/\/svetslik.si\/de\/wp-json\/wp\/v2\/media?parent=68319"}],"wp:term":[{"taxonomy":"product_brand","embeddable":true,"href":"https:\/\/svetslik.si\/de\/wp-json\/wp\/v2\/product_brand?post=68319"},{"taxonomy":"product_cat","embeddable":true,"href":"https:\/\/svetslik.si\/de\/wp-json\/wp\/v2\/product_cat?post=68319"},{"taxonomy":"product_tag","embeddable":true,"href":"https:\/\/svetslik.si\/de\/wp-json\/wp\/v2\/product_tag?post=68319"}],"curies":[{"name":"wp","href":"https:\/\/api.w.org\/{rel}","templated":true}]}}