{"id":68382,"date":"2021-09-02T18:01:56","date_gmt":"2021-09-02T16:01:56","guid":{"rendered":"https:\/\/svetslik.si\/unkategorisiert\/model-facing-front-study-for-models\/"},"modified":"2026-03-22T20:14:40","modified_gmt":"2026-03-22T19:14:40","slug":"model-facing-front-study-for-models","status":"publish","type":"product","link":"https:\/\/svetslik.si\/de\/georges-seurat-de\/model-facing-front-study-for-models\/","title":{"rendered":"Georges Seurat &#8211; Model Facing Front (study for Models)"},"content":{"rendered":"<div class=\"wpb-content-wrapper\">[vc_row css=&#8221;.vc_custom_1742248371667{margin-bottom: 10px !important;}&#8221;][vc_column]\t<div class=\"et-image-738 et-image     et_image_link\">\n\t\t<div class=\"et-image-inner \">\n\t\t\t\t\t\t\t<div class=\"et-image-thumb \">\n\t\t\t\t\t<img decoding=\"async\" width=\"1500\" height=\"1865\" src=\"https:\/\/svetslik.si\/wp-content\/uploads\/2021\/09\/Georges-Seurat-\u2013-Model-Facing-Front-study-for-Models-slike-na-platnu.jpg\" class=\"attachment-full\" alt=\"Georges Seurat - Model Facing Front (study for Models)\" title=\"Georges Seurat - Model Facing Front (study for Models)\" srcset=\"https:\/\/svetslik.si\/wp-content\/uploads\/2021\/09\/Georges-Seurat-\u2013-Model-Facing-Front-study-for-Models-slike-na-platnu.jpg 1500w, https:\/\/svetslik.si\/wp-content\/uploads\/2021\/09\/Georges-Seurat-\u2013-Model-Facing-Front-study-for-Models-slike-na-platnu-600x746.jpg 600w, https:\/\/svetslik.si\/wp-content\/uploads\/2021\/09\/Georges-Seurat-\u2013-Model-Facing-Front-study-for-Models-slike-na-platnu-1200x1492.jpg 1200w, https:\/\/svetslik.si\/wp-content\/uploads\/2021\/09\/Georges-Seurat-\u2013-Model-Facing-Front-study-for-Models-slike-na-platnu-241x300.jpg 241w, https:\/\/svetslik.si\/wp-content\/uploads\/2021\/09\/Georges-Seurat-\u2013-Model-Facing-Front-study-for-Models-slike-na-platnu-824x1024.jpg 824w, https:\/\/svetslik.si\/wp-content\/uploads\/2021\/09\/Georges-Seurat-\u2013-Model-Facing-Front-study-for-Models-slike-na-platnu-768x955.jpg 768w, https:\/\/svetslik.si\/wp-content\/uploads\/2021\/09\/Georges-Seurat-\u2013-Model-Facing-Front-study-for-Models-slike-na-platnu-1235x1536.jpg 1235w, https:\/\/svetslik.si\/wp-content\/uploads\/2021\/09\/Georges-Seurat-\u2013-Model-Facing-Front-study-for-Models-slike-na-platnu-121x150.jpg 121w\" sizes=\"(max-width: 1500px) 100vw, 1500px\" \/>\t\t\t\t<\/div>\n\t\t\t\t\t\t\t\t\t\t\t<\/div>\n\t<\/div>\n  [\/vc_column][\/vc_row][vc_row css=&#8221;.vc_custom_1742248371667{margin-bottom: 10px !important;}&#8221;][vc_column]\t<div class=\"et-image-572 et-image     et_image_link\">\n\t\t<div class=\"et-image-inner \">\n\t\t\t\t\t\t\t<div class=\"et-image-thumb \">\n\t\t\t\t\t<img decoding=\"async\" width=\"1500\" height=\"2473\" src=\"https:\/\/svetslik.si\/wp-content\/uploads\/2021\/09\/Georges-Seurat-\u2013-Model-Facing-Front-study-for-Models-slike-na-platnu-2.jpg\" class=\"attachment-full\" alt=\"Georges Seurat - Model Facing Front (study for Models)\" title=\"Georges Seurat - Model Facing Front (study for Models)\" srcset=\"https:\/\/svetslik.si\/wp-content\/uploads\/2021\/09\/Georges-Seurat-\u2013-Model-Facing-Front-study-for-Models-slike-na-platnu-2.jpg 1500w, https:\/\/svetslik.si\/wp-content\/uploads\/2021\/09\/Georges-Seurat-\u2013-Model-Facing-Front-study-for-Models-slike-na-platnu-2-600x989.jpg 600w, https:\/\/svetslik.si\/wp-content\/uploads\/2021\/09\/Georges-Seurat-\u2013-Model-Facing-Front-study-for-Models-slike-na-platnu-2-1200x1978.jpg 1200w, https:\/\/svetslik.si\/wp-content\/uploads\/2021\/09\/Georges-Seurat-\u2013-Model-Facing-Front-study-for-Models-slike-na-platnu-2-182x300.jpg 182w, https:\/\/svetslik.si\/wp-content\/uploads\/2021\/09\/Georges-Seurat-\u2013-Model-Facing-Front-study-for-Models-slike-na-platnu-2-621x1024.jpg 621w, https:\/\/svetslik.si\/wp-content\/uploads\/2021\/09\/Georges-Seurat-\u2013-Model-Facing-Front-study-for-Models-slike-na-platnu-2-768x1266.jpg 768w, https:\/\/svetslik.si\/wp-content\/uploads\/2021\/09\/Georges-Seurat-\u2013-Model-Facing-Front-study-for-Models-slike-na-platnu-2-932x1536.jpg 932w, https:\/\/svetslik.si\/wp-content\/uploads\/2021\/09\/Georges-Seurat-\u2013-Model-Facing-Front-study-for-Models-slike-na-platnu-2-1242x2048.jpg 1242w, https:\/\/svetslik.si\/wp-content\/uploads\/2021\/09\/Georges-Seurat-\u2013-Model-Facing-Front-study-for-Models-slike-na-platnu-2-91x150.jpg 91w\" sizes=\"(max-width: 1500px) 100vw, 1500px\" \/>\t\t\t\t<\/div>\n\t\t\t\t\t\t\t\t\t\t\t<\/div>\n\t<\/div>\n  [\/vc_column][\/vc_row][vc_row css=&#8221;.vc_custom_1742248371667{margin-bottom: 10px !important;}&#8221;][vc_column]\t<div class=\"et-image-596 et-image     et_image_link\">\n\t\t<div class=\"et-image-inner \">\n\t\t\t\t\t\t\t<div class=\"et-image-thumb \">\n\t\t\t\t\t<img decoding=\"async\" width=\"1500\" height=\"2371\" src=\"https:\/\/svetslik.si\/wp-content\/uploads\/2021\/09\/Georges-Seurat-\u2013-Model-Facing-Front-study-for-Models-slike-na-platnu-3.jpg\" class=\"attachment-full\" alt=\"Georges Seurat - Model Facing Front (study for Models)\" title=\"Georges Seurat - Model Facing Front (study for Models)\" srcset=\"https:\/\/svetslik.si\/wp-content\/uploads\/2021\/09\/Georges-Seurat-\u2013-Model-Facing-Front-study-for-Models-slike-na-platnu-3.jpg 1500w, https:\/\/svetslik.si\/wp-content\/uploads\/2021\/09\/Georges-Seurat-\u2013-Model-Facing-Front-study-for-Models-slike-na-platnu-3-600x948.jpg 600w, https:\/\/svetslik.si\/wp-content\/uploads\/2021\/09\/Georges-Seurat-\u2013-Model-Facing-Front-study-for-Models-slike-na-platnu-3-1200x1897.jpg 1200w, https:\/\/svetslik.si\/wp-content\/uploads\/2021\/09\/Georges-Seurat-\u2013-Model-Facing-Front-study-for-Models-slike-na-platnu-3-190x300.jpg 190w, https:\/\/svetslik.si\/wp-content\/uploads\/2021\/09\/Georges-Seurat-\u2013-Model-Facing-Front-study-for-Models-slike-na-platnu-3-648x1024.jpg 648w, https:\/\/svetslik.si\/wp-content\/uploads\/2021\/09\/Georges-Seurat-\u2013-Model-Facing-Front-study-for-Models-slike-na-platnu-3-768x1214.jpg 768w, https:\/\/svetslik.si\/wp-content\/uploads\/2021\/09\/Georges-Seurat-\u2013-Model-Facing-Front-study-for-Models-slike-na-platnu-3-972x1536.jpg 972w, https:\/\/svetslik.si\/wp-content\/uploads\/2021\/09\/Georges-Seurat-\u2013-Model-Facing-Front-study-for-Models-slike-na-platnu-3-1296x2048.jpg 1296w, https:\/\/svetslik.si\/wp-content\/uploads\/2021\/09\/Georges-Seurat-\u2013-Model-Facing-Front-study-for-Models-slike-na-platnu-3-95x150.jpg 95w\" sizes=\"(max-width: 1500px) 100vw, 1500px\" \/>\t\t\t\t<\/div>\n\t\t\t\t\t\t\t\t\t\t\t<\/div>\n\t<\/div>\n  [\/vc_column][\/vc_row][vc_row css=&#8221;.vc_custom_1742248371667{margin-bottom: 10px !important;}&#8221;][vc_column]\t<div class=\"et-image-632 et-image     et_image_link\">\n\t\t<div class=\"et-image-inner \">\n\t\t\t\t\t\t\t<div class=\"et-image-thumb \">\n\t\t\t\t\t<img decoding=\"async\" width=\"1500\" height=\"1210\" src=\"https:\/\/svetslik.si\/wp-content\/uploads\/2021\/09\/Georges-Seurat-\u2013-Model-Facing-Front-study-for-Models-slike-na-platnu-4.jpg\" class=\"attachment-full\" alt=\"Georges Seurat - Model Facing Front (study for Models)\" title=\"Georges Seurat - Model Facing Front (study for Models)\" srcset=\"https:\/\/svetslik.si\/wp-content\/uploads\/2021\/09\/Georges-Seurat-\u2013-Model-Facing-Front-study-for-Models-slike-na-platnu-4.jpg 1500w, https:\/\/svetslik.si\/wp-content\/uploads\/2021\/09\/Georges-Seurat-\u2013-Model-Facing-Front-study-for-Models-slike-na-platnu-4-600x484.jpg 600w, https:\/\/svetslik.si\/wp-content\/uploads\/2021\/09\/Georges-Seurat-\u2013-Model-Facing-Front-study-for-Models-slike-na-platnu-4-1200x968.jpg 1200w, https:\/\/svetslik.si\/wp-content\/uploads\/2021\/09\/Georges-Seurat-\u2013-Model-Facing-Front-study-for-Models-slike-na-platnu-4-300x242.jpg 300w, https:\/\/svetslik.si\/wp-content\/uploads\/2021\/09\/Georges-Seurat-\u2013-Model-Facing-Front-study-for-Models-slike-na-platnu-4-1024x826.jpg 1024w, https:\/\/svetslik.si\/wp-content\/uploads\/2021\/09\/Georges-Seurat-\u2013-Model-Facing-Front-study-for-Models-slike-na-platnu-4-768x620.jpg 768w, https:\/\/svetslik.si\/wp-content\/uploads\/2021\/09\/Georges-Seurat-\u2013-Model-Facing-Front-study-for-Models-slike-na-platnu-4-150x121.jpg 150w\" sizes=\"(max-width: 1500px) 100vw, 1500px\" \/>\t\t\t\t<\/div>\n\t\t\t\t\t\t\t\t\t\t\t<\/div>\n\t<\/div>\n  [\/vc_column][\/vc_row][vc_row css=&#8221;.vc_custom_1742248371667{margin-bottom: 10px !important;}&#8221;][vc_column]\t<div class=\"et-image-962 et-image     et_image_link\">\n\t\t<div class=\"et-image-inner \">\n\t\t\t\t\t\t\t<div class=\"et-image-thumb \">\n\t\t\t\t\t<img decoding=\"async\" width=\"1500\" height=\"1125\" src=\"https:\/\/svetslik.si\/wp-content\/uploads\/2021\/09\/Georges-Seurat-\u2013-Model-Facing-Front-study-for-Models-slike-na-platnu-5.jpg\" class=\"attachment-full\" alt=\"Georges Seurat - Model Facing Front (study for Models)\" title=\"Georges Seurat - Model Facing Front (study for Models)\" srcset=\"https:\/\/svetslik.si\/wp-content\/uploads\/2021\/09\/Georges-Seurat-\u2013-Model-Facing-Front-study-for-Models-slike-na-platnu-5.jpg 1500w, https:\/\/svetslik.si\/wp-content\/uploads\/2021\/09\/Georges-Seurat-\u2013-Model-Facing-Front-study-for-Models-slike-na-platnu-5-600x450.jpg 600w, https:\/\/svetslik.si\/wp-content\/uploads\/2021\/09\/Georges-Seurat-\u2013-Model-Facing-Front-study-for-Models-slike-na-platnu-5-1200x900.jpg 1200w, https:\/\/svetslik.si\/wp-content\/uploads\/2021\/09\/Georges-Seurat-\u2013-Model-Facing-Front-study-for-Models-slike-na-platnu-5-300x225.jpg 300w, https:\/\/svetslik.si\/wp-content\/uploads\/2021\/09\/Georges-Seurat-\u2013-Model-Facing-Front-study-for-Models-slike-na-platnu-5-1024x768.jpg 1024w, https:\/\/svetslik.si\/wp-content\/uploads\/2021\/09\/Georges-Seurat-\u2013-Model-Facing-Front-study-for-Models-slike-na-platnu-5-768x576.jpg 768w, https:\/\/svetslik.si\/wp-content\/uploads\/2021\/09\/Georges-Seurat-\u2013-Model-Facing-Front-study-for-Models-slike-na-platnu-5-150x113.jpg 150w\" sizes=\"(max-width: 1500px) 100vw, 1500px\" \/>\t\t\t\t<\/div>\n\t\t\t\t\t\t\t\t\t\t\t<\/div>\n\t<\/div>\n  [\/vc_column][\/vc_row][vc_row][vc_column][vc_column_text]\n<h1>Georger Seurat \u2013 Model mit Blick nach vorne (Studie f\u00fcr Models)<\/h1>\n<p>&nbsp;<\/p>\n<table style=\"width: 673px;\" border=\"0\" width=\"673\" cellpadding=\"0\">\n<tbody>\n<tr>\n<td style=\"width: 180px; height: 21px;\" height=\"21\">Jahr der Erstellung:<\/td>\n<td style=\"width: 493px;\">1886<\/td>\n<\/tr>\n<tr>\n<td style=\"width: 180px; height: 21px;\" height=\"21\">Originalgr\u00f6\u00dfe:<\/td>\n<td style=\"width: 493px;\">15,7 cm x 26 cm<\/td>\n<\/tr>\n<tr>\n<td style=\"width: 180px; height: 21px;\" height=\"21\">Malstil:<\/td>\n<td style=\"width: 493px;\">Pointillismus<\/td>\n<\/tr>\n<tr>\n<td style=\"width: 180px; height: 21px;\" height=\"21\">Originaltechnik:<\/td>\n<td>\u00d6l auf Leinwand<\/td>\n<\/tr>\n<tr>\n<td style=\"width: 180px; height: 21px;\" height=\"21\">Gefunden:<\/td>\n<td>Orsey Museum, Paris<\/td>\n<\/tr>\n<\/tbody>\n<colgroup> <\/colgroup>\n<\/table>\n<p>Das Gem\u00e4lde <em>Model Facing Front<\/em> ist eine von vier Studien f\u00fcr das gr\u00f6\u00dfere \u00d6l auf Leinwand <em>The Models<\/em>. In zwei Versionen, in denen das Modell von vorne gemalt ist, widmet sich der Maler dem Studium dieser \u00e4u\u00dferst einfachen Pose. Hier abgebildet ist die erste dieser Studien; die Knie und Kn\u00f6chel der weiblichen Figur im Gem\u00e4lde sind zusammengepresst. Der Effekt ist statisch; Das Bild zeigt eine Figur, die fast pr\u00e4historisch anmutet.<\/p>\n<\/div>","protected":false},"excerpt":{"rendered":"<p>[vc_row css=&#8221;.vc_custom_1742248371667{margin-bottom: 10px !important;}&#8221;][vc_column][\/vc_column][\/vc_row][vc_row css=&#8221;.vc_custom_1742248371667{margin-bottom: 10px !important;}&#8221;][vc_column][\/vc_column][\/vc_row][vc_row css=&#8221;.vc_custom_1742248371667{margin-bottom: 10px !important;}&#8221;][vc_column][\/vc_column][\/vc_row][vc_row css=&#8221;.vc_custom_1742248371667{margin-bottom: 10px !important;}&#8221;][vc_column][\/vc_column][\/vc_row][vc_row css=&#8221;.vc_custom_1742248371667{margin-bottom: 10px !important;}&#8221;][vc_column][\/vc_column][\/vc_row][vc_row][vc_column][vc_column_text] Georger Seurat \u2013 Model mit Blick nach vorne (Studie f\u00fcr Models) &nbsp; Jahr der Erstellung: 1886 Originalgr\u00f6\u00dfe: 15,7 cm x 26 cm Malstil: Pointillismus Originaltechnik: \u00d6l auf Leinwand Gefunden: Orsey Museum, Paris Das Gem\u00e4lde [&hellip;]<\/p>\n","protected":false},"featured_media":63781,"template":"","meta":{"_acf_changed":false},"product_brand":[],"product_cat":[8459],"product_tag":[8521,8513,8514,8520],"class_list":{"0":"post-68382","1":"product","2":"type-product","3":"status-publish","4":"has-post-thumbnail","6":"product_cat-georges-seurat-de","7":"product_tag-maler","8":"product_tag-reproduktion","9":"product_tag-reproduktionen","10":"product_tag-seurat-de","11":"pa_dimenzija-16-x-26-cm-de","12":"pa_dimenzija-30-x-50-cm-de","13":"pa_dimenzija-40-x-65-cm-de","14":"pa_dimenzija-50-x-85-cm-de","15":"pa_dimenzija-60-x-100-cm-de","16":"pa_dimenzija-70-x-120-cm-de","17":"pa_dimenzija-80-x-130-cm-de","18":"pa_dimenzija-90-x-150-cm-de","19":"pa_oblika-vertikal","20":"pa_okvir-ohne-rahmen","21":"pa_podokvir-ja","22":"pa_podokvir-nein","24":"first","25":"onbackorder","26":"purchasable","27":"product-type-variable","28":"has-default-attributes"},"acf":[],"yoast_head":"<!-- This site is optimized with the Yoast SEO Premium plugin v26.0 (Yoast SEO v27.2) - https:\/\/yoast.com\/product\/yoast-seo-premium-wordpress\/ -->\n<title>Georges Seurat - Model Facing Front (study for Models) - SVETSLIK.SI - 100% handgemalt<\/title>\n<meta name=\"description\" content=\"Georges Seurat - Model Facing Front (study for Models) - 100% handgemalte Gem\u00e4lde - Verkauf von Reproduktionen ber\u00fchmter Gem\u00e4lde und abstrakter Kunst - Wandbilder f\u00fcr das Wohnzimmer\" \/>\n<meta name=\"robots\" content=\"index, follow, max-snippet:-1, max-image-preview:large, max-video-preview:-1\" \/>\n<link rel=\"canonical\" href=\"https:\/\/svetslik.si\/de\/georges-seurat-de\/model-facing-front-study-for-models\/\" \/>\n<meta property=\"og:locale\" content=\"de_DE\" \/>\n<meta property=\"og:type\" content=\"article\" \/>\n<meta property=\"og:title\" content=\"Georges Seurat - Model Facing Front (study for Models)\" \/>\n<meta property=\"og:description\" content=\"100% ro\u010dno naslikane slike na platnu, reprodukcije znanih slikarjev in umetni\u0161ke slike po naro\u010dilu.\" \/>\n<meta property=\"og:url\" content=\"https:\/\/svetslik.si\/de\/georges-seurat-de\/model-facing-front-study-for-models\/\" \/>\n<meta property=\"og:site_name\" content=\"SVETSLIK.SI\" \/>\n<meta property=\"article:publisher\" content=\"https:\/\/www.facebook.com\/svetslik.si\" \/>\n<meta property=\"article:modified_time\" content=\"2026-03-22T19:14:40+00:00\" \/>\n<meta property=\"og:image\" content=\"https:\/\/svetslik.si\/wp-content\/uploads\/2021\/08\/image_Model-Facing-Front-study-for-Models-Seurat_680.jpg\" \/>\n\t<meta property=\"og:image:width\" content=\"747\" \/>\n\t<meta property=\"og:image:height\" content=\"1200\" \/>\n\t<meta property=\"og:image:type\" content=\"image\/jpeg\" \/>\n<meta name=\"twitter:card\" content=\"summary_large_image\" \/>\n<meta name=\"twitter:site\" content=\"@svetslik\" \/>\n<meta name=\"twitter:label1\" content=\"Verf\u00fcgbarkeit\" \/>\n\t<meta name=\"twitter:data1\" content=\"bei Nachbestellung\" \/>\n<script type=\"application\/ld+json\" class=\"yoast-schema-graph\">{\"@context\":\"https:\/\/schema.org\",\"@graph\":[{\"@type\":[\"WebPage\",\"ItemPage\"],\"@id\":\"https:\/\/svetslik.si\/de\/georges-seurat-de\/model-facing-front-study-for-models\/\",\"url\":\"https:\/\/svetslik.si\/de\/georges-seurat-de\/model-facing-front-study-for-models\/\",\"name\":\"Georges Seurat - Model Facing Front (study for Models) - SVETSLIK.SI - 100% handgemalt\",\"isPartOf\":{\"@id\":\"https:\/\/svetslik.si\/de\/#website\"},\"primaryImageOfPage\":{\"@id\":\"https:\/\/svetslik.si\/de\/georges-seurat-de\/model-facing-front-study-for-models\/#primaryimage\"},\"image\":{\"@id\":\"https:\/\/svetslik.si\/de\/georges-seurat-de\/model-facing-front-study-for-models\/#primaryimage\"},\"thumbnailUrl\":\"https:\/\/svetslik.si\/wp-content\/uploads\/2021\/08\/image_Model-Facing-Front-study-for-Models-Seurat_680.jpg\",\"datePublished\":\"2021-09-02T16:01:56+00:00\",\"dateModified\":\"2026-03-22T19:14:40+00:00\",\"description\":\"Georges Seurat - Model Facing Front (study for Models) - 100% handgemalte Gem\u00e4lde - Verkauf von Reproduktionen ber\u00fchmter Gem\u00e4lde und abstrakter Kunst - Wandbilder f\u00fcr das Wohnzimmer\",\"breadcrumb\":{\"@id\":\"https:\/\/svetslik.si\/de\/georges-seurat-de\/model-facing-front-study-for-models\/#breadcrumb\"},\"inLanguage\":\"de\",\"potentialAction\":[{\"@type\":\"ReadAction\",\"target\":[\"https:\/\/svetslik.si\/de\/georges-seurat-de\/model-facing-front-study-for-models\/\"]}]},{\"@type\":\"ImageObject\",\"inLanguage\":\"de\",\"@id\":\"https:\/\/svetslik.si\/de\/georges-seurat-de\/model-facing-front-study-for-models\/#primaryimage\",\"url\":\"https:\/\/svetslik.si\/wp-content\/uploads\/2021\/08\/image_Model-Facing-Front-study-for-Models-Seurat_680.jpg\",\"contentUrl\":\"https:\/\/svetslik.si\/wp-content\/uploads\/2021\/08\/image_Model-Facing-Front-study-for-Models-Seurat_680.jpg\",\"width\":747,\"height\":1200,\"caption\":\"Georger Seurat - Model Facing Front (study for Models) (Modell, das nach vorne schaut - Studie f\u00fcr Modelle) - Gem\u00e4lde, Leinwandbilder, Reproduktion\"},{\"@type\":\"BreadcrumbList\",\"@id\":\"https:\/\/svetslik.si\/de\/georges-seurat-de\/model-facing-front-study-for-models\/#breadcrumb\",\"itemListElement\":[{\"@type\":\"ListItem\",\"position\":1,\"name\":\"Wandkunst und Gem\u00e4lde auf Leinwand\",\"item\":\"https:\/\/svetslik.si\/de\/\"},{\"@type\":\"ListItem\",\"position\":2,\"name\":\"Verkauf von Gem\u00e4lden\",\"item\":\"https:\/\/svetslik.si\/prodaja-slik\/\"},{\"@type\":\"ListItem\",\"position\":3,\"name\":\"Georges Seurat &#8211; Model Facing Front (study for Models)\"}]},{\"@type\":\"WebSite\",\"@id\":\"https:\/\/svetslik.si\/de\/#website\",\"url\":\"https:\/\/svetslik.si\/de\/\",\"name\":\"SVETSLIK.SI\",\"description\":\"100% handgemalte Reproduktionen von Gem\u00e4lden ber\u00fchmter Maler und Gem\u00e4lde auf Leinwand.\",\"publisher\":{\"@id\":\"https:\/\/svetslik.si\/de\/#organization\"},\"potentialAction\":[{\"@type\":\"SearchAction\",\"target\":{\"@type\":\"EntryPoint\",\"urlTemplate\":\"https:\/\/svetslik.si\/de\/?s={search_term_string}\"},\"query-input\":{\"@type\":\"PropertyValueSpecification\",\"valueRequired\":true,\"valueName\":\"search_term_string\"}}],\"inLanguage\":\"de\"},{\"@type\":\"Organization\",\"@id\":\"https:\/\/svetslik.si\/de\/#organization\",\"name\":\"SvetSlik.si\",\"url\":\"https:\/\/svetslik.si\/de\/\",\"logo\":{\"@type\":\"ImageObject\",\"inLanguage\":\"de\",\"@id\":\"https:\/\/svetslik.si\/de\/#\/schema\/logo\/image\/\",\"url\":\"https:\/\/svetslik.si\/wp-content\/uploads\/2020\/12\/logo-512.png\",\"contentUrl\":\"https:\/\/svetslik.si\/wp-content\/uploads\/2020\/12\/logo-512.png\",\"width\":512,\"height\":512,\"caption\":\"SvetSlik.si\"},\"image\":{\"@id\":\"https:\/\/svetslik.si\/de\/#\/schema\/logo\/image\/\"},\"sameAs\":[\"https:\/\/www.facebook.com\/svetslik.si\",\"https:\/\/x.com\/svetslik\",\"https:\/\/www.instagram.com\/svetslik.si\/\",\"https:\/\/www.linkedin.com\/company\/svetslik-si\"]}]}<\/script>\n<meta property=\"og:availability\" content=\"backorder\" \/>\n<meta property=\"product:availability\" content=\"available for order\" \/>\n<meta property=\"product:retailer_item_id\" content=\"365__\" \/>\n<meta property=\"product:condition\" content=\"new\" \/>\n<!-- \/ Yoast SEO Premium plugin. -->","yoast_head_json":{"title":"Georges Seurat - Model Facing Front (study for Models) - SVETSLIK.SI - 100% handgemalt","description":"Georges Seurat - Model Facing Front (study for Models) - 100% handgemalte Gem\u00e4lde - Verkauf von Reproduktionen ber\u00fchmter Gem\u00e4lde und abstrakter Kunst - Wandbilder f\u00fcr das Wohnzimmer","robots":{"index":"index","follow":"follow","max-snippet":"max-snippet:-1","max-image-preview":"max-image-preview:large","max-video-preview":"max-video-preview:-1"},"canonical":"https:\/\/svetslik.si\/de\/georges-seurat-de\/model-facing-front-study-for-models\/","og_locale":"de_DE","og_type":"article","og_title":"Georges Seurat - Model Facing Front (study for Models)","og_description":"100% ro\u010dno naslikane slike na platnu, reprodukcije znanih slikarjev in umetni\u0161ke slike po naro\u010dilu.","og_url":"https:\/\/svetslik.si\/de\/georges-seurat-de\/model-facing-front-study-for-models\/","og_site_name":"SVETSLIK.SI","article_publisher":"https:\/\/www.facebook.com\/svetslik.si","article_modified_time":"2026-03-22T19:14:40+00:00","og_image":[{"width":747,"height":1200,"url":"https:\/\/svetslik.si\/wp-content\/uploads\/2021\/08\/image_Model-Facing-Front-study-for-Models-Seurat_680.jpg","type":"image\/jpeg"}],"twitter_card":"summary_large_image","twitter_site":"@svetslik","twitter_misc":{"Verf\u00fcgbarkeit":"bei Nachbestellung"},"schema":{"@context":"https:\/\/schema.org","@graph":[{"@type":["WebPage","ItemPage"],"@id":"https:\/\/svetslik.si\/de\/georges-seurat-de\/model-facing-front-study-for-models\/","url":"https:\/\/svetslik.si\/de\/georges-seurat-de\/model-facing-front-study-for-models\/","name":"Georges Seurat - Model Facing Front (study for Models) - SVETSLIK.SI - 100% handgemalt","isPartOf":{"@id":"https:\/\/svetslik.si\/de\/#website"},"primaryImageOfPage":{"@id":"https:\/\/svetslik.si\/de\/georges-seurat-de\/model-facing-front-study-for-models\/#primaryimage"},"image":{"@id":"https:\/\/svetslik.si\/de\/georges-seurat-de\/model-facing-front-study-for-models\/#primaryimage"},"thumbnailUrl":"https:\/\/svetslik.si\/wp-content\/uploads\/2021\/08\/image_Model-Facing-Front-study-for-Models-Seurat_680.jpg","datePublished":"2021-09-02T16:01:56+00:00","dateModified":"2026-03-22T19:14:40+00:00","description":"Georges Seurat - Model Facing Front (study for Models) - 100% handgemalte Gem\u00e4lde - Verkauf von Reproduktionen ber\u00fchmter Gem\u00e4lde und abstrakter Kunst - Wandbilder f\u00fcr das Wohnzimmer","breadcrumb":{"@id":"https:\/\/svetslik.si\/de\/georges-seurat-de\/model-facing-front-study-for-models\/#breadcrumb"},"inLanguage":"de","potentialAction":[{"@type":"ReadAction","target":["https:\/\/svetslik.si\/de\/georges-seurat-de\/model-facing-front-study-for-models\/"]}]},{"@type":"ImageObject","inLanguage":"de","@id":"https:\/\/svetslik.si\/de\/georges-seurat-de\/model-facing-front-study-for-models\/#primaryimage","url":"https:\/\/svetslik.si\/wp-content\/uploads\/2021\/08\/image_Model-Facing-Front-study-for-Models-Seurat_680.jpg","contentUrl":"https:\/\/svetslik.si\/wp-content\/uploads\/2021\/08\/image_Model-Facing-Front-study-for-Models-Seurat_680.jpg","width":747,"height":1200,"caption":"Georger Seurat - Model Facing Front (study for Models) (Modell, das nach vorne schaut - Studie f\u00fcr Modelle) - Gem\u00e4lde, Leinwandbilder, Reproduktion"},{"@type":"BreadcrumbList","@id":"https:\/\/svetslik.si\/de\/georges-seurat-de\/model-facing-front-study-for-models\/#breadcrumb","itemListElement":[{"@type":"ListItem","position":1,"name":"Wandkunst und Gem\u00e4lde auf Leinwand","item":"https:\/\/svetslik.si\/de\/"},{"@type":"ListItem","position":2,"name":"Verkauf von Gem\u00e4lden","item":"https:\/\/svetslik.si\/prodaja-slik\/"},{"@type":"ListItem","position":3,"name":"Georges Seurat &#8211; Model Facing Front (study for Models)"}]},{"@type":"WebSite","@id":"https:\/\/svetslik.si\/de\/#website","url":"https:\/\/svetslik.si\/de\/","name":"SVETSLIK.SI","description":"100% handgemalte Reproduktionen von Gem\u00e4lden ber\u00fchmter Maler und Gem\u00e4lde auf Leinwand.","publisher":{"@id":"https:\/\/svetslik.si\/de\/#organization"},"potentialAction":[{"@type":"SearchAction","target":{"@type":"EntryPoint","urlTemplate":"https:\/\/svetslik.si\/de\/?s={search_term_string}"},"query-input":{"@type":"PropertyValueSpecification","valueRequired":true,"valueName":"search_term_string"}}],"inLanguage":"de"},{"@type":"Organization","@id":"https:\/\/svetslik.si\/de\/#organization","name":"SvetSlik.si","url":"https:\/\/svetslik.si\/de\/","logo":{"@type":"ImageObject","inLanguage":"de","@id":"https:\/\/svetslik.si\/de\/#\/schema\/logo\/image\/","url":"https:\/\/svetslik.si\/wp-content\/uploads\/2020\/12\/logo-512.png","contentUrl":"https:\/\/svetslik.si\/wp-content\/uploads\/2020\/12\/logo-512.png","width":512,"height":512,"caption":"SvetSlik.si"},"image":{"@id":"https:\/\/svetslik.si\/de\/#\/schema\/logo\/image\/"},"sameAs":["https:\/\/www.facebook.com\/svetslik.si","https:\/\/x.com\/svetslik","https:\/\/www.instagram.com\/svetslik.si\/","https:\/\/www.linkedin.com\/company\/svetslik-si"]}]},"og_availability":"backorder","product_availability":"available for order","product_retailer_item_id":"365__","product_condition":"new"},"jetpack_sharing_enabled":true,"_links":{"self":[{"href":"https:\/\/svetslik.si\/de\/wp-json\/wp\/v2\/product\/68382","targetHints":{"allow":["GET"]}}],"collection":[{"href":"https:\/\/svetslik.si\/de\/wp-json\/wp\/v2\/product"}],"about":[{"href":"https:\/\/svetslik.si\/de\/wp-json\/wp\/v2\/types\/product"}],"wp:featuredmedia":[{"embeddable":true,"href":"https:\/\/svetslik.si\/de\/wp-json\/wp\/v2\/media\/63781"}],"wp:attachment":[{"href":"https:\/\/svetslik.si\/de\/wp-json\/wp\/v2\/media?parent=68382"}],"wp:term":[{"taxonomy":"product_brand","embeddable":true,"href":"https:\/\/svetslik.si\/de\/wp-json\/wp\/v2\/product_brand?post=68382"},{"taxonomy":"product_cat","embeddable":true,"href":"https:\/\/svetslik.si\/de\/wp-json\/wp\/v2\/product_cat?post=68382"},{"taxonomy":"product_tag","embeddable":true,"href":"https:\/\/svetslik.si\/de\/wp-json\/wp\/v2\/product_tag?post=68382"}],"curies":[{"name":"wp","href":"https:\/\/api.w.org\/{rel}","templated":true}]}}