{"id":68427,"date":"2021-09-02T18:02:24","date_gmt":"2021-09-02T16:02:24","guid":{"rendered":"https:\/\/svetslik.si\/unkategorisiert\/figure-in-a-landscape-at-barbizon\/"},"modified":"2026-03-22T20:16:29","modified_gmt":"2026-03-22T19:16:29","slug":"figure-in-a-landscape-at-barbizon","status":"publish","type":"product","link":"https:\/\/svetslik.si\/de\/georges-seurat-de\/figure-in-a-landscape-at-barbizon\/","title":{"rendered":"Georges Seurat &#8211; Figure in a Landscape at Barbizon"},"content":{"rendered":"<h1>Georger Seurat \u2013 Figur in einer Landschaft in Barbizon<\/h1>\n<p>&nbsp;<\/p>\n<table border=\"0\" cellpadding=\"0\" style=\"width: 673px\" width=\"673\">\n<tbody>\n<tr>\n<td height=\"21\" style=\"width: 180px;height: 21px\">\n<p>Jahr der Erstellung:<\/td>\n<td style=\"width: 493px\">\n<p>1882<\/td>\n<\/tr>\n<tr>\n<td height=\"21\" style=\"width: 180px;height: 21px\">\n<p>Originalgr\u00f6\u00dfe:<\/td>\n<td style=\"width: 493px\">\n<p>24,8 cm x 15,5 cm<\/td>\n<\/tr>\n<tr>\n<td height=\"21\" style=\"width: 180px;height: 21px\">\n<p>Malstil:<\/td>\n<td style=\"width: 493px\">\n<p>Pointillismus<\/td>\n<\/tr>\n<tr>\n<td height=\"21\" style=\"width: 180px;height: 21px\">\n<p>Originaltechnik:<\/td>\n<td>\n<p>\u00d6l auf Leinwand<\/td>\n<\/tr>\n<tr>\n<td height=\"21\" style=\"width: 180px;height: 21px\">\n<p>Gefunden:<\/td>\n<td>\n<p>Wallraf-Richartz-Museum und Corboud-Stiftung, K\u00f6ln<\/td>\n<\/tr>\n<\/tbody>\n<colgroup>\n<\/colgroup>\n<\/table>\n<p>Im Sommer 1882 malte Seurat viel in der Natur, insbesondere bei Spazierg\u00e4ngen im Wald von Fontainebleau bei Barbizon. Neben reinen Landschaftsbildern ohne menschliche Figuren malte der K\u00fcnstler auch Studien von Bauern auf den Feldern.<\/p>\n","protected":false},"excerpt":{"rendered":"<p>Georger Seurat \u2013 Figur in einer Landschaft in Barbizon &nbsp; Jahr der Erstellung: 1882 Originalgr\u00f6\u00dfe: 24,8 cm x 15,5 cm Malstil: Pointillismus Originaltechnik: \u00d6l auf Leinwand Gefunden: Wallraf-Richartz-Museum und Corboud-Stiftung, K\u00f6ln Im Sommer 1882 malte Seurat viel in der Natur, insbesondere bei Spazierg\u00e4ngen im Wald von Fontainebleau bei Barbizon. Neben [&hellip;]<\/p>\n","protected":false},"featured_media":64397,"template":"","meta":{"_acf_changed":false},"product_brand":[],"product_cat":[8459],"product_tag":[8521,8513,8514,8520],"class_list":{"0":"post-68427","1":"product","2":"type-product","3":"status-publish","4":"has-post-thumbnail","6":"product_cat-georges-seurat-de","7":"product_tag-maler","8":"product_tag-reproduktion","9":"product_tag-reproduktionen","10":"product_tag-seurat-de","11":"pa_dimenzija-120-x-75-cm","12":"pa_dimenzija-150-x-100-cm","13":"pa_dimenzija-25-x-16-cm","14":"pa_dimenzija-50-x-30-cm","15":"pa_dimenzija-60-x-40-cm","16":"pa_dimenzija-70-x-45-cm","17":"pa_dimenzija-80-x-50-cm","18":"pa_dimenzija-90-x-60-cm","19":"pa_oblika-horizontal-de","20":"pa_okvir-ohne-rahmen","21":"pa_podokvir-ja","22":"pa_podokvir-nein","24":"first","25":"onbackorder","26":"purchasable","27":"product-type-variable","28":"has-default-attributes"},"acf":[],"yoast_head":"<!-- This site is optimized with the Yoast SEO Premium plugin v26.0 (Yoast SEO v27.2) - https:\/\/yoast.com\/product\/yoast-seo-premium-wordpress\/ -->\n<title>Georges Seurat - Figure in a Landscape at Barbizon - SVETSLIK.SI - 100% handgemalt<\/title>\n<meta name=\"description\" content=\"Georges Seurat - Figure in a Landscape at Barbizon - 100% handgemalte Gem\u00e4lde - Verkauf von Reproduktionen ber\u00fchmter Gem\u00e4lde und abstrakter Kunst - Wandbilder f\u00fcr das Wohnzimmer\" \/>\n<meta name=\"robots\" content=\"index, follow, max-snippet:-1, max-image-preview:large, max-video-preview:-1\" \/>\n<link rel=\"canonical\" href=\"https:\/\/svetslik.si\/de\/georges-seurat-de\/figure-in-a-landscape-at-barbizon\/\" \/>\n<meta property=\"og:locale\" content=\"de_DE\" \/>\n<meta property=\"og:type\" content=\"article\" \/>\n<meta property=\"og:title\" content=\"Georges Seurat - Figure in a Landscape at Barbizon\" \/>\n<meta property=\"og:description\" content=\"100% ro\u010dno naslikane slike na platnu, reprodukcije znanih slikarjev in umetni\u0161ke slike po naro\u010dilu.\" \/>\n<meta property=\"og:url\" content=\"https:\/\/svetslik.si\/de\/georges-seurat-de\/figure-in-a-landscape-at-barbizon\/\" \/>\n<meta property=\"og:site_name\" content=\"SVETSLIK.SI\" \/>\n<meta property=\"article:publisher\" content=\"https:\/\/www.facebook.com\/svetslik.si\" \/>\n<meta property=\"article:modified_time\" content=\"2026-03-22T19:16:29+00:00\" \/>\n<meta property=\"og:image\" content=\"https:\/\/svetslik.si\/wp-content\/uploads\/2021\/09\/Georges_Seurat_-Figure-in-a-Landscape-at-Barbizon.jpg\" \/>\n\t<meta property=\"og:image:width\" content=\"800\" \/>\n\t<meta property=\"og:image:height\" content=\"494\" \/>\n\t<meta property=\"og:image:type\" content=\"image\/jpeg\" \/>\n<meta name=\"twitter:card\" content=\"summary_large_image\" \/>\n<meta name=\"twitter:site\" content=\"@svetslik\" \/>\n<meta name=\"twitter:label1\" content=\"Verf\u00fcgbarkeit\" \/>\n\t<meta name=\"twitter:data1\" content=\"bei Nachbestellung\" \/>\n<script type=\"application\/ld+json\" class=\"yoast-schema-graph\">{\"@context\":\"https:\/\/schema.org\",\"@graph\":[{\"@type\":[\"WebPage\",\"ItemPage\"],\"@id\":\"https:\/\/svetslik.si\/de\/georges-seurat-de\/figure-in-a-landscape-at-barbizon\/\",\"url\":\"https:\/\/svetslik.si\/de\/georges-seurat-de\/figure-in-a-landscape-at-barbizon\/\",\"name\":\"Georges Seurat - Figure in a Landscape at Barbizon - SVETSLIK.SI - 100% handgemalt\",\"isPartOf\":{\"@id\":\"https:\/\/svetslik.si\/de\/#website\"},\"primaryImageOfPage\":{\"@id\":\"https:\/\/svetslik.si\/de\/georges-seurat-de\/figure-in-a-landscape-at-barbizon\/#primaryimage\"},\"image\":{\"@id\":\"https:\/\/svetslik.si\/de\/georges-seurat-de\/figure-in-a-landscape-at-barbizon\/#primaryimage\"},\"thumbnailUrl\":\"https:\/\/svetslik.si\/wp-content\/uploads\/2021\/09\/Georges_Seurat_-Figure-in-a-Landscape-at-Barbizon.jpg\",\"datePublished\":\"2021-09-02T16:02:24+00:00\",\"dateModified\":\"2026-03-22T19:16:29+00:00\",\"description\":\"Georges Seurat - Figure in a Landscape at Barbizon - 100% handgemalte Gem\u00e4lde - Verkauf von Reproduktionen ber\u00fchmter Gem\u00e4lde und abstrakter Kunst - Wandbilder f\u00fcr das Wohnzimmer\",\"breadcrumb\":{\"@id\":\"https:\/\/svetslik.si\/de\/georges-seurat-de\/figure-in-a-landscape-at-barbizon\/#breadcrumb\"},\"inLanguage\":\"de\",\"potentialAction\":[{\"@type\":\"ReadAction\",\"target\":[\"https:\/\/svetslik.si\/de\/georges-seurat-de\/figure-in-a-landscape-at-barbizon\/\"]}]},{\"@type\":\"ImageObject\",\"inLanguage\":\"de\",\"@id\":\"https:\/\/svetslik.si\/de\/georges-seurat-de\/figure-in-a-landscape-at-barbizon\/#primaryimage\",\"url\":\"https:\/\/svetslik.si\/wp-content\/uploads\/2021\/09\/Georges_Seurat_-Figure-in-a-Landscape-at-Barbizon.jpg\",\"contentUrl\":\"https:\/\/svetslik.si\/wp-content\/uploads\/2021\/09\/Georges_Seurat_-Figure-in-a-Landscape-at-Barbizon.jpg\",\"width\":800,\"height\":494,\"caption\":\"Georges Seurat - Figure in a Landscape at Barbizon - Figur in einer Landschaft in Barbizon - Gem\u00e4lde, Leinwandbilder, Reproduktion\"},{\"@type\":\"BreadcrumbList\",\"@id\":\"https:\/\/svetslik.si\/de\/georges-seurat-de\/figure-in-a-landscape-at-barbizon\/#breadcrumb\",\"itemListElement\":[{\"@type\":\"ListItem\",\"position\":1,\"name\":\"Wandkunst und Gem\u00e4lde auf Leinwand\",\"item\":\"https:\/\/svetslik.si\/de\/\"},{\"@type\":\"ListItem\",\"position\":2,\"name\":\"Verkauf von Gem\u00e4lden\",\"item\":\"https:\/\/svetslik.si\/prodaja-slik\/\"},{\"@type\":\"ListItem\",\"position\":3,\"name\":\"Georges Seurat &#8211; Figure in a Landscape at Barbizon\"}]},{\"@type\":\"WebSite\",\"@id\":\"https:\/\/svetslik.si\/de\/#website\",\"url\":\"https:\/\/svetslik.si\/de\/\",\"name\":\"SVETSLIK.SI\",\"description\":\"100% handgemalte Reproduktionen von Gem\u00e4lden ber\u00fchmter Maler und Gem\u00e4lde auf Leinwand.\",\"publisher\":{\"@id\":\"https:\/\/svetslik.si\/de\/#organization\"},\"potentialAction\":[{\"@type\":\"SearchAction\",\"target\":{\"@type\":\"EntryPoint\",\"urlTemplate\":\"https:\/\/svetslik.si\/de\/?s={search_term_string}\"},\"query-input\":{\"@type\":\"PropertyValueSpecification\",\"valueRequired\":true,\"valueName\":\"search_term_string\"}}],\"inLanguage\":\"de\"},{\"@type\":\"Organization\",\"@id\":\"https:\/\/svetslik.si\/de\/#organization\",\"name\":\"SvetSlik.si\",\"url\":\"https:\/\/svetslik.si\/de\/\",\"logo\":{\"@type\":\"ImageObject\",\"inLanguage\":\"de\",\"@id\":\"https:\/\/svetslik.si\/de\/#\/schema\/logo\/image\/\",\"url\":\"https:\/\/svetslik.si\/wp-content\/uploads\/2020\/12\/logo-512.png\",\"contentUrl\":\"https:\/\/svetslik.si\/wp-content\/uploads\/2020\/12\/logo-512.png\",\"width\":512,\"height\":512,\"caption\":\"SvetSlik.si\"},\"image\":{\"@id\":\"https:\/\/svetslik.si\/de\/#\/schema\/logo\/image\/\"},\"sameAs\":[\"https:\/\/www.facebook.com\/svetslik.si\",\"https:\/\/x.com\/svetslik\",\"https:\/\/www.instagram.com\/svetslik.si\/\",\"https:\/\/www.linkedin.com\/company\/svetslik-si\"]}]}<\/script>\n<meta property=\"og:availability\" content=\"backorder\" \/>\n<meta property=\"product:availability\" content=\"available for order\" \/>\n<meta property=\"product:retailer_item_id\" content=\"370__\" \/>\n<meta property=\"product:condition\" content=\"new\" \/>\n<!-- \/ Yoast SEO Premium plugin. -->","yoast_head_json":{"title":"Georges Seurat - Figure in a Landscape at Barbizon - SVETSLIK.SI - 100% handgemalt","description":"Georges Seurat - Figure in a Landscape at Barbizon - 100% handgemalte Gem\u00e4lde - Verkauf von Reproduktionen ber\u00fchmter Gem\u00e4lde und abstrakter Kunst - Wandbilder f\u00fcr das Wohnzimmer","robots":{"index":"index","follow":"follow","max-snippet":"max-snippet:-1","max-image-preview":"max-image-preview:large","max-video-preview":"max-video-preview:-1"},"canonical":"https:\/\/svetslik.si\/de\/georges-seurat-de\/figure-in-a-landscape-at-barbizon\/","og_locale":"de_DE","og_type":"article","og_title":"Georges Seurat - Figure in a Landscape at Barbizon","og_description":"100% ro\u010dno naslikane slike na platnu, reprodukcije znanih slikarjev in umetni\u0161ke slike po naro\u010dilu.","og_url":"https:\/\/svetslik.si\/de\/georges-seurat-de\/figure-in-a-landscape-at-barbizon\/","og_site_name":"SVETSLIK.SI","article_publisher":"https:\/\/www.facebook.com\/svetslik.si","article_modified_time":"2026-03-22T19:16:29+00:00","og_image":[{"width":800,"height":494,"url":"https:\/\/svetslik.si\/wp-content\/uploads\/2021\/09\/Georges_Seurat_-Figure-in-a-Landscape-at-Barbizon.jpg","type":"image\/jpeg"}],"twitter_card":"summary_large_image","twitter_site":"@svetslik","twitter_misc":{"Verf\u00fcgbarkeit":"bei Nachbestellung"},"schema":{"@context":"https:\/\/schema.org","@graph":[{"@type":["WebPage","ItemPage"],"@id":"https:\/\/svetslik.si\/de\/georges-seurat-de\/figure-in-a-landscape-at-barbizon\/","url":"https:\/\/svetslik.si\/de\/georges-seurat-de\/figure-in-a-landscape-at-barbizon\/","name":"Georges Seurat - Figure in a Landscape at Barbizon - SVETSLIK.SI - 100% handgemalt","isPartOf":{"@id":"https:\/\/svetslik.si\/de\/#website"},"primaryImageOfPage":{"@id":"https:\/\/svetslik.si\/de\/georges-seurat-de\/figure-in-a-landscape-at-barbizon\/#primaryimage"},"image":{"@id":"https:\/\/svetslik.si\/de\/georges-seurat-de\/figure-in-a-landscape-at-barbizon\/#primaryimage"},"thumbnailUrl":"https:\/\/svetslik.si\/wp-content\/uploads\/2021\/09\/Georges_Seurat_-Figure-in-a-Landscape-at-Barbizon.jpg","datePublished":"2021-09-02T16:02:24+00:00","dateModified":"2026-03-22T19:16:29+00:00","description":"Georges Seurat - Figure in a Landscape at Barbizon - 100% handgemalte Gem\u00e4lde - Verkauf von Reproduktionen ber\u00fchmter Gem\u00e4lde und abstrakter Kunst - Wandbilder f\u00fcr das Wohnzimmer","breadcrumb":{"@id":"https:\/\/svetslik.si\/de\/georges-seurat-de\/figure-in-a-landscape-at-barbizon\/#breadcrumb"},"inLanguage":"de","potentialAction":[{"@type":"ReadAction","target":["https:\/\/svetslik.si\/de\/georges-seurat-de\/figure-in-a-landscape-at-barbizon\/"]}]},{"@type":"ImageObject","inLanguage":"de","@id":"https:\/\/svetslik.si\/de\/georges-seurat-de\/figure-in-a-landscape-at-barbizon\/#primaryimage","url":"https:\/\/svetslik.si\/wp-content\/uploads\/2021\/09\/Georges_Seurat_-Figure-in-a-Landscape-at-Barbizon.jpg","contentUrl":"https:\/\/svetslik.si\/wp-content\/uploads\/2021\/09\/Georges_Seurat_-Figure-in-a-Landscape-at-Barbizon.jpg","width":800,"height":494,"caption":"Georges Seurat - Figure in a Landscape at Barbizon - Figur in einer Landschaft in Barbizon - Gem\u00e4lde, Leinwandbilder, Reproduktion"},{"@type":"BreadcrumbList","@id":"https:\/\/svetslik.si\/de\/georges-seurat-de\/figure-in-a-landscape-at-barbizon\/#breadcrumb","itemListElement":[{"@type":"ListItem","position":1,"name":"Wandkunst und Gem\u00e4lde auf Leinwand","item":"https:\/\/svetslik.si\/de\/"},{"@type":"ListItem","position":2,"name":"Verkauf von Gem\u00e4lden","item":"https:\/\/svetslik.si\/prodaja-slik\/"},{"@type":"ListItem","position":3,"name":"Georges Seurat &#8211; Figure in a Landscape at Barbizon"}]},{"@type":"WebSite","@id":"https:\/\/svetslik.si\/de\/#website","url":"https:\/\/svetslik.si\/de\/","name":"SVETSLIK.SI","description":"100% handgemalte Reproduktionen von Gem\u00e4lden ber\u00fchmter Maler und Gem\u00e4lde auf Leinwand.","publisher":{"@id":"https:\/\/svetslik.si\/de\/#organization"},"potentialAction":[{"@type":"SearchAction","target":{"@type":"EntryPoint","urlTemplate":"https:\/\/svetslik.si\/de\/?s={search_term_string}"},"query-input":{"@type":"PropertyValueSpecification","valueRequired":true,"valueName":"search_term_string"}}],"inLanguage":"de"},{"@type":"Organization","@id":"https:\/\/svetslik.si\/de\/#organization","name":"SvetSlik.si","url":"https:\/\/svetslik.si\/de\/","logo":{"@type":"ImageObject","inLanguage":"de","@id":"https:\/\/svetslik.si\/de\/#\/schema\/logo\/image\/","url":"https:\/\/svetslik.si\/wp-content\/uploads\/2020\/12\/logo-512.png","contentUrl":"https:\/\/svetslik.si\/wp-content\/uploads\/2020\/12\/logo-512.png","width":512,"height":512,"caption":"SvetSlik.si"},"image":{"@id":"https:\/\/svetslik.si\/de\/#\/schema\/logo\/image\/"},"sameAs":["https:\/\/www.facebook.com\/svetslik.si","https:\/\/x.com\/svetslik","https:\/\/www.instagram.com\/svetslik.si\/","https:\/\/www.linkedin.com\/company\/svetslik-si"]}]},"og_availability":"backorder","product_availability":"available for order","product_retailer_item_id":"370__","product_condition":"new"},"jetpack_sharing_enabled":true,"_links":{"self":[{"href":"https:\/\/svetslik.si\/de\/wp-json\/wp\/v2\/product\/68427","targetHints":{"allow":["GET"]}}],"collection":[{"href":"https:\/\/svetslik.si\/de\/wp-json\/wp\/v2\/product"}],"about":[{"href":"https:\/\/svetslik.si\/de\/wp-json\/wp\/v2\/types\/product"}],"wp:featuredmedia":[{"embeddable":true,"href":"https:\/\/svetslik.si\/de\/wp-json\/wp\/v2\/media\/64397"}],"wp:attachment":[{"href":"https:\/\/svetslik.si\/de\/wp-json\/wp\/v2\/media?parent=68427"}],"wp:term":[{"taxonomy":"product_brand","embeddable":true,"href":"https:\/\/svetslik.si\/de\/wp-json\/wp\/v2\/product_brand?post=68427"},{"taxonomy":"product_cat","embeddable":true,"href":"https:\/\/svetslik.si\/de\/wp-json\/wp\/v2\/product_cat?post=68427"},{"taxonomy":"product_tag","embeddable":true,"href":"https:\/\/svetslik.si\/de\/wp-json\/wp\/v2\/product_tag?post=68427"}],"curies":[{"name":"wp","href":"https:\/\/api.w.org\/{rel}","templated":true}]}}