{"id":68445,"date":"2021-09-02T18:02:39","date_gmt":"2021-09-02T16:02:39","guid":{"rendered":"https:\/\/svetslik.si\/unkategorisiert\/street-scene-in-montmarte-le-moulin-de-poivre\/"},"modified":"2026-03-22T20:16:29","modified_gmt":"2026-03-22T19:16:29","slug":"street-scene-in-montmarte-le-moulin-de-poivre","status":"publish","type":"product","link":"https:\/\/svetslik.si\/de\/vincent-van-gogh-de\/street-scene-in-montmarte-le-moulin-de-poivre\/","title":{"rendered":"Vincent van Gogh &#8211; Street Scene in Montmarte &#8211; Le Moulin de Poivre"},"content":{"rendered":"<h1>Vincent Van Gogh \u2013 Stra\u00dfenszene in Montmartre \u2013 Le Moulin de Poivre<\/h1>\n<p>&nbsp;<\/p>\n<table style=\"width: 593px\" border=\"0\" width=\"593\" cellpadding=\"0\">\n<tbody>\n<tr>\n<td style=\"width: 155px;height: 21px\" height=\"21\">Erstellungsjahr:<\/td>\n<td style=\"width: 439px\">1887<\/td>\n<\/tr>\n<tr>\n<td style=\"width: 155px;height: 21px\" height=\"21\">Originalgr\u00f6\u00dfe:<\/td>\n<td style=\"width: 439px\">64,5 cm x 34,5 cm<\/td>\n<\/tr>\n<tr>\n<td style=\"width: 155px;height: 21px\" height=\"21\">Lackstil:<\/td>\n<td style=\"width: 439px\">Postimpressionismus<\/td>\n<\/tr>\n<tr>\n<td style=\"width: 155px;height: 21px\" height=\"21\">Originaltechnik:<\/td>\n<td style=\"width: 439px\">\u00d6l auf Leinwand<\/td>\n<\/tr>\n<tr>\n<td style=\"width: 155px;height: 21px\" height=\"21\">Standort:<\/td>\n<td style=\"width: 439px\">\n<div>Van Gogh Museum, Niederlande<\/div>\n<\/td>\n<\/tr>\n<\/tbody>\n<\/table>\n<p>Van Goghs Werke dr\u00fccken die Haltung des Malers zum Impressionismus aus \u2013 dieser Malstil lie\u00df dem K\u00fcnstler nicht gen\u00fcgend Freiheit, seine Gef\u00fchle auszudr\u00fccken. Van Gogh ist bekannt f\u00fcr seinen pastosen Farbauftrag auf Leinw\u00e4nden, seine schimmernden Farben und seine lebhaften Pinselstriche.<\/p>\n<p>\u201eStra\u00dfenszene in Montmartre \u2013 Le Moulin de Poivre\u201c ist ein Gem\u00e4lde des niederl\u00e4ndischen K\u00fcnstlers Vincent van Gogh aus dem Jahr 1886. Das Gem\u00e4lde gilt als eines der sch\u00f6nsten Werke Van Goghs und zeigt seine F\u00e4higkeit, die Essenz einer Szene und die Energie eines Menschen einzufangen Ort. Das Gem\u00e4lde zeigt eine Stra\u00dfenszene im Pariser Stadtteil Montmartre, mit der Windm\u00fchle Le Moulin de Poivre im Hintergrund und einer Gruppe von Menschen, die im Vordergrund die Stra\u00dfe entlanggehen. Das Gem\u00e4lde ist weithin f\u00fcr seine kr\u00e4ftigen Pinselstriche, seine Emotionalit\u00e4t und seine starke Symbolik bekannt.<\/p>\n<p>Die Komposition des Gem\u00e4ldes ist einfach, aber wirkungsvoll, wobei die Windm\u00fchle und die Stra\u00dfenszene den gr\u00f6\u00dften Raum auf der Leinwand einnehmen. Bemerkenswert ist auch die Verwendung von Farbe in dem Gem\u00e4lde, da Van Gogh kr\u00e4ftige, kontrastierende Farben verwendet, die ein Gef\u00fchl von Bewegung und Energie erzeugen. Die Windm\u00fchle ist in Blau- und Wei\u00dft\u00f6nen dargestellt und vermittelt ein Gef\u00fchl von Ruhe und Gelassenheit. Die Stra\u00dfenszene ist in Orange- und Braunt\u00f6nen dargestellt, die ein Gef\u00fchl von W\u00e4rme und Energie vermitteln. Die Pinselstriche im Gem\u00e4lde sind dicht und sichtbar und verleihen dem Gem\u00e4lde ein Gef\u00fchl von Bewegung und Energie.<\/p>\n<p>Auch die Symbolik des Gem\u00e4ldes ist reichhaltig: Die Windm\u00fchle repr\u00e4sentiert die Idee von Industrie und Fortschritt, w\u00e4hrend die Stra\u00dfenszene die Idee des Alltagslebens und der Hektik der Stadt repr\u00e4sentiert. Das Gem\u00e4lde soll Van Goghs damaligen emotionalen Zustand darstellen. Das Gem\u00e4lde entstand, als Van Gogh in Paris, Frankreich, lebte, und soll die Sehnsucht des K\u00fcnstlers nach einer Verbindung mit der Stadt und ihren Menschen widerspiegeln.<\/p>\n<p>\u201eStra\u00dfenszene in Montmartre \u2013 Le Moulin de Poivre\u201c gilt als eines der ikonischsten und kraftvollsten Werke Van Goghs. Das Gem\u00e4lde befindet sich im Van Gogh Museum in Amsterdam, Niederlande. Es handelt sich um ein wichtiges postimpressionistisches Werk, das immer noch von Kunstliebhabern und Experten gleicherma\u00dfen bewundert und studiert wird. Die kraftvolle Bildsprache, Emotionalit\u00e4t und reiche Symbolik machen das Gem\u00e4lde zu einem Muss f\u00fcr jeden Kunstliebhaber und jeden, der sich f\u00fcr das Werk von Vincent van Gogh interessiert.<\/p>\n","protected":false},"excerpt":{"rendered":"<p>Vincent Van Gogh \u2013 Stra\u00dfenszene in Montmartre \u2013 Le Moulin de Poivre &nbsp; Erstellungsjahr: 1887 Originalgr\u00f6\u00dfe: 64,5 cm x 34,5 cm Lackstil: Postimpressionismus Originaltechnik: \u00d6l auf Leinwand Standort: Van Gogh Museum, Niederlande Van Goghs Werke dr\u00fccken die Haltung des Malers zum Impressionismus aus \u2013 dieser Malstil lie\u00df dem K\u00fcnstler nicht [&hellip;]<\/p>\n","protected":false},"featured_media":64096,"template":"","meta":{"_acf_changed":false},"product_brand":[],"product_cat":[8468],"product_tag":[8521,8513,8514,8581],"class_list":{"0":"post-68445","1":"product","2":"type-product","3":"status-publish","4":"has-post-thumbnail","6":"product_cat-vincent-van-gogh-de","7":"product_tag-maler","8":"product_tag-reproduktion","9":"product_tag-reproduktionen","10":"product_tag-van-gogh-de","11":"pa_dimenzija-120-x-65-cm-de","12":"pa_dimenzija-150-x-80-cm-de","13":"pa_dimenzija-50-x-30-cm-de","14":"pa_dimenzija-65-x-35-cm-de","15":"pa_dimenzija-70-x-40-cm-de","16":"pa_dimenzija-80-x-45-cm-de","17":"pa_dimenzija-90-x-50-cm-de","18":"pa_oblika-horizontal-de","19":"pa_okvir-ohne-rahmen","20":"pa_podokvir-ja","21":"pa_podokvir-nein","23":"first","24":"onbackorder","25":"purchasable","26":"product-type-variable","27":"has-default-attributes"},"acf":[],"yoast_head":"<!-- This site is optimized with the Yoast SEO Premium plugin v26.0 (Yoast SEO v27.2) - https:\/\/yoast.com\/product\/yoast-seo-premium-wordpress\/ -->\n<title>Vincent van Gogh - Street Scene in Montmarte - Le Moulin de Poivre - SVETSLIK.SI - 100% handgemalt<\/title>\n<meta name=\"description\" content=\"Vincent van Gogh - Street Scene in Montmarte - Le Moulin de Poivre - 100% handgemalte Gem\u00e4lde - Verkauf von Reproduktionen ber\u00fchmter Gem\u00e4lde und abstrakter Kunst - Wandbilder f\u00fcr das Wohnzimmer\" \/>\n<meta name=\"robots\" content=\"index, follow, max-snippet:-1, max-image-preview:large, max-video-preview:-1\" \/>\n<link rel=\"canonical\" href=\"https:\/\/svetslik.si\/de\/vincent-van-gogh-de\/street-scene-in-montmarte-le-moulin-de-poivre\/\" \/>\n<meta property=\"og:locale\" content=\"de_DE\" \/>\n<meta property=\"og:type\" content=\"article\" \/>\n<meta property=\"og:title\" content=\"Vincent van Gogh - Street Scene in Montmarte - Le Moulin de Poivre\" \/>\n<meta property=\"og:description\" content=\"100% ro\u010dno naslikane slike na platnu, reprodukcije znanih slikarjev in umetni\u0161ke slike po naro\u010dilu.\" \/>\n<meta property=\"og:url\" content=\"https:\/\/svetslik.si\/de\/vincent-van-gogh-de\/street-scene-in-montmarte-le-moulin-de-poivre\/\" \/>\n<meta property=\"og:site_name\" content=\"SVETSLIK.SI\" \/>\n<meta property=\"article:publisher\" content=\"https:\/\/www.facebook.com\/svetslik.si\" \/>\n<meta property=\"article:modified_time\" content=\"2026-03-22T19:16:29+00:00\" \/>\n<meta property=\"og:image\" content=\"https:\/\/svetslik.si\/wp-content\/uploads\/2021\/08\/image_Street-Scene-in-Montmarte-Le-Moulin-de-Poivre_680.jpg\" \/>\n\t<meta property=\"og:image:width\" content=\"1500\" \/>\n\t<meta property=\"og:image:height\" content=\"1132\" \/>\n\t<meta property=\"og:image:type\" content=\"image\/jpeg\" \/>\n<meta name=\"twitter:card\" content=\"summary_large_image\" \/>\n<meta name=\"twitter:site\" content=\"@svetslik\" \/>\n<meta name=\"twitter:label1\" content=\"Verf\u00fcgbarkeit\" \/>\n\t<meta name=\"twitter:data1\" content=\"bei Nachbestellung\" \/>\n<script type=\"application\/ld+json\" class=\"yoast-schema-graph\">{\"@context\":\"https:\/\/schema.org\",\"@graph\":[{\"@type\":[\"WebPage\",\"ItemPage\"],\"@id\":\"https:\/\/svetslik.si\/de\/vincent-van-gogh-de\/street-scene-in-montmarte-le-moulin-de-poivre\/\",\"url\":\"https:\/\/svetslik.si\/de\/vincent-van-gogh-de\/street-scene-in-montmarte-le-moulin-de-poivre\/\",\"name\":\"Vincent van Gogh - Street Scene in Montmarte - Le Moulin de Poivre - SVETSLIK.SI - 100% handgemalt\",\"isPartOf\":{\"@id\":\"https:\/\/svetslik.si\/de\/#website\"},\"primaryImageOfPage\":{\"@id\":\"https:\/\/svetslik.si\/de\/vincent-van-gogh-de\/street-scene-in-montmarte-le-moulin-de-poivre\/#primaryimage\"},\"image\":{\"@id\":\"https:\/\/svetslik.si\/de\/vincent-van-gogh-de\/street-scene-in-montmarte-le-moulin-de-poivre\/#primaryimage\"},\"thumbnailUrl\":\"https:\/\/svetslik.si\/wp-content\/uploads\/2021\/08\/image_Street-Scene-in-Montmarte-Le-Moulin-de-Poivre_680.jpg\",\"datePublished\":\"2021-09-02T16:02:39+00:00\",\"dateModified\":\"2026-03-22T19:16:29+00:00\",\"description\":\"Vincent van Gogh - Street Scene in Montmarte - Le Moulin de Poivre - 100% handgemalte Gem\u00e4lde - Verkauf von Reproduktionen ber\u00fchmter Gem\u00e4lde und abstrakter Kunst - Wandbilder f\u00fcr das Wohnzimmer\",\"breadcrumb\":{\"@id\":\"https:\/\/svetslik.si\/de\/vincent-van-gogh-de\/street-scene-in-montmarte-le-moulin-de-poivre\/#breadcrumb\"},\"inLanguage\":\"de\",\"potentialAction\":[{\"@type\":\"ReadAction\",\"target\":[\"https:\/\/svetslik.si\/de\/vincent-van-gogh-de\/street-scene-in-montmarte-le-moulin-de-poivre\/\"]}]},{\"@type\":\"ImageObject\",\"inLanguage\":\"de\",\"@id\":\"https:\/\/svetslik.si\/de\/vincent-van-gogh-de\/street-scene-in-montmarte-le-moulin-de-poivre\/#primaryimage\",\"url\":\"https:\/\/svetslik.si\/wp-content\/uploads\/2021\/08\/image_Street-Scene-in-Montmarte-Le-Moulin-de-Poivre_680.jpg\",\"contentUrl\":\"https:\/\/svetslik.si\/wp-content\/uploads\/2021\/08\/image_Street-Scene-in-Montmarte-Le-Moulin-de-Poivre_680.jpg\",\"width\":1500,\"height\":1132,\"caption\":\"Vincent Van Gogh - Street Scene in Montmartre - Le Moulin de Poivre (Stra\u00dfenszene in Montmartre - Die Pfefferm\u00fchle), Gem\u00e4lde, Leinwandbilder - 100% handgemalte, Reproduktionen ber\u00fchmter gem\u00e4lde, gem\u00e4lde kaufen, wandbilder wohnzimmer, ber\u00fchmtes gem\u00e4lde, \u00f6lgem\u00e4lde, bilderrahmen\"},{\"@type\":\"BreadcrumbList\",\"@id\":\"https:\/\/svetslik.si\/de\/vincent-van-gogh-de\/street-scene-in-montmarte-le-moulin-de-poivre\/#breadcrumb\",\"itemListElement\":[{\"@type\":\"ListItem\",\"position\":1,\"name\":\"Wandkunst und Gem\u00e4lde auf Leinwand\",\"item\":\"https:\/\/svetslik.si\/de\/\"},{\"@type\":\"ListItem\",\"position\":2,\"name\":\"Verkauf von Gem\u00e4lden\",\"item\":\"https:\/\/svetslik.si\/prodaja-slik\/\"},{\"@type\":\"ListItem\",\"position\":3,\"name\":\"Vincent van Gogh &#8211; Street Scene in Montmarte &#8211; Le Moulin de Poivre\"}]},{\"@type\":\"WebSite\",\"@id\":\"https:\/\/svetslik.si\/de\/#website\",\"url\":\"https:\/\/svetslik.si\/de\/\",\"name\":\"SVETSLIK.SI\",\"description\":\"100% handgemalte Reproduktionen von Gem\u00e4lden ber\u00fchmter Maler und Gem\u00e4lde auf Leinwand.\",\"publisher\":{\"@id\":\"https:\/\/svetslik.si\/de\/#organization\"},\"potentialAction\":[{\"@type\":\"SearchAction\",\"target\":{\"@type\":\"EntryPoint\",\"urlTemplate\":\"https:\/\/svetslik.si\/de\/?s={search_term_string}\"},\"query-input\":{\"@type\":\"PropertyValueSpecification\",\"valueRequired\":true,\"valueName\":\"search_term_string\"}}],\"inLanguage\":\"de\"},{\"@type\":\"Organization\",\"@id\":\"https:\/\/svetslik.si\/de\/#organization\",\"name\":\"SvetSlik.si\",\"url\":\"https:\/\/svetslik.si\/de\/\",\"logo\":{\"@type\":\"ImageObject\",\"inLanguage\":\"de\",\"@id\":\"https:\/\/svetslik.si\/de\/#\/schema\/logo\/image\/\",\"url\":\"https:\/\/svetslik.si\/wp-content\/uploads\/2020\/12\/logo-512.png\",\"contentUrl\":\"https:\/\/svetslik.si\/wp-content\/uploads\/2020\/12\/logo-512.png\",\"width\":512,\"height\":512,\"caption\":\"SvetSlik.si\"},\"image\":{\"@id\":\"https:\/\/svetslik.si\/de\/#\/schema\/logo\/image\/\"},\"sameAs\":[\"https:\/\/www.facebook.com\/svetslik.si\",\"https:\/\/x.com\/svetslik\",\"https:\/\/www.instagram.com\/svetslik.si\/\",\"https:\/\/www.linkedin.com\/company\/svetslik-si\"]}]}<\/script>\n<meta property=\"og:availability\" content=\"backorder\" \/>\n<meta property=\"product:availability\" content=\"available for order\" \/>\n<meta property=\"product:retailer_item_id\" content=\"372__\" \/>\n<meta property=\"product:condition\" content=\"new\" \/>\n<!-- \/ Yoast SEO Premium plugin. -->","yoast_head_json":{"title":"Vincent van Gogh - Street Scene in Montmarte - Le Moulin de Poivre - SVETSLIK.SI - 100% handgemalt","description":"Vincent van Gogh - Street Scene in Montmarte - Le Moulin de Poivre - 100% handgemalte Gem\u00e4lde - Verkauf von Reproduktionen ber\u00fchmter Gem\u00e4lde und abstrakter Kunst - Wandbilder f\u00fcr das Wohnzimmer","robots":{"index":"index","follow":"follow","max-snippet":"max-snippet:-1","max-image-preview":"max-image-preview:large","max-video-preview":"max-video-preview:-1"},"canonical":"https:\/\/svetslik.si\/de\/vincent-van-gogh-de\/street-scene-in-montmarte-le-moulin-de-poivre\/","og_locale":"de_DE","og_type":"article","og_title":"Vincent van Gogh - Street Scene in Montmarte - Le Moulin de Poivre","og_description":"100% ro\u010dno naslikane slike na platnu, reprodukcije znanih slikarjev in umetni\u0161ke slike po naro\u010dilu.","og_url":"https:\/\/svetslik.si\/de\/vincent-van-gogh-de\/street-scene-in-montmarte-le-moulin-de-poivre\/","og_site_name":"SVETSLIK.SI","article_publisher":"https:\/\/www.facebook.com\/svetslik.si","article_modified_time":"2026-03-22T19:16:29+00:00","og_image":[{"width":1500,"height":1132,"url":"https:\/\/svetslik.si\/wp-content\/uploads\/2021\/08\/image_Street-Scene-in-Montmarte-Le-Moulin-de-Poivre_680.jpg","type":"image\/jpeg"}],"twitter_card":"summary_large_image","twitter_site":"@svetslik","twitter_misc":{"Verf\u00fcgbarkeit":"bei Nachbestellung"},"schema":{"@context":"https:\/\/schema.org","@graph":[{"@type":["WebPage","ItemPage"],"@id":"https:\/\/svetslik.si\/de\/vincent-van-gogh-de\/street-scene-in-montmarte-le-moulin-de-poivre\/","url":"https:\/\/svetslik.si\/de\/vincent-van-gogh-de\/street-scene-in-montmarte-le-moulin-de-poivre\/","name":"Vincent van Gogh - Street Scene in Montmarte - Le Moulin de Poivre - SVETSLIK.SI - 100% handgemalt","isPartOf":{"@id":"https:\/\/svetslik.si\/de\/#website"},"primaryImageOfPage":{"@id":"https:\/\/svetslik.si\/de\/vincent-van-gogh-de\/street-scene-in-montmarte-le-moulin-de-poivre\/#primaryimage"},"image":{"@id":"https:\/\/svetslik.si\/de\/vincent-van-gogh-de\/street-scene-in-montmarte-le-moulin-de-poivre\/#primaryimage"},"thumbnailUrl":"https:\/\/svetslik.si\/wp-content\/uploads\/2021\/08\/image_Street-Scene-in-Montmarte-Le-Moulin-de-Poivre_680.jpg","datePublished":"2021-09-02T16:02:39+00:00","dateModified":"2026-03-22T19:16:29+00:00","description":"Vincent van Gogh - Street Scene in Montmarte - Le Moulin de Poivre - 100% handgemalte Gem\u00e4lde - Verkauf von Reproduktionen ber\u00fchmter Gem\u00e4lde und abstrakter Kunst - Wandbilder f\u00fcr das Wohnzimmer","breadcrumb":{"@id":"https:\/\/svetslik.si\/de\/vincent-van-gogh-de\/street-scene-in-montmarte-le-moulin-de-poivre\/#breadcrumb"},"inLanguage":"de","potentialAction":[{"@type":"ReadAction","target":["https:\/\/svetslik.si\/de\/vincent-van-gogh-de\/street-scene-in-montmarte-le-moulin-de-poivre\/"]}]},{"@type":"ImageObject","inLanguage":"de","@id":"https:\/\/svetslik.si\/de\/vincent-van-gogh-de\/street-scene-in-montmarte-le-moulin-de-poivre\/#primaryimage","url":"https:\/\/svetslik.si\/wp-content\/uploads\/2021\/08\/image_Street-Scene-in-Montmarte-Le-Moulin-de-Poivre_680.jpg","contentUrl":"https:\/\/svetslik.si\/wp-content\/uploads\/2021\/08\/image_Street-Scene-in-Montmarte-Le-Moulin-de-Poivre_680.jpg","width":1500,"height":1132,"caption":"Vincent Van Gogh - Street Scene in Montmartre - Le Moulin de Poivre (Stra\u00dfenszene in Montmartre - Die Pfefferm\u00fchle), Gem\u00e4lde, Leinwandbilder - 100% handgemalte, Reproduktionen ber\u00fchmter gem\u00e4lde, gem\u00e4lde kaufen, wandbilder wohnzimmer, ber\u00fchmtes gem\u00e4lde, \u00f6lgem\u00e4lde, bilderrahmen"},{"@type":"BreadcrumbList","@id":"https:\/\/svetslik.si\/de\/vincent-van-gogh-de\/street-scene-in-montmarte-le-moulin-de-poivre\/#breadcrumb","itemListElement":[{"@type":"ListItem","position":1,"name":"Wandkunst und Gem\u00e4lde auf Leinwand","item":"https:\/\/svetslik.si\/de\/"},{"@type":"ListItem","position":2,"name":"Verkauf von Gem\u00e4lden","item":"https:\/\/svetslik.si\/prodaja-slik\/"},{"@type":"ListItem","position":3,"name":"Vincent van Gogh &#8211; Street Scene in Montmarte &#8211; Le Moulin de Poivre"}]},{"@type":"WebSite","@id":"https:\/\/svetslik.si\/de\/#website","url":"https:\/\/svetslik.si\/de\/","name":"SVETSLIK.SI","description":"100% handgemalte Reproduktionen von Gem\u00e4lden ber\u00fchmter Maler und Gem\u00e4lde auf Leinwand.","publisher":{"@id":"https:\/\/svetslik.si\/de\/#organization"},"potentialAction":[{"@type":"SearchAction","target":{"@type":"EntryPoint","urlTemplate":"https:\/\/svetslik.si\/de\/?s={search_term_string}"},"query-input":{"@type":"PropertyValueSpecification","valueRequired":true,"valueName":"search_term_string"}}],"inLanguage":"de"},{"@type":"Organization","@id":"https:\/\/svetslik.si\/de\/#organization","name":"SvetSlik.si","url":"https:\/\/svetslik.si\/de\/","logo":{"@type":"ImageObject","inLanguage":"de","@id":"https:\/\/svetslik.si\/de\/#\/schema\/logo\/image\/","url":"https:\/\/svetslik.si\/wp-content\/uploads\/2020\/12\/logo-512.png","contentUrl":"https:\/\/svetslik.si\/wp-content\/uploads\/2020\/12\/logo-512.png","width":512,"height":512,"caption":"SvetSlik.si"},"image":{"@id":"https:\/\/svetslik.si\/de\/#\/schema\/logo\/image\/"},"sameAs":["https:\/\/www.facebook.com\/svetslik.si","https:\/\/x.com\/svetslik","https:\/\/www.instagram.com\/svetslik.si\/","https:\/\/www.linkedin.com\/company\/svetslik-si"]}]},"og_availability":"backorder","product_availability":"available for order","product_retailer_item_id":"372__","product_condition":"new"},"jetpack_sharing_enabled":true,"_links":{"self":[{"href":"https:\/\/svetslik.si\/de\/wp-json\/wp\/v2\/product\/68445","targetHints":{"allow":["GET"]}}],"collection":[{"href":"https:\/\/svetslik.si\/de\/wp-json\/wp\/v2\/product"}],"about":[{"href":"https:\/\/svetslik.si\/de\/wp-json\/wp\/v2\/types\/product"}],"wp:featuredmedia":[{"embeddable":true,"href":"https:\/\/svetslik.si\/de\/wp-json\/wp\/v2\/media\/64096"}],"wp:attachment":[{"href":"https:\/\/svetslik.si\/de\/wp-json\/wp\/v2\/media?parent=68445"}],"wp:term":[{"taxonomy":"product_brand","embeddable":true,"href":"https:\/\/svetslik.si\/de\/wp-json\/wp\/v2\/product_brand?post=68445"},{"taxonomy":"product_cat","embeddable":true,"href":"https:\/\/svetslik.si\/de\/wp-json\/wp\/v2\/product_cat?post=68445"},{"taxonomy":"product_tag","embeddable":true,"href":"https:\/\/svetslik.si\/de\/wp-json\/wp\/v2\/product_tag?post=68445"}],"curies":[{"name":"wp","href":"https:\/\/api.w.org\/{rel}","templated":true}]}}