{"id":68615,"date":"2021-09-02T18:04:53","date_gmt":"2021-09-02T16:04:53","guid":{"rendered":"https:\/\/svetslik.si\/unkategorisiert\/there-is-the-temple-parahi-te-marae\/"},"modified":"2026-03-22T20:21:33","modified_gmt":"2026-03-22T19:21:33","slug":"there-is-the-temple-parahi-te-marae","status":"publish","type":"product","link":"https:\/\/svetslik.si\/de\/paul-gauguin-de\/there-is-the-temple-parahi-te-marae\/","title":{"rendered":"Paul Gauguin &#8211; There is the Temple (Parahi te marae)"},"content":{"rendered":"<h1>Paul Gauguin \u2013 Da ist der Tempel (Parahi te marae)<\/h1>\n<p>\n&nbsp;<\/p>\n<div>\n<table border=\"0\" cellpadding=\"0\" style=\"width: 619px\" width=\"619\">\n<tbody>\n<tr>\n<td height=\"21\" style=\"width: 180px;height: 21px\">\nJahr der Erstellung:<\/td>\n<td style=\"width: 439px\">\n1892<\/td>\n<\/tr>\n<tr>\n<td height=\"21\" style=\"width: 180px;height: 21px\">\nOriginalgr\u00f6\u00dfe:<\/td>\n<td style=\"width: 439px\">\n22,9 cm x 18,5 cm<\/td>\n<\/tr>\n<tr>\n<td height=\"21\" style=\"width: 180px;height: 21px\">\nMalstil:<\/td>\n<td style=\"width: 439px\">\nModerne<\/td>\n<\/tr>\n<tr>\n<td height=\"21\" style=\"width: 180px;height: 21px\">\nOriginaltechnik:<\/td>\n<td>\nAquarell \u00fcber Graphitstift auf japanischem Papier<\/td>\n<\/tr>\n<tr>\n<td height=\"21\" style=\"width: 180px;height: 21px\">\nGefunden:<\/td>\n<td style=\"width: 439px\">\nKunstmuseen der Harvard University, Fogg Museum of Art<\/td>\n<\/tr>\n<\/tbody>\n<colgroup>\n<\/colgroup>\n<\/table>\n<\/div>\n<div>\n&nbsp;<\/div>\n<div>\nDas Gem\u00e4lde <em>Parahi te marae<\/em> zeigt die realen und fiktiven Aspekte von Gauguins Werken dieser Zeit. Im Vordergrund des Bildes befindet sich eine \u00fcppige Vegetation mit bunten Blumen auf einem fast schwarzen Hintergrund. Dieser Teil ist vom Rest des Gem\u00e4ldes durch einen Zaun im chinesischen Stil getrennt. Der Rest des Gem\u00e4ldes zeigt einen H\u00fcgel in Gelb, im Hintergrund malt Gauguin den Ozean. Der Tempel im Titel ist die schwarze G\u00f6tzenstatue auf der rechten Seite des gelben H\u00fcgels.<\/div>\n<div>\nZur Zeit dieses Gem\u00e4ldes gab es auf Tahiti keine Tempel, Idolstatuen oder Z\u00e4une im chinesischen Stil. Gauguin, immer offen f\u00fcr Inspiration aus verschiedenen Quellen, lie\u00df sich f\u00fcr dieses Gem\u00e4lde von Moerenhouts Buch inspirieren.<\/div>\n<div>\n&nbsp;<\/div>\n","protected":false},"excerpt":{"rendered":"<p>Paul Gauguin \u2013 Da ist der Tempel (Parahi te marae) &nbsp; Jahr der Erstellung: 1892 Originalgr\u00f6\u00dfe: 22,9 cm x 18,5 cm Malstil: Moderne Originaltechnik: Aquarell \u00fcber Graphitstift auf japanischem Papier Gefunden: Kunstmuseen der Harvard University, Fogg Museum of Art &nbsp; Das Gem\u00e4lde Parahi te marae zeigt die realen und fiktiven [&hellip;]<\/p>\n","protected":false},"featured_media":64215,"template":"","meta":{"_acf_changed":false},"product_brand":[],"product_cat":[8465],"product_tag":[8488,8521,8513,8514],"class_list":{"0":"post-68615","1":"product","2":"type-product","3":"status-publish","4":"has-post-thumbnail","6":"product_cat-paul-gauguin-de","7":"product_tag-gaugin-de","8":"product_tag-maler","9":"product_tag-reproduktion","10":"product_tag-reproduktionen","11":"pa_dimenzija-100-x-80-cm-de","12":"pa_dimenzija-110-x-90-cm-de","13":"pa_dimenzija-23-x-19-cm-de","14":"pa_dimenzija-50-x-40-cm-de","15":"pa_dimenzija-60-x-50-cm-de","16":"pa_dimenzija-70-x-60-cm-de","17":"pa_dimenzija-80-x-65-cm-de","18":"pa_dimenzija-90-x-75-cm-de","19":"pa_oblika-horizontal-de","20":"pa_okvir-ohne-rahmen","21":"pa_podokvir-ja","22":"pa_podokvir-nein","24":"first","25":"onbackorder","26":"purchasable","27":"product-type-variable","28":"has-default-attributes"},"acf":[],"yoast_head":"<!-- This site is optimized with the Yoast SEO Premium plugin v26.0 (Yoast SEO v27.2) - https:\/\/yoast.com\/product\/yoast-seo-premium-wordpress\/ -->\n<title>Paul Gauguin - There is the Temple (Parahi te marae) - SVETSLIK.SI - 100% handgemalt<\/title>\n<meta name=\"description\" content=\"Paul Gauguin - There is the Temple (Parahi te marae) - 100% handgemalte Gem\u00e4lde - Verkauf von Reproduktionen ber\u00fchmter Gem\u00e4lde und abstrakter Kunst - Wandbilder f\u00fcr das Wohnzimmer\" \/>\n<meta name=\"robots\" content=\"index, follow, max-snippet:-1, max-image-preview:large, max-video-preview:-1\" \/>\n<link rel=\"canonical\" href=\"https:\/\/svetslik.si\/de\/paul-gauguin-de\/there-is-the-temple-parahi-te-marae\/\" \/>\n<meta property=\"og:locale\" content=\"de_DE\" \/>\n<meta property=\"og:type\" content=\"article\" \/>\n<meta property=\"og:title\" content=\"Paul Gauguin - There is the Temple (Parahi te marae)\" \/>\n<meta property=\"og:description\" content=\"100% ro\u010dno naslikane slike na platnu, reprodukcije znanih slikarjev in umetni\u0161ke slike po naro\u010dilu.\" \/>\n<meta property=\"og:url\" content=\"https:\/\/svetslik.si\/de\/paul-gauguin-de\/there-is-the-temple-parahi-te-marae\/\" \/>\n<meta property=\"og:site_name\" content=\"SVETSLIK.SI\" \/>\n<meta property=\"article:publisher\" content=\"https:\/\/www.facebook.com\/svetslik.si\" \/>\n<meta property=\"article:modified_time\" content=\"2026-03-22T19:21:33+00:00\" \/>\n<meta property=\"og:image\" content=\"https:\/\/svetslik.si\/wp-content\/uploads\/2021\/08\/image_There-is-the-Temple-Parahi-te-marae-Paul-Gauguin_680.jpg\" \/>\n\t<meta property=\"og:image:width\" content=\"1010\" \/>\n\t<meta property=\"og:image:height\" content=\"822\" \/>\n\t<meta property=\"og:image:type\" content=\"image\/jpeg\" \/>\n<meta name=\"twitter:card\" content=\"summary_large_image\" \/>\n<meta name=\"twitter:site\" content=\"@svetslik\" \/>\n<meta name=\"twitter:label1\" content=\"Verf\u00fcgbarkeit\" \/>\n\t<meta name=\"twitter:data1\" content=\"bei Nachbestellung\" \/>\n<script type=\"application\/ld+json\" class=\"yoast-schema-graph\">{\"@context\":\"https:\/\/schema.org\",\"@graph\":[{\"@type\":[\"WebPage\",\"ItemPage\"],\"@id\":\"https:\/\/svetslik.si\/de\/paul-gauguin-de\/there-is-the-temple-parahi-te-marae\/\",\"url\":\"https:\/\/svetslik.si\/de\/paul-gauguin-de\/there-is-the-temple-parahi-te-marae\/\",\"name\":\"Paul Gauguin - There is the Temple (Parahi te marae) - SVETSLIK.SI - 100% handgemalt\",\"isPartOf\":{\"@id\":\"https:\/\/svetslik.si\/de\/#website\"},\"primaryImageOfPage\":{\"@id\":\"https:\/\/svetslik.si\/de\/paul-gauguin-de\/there-is-the-temple-parahi-te-marae\/#primaryimage\"},\"image\":{\"@id\":\"https:\/\/svetslik.si\/de\/paul-gauguin-de\/there-is-the-temple-parahi-te-marae\/#primaryimage\"},\"thumbnailUrl\":\"https:\/\/svetslik.si\/wp-content\/uploads\/2021\/08\/image_There-is-the-Temple-Parahi-te-marae-Paul-Gauguin_680.jpg\",\"datePublished\":\"2021-09-02T16:04:53+00:00\",\"dateModified\":\"2026-03-22T19:21:33+00:00\",\"description\":\"Paul Gauguin - There is the Temple (Parahi te marae) - 100% handgemalte Gem\u00e4lde - Verkauf von Reproduktionen ber\u00fchmter Gem\u00e4lde und abstrakter Kunst - Wandbilder f\u00fcr das Wohnzimmer\",\"breadcrumb\":{\"@id\":\"https:\/\/svetslik.si\/de\/paul-gauguin-de\/there-is-the-temple-parahi-te-marae\/#breadcrumb\"},\"inLanguage\":\"de\",\"potentialAction\":[{\"@type\":\"ReadAction\",\"target\":[\"https:\/\/svetslik.si\/de\/paul-gauguin-de\/there-is-the-temple-parahi-te-marae\/\"]}]},{\"@type\":\"ImageObject\",\"inLanguage\":\"de\",\"@id\":\"https:\/\/svetslik.si\/de\/paul-gauguin-de\/there-is-the-temple-parahi-te-marae\/#primaryimage\",\"url\":\"https:\/\/svetslik.si\/wp-content\/uploads\/2021\/08\/image_There-is-the-Temple-Parahi-te-marae-Paul-Gauguin_680.jpg\",\"contentUrl\":\"https:\/\/svetslik.si\/wp-content\/uploads\/2021\/08\/image_There-is-the-Temple-Parahi-te-marae-Paul-Gauguin_680.jpg\",\"width\":1010,\"height\":822,\"caption\":\"Paul Gauguin - There is the Temple (Parahi te marae) (Dort ist der Tempel) - Gem\u00e4lde, Leinwandbilder, Reproduktion - 100% handgemalte, Reproduktionen ber\u00fchmter Gem\u00e4lde, Gem\u00e4lde kaufen, Wandbilder Wohnzimmer, ber\u00fchmtes Gem\u00e4lde, \u00d6lgem\u00e4lde, Bilderrahmen\"},{\"@type\":\"BreadcrumbList\",\"@id\":\"https:\/\/svetslik.si\/de\/paul-gauguin-de\/there-is-the-temple-parahi-te-marae\/#breadcrumb\",\"itemListElement\":[{\"@type\":\"ListItem\",\"position\":1,\"name\":\"Wandkunst und Gem\u00e4lde auf Leinwand\",\"item\":\"https:\/\/svetslik.si\/de\/\"},{\"@type\":\"ListItem\",\"position\":2,\"name\":\"Verkauf von Gem\u00e4lden\",\"item\":\"https:\/\/svetslik.si\/prodaja-slik\/\"},{\"@type\":\"ListItem\",\"position\":3,\"name\":\"Paul Gauguin &#8211; There is the Temple (Parahi te marae)\"}]},{\"@type\":\"WebSite\",\"@id\":\"https:\/\/svetslik.si\/de\/#website\",\"url\":\"https:\/\/svetslik.si\/de\/\",\"name\":\"SVETSLIK.SI\",\"description\":\"100% handgemalte Reproduktionen von Gem\u00e4lden ber\u00fchmter Maler und Gem\u00e4lde auf Leinwand.\",\"publisher\":{\"@id\":\"https:\/\/svetslik.si\/de\/#organization\"},\"potentialAction\":[{\"@type\":\"SearchAction\",\"target\":{\"@type\":\"EntryPoint\",\"urlTemplate\":\"https:\/\/svetslik.si\/de\/?s={search_term_string}\"},\"query-input\":{\"@type\":\"PropertyValueSpecification\",\"valueRequired\":true,\"valueName\":\"search_term_string\"}}],\"inLanguage\":\"de\"},{\"@type\":\"Organization\",\"@id\":\"https:\/\/svetslik.si\/de\/#organization\",\"name\":\"SvetSlik.si\",\"url\":\"https:\/\/svetslik.si\/de\/\",\"logo\":{\"@type\":\"ImageObject\",\"inLanguage\":\"de\",\"@id\":\"https:\/\/svetslik.si\/de\/#\/schema\/logo\/image\/\",\"url\":\"https:\/\/svetslik.si\/wp-content\/uploads\/2020\/12\/logo-512.png\",\"contentUrl\":\"https:\/\/svetslik.si\/wp-content\/uploads\/2020\/12\/logo-512.png\",\"width\":512,\"height\":512,\"caption\":\"SvetSlik.si\"},\"image\":{\"@id\":\"https:\/\/svetslik.si\/de\/#\/schema\/logo\/image\/\"},\"sameAs\":[\"https:\/\/www.facebook.com\/svetslik.si\",\"https:\/\/x.com\/svetslik\",\"https:\/\/www.instagram.com\/svetslik.si\/\",\"https:\/\/www.linkedin.com\/company\/svetslik-si\"]}]}<\/script>\n<meta property=\"og:availability\" content=\"backorder\" \/>\n<meta property=\"product:availability\" content=\"available for order\" \/>\n<meta property=\"product:retailer_item_id\" content=\"393__\" \/>\n<meta property=\"product:condition\" content=\"new\" \/>\n<!-- \/ Yoast SEO Premium plugin. -->","yoast_head_json":{"title":"Paul Gauguin - There is the Temple (Parahi te marae) - SVETSLIK.SI - 100% handgemalt","description":"Paul Gauguin - There is the Temple (Parahi te marae) - 100% handgemalte Gem\u00e4lde - Verkauf von Reproduktionen ber\u00fchmter Gem\u00e4lde und abstrakter Kunst - Wandbilder f\u00fcr das Wohnzimmer","robots":{"index":"index","follow":"follow","max-snippet":"max-snippet:-1","max-image-preview":"max-image-preview:large","max-video-preview":"max-video-preview:-1"},"canonical":"https:\/\/svetslik.si\/de\/paul-gauguin-de\/there-is-the-temple-parahi-te-marae\/","og_locale":"de_DE","og_type":"article","og_title":"Paul Gauguin - There is the Temple (Parahi te marae)","og_description":"100% ro\u010dno naslikane slike na platnu, reprodukcije znanih slikarjev in umetni\u0161ke slike po naro\u010dilu.","og_url":"https:\/\/svetslik.si\/de\/paul-gauguin-de\/there-is-the-temple-parahi-te-marae\/","og_site_name":"SVETSLIK.SI","article_publisher":"https:\/\/www.facebook.com\/svetslik.si","article_modified_time":"2026-03-22T19:21:33+00:00","og_image":[{"width":1010,"height":822,"url":"https:\/\/svetslik.si\/wp-content\/uploads\/2021\/08\/image_There-is-the-Temple-Parahi-te-marae-Paul-Gauguin_680.jpg","type":"image\/jpeg"}],"twitter_card":"summary_large_image","twitter_site":"@svetslik","twitter_misc":{"Verf\u00fcgbarkeit":"bei Nachbestellung"},"schema":{"@context":"https:\/\/schema.org","@graph":[{"@type":["WebPage","ItemPage"],"@id":"https:\/\/svetslik.si\/de\/paul-gauguin-de\/there-is-the-temple-parahi-te-marae\/","url":"https:\/\/svetslik.si\/de\/paul-gauguin-de\/there-is-the-temple-parahi-te-marae\/","name":"Paul Gauguin - There is the Temple (Parahi te marae) - SVETSLIK.SI - 100% handgemalt","isPartOf":{"@id":"https:\/\/svetslik.si\/de\/#website"},"primaryImageOfPage":{"@id":"https:\/\/svetslik.si\/de\/paul-gauguin-de\/there-is-the-temple-parahi-te-marae\/#primaryimage"},"image":{"@id":"https:\/\/svetslik.si\/de\/paul-gauguin-de\/there-is-the-temple-parahi-te-marae\/#primaryimage"},"thumbnailUrl":"https:\/\/svetslik.si\/wp-content\/uploads\/2021\/08\/image_There-is-the-Temple-Parahi-te-marae-Paul-Gauguin_680.jpg","datePublished":"2021-09-02T16:04:53+00:00","dateModified":"2026-03-22T19:21:33+00:00","description":"Paul Gauguin - There is the Temple (Parahi te marae) - 100% handgemalte Gem\u00e4lde - Verkauf von Reproduktionen ber\u00fchmter Gem\u00e4lde und abstrakter Kunst - Wandbilder f\u00fcr das Wohnzimmer","breadcrumb":{"@id":"https:\/\/svetslik.si\/de\/paul-gauguin-de\/there-is-the-temple-parahi-te-marae\/#breadcrumb"},"inLanguage":"de","potentialAction":[{"@type":"ReadAction","target":["https:\/\/svetslik.si\/de\/paul-gauguin-de\/there-is-the-temple-parahi-te-marae\/"]}]},{"@type":"ImageObject","inLanguage":"de","@id":"https:\/\/svetslik.si\/de\/paul-gauguin-de\/there-is-the-temple-parahi-te-marae\/#primaryimage","url":"https:\/\/svetslik.si\/wp-content\/uploads\/2021\/08\/image_There-is-the-Temple-Parahi-te-marae-Paul-Gauguin_680.jpg","contentUrl":"https:\/\/svetslik.si\/wp-content\/uploads\/2021\/08\/image_There-is-the-Temple-Parahi-te-marae-Paul-Gauguin_680.jpg","width":1010,"height":822,"caption":"Paul Gauguin - There is the Temple (Parahi te marae) (Dort ist der Tempel) - Gem\u00e4lde, Leinwandbilder, Reproduktion - 100% handgemalte, Reproduktionen ber\u00fchmter Gem\u00e4lde, Gem\u00e4lde kaufen, Wandbilder Wohnzimmer, ber\u00fchmtes Gem\u00e4lde, \u00d6lgem\u00e4lde, Bilderrahmen"},{"@type":"BreadcrumbList","@id":"https:\/\/svetslik.si\/de\/paul-gauguin-de\/there-is-the-temple-parahi-te-marae\/#breadcrumb","itemListElement":[{"@type":"ListItem","position":1,"name":"Wandkunst und Gem\u00e4lde auf Leinwand","item":"https:\/\/svetslik.si\/de\/"},{"@type":"ListItem","position":2,"name":"Verkauf von Gem\u00e4lden","item":"https:\/\/svetslik.si\/prodaja-slik\/"},{"@type":"ListItem","position":3,"name":"Paul Gauguin &#8211; There is the Temple (Parahi te marae)"}]},{"@type":"WebSite","@id":"https:\/\/svetslik.si\/de\/#website","url":"https:\/\/svetslik.si\/de\/","name":"SVETSLIK.SI","description":"100% handgemalte Reproduktionen von Gem\u00e4lden ber\u00fchmter Maler und Gem\u00e4lde auf Leinwand.","publisher":{"@id":"https:\/\/svetslik.si\/de\/#organization"},"potentialAction":[{"@type":"SearchAction","target":{"@type":"EntryPoint","urlTemplate":"https:\/\/svetslik.si\/de\/?s={search_term_string}"},"query-input":{"@type":"PropertyValueSpecification","valueRequired":true,"valueName":"search_term_string"}}],"inLanguage":"de"},{"@type":"Organization","@id":"https:\/\/svetslik.si\/de\/#organization","name":"SvetSlik.si","url":"https:\/\/svetslik.si\/de\/","logo":{"@type":"ImageObject","inLanguage":"de","@id":"https:\/\/svetslik.si\/de\/#\/schema\/logo\/image\/","url":"https:\/\/svetslik.si\/wp-content\/uploads\/2020\/12\/logo-512.png","contentUrl":"https:\/\/svetslik.si\/wp-content\/uploads\/2020\/12\/logo-512.png","width":512,"height":512,"caption":"SvetSlik.si"},"image":{"@id":"https:\/\/svetslik.si\/de\/#\/schema\/logo\/image\/"},"sameAs":["https:\/\/www.facebook.com\/svetslik.si","https:\/\/x.com\/svetslik","https:\/\/www.instagram.com\/svetslik.si\/","https:\/\/www.linkedin.com\/company\/svetslik-si"]}]},"og_availability":"backorder","product_availability":"available for order","product_retailer_item_id":"393__","product_condition":"new"},"jetpack_sharing_enabled":true,"_links":{"self":[{"href":"https:\/\/svetslik.si\/de\/wp-json\/wp\/v2\/product\/68615","targetHints":{"allow":["GET"]}}],"collection":[{"href":"https:\/\/svetslik.si\/de\/wp-json\/wp\/v2\/product"}],"about":[{"href":"https:\/\/svetslik.si\/de\/wp-json\/wp\/v2\/types\/product"}],"wp:featuredmedia":[{"embeddable":true,"href":"https:\/\/svetslik.si\/de\/wp-json\/wp\/v2\/media\/64215"}],"wp:attachment":[{"href":"https:\/\/svetslik.si\/de\/wp-json\/wp\/v2\/media?parent=68615"}],"wp:term":[{"taxonomy":"product_brand","embeddable":true,"href":"https:\/\/svetslik.si\/de\/wp-json\/wp\/v2\/product_brand?post=68615"},{"taxonomy":"product_cat","embeddable":true,"href":"https:\/\/svetslik.si\/de\/wp-json\/wp\/v2\/product_cat?post=68615"},{"taxonomy":"product_tag","embeddable":true,"href":"https:\/\/svetslik.si\/de\/wp-json\/wp\/v2\/product_tag?post=68615"}],"curies":[{"name":"wp","href":"https:\/\/api.w.org\/{rel}","templated":true}]}}