{"id":68649,"date":"2021-09-02T18:05:22","date_gmt":"2021-09-02T16:05:22","guid":{"rendered":"https:\/\/svetslik.si\/unkategorisiert\/the-yellow-house\/"},"modified":"2026-03-22T20:22:33","modified_gmt":"2026-03-22T19:22:33","slug":"the-yellow-house","status":"publish","type":"product","link":"https:\/\/svetslik.si\/de\/vincent-van-gogh-de\/the-yellow-house\/","title":{"rendered":"Vincent van Gogh &#8211; The Yellow House"},"content":{"rendered":"<h1>Vincent Van Gogh \u2013 Das Gelbe Haus<\/h1>\n<p>&nbsp;<\/p>\n<table style=\"width: 367px\" border=\"0\" width=\"366\" cellpadding=\"0\">\n<tbody>\n<tr>\n<td style=\"width: 155px;height: 21px\" height=\"21\">Erstellungsjahr:<\/td>\n<td style=\"width: 212px\">1888<\/td>\n<\/tr>\n<tr>\n<td style=\"width: 155px;height: 21px\" height=\"21\">Originalgr\u00f6\u00dfe:<\/td>\n<td style=\"width: 212px\">91,5 cm x 72 cm<\/td>\n<\/tr>\n<tr>\n<td style=\"width: 155px;height: 21px\" height=\"21\">Lackstil:<\/td>\n<td style=\"width: 212px\">Postimpressionismus<\/td>\n<\/tr>\n<tr>\n<td style=\"width: 155px;height: 21px\" height=\"21\">Originaltechnik:<\/td>\n<td style=\"width: 212px\">\u00d6l auf Leinwand<\/td>\n<\/tr>\n<tr>\n<td style=\"width: 155px;height: 21px\" height=\"21\">Standort:<\/td>\n<td style=\"width: 212px\">Van Gogh Museum, Niederlande<\/td>\n<\/tr>\n<\/tbody>\n<colgroup>\n<col \/>\n<col \/> <\/colgroup>\n<\/table>\n<p>Der Titel des Gem\u00e4ldes bezieht sich auf den rechten Fl\u00fcgel des Geb\u00e4udes am Place Lamartine in Arles, wo Van Gogh 1888 vier Zimmer mietete; zwei gr\u00f6\u00dfere im Erdgeschoss, die als Atelier und K\u00fcche dienten, und zwei kleinere im ersten Stock. Auch Gauguin wohnte w\u00e4hrend seines Besuchs in Arles in einem dieser beiden kleineren Zimmer, das andere war Van Goghs Schlafzimmer (Fenster mit geschlossenem Fensterladen).<\/p>\n<p>\u201eDas Gelbe Haus\u201c ist ein Gem\u00e4lde des niederl\u00e4ndischen K\u00fcnstlers Vincent van Gogh aus dem Jahr 1888. Dieses Gem\u00e4lde gilt als eines der ikonischsten Werke Van Goghs und ist ein gro\u00dfartiges Beispiel f\u00fcr die F\u00e4higkeit des K\u00fcnstlers, die Essenz eines Ortes auf einfache, aber kraftvolle Weise einzufangen . Das Bild zeigt ein gelbes Haus mit blauen T\u00fcren und Fensterfl\u00fcgeln vor neutralem Hintergrund. Das Gem\u00e4lde ist weithin f\u00fcr seine kr\u00e4ftigen Pinselstriche, seine Emotionalit\u00e4t und seine starke Symbolik bekannt.<\/p>\n<p>Die Komposition des Gem\u00e4ldes ist einfach, aber wirkungsvoll, da das gelbe Haus den gr\u00f6\u00dften Raum auf der Leinwand einnimmt. Bemerkenswert ist auch die Verwendung von Farbe in dem Gem\u00e4lde, da Van Gogh durch die Verwendung kr\u00e4ftiger, kontrastierender Farben ein Gef\u00fchl von Bewegung und Energie erzeugt. Das gelbe Haus ist in Gelbt\u00f6nen dargestellt, was ein Gef\u00fchl von W\u00e4rme und Gem\u00fctlichkeit vermittelt. Blaue T\u00fcren und Fensterb\u00e4nke sind in Blaut\u00f6nen gehalten, was ein Gef\u00fchl von Ruhe und Gelassenheit vermittelt. Die Pinselstriche im Gem\u00e4lde sind dicht und sichtbar und verleihen dem Gem\u00e4lde ein Gef\u00fchl von Bewegung und Energie.<\/p>\n<p>Auch die Symbolik im Bild ist reichhaltig, denn das gelbe Haus repr\u00e4sentiert die Idee von Heimat und Zugeh\u00f6rigkeitsgef\u00fchl. Das Gem\u00e4lde soll Van Goghs damaligen emotionalen Zustand darstellen. Das Gem\u00e4lde entstand, als Van Gogh in Arles, Frankreich lebte, und soll die Sehnsucht des K\u00fcnstlers nach einem Gef\u00fchl von Stabilit\u00e4t und Heimat widerspiegeln.<\/p>\n<p>\u201eDas Gelbe Haus\u201c gilt als eines der ikonischsten und kraftvollsten Werke Van Goghs und ist im Van Gogh Museum in Amsterdam, Niederlande, untergebracht. Es handelt sich um ein wichtiges postimpressionistisches Werk, das immer noch von Kunstliebhabern und Experten gleicherma\u00dfen bewundert und studiert wird. Die kraftvolle Bildsprache, Emotionalit\u00e4t und reiche Symbolik machen das Gem\u00e4lde zu einem Muss f\u00fcr jeden Kunstliebhaber und jeden, der sich f\u00fcr das Werk von Vincent van Gogh interessiert.<\/p>\n","protected":false},"excerpt":{"rendered":"<p>Vincent Van Gogh \u2013 Das Gelbe Haus &nbsp; Erstellungsjahr: 1888 Originalgr\u00f6\u00dfe: 91,5 cm x 72 cm Lackstil: Postimpressionismus Originaltechnik: \u00d6l auf Leinwand Standort: Van Gogh Museum, Niederlande Der Titel des Gem\u00e4ldes bezieht sich auf den rechten Fl\u00fcgel des Geb\u00e4udes am Place Lamartine in Arles, wo Van Gogh 1888 vier Zimmer [&hellip;]<\/p>\n","protected":false},"featured_media":64236,"template":"","meta":{"_acf_changed":false},"product_brand":[],"product_cat":[8468],"product_tag":[8521,8513,8514,8581],"class_list":{"0":"post-68649","1":"product","2":"type-product","3":"status-publish","4":"has-post-thumbnail","6":"product_cat-vincent-van-gogh-de","7":"product_tag-maler","8":"product_tag-reproduktion","9":"product_tag-reproduktionen","10":"product_tag-van-gogh-de","11":"pa_dimenzija-100-x-80-cm-de","12":"pa_dimenzija-120-x-100-cm-de","13":"pa_dimenzija-150-x-120-cm-de","14":"pa_dimenzija-50-x-40-cm-de","15":"pa_dimenzija-60-x-50-cm-de","16":"pa_dimenzija-70-x-55-cm-de","17":"pa_dimenzija-80-x-65-cm-de","18":"pa_dimenzija-91-x-72-cm-de","19":"pa_oblika-horizontal-de","20":"pa_okvir-ohne-rahmen","21":"pa_podokvir-ja","22":"pa_podokvir-nein","24":"first","25":"onbackorder","26":"purchasable","27":"product-type-variable","28":"has-default-attributes"},"acf":[],"yoast_head":"<!-- This site is optimized with the Yoast SEO Premium plugin v26.0 (Yoast SEO v27.2) - https:\/\/yoast.com\/product\/yoast-seo-premium-wordpress\/ -->\n<title>Vincent van Gogh - The Yellow House - SVETSLIK.SI - 100% handgemalt<\/title>\n<meta name=\"description\" content=\"Vincent van Gogh - The Yellow House - 100% handgemalte Gem\u00e4lde - Verkauf von Reproduktionen ber\u00fchmter Gem\u00e4lde und abstrakter Kunst - Wandbilder f\u00fcr das Wohnzimmer\" \/>\n<meta name=\"robots\" content=\"index, follow, max-snippet:-1, max-image-preview:large, max-video-preview:-1\" \/>\n<link rel=\"canonical\" href=\"https:\/\/svetslik.si\/de\/vincent-van-gogh-de\/the-yellow-house\/\" \/>\n<meta property=\"og:locale\" content=\"de_DE\" \/>\n<meta property=\"og:type\" content=\"article\" \/>\n<meta property=\"og:title\" content=\"Vincent van Gogh - The Yellow House\" \/>\n<meta property=\"og:description\" content=\"100% ro\u010dno naslikane slike na platnu, reprodukcije znanih slikarjev in umetni\u0161ke slike po naro\u010dilu.\" \/>\n<meta property=\"og:url\" content=\"https:\/\/svetslik.si\/de\/vincent-van-gogh-de\/the-yellow-house\/\" \/>\n<meta property=\"og:site_name\" content=\"SVETSLIK.SI\" \/>\n<meta property=\"article:publisher\" content=\"https:\/\/www.facebook.com\/svetslik.si\" \/>\n<meta property=\"article:modified_time\" content=\"2026-03-22T19:22:33+00:00\" \/>\n<meta property=\"og:image\" content=\"https:\/\/svetslik.si\/wp-content\/uploads\/2021\/08\/image_The-Yellow-House-Van-Gogh_680-scaled.jpg\" \/>\n\t<meta property=\"og:image:width\" content=\"2560\" \/>\n\t<meta property=\"og:image:height\" content=\"2006\" \/>\n\t<meta property=\"og:image:type\" content=\"image\/jpeg\" \/>\n<meta name=\"twitter:card\" content=\"summary_large_image\" \/>\n<meta name=\"twitter:site\" content=\"@svetslik\" \/>\n<meta name=\"twitter:label1\" content=\"Verf\u00fcgbarkeit\" \/>\n\t<meta name=\"twitter:data1\" content=\"bei Nachbestellung\" \/>\n<script type=\"application\/ld+json\" class=\"yoast-schema-graph\">{\"@context\":\"https:\/\/schema.org\",\"@graph\":[{\"@type\":[\"WebPage\",\"ItemPage\"],\"@id\":\"https:\/\/svetslik.si\/de\/vincent-van-gogh-de\/the-yellow-house\/\",\"url\":\"https:\/\/svetslik.si\/de\/vincent-van-gogh-de\/the-yellow-house\/\",\"name\":\"Vincent van Gogh - The Yellow House - SVETSLIK.SI - 100% handgemalt\",\"isPartOf\":{\"@id\":\"https:\/\/svetslik.si\/de\/#website\"},\"primaryImageOfPage\":{\"@id\":\"https:\/\/svetslik.si\/de\/vincent-van-gogh-de\/the-yellow-house\/#primaryimage\"},\"image\":{\"@id\":\"https:\/\/svetslik.si\/de\/vincent-van-gogh-de\/the-yellow-house\/#primaryimage\"},\"thumbnailUrl\":\"https:\/\/svetslik.si\/wp-content\/uploads\/2021\/08\/image_The-Yellow-House-Van-Gogh_680-scaled.jpg\",\"datePublished\":\"2021-09-02T16:05:22+00:00\",\"dateModified\":\"2026-03-22T19:22:33+00:00\",\"description\":\"Vincent van Gogh - The Yellow House - 100% handgemalte Gem\u00e4lde - Verkauf von Reproduktionen ber\u00fchmter Gem\u00e4lde und abstrakter Kunst - Wandbilder f\u00fcr das Wohnzimmer\",\"breadcrumb\":{\"@id\":\"https:\/\/svetslik.si\/de\/vincent-van-gogh-de\/the-yellow-house\/#breadcrumb\"},\"inLanguage\":\"de\",\"potentialAction\":[{\"@type\":\"ReadAction\",\"target\":[\"https:\/\/svetslik.si\/de\/vincent-van-gogh-de\/the-yellow-house\/\"]}]},{\"@type\":\"ImageObject\",\"inLanguage\":\"de\",\"@id\":\"https:\/\/svetslik.si\/de\/vincent-van-gogh-de\/the-yellow-house\/#primaryimage\",\"url\":\"https:\/\/svetslik.si\/wp-content\/uploads\/2021\/08\/image_The-Yellow-House-Van-Gogh_680-scaled.jpg\",\"contentUrl\":\"https:\/\/svetslik.si\/wp-content\/uploads\/2021\/08\/image_The-Yellow-House-Van-Gogh_680-scaled.jpg\",\"width\":2560,\"height\":2006,\"caption\":\"Van Gogh - The Yellow House (Das gelbe Haus) - Gem\u00e4lde, Leinwandbilder, Reproduktion - 100% handgemalte, Reproduktionen ber\u00fchmter Gem\u00e4lde, Gem\u00e4lde kaufen, Wandbilder Wohnzimmer, ber\u00fchmtes Gem\u00e4lde, \u00d6lgem\u00e4lde, Bilderrahmen\"},{\"@type\":\"BreadcrumbList\",\"@id\":\"https:\/\/svetslik.si\/de\/vincent-van-gogh-de\/the-yellow-house\/#breadcrumb\",\"itemListElement\":[{\"@type\":\"ListItem\",\"position\":1,\"name\":\"Wandkunst und Gem\u00e4lde auf Leinwand\",\"item\":\"https:\/\/svetslik.si\/de\/\"},{\"@type\":\"ListItem\",\"position\":2,\"name\":\"Verkauf von Gem\u00e4lden\",\"item\":\"https:\/\/svetslik.si\/prodaja-slik\/\"},{\"@type\":\"ListItem\",\"position\":3,\"name\":\"Vincent van Gogh &#8211; The Yellow House\"}]},{\"@type\":\"WebSite\",\"@id\":\"https:\/\/svetslik.si\/de\/#website\",\"url\":\"https:\/\/svetslik.si\/de\/\",\"name\":\"SVETSLIK.SI\",\"description\":\"100% handgemalte Reproduktionen von Gem\u00e4lden ber\u00fchmter Maler und Gem\u00e4lde auf Leinwand.\",\"publisher\":{\"@id\":\"https:\/\/svetslik.si\/de\/#organization\"},\"potentialAction\":[{\"@type\":\"SearchAction\",\"target\":{\"@type\":\"EntryPoint\",\"urlTemplate\":\"https:\/\/svetslik.si\/de\/?s={search_term_string}\"},\"query-input\":{\"@type\":\"PropertyValueSpecification\",\"valueRequired\":true,\"valueName\":\"search_term_string\"}}],\"inLanguage\":\"de\"},{\"@type\":\"Organization\",\"@id\":\"https:\/\/svetslik.si\/de\/#organization\",\"name\":\"SvetSlik.si\",\"url\":\"https:\/\/svetslik.si\/de\/\",\"logo\":{\"@type\":\"ImageObject\",\"inLanguage\":\"de\",\"@id\":\"https:\/\/svetslik.si\/de\/#\/schema\/logo\/image\/\",\"url\":\"https:\/\/svetslik.si\/wp-content\/uploads\/2020\/12\/logo-512.png\",\"contentUrl\":\"https:\/\/svetslik.si\/wp-content\/uploads\/2020\/12\/logo-512.png\",\"width\":512,\"height\":512,\"caption\":\"SvetSlik.si\"},\"image\":{\"@id\":\"https:\/\/svetslik.si\/de\/#\/schema\/logo\/image\/\"},\"sameAs\":[\"https:\/\/www.facebook.com\/svetslik.si\",\"https:\/\/x.com\/svetslik\",\"https:\/\/www.instagram.com\/svetslik.si\/\",\"https:\/\/www.linkedin.com\/company\/svetslik-si\"]}]}<\/script>\n<meta property=\"og:availability\" content=\"backorder\" \/>\n<meta property=\"product:availability\" content=\"available for order\" \/>\n<meta property=\"product:retailer_item_id\" content=\"397__\" \/>\n<meta property=\"product:condition\" content=\"new\" \/>\n<!-- \/ Yoast SEO Premium plugin. -->","yoast_head_json":{"title":"Vincent van Gogh - The Yellow House - SVETSLIK.SI - 100% handgemalt","description":"Vincent van Gogh - The Yellow House - 100% handgemalte Gem\u00e4lde - Verkauf von Reproduktionen ber\u00fchmter Gem\u00e4lde und abstrakter Kunst - Wandbilder f\u00fcr das Wohnzimmer","robots":{"index":"index","follow":"follow","max-snippet":"max-snippet:-1","max-image-preview":"max-image-preview:large","max-video-preview":"max-video-preview:-1"},"canonical":"https:\/\/svetslik.si\/de\/vincent-van-gogh-de\/the-yellow-house\/","og_locale":"de_DE","og_type":"article","og_title":"Vincent van Gogh - The Yellow House","og_description":"100% ro\u010dno naslikane slike na platnu, reprodukcije znanih slikarjev in umetni\u0161ke slike po naro\u010dilu.","og_url":"https:\/\/svetslik.si\/de\/vincent-van-gogh-de\/the-yellow-house\/","og_site_name":"SVETSLIK.SI","article_publisher":"https:\/\/www.facebook.com\/svetslik.si","article_modified_time":"2026-03-22T19:22:33+00:00","og_image":[{"width":2560,"height":2006,"url":"https:\/\/svetslik.si\/wp-content\/uploads\/2021\/08\/image_The-Yellow-House-Van-Gogh_680-scaled.jpg","type":"image\/jpeg"}],"twitter_card":"summary_large_image","twitter_site":"@svetslik","twitter_misc":{"Verf\u00fcgbarkeit":"bei Nachbestellung"},"schema":{"@context":"https:\/\/schema.org","@graph":[{"@type":["WebPage","ItemPage"],"@id":"https:\/\/svetslik.si\/de\/vincent-van-gogh-de\/the-yellow-house\/","url":"https:\/\/svetslik.si\/de\/vincent-van-gogh-de\/the-yellow-house\/","name":"Vincent van Gogh - The Yellow House - SVETSLIK.SI - 100% handgemalt","isPartOf":{"@id":"https:\/\/svetslik.si\/de\/#website"},"primaryImageOfPage":{"@id":"https:\/\/svetslik.si\/de\/vincent-van-gogh-de\/the-yellow-house\/#primaryimage"},"image":{"@id":"https:\/\/svetslik.si\/de\/vincent-van-gogh-de\/the-yellow-house\/#primaryimage"},"thumbnailUrl":"https:\/\/svetslik.si\/wp-content\/uploads\/2021\/08\/image_The-Yellow-House-Van-Gogh_680-scaled.jpg","datePublished":"2021-09-02T16:05:22+00:00","dateModified":"2026-03-22T19:22:33+00:00","description":"Vincent van Gogh - The Yellow House - 100% handgemalte Gem\u00e4lde - Verkauf von Reproduktionen ber\u00fchmter Gem\u00e4lde und abstrakter Kunst - Wandbilder f\u00fcr das Wohnzimmer","breadcrumb":{"@id":"https:\/\/svetslik.si\/de\/vincent-van-gogh-de\/the-yellow-house\/#breadcrumb"},"inLanguage":"de","potentialAction":[{"@type":"ReadAction","target":["https:\/\/svetslik.si\/de\/vincent-van-gogh-de\/the-yellow-house\/"]}]},{"@type":"ImageObject","inLanguage":"de","@id":"https:\/\/svetslik.si\/de\/vincent-van-gogh-de\/the-yellow-house\/#primaryimage","url":"https:\/\/svetslik.si\/wp-content\/uploads\/2021\/08\/image_The-Yellow-House-Van-Gogh_680-scaled.jpg","contentUrl":"https:\/\/svetslik.si\/wp-content\/uploads\/2021\/08\/image_The-Yellow-House-Van-Gogh_680-scaled.jpg","width":2560,"height":2006,"caption":"Van Gogh - The Yellow House (Das gelbe Haus) - Gem\u00e4lde, Leinwandbilder, Reproduktion - 100% handgemalte, Reproduktionen ber\u00fchmter Gem\u00e4lde, Gem\u00e4lde kaufen, Wandbilder Wohnzimmer, ber\u00fchmtes Gem\u00e4lde, \u00d6lgem\u00e4lde, Bilderrahmen"},{"@type":"BreadcrumbList","@id":"https:\/\/svetslik.si\/de\/vincent-van-gogh-de\/the-yellow-house\/#breadcrumb","itemListElement":[{"@type":"ListItem","position":1,"name":"Wandkunst und Gem\u00e4lde auf Leinwand","item":"https:\/\/svetslik.si\/de\/"},{"@type":"ListItem","position":2,"name":"Verkauf von Gem\u00e4lden","item":"https:\/\/svetslik.si\/prodaja-slik\/"},{"@type":"ListItem","position":3,"name":"Vincent van Gogh &#8211; The Yellow House"}]},{"@type":"WebSite","@id":"https:\/\/svetslik.si\/de\/#website","url":"https:\/\/svetslik.si\/de\/","name":"SVETSLIK.SI","description":"100% handgemalte Reproduktionen von Gem\u00e4lden ber\u00fchmter Maler und Gem\u00e4lde auf Leinwand.","publisher":{"@id":"https:\/\/svetslik.si\/de\/#organization"},"potentialAction":[{"@type":"SearchAction","target":{"@type":"EntryPoint","urlTemplate":"https:\/\/svetslik.si\/de\/?s={search_term_string}"},"query-input":{"@type":"PropertyValueSpecification","valueRequired":true,"valueName":"search_term_string"}}],"inLanguage":"de"},{"@type":"Organization","@id":"https:\/\/svetslik.si\/de\/#organization","name":"SvetSlik.si","url":"https:\/\/svetslik.si\/de\/","logo":{"@type":"ImageObject","inLanguage":"de","@id":"https:\/\/svetslik.si\/de\/#\/schema\/logo\/image\/","url":"https:\/\/svetslik.si\/wp-content\/uploads\/2020\/12\/logo-512.png","contentUrl":"https:\/\/svetslik.si\/wp-content\/uploads\/2020\/12\/logo-512.png","width":512,"height":512,"caption":"SvetSlik.si"},"image":{"@id":"https:\/\/svetslik.si\/de\/#\/schema\/logo\/image\/"},"sameAs":["https:\/\/www.facebook.com\/svetslik.si","https:\/\/x.com\/svetslik","https:\/\/www.instagram.com\/svetslik.si\/","https:\/\/www.linkedin.com\/company\/svetslik-si"]}]},"og_availability":"backorder","product_availability":"available for order","product_retailer_item_id":"397__","product_condition":"new"},"jetpack_sharing_enabled":true,"_links":{"self":[{"href":"https:\/\/svetslik.si\/de\/wp-json\/wp\/v2\/product\/68649","targetHints":{"allow":["GET"]}}],"collection":[{"href":"https:\/\/svetslik.si\/de\/wp-json\/wp\/v2\/product"}],"about":[{"href":"https:\/\/svetslik.si\/de\/wp-json\/wp\/v2\/types\/product"}],"wp:featuredmedia":[{"embeddable":true,"href":"https:\/\/svetslik.si\/de\/wp-json\/wp\/v2\/media\/64236"}],"wp:attachment":[{"href":"https:\/\/svetslik.si\/de\/wp-json\/wp\/v2\/media?parent=68649"}],"wp:term":[{"taxonomy":"product_brand","embeddable":true,"href":"https:\/\/svetslik.si\/de\/wp-json\/wp\/v2\/product_brand?post=68649"},{"taxonomy":"product_cat","embeddable":true,"href":"https:\/\/svetslik.si\/de\/wp-json\/wp\/v2\/product_cat?post=68649"},{"taxonomy":"product_tag","embeddable":true,"href":"https:\/\/svetslik.si\/de\/wp-json\/wp\/v2\/product_tag?post=68649"}],"curies":[{"name":"wp","href":"https:\/\/api.w.org\/{rel}","templated":true}]}}