{"id":68711,"date":"2021-09-02T18:06:07","date_gmt":"2021-09-02T16:06:07","guid":{"rendered":"https:\/\/svetslik.si\/unkategorisiert\/the-potato-eaters\/"},"modified":"2026-03-22T20:25:38","modified_gmt":"2026-03-22T19:25:38","slug":"the-potato-eaters","status":"publish","type":"product","link":"https:\/\/svetslik.si\/de\/vincent-van-gogh-de\/the-potato-eaters\/","title":{"rendered":"Vincent van Gogh &#8211; The Potato Eaters"},"content":{"rendered":"<div class=\"wpb-content-wrapper\">[vc_row][vc_column][vc_column_text]\n<h1>Vincent Van Gogh \u2013 Die Kartoffelesser<\/h1>\n<p>&nbsp;<\/p>\n<table style=\"width: 497px\" border=\"0\" width=\"497\" cellpadding=\"0\">\n<tbody>\n<tr>\n<td style=\"width: 155px;height: 21px\" height=\"21\">Erstellungsjahr:<\/td>\n<td style=\"width: 343px\">1885<\/td>\n<\/tr>\n<tr>\n<td style=\"width: 155px;height: 21px\" height=\"21\">Originalgr\u00f6\u00dfe:<\/td>\n<td style=\"width: 343px\">114 cm x 82 cm<\/td>\n<\/tr>\n<tr>\n<td style=\"width: 155px;height: 21px\" height=\"21\">Lackstil:<\/td>\n<td style=\"width: 343px\">Postimpressionismus<\/td>\n<\/tr>\n<tr>\n<td style=\"width: 155px;height: 21px\" height=\"21\">Originaltechnik:<\/td>\n<td style=\"width: 343px\">\u00d6l auf Leinwand<\/td>\n<\/tr>\n<tr>\n<td style=\"width: 155px;height: 21px\" height=\"21\">Standort:<\/td>\n<td style=\"width: 343px\">Van Gogh Museum, Niederlande<\/td>\n<\/tr>\n<\/tbody>\n<colgroup>\n<col \/>\n<col \/> <\/colgroup>\n<\/table>\n<p>&nbsp;<\/p>\n<div>Das Gem\u00e4lde auf Leinwand <em>Die Kartoffelesser<\/em> wird von vielen als Van Goghs erstes wahres Kunstwerk angesehen. Zum Zeitpunkt der Entstehung des k\u00fcnstlerischen Gem\u00e4ldes stand der Maler gerade am Anfang seiner k\u00fcnstlerischen Reise und beherrschte noch nicht die Techniken, die ihn sp\u00e4ter ber\u00fchmt machen sollten. Das macht dieses Kunstwerk auch \u00e4u\u00dferst interessant.<\/div>\n<div>Van Gogh wollte sein erstes Meisterwerk schaffen, das seinen Ruf st\u00e4rken w\u00fcrde; Die Absicht des Malers bestand darin, menschliche Figuren zu malen, deren Aussehen nicht unbeholfen, sondern nat\u00fcrlich sein sollte. Er bereitete das Kunstwerk f\u00fcr seine erste Ausstellung in Paris vor.<\/div>\n<div><\/div>\n[\/vc_column_text][\/vc_column][\/vc_row][vc_row css=&#8221;.vc_custom_1640018901259{margin-bottom: 30px !important;}&#8221;][vc_column]\t<div class=\"et-image-328 et-image  full   et_image_link\">\n\t\t<div class=\"et-image-inner \">\n\t\t\t\t\t\t\t<a  class=\"mfp-image et-lightbox\" data-mfp-type=\"image\" data-mfp-src=\"https:\/\/svetslik.si\/wp-content\/uploads\/2021\/09\/vincent-van-gogh-starry-night-zvezdnata-noc-slika-na-platnu-potato-earters-scaled-e1702592118536.jpg\"  title=\"Vincent van Gogh &#8211; The Parson Garden &#8211; Der Pfarrgarten &#8211; Handgemalte Reproduktion\">\n\t\t\t\t\t\t\t<div class=\"et-image-thumb \">\n\t\t\t\t\t<img decoding=\"async\" width=\"1843\" height=\"1440\" src=\"https:\/\/svetslik.si\/wp-content\/uploads\/2021\/09\/vincent-van-gogh-starry-night-zvezdnata-noc-slika-na-platnu-potato-earters-scaled-e1702592118536.jpg\" class=\"attachment-full\" alt=\"Vincent van Gogh - The Parson Garden - Der Pfarrgarten - Handgemalte Reproduktion\" title=\"Vincent van Gogh - The Parson Garden - Der Pfarrgarten - Handgemalte Reproduktion\" srcset=\"https:\/\/svetslik.si\/wp-content\/uploads\/2021\/09\/vincent-van-gogh-starry-night-zvezdnata-noc-slika-na-platnu-potato-earters-scaled-e1702592118536.jpg 1843w, https:\/\/svetslik.si\/wp-content\/uploads\/2021\/09\/vincent-van-gogh-starry-night-zvezdnata-noc-slika-na-platnu-potato-earters-scaled-e1702592118536-600x469.jpg 600w, https:\/\/svetslik.si\/wp-content\/uploads\/2021\/09\/vincent-van-gogh-starry-night-zvezdnata-noc-slika-na-platnu-potato-earters-scaled-e1702592118536-1200x938.jpg 1200w\" sizes=\"(max-width: 1843px) 100vw, 1843px\" \/>\t\t\t\t<\/div>\n\t\t\t\t\t\t\t<\/a>\n\t\t\t\t\t\t\t\t\t\t<div class=\"wp-caption-text\">Vincent van Gogh - The Parson Garden - Der Pfarrgarten - Handgemalte Reproduktion<\/div>\n\t\t\t\t\t\t\t\t<\/div>\n\t<\/div>\n  [\/vc_column][\/vc_row][vc_row css=&#8221;.vc_custom_1674217797940{margin-bottom: 10px !important;}&#8221;][vc_column]\t<div class=\"et-image-648 et-image  full   et_image_link\">\n\t\t<div class=\"et-image-inner \">\n\t\t\t\t\t\t\t<a  class=\"mfp-image et-lightbox\" data-mfp-type=\"image\" data-mfp-src=\"https:\/\/svetslik.si\/wp-content\/uploads\/2021\/09\/vincent-van-gogh-slika-na-platnu-potato-earters-scaled.jpg\"  title=\"Vincent Van Gogh &#8211; The Potato Eaters &#8211; Die Kartoffelesser &#8211; Handgemalte Reproduktionen ber\u00fchmter Maler, moderne Wandbilder, Kunstbilder f\u00fcr die Wand\">\n\t\t\t\t\t\t\t<div class=\"et-image-thumb \">\n\t\t\t\t\t<img decoding=\"async\" width=\"2560\" height=\"1920\" src=\"https:\/\/svetslik.si\/wp-content\/uploads\/2021\/09\/vincent-van-gogh-slika-na-platnu-potato-earters-scaled.jpg\" class=\"attachment-full\" alt=\"Vincent Van Gogh - The Potato Eaters - Die Kartoffelesser - Handgemalte Reproduktionen ber\u00fchmter Maler, moderne Wandbilder, Kunstbilder f\u00fcr die Wand\" title=\"Vincent Van Gogh - The Potato Eaters - Die Kartoffelesser - Handgemalte Reproduktionen ber\u00fchmter Maler, moderne Wandbilder, Kunstbilder f\u00fcr die Wand\" srcset=\"https:\/\/svetslik.si\/wp-content\/uploads\/2021\/09\/vincent-van-gogh-slika-na-platnu-potato-earters-scaled.jpg 2560w, https:\/\/svetslik.si\/wp-content\/uploads\/2021\/09\/vincent-van-gogh-slika-na-platnu-potato-earters-600x450.jpg 600w, https:\/\/svetslik.si\/wp-content\/uploads\/2021\/09\/vincent-van-gogh-slika-na-platnu-potato-earters-scaled-1200x900.jpg 1200w, https:\/\/svetslik.si\/wp-content\/uploads\/2021\/09\/vincent-van-gogh-slika-na-platnu-potato-earters-300x225.jpg 300w, https:\/\/svetslik.si\/wp-content\/uploads\/2021\/09\/vincent-van-gogh-slika-na-platnu-potato-earters-1024x768.jpg 1024w, https:\/\/svetslik.si\/wp-content\/uploads\/2021\/09\/vincent-van-gogh-slika-na-platnu-potato-earters-768x576.jpg 768w, https:\/\/svetslik.si\/wp-content\/uploads\/2021\/09\/vincent-van-gogh-slika-na-platnu-potato-earters-1536x1152.jpg 1536w, https:\/\/svetslik.si\/wp-content\/uploads\/2021\/09\/vincent-van-gogh-slika-na-platnu-potato-earters-2048x1536.jpg 2048w, https:\/\/svetslik.si\/wp-content\/uploads\/2021\/09\/vincent-van-gogh-slika-na-platnu-potato-earters-150x113.jpg 150w, https:\/\/svetslik.si\/wp-content\/uploads\/2021\/09\/vincent-van-gogh-slika-na-platnu-potato-earters-1320x990.jpg 1320w, https:\/\/svetslik.si\/wp-content\/uploads\/2021\/09\/vincent-van-gogh-slika-na-platnu-potato-earters-900x675.jpg 900w\" sizes=\"(max-width: 2560px) 100vw, 2560px\" \/>\t\t\t\t<\/div>\n\t\t\t\t\t\t\t<\/a>\n\t\t\t\t\t\t\t\t\t\t\t<\/div>\n\t<\/div>\n  [\/vc_column][\/vc_row][vc_row][vc_column][vc_column_text]Bild \u201eKartoffelesser\u201c Es wurde 1885 von Vincent van Gogh geschaffen und gilt als eines der bedeutendsten Fr\u00fchwerke des K\u00fcnstlers. Das Gem\u00e4lde zeigt eine Bauernfamilie, die sich zu einer einfachen Kartoffelmahlzeit hinsetzt, und schildert das t\u00e4gliche Leben und den Kampf der Arbeiterklasse in den Niederlanden. Das Gem\u00e4lde zeichnet sich durch die Verwendung dunkler, d\u00fcsterer Farben und die Betonung der rauen, strukturierten Oberfl\u00e4chen der Figuren und Objekte im Gem\u00e4lde aus.<\/p>\n<p>Das Bild zeigt eine f\u00fcnfk\u00f6pfige Familie, die an einem Tisch sitzt und eine Mahlzeit Kartoffeln isst. Die Figuren sind mit rauen, strukturierten Oberfl\u00e4chen dargestellt und ihre Gesichter sind stark verschwommen, was ihnen ein Gef\u00fchl von Alter und Erm\u00fcdung vermittelt. Die Farben im Bild sind dunkel und d\u00fcster, Braun-, Grau- und Schwarzt\u00f6ne dominieren. Dunkle Farben und raue Oberfl\u00e4chen verleihen dem Bild einen Eindruck von Realismus und Grausamkeit des b\u00e4uerlichen Klassenlebens.<\/p>\n<p>Auff\u00e4llig ist auch die Bildkomposition, denn durch die diagonalen Linien von Tisch und Figuren entsteht ein Gef\u00fchl von Bewegung und Dynamik. Die Figuren im Bild sind vereinfacht, fast abstrakt dargestellt, sie sind unscharf und verzerrt, wodurch ein Gef\u00fchl von Bewegung und Energie entsteht. Dies verleiht dem Bild ein Gef\u00fchl der Unmittelbarkeit und f\u00e4ngt die Stimmung und Atmosph\u00e4re der Szene ein.<\/p>\n<p>Das Gem\u00e4lde \u201eKartoffelesser\u201c gilt als Symbol f\u00fcr van Goghs soziale und politische \u00dcberzeugungen. Er war zutiefst besorgt \u00fcber die Notlage der Arbeiterklasse und wollte mit seiner Kunst das Bewusstsein f\u00fcr ihre K\u00e4mpfe sch\u00e4rfen. Das Gem\u00e4lde gilt als Ausdruck seines Wunsches, die Realit\u00e4t des Lebens der Arbeiterklasse einzufangen und die Sch\u00f6nheit und W\u00fcrde ihrer t\u00e4glichen K\u00e4mpfe zu offenbaren.<\/p>\n<p>In der Technik ist das Gem\u00e4lde an der Verwendung dunkler, d\u00fcsterer Farben, rauer, strukturierter Oberfl\u00e4chen und dichter, sichtbarer Pinselstriche erkennbar. Besonders auff\u00e4llig ist Van Goghs Verwendung von Farben in dem Gem\u00e4lde. Dunkle Farben verleihen dem Bild einen Eindruck von Realismus und der Grausamkeit des b\u00e4uerlichen Klassenlebens. Raue, strukturierte Oberfl\u00e4chen verleihen dem Bild Tiefe und Dimension und machen es zu einem wahren Meisterwerk des Realismus.<\/p>\n<p>Das Gem\u00e4lde \u201eKartoffelesser\u201c gilt als Symbol f\u00fcr van Goghs k\u00fcnstlerisches und soziales Denken und gilt als eines seiner bedeutendsten Fr\u00fchwerke. Das Gem\u00e4lde ist in mehreren Museen auf der ganzen Welt ausgestellt, darunter im Van Gogh Museum in Amsterdam, im Metropolitan Museum of Art in New York und in der National Gallery in London. Das Gem\u00e4lde inspiriert und beeinflusst auch heute noch K\u00fcnstler und seine anhaltende Popularit\u00e4t ist ein Beweis f\u00fcr van Goghs bleibendes Erbe als eine der bedeutendsten Figuren der Kunstgeschichte.<\/p>\n<p>Zusammenfassend l\u00e4sst sich sagen, dass es sich bei dem Gem\u00e4lde \u201eDie Kartoffelesser\u201c um ein Gem\u00e4lde von Vincent van Gogh aus dem Jahr 1885 handelt, das als eines der bedeutendsten Fr\u00fchwerke des K\u00fcnstlers gilt. Das Gem\u00e4lde zeigt eine Bauernfamilie, die sich zu einer einfachen Kartoffelmahlzeit zusammensetzt, und fasst das t\u00e4gliche Leben und den Kampf der Arbeiterklasse in den Niederlanden zusammen. Das Gem\u00e4lde zeichnet sich durch die Verwendung dunkler, d\u00fcsterer Farben, rauer, strukturierter Oberfl\u00e4chen und eine Betonung der rauen, strukturierten Oberfl\u00e4chen der Figuren und Objekte im Gem\u00e4lde aus. Das Gem\u00e4lde gilt als Spiegelbild von van Goghs sozialen und politischen \u00dcberzeugungen und als Ausdruck seines Wunsches, die Realit\u00e4t des Lebens der Arbeiterklasse einzufangen und die Sch\u00f6nheit und W\u00fcrde ihrer t\u00e4glichen K\u00e4mpfe zu offenbaren. Kunstliebhaber und pEs wird immer noch von Schmieden auf der ganzen Welt gefeiert und bewundert und gilt auch als wahre Darstellung von van Goghs k\u00fcnstlerischen und sozialen \u00dcberzeugungen.[\/vc_column_text][\/vc_column][\/vc_row]\n<\/div>","protected":false},"excerpt":{"rendered":"<p>[vc_row][vc_column][vc_column_text] Vincent Van Gogh \u2013 Die Kartoffelesser &nbsp; Erstellungsjahr: 1885 Originalgr\u00f6\u00dfe: 114 cm x 82 cm Lackstil: Postimpressionismus Originaltechnik: \u00d6l auf Leinwand Standort: Van Gogh Museum, Niederlande &nbsp; Das Gem\u00e4lde auf Leinwand Die Kartoffelesser wird von vielen als Van Goghs erstes wahres Kunstwerk angesehen. Zum Zeitpunkt der Entstehung des k\u00fcnstlerischen [&hellip;]<\/p>\n","protected":false},"featured_media":64208,"template":"","meta":{"_acf_changed":false},"product_brand":[],"product_cat":[8468],"product_tag":[8521,8513,8514,8581],"class_list":{"0":"post-68711","1":"product","2":"type-product","3":"status-publish","4":"has-post-thumbnail","6":"product_cat-vincent-van-gogh-de","7":"product_tag-maler","8":"product_tag-reproduktion","9":"product_tag-reproduktionen","10":"product_tag-van-gogh-de","11":"pa_dimenzija-114-x-82-cm","12":"pa_dimenzija-120-x-90-cm","13":"pa_dimenzija-140-x-100-cm","14":"pa_dimenzija-170-x-120-cm","15":"pa_dimenzija-200-x-150-cm","16":"pa_dimenzija-250-x-180-cm","17":"pa_dimenzija-70-x-50-cm","18":"pa_dimenzija-90-x-65-cm","19":"pa_oblika-horizontal-de","20":"pa_okvir-ohne-rahmen","21":"pa_podokvir-ja","22":"pa_podokvir-nein","24":"first","25":"onbackorder","26":"purchasable","27":"product-type-variable","28":"has-default-attributes"},"acf":[],"yoast_head":"<!-- This site is optimized with the Yoast SEO Premium plugin v26.0 (Yoast SEO v27.2) - https:\/\/yoast.com\/product\/yoast-seo-premium-wordpress\/ -->\n<title>Vincent van Gogh - The Potato Eaters - SVETSLIK.SI - 100% handgemalt<\/title>\n<meta name=\"description\" content=\"Vincent van Gogh - The Potato Eaters - 100% handgemalte Gem\u00e4lde - Verkauf von Reproduktionen ber\u00fchmter Gem\u00e4lde und abstrakter Kunst - Wandbilder f\u00fcr das Wohnzimmer\" \/>\n<meta name=\"robots\" content=\"index, follow, max-snippet:-1, max-image-preview:large, max-video-preview:-1\" \/>\n<link rel=\"canonical\" href=\"https:\/\/svetslik.si\/de\/vincent-van-gogh-de\/the-potato-eaters\/\" \/>\n<meta property=\"og:locale\" content=\"de_DE\" \/>\n<meta property=\"og:type\" content=\"article\" \/>\n<meta property=\"og:title\" content=\"Vincent van Gogh - The Potato Eaters\" \/>\n<meta property=\"og:description\" content=\"100% ro\u010dno naslikane slike na platnu, reprodukcije znanih slikarjev in umetni\u0161ke slike po naro\u010dilu.\" \/>\n<meta property=\"og:url\" content=\"https:\/\/svetslik.si\/de\/vincent-van-gogh-de\/the-potato-eaters\/\" \/>\n<meta property=\"og:site_name\" content=\"SVETSLIK.SI\" \/>\n<meta property=\"article:publisher\" content=\"https:\/\/www.facebook.com\/svetslik.si\" \/>\n<meta property=\"article:modified_time\" content=\"2026-03-22T19:25:38+00:00\" \/>\n<meta property=\"og:image\" content=\"https:\/\/svetslik.si\/wp-content\/uploads\/2021\/08\/image_The-Potato-Eaters-Van-Gogh_680-scaled.jpg\" \/>\n\t<meta property=\"og:image:width\" content=\"2560\" \/>\n\t<meta property=\"og:image:height\" content=\"1819\" \/>\n\t<meta property=\"og:image:type\" content=\"image\/jpeg\" \/>\n<meta name=\"twitter:card\" content=\"summary_large_image\" \/>\n<meta name=\"twitter:site\" content=\"@svetslik\" \/>\n<meta name=\"twitter:label1\" content=\"Verf\u00fcgbarkeit\" \/>\n\t<meta name=\"twitter:data1\" content=\"bei Nachbestellung\" \/>\n<script type=\"application\/ld+json\" class=\"yoast-schema-graph\">{\"@context\":\"https:\/\/schema.org\",\"@graph\":[{\"@type\":[\"WebPage\",\"ItemPage\"],\"@id\":\"https:\/\/svetslik.si\/de\/vincent-van-gogh-de\/the-potato-eaters\/\",\"url\":\"https:\/\/svetslik.si\/de\/vincent-van-gogh-de\/the-potato-eaters\/\",\"name\":\"Vincent van Gogh - The Potato Eaters - SVETSLIK.SI - 100% handgemalt\",\"isPartOf\":{\"@id\":\"https:\/\/svetslik.si\/de\/#website\"},\"primaryImageOfPage\":{\"@id\":\"https:\/\/svetslik.si\/de\/vincent-van-gogh-de\/the-potato-eaters\/#primaryimage\"},\"image\":{\"@id\":\"https:\/\/svetslik.si\/de\/vincent-van-gogh-de\/the-potato-eaters\/#primaryimage\"},\"thumbnailUrl\":\"https:\/\/svetslik.si\/wp-content\/uploads\/2021\/08\/image_The-Potato-Eaters-Van-Gogh_680-scaled.jpg\",\"datePublished\":\"2021-09-02T16:06:07+00:00\",\"dateModified\":\"2026-03-22T19:25:38+00:00\",\"description\":\"Vincent van Gogh - The Potato Eaters - 100% handgemalte Gem\u00e4lde - Verkauf von Reproduktionen ber\u00fchmter Gem\u00e4lde und abstrakter Kunst - Wandbilder f\u00fcr das Wohnzimmer\",\"breadcrumb\":{\"@id\":\"https:\/\/svetslik.si\/de\/vincent-van-gogh-de\/the-potato-eaters\/#breadcrumb\"},\"inLanguage\":\"de\",\"potentialAction\":[{\"@type\":\"ReadAction\",\"target\":[\"https:\/\/svetslik.si\/de\/vincent-van-gogh-de\/the-potato-eaters\/\"]}]},{\"@type\":\"ImageObject\",\"inLanguage\":\"de\",\"@id\":\"https:\/\/svetslik.si\/de\/vincent-van-gogh-de\/the-potato-eaters\/#primaryimage\",\"url\":\"https:\/\/svetslik.si\/wp-content\/uploads\/2021\/08\/image_The-Potato-Eaters-Van-Gogh_680-scaled.jpg\",\"contentUrl\":\"https:\/\/svetslik.si\/wp-content\/uploads\/2021\/08\/image_The-Potato-Eaters-Van-Gogh_680-scaled.jpg\",\"width\":2560,\"height\":1819,\"caption\":\"Vincent Van Gogh - The Starry Night over the Rh\u00f4ne - Sternennacht \u00fcber der Rh\u00f4ne - Handgemalte Reproduktionen ber\u00fchmter Maler, moderne Wandbilder, Kunstbilder f\u00fcr die Wand\"},{\"@type\":\"BreadcrumbList\",\"@id\":\"https:\/\/svetslik.si\/de\/vincent-van-gogh-de\/the-potato-eaters\/#breadcrumb\",\"itemListElement\":[{\"@type\":\"ListItem\",\"position\":1,\"name\":\"Wandkunst und Gem\u00e4lde auf Leinwand\",\"item\":\"https:\/\/svetslik.si\/de\/\"},{\"@type\":\"ListItem\",\"position\":2,\"name\":\"Verkauf von Gem\u00e4lden\",\"item\":\"https:\/\/svetslik.si\/prodaja-slik\/\"},{\"@type\":\"ListItem\",\"position\":3,\"name\":\"Vincent van Gogh &#8211; The Potato Eaters\"}]},{\"@type\":\"WebSite\",\"@id\":\"https:\/\/svetslik.si\/de\/#website\",\"url\":\"https:\/\/svetslik.si\/de\/\",\"name\":\"SVETSLIK.SI\",\"description\":\"100% handgemalte Reproduktionen von Gem\u00e4lden ber\u00fchmter Maler und Gem\u00e4lde auf Leinwand.\",\"publisher\":{\"@id\":\"https:\/\/svetslik.si\/de\/#organization\"},\"potentialAction\":[{\"@type\":\"SearchAction\",\"target\":{\"@type\":\"EntryPoint\",\"urlTemplate\":\"https:\/\/svetslik.si\/de\/?s={search_term_string}\"},\"query-input\":{\"@type\":\"PropertyValueSpecification\",\"valueRequired\":true,\"valueName\":\"search_term_string\"}}],\"inLanguage\":\"de\"},{\"@type\":\"Organization\",\"@id\":\"https:\/\/svetslik.si\/de\/#organization\",\"name\":\"SvetSlik.si\",\"url\":\"https:\/\/svetslik.si\/de\/\",\"logo\":{\"@type\":\"ImageObject\",\"inLanguage\":\"de\",\"@id\":\"https:\/\/svetslik.si\/de\/#\/schema\/logo\/image\/\",\"url\":\"https:\/\/svetslik.si\/wp-content\/uploads\/2020\/12\/logo-512.png\",\"contentUrl\":\"https:\/\/svetslik.si\/wp-content\/uploads\/2020\/12\/logo-512.png\",\"width\":512,\"height\":512,\"caption\":\"SvetSlik.si\"},\"image\":{\"@id\":\"https:\/\/svetslik.si\/de\/#\/schema\/logo\/image\/\"},\"sameAs\":[\"https:\/\/www.facebook.com\/svetslik.si\",\"https:\/\/x.com\/svetslik\",\"https:\/\/www.instagram.com\/svetslik.si\/\",\"https:\/\/www.linkedin.com\/company\/svetslik-si\"]}]}<\/script>\n<meta property=\"og:availability\" content=\"backorder\" \/>\n<meta property=\"product:availability\" content=\"available for order\" \/>\n<meta property=\"product:retailer_item_id\" content=\"405__\" \/>\n<meta property=\"product:condition\" content=\"new\" \/>\n<!-- \/ Yoast SEO Premium plugin. -->","yoast_head_json":{"title":"Vincent van Gogh - The Potato Eaters - SVETSLIK.SI - 100% handgemalt","description":"Vincent van Gogh - The Potato Eaters - 100% handgemalte Gem\u00e4lde - Verkauf von Reproduktionen ber\u00fchmter Gem\u00e4lde und abstrakter Kunst - Wandbilder f\u00fcr das Wohnzimmer","robots":{"index":"index","follow":"follow","max-snippet":"max-snippet:-1","max-image-preview":"max-image-preview:large","max-video-preview":"max-video-preview:-1"},"canonical":"https:\/\/svetslik.si\/de\/vincent-van-gogh-de\/the-potato-eaters\/","og_locale":"de_DE","og_type":"article","og_title":"Vincent van Gogh - The Potato Eaters","og_description":"100% ro\u010dno naslikane slike na platnu, reprodukcije znanih slikarjev in umetni\u0161ke slike po naro\u010dilu.","og_url":"https:\/\/svetslik.si\/de\/vincent-van-gogh-de\/the-potato-eaters\/","og_site_name":"SVETSLIK.SI","article_publisher":"https:\/\/www.facebook.com\/svetslik.si","article_modified_time":"2026-03-22T19:25:38+00:00","og_image":[{"width":2560,"height":1819,"url":"https:\/\/svetslik.si\/wp-content\/uploads\/2021\/08\/image_The-Potato-Eaters-Van-Gogh_680-scaled.jpg","type":"image\/jpeg"}],"twitter_card":"summary_large_image","twitter_site":"@svetslik","twitter_misc":{"Verf\u00fcgbarkeit":"bei Nachbestellung"},"schema":{"@context":"https:\/\/schema.org","@graph":[{"@type":["WebPage","ItemPage"],"@id":"https:\/\/svetslik.si\/de\/vincent-van-gogh-de\/the-potato-eaters\/","url":"https:\/\/svetslik.si\/de\/vincent-van-gogh-de\/the-potato-eaters\/","name":"Vincent van Gogh - The Potato Eaters - SVETSLIK.SI - 100% handgemalt","isPartOf":{"@id":"https:\/\/svetslik.si\/de\/#website"},"primaryImageOfPage":{"@id":"https:\/\/svetslik.si\/de\/vincent-van-gogh-de\/the-potato-eaters\/#primaryimage"},"image":{"@id":"https:\/\/svetslik.si\/de\/vincent-van-gogh-de\/the-potato-eaters\/#primaryimage"},"thumbnailUrl":"https:\/\/svetslik.si\/wp-content\/uploads\/2021\/08\/image_The-Potato-Eaters-Van-Gogh_680-scaled.jpg","datePublished":"2021-09-02T16:06:07+00:00","dateModified":"2026-03-22T19:25:38+00:00","description":"Vincent van Gogh - The Potato Eaters - 100% handgemalte Gem\u00e4lde - Verkauf von Reproduktionen ber\u00fchmter Gem\u00e4lde und abstrakter Kunst - Wandbilder f\u00fcr das Wohnzimmer","breadcrumb":{"@id":"https:\/\/svetslik.si\/de\/vincent-van-gogh-de\/the-potato-eaters\/#breadcrumb"},"inLanguage":"de","potentialAction":[{"@type":"ReadAction","target":["https:\/\/svetslik.si\/de\/vincent-van-gogh-de\/the-potato-eaters\/"]}]},{"@type":"ImageObject","inLanguage":"de","@id":"https:\/\/svetslik.si\/de\/vincent-van-gogh-de\/the-potato-eaters\/#primaryimage","url":"https:\/\/svetslik.si\/wp-content\/uploads\/2021\/08\/image_The-Potato-Eaters-Van-Gogh_680-scaled.jpg","contentUrl":"https:\/\/svetslik.si\/wp-content\/uploads\/2021\/08\/image_The-Potato-Eaters-Van-Gogh_680-scaled.jpg","width":2560,"height":1819,"caption":"Vincent Van Gogh - The Starry Night over the Rh\u00f4ne - Sternennacht \u00fcber der Rh\u00f4ne - Handgemalte Reproduktionen ber\u00fchmter Maler, moderne Wandbilder, Kunstbilder f\u00fcr die Wand"},{"@type":"BreadcrumbList","@id":"https:\/\/svetslik.si\/de\/vincent-van-gogh-de\/the-potato-eaters\/#breadcrumb","itemListElement":[{"@type":"ListItem","position":1,"name":"Wandkunst und Gem\u00e4lde auf Leinwand","item":"https:\/\/svetslik.si\/de\/"},{"@type":"ListItem","position":2,"name":"Verkauf von Gem\u00e4lden","item":"https:\/\/svetslik.si\/prodaja-slik\/"},{"@type":"ListItem","position":3,"name":"Vincent van Gogh &#8211; The Potato Eaters"}]},{"@type":"WebSite","@id":"https:\/\/svetslik.si\/de\/#website","url":"https:\/\/svetslik.si\/de\/","name":"SVETSLIK.SI","description":"100% handgemalte Reproduktionen von Gem\u00e4lden ber\u00fchmter Maler und Gem\u00e4lde auf Leinwand.","publisher":{"@id":"https:\/\/svetslik.si\/de\/#organization"},"potentialAction":[{"@type":"SearchAction","target":{"@type":"EntryPoint","urlTemplate":"https:\/\/svetslik.si\/de\/?s={search_term_string}"},"query-input":{"@type":"PropertyValueSpecification","valueRequired":true,"valueName":"search_term_string"}}],"inLanguage":"de"},{"@type":"Organization","@id":"https:\/\/svetslik.si\/de\/#organization","name":"SvetSlik.si","url":"https:\/\/svetslik.si\/de\/","logo":{"@type":"ImageObject","inLanguage":"de","@id":"https:\/\/svetslik.si\/de\/#\/schema\/logo\/image\/","url":"https:\/\/svetslik.si\/wp-content\/uploads\/2020\/12\/logo-512.png","contentUrl":"https:\/\/svetslik.si\/wp-content\/uploads\/2020\/12\/logo-512.png","width":512,"height":512,"caption":"SvetSlik.si"},"image":{"@id":"https:\/\/svetslik.si\/de\/#\/schema\/logo\/image\/"},"sameAs":["https:\/\/www.facebook.com\/svetslik.si","https:\/\/x.com\/svetslik","https:\/\/www.instagram.com\/svetslik.si\/","https:\/\/www.linkedin.com\/company\/svetslik-si"]}]},"og_availability":"backorder","product_availability":"available for order","product_retailer_item_id":"405__","product_condition":"new"},"jetpack_sharing_enabled":true,"_links":{"self":[{"href":"https:\/\/svetslik.si\/de\/wp-json\/wp\/v2\/product\/68711","targetHints":{"allow":["GET"]}}],"collection":[{"href":"https:\/\/svetslik.si\/de\/wp-json\/wp\/v2\/product"}],"about":[{"href":"https:\/\/svetslik.si\/de\/wp-json\/wp\/v2\/types\/product"}],"wp:featuredmedia":[{"embeddable":true,"href":"https:\/\/svetslik.si\/de\/wp-json\/wp\/v2\/media\/64208"}],"wp:attachment":[{"href":"https:\/\/svetslik.si\/de\/wp-json\/wp\/v2\/media?parent=68711"}],"wp:term":[{"taxonomy":"product_brand","embeddable":true,"href":"https:\/\/svetslik.si\/de\/wp-json\/wp\/v2\/product_brand?post=68711"},{"taxonomy":"product_cat","embeddable":true,"href":"https:\/\/svetslik.si\/de\/wp-json\/wp\/v2\/product_cat?post=68711"},{"taxonomy":"product_tag","embeddable":true,"href":"https:\/\/svetslik.si\/de\/wp-json\/wp\/v2\/product_tag?post=68711"}],"curies":[{"name":"wp","href":"https:\/\/api.w.org\/{rel}","templated":true}]}}