{"id":68774,"date":"2021-09-02T18:06:53","date_gmt":"2021-09-02T16:06:53","guid":{"rendered":"https:\/\/svetslik.si\/unkategorisiert\/bridges-across-the-seine-at-asnieres\/"},"modified":"2026-03-22T20:27:34","modified_gmt":"2026-03-22T19:27:34","slug":"bridges-across-the-seine-at-asnieres","status":"publish","type":"product","link":"https:\/\/svetslik.si\/de\/vincent-van-gogh-de\/bridges-across-the-seine-at-asnieres\/","title":{"rendered":"Vincent van Gogh &#8211; Bridges across the Seine at Asnieres"},"content":{"rendered":"<h1>Vincent Van Gogh \u2013 Br\u00fccken \u00fcber die Seine bei Asnieres<\/h1>\n<p>&nbsp;<\/p>\n<table style=\"width: 497px\" border=\"0\" width=\"497\" cellpadding=\"0\">\n<tbody>\n<tr>\n<td style=\"width: 155px;height: 21px\" height=\"21\">Erstellungsjahr:<\/td>\n<td style=\"width: 343px\">1887<\/td>\n<\/tr>\n<tr>\n<td style=\"width: 155px;height: 21px\" height=\"21\">Originalgr\u00f6\u00dfe:<\/td>\n<td style=\"width: 343px\">65 cm x 52,5 cm<\/td>\n<\/tr>\n<tr>\n<td style=\"width: 155px;height: 21px\" height=\"21\">Lackstil:<\/td>\n<td style=\"width: 343px\">Postimpressionismus<\/td>\n<\/tr>\n<tr>\n<td style=\"width: 155px;height: 21px\" height=\"21\">Originaltechnik:<\/td>\n<td style=\"width: 343px\">\u00d6l auf Leinwand<\/td>\n<\/tr>\n<tr>\n<td style=\"width: 155px;height: 21px\" height=\"21\">Standort:<\/td>\n<td style=\"width: 343px\">Sammlung der E. G. B\u00fchrle Stiftung, Z\u00fcrich<\/td>\n<\/tr>\n<\/tbody>\n<colgroup>\n<col \/>\n<col \/> <\/colgroup>\n<\/table>\n<p>&nbsp;<\/p>\n<div>Asni\u00e8res war ein Viertel von Paris, das viele impressionistische K\u00fcnstler besuchten und malten. Br\u00fccken \u00fcber die Seine, Fischerboote am Flussufer sowie von B\u00e4umen ges\u00e4umte Alleen und Caf\u00e9s entlang der Seine waren ideale Motive f\u00fcr die Impressionisten.<\/div>\n<div>Van Gogh malte auch mehrere Gem\u00e4lde in dieser Gegend von Paris. In dem Gem\u00e4lde <em>Br\u00fccken \u00fcber die Seine bei Asnieres<\/em> stellte er einen der ber\u00fchmtesten Ausblicke auf den Fluss dar: den Punkt, von dem aus man mehrere \u00fcber die Seine gebaute Br\u00fccken sehen kann.<\/div>\n<div><\/div>\n<div>\n<p>\u201eBr\u00fccken \u00fcber die Seine bei Asnieres\u201c, 1887 vom niederl\u00e4ndischen K\u00fcnstler Vincent van Gogh gemalt, ist ein fesselndes und emotionales Gem\u00e4lde, das die Leidenschaft des K\u00fcnstlers f\u00fcr Stadtlandschaften und die menschliche Verfassung darstellt. Das Bild zeigt mehrere Br\u00fccken \u00fcber die Seine in der Stadt Asnieres, mit hohen Industriegeb\u00e4uden im Hintergrund und einem strahlend blauen Himmel dar\u00fcber. Das Gem\u00e4lde ist weithin f\u00fcr seine kr\u00e4ftigen Pinselstriche, seine Emotionalit\u00e4t und seine starke Symbolik bekannt.<\/p>\n<p>\u201eBr\u00fccken \u00fcber die Seine bei Asnieres\u201c ist ein hervorragendes Beispiel f\u00fcr Van Goghs postimpressionistischen Stil, der sich durch dicke und sichtbare Pinselstriche, leuchtende Farben und kr\u00e4ftige Kontraste auszeichnete. Kr\u00e4ftige Pinselstriche und leuchtende Farben im Gem\u00e4lde erzeugen ein Gef\u00fchl von Bewegung und Energie, w\u00e4hrend der blaue Himmel ein Gef\u00fchl von Frieden und Ruhe vermittelt. Br\u00fccken und hohe Geb\u00e4ude erzeugen ein Gef\u00fchl von Geheimnis und Intrige.<\/p>\n<p>Eines der auff\u00e4lligsten Merkmale des Gem\u00e4ldes \u201eBr\u00fccken \u00fcber die Seine bei Asni\u00e8res\u201c ist die Verwendung von Farbe. Van Goghs Verwendung von kr\u00e4ftigen, kontrastierenden Farben erzeugt in dem Gem\u00e4lde ein Gef\u00fchl von Bewegung und Energie, und der blaue Himmel wird in einer Vielzahl von Blaut\u00f6nen dargestellt, was ein Gef\u00fchl von Tiefe und Dimension erzeugt. Geb\u00e4ude und Br\u00fccken sind in Blau- und Graut\u00f6nen dargestellt, was ein Gef\u00fchl von Bodenst\u00e4ndigkeit und Stabilit\u00e4t vermittelt. Bemerkenswert sind auch die Pinselstriche mit dicken, sichtbaren Strichen, die dem Gem\u00e4lde ein Gef\u00fchl von Bewegung und Energie verleihen.<\/p>\n<p>Auch die Symbolik des Gem\u00e4ldes ist reichhaltig. Br\u00fccken und hohe Geb\u00e4ude symbolisieren die Idee der Verbundenheit und den Kampf des Stadtlebens. Es wird auch angenommen, dass das Gem\u00e4lde Van Goghs damaligen emotionalen Zustand widerspiegelt. Das Gem\u00e4lde entstand, als Van Gogh in Paris (Frankreich) lebte, und soll die Sehnsucht und Verbundenheit des K\u00fcnstlers mit der Stadt widerspiegeln.<\/p>\n<p>\u201eBr\u00fccken \u00fcber die Seine bei Asni\u00e8res\u201c gelten als eines der ikonischsten und kraftvollsten Werke Van Goghs. Das Gem\u00e4lde befindet sich im Van Gogh Museum in Amsterdam, Niederlande. Es handelt sich um ein wichtiges postimpressionistisches Werk, das immer noch von Kunstliebhabern und Experten gleicherma\u00dfen bewundert und studiert wird. Die kraftvolle Bildsprache, Emotionalit\u00e4t und reiche Symbolik machen das Gem\u00e4lde zu einem Muss f\u00fcr jeden Kunstliebhaber und jeden, der sich f\u00fcr das Werk von Vincent van Gogh interessiert.<\/p>\n<p>Neben seinem k\u00fcnstlerischen Wert hat das Gem\u00e4lde \u201eBr\u00fccken \u00fcber die Seine bei Asni\u00e8res\u201c auch einen wichtigen historischen Wert, da es eines der ersten Gem\u00e4lde van Goghs war, in dem er das Stadtbild und das Leben der Stadtbewohner darstellte. Die industrielle und sich schnell ver\u00e4ndernde Umgebung von Paris hat ihn stark inspiriert, was sich in der starken Bildsprache und Emotionalit\u00e4t des Gem\u00e4ldes zeigt.<\/p>\n<p>Dar\u00fcber hinaus spiegelt das Gem\u00e4lde auch Van Goghs Wunsch wider, sich mit der \u00f6rtlichen Gemeinschaft zu verbinden und Teil ihres Alltags zu werden. Er war entschlossen, Kunst zu schaffen, die das Leben der Stadtbewohner widerspiegeln sollte, und das Gem\u00e4lde ist ein Beweis f\u00fcr seine Bem\u00fchungen.<\/p>\n<p>Zusammenfassend k\u00f6nnen wir sagen, dass \u201eBr\u00fccken \u00fcber die Seine bei Asnieres\u201c ein charmantes und emotionales Gem\u00e4lde ist, das die kr\u00e4ftigen Pinselstriche, die Emotionalit\u00e4t und die starke Symbolik zeigt, die f\u00fcr Vincent van Goghs postimpressionistischen Stil charakteristisch sind. Die Verwendung von Farben und Pinselstrichen im Gem\u00e4lde erzeugt ein Gef\u00fchl von Bewegung und Energie, w\u00e4hrend die Br\u00fccken und hohen Geb\u00e4ude die Idee der Verbundenheit und den Kampf des Stadtlebens symbolisieren. Das Gem\u00e4lde gilt als eines der ikonischsten und kraftvollsten Werke Van Goghs. Es befindet sich im Van Gogh Museum in Amsterdam, Niederlande. Es wird immer noch von Kunstliebhabern und Experten gleicherma\u00dfen bewundert und studiert. Die kraftvolle Bildsprache, Emotionalit\u00e4t und reiche Symbolik machen das Gem\u00e4lde zu einem Muss f\u00fcr jeden Kunstliebhaber und jeden, der sich f\u00fcr das Werk von Vincent van Gogh interessiert.<\/p>\n<\/div>\n<div><\/div>\n","protected":false},"excerpt":{"rendered":"<p>Vincent Van Gogh \u2013 Br\u00fccken \u00fcber die Seine bei Asnieres &nbsp; Erstellungsjahr: 1887 Originalgr\u00f6\u00dfe: 65 cm x 52,5 cm Lackstil: Postimpressionismus Originaltechnik: \u00d6l auf Leinwand Standort: Sammlung der E. G. B\u00fchrle Stiftung, Z\u00fcrich &nbsp; Asni\u00e8res war ein Viertel von Paris, das viele impressionistische K\u00fcnstler besuchten und malten. Br\u00fccken \u00fcber die [&hellip;]<\/p>\n","protected":false},"featured_media":63432,"template":"","meta":{"_acf_changed":false},"product_brand":[],"product_cat":[8468],"product_tag":[8521,8513,8514,8581],"class_list":{"0":"post-68774","1":"product","2":"type-product","3":"status-publish","4":"has-post-thumbnail","6":"product_cat-vincent-van-gogh-de","7":"product_tag-maler","8":"product_tag-reproduktion","9":"product_tag-reproduktionen","10":"product_tag-van-gogh-de","11":"pa_dimenzija-100-x-80-cm-de","12":"pa_dimenzija-120-x-100-cm-de","13":"pa_dimenzija-150-x-120-cm-de","14":"pa_dimenzija-40-x-30-cm-de","15":"pa_dimenzija-50-x-40-cm-de","16":"pa_dimenzija-65-x-53-cm-de","17":"pa_dimenzija-80-x-65-cm-de","18":"pa_dimenzija-90-x-70-cm-de","19":"pa_oblika-horizontal-de","20":"pa_okvir-ohne-rahmen","21":"pa_podokvir-ja","22":"pa_podokvir-nein","24":"first","25":"onbackorder","26":"purchasable","27":"product-type-variable","28":"has-default-attributes"},"acf":[],"yoast_head":"<!-- This site is optimized with the Yoast SEO Premium plugin v26.0 (Yoast SEO v27.2) - https:\/\/yoast.com\/product\/yoast-seo-premium-wordpress\/ -->\n<title>Vincent van Gogh - Bridges across the Seine at Asnieres - SVETSLIK.SI - 100% handgemalt<\/title>\n<meta name=\"description\" content=\"Vincent van Gogh - Bridges across the Seine at Asnieres - 100% handgemalte Gem\u00e4lde - Verkauf von Reproduktionen ber\u00fchmter Gem\u00e4lde und abstrakter Kunst - Wandbilder f\u00fcr das Wohnzimmer\" \/>\n<meta name=\"robots\" content=\"index, follow, max-snippet:-1, max-image-preview:large, max-video-preview:-1\" \/>\n<link rel=\"canonical\" href=\"https:\/\/svetslik.si\/de\/vincent-van-gogh-de\/bridges-across-the-seine-at-asnieres\/\" \/>\n<meta property=\"og:locale\" content=\"de_DE\" \/>\n<meta property=\"og:type\" content=\"article\" \/>\n<meta property=\"og:title\" content=\"Vincent van Gogh - Bridges across the Seine at Asnieres\" \/>\n<meta property=\"og:description\" content=\"100% ro\u010dno naslikane slike na platnu, reprodukcije znanih slikarjev in umetni\u0161ke slike po naro\u010dilu.\" \/>\n<meta property=\"og:url\" content=\"https:\/\/svetslik.si\/de\/vincent-van-gogh-de\/bridges-across-the-seine-at-asnieres\/\" \/>\n<meta property=\"og:site_name\" content=\"SVETSLIK.SI\" \/>\n<meta property=\"article:publisher\" content=\"https:\/\/www.facebook.com\/svetslik.si\" \/>\n<meta property=\"article:modified_time\" content=\"2026-03-22T19:27:34+00:00\" \/>\n<meta property=\"og:image\" content=\"https:\/\/svetslik.si\/wp-content\/uploads\/2021\/08\/image_Bridges-across-the-Seine-at-Asnieres-van-Gogh_680.jpg\" \/>\n\t<meta property=\"og:image:width\" content=\"2296\" \/>\n\t<meta property=\"og:image:height\" content=\"1800\" \/>\n\t<meta property=\"og:image:type\" content=\"image\/jpeg\" \/>\n<meta name=\"twitter:card\" content=\"summary_large_image\" \/>\n<meta name=\"twitter:site\" content=\"@svetslik\" \/>\n<meta name=\"twitter:label1\" content=\"Verf\u00fcgbarkeit\" \/>\n\t<meta name=\"twitter:data1\" content=\"bei Nachbestellung\" \/>\n<script type=\"application\/ld+json\" class=\"yoast-schema-graph\">{\"@context\":\"https:\/\/schema.org\",\"@graph\":[{\"@type\":[\"WebPage\",\"ItemPage\"],\"@id\":\"https:\/\/svetslik.si\/de\/vincent-van-gogh-de\/bridges-across-the-seine-at-asnieres\/\",\"url\":\"https:\/\/svetslik.si\/de\/vincent-van-gogh-de\/bridges-across-the-seine-at-asnieres\/\",\"name\":\"Vincent van Gogh - Bridges across the Seine at Asnieres - SVETSLIK.SI - 100% handgemalt\",\"isPartOf\":{\"@id\":\"https:\/\/svetslik.si\/de\/#website\"},\"primaryImageOfPage\":{\"@id\":\"https:\/\/svetslik.si\/de\/vincent-van-gogh-de\/bridges-across-the-seine-at-asnieres\/#primaryimage\"},\"image\":{\"@id\":\"https:\/\/svetslik.si\/de\/vincent-van-gogh-de\/bridges-across-the-seine-at-asnieres\/#primaryimage\"},\"thumbnailUrl\":\"https:\/\/svetslik.si\/wp-content\/uploads\/2021\/08\/image_Bridges-across-the-Seine-at-Asnieres-van-Gogh_680.jpg\",\"datePublished\":\"2021-09-02T16:06:53+00:00\",\"dateModified\":\"2026-03-22T19:27:34+00:00\",\"description\":\"Vincent van Gogh - Bridges across the Seine at Asnieres - 100% handgemalte Gem\u00e4lde - Verkauf von Reproduktionen ber\u00fchmter Gem\u00e4lde und abstrakter Kunst - Wandbilder f\u00fcr das Wohnzimmer\",\"breadcrumb\":{\"@id\":\"https:\/\/svetslik.si\/de\/vincent-van-gogh-de\/bridges-across-the-seine-at-asnieres\/#breadcrumb\"},\"inLanguage\":\"de\",\"potentialAction\":[{\"@type\":\"ReadAction\",\"target\":[\"https:\/\/svetslik.si\/de\/vincent-van-gogh-de\/bridges-across-the-seine-at-asnieres\/\"]}]},{\"@type\":\"ImageObject\",\"inLanguage\":\"de\",\"@id\":\"https:\/\/svetslik.si\/de\/vincent-van-gogh-de\/bridges-across-the-seine-at-asnieres\/#primaryimage\",\"url\":\"https:\/\/svetslik.si\/wp-content\/uploads\/2021\/08\/image_Bridges-across-the-Seine-at-Asnieres-van-Gogh_680.jpg\",\"contentUrl\":\"https:\/\/svetslik.si\/wp-content\/uploads\/2021\/08\/image_Bridges-across-the-Seine-at-Asnieres-van-Gogh_680.jpg\",\"width\":2296,\"height\":1800,\"caption\":\"Vincent Van Gogh - Bridges across the Seine at Asnieres - Br\u00fccken \u00fcber die Seine bei Asni\u00e8res, Gem\u00e4lde, Leinwandbilder - 100% handgemalte, Reproduktionen ber\u00fchmter Gem\u00e4lde, Gem\u00e4lde kaufen, Wandbilder Wohnzimmer, ber\u00fchmtes Gem\u00e4lde, \u00d6lgem\u00e4lde, Bilderrahmen\"},{\"@type\":\"BreadcrumbList\",\"@id\":\"https:\/\/svetslik.si\/de\/vincent-van-gogh-de\/bridges-across-the-seine-at-asnieres\/#breadcrumb\",\"itemListElement\":[{\"@type\":\"ListItem\",\"position\":1,\"name\":\"Wandkunst und Gem\u00e4lde auf Leinwand\",\"item\":\"https:\/\/svetslik.si\/de\/\"},{\"@type\":\"ListItem\",\"position\":2,\"name\":\"Verkauf von Gem\u00e4lden\",\"item\":\"https:\/\/svetslik.si\/prodaja-slik\/\"},{\"@type\":\"ListItem\",\"position\":3,\"name\":\"Vincent van Gogh &#8211; Bridges across the Seine at Asnieres\"}]},{\"@type\":\"WebSite\",\"@id\":\"https:\/\/svetslik.si\/de\/#website\",\"url\":\"https:\/\/svetslik.si\/de\/\",\"name\":\"SVETSLIK.SI\",\"description\":\"100% handgemalte Reproduktionen von Gem\u00e4lden ber\u00fchmter Maler und Gem\u00e4lde auf Leinwand.\",\"publisher\":{\"@id\":\"https:\/\/svetslik.si\/de\/#organization\"},\"potentialAction\":[{\"@type\":\"SearchAction\",\"target\":{\"@type\":\"EntryPoint\",\"urlTemplate\":\"https:\/\/svetslik.si\/de\/?s={search_term_string}\"},\"query-input\":{\"@type\":\"PropertyValueSpecification\",\"valueRequired\":true,\"valueName\":\"search_term_string\"}}],\"inLanguage\":\"de\"},{\"@type\":\"Organization\",\"@id\":\"https:\/\/svetslik.si\/de\/#organization\",\"name\":\"SvetSlik.si\",\"url\":\"https:\/\/svetslik.si\/de\/\",\"logo\":{\"@type\":\"ImageObject\",\"inLanguage\":\"de\",\"@id\":\"https:\/\/svetslik.si\/de\/#\/schema\/logo\/image\/\",\"url\":\"https:\/\/svetslik.si\/wp-content\/uploads\/2020\/12\/logo-512.png\",\"contentUrl\":\"https:\/\/svetslik.si\/wp-content\/uploads\/2020\/12\/logo-512.png\",\"width\":512,\"height\":512,\"caption\":\"SvetSlik.si\"},\"image\":{\"@id\":\"https:\/\/svetslik.si\/de\/#\/schema\/logo\/image\/\"},\"sameAs\":[\"https:\/\/www.facebook.com\/svetslik.si\",\"https:\/\/x.com\/svetslik\",\"https:\/\/www.instagram.com\/svetslik.si\/\",\"https:\/\/www.linkedin.com\/company\/svetslik-si\"]}]}<\/script>\n<meta property=\"og:availability\" content=\"backorder\" \/>\n<meta property=\"product:availability\" content=\"available for order\" \/>\n<meta property=\"product:retailer_item_id\" content=\"414__\" \/>\n<meta property=\"product:condition\" content=\"new\" \/>\n<!-- \/ Yoast SEO Premium plugin. -->","yoast_head_json":{"title":"Vincent van Gogh - Bridges across the Seine at Asnieres - SVETSLIK.SI - 100% handgemalt","description":"Vincent van Gogh - Bridges across the Seine at Asnieres - 100% handgemalte Gem\u00e4lde - Verkauf von Reproduktionen ber\u00fchmter Gem\u00e4lde und abstrakter Kunst - Wandbilder f\u00fcr das Wohnzimmer","robots":{"index":"index","follow":"follow","max-snippet":"max-snippet:-1","max-image-preview":"max-image-preview:large","max-video-preview":"max-video-preview:-1"},"canonical":"https:\/\/svetslik.si\/de\/vincent-van-gogh-de\/bridges-across-the-seine-at-asnieres\/","og_locale":"de_DE","og_type":"article","og_title":"Vincent van Gogh - Bridges across the Seine at Asnieres","og_description":"100% ro\u010dno naslikane slike na platnu, reprodukcije znanih slikarjev in umetni\u0161ke slike po naro\u010dilu.","og_url":"https:\/\/svetslik.si\/de\/vincent-van-gogh-de\/bridges-across-the-seine-at-asnieres\/","og_site_name":"SVETSLIK.SI","article_publisher":"https:\/\/www.facebook.com\/svetslik.si","article_modified_time":"2026-03-22T19:27:34+00:00","og_image":[{"width":2296,"height":1800,"url":"https:\/\/svetslik.si\/wp-content\/uploads\/2021\/08\/image_Bridges-across-the-Seine-at-Asnieres-van-Gogh_680.jpg","type":"image\/jpeg"}],"twitter_card":"summary_large_image","twitter_site":"@svetslik","twitter_misc":{"Verf\u00fcgbarkeit":"bei Nachbestellung"},"schema":{"@context":"https:\/\/schema.org","@graph":[{"@type":["WebPage","ItemPage"],"@id":"https:\/\/svetslik.si\/de\/vincent-van-gogh-de\/bridges-across-the-seine-at-asnieres\/","url":"https:\/\/svetslik.si\/de\/vincent-van-gogh-de\/bridges-across-the-seine-at-asnieres\/","name":"Vincent van Gogh - Bridges across the Seine at Asnieres - SVETSLIK.SI - 100% handgemalt","isPartOf":{"@id":"https:\/\/svetslik.si\/de\/#website"},"primaryImageOfPage":{"@id":"https:\/\/svetslik.si\/de\/vincent-van-gogh-de\/bridges-across-the-seine-at-asnieres\/#primaryimage"},"image":{"@id":"https:\/\/svetslik.si\/de\/vincent-van-gogh-de\/bridges-across-the-seine-at-asnieres\/#primaryimage"},"thumbnailUrl":"https:\/\/svetslik.si\/wp-content\/uploads\/2021\/08\/image_Bridges-across-the-Seine-at-Asnieres-van-Gogh_680.jpg","datePublished":"2021-09-02T16:06:53+00:00","dateModified":"2026-03-22T19:27:34+00:00","description":"Vincent van Gogh - Bridges across the Seine at Asnieres - 100% handgemalte Gem\u00e4lde - Verkauf von Reproduktionen ber\u00fchmter Gem\u00e4lde und abstrakter Kunst - Wandbilder f\u00fcr das Wohnzimmer","breadcrumb":{"@id":"https:\/\/svetslik.si\/de\/vincent-van-gogh-de\/bridges-across-the-seine-at-asnieres\/#breadcrumb"},"inLanguage":"de","potentialAction":[{"@type":"ReadAction","target":["https:\/\/svetslik.si\/de\/vincent-van-gogh-de\/bridges-across-the-seine-at-asnieres\/"]}]},{"@type":"ImageObject","inLanguage":"de","@id":"https:\/\/svetslik.si\/de\/vincent-van-gogh-de\/bridges-across-the-seine-at-asnieres\/#primaryimage","url":"https:\/\/svetslik.si\/wp-content\/uploads\/2021\/08\/image_Bridges-across-the-Seine-at-Asnieres-van-Gogh_680.jpg","contentUrl":"https:\/\/svetslik.si\/wp-content\/uploads\/2021\/08\/image_Bridges-across-the-Seine-at-Asnieres-van-Gogh_680.jpg","width":2296,"height":1800,"caption":"Vincent Van Gogh - Bridges across the Seine at Asnieres - Br\u00fccken \u00fcber die Seine bei Asni\u00e8res, Gem\u00e4lde, Leinwandbilder - 100% handgemalte, Reproduktionen ber\u00fchmter Gem\u00e4lde, Gem\u00e4lde kaufen, Wandbilder Wohnzimmer, ber\u00fchmtes Gem\u00e4lde, \u00d6lgem\u00e4lde, Bilderrahmen"},{"@type":"BreadcrumbList","@id":"https:\/\/svetslik.si\/de\/vincent-van-gogh-de\/bridges-across-the-seine-at-asnieres\/#breadcrumb","itemListElement":[{"@type":"ListItem","position":1,"name":"Wandkunst und Gem\u00e4lde auf Leinwand","item":"https:\/\/svetslik.si\/de\/"},{"@type":"ListItem","position":2,"name":"Verkauf von Gem\u00e4lden","item":"https:\/\/svetslik.si\/prodaja-slik\/"},{"@type":"ListItem","position":3,"name":"Vincent van Gogh &#8211; Bridges across the Seine at Asnieres"}]},{"@type":"WebSite","@id":"https:\/\/svetslik.si\/de\/#website","url":"https:\/\/svetslik.si\/de\/","name":"SVETSLIK.SI","description":"100% handgemalte Reproduktionen von Gem\u00e4lden ber\u00fchmter Maler und Gem\u00e4lde auf Leinwand.","publisher":{"@id":"https:\/\/svetslik.si\/de\/#organization"},"potentialAction":[{"@type":"SearchAction","target":{"@type":"EntryPoint","urlTemplate":"https:\/\/svetslik.si\/de\/?s={search_term_string}"},"query-input":{"@type":"PropertyValueSpecification","valueRequired":true,"valueName":"search_term_string"}}],"inLanguage":"de"},{"@type":"Organization","@id":"https:\/\/svetslik.si\/de\/#organization","name":"SvetSlik.si","url":"https:\/\/svetslik.si\/de\/","logo":{"@type":"ImageObject","inLanguage":"de","@id":"https:\/\/svetslik.si\/de\/#\/schema\/logo\/image\/","url":"https:\/\/svetslik.si\/wp-content\/uploads\/2020\/12\/logo-512.png","contentUrl":"https:\/\/svetslik.si\/wp-content\/uploads\/2020\/12\/logo-512.png","width":512,"height":512,"caption":"SvetSlik.si"},"image":{"@id":"https:\/\/svetslik.si\/de\/#\/schema\/logo\/image\/"},"sameAs":["https:\/\/www.facebook.com\/svetslik.si","https:\/\/x.com\/svetslik","https:\/\/www.instagram.com\/svetslik.si\/","https:\/\/www.linkedin.com\/company\/svetslik-si"]}]},"og_availability":"backorder","product_availability":"available for order","product_retailer_item_id":"414__","product_condition":"new"},"jetpack_sharing_enabled":true,"_links":{"self":[{"href":"https:\/\/svetslik.si\/de\/wp-json\/wp\/v2\/product\/68774","targetHints":{"allow":["GET"]}}],"collection":[{"href":"https:\/\/svetslik.si\/de\/wp-json\/wp\/v2\/product"}],"about":[{"href":"https:\/\/svetslik.si\/de\/wp-json\/wp\/v2\/types\/product"}],"wp:featuredmedia":[{"embeddable":true,"href":"https:\/\/svetslik.si\/de\/wp-json\/wp\/v2\/media\/63432"}],"wp:attachment":[{"href":"https:\/\/svetslik.si\/de\/wp-json\/wp\/v2\/media?parent=68774"}],"wp:term":[{"taxonomy":"product_brand","embeddable":true,"href":"https:\/\/svetslik.si\/de\/wp-json\/wp\/v2\/product_brand?post=68774"},{"taxonomy":"product_cat","embeddable":true,"href":"https:\/\/svetslik.si\/de\/wp-json\/wp\/v2\/product_cat?post=68774"},{"taxonomy":"product_tag","embeddable":true,"href":"https:\/\/svetslik.si\/de\/wp-json\/wp\/v2\/product_tag?post=68774"}],"curies":[{"name":"wp","href":"https:\/\/api.w.org\/{rel}","templated":true}]}}