{"id":68783,"date":"2021-09-02T18:07:09","date_gmt":"2021-09-02T16:07:09","guid":{"rendered":"https:\/\/svetslik.si\/unkategorisiert\/fishing-boats-on-the-beach-at-les-saintes-maries-de-la-mer\/"},"modified":"2026-03-22T20:28:17","modified_gmt":"2026-03-22T19:28:17","slug":"fishing-boats-on-the-beach-at-les-saintes-maries-de-la-mer","status":"publish","type":"product","link":"https:\/\/svetslik.si\/de\/vincent-van-gogh-de\/fishing-boats-on-the-beach-at-les-saintes-maries-de-la-mer\/","title":{"rendered":"Vincent van Gogh &#8211; Fishing Boats on the Beach at Les Saintes-Maries-de-la-Mer"},"content":{"rendered":"<h1>Vincent Van Gogh \u2013 Fischerboote am Strand von Les Saintes-Maries-de-la-Mer<\/h1>\n<p>&nbsp;<\/p>\n<table style=\"width: 497px\" border=\"0\" width=\"497\" cellpadding=\"0\">\n<tbody>\n<tr>\n<td style=\"width: 155px;height: 21px\" height=\"21\">Erstellungsjahr:<\/td>\n<td style=\"width: 343px\">1888<\/td>\n<\/tr>\n<tr>\n<td style=\"width: 155px;height: 21px\" height=\"21\">Originalgr\u00f6\u00dfe:<\/td>\n<td style=\"width: 343px\">81,5 cm x 65 cm<\/td>\n<\/tr>\n<tr>\n<td style=\"width: 155px;height: 21px\" height=\"21\">Lackstil:<\/td>\n<td style=\"width: 343px\">Postimpressionismus<\/td>\n<\/tr>\n<tr>\n<td style=\"width: 155px;height: 21px\" height=\"21\">Originaltechnik:<\/td>\n<td style=\"width: 343px\">\u00d6l auf Leinwand<\/td>\n<\/tr>\n<tr>\n<td style=\"width: 155px;height: 21px\" height=\"21\">Standort:<\/td>\n<td style=\"width: 343px\">Van Gogh Museum, Niederlande<\/td>\n<\/tr>\n<\/tbody>\n<colgroup>\n<col \/>\n<col \/> <\/colgroup>\n<\/table>\n<p>Ende Mai 1888 verlie\u00df Van Gogh Arles und besuchte eine Woche lang die K\u00fcstenstadt Les Saintes-Maries-de-la-Mer. Er war fasziniert von den Farben des Mittelmeers und den kleinen gr\u00fcnen, roten und blauen Schiffen, die aufgrund ihrer Formen und Farben wie Blumen aussahen.<\/p>\n<p>Das Gem\u00e4lde \u201eFischerboote am Strand von Les Saintes-Maries-de-la-Mer\u201c, 1888 vom niederl\u00e4ndischen K\u00fcnstler Vincent van Gogh gemalt, ist ein charmantes und emotionales Gem\u00e4lde, das die Leidenschaft des K\u00fcnstlers f\u00fcr die Natur und das Meer zeigt. Das Gem\u00e4lde zeigt mehrere Fischerboote, die an die K\u00fcste eines Strandes gebracht werden, hinter denen sich hohe dunkle Klippen erheben und dar\u00fcber ein strahlend blauer Himmel. Das Gem\u00e4lde ist weithin f\u00fcr seine kr\u00e4ftigen Pinselstriche, seine Emotionalit\u00e4t und seine starke Symbolik bekannt.<\/p>\n<p>\u201eFischerboote am Strand von Les Saintes-Maries-de-la-Mer\u201c ist ein hervorragendes Beispiel f\u00fcr Van Goghs postimpressionistischen Stil, der sich durch dichte und sichtbare Pinselstriche, leuchtende Farben und kr\u00e4ftige Kontraste auszeichnet. Kr\u00e4ftige Pinselstriche und leuchtende Farben im Gem\u00e4lde erzeugen ein Gef\u00fchl von Bewegung und Energie, w\u00e4hrend der blaue Himmel ein Gef\u00fchl von Frieden und Ruhe vermittelt. Fischerboote und Klippen erzeugen ein Gef\u00fchl von Geheimnis und Intrige.<\/p>\n<p>Eines der auff\u00e4lligsten Merkmale des Bilderbuchs \u201eFischerboote am Strand von Les Saintes-Maries-de-la-Mer\u201c ist der Einsatz von Farbe. Van Goghs Verwendung von kr\u00e4ftigen, kontrastierenden Farben erzeugt in dem Gem\u00e4lde ein Gef\u00fchl von Bewegung und Energie, und der blaue Himmel wird in einer Vielzahl von Blaut\u00f6nen dargestellt, was ein Gef\u00fchl von Tiefe und Dimension erzeugt. Boote und Klippen sind in Blau- und Graut\u00f6nen dargestellt und vermitteln ein Gef\u00fchl von Bodenst\u00e4ndigkeit und Stabilit\u00e4t. Bemerkenswert sind auch die Pinselstriche mit dicken, sichtbaren Strichen, die dem Gem\u00e4lde ein Gef\u00fchl von Bewegung und Energie verleihen.<\/p>\n<p>Auch die Symbolik des Gem\u00e4ldes ist reichhaltig. Boote und Klippen symbolisieren die Idee harter Arbeit und des Kampfes gegen die Natur. Es wird auch angenommen, dass das Gem\u00e4lde Van Goghs damaligen emotionalen Zustand widerspiegelt. Das Gem\u00e4lde entstand, als Van Gogh in Arles, Frankreich lebte, und soll die Sehnsucht und Verbundenheit des K\u00fcnstlers mit dem Meer widerspiegeln.<\/p>\n<p>\u201eFischerboote am Strand von Les Saintes-Maries-de-la-Mer\u201c gilt als eines der ikonischsten und kraftvollsten Werke Van Goghs. Das Gem\u00e4lde befindet sich im Van Gogh Museum in Amsterdam, Niederlande. Es handelt sich um ein wichtiges postimpressionistisches Werk, das immer noch von Amateuren und Experten gleicherma\u00dfen bewundert und studiert wird. Die kraftvolle Bildsprache, Emotionalit\u00e4t und reiche Symbolik machen das Gem\u00e4lde zu einem Muss f\u00fcr jeden Kunstliebhaber und jeden, der sich f\u00fcr das Werk von Vincent van Gogh interessiert.<\/p>\n<p>Neben seinem k\u00fcnstlerischen Wert hat das Gem\u00e4lde \u201eFischerboote am Strand von Les Saintes-Maries-de-la-Mer\u201c auch einen wichtigen historischen Wert, da es eines der ersten Gem\u00e4lde van Goghs war, in dem er das darstellte Meer und das Leben der Fischer. Er lie\u00df sich stark von der K\u00fcstenumgebung und den flei\u00dfigen Menschen der Region inspirieren, was sich in der starken Bildsprache und Emotionalit\u00e4t des Gem\u00e4ldes zeigt.<\/p>\n<p>Dar\u00fcber hinaus spiegelt das Gem\u00e4lde auch Van Goghs Wunsch wider, sich mit der \u00f6rtlichen Gemeinschaft zu verbinden und Teil ihres Alltags zu sein. Er war entschlossen, Kunst zu schaffen, die das Leben der Fischer und des Meeres widerspiegelt, und das Gem\u00e4lde ist ein Beweis f\u00fcr seine Bem\u00fchungen.<\/p>\n<p>Wir k\u00f6nnen daraus schlie\u00dfen, dass das Gem\u00e4lde \u201eFischerboote am Strand von Les Saintes-Maries-de-la-Mer\u201c ein charmantes und emotionales Gem\u00e4lde ist, das die k\u00fchnen Pinselstriche, die Emotionalit\u00e4t und die starke Symbolik zeigt, die f\u00fcr Vincent van Goghs postimpressionistischen Stil charakteristisch sind. Die Verwendung von Farben und Pinselstrichen im Gem\u00e4lde erzeugt ein Gef\u00fchl von Bewegung und Energie, w\u00e4hrend die Fischerboote und Klippen die Idee harter Arbeit und des Kampfes mit der Natur symbolisieren. Das Gem\u00e4lde gilt als eines der ikonischsten und kraftvollsten Werke Van Goghs. Es befindet sich im Van Gogh Museum in Amsterdam, Niederlande. Es wird immer noch von Kunstliebhabern und Experten gleicherma\u00dfen bewundert und studiert. Die kraftvolle Bildsprache, Emotionalit\u00e4t und reiche Symbolik machen das Gem\u00e4lde zu einem Muss f\u00fcr jeden Kunstliebhaber und jeden, der sich f\u00fcr das Werk von Vincent van Gogh interessiert.<\/p>\n","protected":false},"excerpt":{"rendered":"<p>Vincent Van Gogh \u2013 Fischerboote am Strand von Les Saintes-Maries-de-la-Mer &nbsp; Erstellungsjahr: 1888 Originalgr\u00f6\u00dfe: 81,5 cm x 65 cm Lackstil: Postimpressionismus Originaltechnik: \u00d6l auf Leinwand Standort: Van Gogh Museum, Niederlande Ende Mai 1888 verlie\u00df Van Gogh Arles und besuchte eine Woche lang die K\u00fcstenstadt Les Saintes-Maries-de-la-Mer. Er war fasziniert von [&hellip;]<\/p>\n","protected":false},"featured_media":63628,"template":"","meta":{"_acf_changed":false},"product_brand":[],"product_cat":[8468],"product_tag":[8521,8513,8514,8581],"class_list":{"0":"post-68783","1":"product","2":"type-product","3":"status-publish","4":"has-post-thumbnail","6":"product_cat-vincent-van-gogh-de","7":"product_tag-maler","8":"product_tag-reproduktion","9":"product_tag-reproduktionen","10":"product_tag-van-gogh-de","11":"pa_dimenzija-100-x-80-cm","12":"pa_dimenzija-120-x-100-cm","13":"pa_dimenzija-150-x-120-cm","14":"pa_dimenzija-50-x-40-cm","15":"pa_dimenzija-60-x-50-cm","16":"pa_dimenzija-70-x-60-cm","17":"pa_dimenzija-82-x-65-cm","18":"pa_dimenzija-90-x-70-cm","19":"pa_oblika-horizontal-de","20":"pa_okvir-ohne-rahmen","21":"pa_podokvir-ja","22":"pa_podokvir-nein","24":"first","25":"onbackorder","26":"purchasable","27":"product-type-variable","28":"has-default-attributes"},"acf":[],"yoast_head":"<!-- This site is optimized with the Yoast SEO Premium plugin v26.0 (Yoast SEO v27.2) - https:\/\/yoast.com\/product\/yoast-seo-premium-wordpress\/ -->\n<title>Vincent van Gogh - Fishing Boats on the Beach at Les Saintes-Maries-de-la-Mer - SVETSLIK.SI - 100% handgemalt<\/title>\n<meta name=\"description\" content=\"Vincent van Gogh - Fishing Boats on the Beach at Les Saintes-Maries-de-la-Mer - 100% handgemalte Gem\u00e4lde - Verkauf von Reproduktionen ber\u00fchmter Gem\u00e4lde und abstrakter Kunst - Wandbilder f\u00fcr das Wohnzimmer\" \/>\n<meta name=\"robots\" content=\"index, follow, max-snippet:-1, max-image-preview:large, max-video-preview:-1\" \/>\n<link rel=\"canonical\" href=\"https:\/\/svetslik.si\/de\/vincent-van-gogh-de\/fishing-boats-on-the-beach-at-les-saintes-maries-de-la-mer\/\" \/>\n<meta property=\"og:locale\" content=\"de_DE\" \/>\n<meta property=\"og:type\" content=\"article\" \/>\n<meta property=\"og:title\" content=\"Vincent van Gogh - Fishing Boats on the Beach at Les Saintes-Maries-de-la-Mer\" \/>\n<meta property=\"og:description\" content=\"100% ro\u010dno naslikane slike na platnu, reprodukcije znanih slikarjev in umetni\u0161ke slike po naro\u010dilu.\" \/>\n<meta property=\"og:url\" content=\"https:\/\/svetslik.si\/de\/vincent-van-gogh-de\/fishing-boats-on-the-beach-at-les-saintes-maries-de-la-mer\/\" \/>\n<meta property=\"og:site_name\" content=\"SVETSLIK.SI\" \/>\n<meta property=\"article:publisher\" content=\"https:\/\/www.facebook.com\/svetslik.si\" \/>\n<meta property=\"article:modified_time\" content=\"2026-03-22T19:28:17+00:00\" \/>\n<meta property=\"og:image\" content=\"https:\/\/svetslik.si\/wp-content\/uploads\/2021\/08\/image_Fishing-Boats-on-the-Beach-at-Les-Saintes-Maries-de-la-Mer-Van-Gogh_680.jpg\" \/>\n\t<meta property=\"og:image:width\" content=\"1280\" \/>\n\t<meta property=\"og:image:height\" content=\"1029\" \/>\n\t<meta property=\"og:image:type\" content=\"image\/jpeg\" \/>\n<meta name=\"twitter:card\" content=\"summary_large_image\" \/>\n<meta name=\"twitter:site\" content=\"@svetslik\" \/>\n<meta name=\"twitter:label1\" content=\"Verf\u00fcgbarkeit\" \/>\n\t<meta name=\"twitter:data1\" content=\"bei Nachbestellung\" \/>\n<script type=\"application\/ld+json\" class=\"yoast-schema-graph\">{\"@context\":\"https:\/\/schema.org\",\"@graph\":[{\"@type\":[\"WebPage\",\"ItemPage\"],\"@id\":\"https:\/\/svetslik.si\/de\/vincent-van-gogh-de\/fishing-boats-on-the-beach-at-les-saintes-maries-de-la-mer\/\",\"url\":\"https:\/\/svetslik.si\/de\/vincent-van-gogh-de\/fishing-boats-on-the-beach-at-les-saintes-maries-de-la-mer\/\",\"name\":\"Vincent van Gogh - Fishing Boats on the Beach at Les Saintes-Maries-de-la-Mer - SVETSLIK.SI - 100% handgemalt\",\"isPartOf\":{\"@id\":\"https:\/\/svetslik.si\/de\/#website\"},\"primaryImageOfPage\":{\"@id\":\"https:\/\/svetslik.si\/de\/vincent-van-gogh-de\/fishing-boats-on-the-beach-at-les-saintes-maries-de-la-mer\/#primaryimage\"},\"image\":{\"@id\":\"https:\/\/svetslik.si\/de\/vincent-van-gogh-de\/fishing-boats-on-the-beach-at-les-saintes-maries-de-la-mer\/#primaryimage\"},\"thumbnailUrl\":\"https:\/\/svetslik.si\/wp-content\/uploads\/2021\/08\/image_Fishing-Boats-on-the-Beach-at-Les-Saintes-Maries-de-la-Mer-Van-Gogh_680.jpg\",\"datePublished\":\"2021-09-02T16:07:09+00:00\",\"dateModified\":\"2026-03-22T19:28:17+00:00\",\"description\":\"Vincent van Gogh - Fishing Boats on the Beach at Les Saintes-Maries-de-la-Mer - 100% handgemalte Gem\u00e4lde - Verkauf von Reproduktionen ber\u00fchmter Gem\u00e4lde und abstrakter Kunst - Wandbilder f\u00fcr das Wohnzimmer\",\"breadcrumb\":{\"@id\":\"https:\/\/svetslik.si\/de\/vincent-van-gogh-de\/fishing-boats-on-the-beach-at-les-saintes-maries-de-la-mer\/#breadcrumb\"},\"inLanguage\":\"de\",\"potentialAction\":[{\"@type\":\"ReadAction\",\"target\":[\"https:\/\/svetslik.si\/de\/vincent-van-gogh-de\/fishing-boats-on-the-beach-at-les-saintes-maries-de-la-mer\/\"]}]},{\"@type\":\"ImageObject\",\"inLanguage\":\"de\",\"@id\":\"https:\/\/svetslik.si\/de\/vincent-van-gogh-de\/fishing-boats-on-the-beach-at-les-saintes-maries-de-la-mer\/#primaryimage\",\"url\":\"https:\/\/svetslik.si\/wp-content\/uploads\/2021\/08\/image_Fishing-Boats-on-the-Beach-at-Les-Saintes-Maries-de-la-Mer-Van-Gogh_680.jpg\",\"contentUrl\":\"https:\/\/svetslik.si\/wp-content\/uploads\/2021\/08\/image_Fishing-Boats-on-the-Beach-at-Les-Saintes-Maries-de-la-Mer-Van-Gogh_680.jpg\",\"width\":1280,\"height\":1029,\"caption\":\"Vincent Van Gogh - Fishing Boats on the Beach at Les Saintes-Maries-de-la-Mer - Fischerboote am Strand von Les Saintes-Maries-de-la-Mer (Gem\u00e4lde, Leinwandbilder) - 100% handgemalte, Reproduktionen ber\u00fchmter Gem\u00e4lde, Gem\u00e4lde kaufen, Wandbilder Wohnzimmer, ber\u00fchmtes Gem\u00e4lde, Bilderrahmen\"},{\"@type\":\"BreadcrumbList\",\"@id\":\"https:\/\/svetslik.si\/de\/vincent-van-gogh-de\/fishing-boats-on-the-beach-at-les-saintes-maries-de-la-mer\/#breadcrumb\",\"itemListElement\":[{\"@type\":\"ListItem\",\"position\":1,\"name\":\"Wandkunst und Gem\u00e4lde auf Leinwand\",\"item\":\"https:\/\/svetslik.si\/de\/\"},{\"@type\":\"ListItem\",\"position\":2,\"name\":\"Verkauf von Gem\u00e4lden\",\"item\":\"https:\/\/svetslik.si\/prodaja-slik\/\"},{\"@type\":\"ListItem\",\"position\":3,\"name\":\"Vincent van Gogh &#8211; Fishing Boats on the Beach at Les Saintes-Maries-de-la-Mer\"}]},{\"@type\":\"WebSite\",\"@id\":\"https:\/\/svetslik.si\/de\/#website\",\"url\":\"https:\/\/svetslik.si\/de\/\",\"name\":\"SVETSLIK.SI\",\"description\":\"100% handgemalte Reproduktionen von Gem\u00e4lden ber\u00fchmter Maler und Gem\u00e4lde auf Leinwand.\",\"publisher\":{\"@id\":\"https:\/\/svetslik.si\/de\/#organization\"},\"potentialAction\":[{\"@type\":\"SearchAction\",\"target\":{\"@type\":\"EntryPoint\",\"urlTemplate\":\"https:\/\/svetslik.si\/de\/?s={search_term_string}\"},\"query-input\":{\"@type\":\"PropertyValueSpecification\",\"valueRequired\":true,\"valueName\":\"search_term_string\"}}],\"inLanguage\":\"de\"},{\"@type\":\"Organization\",\"@id\":\"https:\/\/svetslik.si\/de\/#organization\",\"name\":\"SvetSlik.si\",\"url\":\"https:\/\/svetslik.si\/de\/\",\"logo\":{\"@type\":\"ImageObject\",\"inLanguage\":\"de\",\"@id\":\"https:\/\/svetslik.si\/de\/#\/schema\/logo\/image\/\",\"url\":\"https:\/\/svetslik.si\/wp-content\/uploads\/2020\/12\/logo-512.png\",\"contentUrl\":\"https:\/\/svetslik.si\/wp-content\/uploads\/2020\/12\/logo-512.png\",\"width\":512,\"height\":512,\"caption\":\"SvetSlik.si\"},\"image\":{\"@id\":\"https:\/\/svetslik.si\/de\/#\/schema\/logo\/image\/\"},\"sameAs\":[\"https:\/\/www.facebook.com\/svetslik.si\",\"https:\/\/x.com\/svetslik\",\"https:\/\/www.instagram.com\/svetslik.si\/\",\"https:\/\/www.linkedin.com\/company\/svetslik-si\"]}]}<\/script>\n<meta property=\"og:availability\" content=\"backorder\" \/>\n<meta property=\"product:availability\" content=\"available for order\" \/>\n<meta property=\"product:retailer_item_id\" content=\"415__\" \/>\n<meta property=\"product:condition\" content=\"new\" \/>\n<!-- \/ Yoast SEO Premium plugin. -->","yoast_head_json":{"title":"Vincent van Gogh - Fishing Boats on the Beach at Les Saintes-Maries-de-la-Mer - SVETSLIK.SI - 100% handgemalt","description":"Vincent van Gogh - Fishing Boats on the Beach at Les Saintes-Maries-de-la-Mer - 100% handgemalte Gem\u00e4lde - Verkauf von Reproduktionen ber\u00fchmter Gem\u00e4lde und abstrakter Kunst - Wandbilder f\u00fcr das Wohnzimmer","robots":{"index":"index","follow":"follow","max-snippet":"max-snippet:-1","max-image-preview":"max-image-preview:large","max-video-preview":"max-video-preview:-1"},"canonical":"https:\/\/svetslik.si\/de\/vincent-van-gogh-de\/fishing-boats-on-the-beach-at-les-saintes-maries-de-la-mer\/","og_locale":"de_DE","og_type":"article","og_title":"Vincent van Gogh - Fishing Boats on the Beach at Les Saintes-Maries-de-la-Mer","og_description":"100% ro\u010dno naslikane slike na platnu, reprodukcije znanih slikarjev in umetni\u0161ke slike po naro\u010dilu.","og_url":"https:\/\/svetslik.si\/de\/vincent-van-gogh-de\/fishing-boats-on-the-beach-at-les-saintes-maries-de-la-mer\/","og_site_name":"SVETSLIK.SI","article_publisher":"https:\/\/www.facebook.com\/svetslik.si","article_modified_time":"2026-03-22T19:28:17+00:00","og_image":[{"width":1280,"height":1029,"url":"https:\/\/svetslik.si\/wp-content\/uploads\/2021\/08\/image_Fishing-Boats-on-the-Beach-at-Les-Saintes-Maries-de-la-Mer-Van-Gogh_680.jpg","type":"image\/jpeg"}],"twitter_card":"summary_large_image","twitter_site":"@svetslik","twitter_misc":{"Verf\u00fcgbarkeit":"bei Nachbestellung"},"schema":{"@context":"https:\/\/schema.org","@graph":[{"@type":["WebPage","ItemPage"],"@id":"https:\/\/svetslik.si\/de\/vincent-van-gogh-de\/fishing-boats-on-the-beach-at-les-saintes-maries-de-la-mer\/","url":"https:\/\/svetslik.si\/de\/vincent-van-gogh-de\/fishing-boats-on-the-beach-at-les-saintes-maries-de-la-mer\/","name":"Vincent van Gogh - Fishing Boats on the Beach at Les Saintes-Maries-de-la-Mer - SVETSLIK.SI - 100% handgemalt","isPartOf":{"@id":"https:\/\/svetslik.si\/de\/#website"},"primaryImageOfPage":{"@id":"https:\/\/svetslik.si\/de\/vincent-van-gogh-de\/fishing-boats-on-the-beach-at-les-saintes-maries-de-la-mer\/#primaryimage"},"image":{"@id":"https:\/\/svetslik.si\/de\/vincent-van-gogh-de\/fishing-boats-on-the-beach-at-les-saintes-maries-de-la-mer\/#primaryimage"},"thumbnailUrl":"https:\/\/svetslik.si\/wp-content\/uploads\/2021\/08\/image_Fishing-Boats-on-the-Beach-at-Les-Saintes-Maries-de-la-Mer-Van-Gogh_680.jpg","datePublished":"2021-09-02T16:07:09+00:00","dateModified":"2026-03-22T19:28:17+00:00","description":"Vincent van Gogh - Fishing Boats on the Beach at Les Saintes-Maries-de-la-Mer - 100% handgemalte Gem\u00e4lde - Verkauf von Reproduktionen ber\u00fchmter Gem\u00e4lde und abstrakter Kunst - Wandbilder f\u00fcr das Wohnzimmer","breadcrumb":{"@id":"https:\/\/svetslik.si\/de\/vincent-van-gogh-de\/fishing-boats-on-the-beach-at-les-saintes-maries-de-la-mer\/#breadcrumb"},"inLanguage":"de","potentialAction":[{"@type":"ReadAction","target":["https:\/\/svetslik.si\/de\/vincent-van-gogh-de\/fishing-boats-on-the-beach-at-les-saintes-maries-de-la-mer\/"]}]},{"@type":"ImageObject","inLanguage":"de","@id":"https:\/\/svetslik.si\/de\/vincent-van-gogh-de\/fishing-boats-on-the-beach-at-les-saintes-maries-de-la-mer\/#primaryimage","url":"https:\/\/svetslik.si\/wp-content\/uploads\/2021\/08\/image_Fishing-Boats-on-the-Beach-at-Les-Saintes-Maries-de-la-Mer-Van-Gogh_680.jpg","contentUrl":"https:\/\/svetslik.si\/wp-content\/uploads\/2021\/08\/image_Fishing-Boats-on-the-Beach-at-Les-Saintes-Maries-de-la-Mer-Van-Gogh_680.jpg","width":1280,"height":1029,"caption":"Vincent Van Gogh - Fishing Boats on the Beach at Les Saintes-Maries-de-la-Mer - Fischerboote am Strand von Les Saintes-Maries-de-la-Mer (Gem\u00e4lde, Leinwandbilder) - 100% handgemalte, Reproduktionen ber\u00fchmter Gem\u00e4lde, Gem\u00e4lde kaufen, Wandbilder Wohnzimmer, ber\u00fchmtes Gem\u00e4lde, Bilderrahmen"},{"@type":"BreadcrumbList","@id":"https:\/\/svetslik.si\/de\/vincent-van-gogh-de\/fishing-boats-on-the-beach-at-les-saintes-maries-de-la-mer\/#breadcrumb","itemListElement":[{"@type":"ListItem","position":1,"name":"Wandkunst und Gem\u00e4lde auf Leinwand","item":"https:\/\/svetslik.si\/de\/"},{"@type":"ListItem","position":2,"name":"Verkauf von Gem\u00e4lden","item":"https:\/\/svetslik.si\/prodaja-slik\/"},{"@type":"ListItem","position":3,"name":"Vincent van Gogh &#8211; Fishing Boats on the Beach at Les Saintes-Maries-de-la-Mer"}]},{"@type":"WebSite","@id":"https:\/\/svetslik.si\/de\/#website","url":"https:\/\/svetslik.si\/de\/","name":"SVETSLIK.SI","description":"100% handgemalte Reproduktionen von Gem\u00e4lden ber\u00fchmter Maler und Gem\u00e4lde auf Leinwand.","publisher":{"@id":"https:\/\/svetslik.si\/de\/#organization"},"potentialAction":[{"@type":"SearchAction","target":{"@type":"EntryPoint","urlTemplate":"https:\/\/svetslik.si\/de\/?s={search_term_string}"},"query-input":{"@type":"PropertyValueSpecification","valueRequired":true,"valueName":"search_term_string"}}],"inLanguage":"de"},{"@type":"Organization","@id":"https:\/\/svetslik.si\/de\/#organization","name":"SvetSlik.si","url":"https:\/\/svetslik.si\/de\/","logo":{"@type":"ImageObject","inLanguage":"de","@id":"https:\/\/svetslik.si\/de\/#\/schema\/logo\/image\/","url":"https:\/\/svetslik.si\/wp-content\/uploads\/2020\/12\/logo-512.png","contentUrl":"https:\/\/svetslik.si\/wp-content\/uploads\/2020\/12\/logo-512.png","width":512,"height":512,"caption":"SvetSlik.si"},"image":{"@id":"https:\/\/svetslik.si\/de\/#\/schema\/logo\/image\/"},"sameAs":["https:\/\/www.facebook.com\/svetslik.si","https:\/\/x.com\/svetslik","https:\/\/www.instagram.com\/svetslik.si\/","https:\/\/www.linkedin.com\/company\/svetslik-si"]}]},"og_availability":"backorder","product_availability":"available for order","product_retailer_item_id":"415__","product_condition":"new"},"jetpack_sharing_enabled":true,"_links":{"self":[{"href":"https:\/\/svetslik.si\/de\/wp-json\/wp\/v2\/product\/68783","targetHints":{"allow":["GET"]}}],"collection":[{"href":"https:\/\/svetslik.si\/de\/wp-json\/wp\/v2\/product"}],"about":[{"href":"https:\/\/svetslik.si\/de\/wp-json\/wp\/v2\/types\/product"}],"wp:featuredmedia":[{"embeddable":true,"href":"https:\/\/svetslik.si\/de\/wp-json\/wp\/v2\/media\/63628"}],"wp:attachment":[{"href":"https:\/\/svetslik.si\/de\/wp-json\/wp\/v2\/media?parent=68783"}],"wp:term":[{"taxonomy":"product_brand","embeddable":true,"href":"https:\/\/svetslik.si\/de\/wp-json\/wp\/v2\/product_brand?post=68783"},{"taxonomy":"product_cat","embeddable":true,"href":"https:\/\/svetslik.si\/de\/wp-json\/wp\/v2\/product_cat?post=68783"},{"taxonomy":"product_tag","embeddable":true,"href":"https:\/\/svetslik.si\/de\/wp-json\/wp\/v2\/product_tag?post=68783"}],"curies":[{"name":"wp","href":"https:\/\/api.w.org\/{rel}","templated":true}]}}