{"id":68792,"date":"2021-09-02T18:07:09","date_gmt":"2021-09-02T16:07:09","guid":{"rendered":"https:\/\/svetslik.si\/unkategorisiert\/the-harvest\/"},"modified":"2026-03-22T20:28:17","modified_gmt":"2026-03-22T19:28:17","slug":"the-harvest","status":"publish","type":"product","link":"https:\/\/svetslik.si\/de\/vincent-van-gogh-de\/the-harvest\/","title":{"rendered":"Vincent van Gogh &#8211; The Harvest"},"content":{"rendered":"<h1>Vincent Van Gogh \u2013 Die Ernte<\/h1>\n<p>&nbsp;<\/p>\n<table style=\"width: 497px\" border=\"0\" width=\"497\" cellpadding=\"0\">\n<tbody>\n<tr>\n<td style=\"width: 155px;height: 21px\" height=\"21\">Erstellungsjahr:<\/td>\n<td style=\"width: 343px\">1888<\/td>\n<\/tr>\n<tr>\n<td style=\"width: 155px;height: 21px\" height=\"21\">Originalgr\u00f6\u00dfe:<\/td>\n<td style=\"width: 343px\">92 cm x 73 cm<\/td>\n<\/tr>\n<tr>\n<td style=\"width: 155px;height: 21px\" height=\"21\">Lackstil:<\/td>\n<td style=\"width: 343px\">Postimpressionismus<\/td>\n<\/tr>\n<tr>\n<td style=\"width: 155px;height: 21px\" height=\"21\">Originaltechnik:<\/td>\n<td style=\"width: 343px\">\u00d6l auf Leinwand<\/td>\n<\/tr>\n<tr>\n<td style=\"width: 155px;height: 21px\" height=\"21\">Standort:<\/td>\n<td style=\"width: 343px\">Van Gogh Museum, Niederlande<\/td>\n<\/tr>\n<\/tbody>\n<colgroup>\n<col \/>\n<col \/> <\/colgroup>\n<\/table>\n<p>W\u00e4hrend seines Aufenthalts in Arles malte Van Gogh mehrere Serien mit unterschiedlichen Motiven. Im Fr\u00fchjahr 1888 widmete er sich den bl\u00fchenden Plantagen und im Juni desselben Jahres widmete er sich der Ernte und den Weizenfeldern. In etwas weniger als einer Woche hat er 10 Bilder und 5 Skizzen zu diesem Thema gemalt. Er malte drau\u00dfen auf den Feldern unter der sengenden Sonne, bis am 20. Juni ein unerwarteter Sturm die Ernte vorzeitig unterbrach.<\/p>\n<p>\u201eErnte\u201c, 1889 vom niederl\u00e4ndischen K\u00fcnstler Vincent van Gogh gemalt, ist ein kraftvolles und atemberaubendes Gem\u00e4lde, das die Leidenschaft des K\u00fcnstlers f\u00fcr die Natur und den menschlichen Zustand zeigt. Das Gem\u00e4lde zeigt eine Gruppe von Bauern, die auf einem Feld arbeiten, umgeben von hohen Weizenhalmen und einem strahlend blauen Himmel. Das Gem\u00e4lde ist weithin f\u00fcr seine kr\u00e4ftigen Pinselstriche, seine Emotionalit\u00e4t und seine starke Symbolik bekannt.<\/p>\n<p>Harvest ist ein hervorragendes Beispiel f\u00fcr Van Goghs postimpressionistischen Stil, der sich durch dichte und sichtbare Pinselstriche, leuchtende Farben und kr\u00e4ftige Kontraste auszeichnete. Kr\u00e4ftige Pinselstriche und leuchtende Farben im Gem\u00e4lde erzeugen ein Gef\u00fchl von Bewegung und Energie, w\u00e4hrend der blaue Himmel ein Gef\u00fchl von Frieden und Ruhe vermittelt. Hohe Weizenhalme und Bauern, die auf den Feldern arbeiten, vermitteln ein Gef\u00fchl von Flei\u00df und Arbeit.<\/p>\n<p>Eines der auff\u00e4lligsten Merkmale des Gem\u00e4ldes \u201eErnte\u201c ist die Verwendung von Farbe. Van Goghs Verwendung von kr\u00e4ftigen, kontrastierenden Farben erzeugt in dem Gem\u00e4lde ein Gef\u00fchl von Bewegung und Energie, und der blaue Himmel wird in einer Vielzahl von Blaut\u00f6nen dargestellt, was ein Gef\u00fchl von Tiefe und Dimension erzeugt. Weizenstiele sind in Gelb- und Goldt\u00f6nen dargestellt und vermitteln ein Gef\u00fchl von W\u00e4rme und F\u00fclle. Bemerkenswert sind auch die Pinselstriche mit dicken, sichtbaren Strichen, die dem Gem\u00e4lde ein Gef\u00fchl von Bewegung und Energie verleihen.<\/p>\n<p>Auch die Symbolik des Gem\u00e4ldes ist reichhaltig. Hohe Weizenhalme und auf den Feldern arbeitende Bauern symbolisieren die Vorstellung von harter Arbeit und der F\u00fclle einer guten Ernte. Es wird auch angenommen, dass das Gem\u00e4lde Van Goghs damaligen emotionalen Zustand widerspiegelt. Das Gem\u00e4lde entstand, als Van Gogh in Arles, Frankreich, lebte, und soll die Hoffnung und Sehnsucht des K\u00fcnstlers widerspiegeln, sich mit der \u00f6rtlichen Gemeinschaft zu verbinden.<\/p>\n<p>\u201eDie Ernte\u201c gilt als eines der ikonischsten und kraftvollsten Werke Van Goghs und ist im Kr\u00f6ller-M\u00fcller-Museum in Otterl, Niederlande, untergebracht. Es handelt sich um ein wichtiges Werk des Postimpressionismus, das noch immer sowohl von Amateuren als auch von Experten bewundert und studiert wird. Die kraftvolle Bildsprache, Emotionalit\u00e4t und reiche Symbolik machen das Gem\u00e4lde zu einem Muss f\u00fcr jeden Kunstliebhaber und jeden, der sich f\u00fcr das Werk von Vincent van Gogh interessiert.<\/p>\n<p>Neben seinem k\u00fcnstlerischen Wert hat \u201eHarvest\u201c auch einen wichtigen historischen Wert, da es einer von van Goghs ersten Versuchen war, das Leben der \u00f6rtlichen Bauern in Arles darzustellen. Er lie\u00df sich stark von der l\u00e4ndlichen Umgebung und den Werkt\u00e4tigen der Region inspirieren, was sich in der starken Bildsprache und emotionalen Qualit\u00e4t des Gem\u00e4ldes widerspiegelt.<\/p>\n<p>Dar\u00fcber hinaus spiegelt das Gem\u00e4lde auch Van Goghs Wunsch wider, mit der \u00f6rtlichen Gemeinschaft in Kontakt zu treten und Teil ihres t\u00e4glichen Lebens zu sein. Er war entschlossen, Kunst zu schaffen, die das Leben der Menschen vor Ort widerspiegelte, und das Gem\u00e4lde ist ein Beweis f\u00fcr seine Bem\u00fchungen.<\/p>\n<p>Wir k\u00f6nnen daraus schlie\u00dfen, dass \u201eHarvest\u201c ein kraftvolles und \u00fcberraschendes Gem\u00e4lde ist, das die k\u00fchnen Pinselstriche, die Emotionalit\u00e4t und die starke Symbolik zeigt, die f\u00fcr Vincent van Goghs postimpressionistischen Stil charakteristisch sind. Die Verwendung von Farbe und Pinselstrichen im Gem\u00e4lde erzeugt ein Gef\u00fchl von Bewegung und Energie, w\u00e4hrend die hohen Weizenhalme und die auf den Feldern arbeitenden Bauern die Idee harter Arbeit und den Reichtum einer guten Ernte symbolisieren. Das Gem\u00e4lde gilt als eines der ikonischsten und kraftvollsten Werke Van Goghs. Es befindet sich im Kr\u00f6ller-M\u00fcller-Museum in Otterl, Niederlande. Es wird immer noch von Amateuren und Experten gleicherma\u00dfen bewundert und studiert. Die kraftvolle Bildsprache, Emotionalit\u00e4t und reiche Symbolik machen das Gem\u00e4lde zu einem Muss f\u00fcr jeden Kunstliebhaber und jeden, der sich f\u00fcr das Werk von Vincent van Gogh interessiert.<\/p>\n","protected":false},"excerpt":{"rendered":"<p>Vincent Van Gogh \u2013 Die Ernte &nbsp; Erstellungsjahr: 1888 Originalgr\u00f6\u00dfe: 92 cm x 73 cm Lackstil: Postimpressionismus Originaltechnik: \u00d6l auf Leinwand Standort: Van Gogh Museum, Niederlande W\u00e4hrend seines Aufenthalts in Arles malte Van Gogh mehrere Serien mit unterschiedlichen Motiven. Im Fr\u00fchjahr 1888 widmete er sich den bl\u00fchenden Plantagen und im [&hellip;]<\/p>\n","protected":false},"featured_media":64186,"template":"","meta":{"_acf_changed":false},"product_brand":[],"product_cat":[8468],"product_tag":[8521,8513,8514,8581],"class_list":{"0":"post-68792","1":"product","2":"type-product","3":"status-publish","4":"has-post-thumbnail","6":"product_cat-vincent-van-gogh-de","7":"product_tag-maler","8":"product_tag-reproduktion","9":"product_tag-reproduktionen","10":"product_tag-van-gogh-de","11":"pa_dimenzija-100-x-80-cm","12":"pa_dimenzija-120-x-100-cm","13":"pa_dimenzija-150-x-120-cm","14":"pa_dimenzija-50-x-40-cm","15":"pa_dimenzija-60-x-50-cm","16":"pa_dimenzija-70-x-55-cm","17":"pa_dimenzija-80-x-60-cm","18":"pa_dimenzija-92-x-73-cm","19":"pa_oblika-horizontal-de","20":"pa_okvir-ohne-rahmen","21":"pa_podokvir-ja","22":"pa_podokvir-nein","24":"first","25":"onbackorder","26":"purchasable","27":"product-type-variable","28":"has-default-attributes"},"acf":[],"yoast_head":"<!-- This site is optimized with the Yoast SEO Premium plugin v26.0 (Yoast SEO v27.2) - https:\/\/yoast.com\/product\/yoast-seo-premium-wordpress\/ -->\n<title>Vincent van Gogh - The Harvest - SVETSLIK.SI - 100% handgemalt<\/title>\n<meta name=\"description\" content=\"Vincent van Gogh - The Harvest - 100% handgemalte Gem\u00e4lde - Verkauf von Reproduktionen ber\u00fchmter Gem\u00e4lde und abstrakter Kunst - Wandbilder f\u00fcr das Wohnzimmer\" \/>\n<meta name=\"robots\" content=\"index, follow, max-snippet:-1, max-image-preview:large, max-video-preview:-1\" \/>\n<link rel=\"canonical\" href=\"https:\/\/svetslik.si\/de\/vincent-van-gogh-de\/the-harvest\/\" \/>\n<meta property=\"og:locale\" content=\"de_DE\" \/>\n<meta property=\"og:type\" content=\"article\" \/>\n<meta property=\"og:title\" content=\"Vincent van Gogh - The Harvest\" \/>\n<meta property=\"og:description\" content=\"100% ro\u010dno naslikane slike na platnu, reprodukcije znanih slikarjev in umetni\u0161ke slike po naro\u010dilu.\" \/>\n<meta property=\"og:url\" content=\"https:\/\/svetslik.si\/de\/vincent-van-gogh-de\/the-harvest\/\" \/>\n<meta property=\"og:site_name\" content=\"SVETSLIK.SI\" \/>\n<meta property=\"article:publisher\" content=\"https:\/\/www.facebook.com\/svetslik.si\" \/>\n<meta property=\"article:modified_time\" content=\"2026-03-22T19:28:17+00:00\" \/>\n<meta property=\"og:image\" content=\"https:\/\/svetslik.si\/wp-content\/uploads\/2021\/08\/image_The-Harvest-van-Gogh_680.jpg\" \/>\n\t<meta property=\"og:image:width\" content=\"2001\" \/>\n\t<meta property=\"og:image:height\" content=\"1500\" \/>\n\t<meta property=\"og:image:type\" content=\"image\/jpeg\" \/>\n<meta name=\"twitter:card\" content=\"summary_large_image\" \/>\n<meta name=\"twitter:site\" content=\"@svetslik\" \/>\n<meta name=\"twitter:label1\" content=\"Verf\u00fcgbarkeit\" \/>\n\t<meta name=\"twitter:data1\" content=\"bei Nachbestellung\" \/>\n<script type=\"application\/ld+json\" class=\"yoast-schema-graph\">{\"@context\":\"https:\/\/schema.org\",\"@graph\":[{\"@type\":[\"WebPage\",\"ItemPage\"],\"@id\":\"https:\/\/svetslik.si\/de\/vincent-van-gogh-de\/the-harvest\/\",\"url\":\"https:\/\/svetslik.si\/de\/vincent-van-gogh-de\/the-harvest\/\",\"name\":\"Vincent van Gogh - The Harvest - SVETSLIK.SI - 100% handgemalt\",\"isPartOf\":{\"@id\":\"https:\/\/svetslik.si\/de\/#website\"},\"primaryImageOfPage\":{\"@id\":\"https:\/\/svetslik.si\/de\/vincent-van-gogh-de\/the-harvest\/#primaryimage\"},\"image\":{\"@id\":\"https:\/\/svetslik.si\/de\/vincent-van-gogh-de\/the-harvest\/#primaryimage\"},\"thumbnailUrl\":\"https:\/\/svetslik.si\/wp-content\/uploads\/2021\/08\/image_The-Harvest-van-Gogh_680.jpg\",\"datePublished\":\"2021-09-02T16:07:09+00:00\",\"dateModified\":\"2026-03-22T19:28:17+00:00\",\"description\":\"Vincent van Gogh - The Harvest - 100% handgemalte Gem\u00e4lde - Verkauf von Reproduktionen ber\u00fchmter Gem\u00e4lde und abstrakter Kunst - Wandbilder f\u00fcr das Wohnzimmer\",\"breadcrumb\":{\"@id\":\"https:\/\/svetslik.si\/de\/vincent-van-gogh-de\/the-harvest\/#breadcrumb\"},\"inLanguage\":\"de\",\"potentialAction\":[{\"@type\":\"ReadAction\",\"target\":[\"https:\/\/svetslik.si\/de\/vincent-van-gogh-de\/the-harvest\/\"]}]},{\"@type\":\"ImageObject\",\"inLanguage\":\"de\",\"@id\":\"https:\/\/svetslik.si\/de\/vincent-van-gogh-de\/the-harvest\/#primaryimage\",\"url\":\"https:\/\/svetslik.si\/wp-content\/uploads\/2021\/08\/image_The-Harvest-van-Gogh_680.jpg\",\"contentUrl\":\"https:\/\/svetslik.si\/wp-content\/uploads\/2021\/08\/image_The-Harvest-van-Gogh_680.jpg\",\"width\":2001,\"height\":1500,\"caption\":\"Vincent Van Gogh - The Harvest - Die Ernte - Handgemalte Reproduktionen ber\u00fchmter Maler, moderne Wandbilder, Kunstbilder f\u00fcr die Wand\"},{\"@type\":\"BreadcrumbList\",\"@id\":\"https:\/\/svetslik.si\/de\/vincent-van-gogh-de\/the-harvest\/#breadcrumb\",\"itemListElement\":[{\"@type\":\"ListItem\",\"position\":1,\"name\":\"Wandkunst und Gem\u00e4lde auf Leinwand\",\"item\":\"https:\/\/svetslik.si\/de\/\"},{\"@type\":\"ListItem\",\"position\":2,\"name\":\"Verkauf von Gem\u00e4lden\",\"item\":\"https:\/\/svetslik.si\/prodaja-slik\/\"},{\"@type\":\"ListItem\",\"position\":3,\"name\":\"Vincent van Gogh &#8211; The Harvest\"}]},{\"@type\":\"WebSite\",\"@id\":\"https:\/\/svetslik.si\/de\/#website\",\"url\":\"https:\/\/svetslik.si\/de\/\",\"name\":\"SVETSLIK.SI\",\"description\":\"100% handgemalte Reproduktionen von Gem\u00e4lden ber\u00fchmter Maler und Gem\u00e4lde auf Leinwand.\",\"publisher\":{\"@id\":\"https:\/\/svetslik.si\/de\/#organization\"},\"potentialAction\":[{\"@type\":\"SearchAction\",\"target\":{\"@type\":\"EntryPoint\",\"urlTemplate\":\"https:\/\/svetslik.si\/de\/?s={search_term_string}\"},\"query-input\":{\"@type\":\"PropertyValueSpecification\",\"valueRequired\":true,\"valueName\":\"search_term_string\"}}],\"inLanguage\":\"de\"},{\"@type\":\"Organization\",\"@id\":\"https:\/\/svetslik.si\/de\/#organization\",\"name\":\"SvetSlik.si\",\"url\":\"https:\/\/svetslik.si\/de\/\",\"logo\":{\"@type\":\"ImageObject\",\"inLanguage\":\"de\",\"@id\":\"https:\/\/svetslik.si\/de\/#\/schema\/logo\/image\/\",\"url\":\"https:\/\/svetslik.si\/wp-content\/uploads\/2020\/12\/logo-512.png\",\"contentUrl\":\"https:\/\/svetslik.si\/wp-content\/uploads\/2020\/12\/logo-512.png\",\"width\":512,\"height\":512,\"caption\":\"SvetSlik.si\"},\"image\":{\"@id\":\"https:\/\/svetslik.si\/de\/#\/schema\/logo\/image\/\"},\"sameAs\":[\"https:\/\/www.facebook.com\/svetslik.si\",\"https:\/\/x.com\/svetslik\",\"https:\/\/www.instagram.com\/svetslik.si\/\",\"https:\/\/www.linkedin.com\/company\/svetslik-si\"]}]}<\/script>\n<meta property=\"og:availability\" content=\"backorder\" \/>\n<meta property=\"product:availability\" content=\"available for order\" \/>\n<meta property=\"product:retailer_item_id\" content=\"416__\" \/>\n<meta property=\"product:condition\" content=\"new\" \/>\n<!-- \/ Yoast SEO Premium plugin. -->","yoast_head_json":{"title":"Vincent van Gogh - The Harvest - SVETSLIK.SI - 100% handgemalt","description":"Vincent van Gogh - The Harvest - 100% handgemalte Gem\u00e4lde - Verkauf von Reproduktionen ber\u00fchmter Gem\u00e4lde und abstrakter Kunst - Wandbilder f\u00fcr das Wohnzimmer","robots":{"index":"index","follow":"follow","max-snippet":"max-snippet:-1","max-image-preview":"max-image-preview:large","max-video-preview":"max-video-preview:-1"},"canonical":"https:\/\/svetslik.si\/de\/vincent-van-gogh-de\/the-harvest\/","og_locale":"de_DE","og_type":"article","og_title":"Vincent van Gogh - The Harvest","og_description":"100% ro\u010dno naslikane slike na platnu, reprodukcije znanih slikarjev in umetni\u0161ke slike po naro\u010dilu.","og_url":"https:\/\/svetslik.si\/de\/vincent-van-gogh-de\/the-harvest\/","og_site_name":"SVETSLIK.SI","article_publisher":"https:\/\/www.facebook.com\/svetslik.si","article_modified_time":"2026-03-22T19:28:17+00:00","og_image":[{"width":2001,"height":1500,"url":"https:\/\/svetslik.si\/wp-content\/uploads\/2021\/08\/image_The-Harvest-van-Gogh_680.jpg","type":"image\/jpeg"}],"twitter_card":"summary_large_image","twitter_site":"@svetslik","twitter_misc":{"Verf\u00fcgbarkeit":"bei Nachbestellung"},"schema":{"@context":"https:\/\/schema.org","@graph":[{"@type":["WebPage","ItemPage"],"@id":"https:\/\/svetslik.si\/de\/vincent-van-gogh-de\/the-harvest\/","url":"https:\/\/svetslik.si\/de\/vincent-van-gogh-de\/the-harvest\/","name":"Vincent van Gogh - The Harvest - SVETSLIK.SI - 100% handgemalt","isPartOf":{"@id":"https:\/\/svetslik.si\/de\/#website"},"primaryImageOfPage":{"@id":"https:\/\/svetslik.si\/de\/vincent-van-gogh-de\/the-harvest\/#primaryimage"},"image":{"@id":"https:\/\/svetslik.si\/de\/vincent-van-gogh-de\/the-harvest\/#primaryimage"},"thumbnailUrl":"https:\/\/svetslik.si\/wp-content\/uploads\/2021\/08\/image_The-Harvest-van-Gogh_680.jpg","datePublished":"2021-09-02T16:07:09+00:00","dateModified":"2026-03-22T19:28:17+00:00","description":"Vincent van Gogh - The Harvest - 100% handgemalte Gem\u00e4lde - Verkauf von Reproduktionen ber\u00fchmter Gem\u00e4lde und abstrakter Kunst - Wandbilder f\u00fcr das Wohnzimmer","breadcrumb":{"@id":"https:\/\/svetslik.si\/de\/vincent-van-gogh-de\/the-harvest\/#breadcrumb"},"inLanguage":"de","potentialAction":[{"@type":"ReadAction","target":["https:\/\/svetslik.si\/de\/vincent-van-gogh-de\/the-harvest\/"]}]},{"@type":"ImageObject","inLanguage":"de","@id":"https:\/\/svetslik.si\/de\/vincent-van-gogh-de\/the-harvest\/#primaryimage","url":"https:\/\/svetslik.si\/wp-content\/uploads\/2021\/08\/image_The-Harvest-van-Gogh_680.jpg","contentUrl":"https:\/\/svetslik.si\/wp-content\/uploads\/2021\/08\/image_The-Harvest-van-Gogh_680.jpg","width":2001,"height":1500,"caption":"Vincent Van Gogh - The Harvest - Die Ernte - Handgemalte Reproduktionen ber\u00fchmter Maler, moderne Wandbilder, Kunstbilder f\u00fcr die Wand"},{"@type":"BreadcrumbList","@id":"https:\/\/svetslik.si\/de\/vincent-van-gogh-de\/the-harvest\/#breadcrumb","itemListElement":[{"@type":"ListItem","position":1,"name":"Wandkunst und Gem\u00e4lde auf Leinwand","item":"https:\/\/svetslik.si\/de\/"},{"@type":"ListItem","position":2,"name":"Verkauf von Gem\u00e4lden","item":"https:\/\/svetslik.si\/prodaja-slik\/"},{"@type":"ListItem","position":3,"name":"Vincent van Gogh &#8211; The Harvest"}]},{"@type":"WebSite","@id":"https:\/\/svetslik.si\/de\/#website","url":"https:\/\/svetslik.si\/de\/","name":"SVETSLIK.SI","description":"100% handgemalte Reproduktionen von Gem\u00e4lden ber\u00fchmter Maler und Gem\u00e4lde auf Leinwand.","publisher":{"@id":"https:\/\/svetslik.si\/de\/#organization"},"potentialAction":[{"@type":"SearchAction","target":{"@type":"EntryPoint","urlTemplate":"https:\/\/svetslik.si\/de\/?s={search_term_string}"},"query-input":{"@type":"PropertyValueSpecification","valueRequired":true,"valueName":"search_term_string"}}],"inLanguage":"de"},{"@type":"Organization","@id":"https:\/\/svetslik.si\/de\/#organization","name":"SvetSlik.si","url":"https:\/\/svetslik.si\/de\/","logo":{"@type":"ImageObject","inLanguage":"de","@id":"https:\/\/svetslik.si\/de\/#\/schema\/logo\/image\/","url":"https:\/\/svetslik.si\/wp-content\/uploads\/2020\/12\/logo-512.png","contentUrl":"https:\/\/svetslik.si\/wp-content\/uploads\/2020\/12\/logo-512.png","width":512,"height":512,"caption":"SvetSlik.si"},"image":{"@id":"https:\/\/svetslik.si\/de\/#\/schema\/logo\/image\/"},"sameAs":["https:\/\/www.facebook.com\/svetslik.si","https:\/\/x.com\/svetslik","https:\/\/www.instagram.com\/svetslik.si\/","https:\/\/www.linkedin.com\/company\/svetslik-si"]}]},"og_availability":"backorder","product_availability":"available for order","product_retailer_item_id":"416__","product_condition":"new"},"jetpack_sharing_enabled":true,"_links":{"self":[{"href":"https:\/\/svetslik.si\/de\/wp-json\/wp\/v2\/product\/68792","targetHints":{"allow":["GET"]}}],"collection":[{"href":"https:\/\/svetslik.si\/de\/wp-json\/wp\/v2\/product"}],"about":[{"href":"https:\/\/svetslik.si\/de\/wp-json\/wp\/v2\/types\/product"}],"wp:featuredmedia":[{"embeddable":true,"href":"https:\/\/svetslik.si\/de\/wp-json\/wp\/v2\/media\/64186"}],"wp:attachment":[{"href":"https:\/\/svetslik.si\/de\/wp-json\/wp\/v2\/media?parent=68792"}],"wp:term":[{"taxonomy":"product_brand","embeddable":true,"href":"https:\/\/svetslik.si\/de\/wp-json\/wp\/v2\/product_brand?post=68792"},{"taxonomy":"product_cat","embeddable":true,"href":"https:\/\/svetslik.si\/de\/wp-json\/wp\/v2\/product_cat?post=68792"},{"taxonomy":"product_tag","embeddable":true,"href":"https:\/\/svetslik.si\/de\/wp-json\/wp\/v2\/product_tag?post=68792"}],"curies":[{"name":"wp","href":"https:\/\/api.w.org\/{rel}","templated":true}]}}