{"id":68963,"date":"2021-09-02T18:09:36","date_gmt":"2021-09-02T16:09:36","guid":{"rendered":"https:\/\/svetslik.si\/unkategorisiert\/girl-of-ampurdan\/"},"modified":"2026-03-22T20:32:27","modified_gmt":"2026-03-22T19:32:27","slug":"girl-of-ampurdan","status":"publish","type":"product","link":"https:\/\/svetslik.si\/de\/salvador-dali-de\/girl-of-ampurdan\/","title":{"rendered":"Salvador Dali &#8211; Girl of Ampurdan"},"content":{"rendered":"<h1>Salvador Dali \u2013 M\u00e4dchen von Ampurdan<\/h1>\n<p>&nbsp;<\/p>\n<table style=\"width: 673px\" border=\"0\" width=\"673\" cellpadding=\"0\">\n<tbody>\n<tr>\n<td style=\"width: 180px;height: 21px\" height=\"21\">Erstellungsjahr:<\/td>\n<td style=\"width: 493px\">1926<\/td>\n<\/tr>\n<tr>\n<td style=\"width: 180px;height: 21px\" height=\"21\">Originalgr\u00f6\u00dfe:<\/td>\n<td style=\"width: 493px\">40 cm x 51 cm<\/td>\n<\/tr>\n<tr>\n<td style=\"width: 180px;height: 21px\" height=\"21\">Lackstil:<\/td>\n<td style=\"width: 493px\">Realismus<\/td>\n<\/tr>\n<tr>\n<td style=\"width: 180px;height: 21px\" height=\"21\">Originaltechnik:<\/td>\n<td>\u00d6l auf Leinwand<\/td>\n<\/tr>\n<tr>\n<td style=\"width: 180px;height: 21px\" height=\"21\">Standort:<\/td>\n<td>Salvador Dali Museum, St. Petersburgh, Florida<\/td>\n<\/tr>\n<\/tbody>\n<colgroup>\n<col \/>\n<col \/> <\/colgroup>\n<\/table>\n<p>Das M\u00e4dchen aus Ampurdan von Salvador Dali ist ein atemberaubendes und einzigartiges Gem\u00e4lde, das den charakteristischen Stil und die Verwendung des Surrealismus des K\u00fcnstlers zeigt. Das Gem\u00e4lde zeigt eine junge Frau in traditioneller spanischer Kleidung, die in einer surrealen Landschaft sitzt. Der Hintergrund ist mit einer Mischung aus geometrischen Formen und kr\u00e4ftigen Farben gef\u00fcllt, w\u00e4hrend Gesicht und K\u00f6rper des M\u00e4dchens in einem realistischeren Stil dargestellt werden.<\/p>\n<p>Eines der auff\u00e4lligsten Elemente des Bildes ist die Pose des M\u00e4dchens und die Art, wie sie aus dem Bild herauszuschauen scheint. Dies verleiht dem Bild ein Gef\u00fchl von Bewegung und Energie und schafft ein Gef\u00fchl der Verbindung zwischen dem Betrachter und dem Motiv.<\/p>\n<p>Dal\u00eds Verwendung von kr\u00e4ftigen Farben und geometrischen Formen im Hintergrund sorgen daf\u00fcr, dem Gem\u00e4lde ein Gef\u00fchl von Tiefe und Bewegung zu verleihen. Der Kontrast zwischen dem realistischen Stil der M\u00e4dchenfigur und dem abstrakteren Hintergrund erzeugt ein Gef\u00fchl von Spannung und Dramatik im Bild.<\/p>\n<p>Das Gem\u00e4lde stellt Dal\u00eds Erforschung der menschlichen Psyche und des Unterbewusstseins dar. Die Bilder im Gem\u00e4lde sind symbolisch, ein gemeinsames Thema in Dal\u00eds Werken; Das M\u00e4dchen steht f\u00fcr Reinheit und traditionelle Werte, w\u00e4hrend der Hintergrund f\u00fcr Modernit\u00e4t und Chaos steht.<\/p>\n<p>\u201eDas M\u00e4dchen aus Ampurdan\u201c gilt als eines der bedeutendsten Werke Dal\u00eds und gilt als Meisterwerk des Surrealismus. Es ist ein Bild, das das Publikum mit seiner einzigartigen Mischung aus Realismus und Surrealismus und der Erforschung der menschlichen Psyche sicherlich fesseln und inspirieren wird. Das Gem\u00e4lde ist derzeit im Salvador Dali Museum in St. Petersburg, Florida, ausgestellt.<\/p>\n<p>Kurz gesagt, Salvador Dal\u00eds \u201eM\u00e4dchen aus Ampurdan\u201c ist ein Gem\u00e4lde, das die Essenz der einzigartigen Vision und des Stils des K\u00fcnstlers widerspiegelt. Ihre kraftvollen Bilder und die Verwendung kr\u00e4ftiger Farben und Formen erzeugen ein Gef\u00fchl von Bewegung und Dramatik, und ihre Erforschung der menschlichen Psyche macht dies zu einem zum Nachdenken anregenden und inspirierenden Kunstwerk. Wenn Sie Gelegenheit haben, es zu besichtigen, ist es auf jeden Fall einen Besuch wert, da es eines der bedeutendsten Werke des K\u00fcnstlers und der surrealistischen Bewegung im Allgemeinen ist.<\/p>\n","protected":false},"excerpt":{"rendered":"<p>Salvador Dali \u2013 M\u00e4dchen von Ampurdan &nbsp; Erstellungsjahr: 1926 Originalgr\u00f6\u00dfe: 40 cm x 51 cm Lackstil: Realismus Originaltechnik: \u00d6l auf Leinwand Standort: Salvador Dali Museum, St. Petersburgh, Florida Das M\u00e4dchen aus Ampurdan von Salvador Dali ist ein atemberaubendes und einzigartiges Gem\u00e4lde, das den charakteristischen Stil und die Verwendung des Surrealismus [&hellip;]<\/p>\n","protected":false},"featured_media":63647,"template":"","meta":{"_acf_changed":false},"product_brand":[],"product_cat":[8452],"product_tag":[8482,8521,8513,8514,8519],"class_list":{"0":"post-68963","1":"product","2":"type-product","3":"status-publish","4":"has-post-thumbnail","6":"product_cat-salvador-dali-de","7":"product_tag-dali-de","8":"product_tag-maler","9":"product_tag-reproduktion","10":"product_tag-reproduktionen","11":"product_tag-salvador-dali-de","12":"pa_dimenzija-100-x-130-cm","13":"pa_dimenzija-120-x-150-cm","14":"pa_dimenzija-150-x-190-cm","15":"pa_dimenzija-40-x-51-cm","16":"pa_dimenzija-50-x-60-cm","17":"pa_dimenzija-60-x-80-cm","18":"pa_dimenzija-70-x-90-cm","19":"pa_dimenzija-80-x-100-cm","20":"pa_oblika-vertikal","21":"pa_okvir-ohne-rahmen","22":"pa_podokvir-ja","23":"pa_podokvir-nein","25":"first","26":"onbackorder","27":"purchasable","28":"product-type-variable","29":"has-default-attributes"},"acf":[],"yoast_head":"<!-- This site is optimized with the Yoast SEO Premium plugin v26.0 (Yoast SEO v27.2) - https:\/\/yoast.com\/product\/yoast-seo-premium-wordpress\/ -->\n<title>Salvador Dali - Girl of Ampurdan - SVETSLIK.SI - 100% handgemalt<\/title>\n<meta name=\"description\" content=\"Salvador Dali - Girl of Ampurdan - 100% handgemalte Gem\u00e4lde - Verkauf von Reproduktionen ber\u00fchmter Gem\u00e4lde und abstrakter Kunst - Wandbilder f\u00fcr das Wohnzimmer\" \/>\n<meta name=\"robots\" content=\"index, follow, max-snippet:-1, max-image-preview:large, max-video-preview:-1\" \/>\n<link rel=\"canonical\" href=\"https:\/\/svetslik.si\/de\/salvador-dali-de\/girl-of-ampurdan\/\" \/>\n<meta property=\"og:locale\" content=\"de_DE\" \/>\n<meta property=\"og:type\" content=\"article\" \/>\n<meta property=\"og:title\" content=\"Salvador Dali - Girl of Ampurdan\" \/>\n<meta property=\"og:description\" content=\"100% ro\u010dno naslikane slike na platnu, reprodukcije znanih slikarjev in umetni\u0161ke slike po naro\u010dilu.\" \/>\n<meta property=\"og:url\" content=\"https:\/\/svetslik.si\/de\/salvador-dali-de\/girl-of-ampurdan\/\" \/>\n<meta property=\"og:site_name\" content=\"SVETSLIK.SI\" \/>\n<meta property=\"article:publisher\" content=\"https:\/\/www.facebook.com\/svetslik.si\" \/>\n<meta property=\"article:modified_time\" content=\"2026-03-22T19:32:27+00:00\" \/>\n<meta property=\"og:image\" content=\"https:\/\/svetslik.si\/wp-content\/uploads\/2021\/08\/image_Girl-of-Ampurdan_680.jpg\" \/>\n\t<meta property=\"og:image:width\" content=\"1595\" \/>\n\t<meta property=\"og:image:height\" content=\"2048\" \/>\n\t<meta property=\"og:image:type\" content=\"image\/jpeg\" \/>\n<meta name=\"twitter:card\" content=\"summary_large_image\" \/>\n<meta name=\"twitter:site\" content=\"@svetslik\" \/>\n<meta name=\"twitter:label1\" content=\"Verf\u00fcgbarkeit\" \/>\n\t<meta name=\"twitter:data1\" content=\"bei Nachbestellung\" \/>\n<script type=\"application\/ld+json\" class=\"yoast-schema-graph\">{\"@context\":\"https:\/\/schema.org\",\"@graph\":[{\"@type\":[\"WebPage\",\"ItemPage\"],\"@id\":\"https:\/\/svetslik.si\/de\/salvador-dali-de\/girl-of-ampurdan\/\",\"url\":\"https:\/\/svetslik.si\/de\/salvador-dali-de\/girl-of-ampurdan\/\",\"name\":\"Salvador Dali - Girl of Ampurdan - SVETSLIK.SI - 100% handgemalt\",\"isPartOf\":{\"@id\":\"https:\/\/svetslik.si\/de\/#website\"},\"primaryImageOfPage\":{\"@id\":\"https:\/\/svetslik.si\/de\/salvador-dali-de\/girl-of-ampurdan\/#primaryimage\"},\"image\":{\"@id\":\"https:\/\/svetslik.si\/de\/salvador-dali-de\/girl-of-ampurdan\/#primaryimage\"},\"thumbnailUrl\":\"https:\/\/svetslik.si\/wp-content\/uploads\/2021\/08\/image_Girl-of-Ampurdan_680.jpg\",\"datePublished\":\"2021-09-02T16:09:36+00:00\",\"dateModified\":\"2026-03-22T19:32:27+00:00\",\"description\":\"Salvador Dali - Girl of Ampurdan - 100% handgemalte Gem\u00e4lde - Verkauf von Reproduktionen ber\u00fchmter Gem\u00e4lde und abstrakter Kunst - Wandbilder f\u00fcr das Wohnzimmer\",\"breadcrumb\":{\"@id\":\"https:\/\/svetslik.si\/de\/salvador-dali-de\/girl-of-ampurdan\/#breadcrumb\"},\"inLanguage\":\"de\",\"potentialAction\":[{\"@type\":\"ReadAction\",\"target\":[\"https:\/\/svetslik.si\/de\/salvador-dali-de\/girl-of-ampurdan\/\"]}]},{\"@type\":\"ImageObject\",\"inLanguage\":\"de\",\"@id\":\"https:\/\/svetslik.si\/de\/salvador-dali-de\/girl-of-ampurdan\/#primaryimage\",\"url\":\"https:\/\/svetslik.si\/wp-content\/uploads\/2021\/08\/image_Girl-of-Ampurdan_680.jpg\",\"contentUrl\":\"https:\/\/svetslik.si\/wp-content\/uploads\/2021\/08\/image_Girl-of-Ampurdan_680.jpg\",\"width\":1595,\"height\":2048,\"caption\":\"Salvador Dali - Girl of Ampurdan (M\u00e4dchen von Ampurdan) - Gem\u00e4lde, Leinwandbilder, Reproduktion\"},{\"@type\":\"BreadcrumbList\",\"@id\":\"https:\/\/svetslik.si\/de\/salvador-dali-de\/girl-of-ampurdan\/#breadcrumb\",\"itemListElement\":[{\"@type\":\"ListItem\",\"position\":1,\"name\":\"Wandkunst und Gem\u00e4lde auf Leinwand\",\"item\":\"https:\/\/svetslik.si\/de\/\"},{\"@type\":\"ListItem\",\"position\":2,\"name\":\"Verkauf von Gem\u00e4lden\",\"item\":\"https:\/\/svetslik.si\/prodaja-slik\/\"},{\"@type\":\"ListItem\",\"position\":3,\"name\":\"Salvador Dali &#8211; Girl of Ampurdan\"}]},{\"@type\":\"WebSite\",\"@id\":\"https:\/\/svetslik.si\/de\/#website\",\"url\":\"https:\/\/svetslik.si\/de\/\",\"name\":\"SVETSLIK.SI\",\"description\":\"100% handgemalte Reproduktionen von Gem\u00e4lden ber\u00fchmter Maler und Gem\u00e4lde auf Leinwand.\",\"publisher\":{\"@id\":\"https:\/\/svetslik.si\/de\/#organization\"},\"potentialAction\":[{\"@type\":\"SearchAction\",\"target\":{\"@type\":\"EntryPoint\",\"urlTemplate\":\"https:\/\/svetslik.si\/de\/?s={search_term_string}\"},\"query-input\":{\"@type\":\"PropertyValueSpecification\",\"valueRequired\":true,\"valueName\":\"search_term_string\"}}],\"inLanguage\":\"de\"},{\"@type\":\"Organization\",\"@id\":\"https:\/\/svetslik.si\/de\/#organization\",\"name\":\"SvetSlik.si\",\"url\":\"https:\/\/svetslik.si\/de\/\",\"logo\":{\"@type\":\"ImageObject\",\"inLanguage\":\"de\",\"@id\":\"https:\/\/svetslik.si\/de\/#\/schema\/logo\/image\/\",\"url\":\"https:\/\/svetslik.si\/wp-content\/uploads\/2020\/12\/logo-512.png\",\"contentUrl\":\"https:\/\/svetslik.si\/wp-content\/uploads\/2020\/12\/logo-512.png\",\"width\":512,\"height\":512,\"caption\":\"SvetSlik.si\"},\"image\":{\"@id\":\"https:\/\/svetslik.si\/de\/#\/schema\/logo\/image\/\"},\"sameAs\":[\"https:\/\/www.facebook.com\/svetslik.si\",\"https:\/\/x.com\/svetslik\",\"https:\/\/www.instagram.com\/svetslik.si\/\",\"https:\/\/www.linkedin.com\/company\/svetslik-si\"]}]}<\/script>\n<meta property=\"og:availability\" content=\"backorder\" \/>\n<meta property=\"product:availability\" content=\"available for order\" \/>\n<meta property=\"product:retailer_item_id\" content=\"439__\" \/>\n<meta property=\"product:condition\" content=\"new\" \/>\n<!-- \/ Yoast SEO Premium plugin. -->","yoast_head_json":{"title":"Salvador Dali - Girl of Ampurdan - SVETSLIK.SI - 100% handgemalt","description":"Salvador Dali - Girl of Ampurdan - 100% handgemalte Gem\u00e4lde - Verkauf von Reproduktionen ber\u00fchmter Gem\u00e4lde und abstrakter Kunst - Wandbilder f\u00fcr das Wohnzimmer","robots":{"index":"index","follow":"follow","max-snippet":"max-snippet:-1","max-image-preview":"max-image-preview:large","max-video-preview":"max-video-preview:-1"},"canonical":"https:\/\/svetslik.si\/de\/salvador-dali-de\/girl-of-ampurdan\/","og_locale":"de_DE","og_type":"article","og_title":"Salvador Dali - Girl of Ampurdan","og_description":"100% ro\u010dno naslikane slike na platnu, reprodukcije znanih slikarjev in umetni\u0161ke slike po naro\u010dilu.","og_url":"https:\/\/svetslik.si\/de\/salvador-dali-de\/girl-of-ampurdan\/","og_site_name":"SVETSLIK.SI","article_publisher":"https:\/\/www.facebook.com\/svetslik.si","article_modified_time":"2026-03-22T19:32:27+00:00","og_image":[{"width":1595,"height":2048,"url":"https:\/\/svetslik.si\/wp-content\/uploads\/2021\/08\/image_Girl-of-Ampurdan_680.jpg","type":"image\/jpeg"}],"twitter_card":"summary_large_image","twitter_site":"@svetslik","twitter_misc":{"Verf\u00fcgbarkeit":"bei Nachbestellung"},"schema":{"@context":"https:\/\/schema.org","@graph":[{"@type":["WebPage","ItemPage"],"@id":"https:\/\/svetslik.si\/de\/salvador-dali-de\/girl-of-ampurdan\/","url":"https:\/\/svetslik.si\/de\/salvador-dali-de\/girl-of-ampurdan\/","name":"Salvador Dali - Girl of Ampurdan - SVETSLIK.SI - 100% handgemalt","isPartOf":{"@id":"https:\/\/svetslik.si\/de\/#website"},"primaryImageOfPage":{"@id":"https:\/\/svetslik.si\/de\/salvador-dali-de\/girl-of-ampurdan\/#primaryimage"},"image":{"@id":"https:\/\/svetslik.si\/de\/salvador-dali-de\/girl-of-ampurdan\/#primaryimage"},"thumbnailUrl":"https:\/\/svetslik.si\/wp-content\/uploads\/2021\/08\/image_Girl-of-Ampurdan_680.jpg","datePublished":"2021-09-02T16:09:36+00:00","dateModified":"2026-03-22T19:32:27+00:00","description":"Salvador Dali - Girl of Ampurdan - 100% handgemalte Gem\u00e4lde - Verkauf von Reproduktionen ber\u00fchmter Gem\u00e4lde und abstrakter Kunst - Wandbilder f\u00fcr das Wohnzimmer","breadcrumb":{"@id":"https:\/\/svetslik.si\/de\/salvador-dali-de\/girl-of-ampurdan\/#breadcrumb"},"inLanguage":"de","potentialAction":[{"@type":"ReadAction","target":["https:\/\/svetslik.si\/de\/salvador-dali-de\/girl-of-ampurdan\/"]}]},{"@type":"ImageObject","inLanguage":"de","@id":"https:\/\/svetslik.si\/de\/salvador-dali-de\/girl-of-ampurdan\/#primaryimage","url":"https:\/\/svetslik.si\/wp-content\/uploads\/2021\/08\/image_Girl-of-Ampurdan_680.jpg","contentUrl":"https:\/\/svetslik.si\/wp-content\/uploads\/2021\/08\/image_Girl-of-Ampurdan_680.jpg","width":1595,"height":2048,"caption":"Salvador Dali - Girl of Ampurdan (M\u00e4dchen von Ampurdan) - Gem\u00e4lde, Leinwandbilder, Reproduktion"},{"@type":"BreadcrumbList","@id":"https:\/\/svetslik.si\/de\/salvador-dali-de\/girl-of-ampurdan\/#breadcrumb","itemListElement":[{"@type":"ListItem","position":1,"name":"Wandkunst und Gem\u00e4lde auf Leinwand","item":"https:\/\/svetslik.si\/de\/"},{"@type":"ListItem","position":2,"name":"Verkauf von Gem\u00e4lden","item":"https:\/\/svetslik.si\/prodaja-slik\/"},{"@type":"ListItem","position":3,"name":"Salvador Dali &#8211; Girl of Ampurdan"}]},{"@type":"WebSite","@id":"https:\/\/svetslik.si\/de\/#website","url":"https:\/\/svetslik.si\/de\/","name":"SVETSLIK.SI","description":"100% handgemalte Reproduktionen von Gem\u00e4lden ber\u00fchmter Maler und Gem\u00e4lde auf Leinwand.","publisher":{"@id":"https:\/\/svetslik.si\/de\/#organization"},"potentialAction":[{"@type":"SearchAction","target":{"@type":"EntryPoint","urlTemplate":"https:\/\/svetslik.si\/de\/?s={search_term_string}"},"query-input":{"@type":"PropertyValueSpecification","valueRequired":true,"valueName":"search_term_string"}}],"inLanguage":"de"},{"@type":"Organization","@id":"https:\/\/svetslik.si\/de\/#organization","name":"SvetSlik.si","url":"https:\/\/svetslik.si\/de\/","logo":{"@type":"ImageObject","inLanguage":"de","@id":"https:\/\/svetslik.si\/de\/#\/schema\/logo\/image\/","url":"https:\/\/svetslik.si\/wp-content\/uploads\/2020\/12\/logo-512.png","contentUrl":"https:\/\/svetslik.si\/wp-content\/uploads\/2020\/12\/logo-512.png","width":512,"height":512,"caption":"SvetSlik.si"},"image":{"@id":"https:\/\/svetslik.si\/de\/#\/schema\/logo\/image\/"},"sameAs":["https:\/\/www.facebook.com\/svetslik.si","https:\/\/x.com\/svetslik","https:\/\/www.instagram.com\/svetslik.si\/","https:\/\/www.linkedin.com\/company\/svetslik-si"]}]},"og_availability":"backorder","product_availability":"available for order","product_retailer_item_id":"439__","product_condition":"new"},"jetpack_sharing_enabled":true,"_links":{"self":[{"href":"https:\/\/svetslik.si\/de\/wp-json\/wp\/v2\/product\/68963","targetHints":{"allow":["GET"]}}],"collection":[{"href":"https:\/\/svetslik.si\/de\/wp-json\/wp\/v2\/product"}],"about":[{"href":"https:\/\/svetslik.si\/de\/wp-json\/wp\/v2\/types\/product"}],"wp:featuredmedia":[{"embeddable":true,"href":"https:\/\/svetslik.si\/de\/wp-json\/wp\/v2\/media\/63647"}],"wp:attachment":[{"href":"https:\/\/svetslik.si\/de\/wp-json\/wp\/v2\/media?parent=68963"}],"wp:term":[{"taxonomy":"product_brand","embeddable":true,"href":"https:\/\/svetslik.si\/de\/wp-json\/wp\/v2\/product_brand?post=68963"},{"taxonomy":"product_cat","embeddable":true,"href":"https:\/\/svetslik.si\/de\/wp-json\/wp\/v2\/product_cat?post=68963"},{"taxonomy":"product_tag","embeddable":true,"href":"https:\/\/svetslik.si\/de\/wp-json\/wp\/v2\/product_tag?post=68963"}],"curies":[{"name":"wp","href":"https:\/\/api.w.org\/{rel}","templated":true}]}}