{"id":69045,"date":"2021-09-02T18:11:00","date_gmt":"2021-09-02T16:11:00","guid":{"rendered":"https:\/\/svetslik.si\/unkategorisiert\/fire\/"},"modified":"2026-03-22T20:34:15","modified_gmt":"2026-03-22T19:34:15","slug":"fire","status":"publish","type":"product","link":"https:\/\/svetslik.si\/de\/giuseppe-arcimboldo-de\/fire\/","title":{"rendered":"Giuseppe Arcimboldo &#8211; Fire"},"content":{"rendered":"<h1>Giuseppe Arcimboldo \u2013 Feuer<\/h1>\n<p>\n&nbsp;<\/p>\n<table border=\"0\" cellpadding=\"0\" style=\"width: 593px\" width=\"593\">\n<tbody>\n<tr>\n<td height=\"21\" style=\"width: 155px;height: 21px\">\nJahr der Erstellung:<\/td>\n<td style=\"width: 439px\">\n1566<\/td>\n<\/tr>\n<tr>\n<td height=\"21\" style=\"width: 155px;height: 21px\">\nOriginalgr\u00f6\u00dfe:<\/td>\n<td style=\"width: 439px\">\n67 x 51 cm<\/td>\n<\/tr>\n<tr>\n<td height=\"21\" style=\"width: 155px;height: 21px\">\nMalstil:<\/td>\n<td style=\"width: 439px\">\nManierismus<\/td>\n<\/tr>\n<tr>\n<td height=\"21\" style=\"width: 155px;height: 21px\">\nOriginaltechnik:<\/td>\n<td style=\"width: 439px\">\n\u00d6l auf Holz<\/td>\n<\/tr>\n<tr>\n<td height=\"21\" style=\"width: 155px;height: 21px\">\nGefunden:<\/td>\n<td style=\"width: 439px\">\nKunsthistorisches Museum, Wien<\/p>\n<div>\n&nbsp;<\/div>\n<\/td>\n<\/tr>\n<\/tbody>\n<colgroup>\n<\/colgroup>\n<\/table>\n<p>\nDas \u00d6l auf Leinwand <em>Feuer<\/em> ist besonders interessant, weil Arcimboldo darauf verschiedene Arten von Feuer darstellte \u2013 von der kleinen Flamme einer \u00d6llampe \u00fcber die etwas st\u00e4rkere Flamme einer Kerze bis hin zur vollen Flamme zerst\u00f6rerische Kraft des Feuers, die er mit Kanonen und Gesch\u00fctzen zeigte. Von allen Gem\u00e4lden der Natural Elements-Serie weist dieses Gem\u00e4lde die meisten Symbole auf, die die \u00f6sterreichische Kaiserfamilie darstellen. Die brennende Figur tr\u00e4gt eine goldene Kette um den Hals, die einen der bedeutendsten Orden der Zeit darstellte, am unteren Bildrand ist au\u00dferdem ein Doppeladler auf dem Kleid des Portr\u00e4ts zu sehen, ebenfalls ein Symbol des Heiliges R\u00f6misches Reich, w\u00e4hrend Kanonen und Gesch\u00fctze die gro\u00dfe Milit\u00e4rmacht des Reiches symbolisieren, das sich zu dieser Zeit im Krieg mit der T\u00fcrkei befand.<\/p>\n","protected":false},"excerpt":{"rendered":"<p>Giuseppe Arcimboldo \u2013 Feuer &nbsp; Jahr der Erstellung: 1566 Originalgr\u00f6\u00dfe: 67 x 51 cm Malstil: Manierismus Originaltechnik: \u00d6l auf Holz Gefunden: Kunsthistorisches Museum, Wien &nbsp; Das \u00d6l auf Leinwand Feuer ist besonders interessant, weil Arcimboldo darauf verschiedene Arten von Feuer darstellte \u2013 von der kleinen Flamme einer \u00d6llampe \u00fcber die [&hellip;]<\/p>\n","protected":false},"featured_media":63624,"template":"","meta":{"_acf_changed":false},"product_brand":[],"product_cat":[8460],"product_tag":[8478,8521,8513,8514],"class_list":{"0":"post-69045","1":"product","2":"type-product","3":"status-publish","4":"has-post-thumbnail","6":"product_cat-giuseppe-arcimboldo-de","7":"product_tag-arcimboldo-de","8":"product_tag-maler","9":"product_tag-reproduktion","10":"product_tag-reproduktionen","11":"pa_dimenzija-100-x-130-cm","12":"pa_dimenzija-120-x-160-cm","13":"pa_dimenzija-30-x-40-cm","14":"pa_dimenzija-40-x-50-cm","15":"pa_dimenzija-51-x-67-cm","16":"pa_dimenzija-60-x-80-cm","17":"pa_dimenzija-70-x-90-cm","18":"pa_dimenzija-80-x-110-cm","19":"pa_oblika-vertikal","20":"pa_okvir-ohne-rahmen","21":"pa_podokvir-ja","22":"pa_podokvir-nein","24":"first","25":"onbackorder","26":"purchasable","27":"product-type-variable","28":"has-default-attributes"},"acf":[],"yoast_head":"<!-- This site is optimized with the Yoast SEO Premium plugin v26.0 (Yoast SEO v27.2) - https:\/\/yoast.com\/product\/yoast-seo-premium-wordpress\/ -->\n<title>Giuseppe Arcimboldo - Fire - SVETSLIK.SI - 100% handgemalt<\/title>\n<meta name=\"description\" content=\"Giuseppe Arcimboldo - Fire - 100% handgemalte Gem\u00e4lde - Verkauf von Reproduktionen ber\u00fchmter Gem\u00e4lde und abstrakter Kunst - Wandbilder f\u00fcr das Wohnzimmer\" \/>\n<meta name=\"robots\" content=\"index, follow, max-snippet:-1, max-image-preview:large, max-video-preview:-1\" \/>\n<link rel=\"canonical\" href=\"https:\/\/svetslik.si\/de\/giuseppe-arcimboldo-de\/fire\/\" \/>\n<meta property=\"og:locale\" content=\"de_DE\" \/>\n<meta property=\"og:type\" content=\"article\" \/>\n<meta property=\"og:title\" content=\"Giuseppe Arcimboldo - Fire\" \/>\n<meta property=\"og:description\" content=\"100% ro\u010dno naslikane slike na platnu, reprodukcije znanih slikarjev in umetni\u0161ke slike po naro\u010dilu.\" \/>\n<meta property=\"og:url\" content=\"https:\/\/svetslik.si\/de\/giuseppe-arcimboldo-de\/fire\/\" \/>\n<meta property=\"og:site_name\" content=\"SVETSLIK.SI\" \/>\n<meta property=\"article:publisher\" content=\"https:\/\/www.facebook.com\/svetslik.si\" \/>\n<meta property=\"article:modified_time\" content=\"2026-03-22T19:34:15+00:00\" \/>\n<meta property=\"og:image\" content=\"https:\/\/svetslik.si\/wp-content\/uploads\/2021\/08\/image_Fire_680.jpg\" \/>\n\t<meta property=\"og:image:width\" content=\"513\" \/>\n\t<meta property=\"og:image:height\" content=\"680\" \/>\n\t<meta property=\"og:image:type\" content=\"image\/jpeg\" \/>\n<meta name=\"twitter:card\" content=\"summary_large_image\" \/>\n<meta name=\"twitter:site\" content=\"@svetslik\" \/>\n<meta name=\"twitter:label1\" content=\"Verf\u00fcgbarkeit\" \/>\n\t<meta name=\"twitter:data1\" content=\"bei Nachbestellung\" \/>\n<script type=\"application\/ld+json\" class=\"yoast-schema-graph\">{\"@context\":\"https:\/\/schema.org\",\"@graph\":[{\"@type\":[\"WebPage\",\"ItemPage\"],\"@id\":\"https:\/\/svetslik.si\/de\/giuseppe-arcimboldo-de\/fire\/\",\"url\":\"https:\/\/svetslik.si\/de\/giuseppe-arcimboldo-de\/fire\/\",\"name\":\"Giuseppe Arcimboldo - Fire - SVETSLIK.SI - 100% handgemalt\",\"isPartOf\":{\"@id\":\"https:\/\/svetslik.si\/de\/#website\"},\"primaryImageOfPage\":{\"@id\":\"https:\/\/svetslik.si\/de\/giuseppe-arcimboldo-de\/fire\/#primaryimage\"},\"image\":{\"@id\":\"https:\/\/svetslik.si\/de\/giuseppe-arcimboldo-de\/fire\/#primaryimage\"},\"thumbnailUrl\":\"https:\/\/svetslik.si\/wp-content\/uploads\/2021\/08\/image_Fire_680.jpg\",\"datePublished\":\"2021-09-02T16:11:00+00:00\",\"dateModified\":\"2026-03-22T19:34:15+00:00\",\"description\":\"Giuseppe Arcimboldo - Fire - 100% handgemalte Gem\u00e4lde - Verkauf von Reproduktionen ber\u00fchmter Gem\u00e4lde und abstrakter Kunst - Wandbilder f\u00fcr das Wohnzimmer\",\"breadcrumb\":{\"@id\":\"https:\/\/svetslik.si\/de\/giuseppe-arcimboldo-de\/fire\/#breadcrumb\"},\"inLanguage\":\"de\",\"potentialAction\":[{\"@type\":\"ReadAction\",\"target\":[\"https:\/\/svetslik.si\/de\/giuseppe-arcimboldo-de\/fire\/\"]}]},{\"@type\":\"ImageObject\",\"inLanguage\":\"de\",\"@id\":\"https:\/\/svetslik.si\/de\/giuseppe-arcimboldo-de\/fire\/#primaryimage\",\"url\":\"https:\/\/svetslik.si\/wp-content\/uploads\/2021\/08\/image_Fire_680.jpg\",\"contentUrl\":\"https:\/\/svetslik.si\/wp-content\/uploads\/2021\/08\/image_Fire_680.jpg\",\"width\":513,\"height\":680,\"caption\":\"Giuseppe Arcimboldo - Fire - Feuer (Gem\u00e4lde, Leinwandbilder) - 100% handgemalte, Reproduktionen ber\u00fchmter Gem\u00e4lde, Gem\u00e4lde kaufen, Wandbilder Wohnzimmer, ber\u00fchmtes Gem\u00e4lde, Bilderrahmen\"},{\"@type\":\"BreadcrumbList\",\"@id\":\"https:\/\/svetslik.si\/de\/giuseppe-arcimboldo-de\/fire\/#breadcrumb\",\"itemListElement\":[{\"@type\":\"ListItem\",\"position\":1,\"name\":\"Wandkunst und Gem\u00e4lde auf Leinwand\",\"item\":\"https:\/\/svetslik.si\/de\/\"},{\"@type\":\"ListItem\",\"position\":2,\"name\":\"Verkauf von Gem\u00e4lden\",\"item\":\"https:\/\/svetslik.si\/prodaja-slik\/\"},{\"@type\":\"ListItem\",\"position\":3,\"name\":\"Giuseppe Arcimboldo &#8211; Fire\"}]},{\"@type\":\"WebSite\",\"@id\":\"https:\/\/svetslik.si\/de\/#website\",\"url\":\"https:\/\/svetslik.si\/de\/\",\"name\":\"SVETSLIK.SI\",\"description\":\"100% handgemalte Reproduktionen von Gem\u00e4lden ber\u00fchmter Maler und Gem\u00e4lde auf Leinwand.\",\"publisher\":{\"@id\":\"https:\/\/svetslik.si\/de\/#organization\"},\"potentialAction\":[{\"@type\":\"SearchAction\",\"target\":{\"@type\":\"EntryPoint\",\"urlTemplate\":\"https:\/\/svetslik.si\/de\/?s={search_term_string}\"},\"query-input\":{\"@type\":\"PropertyValueSpecification\",\"valueRequired\":true,\"valueName\":\"search_term_string\"}}],\"inLanguage\":\"de\"},{\"@type\":\"Organization\",\"@id\":\"https:\/\/svetslik.si\/de\/#organization\",\"name\":\"SvetSlik.si\",\"url\":\"https:\/\/svetslik.si\/de\/\",\"logo\":{\"@type\":\"ImageObject\",\"inLanguage\":\"de\",\"@id\":\"https:\/\/svetslik.si\/de\/#\/schema\/logo\/image\/\",\"url\":\"https:\/\/svetslik.si\/wp-content\/uploads\/2020\/12\/logo-512.png\",\"contentUrl\":\"https:\/\/svetslik.si\/wp-content\/uploads\/2020\/12\/logo-512.png\",\"width\":512,\"height\":512,\"caption\":\"SvetSlik.si\"},\"image\":{\"@id\":\"https:\/\/svetslik.si\/de\/#\/schema\/logo\/image\/\"},\"sameAs\":[\"https:\/\/www.facebook.com\/svetslik.si\",\"https:\/\/x.com\/svetslik\",\"https:\/\/www.instagram.com\/svetslik.si\/\",\"https:\/\/www.linkedin.com\/company\/svetslik-si\"]}]}<\/script>\n<meta property=\"og:availability\" content=\"backorder\" \/>\n<meta property=\"product:availability\" content=\"available for order\" \/>\n<meta property=\"product:retailer_item_id\" content=\"449__\" \/>\n<meta property=\"product:condition\" content=\"new\" \/>\n<!-- \/ Yoast SEO Premium plugin. -->","yoast_head_json":{"title":"Giuseppe Arcimboldo - Fire - SVETSLIK.SI - 100% handgemalt","description":"Giuseppe Arcimboldo - Fire - 100% handgemalte Gem\u00e4lde - Verkauf von Reproduktionen ber\u00fchmter Gem\u00e4lde und abstrakter Kunst - Wandbilder f\u00fcr das Wohnzimmer","robots":{"index":"index","follow":"follow","max-snippet":"max-snippet:-1","max-image-preview":"max-image-preview:large","max-video-preview":"max-video-preview:-1"},"canonical":"https:\/\/svetslik.si\/de\/giuseppe-arcimboldo-de\/fire\/","og_locale":"de_DE","og_type":"article","og_title":"Giuseppe Arcimboldo - Fire","og_description":"100% ro\u010dno naslikane slike na platnu, reprodukcije znanih slikarjev in umetni\u0161ke slike po naro\u010dilu.","og_url":"https:\/\/svetslik.si\/de\/giuseppe-arcimboldo-de\/fire\/","og_site_name":"SVETSLIK.SI","article_publisher":"https:\/\/www.facebook.com\/svetslik.si","article_modified_time":"2026-03-22T19:34:15+00:00","og_image":[{"width":513,"height":680,"url":"https:\/\/svetslik.si\/wp-content\/uploads\/2021\/08\/image_Fire_680.jpg","type":"image\/jpeg"}],"twitter_card":"summary_large_image","twitter_site":"@svetslik","twitter_misc":{"Verf\u00fcgbarkeit":"bei Nachbestellung"},"schema":{"@context":"https:\/\/schema.org","@graph":[{"@type":["WebPage","ItemPage"],"@id":"https:\/\/svetslik.si\/de\/giuseppe-arcimboldo-de\/fire\/","url":"https:\/\/svetslik.si\/de\/giuseppe-arcimboldo-de\/fire\/","name":"Giuseppe Arcimboldo - Fire - SVETSLIK.SI - 100% handgemalt","isPartOf":{"@id":"https:\/\/svetslik.si\/de\/#website"},"primaryImageOfPage":{"@id":"https:\/\/svetslik.si\/de\/giuseppe-arcimboldo-de\/fire\/#primaryimage"},"image":{"@id":"https:\/\/svetslik.si\/de\/giuseppe-arcimboldo-de\/fire\/#primaryimage"},"thumbnailUrl":"https:\/\/svetslik.si\/wp-content\/uploads\/2021\/08\/image_Fire_680.jpg","datePublished":"2021-09-02T16:11:00+00:00","dateModified":"2026-03-22T19:34:15+00:00","description":"Giuseppe Arcimboldo - Fire - 100% handgemalte Gem\u00e4lde - Verkauf von Reproduktionen ber\u00fchmter Gem\u00e4lde und abstrakter Kunst - Wandbilder f\u00fcr das Wohnzimmer","breadcrumb":{"@id":"https:\/\/svetslik.si\/de\/giuseppe-arcimboldo-de\/fire\/#breadcrumb"},"inLanguage":"de","potentialAction":[{"@type":"ReadAction","target":["https:\/\/svetslik.si\/de\/giuseppe-arcimboldo-de\/fire\/"]}]},{"@type":"ImageObject","inLanguage":"de","@id":"https:\/\/svetslik.si\/de\/giuseppe-arcimboldo-de\/fire\/#primaryimage","url":"https:\/\/svetslik.si\/wp-content\/uploads\/2021\/08\/image_Fire_680.jpg","contentUrl":"https:\/\/svetslik.si\/wp-content\/uploads\/2021\/08\/image_Fire_680.jpg","width":513,"height":680,"caption":"Giuseppe Arcimboldo - Fire - Feuer (Gem\u00e4lde, Leinwandbilder) - 100% handgemalte, Reproduktionen ber\u00fchmter Gem\u00e4lde, Gem\u00e4lde kaufen, Wandbilder Wohnzimmer, ber\u00fchmtes Gem\u00e4lde, Bilderrahmen"},{"@type":"BreadcrumbList","@id":"https:\/\/svetslik.si\/de\/giuseppe-arcimboldo-de\/fire\/#breadcrumb","itemListElement":[{"@type":"ListItem","position":1,"name":"Wandkunst und Gem\u00e4lde auf Leinwand","item":"https:\/\/svetslik.si\/de\/"},{"@type":"ListItem","position":2,"name":"Verkauf von Gem\u00e4lden","item":"https:\/\/svetslik.si\/prodaja-slik\/"},{"@type":"ListItem","position":3,"name":"Giuseppe Arcimboldo &#8211; Fire"}]},{"@type":"WebSite","@id":"https:\/\/svetslik.si\/de\/#website","url":"https:\/\/svetslik.si\/de\/","name":"SVETSLIK.SI","description":"100% handgemalte Reproduktionen von Gem\u00e4lden ber\u00fchmter Maler und Gem\u00e4lde auf Leinwand.","publisher":{"@id":"https:\/\/svetslik.si\/de\/#organization"},"potentialAction":[{"@type":"SearchAction","target":{"@type":"EntryPoint","urlTemplate":"https:\/\/svetslik.si\/de\/?s={search_term_string}"},"query-input":{"@type":"PropertyValueSpecification","valueRequired":true,"valueName":"search_term_string"}}],"inLanguage":"de"},{"@type":"Organization","@id":"https:\/\/svetslik.si\/de\/#organization","name":"SvetSlik.si","url":"https:\/\/svetslik.si\/de\/","logo":{"@type":"ImageObject","inLanguage":"de","@id":"https:\/\/svetslik.si\/de\/#\/schema\/logo\/image\/","url":"https:\/\/svetslik.si\/wp-content\/uploads\/2020\/12\/logo-512.png","contentUrl":"https:\/\/svetslik.si\/wp-content\/uploads\/2020\/12\/logo-512.png","width":512,"height":512,"caption":"SvetSlik.si"},"image":{"@id":"https:\/\/svetslik.si\/de\/#\/schema\/logo\/image\/"},"sameAs":["https:\/\/www.facebook.com\/svetslik.si","https:\/\/x.com\/svetslik","https:\/\/www.instagram.com\/svetslik.si\/","https:\/\/www.linkedin.com\/company\/svetslik-si"]}]},"og_availability":"backorder","product_availability":"available for order","product_retailer_item_id":"449__","product_condition":"new"},"jetpack_sharing_enabled":true,"_links":{"self":[{"href":"https:\/\/svetslik.si\/de\/wp-json\/wp\/v2\/product\/69045","targetHints":{"allow":["GET"]}}],"collection":[{"href":"https:\/\/svetslik.si\/de\/wp-json\/wp\/v2\/product"}],"about":[{"href":"https:\/\/svetslik.si\/de\/wp-json\/wp\/v2\/types\/product"}],"wp:featuredmedia":[{"embeddable":true,"href":"https:\/\/svetslik.si\/de\/wp-json\/wp\/v2\/media\/63624"}],"wp:attachment":[{"href":"https:\/\/svetslik.si\/de\/wp-json\/wp\/v2\/media?parent=69045"}],"wp:term":[{"taxonomy":"product_brand","embeddable":true,"href":"https:\/\/svetslik.si\/de\/wp-json\/wp\/v2\/product_brand?post=69045"},{"taxonomy":"product_cat","embeddable":true,"href":"https:\/\/svetslik.si\/de\/wp-json\/wp\/v2\/product_cat?post=69045"},{"taxonomy":"product_tag","embeddable":true,"href":"https:\/\/svetslik.si\/de\/wp-json\/wp\/v2\/product_tag?post=69045"}],"curies":[{"name":"wp","href":"https:\/\/api.w.org\/{rel}","templated":true}]}}