{"id":69090,"date":"2021-09-02T18:11:34","date_gmt":"2021-09-02T16:11:34","guid":{"rendered":"https:\/\/svetslik.si\/unkategorisiert\/the-winter\/"},"modified":"2026-03-22T20:34:55","modified_gmt":"2026-03-22T19:34:55","slug":"the-winter","status":"publish","type":"product","link":"https:\/\/svetslik.si\/de\/giuseppe-arcimboldo-de\/the-winter\/","title":{"rendered":"Giuseppe Arcimboldo &#8211; The Winter"},"content":{"rendered":"<h1>Giuseppe Arcimboldo \u2013 Der Winter<\/h1>\n<p>\n&nbsp;<\/p>\n<table border=\"0\" cellpadding=\"0\" style=\"width: 593px\" width=\"593\">\n<tbody>\n<tr>\n<td height=\"21\" style=\"width: 155px;height: 21px\">\nJahr der Erstellung:<\/td>\n<td style=\"width: 439px\">\n1573<\/td>\n<\/tr>\n<tr>\n<td height=\"21\" style=\"width: 155px;height: 21px\">\nOriginalgr\u00f6\u00dfe:<\/td>\n<td style=\"width: 439px\">\n76 x 64 cm<\/td>\n<\/tr>\n<tr>\n<td height=\"21\" style=\"width: 155px;height: 21px\">\nMalstil:<\/td>\n<td style=\"width: 439px\">\nManierismus<\/td>\n<\/tr>\n<tr>\n<td height=\"21\" style=\"width: 155px;height: 21px\">\nOriginaltechnik:<\/td>\n<td style=\"width: 439px\">\n\u00d6l auf Leinwand<\/td>\n<\/tr>\n<tr>\n<td height=\"21\" style=\"width: 155px;height: 21px\">\nGefunden:<\/td>\n<td style=\"width: 439px\">\nDer Louvre, Paris<\/p>\n<div>\n&nbsp;<\/div>\n<\/td>\n<\/tr>\n<\/tbody>\n<colgroup>\n<\/colgroup>\n<\/table>\n<p>\nDas Gem\u00e4lde <em>Winter<\/em> stellt das letzte Kunstwerk der Seasons-Serie dar. Passend zur Jahreszeit zeigt <em>Winter<\/em> einen alten Baumstumpf mit rissiger Rinde, der an die faltige Haut eines alten Mannes erinnert, und dessen zahnloser Mund, dargestellt durch einen Pilz, sich \u00fcber ein warzen\u00fcbers\u00e4tes Kinn w\u00f6lbt .<\/p>\n<p>\nTrotz des dunklen Bildes entsteht nicht das Gef\u00fchl, dass vom Bild nur K\u00e4lte ausgeht, sondern auch W\u00e4rme, da der Autor ganz im Vordergrund des Bildes einen Zweig platziert hat, an dem eine Orange und eine Zitrone h\u00e4ngen, die zaubern zumindest ein wenig W\u00e4rme mit ihrer Farbigkeit.<\/p>\n","protected":false},"excerpt":{"rendered":"<p>Giuseppe Arcimboldo \u2013 Der Winter &nbsp; Jahr der Erstellung: 1573 Originalgr\u00f6\u00dfe: 76 x 64 cm Malstil: Manierismus Originaltechnik: \u00d6l auf Leinwand Gefunden: Der Louvre, Paris &nbsp; Das Gem\u00e4lde Winter stellt das letzte Kunstwerk der Seasons-Serie dar. Passend zur Jahreszeit zeigt Winter einen alten Baumstumpf mit rissiger Rinde, der an die [&hellip;]<\/p>\n","protected":false},"featured_media":64234,"template":"","meta":{"_acf_changed":false},"product_brand":[],"product_cat":[8460],"product_tag":[8478,8521,8513,8514],"class_list":{"0":"post-69090","1":"product","2":"type-product","3":"status-publish","4":"has-post-thumbnail","6":"product_cat-giuseppe-arcimboldo-de","7":"product_tag-arcimboldo-de","8":"product_tag-maler","9":"product_tag-reproduktion","10":"product_tag-reproduktionen","11":"pa_dimenzija-100-x-120-cm","12":"pa_dimenzija-120-x-140-cm","13":"pa_dimenzija-30-x-40-cm","14":"pa_dimenzija-40-x-50-cm","15":"pa_dimenzija-50-x-60-cm","16":"pa_dimenzija-64-x-76-cm","17":"pa_dimenzija-70-x-80-cm","18":"pa_dimenzija-80-x-100-cm","19":"pa_oblika-vertikal","20":"pa_okvir-ohne-rahmen","21":"pa_podokvir-ja","22":"pa_podokvir-nein","24":"first","25":"onbackorder","26":"purchasable","27":"product-type-variable","28":"has-default-attributes"},"acf":[],"yoast_head":"<!-- This site is optimized with the Yoast SEO Premium plugin v26.0 (Yoast SEO v27.2) - https:\/\/yoast.com\/product\/yoast-seo-premium-wordpress\/ -->\n<title>Giuseppe Arcimboldo - The Winter - SVETSLIK.SI - 100% handgemalt<\/title>\n<meta name=\"description\" content=\"Giuseppe Arcimboldo - The Winter - 100% handgemalte Gem\u00e4lde - Verkauf von Reproduktionen ber\u00fchmter Gem\u00e4lde und abstrakter Kunst - Wandbilder f\u00fcr das Wohnzimmer\" \/>\n<meta name=\"robots\" content=\"index, follow, max-snippet:-1, max-image-preview:large, max-video-preview:-1\" \/>\n<link rel=\"canonical\" href=\"https:\/\/svetslik.si\/de\/giuseppe-arcimboldo-de\/the-winter\/\" \/>\n<meta property=\"og:locale\" content=\"de_DE\" \/>\n<meta property=\"og:type\" content=\"article\" \/>\n<meta property=\"og:title\" content=\"Giuseppe Arcimboldo - The Winter\" \/>\n<meta property=\"og:description\" content=\"100% ro\u010dno naslikane slike na platnu, reprodukcije znanih slikarjev in umetni\u0161ke slike po naro\u010dilu.\" \/>\n<meta property=\"og:url\" content=\"https:\/\/svetslik.si\/de\/giuseppe-arcimboldo-de\/the-winter\/\" \/>\n<meta property=\"og:site_name\" content=\"SVETSLIK.SI\" \/>\n<meta property=\"article:publisher\" content=\"https:\/\/www.facebook.com\/svetslik.si\" \/>\n<meta property=\"article:modified_time\" content=\"2026-03-22T19:34:55+00:00\" \/>\n<meta property=\"og:image\" content=\"https:\/\/svetslik.si\/wp-content\/uploads\/2021\/08\/image_The-Winter-Giuiseppe-Archimboldo_680.jpg\" \/>\n\t<meta property=\"og:image:width\" content=\"800\" \/>\n\t<meta property=\"og:image:height\" content=\"1064\" \/>\n\t<meta property=\"og:image:type\" content=\"image\/jpeg\" \/>\n<meta name=\"twitter:card\" content=\"summary_large_image\" \/>\n<meta name=\"twitter:site\" content=\"@svetslik\" \/>\n<meta name=\"twitter:label1\" content=\"Verf\u00fcgbarkeit\" \/>\n\t<meta name=\"twitter:data1\" content=\"bei Nachbestellung\" \/>\n<script type=\"application\/ld+json\" class=\"yoast-schema-graph\">{\"@context\":\"https:\/\/schema.org\",\"@graph\":[{\"@type\":[\"WebPage\",\"ItemPage\"],\"@id\":\"https:\/\/svetslik.si\/de\/giuseppe-arcimboldo-de\/the-winter\/\",\"url\":\"https:\/\/svetslik.si\/de\/giuseppe-arcimboldo-de\/the-winter\/\",\"name\":\"Giuseppe Arcimboldo - The Winter - SVETSLIK.SI - 100% handgemalt\",\"isPartOf\":{\"@id\":\"https:\/\/svetslik.si\/de\/#website\"},\"primaryImageOfPage\":{\"@id\":\"https:\/\/svetslik.si\/de\/giuseppe-arcimboldo-de\/the-winter\/#primaryimage\"},\"image\":{\"@id\":\"https:\/\/svetslik.si\/de\/giuseppe-arcimboldo-de\/the-winter\/#primaryimage\"},\"thumbnailUrl\":\"https:\/\/svetslik.si\/wp-content\/uploads\/2021\/08\/image_The-Winter-Giuiseppe-Archimboldo_680.jpg\",\"datePublished\":\"2021-09-02T16:11:34+00:00\",\"dateModified\":\"2026-03-22T19:34:55+00:00\",\"description\":\"Giuseppe Arcimboldo - The Winter - 100% handgemalte Gem\u00e4lde - Verkauf von Reproduktionen ber\u00fchmter Gem\u00e4lde und abstrakter Kunst - Wandbilder f\u00fcr das Wohnzimmer\",\"breadcrumb\":{\"@id\":\"https:\/\/svetslik.si\/de\/giuseppe-arcimboldo-de\/the-winter\/#breadcrumb\"},\"inLanguage\":\"de\",\"potentialAction\":[{\"@type\":\"ReadAction\",\"target\":[\"https:\/\/svetslik.si\/de\/giuseppe-arcimboldo-de\/the-winter\/\"]}]},{\"@type\":\"ImageObject\",\"inLanguage\":\"de\",\"@id\":\"https:\/\/svetslik.si\/de\/giuseppe-arcimboldo-de\/the-winter\/#primaryimage\",\"url\":\"https:\/\/svetslik.si\/wp-content\/uploads\/2021\/08\/image_The-Winter-Giuiseppe-Archimboldo_680.jpg\",\"contentUrl\":\"https:\/\/svetslik.si\/wp-content\/uploads\/2021\/08\/image_The-Winter-Giuiseppe-Archimboldo_680.jpg\",\"width\":800,\"height\":1064,\"caption\":\"Giuseppe Arcimboldo - The Winter (Der Winter) - Gem\u00e4lde, Leinwandbilder, Reproduktion - 100% handgemalte, Reproduktionen ber\u00fchmter Gem\u00e4lde, Gem\u00e4lde kaufen, Wandbilder Wohnzimmer, ber\u00fchmtes Gem\u00e4lde, \u00d6lgem\u00e4lde, Bilderrahmen\"},{\"@type\":\"BreadcrumbList\",\"@id\":\"https:\/\/svetslik.si\/de\/giuseppe-arcimboldo-de\/the-winter\/#breadcrumb\",\"itemListElement\":[{\"@type\":\"ListItem\",\"position\":1,\"name\":\"Wandkunst und Gem\u00e4lde auf Leinwand\",\"item\":\"https:\/\/svetslik.si\/de\/\"},{\"@type\":\"ListItem\",\"position\":2,\"name\":\"Verkauf von Gem\u00e4lden\",\"item\":\"https:\/\/svetslik.si\/prodaja-slik\/\"},{\"@type\":\"ListItem\",\"position\":3,\"name\":\"Giuseppe Arcimboldo &#8211; The Winter\"}]},{\"@type\":\"WebSite\",\"@id\":\"https:\/\/svetslik.si\/de\/#website\",\"url\":\"https:\/\/svetslik.si\/de\/\",\"name\":\"SVETSLIK.SI\",\"description\":\"100% handgemalte Reproduktionen von Gem\u00e4lden ber\u00fchmter Maler und Gem\u00e4lde auf Leinwand.\",\"publisher\":{\"@id\":\"https:\/\/svetslik.si\/de\/#organization\"},\"potentialAction\":[{\"@type\":\"SearchAction\",\"target\":{\"@type\":\"EntryPoint\",\"urlTemplate\":\"https:\/\/svetslik.si\/de\/?s={search_term_string}\"},\"query-input\":{\"@type\":\"PropertyValueSpecification\",\"valueRequired\":true,\"valueName\":\"search_term_string\"}}],\"inLanguage\":\"de\"},{\"@type\":\"Organization\",\"@id\":\"https:\/\/svetslik.si\/de\/#organization\",\"name\":\"SvetSlik.si\",\"url\":\"https:\/\/svetslik.si\/de\/\",\"logo\":{\"@type\":\"ImageObject\",\"inLanguage\":\"de\",\"@id\":\"https:\/\/svetslik.si\/de\/#\/schema\/logo\/image\/\",\"url\":\"https:\/\/svetslik.si\/wp-content\/uploads\/2020\/12\/logo-512.png\",\"contentUrl\":\"https:\/\/svetslik.si\/wp-content\/uploads\/2020\/12\/logo-512.png\",\"width\":512,\"height\":512,\"caption\":\"SvetSlik.si\"},\"image\":{\"@id\":\"https:\/\/svetslik.si\/de\/#\/schema\/logo\/image\/\"},\"sameAs\":[\"https:\/\/www.facebook.com\/svetslik.si\",\"https:\/\/x.com\/svetslik\",\"https:\/\/www.instagram.com\/svetslik.si\/\",\"https:\/\/www.linkedin.com\/company\/svetslik-si\"]}]}<\/script>\n<meta property=\"og:availability\" content=\"backorder\" \/>\n<meta property=\"product:availability\" content=\"available for order\" \/>\n<meta property=\"product:retailer_item_id\" content=\"455__\" \/>\n<meta property=\"product:condition\" content=\"new\" \/>\n<!-- \/ Yoast SEO Premium plugin. -->","yoast_head_json":{"title":"Giuseppe Arcimboldo - The Winter - SVETSLIK.SI - 100% handgemalt","description":"Giuseppe Arcimboldo - The Winter - 100% handgemalte Gem\u00e4lde - Verkauf von Reproduktionen ber\u00fchmter Gem\u00e4lde und abstrakter Kunst - Wandbilder f\u00fcr das Wohnzimmer","robots":{"index":"index","follow":"follow","max-snippet":"max-snippet:-1","max-image-preview":"max-image-preview:large","max-video-preview":"max-video-preview:-1"},"canonical":"https:\/\/svetslik.si\/de\/giuseppe-arcimboldo-de\/the-winter\/","og_locale":"de_DE","og_type":"article","og_title":"Giuseppe Arcimboldo - The Winter","og_description":"100% ro\u010dno naslikane slike na platnu, reprodukcije znanih slikarjev in umetni\u0161ke slike po naro\u010dilu.","og_url":"https:\/\/svetslik.si\/de\/giuseppe-arcimboldo-de\/the-winter\/","og_site_name":"SVETSLIK.SI","article_publisher":"https:\/\/www.facebook.com\/svetslik.si","article_modified_time":"2026-03-22T19:34:55+00:00","og_image":[{"width":800,"height":1064,"url":"https:\/\/svetslik.si\/wp-content\/uploads\/2021\/08\/image_The-Winter-Giuiseppe-Archimboldo_680.jpg","type":"image\/jpeg"}],"twitter_card":"summary_large_image","twitter_site":"@svetslik","twitter_misc":{"Verf\u00fcgbarkeit":"bei Nachbestellung"},"schema":{"@context":"https:\/\/schema.org","@graph":[{"@type":["WebPage","ItemPage"],"@id":"https:\/\/svetslik.si\/de\/giuseppe-arcimboldo-de\/the-winter\/","url":"https:\/\/svetslik.si\/de\/giuseppe-arcimboldo-de\/the-winter\/","name":"Giuseppe Arcimboldo - The Winter - SVETSLIK.SI - 100% handgemalt","isPartOf":{"@id":"https:\/\/svetslik.si\/de\/#website"},"primaryImageOfPage":{"@id":"https:\/\/svetslik.si\/de\/giuseppe-arcimboldo-de\/the-winter\/#primaryimage"},"image":{"@id":"https:\/\/svetslik.si\/de\/giuseppe-arcimboldo-de\/the-winter\/#primaryimage"},"thumbnailUrl":"https:\/\/svetslik.si\/wp-content\/uploads\/2021\/08\/image_The-Winter-Giuiseppe-Archimboldo_680.jpg","datePublished":"2021-09-02T16:11:34+00:00","dateModified":"2026-03-22T19:34:55+00:00","description":"Giuseppe Arcimboldo - The Winter - 100% handgemalte Gem\u00e4lde - Verkauf von Reproduktionen ber\u00fchmter Gem\u00e4lde und abstrakter Kunst - Wandbilder f\u00fcr das Wohnzimmer","breadcrumb":{"@id":"https:\/\/svetslik.si\/de\/giuseppe-arcimboldo-de\/the-winter\/#breadcrumb"},"inLanguage":"de","potentialAction":[{"@type":"ReadAction","target":["https:\/\/svetslik.si\/de\/giuseppe-arcimboldo-de\/the-winter\/"]}]},{"@type":"ImageObject","inLanguage":"de","@id":"https:\/\/svetslik.si\/de\/giuseppe-arcimboldo-de\/the-winter\/#primaryimage","url":"https:\/\/svetslik.si\/wp-content\/uploads\/2021\/08\/image_The-Winter-Giuiseppe-Archimboldo_680.jpg","contentUrl":"https:\/\/svetslik.si\/wp-content\/uploads\/2021\/08\/image_The-Winter-Giuiseppe-Archimboldo_680.jpg","width":800,"height":1064,"caption":"Giuseppe Arcimboldo - The Winter (Der Winter) - Gem\u00e4lde, Leinwandbilder, Reproduktion - 100% handgemalte, Reproduktionen ber\u00fchmter Gem\u00e4lde, Gem\u00e4lde kaufen, Wandbilder Wohnzimmer, ber\u00fchmtes Gem\u00e4lde, \u00d6lgem\u00e4lde, Bilderrahmen"},{"@type":"BreadcrumbList","@id":"https:\/\/svetslik.si\/de\/giuseppe-arcimboldo-de\/the-winter\/#breadcrumb","itemListElement":[{"@type":"ListItem","position":1,"name":"Wandkunst und Gem\u00e4lde auf Leinwand","item":"https:\/\/svetslik.si\/de\/"},{"@type":"ListItem","position":2,"name":"Verkauf von Gem\u00e4lden","item":"https:\/\/svetslik.si\/prodaja-slik\/"},{"@type":"ListItem","position":3,"name":"Giuseppe Arcimboldo &#8211; The Winter"}]},{"@type":"WebSite","@id":"https:\/\/svetslik.si\/de\/#website","url":"https:\/\/svetslik.si\/de\/","name":"SVETSLIK.SI","description":"100% handgemalte Reproduktionen von Gem\u00e4lden ber\u00fchmter Maler und Gem\u00e4lde auf Leinwand.","publisher":{"@id":"https:\/\/svetslik.si\/de\/#organization"},"potentialAction":[{"@type":"SearchAction","target":{"@type":"EntryPoint","urlTemplate":"https:\/\/svetslik.si\/de\/?s={search_term_string}"},"query-input":{"@type":"PropertyValueSpecification","valueRequired":true,"valueName":"search_term_string"}}],"inLanguage":"de"},{"@type":"Organization","@id":"https:\/\/svetslik.si\/de\/#organization","name":"SvetSlik.si","url":"https:\/\/svetslik.si\/de\/","logo":{"@type":"ImageObject","inLanguage":"de","@id":"https:\/\/svetslik.si\/de\/#\/schema\/logo\/image\/","url":"https:\/\/svetslik.si\/wp-content\/uploads\/2020\/12\/logo-512.png","contentUrl":"https:\/\/svetslik.si\/wp-content\/uploads\/2020\/12\/logo-512.png","width":512,"height":512,"caption":"SvetSlik.si"},"image":{"@id":"https:\/\/svetslik.si\/de\/#\/schema\/logo\/image\/"},"sameAs":["https:\/\/www.facebook.com\/svetslik.si","https:\/\/x.com\/svetslik","https:\/\/www.instagram.com\/svetslik.si\/","https:\/\/www.linkedin.com\/company\/svetslik-si"]}]},"og_availability":"backorder","product_availability":"available for order","product_retailer_item_id":"455__","product_condition":"new"},"jetpack_sharing_enabled":true,"_links":{"self":[{"href":"https:\/\/svetslik.si\/de\/wp-json\/wp\/v2\/product\/69090","targetHints":{"allow":["GET"]}}],"collection":[{"href":"https:\/\/svetslik.si\/de\/wp-json\/wp\/v2\/product"}],"about":[{"href":"https:\/\/svetslik.si\/de\/wp-json\/wp\/v2\/types\/product"}],"wp:featuredmedia":[{"embeddable":true,"href":"https:\/\/svetslik.si\/de\/wp-json\/wp\/v2\/media\/64234"}],"wp:attachment":[{"href":"https:\/\/svetslik.si\/de\/wp-json\/wp\/v2\/media?parent=69090"}],"wp:term":[{"taxonomy":"product_brand","embeddable":true,"href":"https:\/\/svetslik.si\/de\/wp-json\/wp\/v2\/product_brand?post=69090"},{"taxonomy":"product_cat","embeddable":true,"href":"https:\/\/svetslik.si\/de\/wp-json\/wp\/v2\/product_cat?post=69090"},{"taxonomy":"product_tag","embeddable":true,"href":"https:\/\/svetslik.si\/de\/wp-json\/wp\/v2\/product_tag?post=69090"}],"curies":[{"name":"wp","href":"https:\/\/api.w.org\/{rel}","templated":true}]}}