{"id":69162,"date":"2021-09-02T18:12:25","date_gmt":"2021-09-02T16:12:25","guid":{"rendered":"https:\/\/svetslik.si\/unkategorisiert\/bather\/"},"modified":"2026-03-22T20:36:22","modified_gmt":"2026-03-22T19:36:22","slug":"bather","status":"publish","type":"product","link":"https:\/\/svetslik.si\/de\/paul-cezanne-de\/bather\/","title":{"rendered":"Paul Cezanne &#8211; Bather"},"content":{"rendered":"<h1>Paul Cezanne \u2013 Badender<\/h1>\n<p>\n&nbsp;<\/p>\n<table border=\"0\" cellpadding=\"0\" style=\"width: 593px\" width=\"593\">\n<tbody>\n<tr>\n<td height=\"20\" style=\"width: 155px;height: 20px\">\nJahr der Erstellung:<\/td>\n<td style=\"width: 439px\">\n1885-1887<\/td>\n<\/tr>\n<tr>\n<td height=\"20\" style=\"width: 155px;height: 20px\">\nOriginalgr\u00f6\u00dfe:<\/td>\n<td style=\"width: 439px\">\n127 x 97 cm<\/td>\n<\/tr>\n<tr>\n<td height=\"20\" style=\"width: 155px;height: 20px\">\nMalstil:<\/td>\n<td style=\"width: 439px\">\nPostimpressionismus<\/td>\n<\/tr>\n<tr>\n<td height=\"20\" style=\"width: 155px;height: 20px\">\nOriginaltechnik:<\/td>\n<td style=\"width: 439px\">\n\u00d6l auf Leinwand<\/td>\n<\/tr>\n<tr>\n<td height=\"20\" style=\"width: 155px;height: 20px\">\nGefunden:<\/td>\n<td style=\"width: 439px\">\nMuseum f\u00fcr moderne Kunst, New York<\/p>\n<div>\n&nbsp;<\/div>\n<\/td>\n<\/tr>\n<\/tbody>\n<colgroup>\n<\/colgroup>\n<\/table>\n<p>\nDas \u00d6l auf Leinwand <em>Der Badende<\/em> ist eines von C\u00e9zannes suggestiveren Figurengem\u00e4lden, obwohl der gebrechliche K\u00f6rper und die Arme keinem Helden geh\u00f6ren und die Wiedergabe im traditionellen Sinne des 19. Jahrhunderts ungeschickt und ungenau ist. Diese Inkongruenzen k\u00f6nnen als modern eingestuft werden; Sie weisen darauf hin, dass C\u00e9zanne trotz Respekt vor der traditionellen Kunst den nackten Mann auf eine Weise darstellte, die von der klassischen Darstellung der Renaissance abweicht. Er strebte nach einer Kunst, die dem Tempo der Zeit folgt und sich den Traditionen der Vergangenheit widersetzt.<\/p>\n","protected":false},"excerpt":{"rendered":"<p>Paul Cezanne \u2013 Badender &nbsp; Jahr der Erstellung: 1885-1887 Originalgr\u00f6\u00dfe: 127 x 97 cm Malstil: Postimpressionismus Originaltechnik: \u00d6l auf Leinwand Gefunden: Museum f\u00fcr moderne Kunst, New York &nbsp; Das \u00d6l auf Leinwand Der Badende ist eines von C\u00e9zannes suggestiveren Figurengem\u00e4lden, obwohl der gebrechliche K\u00f6rper und die Arme keinem Helden geh\u00f6ren [&hellip;]<\/p>\n","protected":false},"featured_media":63397,"template":"","meta":{"_acf_changed":false},"product_brand":[],"product_cat":[8464],"product_tag":[8481,8521,8513,8514],"class_list":{"0":"post-69162","1":"product","2":"type-product","3":"status-publish","4":"has-post-thumbnail","6":"product_cat-paul-cezanne-de","7":"product_tag-cezanne-de","8":"product_tag-maler","9":"product_tag-reproduktion","10":"product_tag-reproduktionen","11":"pa_dimenzija-120-x-160-cm-de","12":"pa_dimenzija-40-x-50-cm-de","13":"pa_dimenzija-50-x-65-cm-de","14":"pa_dimenzija-60-x-80-cm-de","15":"pa_dimenzija-70-x-90-cm-de","16":"pa_dimenzija-80-x-100-cm-de","17":"pa_dimenzija-90-x-120-cm-de","18":"pa_dimenzija-97-x-127-cm-de","19":"pa_oblika-vertikal","20":"pa_okvir-ohne-rahmen","21":"pa_podokvir-ja","22":"pa_podokvir-nein","24":"first","25":"onbackorder","26":"purchasable","27":"product-type-variable","28":"has-default-attributes"},"acf":[],"yoast_head":"<!-- This site is optimized with the Yoast SEO Premium plugin v26.0 (Yoast SEO v27.2) - https:\/\/yoast.com\/product\/yoast-seo-premium-wordpress\/ -->\n<title>Paul Cezanne - Bather - SVETSLIK.SI - 100% handgemalt<\/title>\n<meta name=\"description\" content=\"Paul Cezanne - Bather - 100% handgemalte Gem\u00e4lde - Verkauf von Reproduktionen ber\u00fchmter Gem\u00e4lde und abstrakter Kunst - Wandbilder f\u00fcr das Wohnzimmer\" \/>\n<meta name=\"robots\" content=\"index, follow, max-snippet:-1, max-image-preview:large, max-video-preview:-1\" \/>\n<link rel=\"canonical\" href=\"https:\/\/svetslik.si\/de\/paul-cezanne-de\/bather\/\" \/>\n<meta property=\"og:locale\" content=\"de_DE\" \/>\n<meta property=\"og:type\" content=\"article\" \/>\n<meta property=\"og:title\" content=\"Paul Cezanne - Bather\" \/>\n<meta property=\"og:description\" content=\"100% ro\u010dno naslikane slike na platnu, reprodukcije znanih slikarjev in umetni\u0161ke slike po naro\u010dilu.\" \/>\n<meta property=\"og:url\" content=\"https:\/\/svetslik.si\/de\/paul-cezanne-de\/bather\/\" \/>\n<meta property=\"og:site_name\" content=\"SVETSLIK.SI\" \/>\n<meta property=\"article:publisher\" content=\"https:\/\/www.facebook.com\/svetslik.si\" \/>\n<meta property=\"article:modified_time\" content=\"2026-03-22T19:36:22+00:00\" \/>\n<meta property=\"og:image\" content=\"https:\/\/svetslik.si\/wp-content\/uploads\/2021\/08\/image_Bather-Paul-Czanne_680-scaled.jpg\" \/>\n\t<meta property=\"og:image:width\" content=\"1941\" \/>\n\t<meta property=\"og:image:height\" content=\"2560\" \/>\n\t<meta property=\"og:image:type\" content=\"image\/jpeg\" \/>\n<meta name=\"twitter:card\" content=\"summary_large_image\" \/>\n<meta name=\"twitter:site\" content=\"@svetslik\" \/>\n<meta name=\"twitter:label1\" content=\"Verf\u00fcgbarkeit\" \/>\n\t<meta name=\"twitter:data1\" content=\"bei Nachbestellung\" \/>\n<script type=\"application\/ld+json\" class=\"yoast-schema-graph\">{\"@context\":\"https:\/\/schema.org\",\"@graph\":[{\"@type\":[\"WebPage\",\"ItemPage\"],\"@id\":\"https:\/\/svetslik.si\/de\/paul-cezanne-de\/bather\/\",\"url\":\"https:\/\/svetslik.si\/de\/paul-cezanne-de\/bather\/\",\"name\":\"Paul Cezanne - Bather - SVETSLIK.SI - 100% handgemalt\",\"isPartOf\":{\"@id\":\"https:\/\/svetslik.si\/de\/#website\"},\"primaryImageOfPage\":{\"@id\":\"https:\/\/svetslik.si\/de\/paul-cezanne-de\/bather\/#primaryimage\"},\"image\":{\"@id\":\"https:\/\/svetslik.si\/de\/paul-cezanne-de\/bather\/#primaryimage\"},\"thumbnailUrl\":\"https:\/\/svetslik.si\/wp-content\/uploads\/2021\/08\/image_Bather-Paul-Czanne_680-scaled.jpg\",\"datePublished\":\"2021-09-02T16:12:25+00:00\",\"dateModified\":\"2026-03-22T19:36:22+00:00\",\"description\":\"Paul Cezanne - Bather - 100% handgemalte Gem\u00e4lde - Verkauf von Reproduktionen ber\u00fchmter Gem\u00e4lde und abstrakter Kunst - Wandbilder f\u00fcr das Wohnzimmer\",\"breadcrumb\":{\"@id\":\"https:\/\/svetslik.si\/de\/paul-cezanne-de\/bather\/#breadcrumb\"},\"inLanguage\":\"de\",\"potentialAction\":[{\"@type\":\"ReadAction\",\"target\":[\"https:\/\/svetslik.si\/de\/paul-cezanne-de\/bather\/\"]}]},{\"@type\":\"ImageObject\",\"inLanguage\":\"de\",\"@id\":\"https:\/\/svetslik.si\/de\/paul-cezanne-de\/bather\/#primaryimage\",\"url\":\"https:\/\/svetslik.si\/wp-content\/uploads\/2021\/08\/image_Bather-Paul-Czanne_680-scaled.jpg\",\"contentUrl\":\"https:\/\/svetslik.si\/wp-content\/uploads\/2021\/08\/image_Bather-Paul-Czanne_680-scaled.jpg\",\"width\":1941,\"height\":2560,\"caption\":\"Paul Cezanne - Bather - Badende (Gem\u00e4lde, Leinwandbilder) - 100% handgemalte, Reproduktionen ber\u00fchmter Gem\u00e4lde, Gem\u00e4lde kaufen, Wandbilder Wohnzimmer, ber\u00fchmtes Gem\u00e4lde, Bilderrahmen\"},{\"@type\":\"BreadcrumbList\",\"@id\":\"https:\/\/svetslik.si\/de\/paul-cezanne-de\/bather\/#breadcrumb\",\"itemListElement\":[{\"@type\":\"ListItem\",\"position\":1,\"name\":\"Wandkunst und Gem\u00e4lde auf Leinwand\",\"item\":\"https:\/\/svetslik.si\/de\/\"},{\"@type\":\"ListItem\",\"position\":2,\"name\":\"Verkauf von Gem\u00e4lden\",\"item\":\"https:\/\/svetslik.si\/prodaja-slik\/\"},{\"@type\":\"ListItem\",\"position\":3,\"name\":\"Paul Cezanne &#8211; Bather\"}]},{\"@type\":\"WebSite\",\"@id\":\"https:\/\/svetslik.si\/de\/#website\",\"url\":\"https:\/\/svetslik.si\/de\/\",\"name\":\"SVETSLIK.SI\",\"description\":\"100% handgemalte Reproduktionen von Gem\u00e4lden ber\u00fchmter Maler und Gem\u00e4lde auf Leinwand.\",\"publisher\":{\"@id\":\"https:\/\/svetslik.si\/de\/#organization\"},\"potentialAction\":[{\"@type\":\"SearchAction\",\"target\":{\"@type\":\"EntryPoint\",\"urlTemplate\":\"https:\/\/svetslik.si\/de\/?s={search_term_string}\"},\"query-input\":{\"@type\":\"PropertyValueSpecification\",\"valueRequired\":true,\"valueName\":\"search_term_string\"}}],\"inLanguage\":\"de\"},{\"@type\":\"Organization\",\"@id\":\"https:\/\/svetslik.si\/de\/#organization\",\"name\":\"SvetSlik.si\",\"url\":\"https:\/\/svetslik.si\/de\/\",\"logo\":{\"@type\":\"ImageObject\",\"inLanguage\":\"de\",\"@id\":\"https:\/\/svetslik.si\/de\/#\/schema\/logo\/image\/\",\"url\":\"https:\/\/svetslik.si\/wp-content\/uploads\/2020\/12\/logo-512.png\",\"contentUrl\":\"https:\/\/svetslik.si\/wp-content\/uploads\/2020\/12\/logo-512.png\",\"width\":512,\"height\":512,\"caption\":\"SvetSlik.si\"},\"image\":{\"@id\":\"https:\/\/svetslik.si\/de\/#\/schema\/logo\/image\/\"},\"sameAs\":[\"https:\/\/www.facebook.com\/svetslik.si\",\"https:\/\/x.com\/svetslik\",\"https:\/\/www.instagram.com\/svetslik.si\/\",\"https:\/\/www.linkedin.com\/company\/svetslik-si\"]}]}<\/script>\n<meta property=\"og:availability\" content=\"backorder\" \/>\n<meta property=\"product:availability\" content=\"available for order\" \/>\n<meta property=\"product:retailer_item_id\" content=\"464__\" \/>\n<meta property=\"product:condition\" content=\"new\" \/>\n<!-- \/ Yoast SEO Premium plugin. -->","yoast_head_json":{"title":"Paul Cezanne - Bather - SVETSLIK.SI - 100% handgemalt","description":"Paul Cezanne - Bather - 100% handgemalte Gem\u00e4lde - Verkauf von Reproduktionen ber\u00fchmter Gem\u00e4lde und abstrakter Kunst - Wandbilder f\u00fcr das Wohnzimmer","robots":{"index":"index","follow":"follow","max-snippet":"max-snippet:-1","max-image-preview":"max-image-preview:large","max-video-preview":"max-video-preview:-1"},"canonical":"https:\/\/svetslik.si\/de\/paul-cezanne-de\/bather\/","og_locale":"de_DE","og_type":"article","og_title":"Paul Cezanne - Bather","og_description":"100% ro\u010dno naslikane slike na platnu, reprodukcije znanih slikarjev in umetni\u0161ke slike po naro\u010dilu.","og_url":"https:\/\/svetslik.si\/de\/paul-cezanne-de\/bather\/","og_site_name":"SVETSLIK.SI","article_publisher":"https:\/\/www.facebook.com\/svetslik.si","article_modified_time":"2026-03-22T19:36:22+00:00","og_image":[{"width":1941,"height":2560,"url":"https:\/\/svetslik.si\/wp-content\/uploads\/2021\/08\/image_Bather-Paul-Czanne_680-scaled.jpg","type":"image\/jpeg"}],"twitter_card":"summary_large_image","twitter_site":"@svetslik","twitter_misc":{"Verf\u00fcgbarkeit":"bei Nachbestellung"},"schema":{"@context":"https:\/\/schema.org","@graph":[{"@type":["WebPage","ItemPage"],"@id":"https:\/\/svetslik.si\/de\/paul-cezanne-de\/bather\/","url":"https:\/\/svetslik.si\/de\/paul-cezanne-de\/bather\/","name":"Paul Cezanne - Bather - SVETSLIK.SI - 100% handgemalt","isPartOf":{"@id":"https:\/\/svetslik.si\/de\/#website"},"primaryImageOfPage":{"@id":"https:\/\/svetslik.si\/de\/paul-cezanne-de\/bather\/#primaryimage"},"image":{"@id":"https:\/\/svetslik.si\/de\/paul-cezanne-de\/bather\/#primaryimage"},"thumbnailUrl":"https:\/\/svetslik.si\/wp-content\/uploads\/2021\/08\/image_Bather-Paul-Czanne_680-scaled.jpg","datePublished":"2021-09-02T16:12:25+00:00","dateModified":"2026-03-22T19:36:22+00:00","description":"Paul Cezanne - Bather - 100% handgemalte Gem\u00e4lde - Verkauf von Reproduktionen ber\u00fchmter Gem\u00e4lde und abstrakter Kunst - Wandbilder f\u00fcr das Wohnzimmer","breadcrumb":{"@id":"https:\/\/svetslik.si\/de\/paul-cezanne-de\/bather\/#breadcrumb"},"inLanguage":"de","potentialAction":[{"@type":"ReadAction","target":["https:\/\/svetslik.si\/de\/paul-cezanne-de\/bather\/"]}]},{"@type":"ImageObject","inLanguage":"de","@id":"https:\/\/svetslik.si\/de\/paul-cezanne-de\/bather\/#primaryimage","url":"https:\/\/svetslik.si\/wp-content\/uploads\/2021\/08\/image_Bather-Paul-Czanne_680-scaled.jpg","contentUrl":"https:\/\/svetslik.si\/wp-content\/uploads\/2021\/08\/image_Bather-Paul-Czanne_680-scaled.jpg","width":1941,"height":2560,"caption":"Paul Cezanne - Bather - Badende (Gem\u00e4lde, Leinwandbilder) - 100% handgemalte, Reproduktionen ber\u00fchmter Gem\u00e4lde, Gem\u00e4lde kaufen, Wandbilder Wohnzimmer, ber\u00fchmtes Gem\u00e4lde, Bilderrahmen"},{"@type":"BreadcrumbList","@id":"https:\/\/svetslik.si\/de\/paul-cezanne-de\/bather\/#breadcrumb","itemListElement":[{"@type":"ListItem","position":1,"name":"Wandkunst und Gem\u00e4lde auf Leinwand","item":"https:\/\/svetslik.si\/de\/"},{"@type":"ListItem","position":2,"name":"Verkauf von Gem\u00e4lden","item":"https:\/\/svetslik.si\/prodaja-slik\/"},{"@type":"ListItem","position":3,"name":"Paul Cezanne &#8211; Bather"}]},{"@type":"WebSite","@id":"https:\/\/svetslik.si\/de\/#website","url":"https:\/\/svetslik.si\/de\/","name":"SVETSLIK.SI","description":"100% handgemalte Reproduktionen von Gem\u00e4lden ber\u00fchmter Maler und Gem\u00e4lde auf Leinwand.","publisher":{"@id":"https:\/\/svetslik.si\/de\/#organization"},"potentialAction":[{"@type":"SearchAction","target":{"@type":"EntryPoint","urlTemplate":"https:\/\/svetslik.si\/de\/?s={search_term_string}"},"query-input":{"@type":"PropertyValueSpecification","valueRequired":true,"valueName":"search_term_string"}}],"inLanguage":"de"},{"@type":"Organization","@id":"https:\/\/svetslik.si\/de\/#organization","name":"SvetSlik.si","url":"https:\/\/svetslik.si\/de\/","logo":{"@type":"ImageObject","inLanguage":"de","@id":"https:\/\/svetslik.si\/de\/#\/schema\/logo\/image\/","url":"https:\/\/svetslik.si\/wp-content\/uploads\/2020\/12\/logo-512.png","contentUrl":"https:\/\/svetslik.si\/wp-content\/uploads\/2020\/12\/logo-512.png","width":512,"height":512,"caption":"SvetSlik.si"},"image":{"@id":"https:\/\/svetslik.si\/de\/#\/schema\/logo\/image\/"},"sameAs":["https:\/\/www.facebook.com\/svetslik.si","https:\/\/x.com\/svetslik","https:\/\/www.instagram.com\/svetslik.si\/","https:\/\/www.linkedin.com\/company\/svetslik-si"]}]},"og_availability":"backorder","product_availability":"available for order","product_retailer_item_id":"464__","product_condition":"new"},"jetpack_sharing_enabled":true,"_links":{"self":[{"href":"https:\/\/svetslik.si\/de\/wp-json\/wp\/v2\/product\/69162","targetHints":{"allow":["GET"]}}],"collection":[{"href":"https:\/\/svetslik.si\/de\/wp-json\/wp\/v2\/product"}],"about":[{"href":"https:\/\/svetslik.si\/de\/wp-json\/wp\/v2\/types\/product"}],"wp:featuredmedia":[{"embeddable":true,"href":"https:\/\/svetslik.si\/de\/wp-json\/wp\/v2\/media\/63397"}],"wp:attachment":[{"href":"https:\/\/svetslik.si\/de\/wp-json\/wp\/v2\/media?parent=69162"}],"wp:term":[{"taxonomy":"product_brand","embeddable":true,"href":"https:\/\/svetslik.si\/de\/wp-json\/wp\/v2\/product_brand?post=69162"},{"taxonomy":"product_cat","embeddable":true,"href":"https:\/\/svetslik.si\/de\/wp-json\/wp\/v2\/product_cat?post=69162"},{"taxonomy":"product_tag","embeddable":true,"href":"https:\/\/svetslik.si\/de\/wp-json\/wp\/v2\/product_tag?post=69162"}],"curies":[{"name":"wp","href":"https:\/\/api.w.org\/{rel}","templated":true}]}}