{"id":69288,"date":"2021-09-02T18:14:27","date_gmt":"2021-09-02T16:14:27","guid":{"rendered":"https:\/\/svetslik.si\/unkategorisiert\/bathers-asnieres\/"},"modified":"2026-03-22T20:39:30","modified_gmt":"2026-03-22T19:39:30","slug":"bathers-asnieres","status":"publish","type":"product","link":"https:\/\/svetslik.si\/de\/georges-seurat-de\/bathers-asnieres\/","title":{"rendered":"Georges Seurat &#8211; Bathers, Asni\u00e8res"},"content":{"rendered":"<h1>Georger Seurat \u2013 Badeg\u00e4ste, Asni\u00e8res<\/h1>\n<p>\n&nbsp;<\/p>\n<table border=\"0\" cellpadding=\"0\" style=\"width: 673px\" width=\"673\">\n<tbody>\n<tr>\n<td height=\"21\" style=\"width: 180px;height: 21px\">\nJahr der Erstellung:<\/td>\n<td style=\"width: 493px\">\n1884<\/td>\n<\/tr>\n<tr>\n<td height=\"21\" style=\"width: 180px;height: 21px\">\nOriginalgr\u00f6\u00dfe:<\/td>\n<td style=\"width: 493px\">\n300 cm x 201 cm<\/td>\n<\/tr>\n<tr>\n<td height=\"21\" style=\"width: 180px;height: 21px\">\nMalstil:<\/td>\n<td style=\"width: 493px\">\nPostimpressionismus und Pointillismus<\/td>\n<\/tr>\n<tr>\n<td height=\"21\" style=\"width: 180px;height: 21px\">\nOriginaltechnik:<\/td>\n<td>\n\u00d6l auf Leinwand<\/td>\n<\/tr>\n<tr>\n<td height=\"21\" style=\"width: 180px;height: 21px\">\nGefunden:<\/td>\n<td>\nDie National Gallery, London<\/td>\n<\/tr>\n<\/tbody>\n<colgroup>\n<\/colgroup>\n<\/table>\n<p>\n&nbsp;<\/p>\n<div>\nAsni\u00e8res ist ein Industrievorort im Westen von Paris am Ufer der Seine. Auf dem Gem\u00e4lde <em>Badende, Asni\u00e8res<\/em> stellte der Maler eine Gruppe junger Arbeiter dar, die sich am Fluss ausruhten.<\/div>\n<div>\n&nbsp;<\/div>\n<div>\nDas Gem\u00e4lde ist die erste von Seurats gro\u00dfen Kompositionen. W\u00e4hrend der Vorbereitungen zeichnete er viele Studien einzelner Figuren, f\u00fcr die er lebende Modelle verwendete, sowie viele kleine \u00d6lgem\u00e4lde am Ufer der Seine, mit denen er sich an der Gestaltung der Komposition und der Lichtwirkung beteiligte . Die endg\u00fcltige Komposition malte er im Studio.<\/div>\n<div>\n&nbsp;<\/div>\n<div>\nBei dem Gem\u00e4lde verwendete der K\u00fcnstler nicht seine Technik des Pointillismus, da er sie noch nicht erfunden hatte \u2013 Seurat \u00fcberarbeitete erst sp\u00e4ter Teile dieses Gem\u00e4ldes, indem er Punkte in kontrastierenden Farben hinzuf\u00fcgte und so eine lebendige Atmosph\u00e4re im Gem\u00e4lde schuf. Beispielsweise f\u00fcgte er dem Hut des Jungen sp\u00e4ter Punkte in Orange und Blau hinzu.&nbsp;Die durch das Licht klar definierten einfachen und regelm\u00e4\u00dfigen Formen erinnern an die Werke des Renaissance-K\u00fcnstlers Piero della Francesco.&nbsp;<\/div>\n<div>\n&nbsp;<\/div>\n","protected":false},"excerpt":{"rendered":"<p>Georger Seurat \u2013 Badeg\u00e4ste, Asni\u00e8res &nbsp; Jahr der Erstellung: 1884 Originalgr\u00f6\u00dfe: 300 cm x 201 cm Malstil: Postimpressionismus und Pointillismus Originaltechnik: \u00d6l auf Leinwand Gefunden: Die National Gallery, London &nbsp; Asni\u00e8res ist ein Industrievorort im Westen von Paris am Ufer der Seine. Auf dem Gem\u00e4lde Badende, Asni\u00e8res stellte der Maler [&hellip;]<\/p>\n","protected":false},"featured_media":63398,"template":"","meta":{"_acf_changed":false},"product_brand":[],"product_cat":[8459],"product_tag":[8521,8513,8514,8520],"class_list":{"0":"post-69288","1":"product","2":"type-product","3":"status-publish","4":"has-post-thumbnail","6":"product_cat-georges-seurat-de","7":"product_tag-maler","8":"product_tag-reproduktion","9":"product_tag-reproduktionen","10":"product_tag-seurat-de","11":"pa_dimenzija-100-x-70-cm","12":"pa_dimenzija-120-x-80-cm","13":"pa_dimenzija-140-x-90-cm","14":"pa_dimenzija-180-x-120-cm","15":"pa_dimenzija-220-x-150-cm","16":"pa_dimenzija-260-x-175-cm","17":"pa_dimenzija-300-x-201-cm","18":"pa_dimenzija-80-x-55-cm","19":"pa_oblika-horizontal-de","20":"pa_okvir-ohne-rahmen","21":"pa_podokvir-ja","22":"pa_podokvir-nein","24":"first","25":"onbackorder","26":"purchasable","27":"product-type-variable","28":"has-default-attributes"},"acf":[],"yoast_head":"<!-- This site is optimized with the Yoast SEO Premium plugin v26.0 (Yoast SEO v27.2) - https:\/\/yoast.com\/product\/yoast-seo-premium-wordpress\/ -->\n<title>Georges Seurat - Bathers, Asni\u00e8res - SVETSLIK.SI - 100% handgemalt<\/title>\n<meta name=\"description\" content=\"Georges Seurat - Bathers, Asni\u00e8res - 100% handgemalte Gem\u00e4lde - Verkauf von Reproduktionen ber\u00fchmter Gem\u00e4lde und abstrakter Kunst - Wandbilder f\u00fcr das Wohnzimmer\" \/>\n<meta name=\"robots\" content=\"index, follow, max-snippet:-1, max-image-preview:large, max-video-preview:-1\" \/>\n<link rel=\"canonical\" href=\"https:\/\/svetslik.si\/de\/georges-seurat-de\/bathers-asnieres\/\" \/>\n<meta property=\"og:locale\" content=\"de_DE\" \/>\n<meta property=\"og:type\" content=\"article\" \/>\n<meta property=\"og:title\" content=\"Georges Seurat - Bathers, Asni\u00e8res\" \/>\n<meta property=\"og:description\" content=\"100% ro\u010dno naslikane slike na platnu, reprodukcije znanih slikarjev in umetni\u0161ke slike po naro\u010dilu.\" \/>\n<meta property=\"og:url\" content=\"https:\/\/svetslik.si\/de\/georges-seurat-de\/bathers-asnieres\/\" \/>\n<meta property=\"og:site_name\" content=\"SVETSLIK.SI\" \/>\n<meta property=\"article:publisher\" content=\"https:\/\/www.facebook.com\/svetslik.si\" \/>\n<meta property=\"article:modified_time\" content=\"2026-03-22T19:39:30+00:00\" \/>\n<meta property=\"og:image\" content=\"https:\/\/svetslik.si\/wp-content\/uploads\/2021\/08\/image_Bathers-Asnieres-Seurat_680.jpg\" \/>\n\t<meta property=\"og:image:width\" content=\"1627\" \/>\n\t<meta property=\"og:image:height\" content=\"1080\" \/>\n\t<meta property=\"og:image:type\" content=\"image\/jpeg\" \/>\n<meta name=\"twitter:card\" content=\"summary_large_image\" \/>\n<meta name=\"twitter:site\" content=\"@svetslik\" \/>\n<meta name=\"twitter:label1\" content=\"Verf\u00fcgbarkeit\" \/>\n\t<meta name=\"twitter:data1\" content=\"bei Nachbestellung\" \/>\n<script type=\"application\/ld+json\" class=\"yoast-schema-graph\">{\"@context\":\"https:\/\/schema.org\",\"@graph\":[{\"@type\":[\"WebPage\",\"ItemPage\"],\"@id\":\"https:\/\/svetslik.si\/de\/georges-seurat-de\/bathers-asnieres\/\",\"url\":\"https:\/\/svetslik.si\/de\/georges-seurat-de\/bathers-asnieres\/\",\"name\":\"Georges Seurat - Bathers, Asni\u00e8res - SVETSLIK.SI - 100% handgemalt\",\"isPartOf\":{\"@id\":\"https:\/\/svetslik.si\/de\/#website\"},\"primaryImageOfPage\":{\"@id\":\"https:\/\/svetslik.si\/de\/georges-seurat-de\/bathers-asnieres\/#primaryimage\"},\"image\":{\"@id\":\"https:\/\/svetslik.si\/de\/georges-seurat-de\/bathers-asnieres\/#primaryimage\"},\"thumbnailUrl\":\"https:\/\/svetslik.si\/wp-content\/uploads\/2021\/08\/image_Bathers-Asnieres-Seurat_680.jpg\",\"datePublished\":\"2021-09-02T16:14:27+00:00\",\"dateModified\":\"2026-03-22T19:39:30+00:00\",\"description\":\"Georges Seurat - Bathers, Asni\u00e8res - 100% handgemalte Gem\u00e4lde - Verkauf von Reproduktionen ber\u00fchmter Gem\u00e4lde und abstrakter Kunst - Wandbilder f\u00fcr das Wohnzimmer\",\"breadcrumb\":{\"@id\":\"https:\/\/svetslik.si\/de\/georges-seurat-de\/bathers-asnieres\/#breadcrumb\"},\"inLanguage\":\"de\",\"potentialAction\":[{\"@type\":\"ReadAction\",\"target\":[\"https:\/\/svetslik.si\/de\/georges-seurat-de\/bathers-asnieres\/\"]}]},{\"@type\":\"ImageObject\",\"inLanguage\":\"de\",\"@id\":\"https:\/\/svetslik.si\/de\/georges-seurat-de\/bathers-asnieres\/#primaryimage\",\"url\":\"https:\/\/svetslik.si\/wp-content\/uploads\/2021\/08\/image_Bathers-Asnieres-Seurat_680.jpg\",\"contentUrl\":\"https:\/\/svetslik.si\/wp-content\/uploads\/2021\/08\/image_Bathers-Asnieres-Seurat_680.jpg\",\"width\":1627,\"height\":1080,\"caption\":\"Georges Seurat - Bathers, Asni\u00e8res (Badende, Asni\u00e8res) - Gem\u00e4lde, Pointillismus, Freizeitszenen - 100% handgemalte - Reproduktionen ber\u00fchmter Gem\u00e4lde - Gem\u00e4lde kaufen - Wandbilder Wohnzimmer - Ber\u00fchmtes Gem\u00e4lde - \u00d6lgem\u00e4lde - Bilderrahmen\"},{\"@type\":\"BreadcrumbList\",\"@id\":\"https:\/\/svetslik.si\/de\/georges-seurat-de\/bathers-asnieres\/#breadcrumb\",\"itemListElement\":[{\"@type\":\"ListItem\",\"position\":1,\"name\":\"Wandkunst und Gem\u00e4lde auf Leinwand\",\"item\":\"https:\/\/svetslik.si\/de\/\"},{\"@type\":\"ListItem\",\"position\":2,\"name\":\"Verkauf von Gem\u00e4lden\",\"item\":\"https:\/\/svetslik.si\/prodaja-slik\/\"},{\"@type\":\"ListItem\",\"position\":3,\"name\":\"Georges Seurat &#8211; Bathers, Asni\u00e8res\"}]},{\"@type\":\"WebSite\",\"@id\":\"https:\/\/svetslik.si\/de\/#website\",\"url\":\"https:\/\/svetslik.si\/de\/\",\"name\":\"SVETSLIK.SI\",\"description\":\"100% handgemalte Reproduktionen von Gem\u00e4lden ber\u00fchmter Maler und Gem\u00e4lde auf Leinwand.\",\"publisher\":{\"@id\":\"https:\/\/svetslik.si\/de\/#organization\"},\"potentialAction\":[{\"@type\":\"SearchAction\",\"target\":{\"@type\":\"EntryPoint\",\"urlTemplate\":\"https:\/\/svetslik.si\/de\/?s={search_term_string}\"},\"query-input\":{\"@type\":\"PropertyValueSpecification\",\"valueRequired\":true,\"valueName\":\"search_term_string\"}}],\"inLanguage\":\"de\"},{\"@type\":\"Organization\",\"@id\":\"https:\/\/svetslik.si\/de\/#organization\",\"name\":\"SvetSlik.si\",\"url\":\"https:\/\/svetslik.si\/de\/\",\"logo\":{\"@type\":\"ImageObject\",\"inLanguage\":\"de\",\"@id\":\"https:\/\/svetslik.si\/de\/#\/schema\/logo\/image\/\",\"url\":\"https:\/\/svetslik.si\/wp-content\/uploads\/2020\/12\/logo-512.png\",\"contentUrl\":\"https:\/\/svetslik.si\/wp-content\/uploads\/2020\/12\/logo-512.png\",\"width\":512,\"height\":512,\"caption\":\"SvetSlik.si\"},\"image\":{\"@id\":\"https:\/\/svetslik.si\/de\/#\/schema\/logo\/image\/\"},\"sameAs\":[\"https:\/\/www.facebook.com\/svetslik.si\",\"https:\/\/x.com\/svetslik\",\"https:\/\/www.instagram.com\/svetslik.si\/\",\"https:\/\/www.linkedin.com\/company\/svetslik-si\"]}]}<\/script>\n<meta property=\"og:availability\" content=\"backorder\" \/>\n<meta property=\"product:availability\" content=\"available for order\" \/>\n<meta property=\"product:retailer_item_id\" content=\"482__\" \/>\n<meta property=\"product:condition\" content=\"new\" \/>\n<!-- \/ Yoast SEO Premium plugin. -->","yoast_head_json":{"title":"Georges Seurat - Bathers, Asni\u00e8res - SVETSLIK.SI - 100% handgemalt","description":"Georges Seurat - Bathers, Asni\u00e8res - 100% handgemalte Gem\u00e4lde - Verkauf von Reproduktionen ber\u00fchmter Gem\u00e4lde und abstrakter Kunst - Wandbilder f\u00fcr das Wohnzimmer","robots":{"index":"index","follow":"follow","max-snippet":"max-snippet:-1","max-image-preview":"max-image-preview:large","max-video-preview":"max-video-preview:-1"},"canonical":"https:\/\/svetslik.si\/de\/georges-seurat-de\/bathers-asnieres\/","og_locale":"de_DE","og_type":"article","og_title":"Georges Seurat - Bathers, Asni\u00e8res","og_description":"100% ro\u010dno naslikane slike na platnu, reprodukcije znanih slikarjev in umetni\u0161ke slike po naro\u010dilu.","og_url":"https:\/\/svetslik.si\/de\/georges-seurat-de\/bathers-asnieres\/","og_site_name":"SVETSLIK.SI","article_publisher":"https:\/\/www.facebook.com\/svetslik.si","article_modified_time":"2026-03-22T19:39:30+00:00","og_image":[{"width":1627,"height":1080,"url":"https:\/\/svetslik.si\/wp-content\/uploads\/2021\/08\/image_Bathers-Asnieres-Seurat_680.jpg","type":"image\/jpeg"}],"twitter_card":"summary_large_image","twitter_site":"@svetslik","twitter_misc":{"Verf\u00fcgbarkeit":"bei Nachbestellung"},"schema":{"@context":"https:\/\/schema.org","@graph":[{"@type":["WebPage","ItemPage"],"@id":"https:\/\/svetslik.si\/de\/georges-seurat-de\/bathers-asnieres\/","url":"https:\/\/svetslik.si\/de\/georges-seurat-de\/bathers-asnieres\/","name":"Georges Seurat - Bathers, Asni\u00e8res - SVETSLIK.SI - 100% handgemalt","isPartOf":{"@id":"https:\/\/svetslik.si\/de\/#website"},"primaryImageOfPage":{"@id":"https:\/\/svetslik.si\/de\/georges-seurat-de\/bathers-asnieres\/#primaryimage"},"image":{"@id":"https:\/\/svetslik.si\/de\/georges-seurat-de\/bathers-asnieres\/#primaryimage"},"thumbnailUrl":"https:\/\/svetslik.si\/wp-content\/uploads\/2021\/08\/image_Bathers-Asnieres-Seurat_680.jpg","datePublished":"2021-09-02T16:14:27+00:00","dateModified":"2026-03-22T19:39:30+00:00","description":"Georges Seurat - Bathers, Asni\u00e8res - 100% handgemalte Gem\u00e4lde - Verkauf von Reproduktionen ber\u00fchmter Gem\u00e4lde und abstrakter Kunst - Wandbilder f\u00fcr das Wohnzimmer","breadcrumb":{"@id":"https:\/\/svetslik.si\/de\/georges-seurat-de\/bathers-asnieres\/#breadcrumb"},"inLanguage":"de","potentialAction":[{"@type":"ReadAction","target":["https:\/\/svetslik.si\/de\/georges-seurat-de\/bathers-asnieres\/"]}]},{"@type":"ImageObject","inLanguage":"de","@id":"https:\/\/svetslik.si\/de\/georges-seurat-de\/bathers-asnieres\/#primaryimage","url":"https:\/\/svetslik.si\/wp-content\/uploads\/2021\/08\/image_Bathers-Asnieres-Seurat_680.jpg","contentUrl":"https:\/\/svetslik.si\/wp-content\/uploads\/2021\/08\/image_Bathers-Asnieres-Seurat_680.jpg","width":1627,"height":1080,"caption":"Georges Seurat - Bathers, Asni\u00e8res (Badende, Asni\u00e8res) - Gem\u00e4lde, Pointillismus, Freizeitszenen - 100% handgemalte - Reproduktionen ber\u00fchmter Gem\u00e4lde - Gem\u00e4lde kaufen - Wandbilder Wohnzimmer - Ber\u00fchmtes Gem\u00e4lde - \u00d6lgem\u00e4lde - Bilderrahmen"},{"@type":"BreadcrumbList","@id":"https:\/\/svetslik.si\/de\/georges-seurat-de\/bathers-asnieres\/#breadcrumb","itemListElement":[{"@type":"ListItem","position":1,"name":"Wandkunst und Gem\u00e4lde auf Leinwand","item":"https:\/\/svetslik.si\/de\/"},{"@type":"ListItem","position":2,"name":"Verkauf von Gem\u00e4lden","item":"https:\/\/svetslik.si\/prodaja-slik\/"},{"@type":"ListItem","position":3,"name":"Georges Seurat &#8211; Bathers, Asni\u00e8res"}]},{"@type":"WebSite","@id":"https:\/\/svetslik.si\/de\/#website","url":"https:\/\/svetslik.si\/de\/","name":"SVETSLIK.SI","description":"100% handgemalte Reproduktionen von Gem\u00e4lden ber\u00fchmter Maler und Gem\u00e4lde auf Leinwand.","publisher":{"@id":"https:\/\/svetslik.si\/de\/#organization"},"potentialAction":[{"@type":"SearchAction","target":{"@type":"EntryPoint","urlTemplate":"https:\/\/svetslik.si\/de\/?s={search_term_string}"},"query-input":{"@type":"PropertyValueSpecification","valueRequired":true,"valueName":"search_term_string"}}],"inLanguage":"de"},{"@type":"Organization","@id":"https:\/\/svetslik.si\/de\/#organization","name":"SvetSlik.si","url":"https:\/\/svetslik.si\/de\/","logo":{"@type":"ImageObject","inLanguage":"de","@id":"https:\/\/svetslik.si\/de\/#\/schema\/logo\/image\/","url":"https:\/\/svetslik.si\/wp-content\/uploads\/2020\/12\/logo-512.png","contentUrl":"https:\/\/svetslik.si\/wp-content\/uploads\/2020\/12\/logo-512.png","width":512,"height":512,"caption":"SvetSlik.si"},"image":{"@id":"https:\/\/svetslik.si\/de\/#\/schema\/logo\/image\/"},"sameAs":["https:\/\/www.facebook.com\/svetslik.si","https:\/\/x.com\/svetslik","https:\/\/www.instagram.com\/svetslik.si\/","https:\/\/www.linkedin.com\/company\/svetslik-si"]}]},"og_availability":"backorder","product_availability":"available for order","product_retailer_item_id":"482__","product_condition":"new"},"jetpack_sharing_enabled":true,"_links":{"self":[{"href":"https:\/\/svetslik.si\/de\/wp-json\/wp\/v2\/product\/69288","targetHints":{"allow":["GET"]}}],"collection":[{"href":"https:\/\/svetslik.si\/de\/wp-json\/wp\/v2\/product"}],"about":[{"href":"https:\/\/svetslik.si\/de\/wp-json\/wp\/v2\/types\/product"}],"wp:featuredmedia":[{"embeddable":true,"href":"https:\/\/svetslik.si\/de\/wp-json\/wp\/v2\/media\/63398"}],"wp:attachment":[{"href":"https:\/\/svetslik.si\/de\/wp-json\/wp\/v2\/media?parent=69288"}],"wp:term":[{"taxonomy":"product_brand","embeddable":true,"href":"https:\/\/svetslik.si\/de\/wp-json\/wp\/v2\/product_brand?post=69288"},{"taxonomy":"product_cat","embeddable":true,"href":"https:\/\/svetslik.si\/de\/wp-json\/wp\/v2\/product_cat?post=69288"},{"taxonomy":"product_tag","embeddable":true,"href":"https:\/\/svetslik.si\/de\/wp-json\/wp\/v2\/product_tag?post=69288"}],"curies":[{"name":"wp","href":"https:\/\/api.w.org\/{rel}","templated":true}]}}