{"id":69297,"date":"2021-09-02T18:14:27","date_gmt":"2021-09-02T16:14:27","guid":{"rendered":"https:\/\/svetslik.si\/unkategorisiert\/skull-with-burning-cigarette\/"},"modified":"2026-03-22T20:39:30","modified_gmt":"2026-03-22T19:39:30","slug":"skull-with-burning-cigarette","status":"publish","type":"product","link":"https:\/\/svetslik.si\/de\/vincent-van-gogh-de\/skull-with-burning-cigarette\/","title":{"rendered":"Vincent van Gogh &#8211; Skull with Burning Cigarette"},"content":{"rendered":"<h1>Vincent Van Gogh \u2013 Totenkopf mit brennender Zigarette<\/h1>\n<p>&nbsp;<\/p>\n<table style=\"width: 497px\" border=\"0\" width=\"497\" cellpadding=\"0\">\n<tbody>\n<tr>\n<td style=\"width: 155px;height: 21px\" height=\"21\">Erstellungsjahr:<\/td>\n<td style=\"width: 343px\">1886<\/td>\n<\/tr>\n<tr>\n<td style=\"width: 155px;height: 21px\" height=\"21\">Originalgr\u00f6\u00dfe:<\/td>\n<td style=\"width: 343px\">24,5 cm x 32 cm<\/td>\n<\/tr>\n<tr>\n<td style=\"width: 155px;height: 21px\" height=\"21\">Lackstil:<\/td>\n<td style=\"width: 343px\">Postimpressionismus<\/td>\n<\/tr>\n<tr>\n<td style=\"width: 155px;height: 21px\" height=\"21\">Originaltechnik:<\/td>\n<td style=\"width: 343px\">\u00d6l auf Leinwand<\/td>\n<\/tr>\n<tr>\n<td style=\"width: 155px;height: 21px\" height=\"21\">Standort:<\/td>\n<td style=\"width: 343px\">Van Gogh Museum, Niederlande<\/td>\n<\/tr>\n<\/tbody>\n<colgroup>\n<col \/>\n<col \/> <\/colgroup>\n<\/table>\n<p>&nbsp;<\/p>\n<div>Dieses ungew\u00f6hnliche und etwas dunkle Bild ist undatiert. Van Gogh malte es wahrscheinlich im Winter 1885\/89 w\u00e4hrend seines Aufenthalts in Antwerpen, wo er die Akademie der K\u00fcnste besuchte. Malstudenten kopierten oft gedruckte Versionen von Kunstwerken und lernten die Anatomie des menschlichen K\u00f6rpers durch das Malen von Skeletten kennen.<\/div>\n<div>Das Gem\u00e4lde <em>Totenkopf mit brennender Zigarette<\/em> war h\u00f6chstwahrscheinlich als Witz gedacht, wahrscheinlich aber auch als Kommentar zur konservativen akademischen Praxis zu Van Goghs Zeiten.<\/div>\n<div><\/div>\n<div>\n<p>\u201eTotenkopf mit brennender Zigarette\u201c, gemalt vom niederl\u00e4ndischen K\u00fcnstler Vincent van Gogh in den Jahren 1885\u20131886, ist ein eindrucksvolles und einzigartiges Gem\u00e4lde, das das Experimentieren des K\u00fcnstlers mit verschiedenen Techniken und Themen zeigt. Das Bild zeigt einen Totenkopf mit einer brennenden Zigarette zwischen den Z\u00e4hnen auf dunklem Hintergrund. Das Gem\u00e4lde ist bekannt f\u00fcr sein dunkles und unheimliches Motiv und die Verwendung dicker, markanter Pinselstriche und kr\u00e4ftiger Kontraste.<\/p>\n<p>\u201eSch\u00e4del mit brennender Zigarette\u201c ist ein hervorragendes Beispiel f\u00fcr Van Goghs fr\u00fches Werk und gilt als Vorl\u00e4ufer seiner sp\u00e4teren, bekannteren Werke. Das Gem\u00e4lde hat ein dunkles und unheilvolles Thema, das sich von den pastoralen Landschaften und Portr\u00e4ts unterscheidet, die die fr\u00fchen Werke des K\u00fcnstlers kennzeichneten. Dichte, sichtbare Pinselstriche und kr\u00e4ftige Kontraste erzeugen ein Gef\u00fchl von Bewegung und Energie im Gem\u00e4lde, w\u00e4hrend der dunkle Hintergrund ein Gef\u00fchl von Dramatik und Spannung erzeugt.<\/p>\n<p>Eines der auff\u00e4lligsten Merkmale des Gem\u00e4ldes \u201eTotenkopf mit brennender Zigarette\u201c ist die Verwendung von Farbe. Van Goghs Verwendung dunkler und ged\u00e4mpfter Farben erzeugt ein Gef\u00fchl von Geheimnis und Intrige, und der Sch\u00e4del ist in Wei\u00df- und Graut\u00f6nen dargestellt, wodurch ein starker Kontrast zum dunklen Hintergrund entsteht. Bemerkenswert sind auch die Pinselstriche mit dicken, sichtbaren Strichen, die dem Gem\u00e4lde ein Gef\u00fchl von Bewegung und Energie verleihen.<\/p>\n<p>Auch die Symbolik des Gem\u00e4ldes ist reichhaltig. Der Totenkopf gilt oft als Symbol des Todes und der Verg\u00e4nglichkeit des Lebens. Eine brennende Zigarette k\u00f6nnte die Vorstellung eines erf\u00fcllten Lebens oder die Vorstellung des Todes als st\u00e4ndigem Begleiter symbolisieren. Das Gem\u00e4lde soll Van Goghs damaligen emotionalen Zustand darstellen. Es wird angenommen, dass das Gem\u00e4lde zu einer Zeit entstand, als Van Gogh sehr unruhig und emotional gest\u00f6rt war, und dass das Gem\u00e4lde ein Spiegelbild seiner inneren Unruhe sei.<\/p>\n<p>Das Gem\u00e4lde \u201eTotenkopf mit brennender Zigarette\u201c gilt als weniger bekanntes Werk Van Goghs und wird nicht so oft ausgestellt wie seine anderen Werke. Dennoch gilt es immer noch als wichtiges Werk seines Fr\u00fchwerks und als wichtige Darstellung seiner Experimente mit verschiedenen Techniken und Themen.<\/p>\n<p>Zusammenfassend l\u00e4sst sich sagen, dass \u201eTotenkopf mit brennender Zigarette\u201c ein eindrucksvolles und einzigartiges Gem\u00e4lde ist, das Vincent van Goghs Experimente mit verschiedenen Techniken und Themen zeigt. Die Verwendung dunkler und ruhiger Farben im Bild erzeugt ein Gef\u00fchl von Geheimnis und Intrige, und der Sch\u00e4del ist in Wei\u00df- und Graut\u00f6nen dargestellt, wodurch ein starker Kontrast zum dunklen Hintergrund entsteht. Bemerkenswert sind auch die Pinselstriche mit dichten, sichtbaren Strichen, die dem Gem\u00e4lde ein Gef\u00fchl von Bewegung und Energie verleihen. Auch die Symbolik des Gem\u00e4ldes ist reichhaltig, was als Spiegelbild von Van Goghs damaligem Gef\u00fchlszustand interpretiert werden kann. Obwohl das Gem\u00e4lde nicht so bekannt ist wie seine anderen Werke, gilt es dennoch als wichtiger Teil seines Fr\u00fchwerks und als wichtiges Beispiel f\u00fcr seine Experimente mit verschiedenen Techniken und Themen.<\/p>\n<\/div>\n<div><\/div>\n","protected":false},"excerpt":{"rendered":"<p>Vincent Van Gogh \u2013 Totenkopf mit brennender Zigarette &nbsp; Erstellungsjahr: 1886 Originalgr\u00f6\u00dfe: 24,5 cm x 32 cm Lackstil: Postimpressionismus Originaltechnik: \u00d6l auf Leinwand Standort: Van Gogh Museum, Niederlande &nbsp; Dieses ungew\u00f6hnliche und etwas dunkle Bild ist undatiert. Van Gogh malte es wahrscheinlich im Winter 1885\/89 w\u00e4hrend seines Aufenthalts in Antwerpen, [&hellip;]<\/p>\n","protected":false},"featured_media":64024,"template":"","meta":{"_acf_changed":false},"product_brand":[],"product_cat":[8468],"product_tag":[8521,8513,8514,8581],"class_list":{"0":"post-69297","1":"product","2":"type-product","3":"status-publish","4":"has-post-thumbnail","6":"product_cat-vincent-van-gogh-de","7":"product_tag-maler","8":"product_tag-reproduktion","9":"product_tag-reproduktionen","10":"product_tag-van-gogh-de","11":"pa_dimenzija-100-x-130-cm","12":"pa_dimenzija-120-x-160-cm","13":"pa_dimenzija-25-x-32-cm","14":"pa_dimenzija-30-x-40-cm","15":"pa_dimenzija-40-x-50-cm","16":"pa_dimenzija-50-x-65-cm","17":"pa_dimenzija-60-x-80-cm","18":"pa_dimenzija-80-x-100-cm","19":"pa_oblika-vertikal","20":"pa_okvir-ohne-rahmen","21":"pa_podokvir-ja","22":"pa_podokvir-nein","24":"first","25":"onbackorder","26":"purchasable","27":"product-type-variable","28":"has-default-attributes"},"acf":[],"yoast_head":"<!-- This site is optimized with the Yoast SEO Premium plugin v26.0 (Yoast SEO v27.2) - https:\/\/yoast.com\/product\/yoast-seo-premium-wordpress\/ -->\n<title>Vincent van Gogh - Skull with Burning Cigarette - SVETSLIK.SI - 100% handgemalt<\/title>\n<meta name=\"description\" content=\"Vincent van Gogh - Skull with Burning Cigarette - 100% handgemalte Gem\u00e4lde - Verkauf von Reproduktionen ber\u00fchmter Gem\u00e4lde und abstrakter Kunst - Wandbilder f\u00fcr das Wohnzimmer\" \/>\n<meta name=\"robots\" content=\"index, follow, max-snippet:-1, max-image-preview:large, max-video-preview:-1\" \/>\n<link rel=\"canonical\" href=\"https:\/\/svetslik.si\/de\/vincent-van-gogh-de\/skull-with-burning-cigarette\/\" \/>\n<meta property=\"og:locale\" content=\"de_DE\" \/>\n<meta property=\"og:type\" content=\"article\" \/>\n<meta property=\"og:title\" content=\"Vincent van Gogh - Skull with Burning Cigarette\" \/>\n<meta property=\"og:description\" content=\"100% ro\u010dno naslikane slike na platnu, reprodukcije znanih slikarjev in umetni\u0161ke slike po naro\u010dilu.\" \/>\n<meta property=\"og:url\" content=\"https:\/\/svetslik.si\/de\/vincent-van-gogh-de\/skull-with-burning-cigarette\/\" \/>\n<meta property=\"og:site_name\" content=\"SVETSLIK.SI\" \/>\n<meta property=\"article:publisher\" content=\"https:\/\/www.facebook.com\/svetslik.si\" \/>\n<meta property=\"article:modified_time\" content=\"2026-03-22T19:39:30+00:00\" \/>\n<meta property=\"og:image\" content=\"https:\/\/svetslik.si\/wp-content\/uploads\/2021\/08\/image_Skull-with-Burning-cigarette-van-Gogh_680-scaled.jpg\" \/>\n\t<meta property=\"og:image:width\" content=\"1902\" \/>\n\t<meta property=\"og:image:height\" content=\"2560\" \/>\n\t<meta property=\"og:image:type\" content=\"image\/jpeg\" \/>\n<meta name=\"twitter:card\" content=\"summary_large_image\" \/>\n<meta name=\"twitter:site\" content=\"@svetslik\" \/>\n<meta name=\"twitter:label1\" content=\"Verf\u00fcgbarkeit\" \/>\n\t<meta name=\"twitter:data1\" content=\"bei Nachbestellung\" \/>\n<script type=\"application\/ld+json\" class=\"yoast-schema-graph\">{\"@context\":\"https:\/\/schema.org\",\"@graph\":[{\"@type\":[\"WebPage\",\"ItemPage\"],\"@id\":\"https:\/\/svetslik.si\/de\/vincent-van-gogh-de\/skull-with-burning-cigarette\/\",\"url\":\"https:\/\/svetslik.si\/de\/vincent-van-gogh-de\/skull-with-burning-cigarette\/\",\"name\":\"Vincent van Gogh - Skull with Burning Cigarette - SVETSLIK.SI - 100% handgemalt\",\"isPartOf\":{\"@id\":\"https:\/\/svetslik.si\/de\/#website\"},\"primaryImageOfPage\":{\"@id\":\"https:\/\/svetslik.si\/de\/vincent-van-gogh-de\/skull-with-burning-cigarette\/#primaryimage\"},\"image\":{\"@id\":\"https:\/\/svetslik.si\/de\/vincent-van-gogh-de\/skull-with-burning-cigarette\/#primaryimage\"},\"thumbnailUrl\":\"https:\/\/svetslik.si\/wp-content\/uploads\/2021\/08\/image_Skull-with-Burning-cigarette-van-Gogh_680-scaled.jpg\",\"datePublished\":\"2021-09-02T16:14:27+00:00\",\"dateModified\":\"2026-03-22T19:39:30+00:00\",\"description\":\"Vincent van Gogh - Skull with Burning Cigarette - 100% handgemalte Gem\u00e4lde - Verkauf von Reproduktionen ber\u00fchmter Gem\u00e4lde und abstrakter Kunst - Wandbilder f\u00fcr das Wohnzimmer\",\"breadcrumb\":{\"@id\":\"https:\/\/svetslik.si\/de\/vincent-van-gogh-de\/skull-with-burning-cigarette\/#breadcrumb\"},\"inLanguage\":\"de\",\"potentialAction\":[{\"@type\":\"ReadAction\",\"target\":[\"https:\/\/svetslik.si\/de\/vincent-van-gogh-de\/skull-with-burning-cigarette\/\"]}]},{\"@type\":\"ImageObject\",\"inLanguage\":\"de\",\"@id\":\"https:\/\/svetslik.si\/de\/vincent-van-gogh-de\/skull-with-burning-cigarette\/#primaryimage\",\"url\":\"https:\/\/svetslik.si\/wp-content\/uploads\/2021\/08\/image_Skull-with-Burning-cigarette-van-Gogh_680-scaled.jpg\",\"contentUrl\":\"https:\/\/svetslik.si\/wp-content\/uploads\/2021\/08\/image_Skull-with-Burning-cigarette-van-Gogh_680-scaled.jpg\",\"width\":1902,\"height\":2560,\"caption\":\"Vincent Van Gogh - Skull with Burning Cigarette - Sch\u00e4del mit brennender Zigarette, Gem\u00e4lde, Leinwandbilder - 100% handgemalte, Reproduktionen ber\u00fchmter Gem\u00e4lde, Gem\u00e4lde kaufen, Wandbilder Wohnzimmer, ber\u00fchmtes Gem\u00e4lde, \u00d6lgem\u00e4lde, Bilderrahmen\"},{\"@type\":\"BreadcrumbList\",\"@id\":\"https:\/\/svetslik.si\/de\/vincent-van-gogh-de\/skull-with-burning-cigarette\/#breadcrumb\",\"itemListElement\":[{\"@type\":\"ListItem\",\"position\":1,\"name\":\"Wandkunst und Gem\u00e4lde auf Leinwand\",\"item\":\"https:\/\/svetslik.si\/de\/\"},{\"@type\":\"ListItem\",\"position\":2,\"name\":\"Verkauf von Gem\u00e4lden\",\"item\":\"https:\/\/svetslik.si\/prodaja-slik\/\"},{\"@type\":\"ListItem\",\"position\":3,\"name\":\"Vincent van Gogh &#8211; Skull with Burning Cigarette\"}]},{\"@type\":\"WebSite\",\"@id\":\"https:\/\/svetslik.si\/de\/#website\",\"url\":\"https:\/\/svetslik.si\/de\/\",\"name\":\"SVETSLIK.SI\",\"description\":\"100% handgemalte Reproduktionen von Gem\u00e4lden ber\u00fchmter Maler und Gem\u00e4lde auf Leinwand.\",\"publisher\":{\"@id\":\"https:\/\/svetslik.si\/de\/#organization\"},\"potentialAction\":[{\"@type\":\"SearchAction\",\"target\":{\"@type\":\"EntryPoint\",\"urlTemplate\":\"https:\/\/svetslik.si\/de\/?s={search_term_string}\"},\"query-input\":{\"@type\":\"PropertyValueSpecification\",\"valueRequired\":true,\"valueName\":\"search_term_string\"}}],\"inLanguage\":\"de\"},{\"@type\":\"Organization\",\"@id\":\"https:\/\/svetslik.si\/de\/#organization\",\"name\":\"SvetSlik.si\",\"url\":\"https:\/\/svetslik.si\/de\/\",\"logo\":{\"@type\":\"ImageObject\",\"inLanguage\":\"de\",\"@id\":\"https:\/\/svetslik.si\/de\/#\/schema\/logo\/image\/\",\"url\":\"https:\/\/svetslik.si\/wp-content\/uploads\/2020\/12\/logo-512.png\",\"contentUrl\":\"https:\/\/svetslik.si\/wp-content\/uploads\/2020\/12\/logo-512.png\",\"width\":512,\"height\":512,\"caption\":\"SvetSlik.si\"},\"image\":{\"@id\":\"https:\/\/svetslik.si\/de\/#\/schema\/logo\/image\/\"},\"sameAs\":[\"https:\/\/www.facebook.com\/svetslik.si\",\"https:\/\/x.com\/svetslik\",\"https:\/\/www.instagram.com\/svetslik.si\/\",\"https:\/\/www.linkedin.com\/company\/svetslik-si\"]}]}<\/script>\n<meta property=\"og:availability\" content=\"backorder\" \/>\n<meta property=\"product:availability\" content=\"available for order\" \/>\n<meta property=\"product:retailer_item_id\" content=\"484__\" \/>\n<meta property=\"product:condition\" content=\"new\" \/>\n<!-- \/ Yoast SEO Premium plugin. -->","yoast_head_json":{"title":"Vincent van Gogh - Skull with Burning Cigarette - SVETSLIK.SI - 100% handgemalt","description":"Vincent van Gogh - Skull with Burning Cigarette - 100% handgemalte Gem\u00e4lde - Verkauf von Reproduktionen ber\u00fchmter Gem\u00e4lde und abstrakter Kunst - Wandbilder f\u00fcr das Wohnzimmer","robots":{"index":"index","follow":"follow","max-snippet":"max-snippet:-1","max-image-preview":"max-image-preview:large","max-video-preview":"max-video-preview:-1"},"canonical":"https:\/\/svetslik.si\/de\/vincent-van-gogh-de\/skull-with-burning-cigarette\/","og_locale":"de_DE","og_type":"article","og_title":"Vincent van Gogh - Skull with Burning Cigarette","og_description":"100% ro\u010dno naslikane slike na platnu, reprodukcije znanih slikarjev in umetni\u0161ke slike po naro\u010dilu.","og_url":"https:\/\/svetslik.si\/de\/vincent-van-gogh-de\/skull-with-burning-cigarette\/","og_site_name":"SVETSLIK.SI","article_publisher":"https:\/\/www.facebook.com\/svetslik.si","article_modified_time":"2026-03-22T19:39:30+00:00","og_image":[{"width":1902,"height":2560,"url":"https:\/\/svetslik.si\/wp-content\/uploads\/2021\/08\/image_Skull-with-Burning-cigarette-van-Gogh_680-scaled.jpg","type":"image\/jpeg"}],"twitter_card":"summary_large_image","twitter_site":"@svetslik","twitter_misc":{"Verf\u00fcgbarkeit":"bei Nachbestellung"},"schema":{"@context":"https:\/\/schema.org","@graph":[{"@type":["WebPage","ItemPage"],"@id":"https:\/\/svetslik.si\/de\/vincent-van-gogh-de\/skull-with-burning-cigarette\/","url":"https:\/\/svetslik.si\/de\/vincent-van-gogh-de\/skull-with-burning-cigarette\/","name":"Vincent van Gogh - Skull with Burning Cigarette - SVETSLIK.SI - 100% handgemalt","isPartOf":{"@id":"https:\/\/svetslik.si\/de\/#website"},"primaryImageOfPage":{"@id":"https:\/\/svetslik.si\/de\/vincent-van-gogh-de\/skull-with-burning-cigarette\/#primaryimage"},"image":{"@id":"https:\/\/svetslik.si\/de\/vincent-van-gogh-de\/skull-with-burning-cigarette\/#primaryimage"},"thumbnailUrl":"https:\/\/svetslik.si\/wp-content\/uploads\/2021\/08\/image_Skull-with-Burning-cigarette-van-Gogh_680-scaled.jpg","datePublished":"2021-09-02T16:14:27+00:00","dateModified":"2026-03-22T19:39:30+00:00","description":"Vincent van Gogh - Skull with Burning Cigarette - 100% handgemalte Gem\u00e4lde - Verkauf von Reproduktionen ber\u00fchmter Gem\u00e4lde und abstrakter Kunst - Wandbilder f\u00fcr das Wohnzimmer","breadcrumb":{"@id":"https:\/\/svetslik.si\/de\/vincent-van-gogh-de\/skull-with-burning-cigarette\/#breadcrumb"},"inLanguage":"de","potentialAction":[{"@type":"ReadAction","target":["https:\/\/svetslik.si\/de\/vincent-van-gogh-de\/skull-with-burning-cigarette\/"]}]},{"@type":"ImageObject","inLanguage":"de","@id":"https:\/\/svetslik.si\/de\/vincent-van-gogh-de\/skull-with-burning-cigarette\/#primaryimage","url":"https:\/\/svetslik.si\/wp-content\/uploads\/2021\/08\/image_Skull-with-Burning-cigarette-van-Gogh_680-scaled.jpg","contentUrl":"https:\/\/svetslik.si\/wp-content\/uploads\/2021\/08\/image_Skull-with-Burning-cigarette-van-Gogh_680-scaled.jpg","width":1902,"height":2560,"caption":"Vincent Van Gogh - Skull with Burning Cigarette - Sch\u00e4del mit brennender Zigarette, Gem\u00e4lde, Leinwandbilder - 100% handgemalte, Reproduktionen ber\u00fchmter Gem\u00e4lde, Gem\u00e4lde kaufen, Wandbilder Wohnzimmer, ber\u00fchmtes Gem\u00e4lde, \u00d6lgem\u00e4lde, Bilderrahmen"},{"@type":"BreadcrumbList","@id":"https:\/\/svetslik.si\/de\/vincent-van-gogh-de\/skull-with-burning-cigarette\/#breadcrumb","itemListElement":[{"@type":"ListItem","position":1,"name":"Wandkunst und Gem\u00e4lde auf Leinwand","item":"https:\/\/svetslik.si\/de\/"},{"@type":"ListItem","position":2,"name":"Verkauf von Gem\u00e4lden","item":"https:\/\/svetslik.si\/prodaja-slik\/"},{"@type":"ListItem","position":3,"name":"Vincent van Gogh &#8211; Skull with Burning Cigarette"}]},{"@type":"WebSite","@id":"https:\/\/svetslik.si\/de\/#website","url":"https:\/\/svetslik.si\/de\/","name":"SVETSLIK.SI","description":"100% handgemalte Reproduktionen von Gem\u00e4lden ber\u00fchmter Maler und Gem\u00e4lde auf Leinwand.","publisher":{"@id":"https:\/\/svetslik.si\/de\/#organization"},"potentialAction":[{"@type":"SearchAction","target":{"@type":"EntryPoint","urlTemplate":"https:\/\/svetslik.si\/de\/?s={search_term_string}"},"query-input":{"@type":"PropertyValueSpecification","valueRequired":true,"valueName":"search_term_string"}}],"inLanguage":"de"},{"@type":"Organization","@id":"https:\/\/svetslik.si\/de\/#organization","name":"SvetSlik.si","url":"https:\/\/svetslik.si\/de\/","logo":{"@type":"ImageObject","inLanguage":"de","@id":"https:\/\/svetslik.si\/de\/#\/schema\/logo\/image\/","url":"https:\/\/svetslik.si\/wp-content\/uploads\/2020\/12\/logo-512.png","contentUrl":"https:\/\/svetslik.si\/wp-content\/uploads\/2020\/12\/logo-512.png","width":512,"height":512,"caption":"SvetSlik.si"},"image":{"@id":"https:\/\/svetslik.si\/de\/#\/schema\/logo\/image\/"},"sameAs":["https:\/\/www.facebook.com\/svetslik.si","https:\/\/x.com\/svetslik","https:\/\/www.instagram.com\/svetslik.si\/","https:\/\/www.linkedin.com\/company\/svetslik-si"]}]},"og_availability":"backorder","product_availability":"available for order","product_retailer_item_id":"484__","product_condition":"new"},"jetpack_sharing_enabled":true,"_links":{"self":[{"href":"https:\/\/svetslik.si\/de\/wp-json\/wp\/v2\/product\/69297","targetHints":{"allow":["GET"]}}],"collection":[{"href":"https:\/\/svetslik.si\/de\/wp-json\/wp\/v2\/product"}],"about":[{"href":"https:\/\/svetslik.si\/de\/wp-json\/wp\/v2\/types\/product"}],"wp:featuredmedia":[{"embeddable":true,"href":"https:\/\/svetslik.si\/de\/wp-json\/wp\/v2\/media\/64024"}],"wp:attachment":[{"href":"https:\/\/svetslik.si\/de\/wp-json\/wp\/v2\/media?parent=69297"}],"wp:term":[{"taxonomy":"product_brand","embeddable":true,"href":"https:\/\/svetslik.si\/de\/wp-json\/wp\/v2\/product_brand?post=69297"},{"taxonomy":"product_cat","embeddable":true,"href":"https:\/\/svetslik.si\/de\/wp-json\/wp\/v2\/product_cat?post=69297"},{"taxonomy":"product_tag","embeddable":true,"href":"https:\/\/svetslik.si\/de\/wp-json\/wp\/v2\/product_tag?post=69297"}],"curies":[{"name":"wp","href":"https:\/\/api.w.org\/{rel}","templated":true}]}}