{"id":69306,"date":"2021-09-02T18:14:44","date_gmt":"2021-09-02T16:14:44","guid":{"rendered":"https:\/\/svetslik.si\/unkategorisiert\/the-cardplayers\/"},"modified":"2026-03-22T20:39:30","modified_gmt":"2026-03-22T19:39:30","slug":"the-cardplayers","status":"publish","type":"product","link":"https:\/\/svetslik.si\/de\/paul-cezanne-de\/the-cardplayers\/","title":{"rendered":"Paul Cezanne &#8211; The Cardplayers"},"content":{"rendered":"<h1>Paul Cezanne \u2013 Die Kartenspieler<\/h1>\n<p>&nbsp;<\/p>\n<table style=\"width: 619px\" border=\"0\" width=\"619\" cellpadding=\"0\">\n<tbody>\n<tr>\n<td style=\"width: 180px;height: 21px\" height=\"21\">Erstellungsjahr:<\/td>\n<td style=\"width: 439px\">1890-1892<\/td>\n<\/tr>\n<tr>\n<td style=\"width: 180px;height: 21px\" height=\"21\">Originalgr\u00f6\u00dfe:<\/td>\n<td style=\"width: 439px\">44,4 cm x 56,3 cm<\/td>\n<\/tr>\n<tr>\n<td style=\"width: 180px;height: 21px\" height=\"21\">Lackstil:<\/td>\n<td style=\"width: 439px\">Postimpressionismus<\/td>\n<\/tr>\n<tr>\n<td style=\"width: 180px;height: 21px\" height=\"21\">Originaltechnik:<\/td>\n<td style=\"width: 439px\">\u00d6l auf Leinwand<\/td>\n<\/tr>\n<tr>\n<td style=\"width: 180px;height: 21px\" height=\"21\">Standort:<\/td>\n<td style=\"width: 439px\">Muzey Orsey, Paris<\/td>\n<\/tr>\n<\/tbody>\n<colgroup>\n<col \/>\n<col \/> <\/colgroup>\n<\/table>\n<p>Das \u00d6l auf Leinwand <em>Die Kartenspieler<\/em> ist nur eines von mehreren Gem\u00e4lden von Cezanne mit dem Motiv m\u00e4nnlicher Kartenspieler in einem Caf\u00e9. In diesem Gem\u00e4lde teilt die Flasche auf dem Tisch die Komposition in zwei Teile und lenkt die Aufmerksamkeit auf die hellen und dunklen T\u00f6ne der Kleidung der beiden Figuren. Cezannes \u00d6l auf Leinwand <em>The Cardplayers<\/em> ist weniger ein Portr\u00e4t zweier M\u00e4nner als vielmehr eine Erkundung des Potenzials von Farbt\u00f6nen.<\/p>\n<p>Das Gem\u00e4lde brach den Rekord f\u00fcr das teuerste Kunstwerk der Welt. Im Februar 2012 kaufte die K\u00f6nigsfamilie von Katar C\u00e9zannes \u201eDie Kartenspieler\u201c f\u00fcr mehr als 250 Millionen US-Dollar und \u00fcbertraf damit den 2006 f\u00fcr Jackson Pollocks \u201eNr. 5 1948\u201c aufgestellten Rekord von 142,7 Millionen US-Dollar und wurde zum teuersten Bild. \u201eDie Kartenspieler\u201c ist eines der bedeutendsten repr\u00e4sentativen Werke des Malers. Das Gem\u00e4lde zeigt zwei Bauern beim Kartenspielen, stellt die Gesichtsausdr\u00fccke und gebeugten Schultern der Bauern, die beim Kartenspielen sorgf\u00e4ltig nachdenken, pr\u00e4zise dar und stellt die innere Welt und Pers\u00f6nlichkeitsmerkmale der Bauern anschaulich dar die Charaktere. Bei der Gestaltung des Verh\u00e4ltnisses zwischen der Platzierung der Figuren und Requisiten und der Umgebung verst\u00e4rkte der Maler bewusst den Schattenanteil des Umrisses und betonte durch verschiedene Dreiecke und rechte Winkelver\u00e4nderungen den Kontrast zwischen den Braun-Rot-T\u00f6nen und dem Blau, das Betont nicht nur die Hauptfigur, sondern erh\u00e4lt auch eine stabile Wirkung von Linienverbindungsstrukturen.<\/p>\n<p>C\u00e9zanne malte insgesamt 5 \u201eCartars\u201c mit jeweils leicht unterschiedlichen Bildern, um die Wirkung in unterschiedlichen Umgebungen zu untersuchen. Die anderen vier Gem\u00e4lde aus der Card Players-Serie befinden sich alle in den Sammlungen bedeutender Museen auf der ganzen Welt, darunter das Mus\u00e9e d&#8217;Orsay in Paris, das Metropolitan Museum of Art in New York, das Courtold Institute in London und das Barnes Art Museum in Philadelphia. Das einzige in einer privaten Sammlersammlung, The Card Players, gilt als das \u201edunkelste\u201c der Serie und wurde um 1895 geschaffen. Das Werk befand sich einst in der Privatsammlung des griechischen Schifffahrtsk\u00f6nigs George Amy Biliks, der das Werk selten verlieh. Im Jahr 2011 gab es im Metropolitan Museum of Art in New York eine Sonderausstellung zur \u201eCard Player\u201c-Reihe, in der alle vier Gem\u00e4lde der Sammlung von Museen auf der ganzen Welt \u201epr\u00e4sent\u201c waren, aber nur seine Hand fehlte . Seit dem Tod des griechischen Schifffahrtsk\u00f6nigs hoffen die gr\u00f6\u00dften Kunsth\u00e4ndler der Welt auf den Kauf von C\u00e9zannes \u201eDer Kartenspieler\u201c. Am Ende bot die katarische K\u00f6nigsfamilie 250 Millionen Dollar f\u00fcr das Werk an. Dieser Transaktionspreis brach auch den Rekord f\u00fcr eine einzelne Kunsttransaktion.<\/p>\n","protected":false},"excerpt":{"rendered":"<p>Paul Cezanne \u2013 Die Kartenspieler &nbsp; Erstellungsjahr: 1890-1892 Originalgr\u00f6\u00dfe: 44,4 cm x 56,3 cm Lackstil: Postimpressionismus Originaltechnik: \u00d6l auf Leinwand Standort: Muzey Orsey, Paris Das \u00d6l auf Leinwand Die Kartenspieler ist nur eines von mehreren Gem\u00e4lden von Cezanne mit dem Motiv m\u00e4nnlicher Kartenspieler in einem Caf\u00e9. In diesem Gem\u00e4lde teilt [&hellip;]<\/p>\n","protected":false},"featured_media":64158,"template":"","meta":{"_acf_changed":false},"product_brand":[],"product_cat":[8464],"product_tag":[8481,8521,8513,8514],"class_list":{"0":"post-69306","1":"product","2":"type-product","3":"status-publish","4":"has-post-thumbnail","6":"product_cat-paul-cezanne-de","7":"product_tag-cezanne-de","8":"product_tag-maler","9":"product_tag-reproduktion","10":"product_tag-reproduktionen","11":"pa_dimenzija-100-x-80-cm","12":"pa_dimenzija-120-x-100-cm","13":"pa_dimenzija-150-x-120-cm","14":"pa_dimenzija-50-x-40-cm","15":"pa_dimenzija-56-x-44-cm","16":"pa_dimenzija-70-x-55-cm","17":"pa_dimenzija-80-x-60-cm","18":"pa_dimenzija-90-x-70-cm","19":"pa_oblika-horizontal-de","20":"pa_okvir-ohne-rahmen","21":"pa_podokvir-ja","22":"pa_podokvir-nein","24":"first","25":"onbackorder","26":"purchasable","27":"product-type-variable","28":"has-default-attributes"},"acf":[],"yoast_head":"<!-- This site is optimized with the Yoast SEO Premium plugin v26.0 (Yoast SEO v27.2) - https:\/\/yoast.com\/product\/yoast-seo-premium-wordpress\/ -->\n<title>Paul Cezanne - The Cardplayers - SVETSLIK.SI - 100% handgemalt<\/title>\n<meta name=\"description\" content=\"Paul Cezanne - The Cardplayers - 100% handgemalte Gem\u00e4lde - Verkauf von Reproduktionen ber\u00fchmter Gem\u00e4lde und abstrakter Kunst - Wandbilder f\u00fcr das Wohnzimmer\" \/>\n<meta name=\"robots\" content=\"index, follow, max-snippet:-1, max-image-preview:large, max-video-preview:-1\" \/>\n<link rel=\"canonical\" href=\"https:\/\/svetslik.si\/de\/paul-cezanne-de\/the-cardplayers\/\" \/>\n<meta property=\"og:locale\" content=\"de_DE\" \/>\n<meta property=\"og:type\" content=\"article\" \/>\n<meta property=\"og:title\" content=\"Paul Cezanne - The Cardplayers\" \/>\n<meta property=\"og:description\" content=\"100% ro\u010dno naslikane slike na platnu, reprodukcije znanih slikarjev in umetni\u0161ke slike po naro\u010dilu.\" \/>\n<meta property=\"og:url\" content=\"https:\/\/svetslik.si\/de\/paul-cezanne-de\/the-cardplayers\/\" \/>\n<meta property=\"og:site_name\" content=\"SVETSLIK.SI\" \/>\n<meta property=\"article:publisher\" content=\"https:\/\/www.facebook.com\/svetslik.si\" \/>\n<meta property=\"article:modified_time\" content=\"2026-03-22T19:39:30+00:00\" \/>\n<meta property=\"og:image\" content=\"https:\/\/svetslik.si\/wp-content\/uploads\/2021\/08\/image_The-Cardplayers-Paul-Czanne_680.jpg\" \/>\n\t<meta property=\"og:image:width\" content=\"2048\" \/>\n\t<meta property=\"og:image:height\" content=\"1705\" \/>\n\t<meta property=\"og:image:type\" content=\"image\/jpeg\" \/>\n<meta name=\"twitter:card\" content=\"summary_large_image\" \/>\n<meta name=\"twitter:site\" content=\"@svetslik\" \/>\n<meta name=\"twitter:label1\" content=\"Verf\u00fcgbarkeit\" \/>\n\t<meta name=\"twitter:data1\" content=\"bei Nachbestellung\" \/>\n<script type=\"application\/ld+json\" class=\"yoast-schema-graph\">{\"@context\":\"https:\/\/schema.org\",\"@graph\":[{\"@type\":[\"WebPage\",\"ItemPage\"],\"@id\":\"https:\/\/svetslik.si\/de\/paul-cezanne-de\/the-cardplayers\/\",\"url\":\"https:\/\/svetslik.si\/de\/paul-cezanne-de\/the-cardplayers\/\",\"name\":\"Paul Cezanne - The Cardplayers - SVETSLIK.SI - 100% handgemalt\",\"isPartOf\":{\"@id\":\"https:\/\/svetslik.si\/de\/#website\"},\"primaryImageOfPage\":{\"@id\":\"https:\/\/svetslik.si\/de\/paul-cezanne-de\/the-cardplayers\/#primaryimage\"},\"image\":{\"@id\":\"https:\/\/svetslik.si\/de\/paul-cezanne-de\/the-cardplayers\/#primaryimage\"},\"thumbnailUrl\":\"https:\/\/svetslik.si\/wp-content\/uploads\/2021\/08\/image_The-Cardplayers-Paul-Czanne_680.jpg\",\"datePublished\":\"2021-09-02T16:14:44+00:00\",\"dateModified\":\"2026-03-22T19:39:30+00:00\",\"description\":\"Paul Cezanne - The Cardplayers - 100% handgemalte Gem\u00e4lde - Verkauf von Reproduktionen ber\u00fchmter Gem\u00e4lde und abstrakter Kunst - Wandbilder f\u00fcr das Wohnzimmer\",\"breadcrumb\":{\"@id\":\"https:\/\/svetslik.si\/de\/paul-cezanne-de\/the-cardplayers\/#breadcrumb\"},\"inLanguage\":\"de\",\"potentialAction\":[{\"@type\":\"ReadAction\",\"target\":[\"https:\/\/svetslik.si\/de\/paul-cezanne-de\/the-cardplayers\/\"]}]},{\"@type\":\"ImageObject\",\"inLanguage\":\"de\",\"@id\":\"https:\/\/svetslik.si\/de\/paul-cezanne-de\/the-cardplayers\/#primaryimage\",\"url\":\"https:\/\/svetslik.si\/wp-content\/uploads\/2021\/08\/image_The-Cardplayers-Paul-Czanne_680.jpg\",\"contentUrl\":\"https:\/\/svetslik.si\/wp-content\/uploads\/2021\/08\/image_The-Cardplayers-Paul-Czanne_680.jpg\",\"width\":2048,\"height\":1705,\"caption\":\"Paul Cezanne - The Cardplayers - Die Kartenspieler (Gem\u00e4lde, Leinwandbilder) - 100% handgemalte, Reproduktionen ber\u00fchmter Gem\u00e4lde, Gem\u00e4lde kaufen, Wandbilder Wohnzimmer, ber\u00fchmtes Gem\u00e4lde, Bilderrahmen\"},{\"@type\":\"BreadcrumbList\",\"@id\":\"https:\/\/svetslik.si\/de\/paul-cezanne-de\/the-cardplayers\/#breadcrumb\",\"itemListElement\":[{\"@type\":\"ListItem\",\"position\":1,\"name\":\"Wandkunst und Gem\u00e4lde auf Leinwand\",\"item\":\"https:\/\/svetslik.si\/de\/\"},{\"@type\":\"ListItem\",\"position\":2,\"name\":\"Verkauf von Gem\u00e4lden\",\"item\":\"https:\/\/svetslik.si\/prodaja-slik\/\"},{\"@type\":\"ListItem\",\"position\":3,\"name\":\"Paul Cezanne &#8211; The Cardplayers\"}]},{\"@type\":\"WebSite\",\"@id\":\"https:\/\/svetslik.si\/de\/#website\",\"url\":\"https:\/\/svetslik.si\/de\/\",\"name\":\"SVETSLIK.SI\",\"description\":\"100% handgemalte Reproduktionen von Gem\u00e4lden ber\u00fchmter Maler und Gem\u00e4lde auf Leinwand.\",\"publisher\":{\"@id\":\"https:\/\/svetslik.si\/de\/#organization\"},\"potentialAction\":[{\"@type\":\"SearchAction\",\"target\":{\"@type\":\"EntryPoint\",\"urlTemplate\":\"https:\/\/svetslik.si\/de\/?s={search_term_string}\"},\"query-input\":{\"@type\":\"PropertyValueSpecification\",\"valueRequired\":true,\"valueName\":\"search_term_string\"}}],\"inLanguage\":\"de\"},{\"@type\":\"Organization\",\"@id\":\"https:\/\/svetslik.si\/de\/#organization\",\"name\":\"SvetSlik.si\",\"url\":\"https:\/\/svetslik.si\/de\/\",\"logo\":{\"@type\":\"ImageObject\",\"inLanguage\":\"de\",\"@id\":\"https:\/\/svetslik.si\/de\/#\/schema\/logo\/image\/\",\"url\":\"https:\/\/svetslik.si\/wp-content\/uploads\/2020\/12\/logo-512.png\",\"contentUrl\":\"https:\/\/svetslik.si\/wp-content\/uploads\/2020\/12\/logo-512.png\",\"width\":512,\"height\":512,\"caption\":\"SvetSlik.si\"},\"image\":{\"@id\":\"https:\/\/svetslik.si\/de\/#\/schema\/logo\/image\/\"},\"sameAs\":[\"https:\/\/www.facebook.com\/svetslik.si\",\"https:\/\/x.com\/svetslik\",\"https:\/\/www.instagram.com\/svetslik.si\/\",\"https:\/\/www.linkedin.com\/company\/svetslik-si\"]}]}<\/script>\n<meta property=\"og:availability\" content=\"backorder\" \/>\n<meta property=\"product:availability\" content=\"available for order\" \/>\n<meta property=\"product:retailer_item_id\" content=\"485__\" \/>\n<meta property=\"product:condition\" content=\"new\" \/>\n<!-- \/ Yoast SEO Premium plugin. -->","yoast_head_json":{"title":"Paul Cezanne - The Cardplayers - SVETSLIK.SI - 100% handgemalt","description":"Paul Cezanne - The Cardplayers - 100% handgemalte Gem\u00e4lde - Verkauf von Reproduktionen ber\u00fchmter Gem\u00e4lde und abstrakter Kunst - Wandbilder f\u00fcr das Wohnzimmer","robots":{"index":"index","follow":"follow","max-snippet":"max-snippet:-1","max-image-preview":"max-image-preview:large","max-video-preview":"max-video-preview:-1"},"canonical":"https:\/\/svetslik.si\/de\/paul-cezanne-de\/the-cardplayers\/","og_locale":"de_DE","og_type":"article","og_title":"Paul Cezanne - The Cardplayers","og_description":"100% ro\u010dno naslikane slike na platnu, reprodukcije znanih slikarjev in umetni\u0161ke slike po naro\u010dilu.","og_url":"https:\/\/svetslik.si\/de\/paul-cezanne-de\/the-cardplayers\/","og_site_name":"SVETSLIK.SI","article_publisher":"https:\/\/www.facebook.com\/svetslik.si","article_modified_time":"2026-03-22T19:39:30+00:00","og_image":[{"width":2048,"height":1705,"url":"https:\/\/svetslik.si\/wp-content\/uploads\/2021\/08\/image_The-Cardplayers-Paul-Czanne_680.jpg","type":"image\/jpeg"}],"twitter_card":"summary_large_image","twitter_site":"@svetslik","twitter_misc":{"Verf\u00fcgbarkeit":"bei Nachbestellung"},"schema":{"@context":"https:\/\/schema.org","@graph":[{"@type":["WebPage","ItemPage"],"@id":"https:\/\/svetslik.si\/de\/paul-cezanne-de\/the-cardplayers\/","url":"https:\/\/svetslik.si\/de\/paul-cezanne-de\/the-cardplayers\/","name":"Paul Cezanne - The Cardplayers - SVETSLIK.SI - 100% handgemalt","isPartOf":{"@id":"https:\/\/svetslik.si\/de\/#website"},"primaryImageOfPage":{"@id":"https:\/\/svetslik.si\/de\/paul-cezanne-de\/the-cardplayers\/#primaryimage"},"image":{"@id":"https:\/\/svetslik.si\/de\/paul-cezanne-de\/the-cardplayers\/#primaryimage"},"thumbnailUrl":"https:\/\/svetslik.si\/wp-content\/uploads\/2021\/08\/image_The-Cardplayers-Paul-Czanne_680.jpg","datePublished":"2021-09-02T16:14:44+00:00","dateModified":"2026-03-22T19:39:30+00:00","description":"Paul Cezanne - The Cardplayers - 100% handgemalte Gem\u00e4lde - Verkauf von Reproduktionen ber\u00fchmter Gem\u00e4lde und abstrakter Kunst - Wandbilder f\u00fcr das Wohnzimmer","breadcrumb":{"@id":"https:\/\/svetslik.si\/de\/paul-cezanne-de\/the-cardplayers\/#breadcrumb"},"inLanguage":"de","potentialAction":[{"@type":"ReadAction","target":["https:\/\/svetslik.si\/de\/paul-cezanne-de\/the-cardplayers\/"]}]},{"@type":"ImageObject","inLanguage":"de","@id":"https:\/\/svetslik.si\/de\/paul-cezanne-de\/the-cardplayers\/#primaryimage","url":"https:\/\/svetslik.si\/wp-content\/uploads\/2021\/08\/image_The-Cardplayers-Paul-Czanne_680.jpg","contentUrl":"https:\/\/svetslik.si\/wp-content\/uploads\/2021\/08\/image_The-Cardplayers-Paul-Czanne_680.jpg","width":2048,"height":1705,"caption":"Paul Cezanne - The Cardplayers - Die Kartenspieler (Gem\u00e4lde, Leinwandbilder) - 100% handgemalte, Reproduktionen ber\u00fchmter Gem\u00e4lde, Gem\u00e4lde kaufen, Wandbilder Wohnzimmer, ber\u00fchmtes Gem\u00e4lde, Bilderrahmen"},{"@type":"BreadcrumbList","@id":"https:\/\/svetslik.si\/de\/paul-cezanne-de\/the-cardplayers\/#breadcrumb","itemListElement":[{"@type":"ListItem","position":1,"name":"Wandkunst und Gem\u00e4lde auf Leinwand","item":"https:\/\/svetslik.si\/de\/"},{"@type":"ListItem","position":2,"name":"Verkauf von Gem\u00e4lden","item":"https:\/\/svetslik.si\/prodaja-slik\/"},{"@type":"ListItem","position":3,"name":"Paul Cezanne &#8211; The Cardplayers"}]},{"@type":"WebSite","@id":"https:\/\/svetslik.si\/de\/#website","url":"https:\/\/svetslik.si\/de\/","name":"SVETSLIK.SI","description":"100% handgemalte Reproduktionen von Gem\u00e4lden ber\u00fchmter Maler und Gem\u00e4lde auf Leinwand.","publisher":{"@id":"https:\/\/svetslik.si\/de\/#organization"},"potentialAction":[{"@type":"SearchAction","target":{"@type":"EntryPoint","urlTemplate":"https:\/\/svetslik.si\/de\/?s={search_term_string}"},"query-input":{"@type":"PropertyValueSpecification","valueRequired":true,"valueName":"search_term_string"}}],"inLanguage":"de"},{"@type":"Organization","@id":"https:\/\/svetslik.si\/de\/#organization","name":"SvetSlik.si","url":"https:\/\/svetslik.si\/de\/","logo":{"@type":"ImageObject","inLanguage":"de","@id":"https:\/\/svetslik.si\/de\/#\/schema\/logo\/image\/","url":"https:\/\/svetslik.si\/wp-content\/uploads\/2020\/12\/logo-512.png","contentUrl":"https:\/\/svetslik.si\/wp-content\/uploads\/2020\/12\/logo-512.png","width":512,"height":512,"caption":"SvetSlik.si"},"image":{"@id":"https:\/\/svetslik.si\/de\/#\/schema\/logo\/image\/"},"sameAs":["https:\/\/www.facebook.com\/svetslik.si","https:\/\/x.com\/svetslik","https:\/\/www.instagram.com\/svetslik.si\/","https:\/\/www.linkedin.com\/company\/svetslik-si"]}]},"og_availability":"backorder","product_availability":"available for order","product_retailer_item_id":"485__","product_condition":"new"},"jetpack_sharing_enabled":true,"_links":{"self":[{"href":"https:\/\/svetslik.si\/de\/wp-json\/wp\/v2\/product\/69306","targetHints":{"allow":["GET"]}}],"collection":[{"href":"https:\/\/svetslik.si\/de\/wp-json\/wp\/v2\/product"}],"about":[{"href":"https:\/\/svetslik.si\/de\/wp-json\/wp\/v2\/types\/product"}],"wp:featuredmedia":[{"embeddable":true,"href":"https:\/\/svetslik.si\/de\/wp-json\/wp\/v2\/media\/64158"}],"wp:attachment":[{"href":"https:\/\/svetslik.si\/de\/wp-json\/wp\/v2\/media?parent=69306"}],"wp:term":[{"taxonomy":"product_brand","embeddable":true,"href":"https:\/\/svetslik.si\/de\/wp-json\/wp\/v2\/product_brand?post=69306"},{"taxonomy":"product_cat","embeddable":true,"href":"https:\/\/svetslik.si\/de\/wp-json\/wp\/v2\/product_cat?post=69306"},{"taxonomy":"product_tag","embeddable":true,"href":"https:\/\/svetslik.si\/de\/wp-json\/wp\/v2\/product_tag?post=69306"}],"curies":[{"name":"wp","href":"https:\/\/api.w.org\/{rel}","templated":true}]}}