{"id":69324,"date":"2021-09-02T18:15:03","date_gmt":"2021-09-02T16:15:03","guid":{"rendered":"https:\/\/svetslik.si\/unkategorisiert\/jas-de-bouffan-the-pond\/"},"modified":"2026-03-22T20:40:17","modified_gmt":"2026-03-22T19:40:17","slug":"jas-de-bouffan-the-pond","status":"publish","type":"product","link":"https:\/\/svetslik.si\/de\/paul-cezanne-de\/jas-de-bouffan-the-pond\/","title":{"rendered":"Paul Cezanne &#8211; Jas de Bouffan, The Pond"},"content":{"rendered":"<div class=\"wpb-content-wrapper\">[vc_row css=&#8221;.vc_custom_1719470309446{margin-bottom: 15px !important;}&#8221;][vc_column]\t<div class=\"et-image-125 et-image     et_image_link\">\n\t\t<div class=\"et-image-inner \">\n\t\t\t\t\t\t\t<div class=\"et-image-thumb \">\n\t\t\t\t\t<img decoding=\"async\" width=\"1000\" height=\"890\" src=\"https:\/\/svetslik.si\/wp-content\/uploads\/2021\/09\/Paul-Cezanne-\u2013-Jas-de-Bouffan-The-Pond-reprodukcija-slike-2.jpg\" class=\"attachment-full\" alt=\"Paul Cezanne - Jas de Bouffan, The Pond\" title=\"Paul Cezanne - Jas de Bouffan, The Pond\" srcset=\"https:\/\/svetslik.si\/wp-content\/uploads\/2021\/09\/Paul-Cezanne-\u2013-Jas-de-Bouffan-The-Pond-reprodukcija-slike-2.jpg 1000w, https:\/\/svetslik.si\/wp-content\/uploads\/2021\/09\/Paul-Cezanne-\u2013-Jas-de-Bouffan-The-Pond-reprodukcija-slike-2-600x534.jpg 600w, https:\/\/svetslik.si\/wp-content\/uploads\/2021\/09\/Paul-Cezanne-\u2013-Jas-de-Bouffan-The-Pond-reprodukcija-slike-2-300x267.jpg 300w, https:\/\/svetslik.si\/wp-content\/uploads\/2021\/09\/Paul-Cezanne-\u2013-Jas-de-Bouffan-The-Pond-reprodukcija-slike-2-768x684.jpg 768w, https:\/\/svetslik.si\/wp-content\/uploads\/2021\/09\/Paul-Cezanne-\u2013-Jas-de-Bouffan-The-Pond-reprodukcija-slike-2-150x134.jpg 150w, https:\/\/svetslik.si\/wp-content\/uploads\/2021\/09\/Paul-Cezanne-\u2013-Jas-de-Bouffan-The-Pond-reprodukcija-slike-2-900x801.jpg 900w\" sizes=\"(max-width: 1000px) 100vw, 1000px\" \/>\t\t\t\t<\/div>\n\t\t\t\t\t\t\t\t\t\t\t<\/div>\n\t<\/div>\n  [\/vc_column][\/vc_row][vc_row css=&#8221;.vc_custom_1719470309446{margin-bottom: 15px !important;}&#8221;][vc_column]\t<div class=\"et-image-431 et-image     et_image_link\">\n\t\t<div class=\"et-image-inner \">\n\t\t\t\t\t\t\t<div class=\"et-image-thumb \">\n\t\t\t\t\t<img decoding=\"async\" width=\"1000\" height=\"996\" src=\"https:\/\/svetslik.si\/wp-content\/uploads\/2021\/09\/Paul-Cezanne-\u2013-Jas-de-Bouffan-The-Pond-reprodukcija-slike-3.jpg\" class=\"attachment-full\" alt=\"Paul Cezanne - Jas de Bouffan, The Pond\" title=\"Paul Cezanne - Jas de Bouffan, The Pond\" srcset=\"https:\/\/svetslik.si\/wp-content\/uploads\/2021\/09\/Paul-Cezanne-\u2013-Jas-de-Bouffan-The-Pond-reprodukcija-slike-3.jpg 1000w, https:\/\/svetslik.si\/wp-content\/uploads\/2021\/09\/Paul-Cezanne-\u2013-Jas-de-Bouffan-The-Pond-reprodukcija-slike-3-600x598.jpg 600w, https:\/\/svetslik.si\/wp-content\/uploads\/2021\/09\/Paul-Cezanne-\u2013-Jas-de-Bouffan-The-Pond-reprodukcija-slike-3-100x100.jpg 100w, https:\/\/svetslik.si\/wp-content\/uploads\/2021\/09\/Paul-Cezanne-\u2013-Jas-de-Bouffan-The-Pond-reprodukcija-slike-3-300x300.jpg 300w, https:\/\/svetslik.si\/wp-content\/uploads\/2021\/09\/Paul-Cezanne-\u2013-Jas-de-Bouffan-The-Pond-reprodukcija-slike-3-150x150.jpg 150w, https:\/\/svetslik.si\/wp-content\/uploads\/2021\/09\/Paul-Cezanne-\u2013-Jas-de-Bouffan-The-Pond-reprodukcija-slike-3-768x765.jpg 768w, https:\/\/svetslik.si\/wp-content\/uploads\/2021\/09\/Paul-Cezanne-\u2013-Jas-de-Bouffan-The-Pond-reprodukcija-slike-3-900x896.jpg 900w\" sizes=\"(max-width: 1000px) 100vw, 1000px\" \/>\t\t\t\t<\/div>\n\t\t\t\t\t\t\t\t\t\t\t<\/div>\n\t<\/div>\n  [\/vc_column][\/vc_row][vc_row css=&#8221;.vc_custom_1719470309446{margin-bottom: 15px !important;}&#8221;][vc_column]\t<div class=\"et-image-849 et-image     et_image_link\">\n\t\t<div class=\"et-image-inner \">\n\t\t\t\t\t\t\t<div class=\"et-image-thumb \">\n\t\t\t\t\t<img decoding=\"async\" width=\"1000\" height=\"903\" src=\"https:\/\/svetslik.si\/wp-content\/uploads\/2021\/09\/Paul-Cezanne-\u2013-Jas-de-Bouffan-The-Pond-reprodukcija-slike.jpg\" class=\"attachment-full\" alt=\"Paul Cezanne - Jas de Bouffan, The Pond\" title=\"Paul Cezanne - Jas de Bouffan, The Pond\" srcset=\"https:\/\/svetslik.si\/wp-content\/uploads\/2021\/09\/Paul-Cezanne-\u2013-Jas-de-Bouffan-The-Pond-reprodukcija-slike.jpg 1000w, https:\/\/svetslik.si\/wp-content\/uploads\/2021\/09\/Paul-Cezanne-\u2013-Jas-de-Bouffan-The-Pond-reprodukcija-slike-600x542.jpg 600w, https:\/\/svetslik.si\/wp-content\/uploads\/2021\/09\/Paul-Cezanne-\u2013-Jas-de-Bouffan-The-Pond-reprodukcija-slike-300x271.jpg 300w, https:\/\/svetslik.si\/wp-content\/uploads\/2021\/09\/Paul-Cezanne-\u2013-Jas-de-Bouffan-The-Pond-reprodukcija-slike-768x694.jpg 768w, https:\/\/svetslik.si\/wp-content\/uploads\/2021\/09\/Paul-Cezanne-\u2013-Jas-de-Bouffan-The-Pond-reprodukcija-slike-150x135.jpg 150w, https:\/\/svetslik.si\/wp-content\/uploads\/2021\/09\/Paul-Cezanne-\u2013-Jas-de-Bouffan-The-Pond-reprodukcija-slike-900x813.jpg 900w\" sizes=\"(max-width: 1000px) 100vw, 1000px\" \/>\t\t\t\t<\/div>\n\t\t\t\t\t\t\t\t\t\t\t<\/div>\n\t<\/div>\n  [\/vc_column][\/vc_row][vc_row css=&#8221;.vc_custom_1719470309446{margin-bottom: 15px !important;}&#8221;][vc_column]\t<div class=\"et-image-323 et-image     et_image_link\">\n\t\t<div class=\"et-image-inner \">\n\t\t\t\t\t\t\t<div class=\"et-image-thumb \">\n\t\t\t\t\t<img decoding=\"async\" width=\"1000\" height=\"563\" src=\"https:\/\/svetslik.si\/wp-content\/uploads\/2021\/09\/Paul-Cezanne-\u2013-Jas-de-Bouffan-The-Pond-reprodukcija-slike-4.jpg\" class=\"attachment-full\" alt=\"Paul Cezanne - Jas de Bouffan, The Pond\" title=\"Paul Cezanne - Jas de Bouffan, The Pond\" srcset=\"https:\/\/svetslik.si\/wp-content\/uploads\/2021\/09\/Paul-Cezanne-\u2013-Jas-de-Bouffan-The-Pond-reprodukcija-slike-4.jpg 1000w, https:\/\/svetslik.si\/wp-content\/uploads\/2021\/09\/Paul-Cezanne-\u2013-Jas-de-Bouffan-The-Pond-reprodukcija-slike-4-600x338.jpg 600w, https:\/\/svetslik.si\/wp-content\/uploads\/2021\/09\/Paul-Cezanne-\u2013-Jas-de-Bouffan-The-Pond-reprodukcija-slike-4-300x169.jpg 300w, https:\/\/svetslik.si\/wp-content\/uploads\/2021\/09\/Paul-Cezanne-\u2013-Jas-de-Bouffan-The-Pond-reprodukcija-slike-4-768x432.jpg 768w, https:\/\/svetslik.si\/wp-content\/uploads\/2021\/09\/Paul-Cezanne-\u2013-Jas-de-Bouffan-The-Pond-reprodukcija-slike-4-150x84.jpg 150w, https:\/\/svetslik.si\/wp-content\/uploads\/2021\/09\/Paul-Cezanne-\u2013-Jas-de-Bouffan-The-Pond-reprodukcija-slike-4-900x507.jpg 900w\" sizes=\"(max-width: 1000px) 100vw, 1000px\" \/>\t\t\t\t<\/div>\n\t\t\t\t\t\t\t\t\t\t\t<\/div>\n\t<\/div>\n  [\/vc_column][\/vc_row][vc_row][vc_column][vc_column_text]\n<h1>Paul Cezanne \u2013 Jas de Bouffan, The Pond<\/h1>\n<p>&nbsp;<\/p>\n<table style=\"width: 619px;\" border=\"0\" width=\"619\" cellpadding=\"0\">\n<tbody>\n<tr>\n<td style=\"width: 180px; height: 21px;\" height=\"21\">Jahr der Erstellung:<\/td>\n<td style=\"width: 439px;\">OK 1876<\/td>\n<\/tr>\n<tr>\n<td style=\"width: 180px; height: 21px;\" height=\"21\">Originalgr\u00f6\u00dfe:<\/td>\n<td style=\"width: 439px;\">56,3 cm x 46,1 cm<\/td>\n<\/tr>\n<tr>\n<td style=\"width: 180px; height: 21px;\" height=\"21\">Malstil:<\/td>\n<td style=\"width: 439px;\">Postimpressionismus<\/td>\n<\/tr>\n<tr>\n<td style=\"width: 180px; height: 21px;\" height=\"21\">Originaltechnik:<\/td>\n<td style=\"width: 439px;\">\u00d6l auf Leinwand<\/td>\n<\/tr>\n<tr>\n<td style=\"width: 180px; height: 21px;\" height=\"21\">Gefunden:<\/td>\n<td style=\"width: 439px;\">Eremitage-Museum, St. Petersburg<\/td>\n<\/tr>\n<\/tbody>\n<colgroup> <\/colgroup>\n<\/table>\n<p>Jas de Bouffan war eine Residenz, die C\u00e9zannes Vater gekauft hatte. C\u00e9zanne stellte das Haus und den daneben liegenden Pool in mehreren \u00d6lbildern auf Leinwand dar. Auf diesem Bild zeigt sich das Schwimmbad in seiner sch\u00f6nsten Form, denn neben dem Gr\u00fcn am Wasser ist auch die architektonische Dekoration am Schwimmbad perfekt bemalt: eine gelbe L\u00f6wenstatue, ein Delphin, ein Eingang und ein altes Geb\u00e4ude. Trotz der eher impressionistischen Darstellung des Wassers im Becken kann dieses \u00d6l auf Leinwand nicht als impressionistisches Werk eingestuft werden \u2013 die breit angelegten Pinselstriche passen nicht zum impressionistischen Stil. Die Harmonie der Farben im Bild zeugt von der meisterhaften Beherrschung der Farben durch den K\u00fcnstler.<\/p>\n<\/div>","protected":false},"excerpt":{"rendered":"<p>[vc_row css=&#8221;.vc_custom_1719470309446{margin-bottom: 15px !important;}&#8221;][vc_column][\/vc_column][\/vc_row][vc_row css=&#8221;.vc_custom_1719470309446{margin-bottom: 15px !important;}&#8221;][vc_column][\/vc_column][\/vc_row][vc_row css=&#8221;.vc_custom_1719470309446{margin-bottom: 15px !important;}&#8221;][vc_column][\/vc_column][\/vc_row][vc_row css=&#8221;.vc_custom_1719470309446{margin-bottom: 15px !important;}&#8221;][vc_column][\/vc_column][\/vc_row][vc_row][vc_column][vc_column_text] Paul Cezanne \u2013 Jas de Bouffan, The Pond &nbsp; Jahr der Erstellung: OK 1876 Originalgr\u00f6\u00dfe: 56,3 cm x 46,1 cm Malstil: Postimpressionismus Originaltechnik: \u00d6l auf Leinwand Gefunden: Eremitage-Museum, St. Petersburg Jas de Bouffan war eine Residenz, die [&hellip;]<\/p>\n","protected":false},"featured_media":63695,"template":"","meta":{"_acf_changed":false},"product_brand":[],"product_cat":[8464],"product_tag":[8481,8521,8513,8514],"class_list":{"0":"post-69324","1":"product","2":"type-product","3":"status-publish","4":"has-post-thumbnail","6":"product_cat-paul-cezanne-de","7":"product_tag-cezanne-de","8":"product_tag-maler","9":"product_tag-reproduktion","10":"product_tag-reproduktionen","11":"pa_dimenzija-100-x-80-cm","12":"pa_dimenzija-120-x-100-cm","13":"pa_dimenzija-150-x-120-cm","14":"pa_dimenzija-180-x-150-cm","15":"pa_dimenzija-56-x-46-cm","16":"pa_dimenzija-70-x-60-cm","17":"pa_dimenzija-80-x-70-cm","18":"pa_dimenzija-90-x-75-cm","19":"pa_oblika-horizontal-de","20":"pa_okvir-ohne-rahmen","21":"pa_podokvir-ja","22":"pa_podokvir-nein","24":"first","25":"onbackorder","26":"purchasable","27":"product-type-variable","28":"has-default-attributes"},"acf":[],"yoast_head":"<!-- This site is optimized with the Yoast SEO Premium plugin v26.0 (Yoast SEO v27.2) - https:\/\/yoast.com\/product\/yoast-seo-premium-wordpress\/ -->\n<title>Paul Cezanne - Jas de Bouffan, The Pond - SVETSLIK.SI - 100% handgemalt<\/title>\n<meta name=\"description\" content=\"Paul Cezanne - Jas de Bouffan, The Pond - 100% handgemalte Gem\u00e4lde - Verkauf von Reproduktionen ber\u00fchmter Gem\u00e4lde und abstrakter Kunst - Wandbilder f\u00fcr das Wohnzimmer\" \/>\n<meta name=\"robots\" content=\"index, follow, max-snippet:-1, max-image-preview:large, max-video-preview:-1\" \/>\n<link rel=\"canonical\" href=\"https:\/\/svetslik.si\/de\/paul-cezanne-de\/jas-de-bouffan-the-pond\/\" \/>\n<meta property=\"og:locale\" content=\"de_DE\" \/>\n<meta property=\"og:type\" content=\"article\" \/>\n<meta property=\"og:title\" content=\"Paul Cezanne - Jas de Bouffan, The Pond\" \/>\n<meta property=\"og:description\" content=\"100% ro\u010dno naslikane slike na platnu, reprodukcije znanih slikarjev in umetni\u0161ke slike po naro\u010dilu.\" \/>\n<meta property=\"og:url\" content=\"https:\/\/svetslik.si\/de\/paul-cezanne-de\/jas-de-bouffan-the-pond\/\" \/>\n<meta property=\"og:site_name\" content=\"SVETSLIK.SI\" \/>\n<meta property=\"article:publisher\" content=\"https:\/\/www.facebook.com\/svetslik.si\" \/>\n<meta property=\"article:modified_time\" content=\"2026-03-22T19:40:17+00:00\" \/>\n<meta property=\"og:image\" content=\"https:\/\/svetslik.si\/wp-content\/uploads\/2021\/08\/image_Jas-de-Bouffan-The-Pond-Paul-Cezanne_680.jpg\" \/>\n\t<meta property=\"og:image:width\" content=\"1476\" \/>\n\t<meta property=\"og:image:height\" content=\"1208\" \/>\n\t<meta property=\"og:image:type\" content=\"image\/jpeg\" \/>\n<meta name=\"twitter:card\" content=\"summary_large_image\" \/>\n<meta name=\"twitter:site\" content=\"@svetslik\" \/>\n<meta name=\"twitter:label1\" content=\"Verf\u00fcgbarkeit\" \/>\n\t<meta name=\"twitter:data1\" content=\"bei Nachbestellung\" \/>\n<script type=\"application\/ld+json\" class=\"yoast-schema-graph\">{\"@context\":\"https:\/\/schema.org\",\"@graph\":[{\"@type\":[\"WebPage\",\"ItemPage\"],\"@id\":\"https:\/\/svetslik.si\/de\/paul-cezanne-de\/jas-de-bouffan-the-pond\/\",\"url\":\"https:\/\/svetslik.si\/de\/paul-cezanne-de\/jas-de-bouffan-the-pond\/\",\"name\":\"Paul Cezanne - Jas de Bouffan, The Pond - SVETSLIK.SI - 100% handgemalt\",\"isPartOf\":{\"@id\":\"https:\/\/svetslik.si\/de\/#website\"},\"primaryImageOfPage\":{\"@id\":\"https:\/\/svetslik.si\/de\/paul-cezanne-de\/jas-de-bouffan-the-pond\/#primaryimage\"},\"image\":{\"@id\":\"https:\/\/svetslik.si\/de\/paul-cezanne-de\/jas-de-bouffan-the-pond\/#primaryimage\"},\"thumbnailUrl\":\"https:\/\/svetslik.si\/wp-content\/uploads\/2021\/08\/image_Jas-de-Bouffan-The-Pond-Paul-Cezanne_680.jpg\",\"datePublished\":\"2021-09-02T16:15:03+00:00\",\"dateModified\":\"2026-03-22T19:40:17+00:00\",\"description\":\"Paul Cezanne - Jas de Bouffan, The Pond - 100% handgemalte Gem\u00e4lde - Verkauf von Reproduktionen ber\u00fchmter Gem\u00e4lde und abstrakter Kunst - Wandbilder f\u00fcr das Wohnzimmer\",\"breadcrumb\":{\"@id\":\"https:\/\/svetslik.si\/de\/paul-cezanne-de\/jas-de-bouffan-the-pond\/#breadcrumb\"},\"inLanguage\":\"de\",\"potentialAction\":[{\"@type\":\"ReadAction\",\"target\":[\"https:\/\/svetslik.si\/de\/paul-cezanne-de\/jas-de-bouffan-the-pond\/\"]}]},{\"@type\":\"ImageObject\",\"inLanguage\":\"de\",\"@id\":\"https:\/\/svetslik.si\/de\/paul-cezanne-de\/jas-de-bouffan-the-pond\/#primaryimage\",\"url\":\"https:\/\/svetslik.si\/wp-content\/uploads\/2021\/08\/image_Jas-de-Bouffan-The-Pond-Paul-Cezanne_680.jpg\",\"contentUrl\":\"https:\/\/svetslik.si\/wp-content\/uploads\/2021\/08\/image_Jas-de-Bouffan-The-Pond-Paul-Cezanne_680.jpg\",\"width\":1476,\"height\":1208,\"caption\":\"Paul Cezanne - Jas de Bouffan, The Pond (Jas de Bouffan, der Teich) - Gem\u00e4lde, Leinwandbilder, Reproduktion\"},{\"@type\":\"BreadcrumbList\",\"@id\":\"https:\/\/svetslik.si\/de\/paul-cezanne-de\/jas-de-bouffan-the-pond\/#breadcrumb\",\"itemListElement\":[{\"@type\":\"ListItem\",\"position\":1,\"name\":\"Wandkunst und Gem\u00e4lde auf Leinwand\",\"item\":\"https:\/\/svetslik.si\/de\/\"},{\"@type\":\"ListItem\",\"position\":2,\"name\":\"Verkauf von Gem\u00e4lden\",\"item\":\"https:\/\/svetslik.si\/prodaja-slik\/\"},{\"@type\":\"ListItem\",\"position\":3,\"name\":\"Paul Cezanne &#8211; Jas de Bouffan, The Pond\"}]},{\"@type\":\"WebSite\",\"@id\":\"https:\/\/svetslik.si\/de\/#website\",\"url\":\"https:\/\/svetslik.si\/de\/\",\"name\":\"SVETSLIK.SI\",\"description\":\"100% handgemalte Reproduktionen von Gem\u00e4lden ber\u00fchmter Maler und Gem\u00e4lde auf Leinwand.\",\"publisher\":{\"@id\":\"https:\/\/svetslik.si\/de\/#organization\"},\"potentialAction\":[{\"@type\":\"SearchAction\",\"target\":{\"@type\":\"EntryPoint\",\"urlTemplate\":\"https:\/\/svetslik.si\/de\/?s={search_term_string}\"},\"query-input\":{\"@type\":\"PropertyValueSpecification\",\"valueRequired\":true,\"valueName\":\"search_term_string\"}}],\"inLanguage\":\"de\"},{\"@type\":\"Organization\",\"@id\":\"https:\/\/svetslik.si\/de\/#organization\",\"name\":\"SvetSlik.si\",\"url\":\"https:\/\/svetslik.si\/de\/\",\"logo\":{\"@type\":\"ImageObject\",\"inLanguage\":\"de\",\"@id\":\"https:\/\/svetslik.si\/de\/#\/schema\/logo\/image\/\",\"url\":\"https:\/\/svetslik.si\/wp-content\/uploads\/2020\/12\/logo-512.png\",\"contentUrl\":\"https:\/\/svetslik.si\/wp-content\/uploads\/2020\/12\/logo-512.png\",\"width\":512,\"height\":512,\"caption\":\"SvetSlik.si\"},\"image\":{\"@id\":\"https:\/\/svetslik.si\/de\/#\/schema\/logo\/image\/\"},\"sameAs\":[\"https:\/\/www.facebook.com\/svetslik.si\",\"https:\/\/x.com\/svetslik\",\"https:\/\/www.instagram.com\/svetslik.si\/\",\"https:\/\/www.linkedin.com\/company\/svetslik-si\"]}]}<\/script>\n<meta property=\"og:availability\" content=\"backorder\" \/>\n<meta property=\"product:availability\" content=\"available for order\" \/>\n<meta property=\"product:retailer_item_id\" content=\"488__\" \/>\n<meta property=\"product:condition\" content=\"new\" \/>\n<!-- \/ Yoast SEO Premium plugin. -->","yoast_head_json":{"title":"Paul Cezanne - Jas de Bouffan, The Pond - SVETSLIK.SI - 100% handgemalt","description":"Paul Cezanne - Jas de Bouffan, The Pond - 100% handgemalte Gem\u00e4lde - Verkauf von Reproduktionen ber\u00fchmter Gem\u00e4lde und abstrakter Kunst - Wandbilder f\u00fcr das Wohnzimmer","robots":{"index":"index","follow":"follow","max-snippet":"max-snippet:-1","max-image-preview":"max-image-preview:large","max-video-preview":"max-video-preview:-1"},"canonical":"https:\/\/svetslik.si\/de\/paul-cezanne-de\/jas-de-bouffan-the-pond\/","og_locale":"de_DE","og_type":"article","og_title":"Paul Cezanne - Jas de Bouffan, The Pond","og_description":"100% ro\u010dno naslikane slike na platnu, reprodukcije znanih slikarjev in umetni\u0161ke slike po naro\u010dilu.","og_url":"https:\/\/svetslik.si\/de\/paul-cezanne-de\/jas-de-bouffan-the-pond\/","og_site_name":"SVETSLIK.SI","article_publisher":"https:\/\/www.facebook.com\/svetslik.si","article_modified_time":"2026-03-22T19:40:17+00:00","og_image":[{"width":1476,"height":1208,"url":"https:\/\/svetslik.si\/wp-content\/uploads\/2021\/08\/image_Jas-de-Bouffan-The-Pond-Paul-Cezanne_680.jpg","type":"image\/jpeg"}],"twitter_card":"summary_large_image","twitter_site":"@svetslik","twitter_misc":{"Verf\u00fcgbarkeit":"bei Nachbestellung"},"schema":{"@context":"https:\/\/schema.org","@graph":[{"@type":["WebPage","ItemPage"],"@id":"https:\/\/svetslik.si\/de\/paul-cezanne-de\/jas-de-bouffan-the-pond\/","url":"https:\/\/svetslik.si\/de\/paul-cezanne-de\/jas-de-bouffan-the-pond\/","name":"Paul Cezanne - Jas de Bouffan, The Pond - SVETSLIK.SI - 100% handgemalt","isPartOf":{"@id":"https:\/\/svetslik.si\/de\/#website"},"primaryImageOfPage":{"@id":"https:\/\/svetslik.si\/de\/paul-cezanne-de\/jas-de-bouffan-the-pond\/#primaryimage"},"image":{"@id":"https:\/\/svetslik.si\/de\/paul-cezanne-de\/jas-de-bouffan-the-pond\/#primaryimage"},"thumbnailUrl":"https:\/\/svetslik.si\/wp-content\/uploads\/2021\/08\/image_Jas-de-Bouffan-The-Pond-Paul-Cezanne_680.jpg","datePublished":"2021-09-02T16:15:03+00:00","dateModified":"2026-03-22T19:40:17+00:00","description":"Paul Cezanne - Jas de Bouffan, The Pond - 100% handgemalte Gem\u00e4lde - Verkauf von Reproduktionen ber\u00fchmter Gem\u00e4lde und abstrakter Kunst - Wandbilder f\u00fcr das Wohnzimmer","breadcrumb":{"@id":"https:\/\/svetslik.si\/de\/paul-cezanne-de\/jas-de-bouffan-the-pond\/#breadcrumb"},"inLanguage":"de","potentialAction":[{"@type":"ReadAction","target":["https:\/\/svetslik.si\/de\/paul-cezanne-de\/jas-de-bouffan-the-pond\/"]}]},{"@type":"ImageObject","inLanguage":"de","@id":"https:\/\/svetslik.si\/de\/paul-cezanne-de\/jas-de-bouffan-the-pond\/#primaryimage","url":"https:\/\/svetslik.si\/wp-content\/uploads\/2021\/08\/image_Jas-de-Bouffan-The-Pond-Paul-Cezanne_680.jpg","contentUrl":"https:\/\/svetslik.si\/wp-content\/uploads\/2021\/08\/image_Jas-de-Bouffan-The-Pond-Paul-Cezanne_680.jpg","width":1476,"height":1208,"caption":"Paul Cezanne - Jas de Bouffan, The Pond (Jas de Bouffan, der Teich) - Gem\u00e4lde, Leinwandbilder, Reproduktion"},{"@type":"BreadcrumbList","@id":"https:\/\/svetslik.si\/de\/paul-cezanne-de\/jas-de-bouffan-the-pond\/#breadcrumb","itemListElement":[{"@type":"ListItem","position":1,"name":"Wandkunst und Gem\u00e4lde auf Leinwand","item":"https:\/\/svetslik.si\/de\/"},{"@type":"ListItem","position":2,"name":"Verkauf von Gem\u00e4lden","item":"https:\/\/svetslik.si\/prodaja-slik\/"},{"@type":"ListItem","position":3,"name":"Paul Cezanne &#8211; Jas de Bouffan, The Pond"}]},{"@type":"WebSite","@id":"https:\/\/svetslik.si\/de\/#website","url":"https:\/\/svetslik.si\/de\/","name":"SVETSLIK.SI","description":"100% handgemalte Reproduktionen von Gem\u00e4lden ber\u00fchmter Maler und Gem\u00e4lde auf Leinwand.","publisher":{"@id":"https:\/\/svetslik.si\/de\/#organization"},"potentialAction":[{"@type":"SearchAction","target":{"@type":"EntryPoint","urlTemplate":"https:\/\/svetslik.si\/de\/?s={search_term_string}"},"query-input":{"@type":"PropertyValueSpecification","valueRequired":true,"valueName":"search_term_string"}}],"inLanguage":"de"},{"@type":"Organization","@id":"https:\/\/svetslik.si\/de\/#organization","name":"SvetSlik.si","url":"https:\/\/svetslik.si\/de\/","logo":{"@type":"ImageObject","inLanguage":"de","@id":"https:\/\/svetslik.si\/de\/#\/schema\/logo\/image\/","url":"https:\/\/svetslik.si\/wp-content\/uploads\/2020\/12\/logo-512.png","contentUrl":"https:\/\/svetslik.si\/wp-content\/uploads\/2020\/12\/logo-512.png","width":512,"height":512,"caption":"SvetSlik.si"},"image":{"@id":"https:\/\/svetslik.si\/de\/#\/schema\/logo\/image\/"},"sameAs":["https:\/\/www.facebook.com\/svetslik.si","https:\/\/x.com\/svetslik","https:\/\/www.instagram.com\/svetslik.si\/","https:\/\/www.linkedin.com\/company\/svetslik-si"]}]},"og_availability":"backorder","product_availability":"available for order","product_retailer_item_id":"488__","product_condition":"new"},"jetpack_sharing_enabled":true,"_links":{"self":[{"href":"https:\/\/svetslik.si\/de\/wp-json\/wp\/v2\/product\/69324","targetHints":{"allow":["GET"]}}],"collection":[{"href":"https:\/\/svetslik.si\/de\/wp-json\/wp\/v2\/product"}],"about":[{"href":"https:\/\/svetslik.si\/de\/wp-json\/wp\/v2\/types\/product"}],"wp:featuredmedia":[{"embeddable":true,"href":"https:\/\/svetslik.si\/de\/wp-json\/wp\/v2\/media\/63695"}],"wp:attachment":[{"href":"https:\/\/svetslik.si\/de\/wp-json\/wp\/v2\/media?parent=69324"}],"wp:term":[{"taxonomy":"product_brand","embeddable":true,"href":"https:\/\/svetslik.si\/de\/wp-json\/wp\/v2\/product_brand?post=69324"},{"taxonomy":"product_cat","embeddable":true,"href":"https:\/\/svetslik.si\/de\/wp-json\/wp\/v2\/product_cat?post=69324"},{"taxonomy":"product_tag","embeddable":true,"href":"https:\/\/svetslik.si\/de\/wp-json\/wp\/v2\/product_tag?post=69324"}],"curies":[{"name":"wp","href":"https:\/\/api.w.org\/{rel}","templated":true}]}}