{"id":69333,"date":"2021-09-02T18:15:03","date_gmt":"2021-09-02T16:15:03","guid":{"rendered":"https:\/\/svetslik.si\/unkategorisiert\/girl-at-the-piano-the-overture-to-tannhauser\/"},"modified":"2026-03-22T20:40:17","modified_gmt":"2026-03-22T19:40:17","slug":"girl-at-the-piano-the-overture-to-tannhauser","status":"publish","type":"product","link":"https:\/\/svetslik.si\/de\/paul-cezanne-de\/girl-at-the-piano-the-overture-to-tannhauser\/","title":{"rendered":"Paul Cezanne &#8211; Girl at the Piano (The Overture to Tannhauser)"},"content":{"rendered":"<h1>Paul Cezanne \u2013 M\u00e4dchen am Klavier (Die Ouvert\u00fcre zu Tannh\u00e4user)<\/h1>\n<p>\n&nbsp;<\/p>\n<table border=\"0\" cellpadding=\"0\" style=\"width: 619px\" width=\"619\">\n<tbody>\n<tr>\n<td height=\"21\" style=\"width: 180px;height: 21px\">\nJahr der Erstellung:<\/td>\n<td style=\"width: 439px\">\nOK 1868<\/td>\n<\/tr>\n<tr>\n<td height=\"21\" style=\"width: 180px;height: 21px\">\nOriginalgr\u00f6\u00dfe:<\/td>\n<td style=\"width: 439px\">\n92,5 cm x 57,8 cm<\/td>\n<\/tr>\n<tr>\n<td height=\"21\" style=\"width: 180px;height: 21px\">\nMalstil:<\/td>\n<td style=\"width: 439px\">\nPostimpressionismus<\/td>\n<\/tr>\n<tr>\n<td height=\"21\" style=\"width: 180px;height: 21px\">\nOriginaltechnik:<\/td>\n<td style=\"width: 439px\">\n\u00d6l auf Leinwand<\/td>\n<\/tr>\n<tr>\n<td height=\"21\" style=\"width: 180px;height: 21px\">\nGefunden:<\/td>\n<td style=\"width: 439px\">\nEremitage, St. Petersburg<\/td>\n<\/tr>\n<\/tbody>\n<colgroup>\n<\/colgroup>\n<\/table>\n<p>\nC\u00e9zanne malte das \u00d6l auf Leinwand <em>M\u00e4dchen am Klavier<\/em> auf einem Anwesen in der N\u00e4he der Stadt Aix, das seinen Eltern geh\u00f6rte. Die Figuren auf dem Gem\u00e4lde sind die Schwester und die Mutter des K\u00fcnstlers. \u00d6l auf Leinwand basiert haupts\u00e4chlich auf dem Kontrast zwischen Wei\u00df- und Schwarzt\u00f6nen, die Atmosph\u00e4re ist jedoch keineswegs pessimistisch. Die Komposition des Gem\u00e4ldes ist ausgewogen und dr\u00fcckt Einheit aus, wobei die Figuren und Objekte in diesem \u00d6l auf Leinwand Teil einer einheitlichen Umgebung sind. Die Szene ist keineswegs allt\u00e4glich, C\u00e9zanne ist es gelungen, eine wundervolle zeremonielle Szene zu malen.&nbsp;<\/p>\n","protected":false},"excerpt":{"rendered":"<p>Paul Cezanne \u2013 M\u00e4dchen am Klavier (Die Ouvert\u00fcre zu Tannh\u00e4user) &nbsp; Jahr der Erstellung: OK 1868 Originalgr\u00f6\u00dfe: 92,5 cm x 57,8 cm Malstil: Postimpressionismus Originaltechnik: \u00d6l auf Leinwand Gefunden: Eremitage, St. Petersburg C\u00e9zanne malte das \u00d6l auf Leinwand M\u00e4dchen am Klavier auf einem Anwesen in der N\u00e4he der Stadt Aix, [&hellip;]<\/p>\n","protected":false},"featured_media":63644,"template":"","meta":{"_acf_changed":false},"product_brand":[],"product_cat":[8464],"product_tag":[8481,8521,8513,8514],"class_list":{"0":"post-69333","1":"product","2":"type-product","3":"status-publish","4":"has-post-thumbnail","6":"product_cat-paul-cezanne-de","7":"product_tag-cezanne-de","8":"product_tag-maler","9":"product_tag-reproduktion","10":"product_tag-reproduktionen","11":"pa_dimenzija-100-x-60-cm-de","12":"pa_dimenzija-110-x-70-cm-de","13":"pa_dimenzija-120-x-75-cm-de","14":"pa_dimenzija-150-x-90-cm-de","15":"pa_dimenzija-180-x-110-cm-de","16":"pa_dimenzija-70-x-45-cm-de","17":"pa_dimenzija-80-x-50-cm-de","18":"pa_dimenzija-92-x-57-cm-de","19":"pa_oblika-horizontal-de","20":"pa_okvir-ohne-rahmen","21":"pa_podokvir-ja","22":"pa_podokvir-nein","24":"first","25":"onbackorder","26":"purchasable","27":"product-type-variable","28":"has-default-attributes"},"acf":[],"yoast_head":"<!-- This site is optimized with the Yoast SEO Premium plugin v26.0 (Yoast SEO v27.2) - https:\/\/yoast.com\/product\/yoast-seo-premium-wordpress\/ -->\n<title>Paul Cezanne - Girl at the Piano (The Overture to Tannhauser) - SVETSLIK.SI - 100% handgemalt<\/title>\n<meta name=\"description\" content=\"Paul Cezanne - Girl at the Piano (The Overture to Tannhauser) - 100% handgemalte Gem\u00e4lde - Verkauf von Reproduktionen ber\u00fchmter Gem\u00e4lde und abstrakter Kunst - Wandbilder f\u00fcr das Wohnzimmer\" \/>\n<meta name=\"robots\" content=\"index, follow, max-snippet:-1, max-image-preview:large, max-video-preview:-1\" \/>\n<link rel=\"canonical\" href=\"https:\/\/svetslik.si\/de\/paul-cezanne-de\/girl-at-the-piano-the-overture-to-tannhauser\/\" \/>\n<meta property=\"og:locale\" content=\"de_DE\" \/>\n<meta property=\"og:type\" content=\"article\" \/>\n<meta property=\"og:title\" content=\"Paul Cezanne - Girl at the Piano (The Overture to Tannhauser)\" \/>\n<meta property=\"og:description\" content=\"100% ro\u010dno naslikane slike na platnu, reprodukcije znanih slikarjev in umetni\u0161ke slike po naro\u010dilu.\" \/>\n<meta property=\"og:url\" content=\"https:\/\/svetslik.si\/de\/paul-cezanne-de\/girl-at-the-piano-the-overture-to-tannhauser\/\" \/>\n<meta property=\"og:site_name\" content=\"SVETSLIK.SI\" \/>\n<meta property=\"article:publisher\" content=\"https:\/\/www.facebook.com\/svetslik.si\" \/>\n<meta property=\"article:modified_time\" content=\"2026-03-22T19:40:17+00:00\" \/>\n<meta property=\"og:image\" content=\"https:\/\/svetslik.si\/wp-content\/uploads\/2021\/08\/image_Girl-at-the-Piano-The-Overture-to-Tannhauser-Paul-Czanne_680-scaled.jpg\" \/>\n\t<meta property=\"og:image:width\" content=\"2560\" \/>\n\t<meta property=\"og:image:height\" content=\"1576\" \/>\n\t<meta property=\"og:image:type\" content=\"image\/jpeg\" \/>\n<meta name=\"twitter:card\" content=\"summary_large_image\" \/>\n<meta name=\"twitter:site\" content=\"@svetslik\" \/>\n<meta name=\"twitter:label1\" content=\"Verf\u00fcgbarkeit\" \/>\n\t<meta name=\"twitter:data1\" content=\"bei Nachbestellung\" \/>\n<script type=\"application\/ld+json\" class=\"yoast-schema-graph\">{\"@context\":\"https:\/\/schema.org\",\"@graph\":[{\"@type\":[\"WebPage\",\"ItemPage\"],\"@id\":\"https:\/\/svetslik.si\/de\/paul-cezanne-de\/girl-at-the-piano-the-overture-to-tannhauser\/\",\"url\":\"https:\/\/svetslik.si\/de\/paul-cezanne-de\/girl-at-the-piano-the-overture-to-tannhauser\/\",\"name\":\"Paul Cezanne - Girl at the Piano (The Overture to Tannhauser) - SVETSLIK.SI - 100% handgemalt\",\"isPartOf\":{\"@id\":\"https:\/\/svetslik.si\/de\/#website\"},\"primaryImageOfPage\":{\"@id\":\"https:\/\/svetslik.si\/de\/paul-cezanne-de\/girl-at-the-piano-the-overture-to-tannhauser\/#primaryimage\"},\"image\":{\"@id\":\"https:\/\/svetslik.si\/de\/paul-cezanne-de\/girl-at-the-piano-the-overture-to-tannhauser\/#primaryimage\"},\"thumbnailUrl\":\"https:\/\/svetslik.si\/wp-content\/uploads\/2021\/08\/image_Girl-at-the-Piano-The-Overture-to-Tannhauser-Paul-Czanne_680-scaled.jpg\",\"datePublished\":\"2021-09-02T16:15:03+00:00\",\"dateModified\":\"2026-03-22T19:40:17+00:00\",\"description\":\"Paul Cezanne - Girl at the Piano (The Overture to Tannhauser) - 100% handgemalte Gem\u00e4lde - Verkauf von Reproduktionen ber\u00fchmter Gem\u00e4lde und abstrakter Kunst - Wandbilder f\u00fcr das Wohnzimmer\",\"breadcrumb\":{\"@id\":\"https:\/\/svetslik.si\/de\/paul-cezanne-de\/girl-at-the-piano-the-overture-to-tannhauser\/#breadcrumb\"},\"inLanguage\":\"de\",\"potentialAction\":[{\"@type\":\"ReadAction\",\"target\":[\"https:\/\/svetslik.si\/de\/paul-cezanne-de\/girl-at-the-piano-the-overture-to-tannhauser\/\"]}]},{\"@type\":\"ImageObject\",\"inLanguage\":\"de\",\"@id\":\"https:\/\/svetslik.si\/de\/paul-cezanne-de\/girl-at-the-piano-the-overture-to-tannhauser\/#primaryimage\",\"url\":\"https:\/\/svetslik.si\/wp-content\/uploads\/2021\/08\/image_Girl-at-the-Piano-The-Overture-to-Tannhauser-Paul-Czanne_680-scaled.jpg\",\"contentUrl\":\"https:\/\/svetslik.si\/wp-content\/uploads\/2021\/08\/image_Girl-at-the-Piano-The-Overture-to-Tannhauser-Paul-Czanne_680-scaled.jpg\",\"width\":2560,\"height\":1576,\"caption\":\"Paul Cezanne - Girl at the Piano (The Overture to Tannhauser) (Paul Cezanne - M\u00e4dchen am Klavier (Die Ouvert\u00fcre zu Tannh\u00e4user)) - Gem\u00e4lde, Leinwandbilder, Reproduktion\"},{\"@type\":\"BreadcrumbList\",\"@id\":\"https:\/\/svetslik.si\/de\/paul-cezanne-de\/girl-at-the-piano-the-overture-to-tannhauser\/#breadcrumb\",\"itemListElement\":[{\"@type\":\"ListItem\",\"position\":1,\"name\":\"Wandkunst und Gem\u00e4lde auf Leinwand\",\"item\":\"https:\/\/svetslik.si\/de\/\"},{\"@type\":\"ListItem\",\"position\":2,\"name\":\"Verkauf von Gem\u00e4lden\",\"item\":\"https:\/\/svetslik.si\/prodaja-slik\/\"},{\"@type\":\"ListItem\",\"position\":3,\"name\":\"Paul Cezanne &#8211; Girl at the Piano (The Overture to Tannhauser)\"}]},{\"@type\":\"WebSite\",\"@id\":\"https:\/\/svetslik.si\/de\/#website\",\"url\":\"https:\/\/svetslik.si\/de\/\",\"name\":\"SVETSLIK.SI\",\"description\":\"100% handgemalte Reproduktionen von Gem\u00e4lden ber\u00fchmter Maler und Gem\u00e4lde auf Leinwand.\",\"publisher\":{\"@id\":\"https:\/\/svetslik.si\/de\/#organization\"},\"potentialAction\":[{\"@type\":\"SearchAction\",\"target\":{\"@type\":\"EntryPoint\",\"urlTemplate\":\"https:\/\/svetslik.si\/de\/?s={search_term_string}\"},\"query-input\":{\"@type\":\"PropertyValueSpecification\",\"valueRequired\":true,\"valueName\":\"search_term_string\"}}],\"inLanguage\":\"de\"},{\"@type\":\"Organization\",\"@id\":\"https:\/\/svetslik.si\/de\/#organization\",\"name\":\"SvetSlik.si\",\"url\":\"https:\/\/svetslik.si\/de\/\",\"logo\":{\"@type\":\"ImageObject\",\"inLanguage\":\"de\",\"@id\":\"https:\/\/svetslik.si\/de\/#\/schema\/logo\/image\/\",\"url\":\"https:\/\/svetslik.si\/wp-content\/uploads\/2020\/12\/logo-512.png\",\"contentUrl\":\"https:\/\/svetslik.si\/wp-content\/uploads\/2020\/12\/logo-512.png\",\"width\":512,\"height\":512,\"caption\":\"SvetSlik.si\"},\"image\":{\"@id\":\"https:\/\/svetslik.si\/de\/#\/schema\/logo\/image\/\"},\"sameAs\":[\"https:\/\/www.facebook.com\/svetslik.si\",\"https:\/\/x.com\/svetslik\",\"https:\/\/www.instagram.com\/svetslik.si\/\",\"https:\/\/www.linkedin.com\/company\/svetslik-si\"]}]}<\/script>\n<meta property=\"og:availability\" content=\"backorder\" \/>\n<meta property=\"product:availability\" content=\"available for order\" \/>\n<meta property=\"product:retailer_item_id\" content=\"489__\" \/>\n<meta property=\"product:condition\" content=\"new\" \/>\n<!-- \/ Yoast SEO Premium plugin. -->","yoast_head_json":{"title":"Paul Cezanne - Girl at the Piano (The Overture to Tannhauser) - SVETSLIK.SI - 100% handgemalt","description":"Paul Cezanne - Girl at the Piano (The Overture to Tannhauser) - 100% handgemalte Gem\u00e4lde - Verkauf von Reproduktionen ber\u00fchmter Gem\u00e4lde und abstrakter Kunst - Wandbilder f\u00fcr das Wohnzimmer","robots":{"index":"index","follow":"follow","max-snippet":"max-snippet:-1","max-image-preview":"max-image-preview:large","max-video-preview":"max-video-preview:-1"},"canonical":"https:\/\/svetslik.si\/de\/paul-cezanne-de\/girl-at-the-piano-the-overture-to-tannhauser\/","og_locale":"de_DE","og_type":"article","og_title":"Paul Cezanne - Girl at the Piano (The Overture to Tannhauser)","og_description":"100% ro\u010dno naslikane slike na platnu, reprodukcije znanih slikarjev in umetni\u0161ke slike po naro\u010dilu.","og_url":"https:\/\/svetslik.si\/de\/paul-cezanne-de\/girl-at-the-piano-the-overture-to-tannhauser\/","og_site_name":"SVETSLIK.SI","article_publisher":"https:\/\/www.facebook.com\/svetslik.si","article_modified_time":"2026-03-22T19:40:17+00:00","og_image":[{"width":2560,"height":1576,"url":"https:\/\/svetslik.si\/wp-content\/uploads\/2021\/08\/image_Girl-at-the-Piano-The-Overture-to-Tannhauser-Paul-Czanne_680-scaled.jpg","type":"image\/jpeg"}],"twitter_card":"summary_large_image","twitter_site":"@svetslik","twitter_misc":{"Verf\u00fcgbarkeit":"bei Nachbestellung"},"schema":{"@context":"https:\/\/schema.org","@graph":[{"@type":["WebPage","ItemPage"],"@id":"https:\/\/svetslik.si\/de\/paul-cezanne-de\/girl-at-the-piano-the-overture-to-tannhauser\/","url":"https:\/\/svetslik.si\/de\/paul-cezanne-de\/girl-at-the-piano-the-overture-to-tannhauser\/","name":"Paul Cezanne - Girl at the Piano (The Overture to Tannhauser) - SVETSLIK.SI - 100% handgemalt","isPartOf":{"@id":"https:\/\/svetslik.si\/de\/#website"},"primaryImageOfPage":{"@id":"https:\/\/svetslik.si\/de\/paul-cezanne-de\/girl-at-the-piano-the-overture-to-tannhauser\/#primaryimage"},"image":{"@id":"https:\/\/svetslik.si\/de\/paul-cezanne-de\/girl-at-the-piano-the-overture-to-tannhauser\/#primaryimage"},"thumbnailUrl":"https:\/\/svetslik.si\/wp-content\/uploads\/2021\/08\/image_Girl-at-the-Piano-The-Overture-to-Tannhauser-Paul-Czanne_680-scaled.jpg","datePublished":"2021-09-02T16:15:03+00:00","dateModified":"2026-03-22T19:40:17+00:00","description":"Paul Cezanne - Girl at the Piano (The Overture to Tannhauser) - 100% handgemalte Gem\u00e4lde - Verkauf von Reproduktionen ber\u00fchmter Gem\u00e4lde und abstrakter Kunst - Wandbilder f\u00fcr das Wohnzimmer","breadcrumb":{"@id":"https:\/\/svetslik.si\/de\/paul-cezanne-de\/girl-at-the-piano-the-overture-to-tannhauser\/#breadcrumb"},"inLanguage":"de","potentialAction":[{"@type":"ReadAction","target":["https:\/\/svetslik.si\/de\/paul-cezanne-de\/girl-at-the-piano-the-overture-to-tannhauser\/"]}]},{"@type":"ImageObject","inLanguage":"de","@id":"https:\/\/svetslik.si\/de\/paul-cezanne-de\/girl-at-the-piano-the-overture-to-tannhauser\/#primaryimage","url":"https:\/\/svetslik.si\/wp-content\/uploads\/2021\/08\/image_Girl-at-the-Piano-The-Overture-to-Tannhauser-Paul-Czanne_680-scaled.jpg","contentUrl":"https:\/\/svetslik.si\/wp-content\/uploads\/2021\/08\/image_Girl-at-the-Piano-The-Overture-to-Tannhauser-Paul-Czanne_680-scaled.jpg","width":2560,"height":1576,"caption":"Paul Cezanne - Girl at the Piano (The Overture to Tannhauser) (Paul Cezanne - M\u00e4dchen am Klavier (Die Ouvert\u00fcre zu Tannh\u00e4user)) - Gem\u00e4lde, Leinwandbilder, Reproduktion"},{"@type":"BreadcrumbList","@id":"https:\/\/svetslik.si\/de\/paul-cezanne-de\/girl-at-the-piano-the-overture-to-tannhauser\/#breadcrumb","itemListElement":[{"@type":"ListItem","position":1,"name":"Wandkunst und Gem\u00e4lde auf Leinwand","item":"https:\/\/svetslik.si\/de\/"},{"@type":"ListItem","position":2,"name":"Verkauf von Gem\u00e4lden","item":"https:\/\/svetslik.si\/prodaja-slik\/"},{"@type":"ListItem","position":3,"name":"Paul Cezanne &#8211; Girl at the Piano (The Overture to Tannhauser)"}]},{"@type":"WebSite","@id":"https:\/\/svetslik.si\/de\/#website","url":"https:\/\/svetslik.si\/de\/","name":"SVETSLIK.SI","description":"100% handgemalte Reproduktionen von Gem\u00e4lden ber\u00fchmter Maler und Gem\u00e4lde auf Leinwand.","publisher":{"@id":"https:\/\/svetslik.si\/de\/#organization"},"potentialAction":[{"@type":"SearchAction","target":{"@type":"EntryPoint","urlTemplate":"https:\/\/svetslik.si\/de\/?s={search_term_string}"},"query-input":{"@type":"PropertyValueSpecification","valueRequired":true,"valueName":"search_term_string"}}],"inLanguage":"de"},{"@type":"Organization","@id":"https:\/\/svetslik.si\/de\/#organization","name":"SvetSlik.si","url":"https:\/\/svetslik.si\/de\/","logo":{"@type":"ImageObject","inLanguage":"de","@id":"https:\/\/svetslik.si\/de\/#\/schema\/logo\/image\/","url":"https:\/\/svetslik.si\/wp-content\/uploads\/2020\/12\/logo-512.png","contentUrl":"https:\/\/svetslik.si\/wp-content\/uploads\/2020\/12\/logo-512.png","width":512,"height":512,"caption":"SvetSlik.si"},"image":{"@id":"https:\/\/svetslik.si\/de\/#\/schema\/logo\/image\/"},"sameAs":["https:\/\/www.facebook.com\/svetslik.si","https:\/\/x.com\/svetslik","https:\/\/www.instagram.com\/svetslik.si\/","https:\/\/www.linkedin.com\/company\/svetslik-si"]}]},"og_availability":"backorder","product_availability":"available for order","product_retailer_item_id":"489__","product_condition":"new"},"jetpack_sharing_enabled":true,"_links":{"self":[{"href":"https:\/\/svetslik.si\/de\/wp-json\/wp\/v2\/product\/69333","targetHints":{"allow":["GET"]}}],"collection":[{"href":"https:\/\/svetslik.si\/de\/wp-json\/wp\/v2\/product"}],"about":[{"href":"https:\/\/svetslik.si\/de\/wp-json\/wp\/v2\/types\/product"}],"wp:featuredmedia":[{"embeddable":true,"href":"https:\/\/svetslik.si\/de\/wp-json\/wp\/v2\/media\/63644"}],"wp:attachment":[{"href":"https:\/\/svetslik.si\/de\/wp-json\/wp\/v2\/media?parent=69333"}],"wp:term":[{"taxonomy":"product_brand","embeddable":true,"href":"https:\/\/svetslik.si\/de\/wp-json\/wp\/v2\/product_brand?post=69333"},{"taxonomy":"product_cat","embeddable":true,"href":"https:\/\/svetslik.si\/de\/wp-json\/wp\/v2\/product_cat?post=69333"},{"taxonomy":"product_tag","embeddable":true,"href":"https:\/\/svetslik.si\/de\/wp-json\/wp\/v2\/product_tag?post=69333"}],"curies":[{"name":"wp","href":"https:\/\/api.w.org\/{rel}","templated":true}]}}