{"id":69458,"date":"2021-09-02T18:17:11","date_gmt":"2021-09-02T16:17:11","guid":{"rendered":"https:\/\/svetslik.si\/unkategorisiert\/cherries-and-peaches\/"},"modified":"2026-03-22T20:43:06","modified_gmt":"2026-03-22T19:43:06","slug":"cherries-and-peaches","status":"publish","type":"product","link":"https:\/\/svetslik.si\/de\/paul-cezanne-de\/cherries-and-peaches\/","title":{"rendered":"Paul Cezanne &#8211; Cherries and Peaches"},"content":{"rendered":"<div class=\"wpb-content-wrapper\">[vc_row css=&#8221;.vc_custom_1774090366429{margin-bottom: 10px !important;}&#8221;][vc_column]\t<div class=\"et-image-15 et-image     et_image_link\">\n\t\t<div class=\"et-image-inner \">\n\t\t\t\t\t\t\t<div class=\"et-image-thumb \">\n\t\t\t\t\t<img decoding=\"async\" width=\"1500\" height=\"1299\" src=\"https:\/\/svetslik.si\/wp-content\/uploads\/2021\/09\/Paul-Cezanne-\u2013-Cherries-and-Peaches.jpg\" class=\"attachment-full\" alt=\"Paul Cezanne - Cherries and Peaches\" title=\"Paul Cezanne - Cherries and Peaches\" srcset=\"https:\/\/svetslik.si\/wp-content\/uploads\/2021\/09\/Paul-Cezanne-\u2013-Cherries-and-Peaches.jpg 1500w, https:\/\/svetslik.si\/wp-content\/uploads\/2021\/09\/Paul-Cezanne-\u2013-Cherries-and-Peaches-300x260.jpg 300w, https:\/\/svetslik.si\/wp-content\/uploads\/2021\/09\/Paul-Cezanne-\u2013-Cherries-and-Peaches-1024x887.jpg 1024w, https:\/\/svetslik.si\/wp-content\/uploads\/2021\/09\/Paul-Cezanne-\u2013-Cherries-and-Peaches-768x665.jpg 768w, https:\/\/svetslik.si\/wp-content\/uploads\/2021\/09\/Paul-Cezanne-\u2013-Cherries-and-Peaches-150x130.jpg 150w, https:\/\/svetslik.si\/wp-content\/uploads\/2021\/09\/Paul-Cezanne-\u2013-Cherries-and-Peaches-600x520.jpg 600w, https:\/\/svetslik.si\/wp-content\/uploads\/2021\/09\/Paul-Cezanne-\u2013-Cherries-and-Peaches-1200x1039.jpg 1200w\" sizes=\"(max-width: 1500px) 100vw, 1500px\" \/>\t\t\t\t<\/div>\n\t\t\t\t\t\t\t\t\t\t\t<\/div>\n\t<\/div>\n  [\/vc_column][\/vc_row][vc_row css=&#8221;.vc_custom_1774090366429{margin-bottom: 10px !important;}&#8221;][vc_column]\t<div class=\"et-image-723 et-image     et_image_link\">\n\t\t<div class=\"et-image-inner \">\n\t\t\t\t\t\t\t<div class=\"et-image-thumb \">\n\t\t\t\t\t<img decoding=\"async\" width=\"1500\" height=\"1643\" src=\"https:\/\/svetslik.si\/wp-content\/uploads\/2021\/09\/Paul-Cezanne-\u2013-Cherries-and-Peaches-2.webp\" class=\"attachment-full\" alt=\"Paul Cezanne - Cherries and Peaches\" title=\"Paul Cezanne - Cherries and Peaches\" srcset=\"https:\/\/svetslik.si\/wp-content\/uploads\/2021\/09\/Paul-Cezanne-\u2013-Cherries-and-Peaches-2.webp 1500w, https:\/\/svetslik.si\/wp-content\/uploads\/2021\/09\/Paul-Cezanne-\u2013-Cherries-and-Peaches-2-274x300.webp 274w, https:\/\/svetslik.si\/wp-content\/uploads\/2021\/09\/Paul-Cezanne-\u2013-Cherries-and-Peaches-2-935x1024.webp 935w, https:\/\/svetslik.si\/wp-content\/uploads\/2021\/09\/Paul-Cezanne-\u2013-Cherries-and-Peaches-2-768x841.webp 768w, https:\/\/svetslik.si\/wp-content\/uploads\/2021\/09\/Paul-Cezanne-\u2013-Cherries-and-Peaches-2-1402x1536.webp 1402w, https:\/\/svetslik.si\/wp-content\/uploads\/2021\/09\/Paul-Cezanne-\u2013-Cherries-and-Peaches-2-137x150.webp 137w, https:\/\/svetslik.si\/wp-content\/uploads\/2021\/09\/Paul-Cezanne-\u2013-Cherries-and-Peaches-2-600x657.webp 600w, https:\/\/svetslik.si\/wp-content\/uploads\/2021\/09\/Paul-Cezanne-\u2013-Cherries-and-Peaches-2-1200x1314.webp 1200w\" sizes=\"(max-width: 1500px) 100vw, 1500px\" \/>\t\t\t\t<\/div>\n\t\t\t\t\t\t\t\t\t\t\t<\/div>\n\t<\/div>\n  [\/vc_column][\/vc_row][vc_row css=&#8221;.vc_custom_1774090366429{margin-bottom: 10px !important;}&#8221;][vc_column]\t<div class=\"et-image-595 et-image     et_image_link\">\n\t\t<div class=\"et-image-inner \">\n\t\t\t\t\t\t\t<div class=\"et-image-thumb \">\n\t\t\t\t\t<img decoding=\"async\" width=\"1500\" height=\"1504\" src=\"https:\/\/svetslik.si\/wp-content\/uploads\/2021\/09\/Paul-Cezanne-\u2013-Cherries-and-Peaches-4.webp\" class=\"attachment-full\" alt=\"Paul Cezanne - Cherries and Peaches\" title=\"Paul Cezanne - Cherries and Peaches\" srcset=\"https:\/\/svetslik.si\/wp-content\/uploads\/2021\/09\/Paul-Cezanne-\u2013-Cherries-and-Peaches-4.webp 1500w, https:\/\/svetslik.si\/wp-content\/uploads\/2021\/09\/Paul-Cezanne-\u2013-Cherries-and-Peaches-4-300x300.webp 300w, https:\/\/svetslik.si\/wp-content\/uploads\/2021\/09\/Paul-Cezanne-\u2013-Cherries-and-Peaches-4-1021x1024.webp 1021w, https:\/\/svetslik.si\/wp-content\/uploads\/2021\/09\/Paul-Cezanne-\u2013-Cherries-and-Peaches-4-150x150.webp 150w, https:\/\/svetslik.si\/wp-content\/uploads\/2021\/09\/Paul-Cezanne-\u2013-Cherries-and-Peaches-4-768x770.webp 768w, https:\/\/svetslik.si\/wp-content\/uploads\/2021\/09\/Paul-Cezanne-\u2013-Cherries-and-Peaches-4-600x602.webp 600w, https:\/\/svetslik.si\/wp-content\/uploads\/2021\/09\/Paul-Cezanne-\u2013-Cherries-and-Peaches-4-1200x1203.webp 1200w, https:\/\/svetslik.si\/wp-content\/uploads\/2021\/09\/Paul-Cezanne-\u2013-Cherries-and-Peaches-4-100x100.webp 100w\" sizes=\"(max-width: 1500px) 100vw, 1500px\" \/>\t\t\t\t<\/div>\n\t\t\t\t\t\t\t\t\t\t\t<\/div>\n\t<\/div>\n  [\/vc_column][\/vc_row][vc_row css=&#8221;.vc_custom_1774090366429{margin-bottom: 10px !important;}&#8221;][vc_column]\t<div class=\"et-image-929 et-image     et_image_link\">\n\t\t<div class=\"et-image-inner \">\n\t\t\t\t\t\t\t<div class=\"et-image-thumb \">\n\t\t\t\t\t<img decoding=\"async\" width=\"1500\" height=\"1125\" src=\"https:\/\/svetslik.si\/wp-content\/uploads\/2021\/09\/Paul-Cezanne-\u2013-Cherries-and-Peaches.webp\" class=\"attachment-full\" alt=\"Paul Cezanne - Cherries and Peaches\" title=\"Paul Cezanne - Cherries and Peaches\" srcset=\"https:\/\/svetslik.si\/wp-content\/uploads\/2021\/09\/Paul-Cezanne-\u2013-Cherries-and-Peaches.webp 1500w, https:\/\/svetslik.si\/wp-content\/uploads\/2021\/09\/Paul-Cezanne-\u2013-Cherries-and-Peaches-300x225.webp 300w, https:\/\/svetslik.si\/wp-content\/uploads\/2021\/09\/Paul-Cezanne-\u2013-Cherries-and-Peaches-1024x768.webp 1024w, https:\/\/svetslik.si\/wp-content\/uploads\/2021\/09\/Paul-Cezanne-\u2013-Cherries-and-Peaches-768x576.webp 768w, https:\/\/svetslik.si\/wp-content\/uploads\/2021\/09\/Paul-Cezanne-\u2013-Cherries-and-Peaches-150x113.webp 150w, https:\/\/svetslik.si\/wp-content\/uploads\/2021\/09\/Paul-Cezanne-\u2013-Cherries-and-Peaches-600x450.webp 600w, https:\/\/svetslik.si\/wp-content\/uploads\/2021\/09\/Paul-Cezanne-\u2013-Cherries-and-Peaches-1200x900.webp 1200w\" sizes=\"(max-width: 1500px) 100vw, 1500px\" \/>\t\t\t\t<\/div>\n\t\t\t\t\t\t\t\t\t\t\t<\/div>\n\t<\/div>\n  [\/vc_column][\/vc_row][vc_row][vc_column][vc_column_text]\n<h1>Paul Cezanne \u2013 Kirschen und Pfirsiche<\/h1>\n<p>&nbsp;<\/p>\n<table style=\"width: 619px;\" border=\"0\" width=\"619\" cellpadding=\"0\">\n<tbody>\n<tr>\n<td style=\"width: 180px; height: 21px;\" height=\"21\">Jahr der Erstellung:<\/td>\n<td style=\"width: 439px;\">1885-1887<\/td>\n<\/tr>\n<tr>\n<td style=\"width: 180px; height: 21px;\" height=\"21\">Originalgr\u00f6\u00dfe:<\/td>\n<td style=\"width: 439px;\">69 cm x 58 cm<\/td>\n<\/tr>\n<tr>\n<td style=\"width: 180px; height: 21px;\" height=\"21\">Malstil:<\/td>\n<td style=\"width: 439px;\">Postimpressionismus<\/td>\n<\/tr>\n<tr>\n<td style=\"width: 180px; height: 21px;\" height=\"21\">Originaltechnik:<\/td>\n<td style=\"width: 439px;\">\u00d6l auf Leinwand<\/td>\n<\/tr>\n<tr>\n<td style=\"width: 180px; height: 21px;\" height=\"21\">Gefunden:<\/td>\n<td style=\"width: 439px;\">Los Angeles County Museum of Art, USA<\/td>\n<\/tr>\n<\/tbody>\n<colgroup> <\/colgroup>\n<\/table>\n<p>\u00d6l auf Leinwand <em>Kirschen und Pfirsiche<\/em>\u00a0zeigt die immer st\u00e4rker werdende Tendenz des Malers, Form und dynamische Spannung zwischen geometrischen Figuren zu vergleichen.<\/p>\n[\/vc_column_text][\/vc_column][\/vc_row]\n<\/div>","protected":false},"excerpt":{"rendered":"<p>[vc_row css=&#8221;.vc_custom_1774090366429{margin-bottom: 10px !important;}&#8221;][vc_column][\/vc_column][\/vc_row][vc_row css=&#8221;.vc_custom_1774090366429{margin-bottom: 10px !important;}&#8221;][vc_column][\/vc_column][\/vc_row][vc_row css=&#8221;.vc_custom_1774090366429{margin-bottom: 10px !important;}&#8221;][vc_column][\/vc_column][\/vc_row][vc_row css=&#8221;.vc_custom_1774090366429{margin-bottom: 10px !important;}&#8221;][vc_column][\/vc_column][\/vc_row][vc_row][vc_column][vc_column_text] Paul Cezanne \u2013 Kirschen und Pfirsiche &nbsp; Jahr der Erstellung: 1885-1887 Originalgr\u00f6\u00dfe: 69 cm x 58 cm Malstil: Postimpressionismus Originaltechnik: \u00d6l auf Leinwand Gefunden: Los Angeles County Museum of Art, USA \u00d6l auf Leinwand Kirschen und Pfirsiche\u00a0zeigt [&hellip;]<\/p>\n","protected":false},"featured_media":63447,"template":"","meta":{"_acf_changed":false},"product_brand":[],"product_cat":[8464],"product_tag":[8481,8521,8513,8514],"class_list":{"0":"post-69458","1":"product","2":"type-product","3":"status-publish","4":"has-post-thumbnail","6":"product_cat-paul-cezanne-de","7":"product_tag-cezanne-de","8":"product_tag-maler","9":"product_tag-reproduktion","10":"product_tag-reproduktionen","11":"pa_dimenzija-100-x-85-cm","12":"pa_dimenzija-120-x-100-cm","13":"pa_dimenzija-150-x-130-cm","14":"pa_dimenzija-50-x-40-cm","15":"pa_dimenzija-60-x-50-cm","16":"pa_dimenzija-69-x-58-cm","17":"pa_dimenzija-80-x-70-cm","18":"pa_dimenzija-90-x-80-cm","19":"pa_oblika-horizontal-de","20":"pa_okvir-ohne-rahmen","21":"pa_podokvir-ja","22":"pa_podokvir-nein","24":"first","25":"onbackorder","26":"purchasable","27":"product-type-variable","28":"has-default-attributes"},"acf":[],"yoast_head":"<!-- This site is optimized with the Yoast SEO Premium plugin v26.0 (Yoast SEO v27.2) - https:\/\/yoast.com\/product\/yoast-seo-premium-wordpress\/ -->\n<title>Paul Cezanne - Cherries and Peaches - SVETSLIK.SI - 100% handgemalt<\/title>\n<meta name=\"description\" content=\"Paul Cezanne - Cherries and Peaches - 100% handgemalte Gem\u00e4lde - Verkauf von Reproduktionen ber\u00fchmter Gem\u00e4lde und abstrakter Kunst - Wandbilder f\u00fcr das Wohnzimmer\" \/>\n<meta name=\"robots\" content=\"index, follow, max-snippet:-1, max-image-preview:large, max-video-preview:-1\" \/>\n<link rel=\"canonical\" href=\"https:\/\/svetslik.si\/de\/paul-cezanne-de\/cherries-and-peaches\/\" \/>\n<meta property=\"og:locale\" content=\"de_DE\" \/>\n<meta property=\"og:type\" content=\"article\" \/>\n<meta property=\"og:title\" content=\"Paul Cezanne - Cherries and Peaches\" \/>\n<meta property=\"og:description\" content=\"100% ro\u010dno naslikane slike na platnu, reprodukcije znanih slikarjev in umetni\u0161ke slike po naro\u010dilu.\" \/>\n<meta property=\"og:url\" content=\"https:\/\/svetslik.si\/de\/paul-cezanne-de\/cherries-and-peaches\/\" \/>\n<meta property=\"og:site_name\" content=\"SVETSLIK.SI\" \/>\n<meta property=\"article:publisher\" content=\"https:\/\/www.facebook.com\/svetslik.si\" \/>\n<meta property=\"article:modified_time\" content=\"2026-03-22T19:43:06+00:00\" \/>\n<meta property=\"og:image\" content=\"https:\/\/svetslik.si\/wp-content\/uploads\/2021\/08\/image_Cherries-and-Peaches-Paul-Czanne_680.jpg\" \/>\n\t<meta property=\"og:image:width\" content=\"1031\" \/>\n\t<meta property=\"og:image:height\" content=\"800\" \/>\n\t<meta property=\"og:image:type\" content=\"image\/jpeg\" \/>\n<meta name=\"twitter:card\" content=\"summary_large_image\" \/>\n<meta name=\"twitter:site\" content=\"@svetslik\" \/>\n<meta name=\"twitter:label1\" content=\"Verf\u00fcgbarkeit\" \/>\n\t<meta name=\"twitter:data1\" content=\"bei Nachbestellung\" \/>\n<script type=\"application\/ld+json\" class=\"yoast-schema-graph\">{\"@context\":\"https:\/\/schema.org\",\"@graph\":[{\"@type\":[\"WebPage\",\"ItemPage\"],\"@id\":\"https:\/\/svetslik.si\/de\/paul-cezanne-de\/cherries-and-peaches\/\",\"url\":\"https:\/\/svetslik.si\/de\/paul-cezanne-de\/cherries-and-peaches\/\",\"name\":\"Paul Cezanne - Cherries and Peaches - SVETSLIK.SI - 100% handgemalt\",\"isPartOf\":{\"@id\":\"https:\/\/svetslik.si\/de\/#website\"},\"primaryImageOfPage\":{\"@id\":\"https:\/\/svetslik.si\/de\/paul-cezanne-de\/cherries-and-peaches\/#primaryimage\"},\"image\":{\"@id\":\"https:\/\/svetslik.si\/de\/paul-cezanne-de\/cherries-and-peaches\/#primaryimage\"},\"thumbnailUrl\":\"https:\/\/svetslik.si\/wp-content\/uploads\/2021\/08\/image_Cherries-and-Peaches-Paul-Czanne_680.jpg\",\"datePublished\":\"2021-09-02T16:17:11+00:00\",\"dateModified\":\"2026-03-22T19:43:06+00:00\",\"description\":\"Paul Cezanne - Cherries and Peaches - 100% handgemalte Gem\u00e4lde - Verkauf von Reproduktionen ber\u00fchmter Gem\u00e4lde und abstrakter Kunst - Wandbilder f\u00fcr das Wohnzimmer\",\"breadcrumb\":{\"@id\":\"https:\/\/svetslik.si\/de\/paul-cezanne-de\/cherries-and-peaches\/#breadcrumb\"},\"inLanguage\":\"de\",\"potentialAction\":[{\"@type\":\"ReadAction\",\"target\":[\"https:\/\/svetslik.si\/de\/paul-cezanne-de\/cherries-and-peaches\/\"]}]},{\"@type\":\"ImageObject\",\"inLanguage\":\"de\",\"@id\":\"https:\/\/svetslik.si\/de\/paul-cezanne-de\/cherries-and-peaches\/#primaryimage\",\"url\":\"https:\/\/svetslik.si\/wp-content\/uploads\/2021\/08\/image_Cherries-and-Peaches-Paul-Czanne_680.jpg\",\"contentUrl\":\"https:\/\/svetslik.si\/wp-content\/uploads\/2021\/08\/image_Cherries-and-Peaches-Paul-Czanne_680.jpg\",\"width\":1031,\"height\":800,\"caption\":\"Paul Cezanne - Cherries and Peaches - Kirschen und Pfirsiche (Gem\u00e4lde, Leinwandbilder) - 100% handgemalte, Reproduktionen ber\u00fchmter Gem\u00e4lde, Gem\u00e4lde kaufen, Wandbilder Wohnzimmer, ber\u00fchmtes Gem\u00e4lde, Bilderrahmen\"},{\"@type\":\"BreadcrumbList\",\"@id\":\"https:\/\/svetslik.si\/de\/paul-cezanne-de\/cherries-and-peaches\/#breadcrumb\",\"itemListElement\":[{\"@type\":\"ListItem\",\"position\":1,\"name\":\"Wandkunst und Gem\u00e4lde auf Leinwand\",\"item\":\"https:\/\/svetslik.si\/de\/\"},{\"@type\":\"ListItem\",\"position\":2,\"name\":\"Verkauf von Gem\u00e4lden\",\"item\":\"https:\/\/svetslik.si\/prodaja-slik\/\"},{\"@type\":\"ListItem\",\"position\":3,\"name\":\"Paul Cezanne &#8211; Cherries and Peaches\"}]},{\"@type\":\"WebSite\",\"@id\":\"https:\/\/svetslik.si\/de\/#website\",\"url\":\"https:\/\/svetslik.si\/de\/\",\"name\":\"SVETSLIK.SI\",\"description\":\"100% handgemalte Reproduktionen von Gem\u00e4lden ber\u00fchmter Maler und Gem\u00e4lde auf Leinwand.\",\"publisher\":{\"@id\":\"https:\/\/svetslik.si\/de\/#organization\"},\"potentialAction\":[{\"@type\":\"SearchAction\",\"target\":{\"@type\":\"EntryPoint\",\"urlTemplate\":\"https:\/\/svetslik.si\/de\/?s={search_term_string}\"},\"query-input\":{\"@type\":\"PropertyValueSpecification\",\"valueRequired\":true,\"valueName\":\"search_term_string\"}}],\"inLanguage\":\"de\"},{\"@type\":\"Organization\",\"@id\":\"https:\/\/svetslik.si\/de\/#organization\",\"name\":\"SvetSlik.si\",\"url\":\"https:\/\/svetslik.si\/de\/\",\"logo\":{\"@type\":\"ImageObject\",\"inLanguage\":\"de\",\"@id\":\"https:\/\/svetslik.si\/de\/#\/schema\/logo\/image\/\",\"url\":\"https:\/\/svetslik.si\/wp-content\/uploads\/2020\/12\/logo-512.png\",\"contentUrl\":\"https:\/\/svetslik.si\/wp-content\/uploads\/2020\/12\/logo-512.png\",\"width\":512,\"height\":512,\"caption\":\"SvetSlik.si\"},\"image\":{\"@id\":\"https:\/\/svetslik.si\/de\/#\/schema\/logo\/image\/\"},\"sameAs\":[\"https:\/\/www.facebook.com\/svetslik.si\",\"https:\/\/x.com\/svetslik\",\"https:\/\/www.instagram.com\/svetslik.si\/\",\"https:\/\/www.linkedin.com\/company\/svetslik-si\"]}]}<\/script>\n<meta property=\"og:availability\" content=\"backorder\" \/>\n<meta property=\"product:availability\" content=\"available for order\" \/>\n<meta property=\"product:retailer_item_id\" content=\"504__\" \/>\n<meta property=\"product:condition\" content=\"new\" \/>\n<!-- \/ Yoast SEO Premium plugin. -->","yoast_head_json":{"title":"Paul Cezanne - Cherries and Peaches - SVETSLIK.SI - 100% handgemalt","description":"Paul Cezanne - Cherries and Peaches - 100% handgemalte Gem\u00e4lde - Verkauf von Reproduktionen ber\u00fchmter Gem\u00e4lde und abstrakter Kunst - Wandbilder f\u00fcr das Wohnzimmer","robots":{"index":"index","follow":"follow","max-snippet":"max-snippet:-1","max-image-preview":"max-image-preview:large","max-video-preview":"max-video-preview:-1"},"canonical":"https:\/\/svetslik.si\/de\/paul-cezanne-de\/cherries-and-peaches\/","og_locale":"de_DE","og_type":"article","og_title":"Paul Cezanne - Cherries and Peaches","og_description":"100% ro\u010dno naslikane slike na platnu, reprodukcije znanih slikarjev in umetni\u0161ke slike po naro\u010dilu.","og_url":"https:\/\/svetslik.si\/de\/paul-cezanne-de\/cherries-and-peaches\/","og_site_name":"SVETSLIK.SI","article_publisher":"https:\/\/www.facebook.com\/svetslik.si","article_modified_time":"2026-03-22T19:43:06+00:00","og_image":[{"width":1031,"height":800,"url":"https:\/\/svetslik.si\/wp-content\/uploads\/2021\/08\/image_Cherries-and-Peaches-Paul-Czanne_680.jpg","type":"image\/jpeg"}],"twitter_card":"summary_large_image","twitter_site":"@svetslik","twitter_misc":{"Verf\u00fcgbarkeit":"bei Nachbestellung"},"schema":{"@context":"https:\/\/schema.org","@graph":[{"@type":["WebPage","ItemPage"],"@id":"https:\/\/svetslik.si\/de\/paul-cezanne-de\/cherries-and-peaches\/","url":"https:\/\/svetslik.si\/de\/paul-cezanne-de\/cherries-and-peaches\/","name":"Paul Cezanne - Cherries and Peaches - SVETSLIK.SI - 100% handgemalt","isPartOf":{"@id":"https:\/\/svetslik.si\/de\/#website"},"primaryImageOfPage":{"@id":"https:\/\/svetslik.si\/de\/paul-cezanne-de\/cherries-and-peaches\/#primaryimage"},"image":{"@id":"https:\/\/svetslik.si\/de\/paul-cezanne-de\/cherries-and-peaches\/#primaryimage"},"thumbnailUrl":"https:\/\/svetslik.si\/wp-content\/uploads\/2021\/08\/image_Cherries-and-Peaches-Paul-Czanne_680.jpg","datePublished":"2021-09-02T16:17:11+00:00","dateModified":"2026-03-22T19:43:06+00:00","description":"Paul Cezanne - Cherries and Peaches - 100% handgemalte Gem\u00e4lde - Verkauf von Reproduktionen ber\u00fchmter Gem\u00e4lde und abstrakter Kunst - Wandbilder f\u00fcr das Wohnzimmer","breadcrumb":{"@id":"https:\/\/svetslik.si\/de\/paul-cezanne-de\/cherries-and-peaches\/#breadcrumb"},"inLanguage":"de","potentialAction":[{"@type":"ReadAction","target":["https:\/\/svetslik.si\/de\/paul-cezanne-de\/cherries-and-peaches\/"]}]},{"@type":"ImageObject","inLanguage":"de","@id":"https:\/\/svetslik.si\/de\/paul-cezanne-de\/cherries-and-peaches\/#primaryimage","url":"https:\/\/svetslik.si\/wp-content\/uploads\/2021\/08\/image_Cherries-and-Peaches-Paul-Czanne_680.jpg","contentUrl":"https:\/\/svetslik.si\/wp-content\/uploads\/2021\/08\/image_Cherries-and-Peaches-Paul-Czanne_680.jpg","width":1031,"height":800,"caption":"Paul Cezanne - Cherries and Peaches - Kirschen und Pfirsiche (Gem\u00e4lde, Leinwandbilder) - 100% handgemalte, Reproduktionen ber\u00fchmter Gem\u00e4lde, Gem\u00e4lde kaufen, Wandbilder Wohnzimmer, ber\u00fchmtes Gem\u00e4lde, Bilderrahmen"},{"@type":"BreadcrumbList","@id":"https:\/\/svetslik.si\/de\/paul-cezanne-de\/cherries-and-peaches\/#breadcrumb","itemListElement":[{"@type":"ListItem","position":1,"name":"Wandkunst und Gem\u00e4lde auf Leinwand","item":"https:\/\/svetslik.si\/de\/"},{"@type":"ListItem","position":2,"name":"Verkauf von Gem\u00e4lden","item":"https:\/\/svetslik.si\/prodaja-slik\/"},{"@type":"ListItem","position":3,"name":"Paul Cezanne &#8211; Cherries and Peaches"}]},{"@type":"WebSite","@id":"https:\/\/svetslik.si\/de\/#website","url":"https:\/\/svetslik.si\/de\/","name":"SVETSLIK.SI","description":"100% handgemalte Reproduktionen von Gem\u00e4lden ber\u00fchmter Maler und Gem\u00e4lde auf Leinwand.","publisher":{"@id":"https:\/\/svetslik.si\/de\/#organization"},"potentialAction":[{"@type":"SearchAction","target":{"@type":"EntryPoint","urlTemplate":"https:\/\/svetslik.si\/de\/?s={search_term_string}"},"query-input":{"@type":"PropertyValueSpecification","valueRequired":true,"valueName":"search_term_string"}}],"inLanguage":"de"},{"@type":"Organization","@id":"https:\/\/svetslik.si\/de\/#organization","name":"SvetSlik.si","url":"https:\/\/svetslik.si\/de\/","logo":{"@type":"ImageObject","inLanguage":"de","@id":"https:\/\/svetslik.si\/de\/#\/schema\/logo\/image\/","url":"https:\/\/svetslik.si\/wp-content\/uploads\/2020\/12\/logo-512.png","contentUrl":"https:\/\/svetslik.si\/wp-content\/uploads\/2020\/12\/logo-512.png","width":512,"height":512,"caption":"SvetSlik.si"},"image":{"@id":"https:\/\/svetslik.si\/de\/#\/schema\/logo\/image\/"},"sameAs":["https:\/\/www.facebook.com\/svetslik.si","https:\/\/x.com\/svetslik","https:\/\/www.instagram.com\/svetslik.si\/","https:\/\/www.linkedin.com\/company\/svetslik-si"]}]},"og_availability":"backorder","product_availability":"available for order","product_retailer_item_id":"504__","product_condition":"new"},"jetpack_sharing_enabled":true,"_links":{"self":[{"href":"https:\/\/svetslik.si\/de\/wp-json\/wp\/v2\/product\/69458","targetHints":{"allow":["GET"]}}],"collection":[{"href":"https:\/\/svetslik.si\/de\/wp-json\/wp\/v2\/product"}],"about":[{"href":"https:\/\/svetslik.si\/de\/wp-json\/wp\/v2\/types\/product"}],"wp:featuredmedia":[{"embeddable":true,"href":"https:\/\/svetslik.si\/de\/wp-json\/wp\/v2\/media\/63447"}],"wp:attachment":[{"href":"https:\/\/svetslik.si\/de\/wp-json\/wp\/v2\/media?parent=69458"}],"wp:term":[{"taxonomy":"product_brand","embeddable":true,"href":"https:\/\/svetslik.si\/de\/wp-json\/wp\/v2\/product_brand?post=69458"},{"taxonomy":"product_cat","embeddable":true,"href":"https:\/\/svetslik.si\/de\/wp-json\/wp\/v2\/product_cat?post=69458"},{"taxonomy":"product_tag","embeddable":true,"href":"https:\/\/svetslik.si\/de\/wp-json\/wp\/v2\/product_tag?post=69458"}],"curies":[{"name":"wp","href":"https:\/\/api.w.org\/{rel}","templated":true}]}}