{"id":69485,"date":"2021-09-02T18:17:29","date_gmt":"2021-09-02T16:17:29","guid":{"rendered":"https:\/\/svetslik.si\/unkategorisiert\/the-hungry-lion-throws-itself-on-the-antelope\/"},"modified":"2026-03-22T20:43:51","modified_gmt":"2026-03-22T19:43:51","slug":"the-hungry-lion-throws-itself-on-the-antelope","status":"publish","type":"product","link":"https:\/\/svetslik.si\/de\/henri-rousseau-de\/the-hungry-lion-throws-itself-on-the-antelope\/","title":{"rendered":"Henri Rousseau &#8211; The Hungry Lion Throws Itself on the Antelope"},"content":{"rendered":"<h1>Henri Rousseau \u2013 Der hungrige L\u00f6we wirft sich auf die Antilope<\/h1>\n<p>\n&nbsp;<\/p>\n<table border=\"0\" cellpadding=\"0\" style=\"width: 673px\" width=\"673\">\n<tbody>\n<tr>\n<td height=\"21\" style=\"width: 180px;height: 21px\">\nJahr der Erstellung:<\/td>\n<td style=\"width: 493px\">\n1905<\/td>\n<\/tr>\n<tr>\n<td height=\"21\" style=\"width: 180px;height: 21px\">\nOriginalgr\u00f6\u00dfe:<\/td>\n<td style=\"width: 493px\">\n301 cm x 200 cm<\/td>\n<\/tr>\n<tr>\n<td height=\"21\" style=\"width: 180px;height: 21px\">\nMalstil:<\/td>\n<td style=\"width: 493px\">\nPostimpressionismus<\/td>\n<\/tr>\n<tr>\n<td height=\"21\" style=\"width: 180px;height: 21px\">\nOriginaltechnik:<\/td>\n<td>\n\u00d6l auf Leinwand<\/td>\n<\/tr>\n<tr>\n<td height=\"21\" style=\"width: 180px;height: 21px\">\nGefunden:<\/td>\n<td>\nBeyeler-Stiftung, Basel, Schweiz<\/td>\n<\/tr>\n<\/tbody>\n<colgroup>\n<\/colgroup>\n<\/table>\n<p>\nAuf dem Gem\u00e4lde \u201eDer hungrige L\u00f6we\u201c stellte der K\u00fcnstler eine Szene aus dem Dschungel dar. Dichtes Gr\u00fcn erleuchtet die untergehende Sonne rot. Im Vordergrund des Bildes biss der L\u00f6we der Antilope in den Hals. Im Unterholz sind weitere Tiere zu sehen: Ein Panther folgt der Szene von rechts; aus dem Hintergrund in der Bildmitte starrt eine Eule, die ein blutiges St\u00fcck Fleisch im Schnabel h\u00e4lt; zu ihrer Linken ist ein weiterer Vogel; Ebenso k\u00f6nnen wir links die dunklen Umrisse eines Primaten mit funkelnden Augen erkennen.<\/p>\n","protected":false},"excerpt":{"rendered":"<p>Henri Rousseau \u2013 Der hungrige L\u00f6we wirft sich auf die Antilope &nbsp; Jahr der Erstellung: 1905 Originalgr\u00f6\u00dfe: 301 cm x 200 cm Malstil: Postimpressionismus Originaltechnik: \u00d6l auf Leinwand Gefunden: Beyeler-Stiftung, Basel, Schweiz Auf dem Gem\u00e4lde \u201eDer hungrige L\u00f6we\u201c stellte der K\u00fcnstler eine Szene aus dem Dschungel dar. Dichtes Gr\u00fcn erleuchtet [&hellip;]<\/p>\n","protected":false},"featured_media":64188,"template":"","meta":{"_acf_changed":false},"product_brand":[],"product_cat":[8462],"product_tag":[8521,8513,8514,8517],"class_list":{"0":"post-69485","1":"product","2":"type-product","3":"status-publish","4":"has-post-thumbnail","6":"product_cat-henri-rousseau-de","7":"product_tag-maler","8":"product_tag-reproduktion","9":"product_tag-reproduktionen","10":"product_tag-rousseau-de","11":"pa_dimenzija-120-x-80-cm","12":"pa_dimenzija-150-x-100-cm","13":"pa_dimenzija-180-x-120-cm","14":"pa_dimenzija-210-x-140-cm","15":"pa_dimenzija-240-x-160-cm","16":"pa_dimenzija-270-x-180-cm","17":"pa_dimenzija-301-x-200-cm","18":"pa_dimenzija-90-x-60-cm","19":"pa_oblika-horizontal-de","20":"pa_okvir-ohne-rahmen","21":"pa_podokvir-ja","22":"pa_podokvir-nein","24":"first","25":"onbackorder","26":"purchasable","27":"product-type-variable","28":"has-default-attributes"},"acf":[],"yoast_head":"<!-- This site is optimized with the Yoast SEO Premium plugin v27.5 (Yoast SEO v27.6) - https:\/\/yoast.com\/product\/yoast-seo-premium-wordpress\/ -->\n<title>Henri Rousseau - The Hungry Lion Throws Itself on the Antelope - SVETSLIK.SI - 100% handgemalt<\/title>\n<meta name=\"description\" content=\"Henri Rousseau - The Hungry Lion Throws Itself on the Antelope - 100% handgemalte Gem\u00e4lde - Verkauf von Reproduktionen ber\u00fchmter Gem\u00e4lde und abstrakter Kunst - Wandbilder f\u00fcr das Wohnzimmer\" \/>\n<meta name=\"robots\" content=\"index, follow, max-snippet:-1, max-image-preview:large, max-video-preview:-1\" \/>\n<link rel=\"canonical\" href=\"https:\/\/svetslik.si\/de\/henri-rousseau-de\/the-hungry-lion-throws-itself-on-the-antelope\/\" \/>\n<meta property=\"og:locale\" content=\"de_DE\" \/>\n<meta property=\"og:type\" content=\"article\" \/>\n<meta property=\"og:title\" content=\"Henri Rousseau - The Hungry Lion Throws Itself on the Antelope\" \/>\n<meta property=\"og:description\" content=\"100% ro\u010dno naslikane slike na platnu, reprodukcije znanih slikarjev in umetni\u0161ke slike po naro\u010dilu.\" \/>\n<meta property=\"og:url\" content=\"https:\/\/svetslik.si\/de\/henri-rousseau-de\/the-hungry-lion-throws-itself-on-the-antelope\/\" \/>\n<meta property=\"og:site_name\" content=\"SVETSLIK.SI\" \/>\n<meta property=\"article:publisher\" content=\"https:\/\/www.facebook.com\/svetslik.si\" \/>\n<meta property=\"article:modified_time\" content=\"2026-03-22T19:43:51+00:00\" \/>\n<meta property=\"og:image\" content=\"https:\/\/svetslik.si\/wp-content\/uploads\/2021\/08\/image_The-Hungry-Lion-Throws-Itself-on-the-Antelope-Henri-Rousseau_680.jpg\" \/>\n\t<meta property=\"og:image:width\" content=\"2048\" \/>\n\t<meta property=\"og:image:height\" content=\"1359\" \/>\n\t<meta property=\"og:image:type\" content=\"image\/jpeg\" \/>\n<meta name=\"twitter:card\" content=\"summary_large_image\" \/>\n<meta name=\"twitter:site\" content=\"@svetslik\" \/>\n<meta name=\"twitter:label1\" content=\"Verf\u00fcgbarkeit\" \/>\n\t<meta name=\"twitter:data1\" content=\"bei Nachbestellung\" \/>\n<script type=\"application\/ld+json\" class=\"yoast-schema-graph\">{\"@context\":\"https:\\\/\\\/schema.org\",\"@graph\":[{\"@type\":[\"WebPage\",\"ItemPage\"],\"@id\":\"https:\\\/\\\/svetslik.si\\\/de\\\/henri-rousseau-de\\\/the-hungry-lion-throws-itself-on-the-antelope\\\/\",\"url\":\"https:\\\/\\\/svetslik.si\\\/de\\\/henri-rousseau-de\\\/the-hungry-lion-throws-itself-on-the-antelope\\\/\",\"name\":\"Henri Rousseau - The Hungry Lion Throws Itself on the Antelope - SVETSLIK.SI - 100% handgemalt\",\"isPartOf\":{\"@id\":\"https:\\\/\\\/svetslik.si\\\/de\\\/#website\"},\"primaryImageOfPage\":{\"@id\":\"https:\\\/\\\/svetslik.si\\\/de\\\/henri-rousseau-de\\\/the-hungry-lion-throws-itself-on-the-antelope\\\/#primaryimage\"},\"image\":{\"@id\":\"https:\\\/\\\/svetslik.si\\\/de\\\/henri-rousseau-de\\\/the-hungry-lion-throws-itself-on-the-antelope\\\/#primaryimage\"},\"thumbnailUrl\":\"https:\\\/\\\/svetslik.si\\\/wp-content\\\/uploads\\\/2021\\\/08\\\/image_The-Hungry-Lion-Throws-Itself-on-the-Antelope-Henri-Rousseau_680.jpg\",\"datePublished\":\"2021-09-02T16:17:29+00:00\",\"dateModified\":\"2026-03-22T19:43:51+00:00\",\"description\":\"Henri Rousseau - The Hungry Lion Throws Itself on the Antelope - 100% handgemalte Gem\u00e4lde - Verkauf von Reproduktionen ber\u00fchmter Gem\u00e4lde und abstrakter Kunst - Wandbilder f\u00fcr das Wohnzimmer\",\"breadcrumb\":{\"@id\":\"https:\\\/\\\/svetslik.si\\\/de\\\/henri-rousseau-de\\\/the-hungry-lion-throws-itself-on-the-antelope\\\/#breadcrumb\"},\"inLanguage\":\"de\",\"potentialAction\":[{\"@type\":\"ReadAction\",\"target\":[\"https:\\\/\\\/svetslik.si\\\/de\\\/henri-rousseau-de\\\/the-hungry-lion-throws-itself-on-the-antelope\\\/\"]}]},{\"@type\":\"ImageObject\",\"inLanguage\":\"de\",\"@id\":\"https:\\\/\\\/svetslik.si\\\/de\\\/henri-rousseau-de\\\/the-hungry-lion-throws-itself-on-the-antelope\\\/#primaryimage\",\"url\":\"https:\\\/\\\/svetslik.si\\\/wp-content\\\/uploads\\\/2021\\\/08\\\/image_The-Hungry-Lion-Throws-Itself-on-the-Antelope-Henri-Rousseau_680.jpg\",\"contentUrl\":\"https:\\\/\\\/svetslik.si\\\/wp-content\\\/uploads\\\/2021\\\/08\\\/image_The-Hungry-Lion-Throws-Itself-on-the-Antelope-Henri-Rousseau_680.jpg\",\"width\":2048,\"height\":1359,\"caption\":\"Henri Rousseau - The Hungry Lion Throws Itself on the Antelope - Der hungrige L\u00f6we st\u00fcrzt sich auf die Antilope, Gem\u00e4lde, Leinwandbilder - 100% handgemalte, Reproduktionen ber\u00fchmter Gem\u00e4lde, Gem\u00e4lde kaufen, Wandbilder Wohnzimmer, ber\u00fchmtes Gem\u00e4lde, \u00d6lgem\u00e4lde, Bilderrahmen\"},{\"@type\":\"BreadcrumbList\",\"@id\":\"https:\\\/\\\/svetslik.si\\\/de\\\/henri-rousseau-de\\\/the-hungry-lion-throws-itself-on-the-antelope\\\/#breadcrumb\",\"itemListElement\":[{\"@type\":\"ListItem\",\"position\":1,\"name\":\"Wandkunst und Gem\u00e4lde auf Leinwand\",\"item\":\"https:\\\/\\\/svetslik.si\\\/de\\\/\"},{\"@type\":\"ListItem\",\"position\":2,\"name\":\"Verkauf von Gem\u00e4lden\",\"item\":\"https:\\\/\\\/svetslik.si\\\/prodaja-slik\\\/\"},{\"@type\":\"ListItem\",\"position\":3,\"name\":\"Henri Rousseau &#8211; The Hungry Lion Throws Itself on the Antelope\"}]},{\"@type\":\"WebSite\",\"@id\":\"https:\\\/\\\/svetslik.si\\\/de\\\/#website\",\"url\":\"https:\\\/\\\/svetslik.si\\\/de\\\/\",\"name\":\"SVETSLIK.SI\",\"description\":\"100% handgemalte Reproduktionen von Gem\u00e4lden ber\u00fchmter Maler und Gem\u00e4lde auf Leinwand.\",\"publisher\":{\"@id\":\"https:\\\/\\\/svetslik.si\\\/de\\\/#organization\"},\"potentialAction\":[{\"@type\":\"SearchAction\",\"target\":{\"@type\":\"EntryPoint\",\"urlTemplate\":\"https:\\\/\\\/svetslik.si\\\/de\\\/?s={search_term_string}\"},\"query-input\":{\"@type\":\"PropertyValueSpecification\",\"valueRequired\":true,\"valueName\":\"search_term_string\"}}],\"inLanguage\":\"de\"},{\"@type\":\"Organization\",\"@id\":\"https:\\\/\\\/svetslik.si\\\/de\\\/#organization\",\"name\":\"SvetSlik.si\",\"url\":\"https:\\\/\\\/svetslik.si\\\/de\\\/\",\"logo\":{\"@type\":\"ImageObject\",\"inLanguage\":\"de\",\"@id\":\"https:\\\/\\\/svetslik.si\\\/de\\\/#\\\/schema\\\/logo\\\/image\\\/\",\"url\":\"https:\\\/\\\/svetslik.si\\\/wp-content\\\/uploads\\\/2020\\\/12\\\/logo-512.png\",\"contentUrl\":\"https:\\\/\\\/svetslik.si\\\/wp-content\\\/uploads\\\/2020\\\/12\\\/logo-512.png\",\"width\":512,\"height\":512,\"caption\":\"SvetSlik.si\"},\"image\":{\"@id\":\"https:\\\/\\\/svetslik.si\\\/de\\\/#\\\/schema\\\/logo\\\/image\\\/\"},\"sameAs\":[\"https:\\\/\\\/www.facebook.com\\\/svetslik.si\",\"https:\\\/\\\/x.com\\\/svetslik\",\"https:\\\/\\\/www.instagram.com\\\/svetslik.si\\\/\",\"https:\\\/\\\/www.linkedin.com\\\/company\\\/svetslik-si\"]}]}<\/script>\n<meta property=\"og:availability\" content=\"backorder\" \/>\n<meta property=\"product:availability\" content=\"available for order\" \/>\n<meta property=\"product:retailer_item_id\" content=\"508__\" \/>\n<meta property=\"product:condition\" content=\"new\" \/>\n<!-- \/ Yoast SEO Premium plugin. -->","yoast_head_json":{"title":"Henri Rousseau - The Hungry Lion Throws Itself on the Antelope - SVETSLIK.SI - 100% handgemalt","description":"Henri Rousseau - The Hungry Lion Throws Itself on the Antelope - 100% handgemalte Gem\u00e4lde - Verkauf von Reproduktionen ber\u00fchmter Gem\u00e4lde und abstrakter Kunst - Wandbilder f\u00fcr das Wohnzimmer","robots":{"index":"index","follow":"follow","max-snippet":"max-snippet:-1","max-image-preview":"max-image-preview:large","max-video-preview":"max-video-preview:-1"},"canonical":"https:\/\/svetslik.si\/de\/henri-rousseau-de\/the-hungry-lion-throws-itself-on-the-antelope\/","og_locale":"de_DE","og_type":"article","og_title":"Henri Rousseau - The Hungry Lion Throws Itself on the Antelope","og_description":"100% ro\u010dno naslikane slike na platnu, reprodukcije znanih slikarjev in umetni\u0161ke slike po naro\u010dilu.","og_url":"https:\/\/svetslik.si\/de\/henri-rousseau-de\/the-hungry-lion-throws-itself-on-the-antelope\/","og_site_name":"SVETSLIK.SI","article_publisher":"https:\/\/www.facebook.com\/svetslik.si","article_modified_time":"2026-03-22T19:43:51+00:00","og_image":[{"width":2048,"height":1359,"url":"https:\/\/svetslik.si\/wp-content\/uploads\/2021\/08\/image_The-Hungry-Lion-Throws-Itself-on-the-Antelope-Henri-Rousseau_680.jpg","type":"image\/jpeg"}],"twitter_card":"summary_large_image","twitter_site":"@svetslik","twitter_misc":{"Verf\u00fcgbarkeit":"bei Nachbestellung"},"schema":{"@context":"https:\/\/schema.org","@graph":[{"@type":["WebPage","ItemPage"],"@id":"https:\/\/svetslik.si\/de\/henri-rousseau-de\/the-hungry-lion-throws-itself-on-the-antelope\/","url":"https:\/\/svetslik.si\/de\/henri-rousseau-de\/the-hungry-lion-throws-itself-on-the-antelope\/","name":"Henri Rousseau - The Hungry Lion Throws Itself on the Antelope - SVETSLIK.SI - 100% handgemalt","isPartOf":{"@id":"https:\/\/svetslik.si\/de\/#website"},"primaryImageOfPage":{"@id":"https:\/\/svetslik.si\/de\/henri-rousseau-de\/the-hungry-lion-throws-itself-on-the-antelope\/#primaryimage"},"image":{"@id":"https:\/\/svetslik.si\/de\/henri-rousseau-de\/the-hungry-lion-throws-itself-on-the-antelope\/#primaryimage"},"thumbnailUrl":"https:\/\/svetslik.si\/wp-content\/uploads\/2021\/08\/image_The-Hungry-Lion-Throws-Itself-on-the-Antelope-Henri-Rousseau_680.jpg","datePublished":"2021-09-02T16:17:29+00:00","dateModified":"2026-03-22T19:43:51+00:00","description":"Henri Rousseau - The Hungry Lion Throws Itself on the Antelope - 100% handgemalte Gem\u00e4lde - Verkauf von Reproduktionen ber\u00fchmter Gem\u00e4lde und abstrakter Kunst - Wandbilder f\u00fcr das Wohnzimmer","breadcrumb":{"@id":"https:\/\/svetslik.si\/de\/henri-rousseau-de\/the-hungry-lion-throws-itself-on-the-antelope\/#breadcrumb"},"inLanguage":"de","potentialAction":[{"@type":"ReadAction","target":["https:\/\/svetslik.si\/de\/henri-rousseau-de\/the-hungry-lion-throws-itself-on-the-antelope\/"]}]},{"@type":"ImageObject","inLanguage":"de","@id":"https:\/\/svetslik.si\/de\/henri-rousseau-de\/the-hungry-lion-throws-itself-on-the-antelope\/#primaryimage","url":"https:\/\/svetslik.si\/wp-content\/uploads\/2021\/08\/image_The-Hungry-Lion-Throws-Itself-on-the-Antelope-Henri-Rousseau_680.jpg","contentUrl":"https:\/\/svetslik.si\/wp-content\/uploads\/2021\/08\/image_The-Hungry-Lion-Throws-Itself-on-the-Antelope-Henri-Rousseau_680.jpg","width":2048,"height":1359,"caption":"Henri Rousseau - The Hungry Lion Throws Itself on the Antelope - Der hungrige L\u00f6we st\u00fcrzt sich auf die Antilope, Gem\u00e4lde, Leinwandbilder - 100% handgemalte, Reproduktionen ber\u00fchmter Gem\u00e4lde, Gem\u00e4lde kaufen, Wandbilder Wohnzimmer, ber\u00fchmtes Gem\u00e4lde, \u00d6lgem\u00e4lde, Bilderrahmen"},{"@type":"BreadcrumbList","@id":"https:\/\/svetslik.si\/de\/henri-rousseau-de\/the-hungry-lion-throws-itself-on-the-antelope\/#breadcrumb","itemListElement":[{"@type":"ListItem","position":1,"name":"Wandkunst und Gem\u00e4lde auf Leinwand","item":"https:\/\/svetslik.si\/de\/"},{"@type":"ListItem","position":2,"name":"Verkauf von Gem\u00e4lden","item":"https:\/\/svetslik.si\/prodaja-slik\/"},{"@type":"ListItem","position":3,"name":"Henri Rousseau &#8211; The Hungry Lion Throws Itself on the Antelope"}]},{"@type":"WebSite","@id":"https:\/\/svetslik.si\/de\/#website","url":"https:\/\/svetslik.si\/de\/","name":"SVETSLIK.SI","description":"100% handgemalte Reproduktionen von Gem\u00e4lden ber\u00fchmter Maler und Gem\u00e4lde auf Leinwand.","publisher":{"@id":"https:\/\/svetslik.si\/de\/#organization"},"potentialAction":[{"@type":"SearchAction","target":{"@type":"EntryPoint","urlTemplate":"https:\/\/svetslik.si\/de\/?s={search_term_string}"},"query-input":{"@type":"PropertyValueSpecification","valueRequired":true,"valueName":"search_term_string"}}],"inLanguage":"de"},{"@type":"Organization","@id":"https:\/\/svetslik.si\/de\/#organization","name":"SvetSlik.si","url":"https:\/\/svetslik.si\/de\/","logo":{"@type":"ImageObject","inLanguage":"de","@id":"https:\/\/svetslik.si\/de\/#\/schema\/logo\/image\/","url":"https:\/\/svetslik.si\/wp-content\/uploads\/2020\/12\/logo-512.png","contentUrl":"https:\/\/svetslik.si\/wp-content\/uploads\/2020\/12\/logo-512.png","width":512,"height":512,"caption":"SvetSlik.si"},"image":{"@id":"https:\/\/svetslik.si\/de\/#\/schema\/logo\/image\/"},"sameAs":["https:\/\/www.facebook.com\/svetslik.si","https:\/\/x.com\/svetslik","https:\/\/www.instagram.com\/svetslik.si\/","https:\/\/www.linkedin.com\/company\/svetslik-si"]}]},"og_availability":"backorder","product_availability":"available for order","product_retailer_item_id":"508__","product_condition":"new"},"jetpack_sharing_enabled":true,"_links":{"self":[{"href":"https:\/\/svetslik.si\/de\/wp-json\/wp\/v2\/product\/69485","targetHints":{"allow":["GET"]}}],"collection":[{"href":"https:\/\/svetslik.si\/de\/wp-json\/wp\/v2\/product"}],"about":[{"href":"https:\/\/svetslik.si\/de\/wp-json\/wp\/v2\/types\/product"}],"wp:featuredmedia":[{"embeddable":true,"href":"https:\/\/svetslik.si\/de\/wp-json\/wp\/v2\/media\/64188"}],"wp:attachment":[{"href":"https:\/\/svetslik.si\/de\/wp-json\/wp\/v2\/media?parent=69485"}],"wp:term":[{"taxonomy":"product_brand","embeddable":true,"href":"https:\/\/svetslik.si\/de\/wp-json\/wp\/v2\/product_brand?post=69485"},{"taxonomy":"product_cat","embeddable":true,"href":"https:\/\/svetslik.si\/de\/wp-json\/wp\/v2\/product_cat?post=69485"},{"taxonomy":"product_tag","embeddable":true,"href":"https:\/\/svetslik.si\/de\/wp-json\/wp\/v2\/product_tag?post=69485"}],"curies":[{"name":"wp","href":"https:\/\/api.w.org\/{rel}","templated":true}]}}