{"id":69512,"date":"2021-09-02T18:17:52","date_gmt":"2021-09-02T16:17:52","guid":{"rendered":"https:\/\/svetslik.si\/unkategorisiert\/bouquet-of-flowers\/"},"modified":"2026-03-22T20:44:36","modified_gmt":"2026-03-22T19:44:36","slug":"bouquet-of-flowers","status":"publish","type":"product","link":"https:\/\/svetslik.si\/de\/henri-rousseau-de\/bouquet-of-flowers\/","title":{"rendered":"Henri Rousseau &#8211; Bouquet of Flowers"},"content":{"rendered":"<div class=\"wpb-content-wrapper\">[vc_row][vc_column][vc_column_text]\n<h1>Henri Rousseau &#8211; Blumenstrau\u00df<\/h1>\n<p>&nbsp;<\/p>\n<table style=\"width: 673px;\" border=\"0\" width=\"673\" cellpadding=\"0\">\n<tbody>\n<tr>\n<td style=\"width: 180px; height: 21px;\" height=\"21\">Erstellungsjahr:<\/td>\n<td style=\"width: 493px;\">1910<\/td>\n<\/tr>\n<tr>\n<td style=\"width: 180px; height: 21px;\" height=\"21\">Originalgr\u00f6\u00dfe:<\/td>\n<td style=\"width: 493px;\">49,5 cm x 61 cm<\/td>\n<\/tr>\n<tr>\n<td style=\"width: 180px; height: 21px;\" height=\"21\">Lackstil:<\/td>\n<td style=\"width: 493px;\">Postimpressionismus<\/td>\n<\/tr>\n<tr>\n<td style=\"width: 180px; height: 21px;\" height=\"21\">Originaltechnik:<\/td>\n<td>\u00d6l auf Leinwand<\/td>\n<\/tr>\n<tr>\n<td style=\"width: 180px; height: 21px;\" height=\"21\">Standort:<\/td>\n<td>Tate Gallery, London<\/td>\n<\/tr>\n<\/tbody>\n<colgroup>\n<col \/> <\/colgroup>\n<\/table>\n<p>Rousseau war ein postimpressionistischer Maler, der im Stil des Naiven oder Primitivismus malte. Auf diesem Gem\u00e4lde stellte er in seinem charakteristischen Stil einen Blumenstrau\u00df in einer Vase dar. Das Bild eignet sich als Geschenk f\u00fcr jeden Anlass.<\/p>\n<p>Henri Rousseaus \u201eBlumenstrau\u00df\u201c: Ein Meisterwerk des Postimpressionismus<\/p>\n<p>Henri Rousseau war ein franz\u00f6sischer postimpressionistischer Maler, der zwischen 1844 und 1910 lebte. Er war bekannt f\u00fcr seinen einzigartigen Stil, der Elemente der Volkskunst und Naivit\u00e4t mit modernen Techniken verband. Eines seiner ber\u00fchmtesten Werke ist \u201eBlumenstrau\u00df\u201c, ein lebendiges und attraktives Werk, das Rousseaus Meisterschaft in Farbe und Form zeigt.<\/p>\n<p>Das Bild zeigt einen \u00fcppigen Blumenstrau\u00df in einer Vase vor dem Hintergrund eines tropischen Dschungels. Die Blumen sind in leuchtenden Rot-, Gelb- und Blaut\u00f6nen dargestellt, der Dschungel in sattem Gr\u00fcn mit hohen B\u00e4umen und exotischen Pflanzen im Hintergrund. Der Gesamteffekt ist lebendig und lebendig und spiegelt die Essenz der \u00fcppigen tropischen Landschaft wider, die Rousseau inspiriert hat.<\/p>\n<p>Trotz seiner scheinbaren Einfachheit ist \u201eBlumenstrau\u00df\u201c tats\u00e4chlich ein meisterhaftes Kunstwerk mit vielen Details, die das K\u00f6nnen und die Liebe zum Detail des K\u00fcnstlers offenbaren. Die Blumen zum Beispiel werden mit \u00e4u\u00dferster Pr\u00e4zision wiedergegeben, von den zarten Bl\u00fctenbl\u00e4ttern bis zu den komplizierten Adern auf den Bl\u00e4ttern. Der Dschungelhintergrund ist ebenso reichhaltig und erweckt die Szene mit seinen komplizierten Details zum Leben.<\/p>\n<p>Allerdings ist \u201eBlumenstrau\u00df\u201c aufgrund der Art und Weise, wie Rousseau Realismus und Abstraktion verbindet, wirklich etwas Besonderes. Das Gem\u00e4lde ist sowohl realistisch als auch fantastisch, da es die Essenz der nat\u00fcrlichen Welt einf\u00e4ngt und gleichzeitig eine imagin\u00e4re, traumhafte Landschaft schafft. Diese Kombination aus realen und imagin\u00e4ren Elementen macht \u201eBouquet of Flowers\u201c zu einem wahren Meisterwerk postimpressionistischer Kunst.<\/p>\n<p>Wenn Sie mehr \u00fcber das Werk von Henri Rousseau oder die postimpressionistische Bewegung erfahren m\u00f6chten, ist \u201eBlumenstrau\u00df\u201c ein guter Ausgangspunkt. Mit seinen leuchtenden Farben, den komplizierten Details und der meisterhaften Verflechtung von Realismus und Abstraktion wird dieses Gem\u00e4lde mit Sicherheit faszinieren und inspirieren. Warum nehmen Sie sich also nicht noch heute einen Moment Zeit, um dieses Meisterwerk der postimpressionistischen Kunst zu bewundern?<\/p>\n[\/vc_column_text][\/vc_column][\/vc_row][vc_row css=&#8221;.vc_custom_1675011465606{margin-bottom: 10px !important;}&#8221;][vc_column]\t<div class=\"et-image-250 et-image     et_image_link\">\n\t\t<div class=\"et-image-inner \">\n\t\t\t\t\t\t\t<div class=\"et-image-thumb \">\n\t\t\t\t\t<img decoding=\"async\" width=\"1904\" height=\"2252\" src=\"https:\/\/svetslik.si\/wp-content\/uploads\/2021\/09\/Henri-Rousseau-\u2013-Bouquet-of-Flowers-5.jpg\" class=\"attachment-full\" alt=\"Henri Rousseau \u2013 Bouquet of Flowers (Henri Rousseau - Blumenstrau\u00df) - Gem\u00e4lde, Leinwandbilder\" title=\"Henri Rousseau \u2013 Bouquet of Flowers (Henri Rousseau - Blumenstrau\u00df) - Gem\u00e4lde, Leinwandbilder\" srcset=\"https:\/\/svetslik.si\/wp-content\/uploads\/2021\/09\/Henri-Rousseau-\u2013-Bouquet-of-Flowers-5.jpg 1904w, https:\/\/svetslik.si\/wp-content\/uploads\/2021\/09\/Henri-Rousseau-\u2013-Bouquet-of-Flowers-5-600x710.jpg 600w, https:\/\/svetslik.si\/wp-content\/uploads\/2021\/09\/Henri-Rousseau-\u2013-Bouquet-of-Flowers-5-1200x1419.jpg 1200w, https:\/\/svetslik.si\/wp-content\/uploads\/2021\/09\/Henri-Rousseau-\u2013-Bouquet-of-Flowers-5-254x300.jpg 254w, https:\/\/svetslik.si\/wp-content\/uploads\/2021\/09\/Henri-Rousseau-\u2013-Bouquet-of-Flowers-5-866x1024.jpg 866w, https:\/\/svetslik.si\/wp-content\/uploads\/2021\/09\/Henri-Rousseau-\u2013-Bouquet-of-Flowers-5-768x908.jpg 768w, https:\/\/svetslik.si\/wp-content\/uploads\/2021\/09\/Henri-Rousseau-\u2013-Bouquet-of-Flowers-5-1299x1536.jpg 1299w, https:\/\/svetslik.si\/wp-content\/uploads\/2021\/09\/Henri-Rousseau-\u2013-Bouquet-of-Flowers-5-1732x2048.jpg 1732w, https:\/\/svetslik.si\/wp-content\/uploads\/2021\/09\/Henri-Rousseau-\u2013-Bouquet-of-Flowers-5-10x12.jpg 10w, https:\/\/svetslik.si\/wp-content\/uploads\/2021\/09\/Henri-Rousseau-\u2013-Bouquet-of-Flowers-5-127x150.jpg 127w, https:\/\/svetslik.si\/wp-content\/uploads\/2021\/09\/Henri-Rousseau-\u2013-Bouquet-of-Flowers-5-1320x1561.jpg 1320w\" sizes=\"(max-width: 1904px) 100vw, 1904px\" \/>\t\t\t\t<\/div>\n\t\t\t\t\t\t\t\t\t\t\t<\/div>\n\t<\/div>\n  [\/vc_column][\/vc_row][vc_row css=&#8221;.vc_custom_1675011465606{margin-bottom: 10px !important;}&#8221;][vc_column]\t<div class=\"et-image-744 et-image     et_image_link\">\n\t\t<div class=\"et-image-inner \">\n\t\t\t\t\t\t\t<div class=\"et-image-thumb \">\n\t\t\t\t\t<img decoding=\"async\" width=\"1680\" height=\"2252\" src=\"https:\/\/svetslik.si\/wp-content\/uploads\/2021\/09\/Henri-Rousseau-\u2013-Bouquet-of-Flowers-3.jpg\" class=\"attachment-full\" alt=\"Henri Rousseau \u2013 Bouquet of Flowers (Henri Rousseau - Blumenstrau\u00df) - Gem\u00e4lde, Leinwandbilder\" title=\"Henri Rousseau \u2013 Bouquet of Flowers (Henri Rousseau - Blumenstrau\u00df) - Gem\u00e4lde, Leinwandbilder\" srcset=\"https:\/\/svetslik.si\/wp-content\/uploads\/2021\/09\/Henri-Rousseau-\u2013-Bouquet-of-Flowers-3.jpg 1680w, https:\/\/svetslik.si\/wp-content\/uploads\/2021\/09\/Henri-Rousseau-\u2013-Bouquet-of-Flowers-3-600x804.jpg 600w, https:\/\/svetslik.si\/wp-content\/uploads\/2021\/09\/Henri-Rousseau-\u2013-Bouquet-of-Flowers-3-1200x1609.jpg 1200w, https:\/\/svetslik.si\/wp-content\/uploads\/2021\/09\/Henri-Rousseau-\u2013-Bouquet-of-Flowers-3-224x300.jpg 224w, https:\/\/svetslik.si\/wp-content\/uploads\/2021\/09\/Henri-Rousseau-\u2013-Bouquet-of-Flowers-3-764x1024.jpg 764w, https:\/\/svetslik.si\/wp-content\/uploads\/2021\/09\/Henri-Rousseau-\u2013-Bouquet-of-Flowers-3-768x1029.jpg 768w, https:\/\/svetslik.si\/wp-content\/uploads\/2021\/09\/Henri-Rousseau-\u2013-Bouquet-of-Flowers-3-1146x1536.jpg 1146w, https:\/\/svetslik.si\/wp-content\/uploads\/2021\/09\/Henri-Rousseau-\u2013-Bouquet-of-Flowers-3-1528x2048.jpg 1528w, https:\/\/svetslik.si\/wp-content\/uploads\/2021\/09\/Henri-Rousseau-\u2013-Bouquet-of-Flowers-3-9x12.jpg 9w, https:\/\/svetslik.si\/wp-content\/uploads\/2021\/09\/Henri-Rousseau-\u2013-Bouquet-of-Flowers-3-112x150.jpg 112w, https:\/\/svetslik.si\/wp-content\/uploads\/2021\/09\/Henri-Rousseau-\u2013-Bouquet-of-Flowers-3-1320x1769.jpg 1320w\" sizes=\"(max-width: 1680px) 100vw, 1680px\" \/>\t\t\t\t<\/div>\n\t\t\t\t\t\t\t\t\t\t\t<\/div>\n\t<\/div>\n  [\/vc_column][\/vc_row][vc_row css=&#8221;.vc_custom_1675011465606{margin-bottom: 10px !important;}&#8221;][vc_column]\t<div class=\"et-image-264 et-image     et_image_link\">\n\t\t<div class=\"et-image-inner \">\n\t\t\t\t\t\t\t<div class=\"et-image-thumb \">\n\t\t\t\t\t<img decoding=\"async\" width=\"1592\" height=\"2252\" src=\"https:\/\/svetslik.si\/wp-content\/uploads\/2021\/09\/Henri-Rousseau-\u2013-Bouquet-of-Flowers-1.jpg\" class=\"attachment-full\" alt=\"Henri Rousseau \u2013 Bouquet of Flowers (Henri Rousseau - Blumenstrau\u00df) - Gem\u00e4lde, Leinwandbilder\" title=\"Henri Rousseau \u2013 Bouquet of Flowers (Henri Rousseau - Blumenstrau\u00df) - Gem\u00e4lde, Leinwandbilder\" srcset=\"https:\/\/svetslik.si\/wp-content\/uploads\/2021\/09\/Henri-Rousseau-\u2013-Bouquet-of-Flowers-1.jpg 1592w, https:\/\/svetslik.si\/wp-content\/uploads\/2021\/09\/Henri-Rousseau-\u2013-Bouquet-of-Flowers-1-600x849.jpg 600w, https:\/\/svetslik.si\/wp-content\/uploads\/2021\/09\/Henri-Rousseau-\u2013-Bouquet-of-Flowers-1-1200x1697.jpg 1200w, https:\/\/svetslik.si\/wp-content\/uploads\/2021\/09\/Henri-Rousseau-\u2013-Bouquet-of-Flowers-1-212x300.jpg 212w, https:\/\/svetslik.si\/wp-content\/uploads\/2021\/09\/Henri-Rousseau-\u2013-Bouquet-of-Flowers-1-724x1024.jpg 724w, https:\/\/svetslik.si\/wp-content\/uploads\/2021\/09\/Henri-Rousseau-\u2013-Bouquet-of-Flowers-1-768x1086.jpg 768w, https:\/\/svetslik.si\/wp-content\/uploads\/2021\/09\/Henri-Rousseau-\u2013-Bouquet-of-Flowers-1-1086x1536.jpg 1086w, https:\/\/svetslik.si\/wp-content\/uploads\/2021\/09\/Henri-Rousseau-\u2013-Bouquet-of-Flowers-1-1448x2048.jpg 1448w, https:\/\/svetslik.si\/wp-content\/uploads\/2021\/09\/Henri-Rousseau-\u2013-Bouquet-of-Flowers-1-8x12.jpg 8w, https:\/\/svetslik.si\/wp-content\/uploads\/2021\/09\/Henri-Rousseau-\u2013-Bouquet-of-Flowers-1-106x150.jpg 106w, https:\/\/svetslik.si\/wp-content\/uploads\/2021\/09\/Henri-Rousseau-\u2013-Bouquet-of-Flowers-1-1320x1867.jpg 1320w\" sizes=\"(max-width: 1592px) 100vw, 1592px\" \/>\t\t\t\t<\/div>\n\t\t\t\t\t\t\t\t\t\t\t<\/div>\n\t<\/div>\n  [\/vc_column][\/vc_row][vc_row css=&#8221;.vc_custom_1675011465606{margin-bottom: 10px !important;}&#8221;][vc_column]\t<div class=\"et-image-449 et-image     et_image_link\">\n\t\t<div class=\"et-image-inner \">\n\t\t\t\t\t\t\t<div class=\"et-image-thumb \">\n\t\t\t\t\t<img decoding=\"async\" width=\"2560\" height=\"1441\" src=\"https:\/\/svetslik.si\/wp-content\/uploads\/2021\/09\/Henri-Rousseau-\u2013-Bouquet-of-Flowers-scaled.jpg\" class=\"attachment-full\" alt=\"Henri Rousseau \u2013 Bouquet of Flowers (Henri Rousseau - Blumenstrau\u00df) - Gem\u00e4lde, Leinwandbilder\" title=\"Henri Rousseau \u2013 Bouquet of Flowers (Henri Rousseau - Blumenstrau\u00df) - Gem\u00e4lde, Leinwandbilder\" srcset=\"https:\/\/svetslik.si\/wp-content\/uploads\/2021\/09\/Henri-Rousseau-\u2013-Bouquet-of-Flowers-scaled.jpg 2560w, https:\/\/svetslik.si\/wp-content\/uploads\/2021\/09\/Henri-Rousseau-\u2013-Bouquet-of-Flowers-scaled-600x338.jpg 600w, https:\/\/svetslik.si\/wp-content\/uploads\/2021\/09\/Henri-Rousseau-\u2013-Bouquet-of-Flowers-scaled-1200x675.jpg 1200w, https:\/\/svetslik.si\/wp-content\/uploads\/2021\/09\/Henri-Rousseau-\u2013-Bouquet-of-Flowers-300x169.jpg 300w, https:\/\/svetslik.si\/wp-content\/uploads\/2021\/09\/Henri-Rousseau-\u2013-Bouquet-of-Flowers-1024x577.jpg 1024w, https:\/\/svetslik.si\/wp-content\/uploads\/2021\/09\/Henri-Rousseau-\u2013-Bouquet-of-Flowers-768x432.jpg 768w, https:\/\/svetslik.si\/wp-content\/uploads\/2021\/09\/Henri-Rousseau-\u2013-Bouquet-of-Flowers-1536x865.jpg 1536w, https:\/\/svetslik.si\/wp-content\/uploads\/2021\/09\/Henri-Rousseau-\u2013-Bouquet-of-Flowers-2048x1153.jpg 2048w, https:\/\/svetslik.si\/wp-content\/uploads\/2021\/09\/Henri-Rousseau-\u2013-Bouquet-of-Flowers-18x10.jpg 18w, https:\/\/svetslik.si\/wp-content\/uploads\/2021\/09\/Henri-Rousseau-\u2013-Bouquet-of-Flowers-150x84.jpg 150w, https:\/\/svetslik.si\/wp-content\/uploads\/2021\/09\/Henri-Rousseau-\u2013-Bouquet-of-Flowers-1320x743.jpg 1320w\" sizes=\"(max-width: 2560px) 100vw, 2560px\" \/>\t\t\t\t<\/div>\n\t\t\t\t\t\t\t\t\t\t\t<\/div>\n\t<\/div>\n  [\/vc_column][\/vc_row]\n<\/div>","protected":false},"excerpt":{"rendered":"<p>[vc_row][vc_column][vc_column_text] Henri Rousseau &#8211; Blumenstrau\u00df &nbsp; Erstellungsjahr: 1910 Originalgr\u00f6\u00dfe: 49,5 cm x 61 cm Lackstil: Postimpressionismus Originaltechnik: \u00d6l auf Leinwand Standort: Tate Gallery, London Rousseau war ein postimpressionistischer Maler, der im Stil des Naiven oder Primitivismus malte. Auf diesem Gem\u00e4lde stellte er in seinem charakteristischen Stil einen Blumenstrau\u00df in einer [&hellip;]<\/p>\n","protected":false},"featured_media":63420,"template":"","meta":{"_acf_changed":false},"product_brand":[],"product_cat":[8462],"product_tag":[8521,8513,8514,8517],"class_list":{"0":"post-69512","1":"product","2":"type-product","3":"status-publish","4":"has-post-thumbnail","6":"product_cat-henri-rousseau-de","7":"product_tag-maler","8":"product_tag-reproduktion","9":"product_tag-reproduktionen","10":"product_tag-rousseau-de","11":"pa_dimenzija-110-x-140-cm-de","12":"pa_dimenzija-130-x-160-cm-de","13":"pa_dimenzija-150-x-180-cm-de","14":"pa_dimenzija-50-x-61-cm-de","15":"pa_dimenzija-60-x-75-cm-de","16":"pa_dimenzija-70-x-90-cm-de","17":"pa_dimenzija-80-x-100-cm-de","18":"pa_dimenzija-90-x-110-cm-de","19":"pa_oblika-vertikal","20":"pa_okvir-ohne-rahmen","21":"pa_podokvir-ja","22":"pa_podokvir-nein","24":"first","25":"onbackorder","26":"purchasable","27":"product-type-variable","28":"has-default-attributes"},"acf":[],"yoast_head":"<!-- This site is optimized with the Yoast SEO Premium plugin v26.0 (Yoast SEO v27.2) - https:\/\/yoast.com\/product\/yoast-seo-premium-wordpress\/ -->\n<title>Henri Rousseau - Bouquet of Flowers - SVETSLIK.SI - 100% handgemalt<\/title>\n<meta name=\"description\" content=\"Henri Rousseau - Bouquet of Flowers - 100% handgemalte Gem\u00e4lde - Verkauf von Reproduktionen ber\u00fchmter Gem\u00e4lde und abstrakter Kunst - Wandbilder f\u00fcr das Wohnzimmer\" \/>\n<meta name=\"robots\" content=\"index, follow, max-snippet:-1, max-image-preview:large, max-video-preview:-1\" \/>\n<link rel=\"canonical\" href=\"https:\/\/svetslik.si\/de\/henri-rousseau-de\/bouquet-of-flowers\/\" \/>\n<meta property=\"og:locale\" content=\"de_DE\" \/>\n<meta property=\"og:type\" content=\"article\" \/>\n<meta property=\"og:title\" content=\"Henri Rousseau - Bouquet of Flowers\" \/>\n<meta property=\"og:description\" content=\"100% ro\u010dno naslikane slike na platnu, reprodukcije znanih slikarjev in umetni\u0161ke slike po naro\u010dilu.\" \/>\n<meta property=\"og:url\" content=\"https:\/\/svetslik.si\/de\/henri-rousseau-de\/bouquet-of-flowers\/\" \/>\n<meta property=\"og:site_name\" content=\"SVETSLIK.SI\" \/>\n<meta property=\"article:publisher\" content=\"https:\/\/www.facebook.com\/svetslik.si\" \/>\n<meta property=\"article:modified_time\" content=\"2026-03-22T19:44:36+00:00\" \/>\n<meta property=\"og:image\" content=\"https:\/\/svetslik.si\/wp-content\/uploads\/2021\/08\/image_Bouquet-of-Flowers-Henri-Rousseau_680.jpg\" \/>\n\t<meta property=\"og:image:width\" content=\"1280\" \/>\n\t<meta property=\"og:image:height\" content=\"1730\" \/>\n\t<meta property=\"og:image:type\" content=\"image\/jpeg\" \/>\n<meta name=\"twitter:card\" content=\"summary_large_image\" \/>\n<meta name=\"twitter:site\" content=\"@svetslik\" \/>\n<meta name=\"twitter:label1\" content=\"Verf\u00fcgbarkeit\" \/>\n\t<meta name=\"twitter:data1\" content=\"bei Nachbestellung\" \/>\n<script type=\"application\/ld+json\" class=\"yoast-schema-graph\">{\"@context\":\"https:\/\/schema.org\",\"@graph\":[{\"@type\":[\"WebPage\",\"ItemPage\"],\"@id\":\"https:\/\/svetslik.si\/de\/henri-rousseau-de\/bouquet-of-flowers\/\",\"url\":\"https:\/\/svetslik.si\/de\/henri-rousseau-de\/bouquet-of-flowers\/\",\"name\":\"Henri Rousseau - Bouquet of Flowers - SVETSLIK.SI - 100% handgemalt\",\"isPartOf\":{\"@id\":\"https:\/\/svetslik.si\/de\/#website\"},\"primaryImageOfPage\":{\"@id\":\"https:\/\/svetslik.si\/de\/henri-rousseau-de\/bouquet-of-flowers\/#primaryimage\"},\"image\":{\"@id\":\"https:\/\/svetslik.si\/de\/henri-rousseau-de\/bouquet-of-flowers\/#primaryimage\"},\"thumbnailUrl\":\"https:\/\/svetslik.si\/wp-content\/uploads\/2021\/08\/image_Bouquet-of-Flowers-Henri-Rousseau_680.jpg\",\"datePublished\":\"2021-09-02T16:17:52+00:00\",\"dateModified\":\"2026-03-22T19:44:36+00:00\",\"description\":\"Henri Rousseau - Bouquet of Flowers - 100% handgemalte Gem\u00e4lde - Verkauf von Reproduktionen ber\u00fchmter Gem\u00e4lde und abstrakter Kunst - Wandbilder f\u00fcr das Wohnzimmer\",\"breadcrumb\":{\"@id\":\"https:\/\/svetslik.si\/de\/henri-rousseau-de\/bouquet-of-flowers\/#breadcrumb\"},\"inLanguage\":\"de\",\"potentialAction\":[{\"@type\":\"ReadAction\",\"target\":[\"https:\/\/svetslik.si\/de\/henri-rousseau-de\/bouquet-of-flowers\/\"]}]},{\"@type\":\"ImageObject\",\"inLanguage\":\"de\",\"@id\":\"https:\/\/svetslik.si\/de\/henri-rousseau-de\/bouquet-of-flowers\/#primaryimage\",\"url\":\"https:\/\/svetslik.si\/wp-content\/uploads\/2021\/08\/image_Bouquet-of-Flowers-Henri-Rousseau_680.jpg\",\"contentUrl\":\"https:\/\/svetslik.si\/wp-content\/uploads\/2021\/08\/image_Bouquet-of-Flowers-Henri-Rousseau_680.jpg\",\"width\":1280,\"height\":1730,\"caption\":\"Henri Rousseau - Bouquet of Flowers - Blumenstrau\u00df, Gem\u00e4lde, Leinwandbilder - 100% handgemalte, Reproduktionen ber\u00fchmter Gem\u00e4lde, Gem\u00e4lde kaufen, Wandbilder Wohnzimmer, ber\u00fchmtes Gem\u00e4lde, \u00d6lgem\u00e4lde, Bilderrahmen\"},{\"@type\":\"BreadcrumbList\",\"@id\":\"https:\/\/svetslik.si\/de\/henri-rousseau-de\/bouquet-of-flowers\/#breadcrumb\",\"itemListElement\":[{\"@type\":\"ListItem\",\"position\":1,\"name\":\"Wandkunst und Gem\u00e4lde auf Leinwand\",\"item\":\"https:\/\/svetslik.si\/de\/\"},{\"@type\":\"ListItem\",\"position\":2,\"name\":\"Verkauf von Gem\u00e4lden\",\"item\":\"https:\/\/svetslik.si\/prodaja-slik\/\"},{\"@type\":\"ListItem\",\"position\":3,\"name\":\"Henri Rousseau &#8211; Bouquet of Flowers\"}]},{\"@type\":\"WebSite\",\"@id\":\"https:\/\/svetslik.si\/de\/#website\",\"url\":\"https:\/\/svetslik.si\/de\/\",\"name\":\"SVETSLIK.SI\",\"description\":\"100% handgemalte Reproduktionen von Gem\u00e4lden ber\u00fchmter Maler und Gem\u00e4lde auf Leinwand.\",\"publisher\":{\"@id\":\"https:\/\/svetslik.si\/de\/#organization\"},\"potentialAction\":[{\"@type\":\"SearchAction\",\"target\":{\"@type\":\"EntryPoint\",\"urlTemplate\":\"https:\/\/svetslik.si\/de\/?s={search_term_string}\"},\"query-input\":{\"@type\":\"PropertyValueSpecification\",\"valueRequired\":true,\"valueName\":\"search_term_string\"}}],\"inLanguage\":\"de\"},{\"@type\":\"Organization\",\"@id\":\"https:\/\/svetslik.si\/de\/#organization\",\"name\":\"SvetSlik.si\",\"url\":\"https:\/\/svetslik.si\/de\/\",\"logo\":{\"@type\":\"ImageObject\",\"inLanguage\":\"de\",\"@id\":\"https:\/\/svetslik.si\/de\/#\/schema\/logo\/image\/\",\"url\":\"https:\/\/svetslik.si\/wp-content\/uploads\/2020\/12\/logo-512.png\",\"contentUrl\":\"https:\/\/svetslik.si\/wp-content\/uploads\/2020\/12\/logo-512.png\",\"width\":512,\"height\":512,\"caption\":\"SvetSlik.si\"},\"image\":{\"@id\":\"https:\/\/svetslik.si\/de\/#\/schema\/logo\/image\/\"},\"sameAs\":[\"https:\/\/www.facebook.com\/svetslik.si\",\"https:\/\/x.com\/svetslik\",\"https:\/\/www.instagram.com\/svetslik.si\/\",\"https:\/\/www.linkedin.com\/company\/svetslik-si\"]}]}<\/script>\n<meta property=\"og:availability\" content=\"backorder\" \/>\n<meta property=\"product:availability\" content=\"available for order\" \/>\n<meta property=\"product:retailer_item_id\" content=\"511__\" \/>\n<meta property=\"product:condition\" content=\"new\" \/>\n<!-- \/ Yoast SEO Premium plugin. -->","yoast_head_json":{"title":"Henri Rousseau - Bouquet of Flowers - SVETSLIK.SI - 100% handgemalt","description":"Henri Rousseau - Bouquet of Flowers - 100% handgemalte Gem\u00e4lde - Verkauf von Reproduktionen ber\u00fchmter Gem\u00e4lde und abstrakter Kunst - Wandbilder f\u00fcr das Wohnzimmer","robots":{"index":"index","follow":"follow","max-snippet":"max-snippet:-1","max-image-preview":"max-image-preview:large","max-video-preview":"max-video-preview:-1"},"canonical":"https:\/\/svetslik.si\/de\/henri-rousseau-de\/bouquet-of-flowers\/","og_locale":"de_DE","og_type":"article","og_title":"Henri Rousseau - Bouquet of Flowers","og_description":"100% ro\u010dno naslikane slike na platnu, reprodukcije znanih slikarjev in umetni\u0161ke slike po naro\u010dilu.","og_url":"https:\/\/svetslik.si\/de\/henri-rousseau-de\/bouquet-of-flowers\/","og_site_name":"SVETSLIK.SI","article_publisher":"https:\/\/www.facebook.com\/svetslik.si","article_modified_time":"2026-03-22T19:44:36+00:00","og_image":[{"width":1280,"height":1730,"url":"https:\/\/svetslik.si\/wp-content\/uploads\/2021\/08\/image_Bouquet-of-Flowers-Henri-Rousseau_680.jpg","type":"image\/jpeg"}],"twitter_card":"summary_large_image","twitter_site":"@svetslik","twitter_misc":{"Verf\u00fcgbarkeit":"bei Nachbestellung"},"schema":{"@context":"https:\/\/schema.org","@graph":[{"@type":["WebPage","ItemPage"],"@id":"https:\/\/svetslik.si\/de\/henri-rousseau-de\/bouquet-of-flowers\/","url":"https:\/\/svetslik.si\/de\/henri-rousseau-de\/bouquet-of-flowers\/","name":"Henri Rousseau - Bouquet of Flowers - SVETSLIK.SI - 100% handgemalt","isPartOf":{"@id":"https:\/\/svetslik.si\/de\/#website"},"primaryImageOfPage":{"@id":"https:\/\/svetslik.si\/de\/henri-rousseau-de\/bouquet-of-flowers\/#primaryimage"},"image":{"@id":"https:\/\/svetslik.si\/de\/henri-rousseau-de\/bouquet-of-flowers\/#primaryimage"},"thumbnailUrl":"https:\/\/svetslik.si\/wp-content\/uploads\/2021\/08\/image_Bouquet-of-Flowers-Henri-Rousseau_680.jpg","datePublished":"2021-09-02T16:17:52+00:00","dateModified":"2026-03-22T19:44:36+00:00","description":"Henri Rousseau - Bouquet of Flowers - 100% handgemalte Gem\u00e4lde - Verkauf von Reproduktionen ber\u00fchmter Gem\u00e4lde und abstrakter Kunst - Wandbilder f\u00fcr das Wohnzimmer","breadcrumb":{"@id":"https:\/\/svetslik.si\/de\/henri-rousseau-de\/bouquet-of-flowers\/#breadcrumb"},"inLanguage":"de","potentialAction":[{"@type":"ReadAction","target":["https:\/\/svetslik.si\/de\/henri-rousseau-de\/bouquet-of-flowers\/"]}]},{"@type":"ImageObject","inLanguage":"de","@id":"https:\/\/svetslik.si\/de\/henri-rousseau-de\/bouquet-of-flowers\/#primaryimage","url":"https:\/\/svetslik.si\/wp-content\/uploads\/2021\/08\/image_Bouquet-of-Flowers-Henri-Rousseau_680.jpg","contentUrl":"https:\/\/svetslik.si\/wp-content\/uploads\/2021\/08\/image_Bouquet-of-Flowers-Henri-Rousseau_680.jpg","width":1280,"height":1730,"caption":"Henri Rousseau - Bouquet of Flowers - Blumenstrau\u00df, Gem\u00e4lde, Leinwandbilder - 100% handgemalte, Reproduktionen ber\u00fchmter Gem\u00e4lde, Gem\u00e4lde kaufen, Wandbilder Wohnzimmer, ber\u00fchmtes Gem\u00e4lde, \u00d6lgem\u00e4lde, Bilderrahmen"},{"@type":"BreadcrumbList","@id":"https:\/\/svetslik.si\/de\/henri-rousseau-de\/bouquet-of-flowers\/#breadcrumb","itemListElement":[{"@type":"ListItem","position":1,"name":"Wandkunst und Gem\u00e4lde auf Leinwand","item":"https:\/\/svetslik.si\/de\/"},{"@type":"ListItem","position":2,"name":"Verkauf von Gem\u00e4lden","item":"https:\/\/svetslik.si\/prodaja-slik\/"},{"@type":"ListItem","position":3,"name":"Henri Rousseau &#8211; Bouquet of Flowers"}]},{"@type":"WebSite","@id":"https:\/\/svetslik.si\/de\/#website","url":"https:\/\/svetslik.si\/de\/","name":"SVETSLIK.SI","description":"100% handgemalte Reproduktionen von Gem\u00e4lden ber\u00fchmter Maler und Gem\u00e4lde auf Leinwand.","publisher":{"@id":"https:\/\/svetslik.si\/de\/#organization"},"potentialAction":[{"@type":"SearchAction","target":{"@type":"EntryPoint","urlTemplate":"https:\/\/svetslik.si\/de\/?s={search_term_string}"},"query-input":{"@type":"PropertyValueSpecification","valueRequired":true,"valueName":"search_term_string"}}],"inLanguage":"de"},{"@type":"Organization","@id":"https:\/\/svetslik.si\/de\/#organization","name":"SvetSlik.si","url":"https:\/\/svetslik.si\/de\/","logo":{"@type":"ImageObject","inLanguage":"de","@id":"https:\/\/svetslik.si\/de\/#\/schema\/logo\/image\/","url":"https:\/\/svetslik.si\/wp-content\/uploads\/2020\/12\/logo-512.png","contentUrl":"https:\/\/svetslik.si\/wp-content\/uploads\/2020\/12\/logo-512.png","width":512,"height":512,"caption":"SvetSlik.si"},"image":{"@id":"https:\/\/svetslik.si\/de\/#\/schema\/logo\/image\/"},"sameAs":["https:\/\/www.facebook.com\/svetslik.si","https:\/\/x.com\/svetslik","https:\/\/www.instagram.com\/svetslik.si\/","https:\/\/www.linkedin.com\/company\/svetslik-si"]}]},"og_availability":"backorder","product_availability":"available for order","product_retailer_item_id":"511__","product_condition":"new"},"jetpack_sharing_enabled":true,"_links":{"self":[{"href":"https:\/\/svetslik.si\/de\/wp-json\/wp\/v2\/product\/69512","targetHints":{"allow":["GET"]}}],"collection":[{"href":"https:\/\/svetslik.si\/de\/wp-json\/wp\/v2\/product"}],"about":[{"href":"https:\/\/svetslik.si\/de\/wp-json\/wp\/v2\/types\/product"}],"wp:featuredmedia":[{"embeddable":true,"href":"https:\/\/svetslik.si\/de\/wp-json\/wp\/v2\/media\/63420"}],"wp:attachment":[{"href":"https:\/\/svetslik.si\/de\/wp-json\/wp\/v2\/media?parent=69512"}],"wp:term":[{"taxonomy":"product_brand","embeddable":true,"href":"https:\/\/svetslik.si\/de\/wp-json\/wp\/v2\/product_brand?post=69512"},{"taxonomy":"product_cat","embeddable":true,"href":"https:\/\/svetslik.si\/de\/wp-json\/wp\/v2\/product_cat?post=69512"},{"taxonomy":"product_tag","embeddable":true,"href":"https:\/\/svetslik.si\/de\/wp-json\/wp\/v2\/product_tag?post=69512"}],"curies":[{"name":"wp","href":"https:\/\/api.w.org\/{rel}","templated":true}]}}