{"id":69575,"date":"2021-09-02T18:19:06","date_gmt":"2021-09-02T16:19:06","guid":{"rendered":"https:\/\/svetslik.si\/unkategorisiert\/view-of-saint-valery-sur-somme\/"},"modified":"2026-03-22T20:46:08","modified_gmt":"2026-03-22T19:46:08","slug":"view-of-saint-valery-sur-somme","status":"publish","type":"product","link":"https:\/\/svetslik.si\/de\/edgar-degas-de\/view-of-saint-valery-sur-somme\/","title":{"rendered":"Edgar Degas &#8211; View of Saint Val\u00e9ry sur Somme"},"content":{"rendered":"<h1>Edgar Degas \u2013 Ansicht von Saint Val\u00e9ry sur Somme<\/h1>\n<p>\nDegas interessierte sich nicht so sehr f\u00fcr die Darstellung der Natur, sondern wurde vor allem von unterschiedlichen Farbt\u00f6nen angezogen, mit denen er in seinen Naturgem\u00e4lden eine fast traumhafte Atmosph\u00e4re erzielen konnte. In seinen Landschaftsgem\u00e4lden gibt es keine Menschen; Die Szenen in den Gem\u00e4lden sind ungew\u00f6hnlich sinnliche Farbeindr\u00fccke, die im Vorbeigehen eingefangen werden.<\/p>\n","protected":false},"excerpt":{"rendered":"<p>Edgar Degas \u2013 Ansicht von Saint Val\u00e9ry sur Somme Degas interessierte sich nicht so sehr f\u00fcr die Darstellung der Natur, sondern wurde vor allem von unterschiedlichen Farbt\u00f6nen angezogen, mit denen er in seinen Naturgem\u00e4lden eine fast traumhafte Atmosph\u00e4re erzielen konnte. In seinen Landschaftsgem\u00e4lden gibt es keine Menschen; Die Szenen in [&hellip;]<\/p>\n","protected":false},"featured_media":64335,"template":"","meta":{"_acf_changed":false},"product_brand":[],"product_cat":[8457],"product_tag":[8484,8521,8513,8514],"class_list":{"0":"post-69575","1":"product","2":"type-product","3":"status-publish","4":"has-post-thumbnail","6":"product_cat-edgar-degas-de","7":"product_tag-degas-de","8":"product_tag-maler","9":"product_tag-reproduktion","10":"product_tag-reproduktionen","11":"pa_dimenzija-100-x-80-cm-de","12":"pa_dimenzija-120-x-100-cm-de","13":"pa_dimenzija-150-x-120-cm-de","14":"pa_dimenzija-50-x-40-cm-de","15":"pa_dimenzija-61-x-51-cm-de","16":"pa_dimenzija-70-x-60-cm-de","17":"pa_dimenzija-80-x-70-cm-de","18":"pa_dimenzija-90-x-75-cm-de","19":"pa_oblika-horizontal-de","20":"pa_okvir-ohne-rahmen","21":"pa_podokvir-ja","22":"pa_podokvir-nein","24":"first","25":"onbackorder","26":"purchasable","27":"product-type-variable","28":"has-default-attributes"},"acf":[],"yoast_head":"<!-- This site is optimized with the Yoast SEO Premium plugin v26.0 (Yoast SEO v27.2) - https:\/\/yoast.com\/product\/yoast-seo-premium-wordpress\/ -->\n<title>Edgar Degas - View of Saint Val\u00e9ry sur Somme - SVETSLIK.SI - 100% handgemalt<\/title>\n<meta name=\"description\" content=\"Edgar Degas - View of Saint Val\u00e9ry sur Somme - 100% handgemalte Gem\u00e4lde - Verkauf von Reproduktionen ber\u00fchmter Gem\u00e4lde und abstrakter Kunst - Wandbilder f\u00fcr das Wohnzimmer\" \/>\n<meta name=\"robots\" content=\"index, follow, max-snippet:-1, max-image-preview:large, max-video-preview:-1\" \/>\n<link rel=\"canonical\" href=\"https:\/\/svetslik.si\/de\/edgar-degas-de\/view-of-saint-valery-sur-somme\/\" \/>\n<meta property=\"og:locale\" content=\"de_DE\" \/>\n<meta property=\"og:type\" content=\"article\" \/>\n<meta property=\"og:title\" content=\"Edgar Degas - View of Saint Val\u00e9ry sur Somme\" \/>\n<meta property=\"og:description\" content=\"100% ro\u010dno naslikane slike na platnu, reprodukcije znanih slikarjev in umetni\u0161ke slike po naro\u010dilu.\" \/>\n<meta property=\"og:url\" content=\"https:\/\/svetslik.si\/de\/edgar-degas-de\/view-of-saint-valery-sur-somme\/\" \/>\n<meta property=\"og:site_name\" content=\"SVETSLIK.SI\" \/>\n<meta property=\"article:publisher\" content=\"https:\/\/www.facebook.com\/svetslik.si\" \/>\n<meta property=\"article:modified_time\" content=\"2026-03-22T19:46:08+00:00\" \/>\n<meta property=\"og:image\" content=\"https:\/\/svetslik.si\/wp-content\/uploads\/2021\/08\/image_View-of-Saint-Valry-sur-Somme_680-scaled.jpg\" \/>\n\t<meta property=\"og:image:width\" content=\"2560\" \/>\n\t<meta property=\"og:image:height\" content=\"2138\" \/>\n\t<meta property=\"og:image:type\" content=\"image\/jpeg\" \/>\n<meta name=\"twitter:card\" content=\"summary_large_image\" \/>\n<meta name=\"twitter:site\" content=\"@svetslik\" \/>\n<meta name=\"twitter:label1\" content=\"Verf\u00fcgbarkeit\" \/>\n\t<meta name=\"twitter:data1\" content=\"bei Nachbestellung\" \/>\n<script type=\"application\/ld+json\" class=\"yoast-schema-graph\">{\"@context\":\"https:\/\/schema.org\",\"@graph\":[{\"@type\":[\"WebPage\",\"ItemPage\"],\"@id\":\"https:\/\/svetslik.si\/de\/edgar-degas-de\/view-of-saint-valery-sur-somme\/\",\"url\":\"https:\/\/svetslik.si\/de\/edgar-degas-de\/view-of-saint-valery-sur-somme\/\",\"name\":\"Edgar Degas - View of Saint Val\u00e9ry sur Somme - SVETSLIK.SI - 100% handgemalt\",\"isPartOf\":{\"@id\":\"https:\/\/svetslik.si\/de\/#website\"},\"primaryImageOfPage\":{\"@id\":\"https:\/\/svetslik.si\/de\/edgar-degas-de\/view-of-saint-valery-sur-somme\/#primaryimage\"},\"image\":{\"@id\":\"https:\/\/svetslik.si\/de\/edgar-degas-de\/view-of-saint-valery-sur-somme\/#primaryimage\"},\"thumbnailUrl\":\"https:\/\/svetslik.si\/wp-content\/uploads\/2021\/08\/image_View-of-Saint-Valry-sur-Somme_680-scaled.jpg\",\"datePublished\":\"2021-09-02T16:19:06+00:00\",\"dateModified\":\"2026-03-22T19:46:08+00:00\",\"description\":\"Edgar Degas - View of Saint Val\u00e9ry sur Somme - 100% handgemalte Gem\u00e4lde - Verkauf von Reproduktionen ber\u00fchmter Gem\u00e4lde und abstrakter Kunst - Wandbilder f\u00fcr das Wohnzimmer\",\"breadcrumb\":{\"@id\":\"https:\/\/svetslik.si\/de\/edgar-degas-de\/view-of-saint-valery-sur-somme\/#breadcrumb\"},\"inLanguage\":\"de\",\"potentialAction\":[{\"@type\":\"ReadAction\",\"target\":[\"https:\/\/svetslik.si\/de\/edgar-degas-de\/view-of-saint-valery-sur-somme\/\"]}]},{\"@type\":\"ImageObject\",\"inLanguage\":\"de\",\"@id\":\"https:\/\/svetslik.si\/de\/edgar-degas-de\/view-of-saint-valery-sur-somme\/#primaryimage\",\"url\":\"https:\/\/svetslik.si\/wp-content\/uploads\/2021\/08\/image_View-of-Saint-Valry-sur-Somme_680-scaled.jpg\",\"contentUrl\":\"https:\/\/svetslik.si\/wp-content\/uploads\/2021\/08\/image_View-of-Saint-Valry-sur-Somme_680-scaled.jpg\",\"width\":2560,\"height\":2138,\"caption\":\"Edgar Degas - View of Saint-Valery-sur-Somme (Blick auf Saint-Valery-sur-Somme), Gem\u00e4lde, Leinwandbilder - 100% handgemalte, Reproduktionen ber\u00fchmter Gem\u00e4lde, Gem\u00e4lde kaufen, Wandbilder Wohnzimmer, ber\u00fchmtes Gem\u00e4lde, \u00d6lgem\u00e4lde, Bilderrahmen\"},{\"@type\":\"BreadcrumbList\",\"@id\":\"https:\/\/svetslik.si\/de\/edgar-degas-de\/view-of-saint-valery-sur-somme\/#breadcrumb\",\"itemListElement\":[{\"@type\":\"ListItem\",\"position\":1,\"name\":\"Wandkunst und Gem\u00e4lde auf Leinwand\",\"item\":\"https:\/\/svetslik.si\/de\/\"},{\"@type\":\"ListItem\",\"position\":2,\"name\":\"Verkauf von Gem\u00e4lden\",\"item\":\"https:\/\/svetslik.si\/prodaja-slik\/\"},{\"@type\":\"ListItem\",\"position\":3,\"name\":\"Edgar Degas &#8211; View of Saint Val\u00e9ry sur Somme\"}]},{\"@type\":\"WebSite\",\"@id\":\"https:\/\/svetslik.si\/de\/#website\",\"url\":\"https:\/\/svetslik.si\/de\/\",\"name\":\"SVETSLIK.SI\",\"description\":\"100% handgemalte Reproduktionen von Gem\u00e4lden ber\u00fchmter Maler und Gem\u00e4lde auf Leinwand.\",\"publisher\":{\"@id\":\"https:\/\/svetslik.si\/de\/#organization\"},\"potentialAction\":[{\"@type\":\"SearchAction\",\"target\":{\"@type\":\"EntryPoint\",\"urlTemplate\":\"https:\/\/svetslik.si\/de\/?s={search_term_string}\"},\"query-input\":{\"@type\":\"PropertyValueSpecification\",\"valueRequired\":true,\"valueName\":\"search_term_string\"}}],\"inLanguage\":\"de\"},{\"@type\":\"Organization\",\"@id\":\"https:\/\/svetslik.si\/de\/#organization\",\"name\":\"SvetSlik.si\",\"url\":\"https:\/\/svetslik.si\/de\/\",\"logo\":{\"@type\":\"ImageObject\",\"inLanguage\":\"de\",\"@id\":\"https:\/\/svetslik.si\/de\/#\/schema\/logo\/image\/\",\"url\":\"https:\/\/svetslik.si\/wp-content\/uploads\/2020\/12\/logo-512.png\",\"contentUrl\":\"https:\/\/svetslik.si\/wp-content\/uploads\/2020\/12\/logo-512.png\",\"width\":512,\"height\":512,\"caption\":\"SvetSlik.si\"},\"image\":{\"@id\":\"https:\/\/svetslik.si\/de\/#\/schema\/logo\/image\/\"},\"sameAs\":[\"https:\/\/www.facebook.com\/svetslik.si\",\"https:\/\/x.com\/svetslik\",\"https:\/\/www.instagram.com\/svetslik.si\/\",\"https:\/\/www.linkedin.com\/company\/svetslik-si\"]}]}<\/script>\n<meta property=\"og:availability\" content=\"backorder\" \/>\n<meta property=\"product:availability\" content=\"available for order\" \/>\n<meta property=\"product:retailer_item_id\" content=\"518__\" \/>\n<meta property=\"product:condition\" content=\"new\" \/>\n<!-- \/ Yoast SEO Premium plugin. -->","yoast_head_json":{"title":"Edgar Degas - View of Saint Val\u00e9ry sur Somme - SVETSLIK.SI - 100% handgemalt","description":"Edgar Degas - View of Saint Val\u00e9ry sur Somme - 100% handgemalte Gem\u00e4lde - Verkauf von Reproduktionen ber\u00fchmter Gem\u00e4lde und abstrakter Kunst - Wandbilder f\u00fcr das Wohnzimmer","robots":{"index":"index","follow":"follow","max-snippet":"max-snippet:-1","max-image-preview":"max-image-preview:large","max-video-preview":"max-video-preview:-1"},"canonical":"https:\/\/svetslik.si\/de\/edgar-degas-de\/view-of-saint-valery-sur-somme\/","og_locale":"de_DE","og_type":"article","og_title":"Edgar Degas - View of Saint Val\u00e9ry sur Somme","og_description":"100% ro\u010dno naslikane slike na platnu, reprodukcije znanih slikarjev in umetni\u0161ke slike po naro\u010dilu.","og_url":"https:\/\/svetslik.si\/de\/edgar-degas-de\/view-of-saint-valery-sur-somme\/","og_site_name":"SVETSLIK.SI","article_publisher":"https:\/\/www.facebook.com\/svetslik.si","article_modified_time":"2026-03-22T19:46:08+00:00","og_image":[{"width":2560,"height":2138,"url":"https:\/\/svetslik.si\/wp-content\/uploads\/2021\/08\/image_View-of-Saint-Valry-sur-Somme_680-scaled.jpg","type":"image\/jpeg"}],"twitter_card":"summary_large_image","twitter_site":"@svetslik","twitter_misc":{"Verf\u00fcgbarkeit":"bei Nachbestellung"},"schema":{"@context":"https:\/\/schema.org","@graph":[{"@type":["WebPage","ItemPage"],"@id":"https:\/\/svetslik.si\/de\/edgar-degas-de\/view-of-saint-valery-sur-somme\/","url":"https:\/\/svetslik.si\/de\/edgar-degas-de\/view-of-saint-valery-sur-somme\/","name":"Edgar Degas - View of Saint Val\u00e9ry sur Somme - SVETSLIK.SI - 100% handgemalt","isPartOf":{"@id":"https:\/\/svetslik.si\/de\/#website"},"primaryImageOfPage":{"@id":"https:\/\/svetslik.si\/de\/edgar-degas-de\/view-of-saint-valery-sur-somme\/#primaryimage"},"image":{"@id":"https:\/\/svetslik.si\/de\/edgar-degas-de\/view-of-saint-valery-sur-somme\/#primaryimage"},"thumbnailUrl":"https:\/\/svetslik.si\/wp-content\/uploads\/2021\/08\/image_View-of-Saint-Valry-sur-Somme_680-scaled.jpg","datePublished":"2021-09-02T16:19:06+00:00","dateModified":"2026-03-22T19:46:08+00:00","description":"Edgar Degas - View of Saint Val\u00e9ry sur Somme - 100% handgemalte Gem\u00e4lde - Verkauf von Reproduktionen ber\u00fchmter Gem\u00e4lde und abstrakter Kunst - Wandbilder f\u00fcr das Wohnzimmer","breadcrumb":{"@id":"https:\/\/svetslik.si\/de\/edgar-degas-de\/view-of-saint-valery-sur-somme\/#breadcrumb"},"inLanguage":"de","potentialAction":[{"@type":"ReadAction","target":["https:\/\/svetslik.si\/de\/edgar-degas-de\/view-of-saint-valery-sur-somme\/"]}]},{"@type":"ImageObject","inLanguage":"de","@id":"https:\/\/svetslik.si\/de\/edgar-degas-de\/view-of-saint-valery-sur-somme\/#primaryimage","url":"https:\/\/svetslik.si\/wp-content\/uploads\/2021\/08\/image_View-of-Saint-Valry-sur-Somme_680-scaled.jpg","contentUrl":"https:\/\/svetslik.si\/wp-content\/uploads\/2021\/08\/image_View-of-Saint-Valry-sur-Somme_680-scaled.jpg","width":2560,"height":2138,"caption":"Edgar Degas - View of Saint-Valery-sur-Somme (Blick auf Saint-Valery-sur-Somme), Gem\u00e4lde, Leinwandbilder - 100% handgemalte, Reproduktionen ber\u00fchmter Gem\u00e4lde, Gem\u00e4lde kaufen, Wandbilder Wohnzimmer, ber\u00fchmtes Gem\u00e4lde, \u00d6lgem\u00e4lde, Bilderrahmen"},{"@type":"BreadcrumbList","@id":"https:\/\/svetslik.si\/de\/edgar-degas-de\/view-of-saint-valery-sur-somme\/#breadcrumb","itemListElement":[{"@type":"ListItem","position":1,"name":"Wandkunst und Gem\u00e4lde auf Leinwand","item":"https:\/\/svetslik.si\/de\/"},{"@type":"ListItem","position":2,"name":"Verkauf von Gem\u00e4lden","item":"https:\/\/svetslik.si\/prodaja-slik\/"},{"@type":"ListItem","position":3,"name":"Edgar Degas &#8211; View of Saint Val\u00e9ry sur Somme"}]},{"@type":"WebSite","@id":"https:\/\/svetslik.si\/de\/#website","url":"https:\/\/svetslik.si\/de\/","name":"SVETSLIK.SI","description":"100% handgemalte Reproduktionen von Gem\u00e4lden ber\u00fchmter Maler und Gem\u00e4lde auf Leinwand.","publisher":{"@id":"https:\/\/svetslik.si\/de\/#organization"},"potentialAction":[{"@type":"SearchAction","target":{"@type":"EntryPoint","urlTemplate":"https:\/\/svetslik.si\/de\/?s={search_term_string}"},"query-input":{"@type":"PropertyValueSpecification","valueRequired":true,"valueName":"search_term_string"}}],"inLanguage":"de"},{"@type":"Organization","@id":"https:\/\/svetslik.si\/de\/#organization","name":"SvetSlik.si","url":"https:\/\/svetslik.si\/de\/","logo":{"@type":"ImageObject","inLanguage":"de","@id":"https:\/\/svetslik.si\/de\/#\/schema\/logo\/image\/","url":"https:\/\/svetslik.si\/wp-content\/uploads\/2020\/12\/logo-512.png","contentUrl":"https:\/\/svetslik.si\/wp-content\/uploads\/2020\/12\/logo-512.png","width":512,"height":512,"caption":"SvetSlik.si"},"image":{"@id":"https:\/\/svetslik.si\/de\/#\/schema\/logo\/image\/"},"sameAs":["https:\/\/www.facebook.com\/svetslik.si","https:\/\/x.com\/svetslik","https:\/\/www.instagram.com\/svetslik.si\/","https:\/\/www.linkedin.com\/company\/svetslik-si"]}]},"og_availability":"backorder","product_availability":"available for order","product_retailer_item_id":"518__","product_condition":"new"},"jetpack_sharing_enabled":true,"_links":{"self":[{"href":"https:\/\/svetslik.si\/de\/wp-json\/wp\/v2\/product\/69575","targetHints":{"allow":["GET"]}}],"collection":[{"href":"https:\/\/svetslik.si\/de\/wp-json\/wp\/v2\/product"}],"about":[{"href":"https:\/\/svetslik.si\/de\/wp-json\/wp\/v2\/types\/product"}],"wp:featuredmedia":[{"embeddable":true,"href":"https:\/\/svetslik.si\/de\/wp-json\/wp\/v2\/media\/64335"}],"wp:attachment":[{"href":"https:\/\/svetslik.si\/de\/wp-json\/wp\/v2\/media?parent=69575"}],"wp:term":[{"taxonomy":"product_brand","embeddable":true,"href":"https:\/\/svetslik.si\/de\/wp-json\/wp\/v2\/product_brand?post=69575"},{"taxonomy":"product_cat","embeddable":true,"href":"https:\/\/svetslik.si\/de\/wp-json\/wp\/v2\/product_cat?post=69575"},{"taxonomy":"product_tag","embeddable":true,"href":"https:\/\/svetslik.si\/de\/wp-json\/wp\/v2\/product_tag?post=69575"}],"curies":[{"name":"wp","href":"https:\/\/api.w.org\/{rel}","templated":true}]}}