{"id":69620,"date":"2021-09-02T18:19:43","date_gmt":"2021-09-02T16:19:43","guid":{"rendered":"https:\/\/svetslik.si\/unkategorisiert\/woman-combing-her-hair\/"},"modified":"2026-03-22T20:46:53","modified_gmt":"2026-03-22T19:46:53","slug":"woman-combing-her-hair","status":"publish","type":"product","link":"https:\/\/svetslik.si\/de\/edgar-degas-de\/woman-combing-her-hair\/","title":{"rendered":"Edgar Degas &#8211; Woman Combing Her Hair"},"content":{"rendered":"<div class=\"wpb-content-wrapper\">[vc_row css=&#8221;.vc_custom_1742243604906{margin-bottom: 5px !important;}&#8221;][vc_column]\t<div class=\"et-image-925 et-image     et_image_link\">\n\t\t<div class=\"et-image-inner \">\n\t\t\t\t\t\t\t<div class=\"et-image-thumb \">\n\t\t\t\t\t<img decoding=\"async\" width=\"1500\" height=\"1798\" src=\"https:\/\/svetslik.si\/wp-content\/uploads\/2021\/09\/Edgar-Degas-\u2013-Woman-Combing-Her-Hair-slike-na-platnu.jpg\" class=\"attachment-full\" alt=\"Edgar Degas - Woman Combing Her Hair\" title=\"Edgar Degas - Woman Combing Her Hair\" srcset=\"https:\/\/svetslik.si\/wp-content\/uploads\/2021\/09\/Edgar-Degas-\u2013-Woman-Combing-Her-Hair-slike-na-platnu.jpg 1500w, https:\/\/svetslik.si\/wp-content\/uploads\/2021\/09\/Edgar-Degas-\u2013-Woman-Combing-Her-Hair-slike-na-platnu-600x719.jpg 600w, https:\/\/svetslik.si\/wp-content\/uploads\/2021\/09\/Edgar-Degas-\u2013-Woman-Combing-Her-Hair-slike-na-platnu-1200x1438.jpg 1200w, https:\/\/svetslik.si\/wp-content\/uploads\/2021\/09\/Edgar-Degas-\u2013-Woman-Combing-Her-Hair-slike-na-platnu-250x300.jpg 250w, https:\/\/svetslik.si\/wp-content\/uploads\/2021\/09\/Edgar-Degas-\u2013-Woman-Combing-Her-Hair-slike-na-platnu-854x1024.jpg 854w, https:\/\/svetslik.si\/wp-content\/uploads\/2021\/09\/Edgar-Degas-\u2013-Woman-Combing-Her-Hair-slike-na-platnu-768x921.jpg 768w, https:\/\/svetslik.si\/wp-content\/uploads\/2021\/09\/Edgar-Degas-\u2013-Woman-Combing-Her-Hair-slike-na-platnu-1281x1536.jpg 1281w, https:\/\/svetslik.si\/wp-content\/uploads\/2021\/09\/Edgar-Degas-\u2013-Woman-Combing-Her-Hair-slike-na-platnu-125x150.jpg 125w\" sizes=\"(max-width: 1500px) 100vw, 1500px\" \/>\t\t\t\t<\/div>\n\t\t\t\t\t\t\t\t\t\t\t<\/div>\n\t<\/div>\n  [\/vc_column][\/vc_row][vc_row css=&#8221;.vc_custom_1742243604906{margin-bottom: 5px !important;}&#8221;][vc_column]\t<div class=\"et-image-287 et-image     et_image_link\">\n\t\t<div class=\"et-image-inner \">\n\t\t\t\t\t\t\t<div class=\"et-image-thumb \">\n\t\t\t\t\t<img decoding=\"async\" width=\"1492\" height=\"2560\" src=\"https:\/\/svetslik.si\/wp-content\/uploads\/2021\/09\/Edgar-Degas-\u2013-Woman-Combing-Her-Hair-slike-na-platnu-2-scaled.jpg\" class=\"attachment-full\" alt=\"Edgar Degas - Woman Combing Her Hair\" title=\"Edgar Degas - Woman Combing Her Hair\" srcset=\"https:\/\/svetslik.si\/wp-content\/uploads\/2021\/09\/Edgar-Degas-\u2013-Woman-Combing-Her-Hair-slike-na-platnu-2-scaled.jpg 1492w, https:\/\/svetslik.si\/wp-content\/uploads\/2021\/09\/Edgar-Degas-\u2013-Woman-Combing-Her-Hair-slike-na-platnu-2-scaled-600x1029.jpg 600w, https:\/\/svetslik.si\/wp-content\/uploads\/2021\/09\/Edgar-Degas-\u2013-Woman-Combing-Her-Hair-slike-na-platnu-2-scaled-1200x2059.jpg 1200w, https:\/\/svetslik.si\/wp-content\/uploads\/2021\/09\/Edgar-Degas-\u2013-Woman-Combing-Her-Hair-slike-na-platnu-2-175x300.jpg 175w, https:\/\/svetslik.si\/wp-content\/uploads\/2021\/09\/Edgar-Degas-\u2013-Woman-Combing-Her-Hair-slike-na-platnu-2-597x1024.jpg 597w, https:\/\/svetslik.si\/wp-content\/uploads\/2021\/09\/Edgar-Degas-\u2013-Woman-Combing-Her-Hair-slike-na-platnu-2-768x1318.jpg 768w, https:\/\/svetslik.si\/wp-content\/uploads\/2021\/09\/Edgar-Degas-\u2013-Woman-Combing-Her-Hair-slike-na-platnu-2-895x1536.jpg 895w, https:\/\/svetslik.si\/wp-content\/uploads\/2021\/09\/Edgar-Degas-\u2013-Woman-Combing-Her-Hair-slike-na-platnu-2-1193x2048.jpg 1193w, https:\/\/svetslik.si\/wp-content\/uploads\/2021\/09\/Edgar-Degas-\u2013-Woman-Combing-Her-Hair-slike-na-platnu-2-87x150.jpg 87w\" sizes=\"(max-width: 1492px) 100vw, 1492px\" \/>\t\t\t\t<\/div>\n\t\t\t\t\t\t\t\t\t\t\t<\/div>\n\t<\/div>\n  [\/vc_column][\/vc_row][vc_row css=&#8221;.vc_custom_1742243604906{margin-bottom: 5px !important;}&#8221;][vc_column]\t<div class=\"et-image-906 et-image     et_image_link\">\n\t\t<div class=\"et-image-inner \">\n\t\t\t\t\t\t\t<div class=\"et-image-thumb \">\n\t\t\t\t\t<img decoding=\"async\" width=\"1500\" height=\"2538\" src=\"https:\/\/svetslik.si\/wp-content\/uploads\/2021\/09\/Edgar-Degas-\u2013-Woman-Combing-Her-Hair-slike-na-platnu-3.jpg\" class=\"attachment-full\" alt=\"Edgar Degas - Woman Combing Her Hair\" title=\"Edgar Degas - Woman Combing Her Hair\" srcset=\"https:\/\/svetslik.si\/wp-content\/uploads\/2021\/09\/Edgar-Degas-\u2013-Woman-Combing-Her-Hair-slike-na-platnu-3.jpg 1500w, https:\/\/svetslik.si\/wp-content\/uploads\/2021\/09\/Edgar-Degas-\u2013-Woman-Combing-Her-Hair-slike-na-platnu-3-600x1015.jpg 600w, https:\/\/svetslik.si\/wp-content\/uploads\/2021\/09\/Edgar-Degas-\u2013-Woman-Combing-Her-Hair-slike-na-platnu-3-1200x2030.jpg 1200w, https:\/\/svetslik.si\/wp-content\/uploads\/2021\/09\/Edgar-Degas-\u2013-Woman-Combing-Her-Hair-slike-na-platnu-3-177x300.jpg 177w, https:\/\/svetslik.si\/wp-content\/uploads\/2021\/09\/Edgar-Degas-\u2013-Woman-Combing-Her-Hair-slike-na-platnu-3-605x1024.jpg 605w, https:\/\/svetslik.si\/wp-content\/uploads\/2021\/09\/Edgar-Degas-\u2013-Woman-Combing-Her-Hair-slike-na-platnu-3-768x1299.jpg 768w, https:\/\/svetslik.si\/wp-content\/uploads\/2021\/09\/Edgar-Degas-\u2013-Woman-Combing-Her-Hair-slike-na-platnu-3-908x1536.jpg 908w, https:\/\/svetslik.si\/wp-content\/uploads\/2021\/09\/Edgar-Degas-\u2013-Woman-Combing-Her-Hair-slike-na-platnu-3-1210x2048.jpg 1210w, https:\/\/svetslik.si\/wp-content\/uploads\/2021\/09\/Edgar-Degas-\u2013-Woman-Combing-Her-Hair-slike-na-platnu-3-89x150.jpg 89w\" sizes=\"(max-width: 1500px) 100vw, 1500px\" \/>\t\t\t\t<\/div>\n\t\t\t\t\t\t\t\t\t\t\t<\/div>\n\t<\/div>\n  [\/vc_column][\/vc_row][vc_row css=&#8221;.vc_custom_1742243604906{margin-bottom: 5px !important;}&#8221;][vc_column]\t<div class=\"et-image-703 et-image     et_image_link\">\n\t\t<div class=\"et-image-inner \">\n\t\t\t\t\t\t\t<div class=\"et-image-thumb \">\n\t\t\t\t\t<img decoding=\"async\" width=\"1500\" height=\"1637\" src=\"https:\/\/svetslik.si\/wp-content\/uploads\/2021\/09\/Edgar-Degas-\u2013-Woman-Combing-Her-Hair-slike-na-platnu-4.jpg\" class=\"attachment-full\" alt=\"Edgar Degas - Woman Combing Her Hair\" title=\"Edgar Degas - Woman Combing Her Hair\" srcset=\"https:\/\/svetslik.si\/wp-content\/uploads\/2021\/09\/Edgar-Degas-\u2013-Woman-Combing-Her-Hair-slike-na-platnu-4.jpg 1500w, https:\/\/svetslik.si\/wp-content\/uploads\/2021\/09\/Edgar-Degas-\u2013-Woman-Combing-Her-Hair-slike-na-platnu-4-600x655.jpg 600w, https:\/\/svetslik.si\/wp-content\/uploads\/2021\/09\/Edgar-Degas-\u2013-Woman-Combing-Her-Hair-slike-na-platnu-4-1200x1310.jpg 1200w, https:\/\/svetslik.si\/wp-content\/uploads\/2021\/09\/Edgar-Degas-\u2013-Woman-Combing-Her-Hair-slike-na-platnu-4-275x300.jpg 275w, https:\/\/svetslik.si\/wp-content\/uploads\/2021\/09\/Edgar-Degas-\u2013-Woman-Combing-Her-Hair-slike-na-platnu-4-938x1024.jpg 938w, https:\/\/svetslik.si\/wp-content\/uploads\/2021\/09\/Edgar-Degas-\u2013-Woman-Combing-Her-Hair-slike-na-platnu-4-768x838.jpg 768w, https:\/\/svetslik.si\/wp-content\/uploads\/2021\/09\/Edgar-Degas-\u2013-Woman-Combing-Her-Hair-slike-na-platnu-4-1407x1536.jpg 1407w, https:\/\/svetslik.si\/wp-content\/uploads\/2021\/09\/Edgar-Degas-\u2013-Woman-Combing-Her-Hair-slike-na-platnu-4-137x150.jpg 137w\" sizes=\"(max-width: 1500px) 100vw, 1500px\" \/>\t\t\t\t<\/div>\n\t\t\t\t\t\t\t\t\t\t\t<\/div>\n\t<\/div>\n  [\/vc_column][\/vc_row][vc_row css=&#8221;.vc_custom_1742243604906{margin-bottom: 5px !important;}&#8221;][vc_column]\t<div class=\"et-image-678 et-image     et_image_link\">\n\t\t<div class=\"et-image-inner \">\n\t\t\t\t\t\t\t<div class=\"et-image-thumb \">\n\t\t\t\t\t<img decoding=\"async\" width=\"1500\" height=\"1125\" src=\"https:\/\/svetslik.si\/wp-content\/uploads\/2021\/09\/Edgar-Degas-\u2013-Woman-Combing-Her-Hair-slike-na-platnu-5.jpg\" class=\"attachment-full\" alt=\"Edgar Degas - Woman Combing Her Hair\" title=\"Edgar Degas - Woman Combing Her Hair\" srcset=\"https:\/\/svetslik.si\/wp-content\/uploads\/2021\/09\/Edgar-Degas-\u2013-Woman-Combing-Her-Hair-slike-na-platnu-5.jpg 1500w, https:\/\/svetslik.si\/wp-content\/uploads\/2021\/09\/Edgar-Degas-\u2013-Woman-Combing-Her-Hair-slike-na-platnu-5-600x450.jpg 600w, https:\/\/svetslik.si\/wp-content\/uploads\/2021\/09\/Edgar-Degas-\u2013-Woman-Combing-Her-Hair-slike-na-platnu-5-1200x900.jpg 1200w, https:\/\/svetslik.si\/wp-content\/uploads\/2021\/09\/Edgar-Degas-\u2013-Woman-Combing-Her-Hair-slike-na-platnu-5-300x225.jpg 300w, https:\/\/svetslik.si\/wp-content\/uploads\/2021\/09\/Edgar-Degas-\u2013-Woman-Combing-Her-Hair-slike-na-platnu-5-1024x768.jpg 1024w, https:\/\/svetslik.si\/wp-content\/uploads\/2021\/09\/Edgar-Degas-\u2013-Woman-Combing-Her-Hair-slike-na-platnu-5-768x576.jpg 768w, https:\/\/svetslik.si\/wp-content\/uploads\/2021\/09\/Edgar-Degas-\u2013-Woman-Combing-Her-Hair-slike-na-platnu-5-150x113.jpg 150w\" sizes=\"(max-width: 1500px) 100vw, 1500px\" \/>\t\t\t\t<\/div>\n\t\t\t\t\t\t\t\t\t\t\t<\/div>\n\t<\/div>\n  [\/vc_column][\/vc_row][vc_row][vc_column][vc_column_text]\n<h1>Edgar Degas \u2013 Frau, die ihr Haar k\u00e4mmt<\/h1>\n<p>&nbsp;<\/p>\n<table style=\"width: 619px;\" border=\"0\" width=\"619\" cellpadding=\"0\">\n<tbody>\n<tr>\n<td style=\"width: 180px; height: 21px;\" height=\"21\">Jahr der Erstellung:<\/td>\n<td style=\"width: 439px;\">1887-1890<\/td>\n<\/tr>\n<tr>\n<td style=\"width: 180px; height: 21px;\" height=\"21\">Originalgr\u00f6\u00dfe:<\/td>\n<td style=\"width: 439px;\">57 cm x 82 cm<\/td>\n<\/tr>\n<tr>\n<td style=\"width: 180px; height: 21px;\" height=\"21\">Malstil:<\/td>\n<td style=\"width: 439px;\">Impressionismus<\/td>\n<\/tr>\n<tr>\n<td style=\"width: 180px; height: 21px;\" height=\"21\">Originaltechnik:<\/td>\n<td style=\"width: 439px;\">Pastell<\/td>\n<\/tr>\n<tr>\n<td style=\"width: 180px; height: 21px;\" height=\"21\">Gefunden:<\/td>\n<td style=\"width: 439px;\">Orsey Museum, Paris<\/td>\n<\/tr>\n<\/tbody>\n<colgroup> <\/colgroup>\n<\/table>\n<div>Degas ersetzte auch \u00d6lfarben durch Pastellfarben f\u00fcr das Gem\u00e4lde \u201eFrau k\u00e4mmt ihr Haar\u201c. Dadurch gewann er ein gr\u00f6\u00dferes Freiheitsgef\u00fchl in der Zeichnung und auch im Bereich der Farben. Der K\u00fcnstler besch\u00e4ftigte sich viel mit der menschlichen Figur, wollte das reale Bild jedoch nie ausschm\u00fccken.<\/div>\n<div>Die weibliche Figur in diesem Gem\u00e4lde zeigt mit ihrer ungew\u00f6hnlichen Pose die geballte Kraft von Form und Farbe, die Degas in diesem Gem\u00e4lde erreicht hat.<\/div>\n<div><\/div>\n<\/div>","protected":false},"excerpt":{"rendered":"<p>[vc_row css=&#8221;.vc_custom_1742243604906{margin-bottom: 5px !important;}&#8221;][vc_column][\/vc_column][\/vc_row][vc_row css=&#8221;.vc_custom_1742243604906{margin-bottom: 5px !important;}&#8221;][vc_column][\/vc_column][\/vc_row][vc_row css=&#8221;.vc_custom_1742243604906{margin-bottom: 5px !important;}&#8221;][vc_column][\/vc_column][\/vc_row][vc_row css=&#8221;.vc_custom_1742243604906{margin-bottom: 5px !important;}&#8221;][vc_column][\/vc_column][\/vc_row][vc_row css=&#8221;.vc_custom_1742243604906{margin-bottom: 5px !important;}&#8221;][vc_column][\/vc_column][\/vc_row][vc_row][vc_column][vc_column_text] Edgar Degas \u2013 Frau, die ihr Haar k\u00e4mmt &nbsp; Jahr der Erstellung: 1887-1890 Originalgr\u00f6\u00dfe: 57 cm x 82 cm Malstil: Impressionismus Originaltechnik: Pastell Gefunden: Orsey Museum, Paris Degas ersetzte auch \u00d6lfarben durch Pastellfarben f\u00fcr [&hellip;]<\/p>\n","protected":false},"featured_media":63289,"template":"","meta":{"_acf_changed":false},"product_brand":[],"product_cat":[8457],"product_tag":[8484,8521,8513,8514],"class_list":{"0":"post-69620","1":"product","2":"type-product","3":"status-publish","4":"has-post-thumbnail","6":"product_cat-edgar-degas-de","7":"product_tag-degas-de","8":"product_tag-maler","9":"product_tag-reproduktion","10":"product_tag-reproduktionen","11":"pa_dimenzija-100-x-140-cm-de","12":"pa_dimenzija-30-x-45-cm-de","13":"pa_dimenzija-40-x-60-cm-de","14":"pa_dimenzija-50-x-70-cm-de","15":"pa_dimenzija-57-x-82-cm-de","16":"pa_dimenzija-70-x-100-cm-de","17":"pa_dimenzija-80-x-110-cm-de","18":"pa_dimenzija-90-x-130-cm-de","19":"pa_oblika-vertikal","20":"pa_okvir-ohne-rahmen","21":"pa_podokvir-ja","22":"pa_podokvir-nein","24":"first","25":"onbackorder","26":"purchasable","27":"product-type-variable","28":"has-default-attributes"},"acf":[],"yoast_head":"<!-- This site is optimized with the Yoast SEO Premium plugin v26.0 (Yoast SEO v27.2) - https:\/\/yoast.com\/product\/yoast-seo-premium-wordpress\/ -->\n<title>Edgar Degas - Woman Combing Her Hair - SVETSLIK.SI - 100% handgemalt<\/title>\n<meta name=\"description\" content=\"Edgar Degas - Woman Combing Her Hair - 100% handgemalte Gem\u00e4lde - Verkauf von Reproduktionen ber\u00fchmter Gem\u00e4lde und abstrakter Kunst - Wandbilder f\u00fcr das Wohnzimmer\" \/>\n<meta name=\"robots\" content=\"index, follow, max-snippet:-1, max-image-preview:large, max-video-preview:-1\" \/>\n<link rel=\"canonical\" href=\"https:\/\/svetslik.si\/de\/edgar-degas-de\/woman-combing-her-hair\/\" \/>\n<meta property=\"og:locale\" content=\"de_DE\" \/>\n<meta property=\"og:type\" content=\"article\" \/>\n<meta property=\"og:title\" content=\"Edgar Degas - Woman Combing Her Hair\" \/>\n<meta property=\"og:description\" content=\"100% ro\u010dno naslikane slike na platnu, reprodukcije znanih slikarjev in umetni\u0161ke slike po naro\u010dilu.\" \/>\n<meta property=\"og:url\" content=\"https:\/\/svetslik.si\/de\/edgar-degas-de\/woman-combing-her-hair\/\" \/>\n<meta property=\"og:site_name\" content=\"SVETSLIK.SI\" \/>\n<meta property=\"article:publisher\" content=\"https:\/\/www.facebook.com\/svetslik.si\" \/>\n<meta property=\"article:modified_time\" content=\"2026-03-22T19:46:53+00:00\" \/>\n<meta property=\"og:image\" content=\"https:\/\/svetslik.si\/wp-content\/uploads\/2021\/08\/image_Woman-Combing-Her-Hair-Degas_680.jpg\" \/>\n\t<meta property=\"og:image:width\" content=\"1463\" \/>\n\t<meta property=\"og:image:height\" content=\"2048\" \/>\n\t<meta property=\"og:image:type\" content=\"image\/jpeg\" \/>\n<meta name=\"twitter:card\" content=\"summary_large_image\" \/>\n<meta name=\"twitter:site\" content=\"@svetslik\" \/>\n<meta name=\"twitter:label1\" content=\"Verf\u00fcgbarkeit\" \/>\n\t<meta name=\"twitter:data1\" content=\"bei Nachbestellung\" \/>\n<script type=\"application\/ld+json\" class=\"yoast-schema-graph\">{\"@context\":\"https:\/\/schema.org\",\"@graph\":[{\"@type\":[\"WebPage\",\"ItemPage\"],\"@id\":\"https:\/\/svetslik.si\/de\/edgar-degas-de\/woman-combing-her-hair\/\",\"url\":\"https:\/\/svetslik.si\/de\/edgar-degas-de\/woman-combing-her-hair\/\",\"name\":\"Edgar Degas - Woman Combing Her Hair - SVETSLIK.SI - 100% handgemalt\",\"isPartOf\":{\"@id\":\"https:\/\/svetslik.si\/de\/#website\"},\"primaryImageOfPage\":{\"@id\":\"https:\/\/svetslik.si\/de\/edgar-degas-de\/woman-combing-her-hair\/#primaryimage\"},\"image\":{\"@id\":\"https:\/\/svetslik.si\/de\/edgar-degas-de\/woman-combing-her-hair\/#primaryimage\"},\"thumbnailUrl\":\"https:\/\/svetslik.si\/wp-content\/uploads\/2021\/08\/image_Woman-Combing-Her-Hair-Degas_680.jpg\",\"datePublished\":\"2021-09-02T16:19:43+00:00\",\"dateModified\":\"2026-03-22T19:46:53+00:00\",\"description\":\"Edgar Degas - Woman Combing Her Hair - 100% handgemalte Gem\u00e4lde - Verkauf von Reproduktionen ber\u00fchmter Gem\u00e4lde und abstrakter Kunst - Wandbilder f\u00fcr das Wohnzimmer\",\"breadcrumb\":{\"@id\":\"https:\/\/svetslik.si\/de\/edgar-degas-de\/woman-combing-her-hair\/#breadcrumb\"},\"inLanguage\":\"de\",\"potentialAction\":[{\"@type\":\"ReadAction\",\"target\":[\"https:\/\/svetslik.si\/de\/edgar-degas-de\/woman-combing-her-hair\/\"]}]},{\"@type\":\"ImageObject\",\"inLanguage\":\"de\",\"@id\":\"https:\/\/svetslik.si\/de\/edgar-degas-de\/woman-combing-her-hair\/#primaryimage\",\"url\":\"https:\/\/svetslik.si\/wp-content\/uploads\/2021\/08\/image_Woman-Combing-Her-Hair-Degas_680.jpg\",\"contentUrl\":\"https:\/\/svetslik.si\/wp-content\/uploads\/2021\/08\/image_Woman-Combing-Her-Hair-Degas_680.jpg\",\"width\":1463,\"height\":2048,\"caption\":\"Edgar Degas - Woman Combing Her Hair (Frau k\u00e4mmt ihr Haar), Gem\u00e4lde, Leinwandbilder - 100% handgemalte, Reproduktionen ber\u00fchmter Gem\u00e4lde, Gem\u00e4lde kaufen, Wandbilder Wohnzimmer, ber\u00fchmtes Gem\u00e4lde, \u00d6lgem\u00e4lde, Bilderrahmen\"},{\"@type\":\"BreadcrumbList\",\"@id\":\"https:\/\/svetslik.si\/de\/edgar-degas-de\/woman-combing-her-hair\/#breadcrumb\",\"itemListElement\":[{\"@type\":\"ListItem\",\"position\":1,\"name\":\"Wandkunst und Gem\u00e4lde auf Leinwand\",\"item\":\"https:\/\/svetslik.si\/de\/\"},{\"@type\":\"ListItem\",\"position\":2,\"name\":\"Verkauf von Gem\u00e4lden\",\"item\":\"https:\/\/svetslik.si\/prodaja-slik\/\"},{\"@type\":\"ListItem\",\"position\":3,\"name\":\"Edgar Degas &#8211; Woman Combing Her Hair\"}]},{\"@type\":\"WebSite\",\"@id\":\"https:\/\/svetslik.si\/de\/#website\",\"url\":\"https:\/\/svetslik.si\/de\/\",\"name\":\"SVETSLIK.SI\",\"description\":\"100% handgemalte Reproduktionen von Gem\u00e4lden ber\u00fchmter Maler und Gem\u00e4lde auf Leinwand.\",\"publisher\":{\"@id\":\"https:\/\/svetslik.si\/de\/#organization\"},\"potentialAction\":[{\"@type\":\"SearchAction\",\"target\":{\"@type\":\"EntryPoint\",\"urlTemplate\":\"https:\/\/svetslik.si\/de\/?s={search_term_string}\"},\"query-input\":{\"@type\":\"PropertyValueSpecification\",\"valueRequired\":true,\"valueName\":\"search_term_string\"}}],\"inLanguage\":\"de\"},{\"@type\":\"Organization\",\"@id\":\"https:\/\/svetslik.si\/de\/#organization\",\"name\":\"SvetSlik.si\",\"url\":\"https:\/\/svetslik.si\/de\/\",\"logo\":{\"@type\":\"ImageObject\",\"inLanguage\":\"de\",\"@id\":\"https:\/\/svetslik.si\/de\/#\/schema\/logo\/image\/\",\"url\":\"https:\/\/svetslik.si\/wp-content\/uploads\/2020\/12\/logo-512.png\",\"contentUrl\":\"https:\/\/svetslik.si\/wp-content\/uploads\/2020\/12\/logo-512.png\",\"width\":512,\"height\":512,\"caption\":\"SvetSlik.si\"},\"image\":{\"@id\":\"https:\/\/svetslik.si\/de\/#\/schema\/logo\/image\/\"},\"sameAs\":[\"https:\/\/www.facebook.com\/svetslik.si\",\"https:\/\/x.com\/svetslik\",\"https:\/\/www.instagram.com\/svetslik.si\/\",\"https:\/\/www.linkedin.com\/company\/svetslik-si\"]}]}<\/script>\n<meta property=\"og:availability\" content=\"backorder\" \/>\n<meta property=\"product:availability\" content=\"available for order\" \/>\n<meta property=\"product:retailer_item_id\" content=\"524__\" \/>\n<meta property=\"product:condition\" content=\"new\" \/>\n<!-- \/ Yoast SEO Premium plugin. -->","yoast_head_json":{"title":"Edgar Degas - Woman Combing Her Hair - SVETSLIK.SI - 100% handgemalt","description":"Edgar Degas - Woman Combing Her Hair - 100% handgemalte Gem\u00e4lde - Verkauf von Reproduktionen ber\u00fchmter Gem\u00e4lde und abstrakter Kunst - Wandbilder f\u00fcr das Wohnzimmer","robots":{"index":"index","follow":"follow","max-snippet":"max-snippet:-1","max-image-preview":"max-image-preview:large","max-video-preview":"max-video-preview:-1"},"canonical":"https:\/\/svetslik.si\/de\/edgar-degas-de\/woman-combing-her-hair\/","og_locale":"de_DE","og_type":"article","og_title":"Edgar Degas - Woman Combing Her Hair","og_description":"100% ro\u010dno naslikane slike na platnu, reprodukcije znanih slikarjev in umetni\u0161ke slike po naro\u010dilu.","og_url":"https:\/\/svetslik.si\/de\/edgar-degas-de\/woman-combing-her-hair\/","og_site_name":"SVETSLIK.SI","article_publisher":"https:\/\/www.facebook.com\/svetslik.si","article_modified_time":"2026-03-22T19:46:53+00:00","og_image":[{"width":1463,"height":2048,"url":"https:\/\/svetslik.si\/wp-content\/uploads\/2021\/08\/image_Woman-Combing-Her-Hair-Degas_680.jpg","type":"image\/jpeg"}],"twitter_card":"summary_large_image","twitter_site":"@svetslik","twitter_misc":{"Verf\u00fcgbarkeit":"bei Nachbestellung"},"schema":{"@context":"https:\/\/schema.org","@graph":[{"@type":["WebPage","ItemPage"],"@id":"https:\/\/svetslik.si\/de\/edgar-degas-de\/woman-combing-her-hair\/","url":"https:\/\/svetslik.si\/de\/edgar-degas-de\/woman-combing-her-hair\/","name":"Edgar Degas - Woman Combing Her Hair - SVETSLIK.SI - 100% handgemalt","isPartOf":{"@id":"https:\/\/svetslik.si\/de\/#website"},"primaryImageOfPage":{"@id":"https:\/\/svetslik.si\/de\/edgar-degas-de\/woman-combing-her-hair\/#primaryimage"},"image":{"@id":"https:\/\/svetslik.si\/de\/edgar-degas-de\/woman-combing-her-hair\/#primaryimage"},"thumbnailUrl":"https:\/\/svetslik.si\/wp-content\/uploads\/2021\/08\/image_Woman-Combing-Her-Hair-Degas_680.jpg","datePublished":"2021-09-02T16:19:43+00:00","dateModified":"2026-03-22T19:46:53+00:00","description":"Edgar Degas - Woman Combing Her Hair - 100% handgemalte Gem\u00e4lde - Verkauf von Reproduktionen ber\u00fchmter Gem\u00e4lde und abstrakter Kunst - Wandbilder f\u00fcr das Wohnzimmer","breadcrumb":{"@id":"https:\/\/svetslik.si\/de\/edgar-degas-de\/woman-combing-her-hair\/#breadcrumb"},"inLanguage":"de","potentialAction":[{"@type":"ReadAction","target":["https:\/\/svetslik.si\/de\/edgar-degas-de\/woman-combing-her-hair\/"]}]},{"@type":"ImageObject","inLanguage":"de","@id":"https:\/\/svetslik.si\/de\/edgar-degas-de\/woman-combing-her-hair\/#primaryimage","url":"https:\/\/svetslik.si\/wp-content\/uploads\/2021\/08\/image_Woman-Combing-Her-Hair-Degas_680.jpg","contentUrl":"https:\/\/svetslik.si\/wp-content\/uploads\/2021\/08\/image_Woman-Combing-Her-Hair-Degas_680.jpg","width":1463,"height":2048,"caption":"Edgar Degas - Woman Combing Her Hair (Frau k\u00e4mmt ihr Haar), Gem\u00e4lde, Leinwandbilder - 100% handgemalte, Reproduktionen ber\u00fchmter Gem\u00e4lde, Gem\u00e4lde kaufen, Wandbilder Wohnzimmer, ber\u00fchmtes Gem\u00e4lde, \u00d6lgem\u00e4lde, Bilderrahmen"},{"@type":"BreadcrumbList","@id":"https:\/\/svetslik.si\/de\/edgar-degas-de\/woman-combing-her-hair\/#breadcrumb","itemListElement":[{"@type":"ListItem","position":1,"name":"Wandkunst und Gem\u00e4lde auf Leinwand","item":"https:\/\/svetslik.si\/de\/"},{"@type":"ListItem","position":2,"name":"Verkauf von Gem\u00e4lden","item":"https:\/\/svetslik.si\/prodaja-slik\/"},{"@type":"ListItem","position":3,"name":"Edgar Degas &#8211; Woman Combing Her Hair"}]},{"@type":"WebSite","@id":"https:\/\/svetslik.si\/de\/#website","url":"https:\/\/svetslik.si\/de\/","name":"SVETSLIK.SI","description":"100% handgemalte Reproduktionen von Gem\u00e4lden ber\u00fchmter Maler und Gem\u00e4lde auf Leinwand.","publisher":{"@id":"https:\/\/svetslik.si\/de\/#organization"},"potentialAction":[{"@type":"SearchAction","target":{"@type":"EntryPoint","urlTemplate":"https:\/\/svetslik.si\/de\/?s={search_term_string}"},"query-input":{"@type":"PropertyValueSpecification","valueRequired":true,"valueName":"search_term_string"}}],"inLanguage":"de"},{"@type":"Organization","@id":"https:\/\/svetslik.si\/de\/#organization","name":"SvetSlik.si","url":"https:\/\/svetslik.si\/de\/","logo":{"@type":"ImageObject","inLanguage":"de","@id":"https:\/\/svetslik.si\/de\/#\/schema\/logo\/image\/","url":"https:\/\/svetslik.si\/wp-content\/uploads\/2020\/12\/logo-512.png","contentUrl":"https:\/\/svetslik.si\/wp-content\/uploads\/2020\/12\/logo-512.png","width":512,"height":512,"caption":"SvetSlik.si"},"image":{"@id":"https:\/\/svetslik.si\/de\/#\/schema\/logo\/image\/"},"sameAs":["https:\/\/www.facebook.com\/svetslik.si","https:\/\/x.com\/svetslik","https:\/\/www.instagram.com\/svetslik.si\/","https:\/\/www.linkedin.com\/company\/svetslik-si"]}]},"og_availability":"backorder","product_availability":"available for order","product_retailer_item_id":"524__","product_condition":"new"},"jetpack_sharing_enabled":true,"_links":{"self":[{"href":"https:\/\/svetslik.si\/de\/wp-json\/wp\/v2\/product\/69620","targetHints":{"allow":["GET"]}}],"collection":[{"href":"https:\/\/svetslik.si\/de\/wp-json\/wp\/v2\/product"}],"about":[{"href":"https:\/\/svetslik.si\/de\/wp-json\/wp\/v2\/types\/product"}],"wp:featuredmedia":[{"embeddable":true,"href":"https:\/\/svetslik.si\/de\/wp-json\/wp\/v2\/media\/63289"}],"wp:attachment":[{"href":"https:\/\/svetslik.si\/de\/wp-json\/wp\/v2\/media?parent=69620"}],"wp:term":[{"taxonomy":"product_brand","embeddable":true,"href":"https:\/\/svetslik.si\/de\/wp-json\/wp\/v2\/product_brand?post=69620"},{"taxonomy":"product_cat","embeddable":true,"href":"https:\/\/svetslik.si\/de\/wp-json\/wp\/v2\/product_cat?post=69620"},{"taxonomy":"product_tag","embeddable":true,"href":"https:\/\/svetslik.si\/de\/wp-json\/wp\/v2\/product_tag?post=69620"}],"curies":[{"name":"wp","href":"https:\/\/api.w.org\/{rel}","templated":true}]}}