{"id":69763,"date":"2021-09-02T18:22:20","date_gmt":"2021-09-02T16:22:20","guid":{"rendered":"https:\/\/svetslik.si\/unkategorisiert\/water-lilies\/"},"modified":"2026-03-22T20:48:55","modified_gmt":"2026-03-22T19:48:55","slug":"water-lilies","status":"publish","type":"product","link":"https:\/\/svetslik.si\/de\/claude-monet-de\/water-lilies\/","title":{"rendered":"Claude Monet &#8211; Water Lilies"},"content":{"rendered":"<div class=\"wpb-content-wrapper\">[vc_row][vc_column][vc_column_text]\n<h1>Claude Monet \u2013 Seerosen<\/h1>\n<p>&nbsp;<\/p>\n<table style=\"width: 632px\" border=\"0\" width=\"632\" cellpadding=\"0\">\n<tbody>\n<tr>\n<td style=\"width: 180px;height: 21px\" height=\"21\">Erstellungsjahr:<\/td>\n<td style=\"width: 452px\">1906<\/td>\n<\/tr>\n<tr>\n<td style=\"width: 180px;height: 21px\" height=\"21\">Originalgr\u00f6\u00dfe:<\/td>\n<td style=\"width: 452px\">92,7 cm x 87,6 cm<\/td>\n<\/tr>\n<tr>\n<td style=\"width: 180px;height: 21px\" height=\"21\">Lackstil:<\/td>\n<td style=\"width: 452px\">Impressionismus<\/td>\n<\/tr>\n<tr>\n<td style=\"width: 180px;height: 21px\" height=\"21\">Originaltechnik:<\/td>\n<td>\u00d6l auf Leinwand<\/td>\n<\/tr>\n<tr>\n<td style=\"width: 180px;height: 21px\" height=\"21\">Standort:<\/td>\n<td style=\"width: 452px\">Art Institute of Chicago, USA<\/td>\n<\/tr>\n<\/tbody>\n<colgroup>\n<col \/>\n<col \/> <\/colgroup>\n<\/table>\n<p>Die Serie \u00d6l auf Leinwand umfasst etwa 250 Gem\u00e4lde mit dem Motiv Seerosen. Auf den Gem\u00e4lden stellte der Maler seinen Rosengarten in Giverny dar, und Seerosen waren in den letzten drei\u00dfig Jahren seines Lebens das Hauptmotiv von Monets Gem\u00e4lden. Es gibt etwa 250 Gem\u00e4lde in der Seerosenmotiv-\u00d6l-auf-Leinwand-Serie.[\/vc_column_text][\/vc_column][\/vc_row][vc_row css=&#8221;.vc_custom_1668073727134{margin-bottom: 10px !important;padding-top: 5px !important ; }&#8221;][vc_column]\t<div class=\"et-image-479 et-image     et_image_link\">\n\t\t<div class=\"et-image-inner \">\n\t\t\t\t\t\t\t<div class=\"et-image-thumb \">\n\t\t\t\t\t<img decoding=\"async\" width=\"2400\" height=\"2252\" src=\"https:\/\/svetslik.si\/wp-content\/uploads\/2021\/09\/Claude-Monet-Water-Lilies-1.jpg\" class=\"attachment-full\" alt=\"Claude Monet - Seerosen (Water Lilies) - Gem\u00e4lde, Leinwandbilder\" title=\"Claude Monet - Seerosen (Water Lilies) - Gem\u00e4lde, Leinwandbilder\" srcset=\"https:\/\/svetslik.si\/wp-content\/uploads\/2021\/09\/Claude-Monet-Water-Lilies-1.jpg 2400w, https:\/\/svetslik.si\/wp-content\/uploads\/2021\/09\/Claude-Monet-Water-Lilies-1-600x563.jpg 600w, https:\/\/svetslik.si\/wp-content\/uploads\/2021\/09\/Claude-Monet-Water-Lilies-1-1200x1126.jpg 1200w, https:\/\/svetslik.si\/wp-content\/uploads\/2021\/09\/Claude-Monet-Water-Lilies-1-300x282.jpg 300w, https:\/\/svetslik.si\/wp-content\/uploads\/2021\/09\/Claude-Monet-Water-Lilies-1-1024x961.jpg 1024w, https:\/\/svetslik.si\/wp-content\/uploads\/2021\/09\/Claude-Monet-Water-Lilies-1-768x721.jpg 768w, https:\/\/svetslik.si\/wp-content\/uploads\/2021\/09\/Claude-Monet-Water-Lilies-1-1536x1441.jpg 1536w, https:\/\/svetslik.si\/wp-content\/uploads\/2021\/09\/Claude-Monet-Water-Lilies-1-2048x1922.jpg 2048w, https:\/\/svetslik.si\/wp-content\/uploads\/2021\/09\/Claude-Monet-Water-Lilies-1-13x12.jpg 13w, https:\/\/svetslik.si\/wp-content\/uploads\/2021\/09\/Claude-Monet-Water-Lilies-1-150x141.jpg 150w, https:\/\/svetslik.si\/wp-content\/uploads\/2021\/09\/Claude-Monet-Water-Lilies-1-1320x1239.jpg 1320w\" sizes=\"(max-width: 2400px) 100vw, 2400px\" \/>\t\t\t\t<\/div>\n\t\t\t\t\t\t\t\t\t\t\t<\/div>\n\t<\/div>\n  [\/vc_column][\/vc_row][vc_row css=&#8221;.vc_custom_1668073736203{margin-bottom: 10px !padding-top: wichtig; : 5px !important;}&#8221;][vc_column]\t<div class=\"et-image-367 et-image     et_image_link\">\n\t\t<div class=\"et-image-inner \">\n\t\t\t\t\t\t\t<div class=\"et-image-thumb \">\n\t\t\t\t\t<img decoding=\"async\" width=\"2112\" height=\"2252\" src=\"https:\/\/svetslik.si\/wp-content\/uploads\/2021\/09\/Claude-Monet-\u2013-Water-Lilies-2.jpg\" class=\"attachment-full\" alt=\"Claude Monet - Seerosen (Water Lilies) - Gem\u00e4lde, Leinwandbilder\" title=\"Claude Monet - Seerosen (Water Lilies) - Gem\u00e4lde, Leinwandbilder\" srcset=\"https:\/\/svetslik.si\/wp-content\/uploads\/2021\/09\/Claude-Monet-\u2013-Water-Lilies-2.jpg 2112w, https:\/\/svetslik.si\/wp-content\/uploads\/2021\/09\/Claude-Monet-\u2013-Water-Lilies-2-600x640.jpg 600w, https:\/\/svetslik.si\/wp-content\/uploads\/2021\/09\/Claude-Monet-\u2013-Water-Lilies-2-1200x1280.jpg 1200w, https:\/\/svetslik.si\/wp-content\/uploads\/2021\/09\/Claude-Monet-\u2013-Water-Lilies-2-281x300.jpg 281w, https:\/\/svetslik.si\/wp-content\/uploads\/2021\/09\/Claude-Monet-\u2013-Water-Lilies-2-960x1024.jpg 960w, https:\/\/svetslik.si\/wp-content\/uploads\/2021\/09\/Claude-Monet-\u2013-Water-Lilies-2-768x819.jpg 768w, https:\/\/svetslik.si\/wp-content\/uploads\/2021\/09\/Claude-Monet-\u2013-Water-Lilies-2-1441x1536.jpg 1441w, https:\/\/svetslik.si\/wp-content\/uploads\/2021\/09\/Claude-Monet-\u2013-Water-Lilies-2-1921x2048.jpg 1921w, https:\/\/svetslik.si\/wp-content\/uploads\/2021\/09\/Claude-Monet-\u2013-Water-Lilies-2-11x12.jpg 11w, https:\/\/svetslik.si\/wp-content\/uploads\/2021\/09\/Claude-Monet-\u2013-Water-Lilies-2-141x150.jpg 141w, https:\/\/svetslik.si\/wp-content\/uploads\/2021\/09\/Claude-Monet-\u2013-Water-Lilies-2-1320x1408.jpg 1320w\" sizes=\"(max-width: 2112px) 100vw, 2112px\" \/>\t\t\t\t<\/div>\n\t\t\t\t\t\t\t\t\t\t\t<\/div>\n\t<\/div>\n  [\/vc_column][\/vc_row][vc_row css=&#8221;.vc_custom_1668073781357{margin-bottom: 10px ! important;padding-top: 5px !important;}&#8221;][vc_column]\t<div class=\"et-image-148 et-image     et_image_link\">\n\t\t<div class=\"et-image-inner \">\n\t\t\t\t\t\t\t<div class=\"et-image-thumb \">\n\t\t\t\t\t<img decoding=\"async\" width=\"2024\" height=\"2252\" src=\"https:\/\/svetslik.si\/wp-content\/uploads\/2021\/09\/Claude-Monet-\u2013-Water-Lilies-3.jpg\" class=\"attachment-full\" alt=\"Claude Monet - Seerosen (Water Lilies) - Gem\u00e4lde, Leinwandbilder\" title=\"Claude Monet - Seerosen (Water Lilies) - Gem\u00e4lde, Leinwandbilder\" srcset=\"https:\/\/svetslik.si\/wp-content\/uploads\/2021\/09\/Claude-Monet-\u2013-Water-Lilies-3.jpg 2024w, https:\/\/svetslik.si\/wp-content\/uploads\/2021\/09\/Claude-Monet-\u2013-Water-Lilies-3-600x668.jpg 600w, https:\/\/svetslik.si\/wp-content\/uploads\/2021\/09\/Claude-Monet-\u2013-Water-Lilies-3-1200x1335.jpg 1200w, https:\/\/svetslik.si\/wp-content\/uploads\/2021\/09\/Claude-Monet-\u2013-Water-Lilies-3-270x300.jpg 270w, https:\/\/svetslik.si\/wp-content\/uploads\/2021\/09\/Claude-Monet-\u2013-Water-Lilies-3-920x1024.jpg 920w, https:\/\/svetslik.si\/wp-content\/uploads\/2021\/09\/Claude-Monet-\u2013-Water-Lilies-3-768x855.jpg 768w, https:\/\/svetslik.si\/wp-content\/uploads\/2021\/09\/Claude-Monet-\u2013-Water-Lilies-3-1380x1536.jpg 1380w, https:\/\/svetslik.si\/wp-content\/uploads\/2021\/09\/Claude-Monet-\u2013-Water-Lilies-3-1841x2048.jpg 1841w, https:\/\/svetslik.si\/wp-content\/uploads\/2021\/09\/Claude-Monet-\u2013-Water-Lilies-3-11x12.jpg 11w, https:\/\/svetslik.si\/wp-content\/uploads\/2021\/09\/Claude-Monet-\u2013-Water-Lilies-3-135x150.jpg 135w, https:\/\/svetslik.si\/wp-content\/uploads\/2021\/09\/Claude-Monet-\u2013-Water-Lilies-3-1320x1469.jpg 1320w\" sizes=\"(max-width: 2024px) 100vw, 2024px\" \/>\t\t\t\t<\/div>\n\t\t\t\t\t\t\t\t\t\t\t<\/div>\n\t<\/div>\n  [\/vc_column][\/vc_row][vc_row css=&#8221;.vc_custom_1668073781357 {margin -bottom: 10px !important;padding-top: 5px !important;}&#8221;][vc_column]\t<div class=\"et-image-887 et-image     et_image_link\">\n\t\t<div class=\"et-image-inner \">\n\t\t\t\t\t\t\t<div class=\"et-image-thumb \">\n\t\t\t\t\t<img decoding=\"async\" width=\"2560\" height=\"1441\" src=\"https:\/\/svetslik.si\/wp-content\/uploads\/2021\/09\/Claude-Monet-\u2013-Water-Lilies-4-scaled.jpg\" class=\"attachment-full\" alt=\"Claude Monet - Seerosen (Water Lilies) - Gem\u00e4lde, Leinwandbilder\" title=\"Claude Monet - Seerosen (Water Lilies) - Gem\u00e4lde, Leinwandbilder\" srcset=\"https:\/\/svetslik.si\/wp-content\/uploads\/2021\/09\/Claude-Monet-\u2013-Water-Lilies-4-scaled.jpg 2560w, https:\/\/svetslik.si\/wp-content\/uploads\/2021\/09\/Claude-Monet-\u2013-Water-Lilies-4-scaled-600x338.jpg 600w, https:\/\/svetslik.si\/wp-content\/uploads\/2021\/09\/Claude-Monet-\u2013-Water-Lilies-4-scaled-1200x675.jpg 1200w, https:\/\/svetslik.si\/wp-content\/uploads\/2021\/09\/Claude-Monet-\u2013-Water-Lilies-4-300x169.jpg 300w, https:\/\/svetslik.si\/wp-content\/uploads\/2021\/09\/Claude-Monet-\u2013-Water-Lilies-4-1024x577.jpg 1024w, https:\/\/svetslik.si\/wp-content\/uploads\/2021\/09\/Claude-Monet-\u2013-Water-Lilies-4-768x432.jpg 768w, https:\/\/svetslik.si\/wp-content\/uploads\/2021\/09\/Claude-Monet-\u2013-Water-Lilies-4-1536x865.jpg 1536w, https:\/\/svetslik.si\/wp-content\/uploads\/2021\/09\/Claude-Monet-\u2013-Water-Lilies-4-2048x1153.jpg 2048w, https:\/\/svetslik.si\/wp-content\/uploads\/2021\/09\/Claude-Monet-\u2013-Water-Lilies-4-18x10.jpg 18w, https:\/\/svetslik.si\/wp-content\/uploads\/2021\/09\/Claude-Monet-\u2013-Water-Lilies-4-150x84.jpg 150w, https:\/\/svetslik.si\/wp-content\/uploads\/2021\/09\/Claude-Monet-\u2013-Water-Lilies-4-1320x743.jpg 1320w\" sizes=\"(max-width: 2560px) 100vw, 2560px\" \/>\t\t\t\t<\/div>\n\t\t\t\t\t\t\t\t\t\t\t<\/div>\n\t<\/div>\n  [\/vc_column][\/vc_row][vc_row css= &#8220;.vc_custom_1668073781357{margin-bottom: 10px !important;padding-top: 5px !important;}&#8221;][vc_column]\t<div class=\"et-image-679 et-image     et_image_link\">\n\t\t<div class=\"et-image-inner \">\n\t\t\t\t\t\t\t<div class=\"et-image-thumb \">\n\t\t\t\t\t<img decoding=\"async\" width=\"2560\" height=\"1441\" src=\"https:\/\/svetslik.si\/wp-content\/uploads\/2021\/09\/Claude-Monet-\u2013-Water-Lilies-5-scaled.jpg\" class=\"attachment-full\" alt=\"Claude Monet - Water Lilies (Seerosen) - Gem\u00e4lde, Leinwandbilder\" title=\"Claude Monet - Water Lilies (Seerosen) - Gem\u00e4lde, Leinwandbilder\" srcset=\"https:\/\/svetslik.si\/wp-content\/uploads\/2021\/09\/Claude-Monet-\u2013-Water-Lilies-5-scaled.jpg 2560w, https:\/\/svetslik.si\/wp-content\/uploads\/2021\/09\/Claude-Monet-\u2013-Water-Lilies-5-scaled-600x338.jpg 600w, https:\/\/svetslik.si\/wp-content\/uploads\/2021\/09\/Claude-Monet-\u2013-Water-Lilies-5-scaled-1200x675.jpg 1200w, https:\/\/svetslik.si\/wp-content\/uploads\/2021\/09\/Claude-Monet-\u2013-Water-Lilies-5-300x169.jpg 300w, https:\/\/svetslik.si\/wp-content\/uploads\/2021\/09\/Claude-Monet-\u2013-Water-Lilies-5-1024x577.jpg 1024w, https:\/\/svetslik.si\/wp-content\/uploads\/2021\/09\/Claude-Monet-\u2013-Water-Lilies-5-768x432.jpg 768w, https:\/\/svetslik.si\/wp-content\/uploads\/2021\/09\/Claude-Monet-\u2013-Water-Lilies-5-1536x865.jpg 1536w, https:\/\/svetslik.si\/wp-content\/uploads\/2021\/09\/Claude-Monet-\u2013-Water-Lilies-5-2048x1153.jpg 2048w, https:\/\/svetslik.si\/wp-content\/uploads\/2021\/09\/Claude-Monet-\u2013-Water-Lilies-5-18x10.jpg 18w, https:\/\/svetslik.si\/wp-content\/uploads\/2021\/09\/Claude-Monet-\u2013-Water-Lilies-5-150x84.jpg 150w, https:\/\/svetslik.si\/wp-content\/uploads\/2021\/09\/Claude-Monet-\u2013-Water-Lilies-5-1320x743.jpg 1320w\" sizes=\"(max-width: 2560px) 100vw, 2560px\" \/>\t\t\t\t<\/div>\n\t\t\t\t\t\t\t\t\t\t\t<\/div>\n\t<\/div>\n  [\/vc_column][ \/vc_row ][vc_row css=&#8221;.vc_custom_1668073781357{margin-bottom: 10px !important;padding-top: 5px !important;}&#8221;][vc_column]\t<div class=\"et-image-286 et-image     et_image_link\">\n\t\t<div class=\"et-image-inner \">\n\t\t\t\t\t\t\t<div class=\"et-image-thumb \">\n\t\t\t\t\t<img decoding=\"async\" width=\"2560\" height=\"1441\" src=\"https:\/\/svetslik.si\/wp-content\/uploads\/2021\/09\/Claude-Monet-\u2013-Water-Lilies-6-scaled.jpg\" class=\"attachment-full\" alt=\"Claude Monet - Water Lilies (Seerosen) - Gem\u00e4lde, Leinwandbilder\" title=\"Claude Monet - Water Lilies (Seerosen) - Gem\u00e4lde, Leinwandbilder\" srcset=\"https:\/\/svetslik.si\/wp-content\/uploads\/2021\/09\/Claude-Monet-\u2013-Water-Lilies-6-scaled.jpg 2560w, https:\/\/svetslik.si\/wp-content\/uploads\/2021\/09\/Claude-Monet-\u2013-Water-Lilies-6-scaled-600x338.jpg 600w, https:\/\/svetslik.si\/wp-content\/uploads\/2021\/09\/Claude-Monet-\u2013-Water-Lilies-6-scaled-1200x675.jpg 1200w, https:\/\/svetslik.si\/wp-content\/uploads\/2021\/09\/Claude-Monet-\u2013-Water-Lilies-6-300x169.jpg 300w, https:\/\/svetslik.si\/wp-content\/uploads\/2021\/09\/Claude-Monet-\u2013-Water-Lilies-6-1024x577.jpg 1024w, https:\/\/svetslik.si\/wp-content\/uploads\/2021\/09\/Claude-Monet-\u2013-Water-Lilies-6-768x432.jpg 768w, https:\/\/svetslik.si\/wp-content\/uploads\/2021\/09\/Claude-Monet-\u2013-Water-Lilies-6-1536x865.jpg 1536w, https:\/\/svetslik.si\/wp-content\/uploads\/2021\/09\/Claude-Monet-\u2013-Water-Lilies-6-2048x1153.jpg 2048w, https:\/\/svetslik.si\/wp-content\/uploads\/2021\/09\/Claude-Monet-\u2013-Water-Lilies-6-18x10.jpg 18w, https:\/\/svetslik.si\/wp-content\/uploads\/2021\/09\/Claude-Monet-\u2013-Water-Lilies-6-150x84.jpg 150w, https:\/\/svetslik.si\/wp-content\/uploads\/2021\/09\/Claude-Monet-\u2013-Water-Lilies-6-1320x743.jpg 1320w\" sizes=\"(max-width: 2560px) 100vw, 2560px\" \/>\t\t\t\t<\/div>\n\t\t\t\t\t\t\t\t\t\t\t<\/div>\n\t<\/div>\n   [\/vc_column][\/vc_row]\n<\/div>","protected":false},"excerpt":{"rendered":"<p>[vc_row][vc_column][vc_column_text] Claude Monet \u2013 Seerosen &nbsp; Erstellungsjahr: 1906 Originalgr\u00f6\u00dfe: 92,7 cm x 87,6 cm Lackstil: Impressionismus Originaltechnik: \u00d6l auf Leinwand Standort: Art Institute of Chicago, USA Die Serie \u00d6l auf Leinwand umfasst etwa 250 Gem\u00e4lde mit dem Motiv Seerosen. Auf den Gem\u00e4lden stellte der Maler seinen Rosengarten in Giverny dar, [&hellip;]<\/p>\n","protected":false},"featured_media":64349,"template":"","meta":{"_acf_changed":false},"product_brand":[],"product_cat":[8456],"product_tag":[8521,8501,8513,8514],"class_list":{"0":"post-69763","1":"product","2":"type-product","3":"status-publish","4":"has-post-thumbnail","6":"product_cat-claude-monet-de","7":"product_tag-maler","8":"product_tag-monet-de","9":"product_tag-reproduktion","10":"product_tag-reproduktionen","11":"pa_dimenzija-110-x-100-cm","12":"pa_dimenzija-130-x-120-cm","13":"pa_dimenzija-150-x-140-cm","14":"pa_dimenzija-50-x-50-cm","15":"pa_dimenzija-60-x-60-cm","16":"pa_dimenzija-70-x-70-cm","17":"pa_dimenzija-80-x-80-cm","18":"pa_dimenzija-93-x-88-cm","19":"pa_oblika-horizontal-de","20":"pa_okvir-ohne-rahmen","21":"pa_podokvir-ja","22":"pa_podokvir-nein","24":"first","25":"onbackorder","26":"purchasable","27":"product-type-variable","28":"has-default-attributes"},"acf":[],"yoast_head":"<!-- This site is optimized with the Yoast SEO Premium plugin v26.0 (Yoast SEO v27.2) - https:\/\/yoast.com\/product\/yoast-seo-premium-wordpress\/ -->\n<title>Claude Monet - Water Lilies - SVETSLIK.SI - 100% handgemalt<\/title>\n<meta name=\"description\" content=\"Claude Monet - Water Lilies - 100% handgemalte Gem\u00e4lde - Verkauf von Reproduktionen ber\u00fchmter Gem\u00e4lde und abstrakter Kunst - Wandbilder f\u00fcr das Wohnzimmer\" \/>\n<meta name=\"robots\" content=\"index, follow, max-snippet:-1, max-image-preview:large, max-video-preview:-1\" \/>\n<link rel=\"canonical\" href=\"https:\/\/svetslik.si\/de\/claude-monet-de\/water-lilies\/\" \/>\n<meta property=\"og:locale\" content=\"de_DE\" \/>\n<meta property=\"og:type\" content=\"article\" \/>\n<meta property=\"og:title\" content=\"Claude Monet - Water Lilies\" \/>\n<meta property=\"og:description\" content=\"100% ro\u010dno naslikane slike na platnu, reprodukcije znanih slikarjev in umetni\u0161ke slike po naro\u010dilu.\" \/>\n<meta property=\"og:url\" content=\"https:\/\/svetslik.si\/de\/claude-monet-de\/water-lilies\/\" \/>\n<meta property=\"og:site_name\" content=\"SVETSLIK.SI\" \/>\n<meta property=\"article:publisher\" content=\"https:\/\/www.facebook.com\/svetslik.si\" \/>\n<meta property=\"article:modified_time\" content=\"2026-03-22T19:48:55+00:00\" \/>\n<meta property=\"og:image\" content=\"https:\/\/svetslik.si\/wp-content\/uploads\/2021\/08\/image_Water-Lilies-Claude-Monet_680.jpg\" \/>\n\t<meta property=\"og:image:width\" content=\"1280\" \/>\n\t<meta property=\"og:image:height\" content=\"1205\" \/>\n\t<meta property=\"og:image:type\" content=\"image\/jpeg\" \/>\n<meta name=\"twitter:card\" content=\"summary_large_image\" \/>\n<meta name=\"twitter:site\" content=\"@svetslik\" \/>\n<meta name=\"twitter:label1\" content=\"Verf\u00fcgbarkeit\" \/>\n\t<meta name=\"twitter:data1\" content=\"bei Nachbestellung\" \/>\n<script type=\"application\/ld+json\" class=\"yoast-schema-graph\">{\"@context\":\"https:\/\/schema.org\",\"@graph\":[{\"@type\":[\"WebPage\",\"ItemPage\"],\"@id\":\"https:\/\/svetslik.si\/de\/claude-monet-de\/water-lilies\/\",\"url\":\"https:\/\/svetslik.si\/de\/claude-monet-de\/water-lilies\/\",\"name\":\"Claude Monet - Water Lilies - SVETSLIK.SI - 100% handgemalt\",\"isPartOf\":{\"@id\":\"https:\/\/svetslik.si\/de\/#website\"},\"primaryImageOfPage\":{\"@id\":\"https:\/\/svetslik.si\/de\/claude-monet-de\/water-lilies\/#primaryimage\"},\"image\":{\"@id\":\"https:\/\/svetslik.si\/de\/claude-monet-de\/water-lilies\/#primaryimage\"},\"thumbnailUrl\":\"https:\/\/svetslik.si\/wp-content\/uploads\/2021\/08\/image_Water-Lilies-Claude-Monet_680.jpg\",\"datePublished\":\"2021-09-02T16:22:20+00:00\",\"dateModified\":\"2026-03-22T19:48:55+00:00\",\"description\":\"Claude Monet - Water Lilies - 100% handgemalte Gem\u00e4lde - Verkauf von Reproduktionen ber\u00fchmter Gem\u00e4lde und abstrakter Kunst - Wandbilder f\u00fcr das Wohnzimmer\",\"breadcrumb\":{\"@id\":\"https:\/\/svetslik.si\/de\/claude-monet-de\/water-lilies\/#breadcrumb\"},\"inLanguage\":\"de\",\"potentialAction\":[{\"@type\":\"ReadAction\",\"target\":[\"https:\/\/svetslik.si\/de\/claude-monet-de\/water-lilies\/\"]}]},{\"@type\":\"ImageObject\",\"inLanguage\":\"de\",\"@id\":\"https:\/\/svetslik.si\/de\/claude-monet-de\/water-lilies\/#primaryimage\",\"url\":\"https:\/\/svetslik.si\/wp-content\/uploads\/2021\/08\/image_Water-Lilies-Claude-Monet_680.jpg\",\"contentUrl\":\"https:\/\/svetslik.si\/wp-content\/uploads\/2021\/08\/image_Water-Lilies-Claude-Monet_680.jpg\",\"width\":1280,\"height\":1205,\"caption\":\"Claude Monet - Water Lilies (Seerosen) - Gem\u00e4lde, Impressionismus, Serie von Bildern, die Seerosen darstellen - 100% handgemalte, Reproduktionen ber\u00fchmter Gem\u00e4lde, gem\u00e4lde kaufen, wandbilder wohnzimmer, ber\u00fchmtes gem\u00e4lde, \u00f6lgem\u00e4lde, bilderrahmen\"},{\"@type\":\"BreadcrumbList\",\"@id\":\"https:\/\/svetslik.si\/de\/claude-monet-de\/water-lilies\/#breadcrumb\",\"itemListElement\":[{\"@type\":\"ListItem\",\"position\":1,\"name\":\"Wandkunst und Gem\u00e4lde auf Leinwand\",\"item\":\"https:\/\/svetslik.si\/de\/\"},{\"@type\":\"ListItem\",\"position\":2,\"name\":\"Verkauf von Gem\u00e4lden\",\"item\":\"https:\/\/svetslik.si\/prodaja-slik\/\"},{\"@type\":\"ListItem\",\"position\":3,\"name\":\"Claude Monet &#8211; Water Lilies\"}]},{\"@type\":\"WebSite\",\"@id\":\"https:\/\/svetslik.si\/de\/#website\",\"url\":\"https:\/\/svetslik.si\/de\/\",\"name\":\"SVETSLIK.SI\",\"description\":\"100% handgemalte Reproduktionen von Gem\u00e4lden ber\u00fchmter Maler und Gem\u00e4lde auf Leinwand.\",\"publisher\":{\"@id\":\"https:\/\/svetslik.si\/de\/#organization\"},\"potentialAction\":[{\"@type\":\"SearchAction\",\"target\":{\"@type\":\"EntryPoint\",\"urlTemplate\":\"https:\/\/svetslik.si\/de\/?s={search_term_string}\"},\"query-input\":{\"@type\":\"PropertyValueSpecification\",\"valueRequired\":true,\"valueName\":\"search_term_string\"}}],\"inLanguage\":\"de\"},{\"@type\":\"Organization\",\"@id\":\"https:\/\/svetslik.si\/de\/#organization\",\"name\":\"SvetSlik.si\",\"url\":\"https:\/\/svetslik.si\/de\/\",\"logo\":{\"@type\":\"ImageObject\",\"inLanguage\":\"de\",\"@id\":\"https:\/\/svetslik.si\/de\/#\/schema\/logo\/image\/\",\"url\":\"https:\/\/svetslik.si\/wp-content\/uploads\/2020\/12\/logo-512.png\",\"contentUrl\":\"https:\/\/svetslik.si\/wp-content\/uploads\/2020\/12\/logo-512.png\",\"width\":512,\"height\":512,\"caption\":\"SvetSlik.si\"},\"image\":{\"@id\":\"https:\/\/svetslik.si\/de\/#\/schema\/logo\/image\/\"},\"sameAs\":[\"https:\/\/www.facebook.com\/svetslik.si\",\"https:\/\/x.com\/svetslik\",\"https:\/\/www.instagram.com\/svetslik.si\/\",\"https:\/\/www.linkedin.com\/company\/svetslik-si\"]}]}<\/script>\n<meta property=\"og:availability\" content=\"backorder\" \/>\n<meta property=\"product:availability\" content=\"available for order\" \/>\n<meta property=\"product:retailer_item_id\" content=\"546__\" \/>\n<meta property=\"product:condition\" content=\"new\" \/>\n<!-- \/ Yoast SEO Premium plugin. -->","yoast_head_json":{"title":"Claude Monet - Water Lilies - SVETSLIK.SI - 100% handgemalt","description":"Claude Monet - Water Lilies - 100% handgemalte Gem\u00e4lde - Verkauf von Reproduktionen ber\u00fchmter Gem\u00e4lde und abstrakter Kunst - Wandbilder f\u00fcr das Wohnzimmer","robots":{"index":"index","follow":"follow","max-snippet":"max-snippet:-1","max-image-preview":"max-image-preview:large","max-video-preview":"max-video-preview:-1"},"canonical":"https:\/\/svetslik.si\/de\/claude-monet-de\/water-lilies\/","og_locale":"de_DE","og_type":"article","og_title":"Claude Monet - Water Lilies","og_description":"100% ro\u010dno naslikane slike na platnu, reprodukcije znanih slikarjev in umetni\u0161ke slike po naro\u010dilu.","og_url":"https:\/\/svetslik.si\/de\/claude-monet-de\/water-lilies\/","og_site_name":"SVETSLIK.SI","article_publisher":"https:\/\/www.facebook.com\/svetslik.si","article_modified_time":"2026-03-22T19:48:55+00:00","og_image":[{"width":1280,"height":1205,"url":"https:\/\/svetslik.si\/wp-content\/uploads\/2021\/08\/image_Water-Lilies-Claude-Monet_680.jpg","type":"image\/jpeg"}],"twitter_card":"summary_large_image","twitter_site":"@svetslik","twitter_misc":{"Verf\u00fcgbarkeit":"bei Nachbestellung"},"schema":{"@context":"https:\/\/schema.org","@graph":[{"@type":["WebPage","ItemPage"],"@id":"https:\/\/svetslik.si\/de\/claude-monet-de\/water-lilies\/","url":"https:\/\/svetslik.si\/de\/claude-monet-de\/water-lilies\/","name":"Claude Monet - Water Lilies - SVETSLIK.SI - 100% handgemalt","isPartOf":{"@id":"https:\/\/svetslik.si\/de\/#website"},"primaryImageOfPage":{"@id":"https:\/\/svetslik.si\/de\/claude-monet-de\/water-lilies\/#primaryimage"},"image":{"@id":"https:\/\/svetslik.si\/de\/claude-monet-de\/water-lilies\/#primaryimage"},"thumbnailUrl":"https:\/\/svetslik.si\/wp-content\/uploads\/2021\/08\/image_Water-Lilies-Claude-Monet_680.jpg","datePublished":"2021-09-02T16:22:20+00:00","dateModified":"2026-03-22T19:48:55+00:00","description":"Claude Monet - Water Lilies - 100% handgemalte Gem\u00e4lde - Verkauf von Reproduktionen ber\u00fchmter Gem\u00e4lde und abstrakter Kunst - Wandbilder f\u00fcr das Wohnzimmer","breadcrumb":{"@id":"https:\/\/svetslik.si\/de\/claude-monet-de\/water-lilies\/#breadcrumb"},"inLanguage":"de","potentialAction":[{"@type":"ReadAction","target":["https:\/\/svetslik.si\/de\/claude-monet-de\/water-lilies\/"]}]},{"@type":"ImageObject","inLanguage":"de","@id":"https:\/\/svetslik.si\/de\/claude-monet-de\/water-lilies\/#primaryimage","url":"https:\/\/svetslik.si\/wp-content\/uploads\/2021\/08\/image_Water-Lilies-Claude-Monet_680.jpg","contentUrl":"https:\/\/svetslik.si\/wp-content\/uploads\/2021\/08\/image_Water-Lilies-Claude-Monet_680.jpg","width":1280,"height":1205,"caption":"Claude Monet - Water Lilies (Seerosen) - Gem\u00e4lde, Impressionismus, Serie von Bildern, die Seerosen darstellen - 100% handgemalte, Reproduktionen ber\u00fchmter Gem\u00e4lde, gem\u00e4lde kaufen, wandbilder wohnzimmer, ber\u00fchmtes gem\u00e4lde, \u00f6lgem\u00e4lde, bilderrahmen"},{"@type":"BreadcrumbList","@id":"https:\/\/svetslik.si\/de\/claude-monet-de\/water-lilies\/#breadcrumb","itemListElement":[{"@type":"ListItem","position":1,"name":"Wandkunst und Gem\u00e4lde auf Leinwand","item":"https:\/\/svetslik.si\/de\/"},{"@type":"ListItem","position":2,"name":"Verkauf von Gem\u00e4lden","item":"https:\/\/svetslik.si\/prodaja-slik\/"},{"@type":"ListItem","position":3,"name":"Claude Monet &#8211; Water Lilies"}]},{"@type":"WebSite","@id":"https:\/\/svetslik.si\/de\/#website","url":"https:\/\/svetslik.si\/de\/","name":"SVETSLIK.SI","description":"100% handgemalte Reproduktionen von Gem\u00e4lden ber\u00fchmter Maler und Gem\u00e4lde auf Leinwand.","publisher":{"@id":"https:\/\/svetslik.si\/de\/#organization"},"potentialAction":[{"@type":"SearchAction","target":{"@type":"EntryPoint","urlTemplate":"https:\/\/svetslik.si\/de\/?s={search_term_string}"},"query-input":{"@type":"PropertyValueSpecification","valueRequired":true,"valueName":"search_term_string"}}],"inLanguage":"de"},{"@type":"Organization","@id":"https:\/\/svetslik.si\/de\/#organization","name":"SvetSlik.si","url":"https:\/\/svetslik.si\/de\/","logo":{"@type":"ImageObject","inLanguage":"de","@id":"https:\/\/svetslik.si\/de\/#\/schema\/logo\/image\/","url":"https:\/\/svetslik.si\/wp-content\/uploads\/2020\/12\/logo-512.png","contentUrl":"https:\/\/svetslik.si\/wp-content\/uploads\/2020\/12\/logo-512.png","width":512,"height":512,"caption":"SvetSlik.si"},"image":{"@id":"https:\/\/svetslik.si\/de\/#\/schema\/logo\/image\/"},"sameAs":["https:\/\/www.facebook.com\/svetslik.si","https:\/\/x.com\/svetslik","https:\/\/www.instagram.com\/svetslik.si\/","https:\/\/www.linkedin.com\/company\/svetslik-si"]}]},"og_availability":"backorder","product_availability":"available for order","product_retailer_item_id":"546__","product_condition":"new"},"jetpack_sharing_enabled":true,"_links":{"self":[{"href":"https:\/\/svetslik.si\/de\/wp-json\/wp\/v2\/product\/69763","targetHints":{"allow":["GET"]}}],"collection":[{"href":"https:\/\/svetslik.si\/de\/wp-json\/wp\/v2\/product"}],"about":[{"href":"https:\/\/svetslik.si\/de\/wp-json\/wp\/v2\/types\/product"}],"wp:featuredmedia":[{"embeddable":true,"href":"https:\/\/svetslik.si\/de\/wp-json\/wp\/v2\/media\/64349"}],"wp:attachment":[{"href":"https:\/\/svetslik.si\/de\/wp-json\/wp\/v2\/media?parent=69763"}],"wp:term":[{"taxonomy":"product_brand","embeddable":true,"href":"https:\/\/svetslik.si\/de\/wp-json\/wp\/v2\/product_brand?post=69763"},{"taxonomy":"product_cat","embeddable":true,"href":"https:\/\/svetslik.si\/de\/wp-json\/wp\/v2\/product_cat?post=69763"},{"taxonomy":"product_tag","embeddable":true,"href":"https:\/\/svetslik.si\/de\/wp-json\/wp\/v2\/product_tag?post=69763"}],"curies":[{"name":"wp","href":"https:\/\/api.w.org\/{rel}","templated":true}]}}