{"id":69772,"date":"2021-09-02T18:22:20","date_gmt":"2021-09-02T16:22:20","guid":{"rendered":"https:\/\/svetslik.si\/unkategorisiert\/avenue-in-the-park-of-krammer-castle\/"},"modified":"2026-03-22T20:49:43","modified_gmt":"2026-03-22T19:49:43","slug":"avenue-in-the-park-of-krammer-castle","status":"publish","type":"product","link":"https:\/\/svetslik.si\/de\/gustav-klimt-de\/avenue-in-the-park-of-krammer-castle\/","title":{"rendered":"Gustav Klimt &#8211; Avenue in the Park of Krammer Castle"},"content":{"rendered":"<h1>Gustav Klimt &#8211; Allee im Park des Krammer Schlosses<\/h1>\n<p>&nbsp;<\/p>\n<table style=\"width: 497px\" border=\"0\" width=\"497\" cellpadding=\"0\">\n<tbody>\n<tr>\n<td style=\"width: 155px;height: 21px\" height=\"21\">Erstellungsjahr:<\/td>\n<td style=\"width: 343px\">1912<\/td>\n<\/tr>\n<tr>\n<td style=\"width: 155px;height: 21px\" height=\"21\">Originalgr\u00f6\u00dfe:<\/td>\n<td style=\"width: 343px\">110 cm x 110 cm<\/td>\n<\/tr>\n<tr>\n<td style=\"width: 155px;height: 21px\" height=\"21\">Lackstil:<\/td>\n<td style=\"width: 343px\">Sezession<\/td>\n<\/tr>\n<tr>\n<td style=\"width: 155px;height: 21px\" height=\"21\">Originaltechnik:<\/td>\n<td style=\"width: 343px\">\u00d6l auf Leinwand<\/td>\n<\/tr>\n<tr>\n<td style=\"width: 155px;height: 21px\" height=\"21\">Standort:<\/td>\n<td style=\"width: 343px\">Belvedere, Wien<\/td>\n<\/tr>\n<\/tbody>\n<colgroup>\n<col \/>\n<col \/> <\/colgroup>\n<\/table>\n<p>&nbsp;<\/p>\n<div>\u00d6l auf Leinwand <em>Allee im Park des Krammer Schlosses<\/em> geh\u00f6rt zu Klimts sp\u00e4teren Werken, da es nach dem goldenen Abdruck des Malers gemalt wurde. Im Bild ist eine Baumallee zu sehen, die zum Schloss Kammer f\u00fchrt. Dieses \u00d6l auf Leinwand ist f\u00fcr Klimt insofern etwas ungew\u00f6hnlich, als es keine der offensichtlichen Symbole enth\u00e4lt, die sonst in den Gem\u00e4lden des K\u00fcnstlers dominieren. Das Gem\u00e4lde erinnert fast an Van Gogh, ist aber auch postimpressionistischer als die meisten anderen Gem\u00e4lde von Klimt.<\/div>\n<div><\/div>\n<div>\n<p>Gustav Klimts Gem\u00e4lde \u201eGasse im Park des Krammer Schlosses\u201c ist ein Meisterwerk des Jugendstils und eines der weniger bekannten Werke des \u00f6sterreichischen Malers. Das Bild repr\u00e4sentiert die Natur und Harmonie des Universums.<\/p>\n<p>\u201eGasse im Park von Schloss Krammer\u201c ist ein \u00d6lgem\u00e4lde auf Leinwand im Format ca. 100 cm x 100 cm. Es zeigt eine Baumallee mit einem Weg, der zu einer Burg in der Ferne f\u00fchrt, umgeben von einer wundersch\u00f6nen Naturlandschaft. Das Gem\u00e4lde zeichnet sich durch den k\u00fchnen Einsatz von Farben und ein einzigartiges Gef\u00fchl f\u00fcr Bewegung und Emotionen aus. Die B\u00e4ume sind in Gr\u00fcnt\u00f6nen und der Himmel in Blau- und Lilat\u00f6nen bemalt, was dem Bild ein Gef\u00fchl von Tiefe und Bewegung verleiht.<\/p>\n<p>Das Gem\u00e4lde stellt die Natur und ihre Sch\u00f6nheit dar. Die Baumallee und der Weg zum Schloss symbolisieren Harmonie und Ordnung im Universum. Die Tapete mit ihren komplizierten geometrischen Mustern steht f\u00fcr Harmonie und Ordnung im Universum. Das Gem\u00e4lde ruft Gef\u00fchle des Friedens und der Ruhe hervor, die f\u00fcr Klimts Kunst charakteristisch sind.<\/p>\n<p>Klimts Gem\u00e4lde \u201eGasse im Park des Krammer Schlosses\u201c ist trotz seiner geringeren Bekanntheit immer noch ein Meisterwerk des Jugendstils und repr\u00e4sentiert die Sch\u00f6nheit der Natur sowie Harmonie und Ordnung im Universum. Das Gem\u00e4lde ist eine gro\u00dfartige Erg\u00e4nzung f\u00fcr jede Kunstsammlung und eine einzigartige und sch\u00f6ne Darstellung der Sch\u00f6nheit der Natur.<\/p>\n<p>Lassen Sie mich abschlie\u00dfend sagen, dass Gustav Klimts Gem\u00e4lde \u201eGasse im Park des Krammer Schlosses\u201c weniger bekannt, aber dennoch ein Meisterwerk der Jugendstilbewegung ist. Es repr\u00e4sentiert die Sch\u00f6nheit der Natur sowie Harmonie und Ordnung im Universum. Das Gem\u00e4lde ruft Gef\u00fchle von Frieden und Ruhe hervor und ist daher eine tolle Erg\u00e4nzung f\u00fcr jeden Raum, der einen Hauch von Natur braucht. Das Gem\u00e4lde ist eine einzigartige und wundersch\u00f6ne Darstellung der Sch\u00f6nheit der Natur und eine gro\u00dfartige M\u00f6glichkeit, die Natur in Ihr Interieur zu bringen.<\/p>\n<\/div>\n<div><\/div>\n","protected":false},"excerpt":{"rendered":"<p>Gustav Klimt &#8211; Allee im Park des Krammer Schlosses &nbsp; Erstellungsjahr: 1912 Originalgr\u00f6\u00dfe: 110 cm x 110 cm Lackstil: Sezession Originaltechnik: \u00d6l auf Leinwand Standort: Belvedere, Wien &nbsp; \u00d6l auf Leinwand Allee im Park des Krammer Schlosses geh\u00f6rt zu Klimts sp\u00e4teren Werken, da es nach dem goldenen Abdruck des Malers [&hellip;]<\/p>\n","protected":false},"featured_media":63389,"template":"","meta":{"_acf_changed":false},"product_brand":[],"product_cat":[8461],"product_tag":[8489,8493,8521,8513,8514],"class_list":{"0":"post-69772","1":"product","2":"type-product","3":"status-publish","4":"has-post-thumbnail","6":"product_cat-gustav-klimt-de","7":"product_tag-gustav-klimt-de","8":"product_tag-klimt-de","9":"product_tag-maler","10":"product_tag-reproduktion","11":"product_tag-reproduktionen","12":"pa_dimenzija-100-x-100-cm","13":"pa_dimenzija-110-x-110-cm","14":"pa_dimenzija-120-x-120-cm","15":"pa_dimenzija-150-x-150-cm","16":"pa_dimenzija-60-x-60-cm","17":"pa_dimenzija-70-x-70-cm","18":"pa_dimenzija-80-x-80-cm","19":"pa_dimenzija-90-x-90-cm","20":"pa_oblika-quadrat","21":"pa_okvir-ohne-rahmen","22":"pa_podokvir-ja","23":"pa_podokvir-nein","25":"first","26":"onbackorder","27":"purchasable","28":"product-type-variable","29":"has-default-attributes"},"acf":[],"yoast_head":"<!-- This site is optimized with the Yoast SEO Premium plugin v26.0 (Yoast SEO v27.2) - https:\/\/yoast.com\/product\/yoast-seo-premium-wordpress\/ -->\n<title>Gustav Klimt - Avenue in the Park of Krammer Castle - SVETSLIK.SI - 100% handgemalt<\/title>\n<meta name=\"description\" content=\"Gustav Klimt - Avenue in the Park of Krammer Castle - 100% handgemalte Gem\u00e4lde - Verkauf von Reproduktionen ber\u00fchmter Gem\u00e4lde und abstrakter Kunst - Wandbilder f\u00fcr das Wohnzimmer\" \/>\n<meta name=\"robots\" content=\"index, follow, max-snippet:-1, max-image-preview:large, max-video-preview:-1\" \/>\n<link rel=\"canonical\" href=\"https:\/\/svetslik.si\/de\/gustav-klimt-de\/avenue-in-the-park-of-krammer-castle\/\" \/>\n<meta property=\"og:locale\" content=\"de_DE\" \/>\n<meta property=\"og:type\" content=\"article\" \/>\n<meta property=\"og:title\" content=\"Gustav Klimt - Avenue in the Park of Krammer Castle\" \/>\n<meta property=\"og:description\" content=\"100% ro\u010dno naslikane slike na platnu, reprodukcije znanih slikarjev in umetni\u0161ke slike po naro\u010dilu.\" \/>\n<meta property=\"og:url\" content=\"https:\/\/svetslik.si\/de\/gustav-klimt-de\/avenue-in-the-park-of-krammer-castle\/\" \/>\n<meta property=\"og:site_name\" content=\"SVETSLIK.SI\" \/>\n<meta property=\"article:publisher\" content=\"https:\/\/www.facebook.com\/svetslik.si\" \/>\n<meta property=\"article:modified_time\" content=\"2026-03-22T19:49:43+00:00\" \/>\n<meta property=\"og:image\" content=\"https:\/\/svetslik.si\/wp-content\/uploads\/2021\/08\/image_Avenue-in-the-Park-of-Krammer-Castle-Gustav-Klimt_680.jpg\" \/>\n\t<meta property=\"og:image:width\" content=\"1122\" \/>\n\t<meta property=\"og:image:height\" content=\"1123\" \/>\n\t<meta property=\"og:image:type\" content=\"image\/jpeg\" \/>\n<meta name=\"twitter:card\" content=\"summary_large_image\" \/>\n<meta name=\"twitter:site\" content=\"@svetslik\" \/>\n<meta name=\"twitter:label1\" content=\"Verf\u00fcgbarkeit\" \/>\n\t<meta name=\"twitter:data1\" content=\"bei Nachbestellung\" \/>\n<script type=\"application\/ld+json\" class=\"yoast-schema-graph\">{\"@context\":\"https:\/\/schema.org\",\"@graph\":[{\"@type\":[\"WebPage\",\"ItemPage\"],\"@id\":\"https:\/\/svetslik.si\/de\/gustav-klimt-de\/avenue-in-the-park-of-krammer-castle\/\",\"url\":\"https:\/\/svetslik.si\/de\/gustav-klimt-de\/avenue-in-the-park-of-krammer-castle\/\",\"name\":\"Gustav Klimt - Avenue in the Park of Krammer Castle - SVETSLIK.SI - 100% handgemalt\",\"isPartOf\":{\"@id\":\"https:\/\/svetslik.si\/de\/#website\"},\"primaryImageOfPage\":{\"@id\":\"https:\/\/svetslik.si\/de\/gustav-klimt-de\/avenue-in-the-park-of-krammer-castle\/#primaryimage\"},\"image\":{\"@id\":\"https:\/\/svetslik.si\/de\/gustav-klimt-de\/avenue-in-the-park-of-krammer-castle\/#primaryimage\"},\"thumbnailUrl\":\"https:\/\/svetslik.si\/wp-content\/uploads\/2021\/08\/image_Avenue-in-the-Park-of-Krammer-Castle-Gustav-Klimt_680.jpg\",\"datePublished\":\"2021-09-02T16:22:20+00:00\",\"dateModified\":\"2026-03-22T19:49:43+00:00\",\"description\":\"Gustav Klimt - Avenue in the Park of Krammer Castle - 100% handgemalte Gem\u00e4lde - Verkauf von Reproduktionen ber\u00fchmter Gem\u00e4lde und abstrakter Kunst - Wandbilder f\u00fcr das Wohnzimmer\",\"breadcrumb\":{\"@id\":\"https:\/\/svetslik.si\/de\/gustav-klimt-de\/avenue-in-the-park-of-krammer-castle\/#breadcrumb\"},\"inLanguage\":\"de\",\"potentialAction\":[{\"@type\":\"ReadAction\",\"target\":[\"https:\/\/svetslik.si\/de\/gustav-klimt-de\/avenue-in-the-park-of-krammer-castle\/\"]}]},{\"@type\":\"ImageObject\",\"inLanguage\":\"de\",\"@id\":\"https:\/\/svetslik.si\/de\/gustav-klimt-de\/avenue-in-the-park-of-krammer-castle\/#primaryimage\",\"url\":\"https:\/\/svetslik.si\/wp-content\/uploads\/2021\/08\/image_Avenue-in-the-Park-of-Krammer-Castle-Gustav-Klimt_680.jpg\",\"contentUrl\":\"https:\/\/svetslik.si\/wp-content\/uploads\/2021\/08\/image_Avenue-in-the-Park-of-Krammer-Castle-Gustav-Klimt_680.jpg\",\"width\":1122,\"height\":1123,\"caption\":\"Gustav Klimt - Beech Grove (Buchenhain) - Gem\u00e4lde, Landschaft, Naturmotive - 100% handgemalte - Reproduktionen ber\u00fchmter Gem\u00e4lde - Gem\u00e4lde kaufen - Wandbilder Wohnzimmer - Ber\u00fchmtes Gem\u00e4lde - \u00d6lgem\u00e4lde - Bilderrahmen\"},{\"@type\":\"BreadcrumbList\",\"@id\":\"https:\/\/svetslik.si\/de\/gustav-klimt-de\/avenue-in-the-park-of-krammer-castle\/#breadcrumb\",\"itemListElement\":[{\"@type\":\"ListItem\",\"position\":1,\"name\":\"Wandkunst und Gem\u00e4lde auf Leinwand\",\"item\":\"https:\/\/svetslik.si\/de\/\"},{\"@type\":\"ListItem\",\"position\":2,\"name\":\"Verkauf von Gem\u00e4lden\",\"item\":\"https:\/\/svetslik.si\/prodaja-slik\/\"},{\"@type\":\"ListItem\",\"position\":3,\"name\":\"Gustav Klimt &#8211; Avenue in the Park of Krammer Castle\"}]},{\"@type\":\"WebSite\",\"@id\":\"https:\/\/svetslik.si\/de\/#website\",\"url\":\"https:\/\/svetslik.si\/de\/\",\"name\":\"SVETSLIK.SI\",\"description\":\"100% handgemalte Reproduktionen von Gem\u00e4lden ber\u00fchmter Maler und Gem\u00e4lde auf Leinwand.\",\"publisher\":{\"@id\":\"https:\/\/svetslik.si\/de\/#organization\"},\"potentialAction\":[{\"@type\":\"SearchAction\",\"target\":{\"@type\":\"EntryPoint\",\"urlTemplate\":\"https:\/\/svetslik.si\/de\/?s={search_term_string}\"},\"query-input\":{\"@type\":\"PropertyValueSpecification\",\"valueRequired\":true,\"valueName\":\"search_term_string\"}}],\"inLanguage\":\"de\"},{\"@type\":\"Organization\",\"@id\":\"https:\/\/svetslik.si\/de\/#organization\",\"name\":\"SvetSlik.si\",\"url\":\"https:\/\/svetslik.si\/de\/\",\"logo\":{\"@type\":\"ImageObject\",\"inLanguage\":\"de\",\"@id\":\"https:\/\/svetslik.si\/de\/#\/schema\/logo\/image\/\",\"url\":\"https:\/\/svetslik.si\/wp-content\/uploads\/2020\/12\/logo-512.png\",\"contentUrl\":\"https:\/\/svetslik.si\/wp-content\/uploads\/2020\/12\/logo-512.png\",\"width\":512,\"height\":512,\"caption\":\"SvetSlik.si\"},\"image\":{\"@id\":\"https:\/\/svetslik.si\/de\/#\/schema\/logo\/image\/\"},\"sameAs\":[\"https:\/\/www.facebook.com\/svetslik.si\",\"https:\/\/x.com\/svetslik\",\"https:\/\/www.instagram.com\/svetslik.si\/\",\"https:\/\/www.linkedin.com\/company\/svetslik-si\"]}]}<\/script>\n<meta property=\"og:availability\" content=\"backorder\" \/>\n<meta property=\"product:availability\" content=\"available for order\" \/>\n<meta property=\"product:retailer_item_id\" content=\"549__\" \/>\n<meta property=\"product:condition\" content=\"new\" \/>\n<!-- \/ Yoast SEO Premium plugin. -->","yoast_head_json":{"title":"Gustav Klimt - Avenue in the Park of Krammer Castle - SVETSLIK.SI - 100% handgemalt","description":"Gustav Klimt - Avenue in the Park of Krammer Castle - 100% handgemalte Gem\u00e4lde - Verkauf von Reproduktionen ber\u00fchmter Gem\u00e4lde und abstrakter Kunst - Wandbilder f\u00fcr das Wohnzimmer","robots":{"index":"index","follow":"follow","max-snippet":"max-snippet:-1","max-image-preview":"max-image-preview:large","max-video-preview":"max-video-preview:-1"},"canonical":"https:\/\/svetslik.si\/de\/gustav-klimt-de\/avenue-in-the-park-of-krammer-castle\/","og_locale":"de_DE","og_type":"article","og_title":"Gustav Klimt - Avenue in the Park of Krammer Castle","og_description":"100% ro\u010dno naslikane slike na platnu, reprodukcije znanih slikarjev in umetni\u0161ke slike po naro\u010dilu.","og_url":"https:\/\/svetslik.si\/de\/gustav-klimt-de\/avenue-in-the-park-of-krammer-castle\/","og_site_name":"SVETSLIK.SI","article_publisher":"https:\/\/www.facebook.com\/svetslik.si","article_modified_time":"2026-03-22T19:49:43+00:00","og_image":[{"width":1122,"height":1123,"url":"https:\/\/svetslik.si\/wp-content\/uploads\/2021\/08\/image_Avenue-in-the-Park-of-Krammer-Castle-Gustav-Klimt_680.jpg","type":"image\/jpeg"}],"twitter_card":"summary_large_image","twitter_site":"@svetslik","twitter_misc":{"Verf\u00fcgbarkeit":"bei Nachbestellung"},"schema":{"@context":"https:\/\/schema.org","@graph":[{"@type":["WebPage","ItemPage"],"@id":"https:\/\/svetslik.si\/de\/gustav-klimt-de\/avenue-in-the-park-of-krammer-castle\/","url":"https:\/\/svetslik.si\/de\/gustav-klimt-de\/avenue-in-the-park-of-krammer-castle\/","name":"Gustav Klimt - Avenue in the Park of Krammer Castle - SVETSLIK.SI - 100% handgemalt","isPartOf":{"@id":"https:\/\/svetslik.si\/de\/#website"},"primaryImageOfPage":{"@id":"https:\/\/svetslik.si\/de\/gustav-klimt-de\/avenue-in-the-park-of-krammer-castle\/#primaryimage"},"image":{"@id":"https:\/\/svetslik.si\/de\/gustav-klimt-de\/avenue-in-the-park-of-krammer-castle\/#primaryimage"},"thumbnailUrl":"https:\/\/svetslik.si\/wp-content\/uploads\/2021\/08\/image_Avenue-in-the-Park-of-Krammer-Castle-Gustav-Klimt_680.jpg","datePublished":"2021-09-02T16:22:20+00:00","dateModified":"2026-03-22T19:49:43+00:00","description":"Gustav Klimt - Avenue in the Park of Krammer Castle - 100% handgemalte Gem\u00e4lde - Verkauf von Reproduktionen ber\u00fchmter Gem\u00e4lde und abstrakter Kunst - Wandbilder f\u00fcr das Wohnzimmer","breadcrumb":{"@id":"https:\/\/svetslik.si\/de\/gustav-klimt-de\/avenue-in-the-park-of-krammer-castle\/#breadcrumb"},"inLanguage":"de","potentialAction":[{"@type":"ReadAction","target":["https:\/\/svetslik.si\/de\/gustav-klimt-de\/avenue-in-the-park-of-krammer-castle\/"]}]},{"@type":"ImageObject","inLanguage":"de","@id":"https:\/\/svetslik.si\/de\/gustav-klimt-de\/avenue-in-the-park-of-krammer-castle\/#primaryimage","url":"https:\/\/svetslik.si\/wp-content\/uploads\/2021\/08\/image_Avenue-in-the-Park-of-Krammer-Castle-Gustav-Klimt_680.jpg","contentUrl":"https:\/\/svetslik.si\/wp-content\/uploads\/2021\/08\/image_Avenue-in-the-Park-of-Krammer-Castle-Gustav-Klimt_680.jpg","width":1122,"height":1123,"caption":"Gustav Klimt - Beech Grove (Buchenhain) - Gem\u00e4lde, Landschaft, Naturmotive - 100% handgemalte - Reproduktionen ber\u00fchmter Gem\u00e4lde - Gem\u00e4lde kaufen - Wandbilder Wohnzimmer - Ber\u00fchmtes Gem\u00e4lde - \u00d6lgem\u00e4lde - Bilderrahmen"},{"@type":"BreadcrumbList","@id":"https:\/\/svetslik.si\/de\/gustav-klimt-de\/avenue-in-the-park-of-krammer-castle\/#breadcrumb","itemListElement":[{"@type":"ListItem","position":1,"name":"Wandkunst und Gem\u00e4lde auf Leinwand","item":"https:\/\/svetslik.si\/de\/"},{"@type":"ListItem","position":2,"name":"Verkauf von Gem\u00e4lden","item":"https:\/\/svetslik.si\/prodaja-slik\/"},{"@type":"ListItem","position":3,"name":"Gustav Klimt &#8211; Avenue in the Park of Krammer Castle"}]},{"@type":"WebSite","@id":"https:\/\/svetslik.si\/de\/#website","url":"https:\/\/svetslik.si\/de\/","name":"SVETSLIK.SI","description":"100% handgemalte Reproduktionen von Gem\u00e4lden ber\u00fchmter Maler und Gem\u00e4lde auf Leinwand.","publisher":{"@id":"https:\/\/svetslik.si\/de\/#organization"},"potentialAction":[{"@type":"SearchAction","target":{"@type":"EntryPoint","urlTemplate":"https:\/\/svetslik.si\/de\/?s={search_term_string}"},"query-input":{"@type":"PropertyValueSpecification","valueRequired":true,"valueName":"search_term_string"}}],"inLanguage":"de"},{"@type":"Organization","@id":"https:\/\/svetslik.si\/de\/#organization","name":"SvetSlik.si","url":"https:\/\/svetslik.si\/de\/","logo":{"@type":"ImageObject","inLanguage":"de","@id":"https:\/\/svetslik.si\/de\/#\/schema\/logo\/image\/","url":"https:\/\/svetslik.si\/wp-content\/uploads\/2020\/12\/logo-512.png","contentUrl":"https:\/\/svetslik.si\/wp-content\/uploads\/2020\/12\/logo-512.png","width":512,"height":512,"caption":"SvetSlik.si"},"image":{"@id":"https:\/\/svetslik.si\/de\/#\/schema\/logo\/image\/"},"sameAs":["https:\/\/www.facebook.com\/svetslik.si","https:\/\/x.com\/svetslik","https:\/\/www.instagram.com\/svetslik.si\/","https:\/\/www.linkedin.com\/company\/svetslik-si"]}]},"og_availability":"backorder","product_availability":"available for order","product_retailer_item_id":"549__","product_condition":"new"},"jetpack_sharing_enabled":true,"_links":{"self":[{"href":"https:\/\/svetslik.si\/de\/wp-json\/wp\/v2\/product\/69772","targetHints":{"allow":["GET"]}}],"collection":[{"href":"https:\/\/svetslik.si\/de\/wp-json\/wp\/v2\/product"}],"about":[{"href":"https:\/\/svetslik.si\/de\/wp-json\/wp\/v2\/types\/product"}],"wp:featuredmedia":[{"embeddable":true,"href":"https:\/\/svetslik.si\/de\/wp-json\/wp\/v2\/media\/63389"}],"wp:attachment":[{"href":"https:\/\/svetslik.si\/de\/wp-json\/wp\/v2\/media?parent=69772"}],"wp:term":[{"taxonomy":"product_brand","embeddable":true,"href":"https:\/\/svetslik.si\/de\/wp-json\/wp\/v2\/product_brand?post=69772"},{"taxonomy":"product_cat","embeddable":true,"href":"https:\/\/svetslik.si\/de\/wp-json\/wp\/v2\/product_cat?post=69772"},{"taxonomy":"product_tag","embeddable":true,"href":"https:\/\/svetslik.si\/de\/wp-json\/wp\/v2\/product_tag?post=69772"}],"curies":[{"name":"wp","href":"https:\/\/api.w.org\/{rel}","templated":true}]}}