{"id":69826,"date":"2021-09-02T18:23:19","date_gmt":"2021-09-02T16:23:19","guid":{"rendered":"https:\/\/svetslik.si\/unkategorisiert\/portrait-of-eugenia-primavesi\/"},"modified":"2026-03-22T20:50:38","modified_gmt":"2026-03-22T19:50:38","slug":"portrait-of-eugenia-primavesi","status":"publish","type":"product","link":"https:\/\/svetslik.si\/de\/gustav-klimt-de\/portrait-of-eugenia-primavesi\/","title":{"rendered":"Gustav Klimt &#8211; Portrait of Eugenia Primavesi"},"content":{"rendered":"<h1>Gustav Klimt &#8211; Portr\u00e4t von Eugenia Primavesi<\/h1>\n<p>&nbsp;<\/p>\n<table style=\"width: 593px\" border=\"0\" width=\"593\" cellpadding=\"0\">\n<tbody>\n<tr>\n<td style=\"width: 155px;height: 21px\" height=\"21\">Erstellungsjahr:<\/td>\n<td style=\"width: 439px\">1913-1914<\/td>\n<\/tr>\n<tr>\n<td style=\"width: 155px;height: 21px\" height=\"21\">Originalgr\u00f6\u00dfe:<\/td>\n<td style=\"width: 439px\">84 cm x 140 cm<\/td>\n<\/tr>\n<tr>\n<td style=\"width: 155px;height: 21px\" height=\"21\">Lackstil:<\/td>\n<td style=\"width: 439px\">Sezession<\/td>\n<\/tr>\n<tr>\n<td style=\"width: 155px;height: 21px\" height=\"21\">Originaltechnik:<\/td>\n<td style=\"width: 439px\">\u00d6l auf Leinwand<\/td>\n<\/tr>\n<tr>\n<td style=\"width: 155px;height: 21px\" height=\"21\">Standort:<\/td>\n<td style=\"width: 439px\">Privatsammlung, USA<\/td>\n<\/tr>\n<\/tbody>\n<colgroup>\n<col \/>\n<col \/> <\/colgroup>\n<\/table>\n<p>Otto und Eugenia Primavesi waren Klimts wichtigste F\u00f6rderer in der letzten Schaffensperiode des Malers. \u00d6l auf Leinwand <em>Portr\u00e4t von Eugenia Primavesi<\/em> zeigt das Bild einer Mutter von vier Kindern in einem Kleid voller Ornamente. Doch im Gegensatz zu Klimts anderen Gem\u00e4lden, in denen die ornamentalen Details die Portr\u00e4ts fast vollst\u00e4ndig verdecken, betont Klimt in diesem \u00d6l auf Leinwand das selbstbewusste Bild der Mutter.<\/p>\n<p>Das Gem\u00e4lde \u201ePortr\u00e4t der Eugenia Primavesi\u201c von Gustav Klimt ist ein Meisterwerk der Jugendstilbewegung und eines der ber\u00fchmtesten und bekanntesten Werke des \u00f6sterreichischen Malers. Das Gem\u00e4lde repr\u00e4sentiert die Sch\u00f6nheit und Eleganz der weiblichen Figur und die Harmonie des Universums.<\/p>\n<p>\u201ePortr\u00e4t von Eugenija Primavesi\u201c ist ein \u00d6lgem\u00e4lde auf Leinwand mit den Ma\u00dfen ca. 100 cm x 100 cm. Es zeigt eine junge Frau, Eugenia Primavesi, die auf einem Stuhl sitzt und ein elegantes wei\u00dfes Kleid tr\u00e4gt. Das Gem\u00e4lde zeichnet sich durch den k\u00fchnen Einsatz von Farben und ein einzigartiges Gef\u00fchl f\u00fcr Bewegung und Emotionen aus. Die Frau ist in Wei\u00df-, Gold- und Silbert\u00f6nen bemalt, w\u00e4hrend der Hintergrund in Blau- und Lilat\u00f6nen gehalten ist, was dem Gem\u00e4lde ein Gef\u00fchl von Tiefe und Bewegung verleiht. Das Gem\u00e4lde zeichnet sich auch durch die Verwendung von Blattgold aus, eine Technik, die Klimt in vielen seiner Werke verwendete.<\/p>\n<p>Das Gem\u00e4lde stellt die Sch\u00f6nheit und Eleganz der weiblichen Figur dar und gilt als Symbol f\u00fcr Weiblichkeit und Sch\u00f6nheit. Das elegante wei\u00dfe Kleid und die Verwendung von Blattgold sind Symbole f\u00fcr Reichtum und Wohlstand. Die Tapete mit ihren komplizierten geometrischen Mustern steht f\u00fcr Harmonie und Ordnung im Universum. Das Gem\u00e4lde ruft die Gef\u00fchle von Sch\u00f6nheit, Eleganz und Wohlstand hervor, die f\u00fcr Klimts Kunst charakteristisch sind.<\/p>\n<p>Klimts Gem\u00e4lde \u201ePortr\u00e4t der Eugenia Primavesi\u201c ist ein Meisterwerk der Jugendstilbewegung und gilt als eines der ikonischsten Werke des K\u00fcnstlers. Es repr\u00e4sentiert die Sch\u00f6nheit und Eleganz der weiblichen Figur, Weiblichkeit und Sch\u00f6nheit sowie Harmonie und Ordnung im Universum. Das Gem\u00e4lde ist ein Muss f\u00fcr Kunstliebhaber und eine tolle Erg\u00e4nzung f\u00fcr jede Kunstsammlung.<\/p>\n<p>Kurz gesagt, das Gem\u00e4lde \u201ePortr\u00e4t der Eugenia Primavesi\u201c von Gustav Klimt ist ein Meisterwerk der Jugendstilbewegung und eines der ber\u00fchmtesten und bekanntesten Werke des \u00f6sterreichischen Malers. Es zeigt die Sch\u00f6nheit und Eleganz der Kurven einer Frau, Weiblichkeit, Sch\u00f6nheit sowie Harmonie und Ordnung im Universum. Das Gem\u00e4lde ist ein Muss f\u00fcr Kunstliebhaber und eine tolle Erg\u00e4nzung f\u00fcr jede Kunstsammlung. Die Verwendung von Blattgold und die komplizierten geometrischen Muster im Hintergrund verleihen dem Bild ein einzigartiges und markantes Element und machen es wirklich zu etwas Besonderem. Es ist eine gro\u00dfartige M\u00f6glichkeit, jedem Raum einen Hauch von Eleganz und Weiblichkeit zu verleihen. Das Gem\u00e4lde ist auch eine Darstellung von Sch\u00f6nheit, Eleganz und Wohlstand und somit das perfekte St\u00fcck f\u00fcr diejenigen, die einen Hauch von Luxus in ihre Inneneinrichtung integrieren m\u00f6chten. Das Gem\u00e4lde ist eines von Klimts ber\u00fchmtesten und ikonischsten Werken und fasziniert das Publikum weiterhin mit seiner atemberaubenden Sch\u00f6nheit und den komplizierten Details.<\/p>\n","protected":false},"excerpt":{"rendered":"<p>Gustav Klimt &#8211; Portr\u00e4t von Eugenia Primavesi &nbsp; Erstellungsjahr: 1913-1914 Originalgr\u00f6\u00dfe: 84 cm x 140 cm Lackstil: Sezession Originaltechnik: \u00d6l auf Leinwand Standort: Privatsammlung, USA Otto und Eugenia Primavesi waren Klimts wichtigste F\u00f6rderer in der letzten Schaffensperiode des Malers. \u00d6l auf Leinwand Portr\u00e4t von Eugenia Primavesi zeigt das Bild einer [&hellip;]<\/p>\n","protected":false},"featured_media":63951,"template":"","meta":{"_acf_changed":false},"product_brand":[],"product_cat":[8461],"product_tag":[8489,8493,8521,8513,8514],"class_list":{"0":"post-69826","1":"product","2":"type-product","3":"status-publish","4":"has-post-thumbnail","6":"product_cat-gustav-klimt-de","7":"product_tag-gustav-klimt-de","8":"product_tag-klimt-de","9":"product_tag-maler","10":"product_tag-reproduktion","11":"product_tag-reproduktionen","12":"pa_dimenzija-100-x-170-cm","13":"pa_dimenzija-120-x-200-cm","14":"pa_dimenzija-50-x-80-cm","15":"pa_dimenzija-60-x-100-cm","16":"pa_dimenzija-70-x-120-cm","17":"pa_dimenzija-80-x-130-cm","18":"pa_dimenzija-84-x-140-cm","19":"pa_dimenzija-90-x-150-cm","20":"pa_oblika-vertikal","21":"pa_okvir-ohne-rahmen","22":"pa_podokvir-ja","23":"pa_podokvir-nein","25":"first","26":"onbackorder","27":"purchasable","28":"product-type-variable","29":"has-default-attributes"},"acf":[],"yoast_head":"<!-- This site is optimized with the Yoast SEO Premium plugin v26.0 (Yoast SEO v27.2) - https:\/\/yoast.com\/product\/yoast-seo-premium-wordpress\/ -->\n<title>Gustav Klimt - Portrait of Eugenia Primavesi - SVETSLIK.SI - 100% handgemalt<\/title>\n<meta name=\"description\" content=\"Gustav Klimt - Portrait of Eugenia Primavesi - 100% handgemalte Gem\u00e4lde - Verkauf von Reproduktionen ber\u00fchmter Gem\u00e4lde und abstrakter Kunst - Wandbilder f\u00fcr das Wohnzimmer\" \/>\n<meta name=\"robots\" content=\"index, follow, max-snippet:-1, max-image-preview:large, max-video-preview:-1\" \/>\n<link rel=\"canonical\" href=\"https:\/\/svetslik.si\/de\/gustav-klimt-de\/portrait-of-eugenia-primavesi\/\" \/>\n<meta property=\"og:locale\" content=\"de_DE\" \/>\n<meta property=\"og:type\" content=\"article\" \/>\n<meta property=\"og:title\" content=\"Gustav Klimt - Portrait of Eugenia Primavesi\" \/>\n<meta property=\"og:description\" content=\"100% ro\u010dno naslikane slike na platnu, reprodukcije znanih slikarjev in umetni\u0161ke slike po naro\u010dilu.\" \/>\n<meta property=\"og:url\" content=\"https:\/\/svetslik.si\/de\/gustav-klimt-de\/portrait-of-eugenia-primavesi\/\" \/>\n<meta property=\"og:site_name\" content=\"SVETSLIK.SI\" \/>\n<meta property=\"article:publisher\" content=\"https:\/\/www.facebook.com\/svetslik.si\" \/>\n<meta property=\"article:modified_time\" content=\"2026-03-22T19:50:38+00:00\" \/>\n<meta property=\"og:image\" content=\"https:\/\/svetslik.si\/wp-content\/uploads\/2021\/08\/image_Portrait-of-Eugenia-Primavesi-Gustav-Klimt_680.jpg\" \/>\n\t<meta property=\"og:image:width\" content=\"393\" \/>\n\t<meta property=\"og:image:height\" content=\"680\" \/>\n\t<meta property=\"og:image:type\" content=\"image\/jpeg\" \/>\n<meta name=\"twitter:card\" content=\"summary_large_image\" \/>\n<meta name=\"twitter:site\" content=\"@svetslik\" \/>\n<meta name=\"twitter:label1\" content=\"Verf\u00fcgbarkeit\" \/>\n\t<meta name=\"twitter:data1\" content=\"bei Nachbestellung\" \/>\n<script type=\"application\/ld+json\" class=\"yoast-schema-graph\">{\"@context\":\"https:\/\/schema.org\",\"@graph\":[{\"@type\":[\"WebPage\",\"ItemPage\"],\"@id\":\"https:\/\/svetslik.si\/de\/gustav-klimt-de\/portrait-of-eugenia-primavesi\/\",\"url\":\"https:\/\/svetslik.si\/de\/gustav-klimt-de\/portrait-of-eugenia-primavesi\/\",\"name\":\"Gustav Klimt - Portrait of Eugenia Primavesi - SVETSLIK.SI - 100% handgemalt\",\"isPartOf\":{\"@id\":\"https:\/\/svetslik.si\/de\/#website\"},\"primaryImageOfPage\":{\"@id\":\"https:\/\/svetslik.si\/de\/gustav-klimt-de\/portrait-of-eugenia-primavesi\/#primaryimage\"},\"image\":{\"@id\":\"https:\/\/svetslik.si\/de\/gustav-klimt-de\/portrait-of-eugenia-primavesi\/#primaryimage\"},\"thumbnailUrl\":\"https:\/\/svetslik.si\/wp-content\/uploads\/2021\/08\/image_Portrait-of-Eugenia-Primavesi-Gustav-Klimt_680.jpg\",\"datePublished\":\"2021-09-02T16:23:19+00:00\",\"dateModified\":\"2026-03-22T19:50:38+00:00\",\"description\":\"Gustav Klimt - Portrait of Eugenia Primavesi - 100% handgemalte Gem\u00e4lde - Verkauf von Reproduktionen ber\u00fchmter Gem\u00e4lde und abstrakter Kunst - Wandbilder f\u00fcr das Wohnzimmer\",\"breadcrumb\":{\"@id\":\"https:\/\/svetslik.si\/de\/gustav-klimt-de\/portrait-of-eugenia-primavesi\/#breadcrumb\"},\"inLanguage\":\"de\",\"potentialAction\":[{\"@type\":\"ReadAction\",\"target\":[\"https:\/\/svetslik.si\/de\/gustav-klimt-de\/portrait-of-eugenia-primavesi\/\"]}]},{\"@type\":\"ImageObject\",\"inLanguage\":\"de\",\"@id\":\"https:\/\/svetslik.si\/de\/gustav-klimt-de\/portrait-of-eugenia-primavesi\/#primaryimage\",\"url\":\"https:\/\/svetslik.si\/wp-content\/uploads\/2021\/08\/image_Portrait-of-Eugenia-Primavesi-Gustav-Klimt_680.jpg\",\"contentUrl\":\"https:\/\/svetslik.si\/wp-content\/uploads\/2021\/08\/image_Portrait-of-Eugenia-Primavesi-Gustav-Klimt_680.jpg\",\"width\":393,\"height\":680,\"caption\":\"Gustav Klimt - Portrait Of Adele Bloch Bauer I (Portr\u00e4t von Adele Bloch Bauer I) - Gem\u00e4lde, Portr\u00e4t, Frauenportr\u00e4t, Jugendstil - 100% handgemalte - Reproduktionen ber\u00fchmter Gem\u00e4lde - Gem\u00e4lde kaufen - Wandbilder Wohnzimmer - Ber\u00fchmtes Gem\u00e4lde - \u00d6lgem\u00e4lde - Bilderrahmen\"},{\"@type\":\"BreadcrumbList\",\"@id\":\"https:\/\/svetslik.si\/de\/gustav-klimt-de\/portrait-of-eugenia-primavesi\/#breadcrumb\",\"itemListElement\":[{\"@type\":\"ListItem\",\"position\":1,\"name\":\"Wandkunst und Gem\u00e4lde auf Leinwand\",\"item\":\"https:\/\/svetslik.si\/de\/\"},{\"@type\":\"ListItem\",\"position\":2,\"name\":\"Verkauf von Gem\u00e4lden\",\"item\":\"https:\/\/svetslik.si\/prodaja-slik\/\"},{\"@type\":\"ListItem\",\"position\":3,\"name\":\"Gustav Klimt &#8211; Portrait of Eugenia Primavesi\"}]},{\"@type\":\"WebSite\",\"@id\":\"https:\/\/svetslik.si\/de\/#website\",\"url\":\"https:\/\/svetslik.si\/de\/\",\"name\":\"SVETSLIK.SI\",\"description\":\"100% handgemalte Reproduktionen von Gem\u00e4lden ber\u00fchmter Maler und Gem\u00e4lde auf Leinwand.\",\"publisher\":{\"@id\":\"https:\/\/svetslik.si\/de\/#organization\"},\"potentialAction\":[{\"@type\":\"SearchAction\",\"target\":{\"@type\":\"EntryPoint\",\"urlTemplate\":\"https:\/\/svetslik.si\/de\/?s={search_term_string}\"},\"query-input\":{\"@type\":\"PropertyValueSpecification\",\"valueRequired\":true,\"valueName\":\"search_term_string\"}}],\"inLanguage\":\"de\"},{\"@type\":\"Organization\",\"@id\":\"https:\/\/svetslik.si\/de\/#organization\",\"name\":\"SvetSlik.si\",\"url\":\"https:\/\/svetslik.si\/de\/\",\"logo\":{\"@type\":\"ImageObject\",\"inLanguage\":\"de\",\"@id\":\"https:\/\/svetslik.si\/de\/#\/schema\/logo\/image\/\",\"url\":\"https:\/\/svetslik.si\/wp-content\/uploads\/2020\/12\/logo-512.png\",\"contentUrl\":\"https:\/\/svetslik.si\/wp-content\/uploads\/2020\/12\/logo-512.png\",\"width\":512,\"height\":512,\"caption\":\"SvetSlik.si\"},\"image\":{\"@id\":\"https:\/\/svetslik.si\/de\/#\/schema\/logo\/image\/\"},\"sameAs\":[\"https:\/\/www.facebook.com\/svetslik.si\",\"https:\/\/x.com\/svetslik\",\"https:\/\/www.instagram.com\/svetslik.si\/\",\"https:\/\/www.linkedin.com\/company\/svetslik-si\"]}]}<\/script>\n<meta property=\"og:availability\" content=\"backorder\" \/>\n<meta property=\"product:availability\" content=\"available for order\" \/>\n<meta property=\"product:retailer_item_id\" content=\"555__\" \/>\n<meta property=\"product:condition\" content=\"new\" \/>\n<!-- \/ Yoast SEO Premium plugin. -->","yoast_head_json":{"title":"Gustav Klimt - Portrait of Eugenia Primavesi - SVETSLIK.SI - 100% handgemalt","description":"Gustav Klimt - Portrait of Eugenia Primavesi - 100% handgemalte Gem\u00e4lde - Verkauf von Reproduktionen ber\u00fchmter Gem\u00e4lde und abstrakter Kunst - Wandbilder f\u00fcr das Wohnzimmer","robots":{"index":"index","follow":"follow","max-snippet":"max-snippet:-1","max-image-preview":"max-image-preview:large","max-video-preview":"max-video-preview:-1"},"canonical":"https:\/\/svetslik.si\/de\/gustav-klimt-de\/portrait-of-eugenia-primavesi\/","og_locale":"de_DE","og_type":"article","og_title":"Gustav Klimt - Portrait of Eugenia Primavesi","og_description":"100% ro\u010dno naslikane slike na platnu, reprodukcije znanih slikarjev in umetni\u0161ke slike po naro\u010dilu.","og_url":"https:\/\/svetslik.si\/de\/gustav-klimt-de\/portrait-of-eugenia-primavesi\/","og_site_name":"SVETSLIK.SI","article_publisher":"https:\/\/www.facebook.com\/svetslik.si","article_modified_time":"2026-03-22T19:50:38+00:00","og_image":[{"width":393,"height":680,"url":"https:\/\/svetslik.si\/wp-content\/uploads\/2021\/08\/image_Portrait-of-Eugenia-Primavesi-Gustav-Klimt_680.jpg","type":"image\/jpeg"}],"twitter_card":"summary_large_image","twitter_site":"@svetslik","twitter_misc":{"Verf\u00fcgbarkeit":"bei Nachbestellung"},"schema":{"@context":"https:\/\/schema.org","@graph":[{"@type":["WebPage","ItemPage"],"@id":"https:\/\/svetslik.si\/de\/gustav-klimt-de\/portrait-of-eugenia-primavesi\/","url":"https:\/\/svetslik.si\/de\/gustav-klimt-de\/portrait-of-eugenia-primavesi\/","name":"Gustav Klimt - Portrait of Eugenia Primavesi - SVETSLIK.SI - 100% handgemalt","isPartOf":{"@id":"https:\/\/svetslik.si\/de\/#website"},"primaryImageOfPage":{"@id":"https:\/\/svetslik.si\/de\/gustav-klimt-de\/portrait-of-eugenia-primavesi\/#primaryimage"},"image":{"@id":"https:\/\/svetslik.si\/de\/gustav-klimt-de\/portrait-of-eugenia-primavesi\/#primaryimage"},"thumbnailUrl":"https:\/\/svetslik.si\/wp-content\/uploads\/2021\/08\/image_Portrait-of-Eugenia-Primavesi-Gustav-Klimt_680.jpg","datePublished":"2021-09-02T16:23:19+00:00","dateModified":"2026-03-22T19:50:38+00:00","description":"Gustav Klimt - Portrait of Eugenia Primavesi - 100% handgemalte Gem\u00e4lde - Verkauf von Reproduktionen ber\u00fchmter Gem\u00e4lde und abstrakter Kunst - Wandbilder f\u00fcr das Wohnzimmer","breadcrumb":{"@id":"https:\/\/svetslik.si\/de\/gustav-klimt-de\/portrait-of-eugenia-primavesi\/#breadcrumb"},"inLanguage":"de","potentialAction":[{"@type":"ReadAction","target":["https:\/\/svetslik.si\/de\/gustav-klimt-de\/portrait-of-eugenia-primavesi\/"]}]},{"@type":"ImageObject","inLanguage":"de","@id":"https:\/\/svetslik.si\/de\/gustav-klimt-de\/portrait-of-eugenia-primavesi\/#primaryimage","url":"https:\/\/svetslik.si\/wp-content\/uploads\/2021\/08\/image_Portrait-of-Eugenia-Primavesi-Gustav-Klimt_680.jpg","contentUrl":"https:\/\/svetslik.si\/wp-content\/uploads\/2021\/08\/image_Portrait-of-Eugenia-Primavesi-Gustav-Klimt_680.jpg","width":393,"height":680,"caption":"Gustav Klimt - Portrait Of Adele Bloch Bauer I (Portr\u00e4t von Adele Bloch Bauer I) - Gem\u00e4lde, Portr\u00e4t, Frauenportr\u00e4t, Jugendstil - 100% handgemalte - Reproduktionen ber\u00fchmter Gem\u00e4lde - Gem\u00e4lde kaufen - Wandbilder Wohnzimmer - Ber\u00fchmtes Gem\u00e4lde - \u00d6lgem\u00e4lde - Bilderrahmen"},{"@type":"BreadcrumbList","@id":"https:\/\/svetslik.si\/de\/gustav-klimt-de\/portrait-of-eugenia-primavesi\/#breadcrumb","itemListElement":[{"@type":"ListItem","position":1,"name":"Wandkunst und Gem\u00e4lde auf Leinwand","item":"https:\/\/svetslik.si\/de\/"},{"@type":"ListItem","position":2,"name":"Verkauf von Gem\u00e4lden","item":"https:\/\/svetslik.si\/prodaja-slik\/"},{"@type":"ListItem","position":3,"name":"Gustav Klimt &#8211; Portrait of Eugenia Primavesi"}]},{"@type":"WebSite","@id":"https:\/\/svetslik.si\/de\/#website","url":"https:\/\/svetslik.si\/de\/","name":"SVETSLIK.SI","description":"100% handgemalte Reproduktionen von Gem\u00e4lden ber\u00fchmter Maler und Gem\u00e4lde auf Leinwand.","publisher":{"@id":"https:\/\/svetslik.si\/de\/#organization"},"potentialAction":[{"@type":"SearchAction","target":{"@type":"EntryPoint","urlTemplate":"https:\/\/svetslik.si\/de\/?s={search_term_string}"},"query-input":{"@type":"PropertyValueSpecification","valueRequired":true,"valueName":"search_term_string"}}],"inLanguage":"de"},{"@type":"Organization","@id":"https:\/\/svetslik.si\/de\/#organization","name":"SvetSlik.si","url":"https:\/\/svetslik.si\/de\/","logo":{"@type":"ImageObject","inLanguage":"de","@id":"https:\/\/svetslik.si\/de\/#\/schema\/logo\/image\/","url":"https:\/\/svetslik.si\/wp-content\/uploads\/2020\/12\/logo-512.png","contentUrl":"https:\/\/svetslik.si\/wp-content\/uploads\/2020\/12\/logo-512.png","width":512,"height":512,"caption":"SvetSlik.si"},"image":{"@id":"https:\/\/svetslik.si\/de\/#\/schema\/logo\/image\/"},"sameAs":["https:\/\/www.facebook.com\/svetslik.si","https:\/\/x.com\/svetslik","https:\/\/www.instagram.com\/svetslik.si\/","https:\/\/www.linkedin.com\/company\/svetslik-si"]}]},"og_availability":"backorder","product_availability":"available for order","product_retailer_item_id":"555__","product_condition":"new"},"jetpack_sharing_enabled":true,"_links":{"self":[{"href":"https:\/\/svetslik.si\/de\/wp-json\/wp\/v2\/product\/69826","targetHints":{"allow":["GET"]}}],"collection":[{"href":"https:\/\/svetslik.si\/de\/wp-json\/wp\/v2\/product"}],"about":[{"href":"https:\/\/svetslik.si\/de\/wp-json\/wp\/v2\/types\/product"}],"wp:featuredmedia":[{"embeddable":true,"href":"https:\/\/svetslik.si\/de\/wp-json\/wp\/v2\/media\/63951"}],"wp:attachment":[{"href":"https:\/\/svetslik.si\/de\/wp-json\/wp\/v2\/media?parent=69826"}],"wp:term":[{"taxonomy":"product_brand","embeddable":true,"href":"https:\/\/svetslik.si\/de\/wp-json\/wp\/v2\/product_brand?post=69826"},{"taxonomy":"product_cat","embeddable":true,"href":"https:\/\/svetslik.si\/de\/wp-json\/wp\/v2\/product_cat?post=69826"},{"taxonomy":"product_tag","embeddable":true,"href":"https:\/\/svetslik.si\/de\/wp-json\/wp\/v2\/product_tag?post=69826"}],"curies":[{"name":"wp","href":"https:\/\/api.w.org\/{rel}","templated":true}]}}