{"id":69835,"date":"2021-09-02T18:23:39","date_gmt":"2021-09-02T16:23:39","guid":{"rendered":"https:\/\/svetslik.si\/unkategorisiert\/girlfriends\/"},"modified":"2026-03-22T20:50:38","modified_gmt":"2026-03-22T19:50:38","slug":"girlfriends","status":"publish","type":"product","link":"https:\/\/svetslik.si\/de\/gustav-klimt-de\/girlfriends\/","title":{"rendered":"Gustav Klimt &#8211; Girlfriends"},"content":{"rendered":"<h1>Gustav Klimt \u2013 Freundinnen<\/h1>\n<p>&nbsp;<\/p>\n<table style=\"width: 497px\" border=\"0\" width=\"497\" cellpadding=\"0\">\n<tbody>\n<tr>\n<td style=\"width: 155px;height: 21px\" height=\"21\">Erstellungsjahr:<\/td>\n<td style=\"width: 343px\">1916-1917<\/td>\n<\/tr>\n<tr>\n<td style=\"width: 155px;height: 21px\" height=\"21\">Originalgr\u00f6\u00dfe:<\/td>\n<td style=\"width: 343px\">99 cm x 99 cm<\/td>\n<\/tr>\n<tr>\n<td style=\"width: 155px;height: 21px\" height=\"21\">Lackstil:<\/td>\n<td style=\"width: 343px\">Sezession<\/td>\n<\/tr>\n<tr>\n<td style=\"width: 155px;height: 21px\" height=\"21\">Originaltechnik:<\/td>\n<td style=\"width: 343px\">\u00d6l auf Leinwand<\/td>\n<\/tr>\n<tr>\n<td style=\"width: 155px;height: 21px\" height=\"21\">Standort:<\/td>\n<td style=\"width: 343px\">Das Original wurde 1945 zerst\u00f6rt<\/td>\n<\/tr>\n<\/tbody>\n<colgroup>\n<col \/>\n<col \/> <\/colgroup>\n<\/table>\n<p>\u00d6l auf Leinwand zeigt zwei Frauen, eine in einem roten Kleid, die andere nackt. Klimt liebte die japanische Kunst, in der erotische Spannung aus der Beziehung zwischen dem Gezeigten und dem Verborgenen entsteht. Im \u00d6l auf Leinwand <em>Girlfriends<\/em> sehen wir die Hand einer nackten Frau und einen Teil der Hand einer bekleideten Frau. Klimt bedeckte jedoch die beiden anderen H\u00e4nde; sind sie kombiniert, greifen sie ineinander? Niemand wei\u00df es genau, was sowohl aufregend als auch interessant ist. Wie andere Klimt-Gem\u00e4lde ist auch dieses \u00d6l auf Leinwand voller Ironie. In diesem Fall verbirgt sich die Bedeutung des Bildes in den verdeckten Details.<\/p>\n<p>Gustav Klimts Gem\u00e4lde \u201eFreundinnen\u201c geh\u00f6rt zu den weniger bekannten Werken des \u00f6sterreichischen Malers, ist aber dennoch ein Meisterwerk des Jugendstils. Das Bild zeigt die Sch\u00f6nheit und Verbindung weiblicher Freundschaften.<\/p>\n<p>\u201eGirlfriends\u201c ist ein \u00d6lgem\u00e4lde auf Leinwand mit einer Gr\u00f6\u00dfe von ca. 100 cm x 100 cm. Es zeigt zwei junge Frauen, die in eleganter Kleidung zusammensitzen, umgeben von verschiedenen Blumen und Pflanzen. Das Gem\u00e4lde zeichnet sich durch den k\u00fchnen Einsatz von Farben und ein einzigartiges Gef\u00fchl f\u00fcr Bewegung und Emotionen aus. Die Frauen sind in Rosa-, Wei\u00df- und Goldt\u00f6nen gemalt, die Blumen in Rosa-, Gelb- und Lilat\u00f6nen und der Hintergrund in Gr\u00fcnt\u00f6nen, was dem Gem\u00e4lde ein Gef\u00fchl von Tiefe und Bewegung verleiht.<\/p>\n<p>Das Gem\u00e4lde stellt die Sch\u00f6nheit und Verbindung weiblicher Freundschaften dar, da es zwei Frauen zeigt, die in einer entspannten und intimen Umgebung zusammensitzen. Blumen und die sie umgebenden Pflanzen sind Symbole f\u00fcr Wachstum, Sch\u00f6nheit und die Verbundenheit zwischen ihnen. Die elegante Kleidung der Frauen und die komplizierten Muster im Hintergrund stehen f\u00fcr Harmonie und Ordnung im Universum. Das Gem\u00e4lde ruft die Gef\u00fchle von Sch\u00f6nheit, Gelassenheit und Verbundenheit hervor, die f\u00fcr Klimts Kunst charakteristisch sind.<\/p>\n<p>Klimts Gem\u00e4lde \u201eFreunde\u201c ist trotz seiner geringeren Bekanntheit immer noch ein Meisterwerk des Jugendstils und repr\u00e4sentiert die Sch\u00f6nheit und Verbindung weiblicher Freundschaften. Das Gem\u00e4lde stellt die Sch\u00f6nheit und Verbindung weiblicher Freundschaften sowie die Harmonie und Ordnung im Universum dar. Das Gem\u00e4lde ist eine gro\u00dfartige Erg\u00e4nzung f\u00fcr jede Kunstsammlung und ist eine einzigartige und sch\u00f6ne Darstellung der Bindung zwischen Frauen.<\/p>\n<p>Kurz gesagt, das Gem\u00e4lde \u201eFreunde\u201c von Gustav Klimt ist weniger bekannt, aber dennoch ein Meisterwerk der Jugendstilbewegung. Es repr\u00e4sentiert die Sch\u00f6nheit und Verbindung weiblicher Freundschaften sowie die Harmonie und Ordnung im Universum. Das Gem\u00e4lde weckt Gef\u00fchle von Sch\u00f6nheit, Frieden und Verbundenheit und ist daher eine gro\u00dfartige Erg\u00e4nzung f\u00fcr jeden Raum, der einen Hauch von Sch\u00f6nheit und Freundschaft braucht. Das Gem\u00e4lde ist eine einzigartige und sch\u00f6ne Darstellung der Bindung zwischen Frauen und eine gro\u00dfartige M\u00f6glichkeit, die Freundschaften in unserem Leben zu feiern und zu ehren.<\/p>\n<p>&nbsp;<\/p>\n","protected":false},"excerpt":{"rendered":"<p>Gustav Klimt \u2013 Freundinnen &nbsp; Erstellungsjahr: 1916-1917 Originalgr\u00f6\u00dfe: 99 cm x 99 cm Lackstil: Sezession Originaltechnik: \u00d6l auf Leinwand Standort: Das Original wurde 1945 zerst\u00f6rt \u00d6l auf Leinwand zeigt zwei Frauen, eine in einem roten Kleid, die andere nackt. Klimt liebte die japanische Kunst, in der erotische Spannung aus der [&hellip;]<\/p>\n","protected":false},"featured_media":63645,"template":"","meta":{"_acf_changed":false},"product_brand":[],"product_cat":[8461],"product_tag":[8489,8493,8521,8513,8514],"class_list":{"0":"post-69835","1":"product","2":"type-product","3":"status-publish","4":"has-post-thumbnail","6":"product_cat-gustav-klimt-de","7":"product_tag-gustav-klimt-de","8":"product_tag-klimt-de","9":"product_tag-maler","10":"product_tag-reproduktion","11":"product_tag-reproduktionen","12":"pa_dimenzija-120-x-120-cm","13":"pa_dimenzija-150-x-150-cm","14":"pa_dimenzija-50-x-50-cm","15":"pa_dimenzija-60-x-60-cm","16":"pa_dimenzija-70-x-70-cm","17":"pa_dimenzija-80-x-80-cm","18":"pa_dimenzija-90-x-90-cm","19":"pa_dimenzija-99-x-99-cm","20":"pa_oblika-quadrat","21":"pa_okvir-ohne-rahmen","22":"pa_podokvir-ja","23":"pa_podokvir-nein","25":"first","26":"onbackorder","27":"purchasable","28":"product-type-variable","29":"has-default-attributes"},"acf":[],"yoast_head":"<!-- This site is optimized with the Yoast SEO Premium plugin v26.0 (Yoast SEO v27.2) - https:\/\/yoast.com\/product\/yoast-seo-premium-wordpress\/ -->\n<title>Gustav Klimt - Girlfriends - SVETSLIK.SI - 100% handgemalt<\/title>\n<meta name=\"description\" content=\"Gustav Klimt - Girlfriends - 100% handgemalte Gem\u00e4lde - Verkauf von Reproduktionen ber\u00fchmter Gem\u00e4lde und abstrakter Kunst - Wandbilder f\u00fcr das Wohnzimmer\" \/>\n<meta name=\"robots\" content=\"index, follow, max-snippet:-1, max-image-preview:large, max-video-preview:-1\" \/>\n<link rel=\"canonical\" href=\"https:\/\/svetslik.si\/de\/gustav-klimt-de\/girlfriends\/\" \/>\n<meta property=\"og:locale\" content=\"de_DE\" \/>\n<meta property=\"og:type\" content=\"article\" \/>\n<meta property=\"og:title\" content=\"Gustav Klimt - Girlfriends\" \/>\n<meta property=\"og:description\" content=\"100% ro\u010dno naslikane slike na platnu, reprodukcije znanih slikarjev in umetni\u0161ke slike po naro\u010dilu.\" \/>\n<meta property=\"og:url\" content=\"https:\/\/svetslik.si\/de\/gustav-klimt-de\/girlfriends\/\" \/>\n<meta property=\"og:site_name\" content=\"SVETSLIK.SI\" \/>\n<meta property=\"article:publisher\" content=\"https:\/\/www.facebook.com\/svetslik.si\" \/>\n<meta property=\"article:modified_time\" content=\"2026-03-22T19:50:38+00:00\" \/>\n<meta property=\"og:image\" content=\"https:\/\/svetslik.si\/wp-content\/uploads\/2021\/08\/image_Girlfriends-Gustav-Klimt_680.jpg\" \/>\n\t<meta property=\"og:image:width\" content=\"2024\" \/>\n\t<meta property=\"og:image:height\" content=\"2049\" \/>\n\t<meta property=\"og:image:type\" content=\"image\/jpeg\" \/>\n<meta name=\"twitter:card\" content=\"summary_large_image\" \/>\n<meta name=\"twitter:site\" content=\"@svetslik\" \/>\n<meta name=\"twitter:label1\" content=\"Verf\u00fcgbarkeit\" \/>\n\t<meta name=\"twitter:data1\" content=\"bei Nachbestellung\" \/>\n<script type=\"application\/ld+json\" class=\"yoast-schema-graph\">{\"@context\":\"https:\/\/schema.org\",\"@graph\":[{\"@type\":[\"WebPage\",\"ItemPage\"],\"@id\":\"https:\/\/svetslik.si\/de\/gustav-klimt-de\/girlfriends\/\",\"url\":\"https:\/\/svetslik.si\/de\/gustav-klimt-de\/girlfriends\/\",\"name\":\"Gustav Klimt - Girlfriends - SVETSLIK.SI - 100% handgemalt\",\"isPartOf\":{\"@id\":\"https:\/\/svetslik.si\/de\/#website\"},\"primaryImageOfPage\":{\"@id\":\"https:\/\/svetslik.si\/de\/gustav-klimt-de\/girlfriends\/#primaryimage\"},\"image\":{\"@id\":\"https:\/\/svetslik.si\/de\/gustav-klimt-de\/girlfriends\/#primaryimage\"},\"thumbnailUrl\":\"https:\/\/svetslik.si\/wp-content\/uploads\/2021\/08\/image_Girlfriends-Gustav-Klimt_680.jpg\",\"datePublished\":\"2021-09-02T16:23:39+00:00\",\"dateModified\":\"2026-03-22T19:50:38+00:00\",\"description\":\"Gustav Klimt - Girlfriends - 100% handgemalte Gem\u00e4lde - Verkauf von Reproduktionen ber\u00fchmter Gem\u00e4lde und abstrakter Kunst - Wandbilder f\u00fcr das Wohnzimmer\",\"breadcrumb\":{\"@id\":\"https:\/\/svetslik.si\/de\/gustav-klimt-de\/girlfriends\/#breadcrumb\"},\"inLanguage\":\"de\",\"potentialAction\":[{\"@type\":\"ReadAction\",\"target\":[\"https:\/\/svetslik.si\/de\/gustav-klimt-de\/girlfriends\/\"]}]},{\"@type\":\"ImageObject\",\"inLanguage\":\"de\",\"@id\":\"https:\/\/svetslik.si\/de\/gustav-klimt-de\/girlfriends\/#primaryimage\",\"url\":\"https:\/\/svetslik.si\/wp-content\/uploads\/2021\/08\/image_Girlfriends-Gustav-Klimt_680.jpg\",\"contentUrl\":\"https:\/\/svetslik.si\/wp-content\/uploads\/2021\/08\/image_Girlfriends-Gustav-Klimt_680.jpg\",\"width\":2024,\"height\":2049,\"caption\":\"Gustav Klimt - Girlfriends (Freundinnen) - Gem\u00e4lde, Leinwandbilder, Reproduktion\"},{\"@type\":\"BreadcrumbList\",\"@id\":\"https:\/\/svetslik.si\/de\/gustav-klimt-de\/girlfriends\/#breadcrumb\",\"itemListElement\":[{\"@type\":\"ListItem\",\"position\":1,\"name\":\"Wandkunst und Gem\u00e4lde auf Leinwand\",\"item\":\"https:\/\/svetslik.si\/de\/\"},{\"@type\":\"ListItem\",\"position\":2,\"name\":\"Verkauf von Gem\u00e4lden\",\"item\":\"https:\/\/svetslik.si\/prodaja-slik\/\"},{\"@type\":\"ListItem\",\"position\":3,\"name\":\"Gustav Klimt &#8211; Girlfriends\"}]},{\"@type\":\"WebSite\",\"@id\":\"https:\/\/svetslik.si\/de\/#website\",\"url\":\"https:\/\/svetslik.si\/de\/\",\"name\":\"SVETSLIK.SI\",\"description\":\"100% handgemalte Reproduktionen von Gem\u00e4lden ber\u00fchmter Maler und Gem\u00e4lde auf Leinwand.\",\"publisher\":{\"@id\":\"https:\/\/svetslik.si\/de\/#organization\"},\"potentialAction\":[{\"@type\":\"SearchAction\",\"target\":{\"@type\":\"EntryPoint\",\"urlTemplate\":\"https:\/\/svetslik.si\/de\/?s={search_term_string}\"},\"query-input\":{\"@type\":\"PropertyValueSpecification\",\"valueRequired\":true,\"valueName\":\"search_term_string\"}}],\"inLanguage\":\"de\"},{\"@type\":\"Organization\",\"@id\":\"https:\/\/svetslik.si\/de\/#organization\",\"name\":\"SvetSlik.si\",\"url\":\"https:\/\/svetslik.si\/de\/\",\"logo\":{\"@type\":\"ImageObject\",\"inLanguage\":\"de\",\"@id\":\"https:\/\/svetslik.si\/de\/#\/schema\/logo\/image\/\",\"url\":\"https:\/\/svetslik.si\/wp-content\/uploads\/2020\/12\/logo-512.png\",\"contentUrl\":\"https:\/\/svetslik.si\/wp-content\/uploads\/2020\/12\/logo-512.png\",\"width\":512,\"height\":512,\"caption\":\"SvetSlik.si\"},\"image\":{\"@id\":\"https:\/\/svetslik.si\/de\/#\/schema\/logo\/image\/\"},\"sameAs\":[\"https:\/\/www.facebook.com\/svetslik.si\",\"https:\/\/x.com\/svetslik\",\"https:\/\/www.instagram.com\/svetslik.si\/\",\"https:\/\/www.linkedin.com\/company\/svetslik-si\"]}]}<\/script>\n<meta property=\"og:availability\" content=\"backorder\" \/>\n<meta property=\"product:availability\" content=\"available for order\" \/>\n<meta property=\"product:retailer_item_id\" content=\"557__\" \/>\n<meta property=\"product:condition\" content=\"new\" \/>\n<!-- \/ Yoast SEO Premium plugin. -->","yoast_head_json":{"title":"Gustav Klimt - Girlfriends - SVETSLIK.SI - 100% handgemalt","description":"Gustav Klimt - Girlfriends - 100% handgemalte Gem\u00e4lde - Verkauf von Reproduktionen ber\u00fchmter Gem\u00e4lde und abstrakter Kunst - Wandbilder f\u00fcr das Wohnzimmer","robots":{"index":"index","follow":"follow","max-snippet":"max-snippet:-1","max-image-preview":"max-image-preview:large","max-video-preview":"max-video-preview:-1"},"canonical":"https:\/\/svetslik.si\/de\/gustav-klimt-de\/girlfriends\/","og_locale":"de_DE","og_type":"article","og_title":"Gustav Klimt - Girlfriends","og_description":"100% ro\u010dno naslikane slike na platnu, reprodukcije znanih slikarjev in umetni\u0161ke slike po naro\u010dilu.","og_url":"https:\/\/svetslik.si\/de\/gustav-klimt-de\/girlfriends\/","og_site_name":"SVETSLIK.SI","article_publisher":"https:\/\/www.facebook.com\/svetslik.si","article_modified_time":"2026-03-22T19:50:38+00:00","og_image":[{"width":2024,"height":2049,"url":"https:\/\/svetslik.si\/wp-content\/uploads\/2021\/08\/image_Girlfriends-Gustav-Klimt_680.jpg","type":"image\/jpeg"}],"twitter_card":"summary_large_image","twitter_site":"@svetslik","twitter_misc":{"Verf\u00fcgbarkeit":"bei Nachbestellung"},"schema":{"@context":"https:\/\/schema.org","@graph":[{"@type":["WebPage","ItemPage"],"@id":"https:\/\/svetslik.si\/de\/gustav-klimt-de\/girlfriends\/","url":"https:\/\/svetslik.si\/de\/gustav-klimt-de\/girlfriends\/","name":"Gustav Klimt - Girlfriends - SVETSLIK.SI - 100% handgemalt","isPartOf":{"@id":"https:\/\/svetslik.si\/de\/#website"},"primaryImageOfPage":{"@id":"https:\/\/svetslik.si\/de\/gustav-klimt-de\/girlfriends\/#primaryimage"},"image":{"@id":"https:\/\/svetslik.si\/de\/gustav-klimt-de\/girlfriends\/#primaryimage"},"thumbnailUrl":"https:\/\/svetslik.si\/wp-content\/uploads\/2021\/08\/image_Girlfriends-Gustav-Klimt_680.jpg","datePublished":"2021-09-02T16:23:39+00:00","dateModified":"2026-03-22T19:50:38+00:00","description":"Gustav Klimt - Girlfriends - 100% handgemalte Gem\u00e4lde - Verkauf von Reproduktionen ber\u00fchmter Gem\u00e4lde und abstrakter Kunst - Wandbilder f\u00fcr das Wohnzimmer","breadcrumb":{"@id":"https:\/\/svetslik.si\/de\/gustav-klimt-de\/girlfriends\/#breadcrumb"},"inLanguage":"de","potentialAction":[{"@type":"ReadAction","target":["https:\/\/svetslik.si\/de\/gustav-klimt-de\/girlfriends\/"]}]},{"@type":"ImageObject","inLanguage":"de","@id":"https:\/\/svetslik.si\/de\/gustav-klimt-de\/girlfriends\/#primaryimage","url":"https:\/\/svetslik.si\/wp-content\/uploads\/2021\/08\/image_Girlfriends-Gustav-Klimt_680.jpg","contentUrl":"https:\/\/svetslik.si\/wp-content\/uploads\/2021\/08\/image_Girlfriends-Gustav-Klimt_680.jpg","width":2024,"height":2049,"caption":"Gustav Klimt - Girlfriends (Freundinnen) - Gem\u00e4lde, Leinwandbilder, Reproduktion"},{"@type":"BreadcrumbList","@id":"https:\/\/svetslik.si\/de\/gustav-klimt-de\/girlfriends\/#breadcrumb","itemListElement":[{"@type":"ListItem","position":1,"name":"Wandkunst und Gem\u00e4lde auf Leinwand","item":"https:\/\/svetslik.si\/de\/"},{"@type":"ListItem","position":2,"name":"Verkauf von Gem\u00e4lden","item":"https:\/\/svetslik.si\/prodaja-slik\/"},{"@type":"ListItem","position":3,"name":"Gustav Klimt &#8211; Girlfriends"}]},{"@type":"WebSite","@id":"https:\/\/svetslik.si\/de\/#website","url":"https:\/\/svetslik.si\/de\/","name":"SVETSLIK.SI","description":"100% handgemalte Reproduktionen von Gem\u00e4lden ber\u00fchmter Maler und Gem\u00e4lde auf Leinwand.","publisher":{"@id":"https:\/\/svetslik.si\/de\/#organization"},"potentialAction":[{"@type":"SearchAction","target":{"@type":"EntryPoint","urlTemplate":"https:\/\/svetslik.si\/de\/?s={search_term_string}"},"query-input":{"@type":"PropertyValueSpecification","valueRequired":true,"valueName":"search_term_string"}}],"inLanguage":"de"},{"@type":"Organization","@id":"https:\/\/svetslik.si\/de\/#organization","name":"SvetSlik.si","url":"https:\/\/svetslik.si\/de\/","logo":{"@type":"ImageObject","inLanguage":"de","@id":"https:\/\/svetslik.si\/de\/#\/schema\/logo\/image\/","url":"https:\/\/svetslik.si\/wp-content\/uploads\/2020\/12\/logo-512.png","contentUrl":"https:\/\/svetslik.si\/wp-content\/uploads\/2020\/12\/logo-512.png","width":512,"height":512,"caption":"SvetSlik.si"},"image":{"@id":"https:\/\/svetslik.si\/de\/#\/schema\/logo\/image\/"},"sameAs":["https:\/\/www.facebook.com\/svetslik.si","https:\/\/x.com\/svetslik","https:\/\/www.instagram.com\/svetslik.si\/","https:\/\/www.linkedin.com\/company\/svetslik-si"]}]},"og_availability":"backorder","product_availability":"available for order","product_retailer_item_id":"557__","product_condition":"new"},"jetpack_sharing_enabled":true,"_links":{"self":[{"href":"https:\/\/svetslik.si\/de\/wp-json\/wp\/v2\/product\/69835","targetHints":{"allow":["GET"]}}],"collection":[{"href":"https:\/\/svetslik.si\/de\/wp-json\/wp\/v2\/product"}],"about":[{"href":"https:\/\/svetslik.si\/de\/wp-json\/wp\/v2\/types\/product"}],"wp:featuredmedia":[{"embeddable":true,"href":"https:\/\/svetslik.si\/de\/wp-json\/wp\/v2\/media\/63645"}],"wp:attachment":[{"href":"https:\/\/svetslik.si\/de\/wp-json\/wp\/v2\/media?parent=69835"}],"wp:term":[{"taxonomy":"product_brand","embeddable":true,"href":"https:\/\/svetslik.si\/de\/wp-json\/wp\/v2\/product_brand?post=69835"},{"taxonomy":"product_cat","embeddable":true,"href":"https:\/\/svetslik.si\/de\/wp-json\/wp\/v2\/product_cat?post=69835"},{"taxonomy":"product_tag","embeddable":true,"href":"https:\/\/svetslik.si\/de\/wp-json\/wp\/v2\/product_tag?post=69835"}],"curies":[{"name":"wp","href":"https:\/\/api.w.org\/{rel}","templated":true}]}}