{"id":69889,"date":"2021-09-02T18:24:39","date_gmt":"2021-09-02T16:24:39","guid":{"rendered":"https:\/\/svetslik.si\/unkategorisiert\/farm-garden-with-crucifix\/"},"modified":"2026-03-22T20:52:15","modified_gmt":"2026-03-22T19:52:15","slug":"farm-garden-with-crucifix","status":"publish","type":"product","link":"https:\/\/svetslik.si\/de\/gustav-klimt-de\/farm-garden-with-crucifix\/","title":{"rendered":"Gustav Klimt &#8211; Farm Garden with Crucifix"},"content":{"rendered":"<div class=\"wpb-content-wrapper\">[vc_row][vc_column][vc_column_text css=&#8221;&#8221;]\n<p data-pm-slice=\"1 1 []\"><div class=\"yt-lazy-video ratio-square\" data-id=\"HQsAbKgLeZs\"><\/div>\n[\/vc_column][\/vc_row][vc_row css=&#8221;.vc_custom_1714248151655{margin-bottom: 10px !important;}&#8221;][vc_column]\t<div class=\"et-image-825 et-image     et_image_link\">\n\t\t<div class=\"et-image-inner \">\n\t\t\t\t\t\t\t<div class=\"et-image-thumb \">\n\t\t\t\t\t<img decoding=\"async\" width=\"1000\" height=\"1004\" src=\"https:\/\/svetslik.si\/wp-content\/uploads\/2021\/09\/Gustav-Klimt-Farm-Garden-with-crucifix-reprodukcija1.jpg\" class=\"attachment-full\" alt=\"Gustav Klimt - Farm Garden with Crucifix\" title=\"Gustav Klimt - Farm Garden with Crucifix\" srcset=\"https:\/\/svetslik.si\/wp-content\/uploads\/2021\/09\/Gustav-Klimt-Farm-Garden-with-crucifix-reprodukcija1.jpg 1000w, https:\/\/svetslik.si\/wp-content\/uploads\/2021\/09\/Gustav-Klimt-Farm-Garden-with-crucifix-reprodukcija1-600x602.jpg 600w, https:\/\/svetslik.si\/wp-content\/uploads\/2021\/09\/Gustav-Klimt-Farm-Garden-with-crucifix-reprodukcija1-100x100.jpg 100w, https:\/\/svetslik.si\/wp-content\/uploads\/2021\/09\/Gustav-Klimt-Farm-Garden-with-crucifix-reprodukcija1-300x300.jpg 300w, https:\/\/svetslik.si\/wp-content\/uploads\/2021\/09\/Gustav-Klimt-Farm-Garden-with-crucifix-reprodukcija1-150x150.jpg 150w, https:\/\/svetslik.si\/wp-content\/uploads\/2021\/09\/Gustav-Klimt-Farm-Garden-with-crucifix-reprodukcija1-768x771.jpg 768w, https:\/\/svetslik.si\/wp-content\/uploads\/2021\/09\/Gustav-Klimt-Farm-Garden-with-crucifix-reprodukcija1-900x904.jpg 900w\" sizes=\"(max-width: 1000px) 100vw, 1000px\" \/>\t\t\t\t<\/div>\n\t\t\t\t\t\t\t\t\t\t\t<\/div>\n\t<\/div>\n  [\/vc_column][\/vc_row][vc_row css=&#8221;.vc_custom_1714248151655{margin-bottom: 10px !important;}&#8221;][vc_column]\t<div class=\"et-image-147 et-image     et_image_link\">\n\t\t<div class=\"et-image-inner \">\n\t\t\t\t\t\t\t<div class=\"et-image-thumb \">\n\t\t\t\t\t<img decoding=\"async\" width=\"1000\" height=\"1314\" src=\"https:\/\/svetslik.si\/wp-content\/uploads\/2021\/09\/Gustav-Klimt-Farm-Garden-with-crucifix-reprodukcija.jpg\" class=\"attachment-full\" alt=\"Gustav Klimt - Farm Garden with Crucifix\" title=\"Gustav Klimt - Farm Garden with Crucifix\" srcset=\"https:\/\/svetslik.si\/wp-content\/uploads\/2021\/09\/Gustav-Klimt-Farm-Garden-with-crucifix-reprodukcija.jpg 1000w, https:\/\/svetslik.si\/wp-content\/uploads\/2021\/09\/Gustav-Klimt-Farm-Garden-with-crucifix-reprodukcija-600x788.jpg 600w, https:\/\/svetslik.si\/wp-content\/uploads\/2021\/09\/Gustav-Klimt-Farm-Garden-with-crucifix-reprodukcija-228x300.jpg 228w, https:\/\/svetslik.si\/wp-content\/uploads\/2021\/09\/Gustav-Klimt-Farm-Garden-with-crucifix-reprodukcija-779x1024.jpg 779w, https:\/\/svetslik.si\/wp-content\/uploads\/2021\/09\/Gustav-Klimt-Farm-Garden-with-crucifix-reprodukcija-768x1009.jpg 768w, https:\/\/svetslik.si\/wp-content\/uploads\/2021\/09\/Gustav-Klimt-Farm-Garden-with-crucifix-reprodukcija-114x150.jpg 114w, https:\/\/svetslik.si\/wp-content\/uploads\/2021\/09\/Gustav-Klimt-Farm-Garden-with-crucifix-reprodukcija-900x1183.jpg 900w\" sizes=\"(max-width: 1000px) 100vw, 1000px\" \/>\t\t\t\t<\/div>\n\t\t\t\t\t\t\t\t\t\t\t<\/div>\n\t<\/div>\n  [\/vc_column][\/vc_row][vc_row css=&#8221;.vc_custom_1714248151655{margin-bottom: 10px !important;}&#8221;][vc_column]\t<div class=\"et-image-709 et-image     et_image_link\">\n\t\t<div class=\"et-image-inner \">\n\t\t\t\t\t\t\t<div class=\"et-image-thumb \">\n\t\t\t\t\t<img decoding=\"async\" width=\"1000\" height=\"709\" src=\"https:\/\/svetslik.si\/wp-content\/uploads\/2021\/09\/Gustav-Klimt-Farm-Garden-with-crucifix-reprodukcija4.jpg\" class=\"attachment-full\" alt=\"Gustav Klimt - Farm Garden with Crucifix\" title=\"Gustav Klimt - Farm Garden with Crucifix\" srcset=\"https:\/\/svetslik.si\/wp-content\/uploads\/2021\/09\/Gustav-Klimt-Farm-Garden-with-crucifix-reprodukcija4.jpg 1000w, https:\/\/svetslik.si\/wp-content\/uploads\/2021\/09\/Gustav-Klimt-Farm-Garden-with-crucifix-reprodukcija4-600x425.jpg 600w, https:\/\/svetslik.si\/wp-content\/uploads\/2021\/09\/Gustav-Klimt-Farm-Garden-with-crucifix-reprodukcija4-300x213.jpg 300w, https:\/\/svetslik.si\/wp-content\/uploads\/2021\/09\/Gustav-Klimt-Farm-Garden-with-crucifix-reprodukcija4-768x545.jpg 768w, https:\/\/svetslik.si\/wp-content\/uploads\/2021\/09\/Gustav-Klimt-Farm-Garden-with-crucifix-reprodukcija4-150x106.jpg 150w, https:\/\/svetslik.si\/wp-content\/uploads\/2021\/09\/Gustav-Klimt-Farm-Garden-with-crucifix-reprodukcija4-900x638.jpg 900w\" sizes=\"(max-width: 1000px) 100vw, 1000px\" \/>\t\t\t\t<\/div>\n\t\t\t\t\t\t\t\t\t\t\t<\/div>\n\t<\/div>\n  [\/vc_column][\/vc_row][vc_row css=&#8221;.vc_custom_1714248151655{margin-bottom: 10px !important;}&#8221;][vc_column]\t<div class=\"et-image-739 et-image     et_image_link\">\n\t\t<div class=\"et-image-inner \">\n\t\t\t\t\t\t\t<div class=\"et-image-thumb \">\n\t\t\t\t\t<img decoding=\"async\" width=\"1000\" height=\"563\" src=\"https:\/\/svetslik.si\/wp-content\/uploads\/2021\/09\/Gustav-Klimt-Farm-Garden-with-crucifix-reprodukcija2.jpg\" class=\"attachment-full\" alt=\"Gustav Klimt - Farm Garden with Crucifix\" title=\"Gustav Klimt - Farm Garden with Crucifix\" srcset=\"https:\/\/svetslik.si\/wp-content\/uploads\/2021\/09\/Gustav-Klimt-Farm-Garden-with-crucifix-reprodukcija2.jpg 1000w, https:\/\/svetslik.si\/wp-content\/uploads\/2021\/09\/Gustav-Klimt-Farm-Garden-with-crucifix-reprodukcija2-600x338.jpg 600w, https:\/\/svetslik.si\/wp-content\/uploads\/2021\/09\/Gustav-Klimt-Farm-Garden-with-crucifix-reprodukcija2-300x169.jpg 300w, https:\/\/svetslik.si\/wp-content\/uploads\/2021\/09\/Gustav-Klimt-Farm-Garden-with-crucifix-reprodukcija2-768x432.jpg 768w, https:\/\/svetslik.si\/wp-content\/uploads\/2021\/09\/Gustav-Klimt-Farm-Garden-with-crucifix-reprodukcija2-150x84.jpg 150w, https:\/\/svetslik.si\/wp-content\/uploads\/2021\/09\/Gustav-Klimt-Farm-Garden-with-crucifix-reprodukcija2-900x507.jpg 900w\" sizes=\"(max-width: 1000px) 100vw, 1000px\" \/>\t\t\t\t<\/div>\n\t\t\t\t\t\t\t\t\t\t\t<\/div>\n\t<\/div>\n  [\/vc_column][\/vc_row][vc_row][vc_column][vc_column_text]\n<h1>Gustav Klimt \u2013 Bauerngarten mit Kruzifix<\/h1>\n<p>&nbsp;<\/p>\n<table style=\"width: 593px;\" border=\"0\" width=\"593\" cellpadding=\"0\">\n<tbody>\n<tr>\n<td style=\"width: 155px; height: 21px;\" height=\"21\">Erstellungsjahr:<\/td>\n<td style=\"width: 439px;\">1911-1912<\/td>\n<\/tr>\n<tr>\n<td style=\"width: 155px; height: 21px;\" height=\"21\">Originalgr\u00f6\u00dfe:<\/td>\n<td style=\"width: 439px;\">110 cm x 110 cm<\/td>\n<\/tr>\n<tr>\n<td style=\"width: 155px; height: 21px;\" height=\"21\">Lackstil:<\/td>\n<td style=\"width: 439px;\">Sezession<\/td>\n<\/tr>\n<tr>\n<td style=\"width: 155px; height: 21px;\" height=\"21\">Originaltechnik:<\/td>\n<td style=\"width: 439px;\">\u00d6l auf Leinwand<\/td>\n<\/tr>\n<tr>\n<td style=\"width: 155px; height: 21px;\" height=\"21\">Standort:<\/td>\n<td style=\"width: 439px;\">Original 1945 zerst\u00f6rt<\/td>\n<\/tr>\n<\/tbody>\n<colgroup>\n<col \/>\n<col \/> <\/colgroup>\n<\/table>\n<p>Die Komposition des \u00d6ls auf Leinwand <em>Bauerngarten mit Kruzifix<\/em> ist einfach, die Linien sind nat\u00fcrlich. Das Bild ist jedoch voller Details und vermittelt eine wunderbare Atmosph\u00e4re. Das verschwommene alte Geb\u00e4ude im Hintergrund des \u00d6ls auf Leinwand und die \u00dcberwucherung des Kreuzes mit Blumen und Vegetation erwecken das Gef\u00fchl, dass Klimt auf dieses seit vielen Jahren unber\u00fchrte Grundst\u00fcck gesto\u00dfen ist.[\/vc_column_text][vc_column_text]\u201eBauerngarten mit Kruzifix\u201c, 1910 vom \u00f6sterreichischen K\u00fcnstler Gustav Klimt gemalt, gilt als eines der provokativsten und umstrittensten Werke des K\u00fcnstlers. Das Gem\u00e4lde zeigt einen Bauerngarten voller \u00fcppiger Vegetation und ein gro\u00dfes Kruzifix in der Mitte der Komposition. Das Kruzifix steht im Mittelpunkt des Gem\u00e4ldes und ist in einer stark stilisierten, vereinfachten und fast abstrakten Form dargestellt.<\/p>\n<p>Das Gem\u00e4lde ist ein hervorragendes Beispiel f\u00fcr Klimts Jugendstilstil, der durch die Verwendung kunstvoller Muster, kr\u00e4ftiger Farben und sinnlicher Themen gekennzeichnet war. Das Kruzifix ist stark stilisiert dargestellt, mit verl\u00e4ngerten Gliedma\u00dfen und vereinfachten Gesichtsz\u00fcgen, was dem Bild eine jenseitige und traumhafte Qualit\u00e4t verleiht.<\/p>\n<p>Eines der auff\u00e4lligsten Merkmale von \u201eFarm Garden with Crucifix\u201c ist die Verwendung kr\u00e4ftiger Farben und komplizierter Muster. Das Gem\u00e4lde ist ein Farbenrausch, wobei das Kruzifix, der Hintergrund und die dekorativen Elemente aus wirbelnden, ineinander verwobenen Mustern bestehen. Die Verwendung von Farben und Mustern erzeugt ein Gef\u00fchl von Bewegung und Fl\u00fcssigkeit, was angesichts des Themas Spiritualit\u00e4t und Natur des Gem\u00e4ldes angemessen ist.<\/p>\n<p>Auch die Symbolik des Gem\u00e4ldes ist reichhaltig. Das Kruzifix auf dem Bild ist ein Symbol des Christentums und des Opfers Jesu Christi. Das \u00fcppige Gr\u00fcn und die dekorativen Elemente im Gem\u00e4lde k\u00f6nnten eine Verbindung zwischen Natur und Spiritualit\u00e4t darstellen. Das Gem\u00e4lde wurde jedoch wegen seiner Darstellung der Kreuzigung kritisiert, da einige es als blasphemisch und respektlos empfanden.<\/p>\n<p>Das Gem\u00e4lde wurde bei seiner ersten Ausstellung von den Kritikern nicht gut aufgenommen und ist seitdem zu einem der umstrittensten Werke Klimts geworden. Es wird derzeit im Leopold Museum in Wien, \u00d6sterreich, aufbewahrt.<\/p>\n<p>Alles in allem ist \u201eBauerngarten mit Kruzifix\u201c ein zum Nachdenken anregendes und kontroverses Gem\u00e4lde, das die reich verzierten Muster, kr\u00e4ftigen Farben und sinnlichen Themen zeigt, die die Markenzeichen von Gustav Klimts Jugendstil sind. Die Verwendung von Farben und Mustern im Gem\u00e4lde erzeugt ein Gef\u00fchl von Bewegung und Fl\u00fcssigkeit, w\u00e4hrend das Kruzifix das Christentum und das Opfer Jesu Christi symbolisiert. Die Darstellung der Kreuzigung auf dem Gem\u00e4lde stie\u00df bei der Kritik auf Missfallen und bleibt eines der umstrittensten Werke Klimts. Es wird derzeit im Leopold Museum in Wien, \u00d6sterreich, aufbewahrt.[\/vc_column_text][\/vc_column][\/vc_row]\n<\/div>","protected":false},"excerpt":{"rendered":"<p>[vc_row][vc_column][vc_column_text css=&#8221;&#8221;] [\/vc_column][\/vc_row][vc_row css=&#8221;.vc_custom_1714248151655{margin-bottom: 10px !important;}&#8221;][vc_column][\/vc_column][\/vc_row][vc_row css=&#8221;.vc_custom_1714248151655{margin-bottom: 10px !important;}&#8221;][vc_column][\/vc_column][\/vc_row][vc_row css=&#8221;.vc_custom_1714248151655{margin-bottom: 10px !important;}&#8221;][vc_column][\/vc_column][\/vc_row][vc_row css=&#8221;.vc_custom_1714248151655{margin-bottom: 10px !important;}&#8221;][vc_column][\/vc_column][\/vc_row][vc_row][vc_column][vc_column_text] Gustav Klimt \u2013 Bauerngarten mit Kruzifix &nbsp; Erstellungsjahr: 1911-1912 Originalgr\u00f6\u00dfe: 110 cm x 110 cm Lackstil: Sezession Originaltechnik: \u00d6l auf Leinwand Standort: Original 1945 zerst\u00f6rt Die Komposition des \u00d6ls auf Leinwand Bauerngarten mit Kruzifix ist [&hellip;]<\/p>\n","protected":false},"featured_media":94363,"template":"","meta":{"_acf_changed":false},"product_brand":[],"product_cat":[8461],"product_tag":[8489,8493,8521,8513,8514],"class_list":{"0":"post-69889","1":"product","2":"type-product","3":"status-publish","4":"has-post-thumbnail","6":"product_cat-gustav-klimt-de","7":"product_tag-gustav-klimt-de","8":"product_tag-klimt-de","9":"product_tag-maler","10":"product_tag-reproduktion","11":"product_tag-reproduktionen","12":"pa_dimenzija-100-x-100-cm-de","13":"pa_dimenzija-110-x-110-cm-de","14":"pa_dimenzija-120-x-120-cm-de","15":"pa_dimenzija-150-x-150-cm-de","16":"pa_dimenzija-60-x-60-cm-de","17":"pa_dimenzija-70-x-70-cm-de","18":"pa_dimenzija-80-x-80-cm-de","19":"pa_dimenzija-90-x-90-cm-de","20":"pa_oblika-quadrat","21":"pa_okvir-ohne-rahmen","22":"pa_podokvir-ja","23":"pa_podokvir-nein","25":"first","26":"onbackorder","27":"purchasable","28":"product-type-variable","29":"has-default-attributes"},"acf":[],"yoast_head":"<!-- This site is optimized with the Yoast SEO Premium plugin v26.0 (Yoast SEO v27.2) - https:\/\/yoast.com\/product\/yoast-seo-premium-wordpress\/ -->\n<title>Gustav Klimt - Farm Garden with Crucifix - SVETSLIK.SI - 100% handgemalt<\/title>\n<meta name=\"description\" content=\"Gustav Klimt - Farm Garden with Crucifix - 100% handgemalte Gem\u00e4lde - Verkauf von Reproduktionen ber\u00fchmter Gem\u00e4lde und abstrakter Kunst - Wandbilder f\u00fcr das Wohnzimmer\" \/>\n<meta name=\"robots\" content=\"index, follow, max-snippet:-1, max-image-preview:large, max-video-preview:-1\" \/>\n<link rel=\"canonical\" href=\"https:\/\/svetslik.si\/de\/gustav-klimt-de\/farm-garden-with-crucifix\/\" \/>\n<meta property=\"og:locale\" content=\"de_DE\" \/>\n<meta property=\"og:type\" content=\"article\" \/>\n<meta property=\"og:title\" content=\"Gustav Klimt - Farm Garden with Crucifix\" \/>\n<meta property=\"og:description\" content=\"100% ro\u010dno naslikane slike na platnu, reprodukcije znanih slikarjev in umetni\u0161ke slike po naro\u010dilu.\" \/>\n<meta property=\"og:url\" content=\"https:\/\/svetslik.si\/de\/gustav-klimt-de\/farm-garden-with-crucifix\/\" \/>\n<meta property=\"og:site_name\" content=\"SVETSLIK.SI\" \/>\n<meta property=\"article:publisher\" content=\"https:\/\/www.facebook.com\/svetslik.si\" \/>\n<meta property=\"article:modified_time\" content=\"2026-03-22T19:52:15+00:00\" \/>\n<meta property=\"og:image\" content=\"https:\/\/svetslik.si\/wp-content\/uploads\/2021\/09\/Reprodukcija-slike-Gustav-Klimt-Farm-Garden-With-Crucifix.jpeg\" \/>\n\t<meta property=\"og:image:width\" content=\"1000\" \/>\n\t<meta property=\"og:image:height\" content=\"1000\" \/>\n\t<meta property=\"og:image:type\" content=\"image\/jpeg\" \/>\n<meta name=\"twitter:card\" content=\"summary_large_image\" \/>\n<meta name=\"twitter:site\" content=\"@svetslik\" \/>\n<meta name=\"twitter:label1\" content=\"Verf\u00fcgbarkeit\" \/>\n\t<meta name=\"twitter:data1\" content=\"bei Nachbestellung\" \/>\n<script type=\"application\/ld+json\" class=\"yoast-schema-graph\">{\"@context\":\"https:\/\/schema.org\",\"@graph\":[{\"@type\":[\"WebPage\",\"ItemPage\"],\"@id\":\"https:\/\/svetslik.si\/de\/gustav-klimt-de\/farm-garden-with-crucifix\/\",\"url\":\"https:\/\/svetslik.si\/de\/gustav-klimt-de\/farm-garden-with-crucifix\/\",\"name\":\"Gustav Klimt - Farm Garden with Crucifix - SVETSLIK.SI - 100% handgemalt\",\"isPartOf\":{\"@id\":\"https:\/\/svetslik.si\/de\/#website\"},\"primaryImageOfPage\":{\"@id\":\"https:\/\/svetslik.si\/de\/gustav-klimt-de\/farm-garden-with-crucifix\/#primaryimage\"},\"image\":{\"@id\":\"https:\/\/svetslik.si\/de\/gustav-klimt-de\/farm-garden-with-crucifix\/#primaryimage\"},\"thumbnailUrl\":\"https:\/\/svetslik.si\/wp-content\/uploads\/2021\/09\/Reprodukcija-slike-Gustav-Klimt-Farm-Garden-With-Crucifix.jpeg\",\"datePublished\":\"2021-09-02T16:24:39+00:00\",\"dateModified\":\"2026-03-22T19:52:15+00:00\",\"description\":\"Gustav Klimt - Farm Garden with Crucifix - 100% handgemalte Gem\u00e4lde - Verkauf von Reproduktionen ber\u00fchmter Gem\u00e4lde und abstrakter Kunst - Wandbilder f\u00fcr das Wohnzimmer\",\"breadcrumb\":{\"@id\":\"https:\/\/svetslik.si\/de\/gustav-klimt-de\/farm-garden-with-crucifix\/#breadcrumb\"},\"inLanguage\":\"de\",\"potentialAction\":[{\"@type\":\"ReadAction\",\"target\":[\"https:\/\/svetslik.si\/de\/gustav-klimt-de\/farm-garden-with-crucifix\/\"]}]},{\"@type\":\"ImageObject\",\"inLanguage\":\"de\",\"@id\":\"https:\/\/svetslik.si\/de\/gustav-klimt-de\/farm-garden-with-crucifix\/#primaryimage\",\"url\":\"https:\/\/svetslik.si\/wp-content\/uploads\/2021\/09\/Reprodukcija-slike-Gustav-Klimt-Farm-Garden-With-Crucifix.jpeg\",\"contentUrl\":\"https:\/\/svetslik.si\/wp-content\/uploads\/2021\/09\/Reprodukcija-slike-Gustav-Klimt-Farm-Garden-With-Crucifix.jpeg\",\"width\":1000,\"height\":1000,\"caption\":\"Reprodukcija slike Gustav Klimt - Farm Garden With Crucifix\"},{\"@type\":\"BreadcrumbList\",\"@id\":\"https:\/\/svetslik.si\/de\/gustav-klimt-de\/farm-garden-with-crucifix\/#breadcrumb\",\"itemListElement\":[{\"@type\":\"ListItem\",\"position\":1,\"name\":\"Wandkunst und Gem\u00e4lde auf Leinwand\",\"item\":\"https:\/\/svetslik.si\/de\/\"},{\"@type\":\"ListItem\",\"position\":2,\"name\":\"Verkauf von Gem\u00e4lden\",\"item\":\"https:\/\/svetslik.si\/prodaja-slik\/\"},{\"@type\":\"ListItem\",\"position\":3,\"name\":\"Gustav Klimt &#8211; Farm Garden with Crucifix\"}]},{\"@type\":\"WebSite\",\"@id\":\"https:\/\/svetslik.si\/de\/#website\",\"url\":\"https:\/\/svetslik.si\/de\/\",\"name\":\"SVETSLIK.SI\",\"description\":\"100% handgemalte Reproduktionen von Gem\u00e4lden ber\u00fchmter Maler und Gem\u00e4lde auf Leinwand.\",\"publisher\":{\"@id\":\"https:\/\/svetslik.si\/de\/#organization\"},\"potentialAction\":[{\"@type\":\"SearchAction\",\"target\":{\"@type\":\"EntryPoint\",\"urlTemplate\":\"https:\/\/svetslik.si\/de\/?s={search_term_string}\"},\"query-input\":{\"@type\":\"PropertyValueSpecification\",\"valueRequired\":true,\"valueName\":\"search_term_string\"}}],\"inLanguage\":\"de\"},{\"@type\":\"Organization\",\"@id\":\"https:\/\/svetslik.si\/de\/#organization\",\"name\":\"SvetSlik.si\",\"url\":\"https:\/\/svetslik.si\/de\/\",\"logo\":{\"@type\":\"ImageObject\",\"inLanguage\":\"de\",\"@id\":\"https:\/\/svetslik.si\/de\/#\/schema\/logo\/image\/\",\"url\":\"https:\/\/svetslik.si\/wp-content\/uploads\/2020\/12\/logo-512.png\",\"contentUrl\":\"https:\/\/svetslik.si\/wp-content\/uploads\/2020\/12\/logo-512.png\",\"width\":512,\"height\":512,\"caption\":\"SvetSlik.si\"},\"image\":{\"@id\":\"https:\/\/svetslik.si\/de\/#\/schema\/logo\/image\/\"},\"sameAs\":[\"https:\/\/www.facebook.com\/svetslik.si\",\"https:\/\/x.com\/svetslik\",\"https:\/\/www.instagram.com\/svetslik.si\/\",\"https:\/\/www.linkedin.com\/company\/svetslik-si\"]}]}<\/script>\n<meta property=\"og:availability\" content=\"backorder\" \/>\n<meta property=\"product:availability\" content=\"available for order\" \/>\n<meta property=\"product:retailer_item_id\" content=\"563__\" \/>\n<meta property=\"product:condition\" content=\"new\" \/>\n<!-- \/ Yoast SEO Premium plugin. -->","yoast_head_json":{"title":"Gustav Klimt - Farm Garden with Crucifix - SVETSLIK.SI - 100% handgemalt","description":"Gustav Klimt - Farm Garden with Crucifix - 100% handgemalte Gem\u00e4lde - Verkauf von Reproduktionen ber\u00fchmter Gem\u00e4lde und abstrakter Kunst - Wandbilder f\u00fcr das Wohnzimmer","robots":{"index":"index","follow":"follow","max-snippet":"max-snippet:-1","max-image-preview":"max-image-preview:large","max-video-preview":"max-video-preview:-1"},"canonical":"https:\/\/svetslik.si\/de\/gustav-klimt-de\/farm-garden-with-crucifix\/","og_locale":"de_DE","og_type":"article","og_title":"Gustav Klimt - Farm Garden with Crucifix","og_description":"100% ro\u010dno naslikane slike na platnu, reprodukcije znanih slikarjev in umetni\u0161ke slike po naro\u010dilu.","og_url":"https:\/\/svetslik.si\/de\/gustav-klimt-de\/farm-garden-with-crucifix\/","og_site_name":"SVETSLIK.SI","article_publisher":"https:\/\/www.facebook.com\/svetslik.si","article_modified_time":"2026-03-22T19:52:15+00:00","og_image":[{"width":1000,"height":1000,"url":"https:\/\/svetslik.si\/wp-content\/uploads\/2021\/09\/Reprodukcija-slike-Gustav-Klimt-Farm-Garden-With-Crucifix.jpeg","type":"image\/jpeg"}],"twitter_card":"summary_large_image","twitter_site":"@svetslik","twitter_misc":{"Verf\u00fcgbarkeit":"bei Nachbestellung"},"schema":{"@context":"https:\/\/schema.org","@graph":[{"@type":["WebPage","ItemPage"],"@id":"https:\/\/svetslik.si\/de\/gustav-klimt-de\/farm-garden-with-crucifix\/","url":"https:\/\/svetslik.si\/de\/gustav-klimt-de\/farm-garden-with-crucifix\/","name":"Gustav Klimt - Farm Garden with Crucifix - SVETSLIK.SI - 100% handgemalt","isPartOf":{"@id":"https:\/\/svetslik.si\/de\/#website"},"primaryImageOfPage":{"@id":"https:\/\/svetslik.si\/de\/gustav-klimt-de\/farm-garden-with-crucifix\/#primaryimage"},"image":{"@id":"https:\/\/svetslik.si\/de\/gustav-klimt-de\/farm-garden-with-crucifix\/#primaryimage"},"thumbnailUrl":"https:\/\/svetslik.si\/wp-content\/uploads\/2021\/09\/Reprodukcija-slike-Gustav-Klimt-Farm-Garden-With-Crucifix.jpeg","datePublished":"2021-09-02T16:24:39+00:00","dateModified":"2026-03-22T19:52:15+00:00","description":"Gustav Klimt - Farm Garden with Crucifix - 100% handgemalte Gem\u00e4lde - Verkauf von Reproduktionen ber\u00fchmter Gem\u00e4lde und abstrakter Kunst - Wandbilder f\u00fcr das Wohnzimmer","breadcrumb":{"@id":"https:\/\/svetslik.si\/de\/gustav-klimt-de\/farm-garden-with-crucifix\/#breadcrumb"},"inLanguage":"de","potentialAction":[{"@type":"ReadAction","target":["https:\/\/svetslik.si\/de\/gustav-klimt-de\/farm-garden-with-crucifix\/"]}]},{"@type":"ImageObject","inLanguage":"de","@id":"https:\/\/svetslik.si\/de\/gustav-klimt-de\/farm-garden-with-crucifix\/#primaryimage","url":"https:\/\/svetslik.si\/wp-content\/uploads\/2021\/09\/Reprodukcija-slike-Gustav-Klimt-Farm-Garden-With-Crucifix.jpeg","contentUrl":"https:\/\/svetslik.si\/wp-content\/uploads\/2021\/09\/Reprodukcija-slike-Gustav-Klimt-Farm-Garden-With-Crucifix.jpeg","width":1000,"height":1000,"caption":"Reprodukcija slike Gustav Klimt - Farm Garden With Crucifix"},{"@type":"BreadcrumbList","@id":"https:\/\/svetslik.si\/de\/gustav-klimt-de\/farm-garden-with-crucifix\/#breadcrumb","itemListElement":[{"@type":"ListItem","position":1,"name":"Wandkunst und Gem\u00e4lde auf Leinwand","item":"https:\/\/svetslik.si\/de\/"},{"@type":"ListItem","position":2,"name":"Verkauf von Gem\u00e4lden","item":"https:\/\/svetslik.si\/prodaja-slik\/"},{"@type":"ListItem","position":3,"name":"Gustav Klimt &#8211; Farm Garden with Crucifix"}]},{"@type":"WebSite","@id":"https:\/\/svetslik.si\/de\/#website","url":"https:\/\/svetslik.si\/de\/","name":"SVETSLIK.SI","description":"100% handgemalte Reproduktionen von Gem\u00e4lden ber\u00fchmter Maler und Gem\u00e4lde auf Leinwand.","publisher":{"@id":"https:\/\/svetslik.si\/de\/#organization"},"potentialAction":[{"@type":"SearchAction","target":{"@type":"EntryPoint","urlTemplate":"https:\/\/svetslik.si\/de\/?s={search_term_string}"},"query-input":{"@type":"PropertyValueSpecification","valueRequired":true,"valueName":"search_term_string"}}],"inLanguage":"de"},{"@type":"Organization","@id":"https:\/\/svetslik.si\/de\/#organization","name":"SvetSlik.si","url":"https:\/\/svetslik.si\/de\/","logo":{"@type":"ImageObject","inLanguage":"de","@id":"https:\/\/svetslik.si\/de\/#\/schema\/logo\/image\/","url":"https:\/\/svetslik.si\/wp-content\/uploads\/2020\/12\/logo-512.png","contentUrl":"https:\/\/svetslik.si\/wp-content\/uploads\/2020\/12\/logo-512.png","width":512,"height":512,"caption":"SvetSlik.si"},"image":{"@id":"https:\/\/svetslik.si\/de\/#\/schema\/logo\/image\/"},"sameAs":["https:\/\/www.facebook.com\/svetslik.si","https:\/\/x.com\/svetslik","https:\/\/www.instagram.com\/svetslik.si\/","https:\/\/www.linkedin.com\/company\/svetslik-si"]}]},"og_availability":"backorder","product_availability":"available for order","product_retailer_item_id":"563__","product_condition":"new"},"jetpack_sharing_enabled":true,"_links":{"self":[{"href":"https:\/\/svetslik.si\/de\/wp-json\/wp\/v2\/product\/69889","targetHints":{"allow":["GET"]}}],"collection":[{"href":"https:\/\/svetslik.si\/de\/wp-json\/wp\/v2\/product"}],"about":[{"href":"https:\/\/svetslik.si\/de\/wp-json\/wp\/v2\/types\/product"}],"wp:featuredmedia":[{"embeddable":true,"href":"https:\/\/svetslik.si\/de\/wp-json\/wp\/v2\/media\/94363"}],"wp:attachment":[{"href":"https:\/\/svetslik.si\/de\/wp-json\/wp\/v2\/media?parent=69889"}],"wp:term":[{"taxonomy":"product_brand","embeddable":true,"href":"https:\/\/svetslik.si\/de\/wp-json\/wp\/v2\/product_brand?post=69889"},{"taxonomy":"product_cat","embeddable":true,"href":"https:\/\/svetslik.si\/de\/wp-json\/wp\/v2\/product_cat?post=69889"},{"taxonomy":"product_tag","embeddable":true,"href":"https:\/\/svetslik.si\/de\/wp-json\/wp\/v2\/product_tag?post=69889"}],"curies":[{"name":"wp","href":"https:\/\/api.w.org\/{rel}","templated":true}]}}