{"id":69898,"date":"2021-09-02T18:24:39","date_gmt":"2021-09-02T16:24:39","guid":{"rendered":"https:\/\/svetslik.si\/unkategorisiert\/farm-garden-with-sunflowers\/"},"modified":"2026-03-22T20:52:15","modified_gmt":"2026-03-22T19:52:15","slug":"farm-garden-with-sunflowers","status":"publish","type":"product","link":"https:\/\/svetslik.si\/de\/gustav-klimt-de\/farm-garden-with-sunflowers\/","title":{"rendered":"Gustav Klimt &#8211; Farm Garden with Sunflowers"},"content":{"rendered":"<div class=\"wpb-content-wrapper\">[vc_row][vc_column][vc_column_text]\n<h1>Gustav Klimt \u2013 Bauerngarten mit Sonnenblumen<\/h1>\n<p>&nbsp;<\/p>\n<table style=\"width: 593px\" border=\"0\" width=\"593\" cellpadding=\"0\">\n<tbody>\n<tr>\n<td style=\"width: 155px;height: 21px\" height=\"21\">Erstellungsjahr:<\/td>\n<td style=\"width: 439px\">1907<\/td>\n<\/tr>\n<tr>\n<td style=\"width: 155px;height: 21px\" height=\"21\">Originalgr\u00f6\u00dfe:<\/td>\n<td style=\"width: 439px\">110 cm x 110 cm<\/td>\n<\/tr>\n<tr>\n<td style=\"width: 155px;height: 21px\" height=\"21\">Lackstil:<\/td>\n<td style=\"width: 439px\">Sezession<\/td>\n<\/tr>\n<tr>\n<td style=\"width: 155px;height: 21px\" height=\"21\">Originaltechnik:<\/td>\n<td style=\"width: 439px\">\u00d6l auf Leinwand<\/td>\n<\/tr>\n<tr>\n<td style=\"width: 155px;height: 21px\" height=\"21\">Standort:<\/td>\n<td style=\"width: 439px\">Belvedere, Wien<\/td>\n<\/tr>\n<\/tbody>\n<colgroup>\n<col \/> <\/colgroup>\n<\/table>\n<p>Klimts Sonnenblumen in \u00d6l auf Leinwand<em>Bauerngarten mit Sonnenblumen<\/em>umgibt eine fast mystische Aura; Wie verliebte Feen sind sie in der Bildmitte platziert, wobei ihre langen gr\u00fcnen Fl\u00fcgel zum Boden fallen. Die Gesichter der Sonnenblumen sind dunkel und geheimnisvoll und mit einem goldenen Ring bedeckt, als ob sie eine kosmische Bedeutung f\u00fcr den Maler darstellen w\u00fcrden. Das Gem\u00e4lde wurde 1907 vom \u00f6sterreichischen K\u00fcnstler Gustav Klimt gemalt und gilt als eines der auff\u00e4lligsten und lebendigsten Werke des K\u00fcnstlers. Das Bild zeigt einen Bauerngarten voller Sonnenblumen vor einem lebendigen und farbenfrohen Hintergrund. Sonnenblumen stehen im Mittelpunkt des Gem\u00e4ldes und werden in einem fast abstrakten Stil mit kr\u00e4ftigen und leuchtenden Farben dargestellt.<\/p>\n<p>Das Gem\u00e4lde ist ein hervorragendes Beispiel f\u00fcr Klimts Jugendstilstil, der durch die Verwendung kunstvoller Muster, kr\u00e4ftiger Farben und sinnlicher Themen gekennzeichnet war. Sonnenblumen werden auf stark stilisierte Weise dargestellt, mit l\u00e4nglichen Bl\u00fctenbl\u00e4ttern und vereinfachten Formen, was dem Bild eine jenseitige und traumhafte Qualit\u00e4t verleiht.<\/p>\n<p>Eines der auff\u00e4lligsten Merkmale von \u201eSunflower Farmhouse\u201c ist die Verwendung kr\u00e4ftiger Farben und komplizierter Muster. Das Gem\u00e4lde ist ein Farbenrausch, wobei die Sonnenblumen, der Hintergrund und die dekorativen Elemente aus wirbelnden, ineinandergreifenden Mustern bestehen. Die Verwendung von Farbe und Muster erzeugt ein Gef\u00fchl von Bewegung und Fl\u00fcssigkeit, was angesichts des Themas des Gem\u00e4ldes, Natur und Sch\u00f6nheit, angemessen ist.<\/p>\n<p>Die Symbolik des Gem\u00e4ldes ist ebenfalls reichhaltig. Sonnenblumen sind auf dem Bild oft als Symbole f\u00fcr Gl\u00fcck, Langlebigkeit und Fr\u00f6hlichkeit zu sehen. Ein lebendiger und farbenfroher Hintergrund k\u00f6nnte die Freude und Sch\u00f6nheit der Natur darstellen. Die dekorativen Elemente im Bild k\u00f6nnten auch eine Verbindung zwischen Natur und Kunst darstellen.<\/p>\n<p>Das Gem\u00e4lde wurde von den Kritikern bei seiner ersten Ausstellung gut aufgenommen und ist seitdem zu einem der bekanntesten und ber\u00fchmtesten Werke Klimts geworden. Es wird derzeit im Leopold Museum in Wien, \u00d6sterreich, aufbewahrt.<\/p>\n<p>Kurz gesagt, \u201eBauerngarten mit Sonnenblumen\u201c ist ein wichtiges und ikonisches Gem\u00e4lde, das die kunstvollen Muster, kr\u00e4ftigen Farben und sinnlichen Themen zeigt, die die Markenzeichen von Gustav Klimts Jugendstil sind. Die Verwendung von Farben und Mustern im Gem\u00e4lde erzeugt ein Gef\u00fchl von Bewegung und Fl\u00fcssigkeit, w\u00e4hrend die Sonnenblumen Gl\u00fcck, Langlebigkeit und Gl\u00fcck symbolisieren. Das Gem\u00e4lde gilt als eines der bekanntesten und ber\u00fchmtesten Werke Klimts und befindet sich derzeit im Leopold Museum in Wien, \u00d6sterreich.[\/vc_column_text][\/vc_column][\/vc_row]\n<\/div>","protected":false},"excerpt":{"rendered":"<p>[vc_row][vc_column][vc_column_text] Gustav Klimt \u2013 Bauerngarten mit Sonnenblumen &nbsp; Erstellungsjahr: 1907 Originalgr\u00f6\u00dfe: 110 cm x 110 cm Lackstil: Sezession Originaltechnik: \u00d6l auf Leinwand Standort: Belvedere, Wien Klimts Sonnenblumen in \u00d6l auf LeinwandBauerngarten mit Sonnenblumenumgibt eine fast mystische Aura; Wie verliebte Feen sind sie in der Bildmitte platziert, wobei ihre langen gr\u00fcnen [&hellip;]<\/p>\n","protected":false},"featured_media":94357,"template":"","meta":{"_acf_changed":false},"product_brand":[],"product_cat":[8461],"product_tag":[8489,8493,8521,8513,8514],"class_list":{"0":"post-69898","1":"product","2":"type-product","3":"status-publish","4":"has-post-thumbnail","6":"product_cat-gustav-klimt-de","7":"product_tag-gustav-klimt-de","8":"product_tag-klimt-de","9":"product_tag-maler","10":"product_tag-reproduktion","11":"product_tag-reproduktionen","12":"pa_dimenzija-100-x-100-cm-de","13":"pa_dimenzija-110-x-110-cm-de","14":"pa_dimenzija-120-x-120-cm-de","15":"pa_dimenzija-150-x-150-cm-de","16":"pa_dimenzija-60-x-60-cm-de","17":"pa_dimenzija-70-x-70-cm-de","18":"pa_dimenzija-80-x-80-cm-de","19":"pa_dimenzija-90-x-90-cm-de","20":"pa_oblika-quadrat","21":"pa_okvir-ohne-rahmen","22":"pa_podokvir-ja","23":"pa_podokvir-nein","25":"first","26":"onbackorder","27":"purchasable","28":"product-type-variable","29":"has-default-attributes"},"acf":[],"yoast_head":"<!-- This site is optimized with the Yoast SEO Premium plugin v26.0 (Yoast SEO v27.2) - https:\/\/yoast.com\/product\/yoast-seo-premium-wordpress\/ -->\n<title>Gustav Klimt - Farm Garden with Sunflowers - SVETSLIK.SI - 100% handgemalt<\/title>\n<meta name=\"description\" content=\"Gustav Klimt - Farm Garden with Sunflowers - 100% handgemalte Gem\u00e4lde - Verkauf von Reproduktionen ber\u00fchmter Gem\u00e4lde und abstrakter Kunst - Wandbilder f\u00fcr das Wohnzimmer\" \/>\n<meta name=\"robots\" content=\"index, follow, max-snippet:-1, max-image-preview:large, max-video-preview:-1\" \/>\n<link rel=\"canonical\" href=\"https:\/\/svetslik.si\/de\/gustav-klimt-de\/farm-garden-with-sunflowers\/\" \/>\n<meta property=\"og:locale\" content=\"de_DE\" \/>\n<meta property=\"og:type\" content=\"article\" \/>\n<meta property=\"og:title\" content=\"Gustav Klimt - Farm Garden with Sunflowers\" \/>\n<meta property=\"og:description\" content=\"100% ro\u010dno naslikane slike na platnu, reprodukcije znanih slikarjev in umetni\u0161ke slike po naro\u010dilu.\" \/>\n<meta property=\"og:url\" content=\"https:\/\/svetslik.si\/de\/gustav-klimt-de\/farm-garden-with-sunflowers\/\" \/>\n<meta property=\"og:site_name\" content=\"SVETSLIK.SI\" \/>\n<meta property=\"article:publisher\" content=\"https:\/\/www.facebook.com\/svetslik.si\" \/>\n<meta property=\"article:modified_time\" content=\"2026-03-22T19:52:15+00:00\" \/>\n<meta property=\"og:image\" content=\"https:\/\/svetslik.si\/wp-content\/uploads\/2021\/09\/Gustav_Klimt_1907_Farm_Garden_with_Sunflowers-scaled.jpg\" \/>\n\t<meta property=\"og:image:width\" content=\"2526\" \/>\n\t<meta property=\"og:image:height\" content=\"2560\" \/>\n\t<meta property=\"og:image:type\" content=\"image\/jpeg\" \/>\n<meta name=\"twitter:card\" content=\"summary_large_image\" \/>\n<meta name=\"twitter:site\" content=\"@svetslik\" \/>\n<meta name=\"twitter:label1\" content=\"Verf\u00fcgbarkeit\" \/>\n\t<meta name=\"twitter:data1\" content=\"bei Nachbestellung\" \/>\n<script type=\"application\/ld+json\" class=\"yoast-schema-graph\">{\"@context\":\"https:\/\/schema.org\",\"@graph\":[{\"@type\":[\"WebPage\",\"ItemPage\"],\"@id\":\"https:\/\/svetslik.si\/de\/gustav-klimt-de\/farm-garden-with-sunflowers\/\",\"url\":\"https:\/\/svetslik.si\/de\/gustav-klimt-de\/farm-garden-with-sunflowers\/\",\"name\":\"Gustav Klimt - Farm Garden with Sunflowers - SVETSLIK.SI - 100% handgemalt\",\"isPartOf\":{\"@id\":\"https:\/\/svetslik.si\/de\/#website\"},\"primaryImageOfPage\":{\"@id\":\"https:\/\/svetslik.si\/de\/gustav-klimt-de\/farm-garden-with-sunflowers\/#primaryimage\"},\"image\":{\"@id\":\"https:\/\/svetslik.si\/de\/gustav-klimt-de\/farm-garden-with-sunflowers\/#primaryimage\"},\"thumbnailUrl\":\"https:\/\/svetslik.si\/wp-content\/uploads\/2021\/09\/Gustav_Klimt_1907_Farm_Garden_with_Sunflowers-scaled.jpg\",\"datePublished\":\"2021-09-02T16:24:39+00:00\",\"dateModified\":\"2026-03-22T19:52:15+00:00\",\"description\":\"Gustav Klimt - Farm Garden with Sunflowers - 100% handgemalte Gem\u00e4lde - Verkauf von Reproduktionen ber\u00fchmter Gem\u00e4lde und abstrakter Kunst - Wandbilder f\u00fcr das Wohnzimmer\",\"breadcrumb\":{\"@id\":\"https:\/\/svetslik.si\/de\/gustav-klimt-de\/farm-garden-with-sunflowers\/#breadcrumb\"},\"inLanguage\":\"de\",\"potentialAction\":[{\"@type\":\"ReadAction\",\"target\":[\"https:\/\/svetslik.si\/de\/gustav-klimt-de\/farm-garden-with-sunflowers\/\"]}]},{\"@type\":\"ImageObject\",\"inLanguage\":\"de\",\"@id\":\"https:\/\/svetslik.si\/de\/gustav-klimt-de\/farm-garden-with-sunflowers\/#primaryimage\",\"url\":\"https:\/\/svetslik.si\/wp-content\/uploads\/2021\/09\/Gustav_Klimt_1907_Farm_Garden_with_Sunflowers-scaled.jpg\",\"contentUrl\":\"https:\/\/svetslik.si\/wp-content\/uploads\/2021\/09\/Gustav_Klimt_1907_Farm_Garden_with_Sunflowers-scaled.jpg\",\"width\":2526,\"height\":2560,\"caption\":\"gustav Klimt farm garden with sunflowers\"},{\"@type\":\"BreadcrumbList\",\"@id\":\"https:\/\/svetslik.si\/de\/gustav-klimt-de\/farm-garden-with-sunflowers\/#breadcrumb\",\"itemListElement\":[{\"@type\":\"ListItem\",\"position\":1,\"name\":\"Wandkunst und Gem\u00e4lde auf Leinwand\",\"item\":\"https:\/\/svetslik.si\/de\/\"},{\"@type\":\"ListItem\",\"position\":2,\"name\":\"Verkauf von Gem\u00e4lden\",\"item\":\"https:\/\/svetslik.si\/prodaja-slik\/\"},{\"@type\":\"ListItem\",\"position\":3,\"name\":\"Gustav Klimt &#8211; Farm Garden with Sunflowers\"}]},{\"@type\":\"WebSite\",\"@id\":\"https:\/\/svetslik.si\/de\/#website\",\"url\":\"https:\/\/svetslik.si\/de\/\",\"name\":\"SVETSLIK.SI\",\"description\":\"100% handgemalte Reproduktionen von Gem\u00e4lden ber\u00fchmter Maler und Gem\u00e4lde auf Leinwand.\",\"publisher\":{\"@id\":\"https:\/\/svetslik.si\/de\/#organization\"},\"potentialAction\":[{\"@type\":\"SearchAction\",\"target\":{\"@type\":\"EntryPoint\",\"urlTemplate\":\"https:\/\/svetslik.si\/de\/?s={search_term_string}\"},\"query-input\":{\"@type\":\"PropertyValueSpecification\",\"valueRequired\":true,\"valueName\":\"search_term_string\"}}],\"inLanguage\":\"de\"},{\"@type\":\"Organization\",\"@id\":\"https:\/\/svetslik.si\/de\/#organization\",\"name\":\"SvetSlik.si\",\"url\":\"https:\/\/svetslik.si\/de\/\",\"logo\":{\"@type\":\"ImageObject\",\"inLanguage\":\"de\",\"@id\":\"https:\/\/svetslik.si\/de\/#\/schema\/logo\/image\/\",\"url\":\"https:\/\/svetslik.si\/wp-content\/uploads\/2020\/12\/logo-512.png\",\"contentUrl\":\"https:\/\/svetslik.si\/wp-content\/uploads\/2020\/12\/logo-512.png\",\"width\":512,\"height\":512,\"caption\":\"SvetSlik.si\"},\"image\":{\"@id\":\"https:\/\/svetslik.si\/de\/#\/schema\/logo\/image\/\"},\"sameAs\":[\"https:\/\/www.facebook.com\/svetslik.si\",\"https:\/\/x.com\/svetslik\",\"https:\/\/www.instagram.com\/svetslik.si\/\",\"https:\/\/www.linkedin.com\/company\/svetslik-si\"]}]}<\/script>\n<meta property=\"og:availability\" content=\"backorder\" \/>\n<meta property=\"product:availability\" content=\"available for order\" \/>\n<meta property=\"product:retailer_item_id\" content=\"564__\" \/>\n<meta property=\"product:condition\" content=\"new\" \/>\n<!-- \/ Yoast SEO Premium plugin. -->","yoast_head_json":{"title":"Gustav Klimt - Farm Garden with Sunflowers - SVETSLIK.SI - 100% handgemalt","description":"Gustav Klimt - Farm Garden with Sunflowers - 100% handgemalte Gem\u00e4lde - Verkauf von Reproduktionen ber\u00fchmter Gem\u00e4lde und abstrakter Kunst - Wandbilder f\u00fcr das Wohnzimmer","robots":{"index":"index","follow":"follow","max-snippet":"max-snippet:-1","max-image-preview":"max-image-preview:large","max-video-preview":"max-video-preview:-1"},"canonical":"https:\/\/svetslik.si\/de\/gustav-klimt-de\/farm-garden-with-sunflowers\/","og_locale":"de_DE","og_type":"article","og_title":"Gustav Klimt - Farm Garden with Sunflowers","og_description":"100% ro\u010dno naslikane slike na platnu, reprodukcije znanih slikarjev in umetni\u0161ke slike po naro\u010dilu.","og_url":"https:\/\/svetslik.si\/de\/gustav-klimt-de\/farm-garden-with-sunflowers\/","og_site_name":"SVETSLIK.SI","article_publisher":"https:\/\/www.facebook.com\/svetslik.si","article_modified_time":"2026-03-22T19:52:15+00:00","og_image":[{"width":2526,"height":2560,"url":"https:\/\/svetslik.si\/wp-content\/uploads\/2021\/09\/Gustav_Klimt_1907_Farm_Garden_with_Sunflowers-scaled.jpg","type":"image\/jpeg"}],"twitter_card":"summary_large_image","twitter_site":"@svetslik","twitter_misc":{"Verf\u00fcgbarkeit":"bei Nachbestellung"},"schema":{"@context":"https:\/\/schema.org","@graph":[{"@type":["WebPage","ItemPage"],"@id":"https:\/\/svetslik.si\/de\/gustav-klimt-de\/farm-garden-with-sunflowers\/","url":"https:\/\/svetslik.si\/de\/gustav-klimt-de\/farm-garden-with-sunflowers\/","name":"Gustav Klimt - Farm Garden with Sunflowers - SVETSLIK.SI - 100% handgemalt","isPartOf":{"@id":"https:\/\/svetslik.si\/de\/#website"},"primaryImageOfPage":{"@id":"https:\/\/svetslik.si\/de\/gustav-klimt-de\/farm-garden-with-sunflowers\/#primaryimage"},"image":{"@id":"https:\/\/svetslik.si\/de\/gustav-klimt-de\/farm-garden-with-sunflowers\/#primaryimage"},"thumbnailUrl":"https:\/\/svetslik.si\/wp-content\/uploads\/2021\/09\/Gustav_Klimt_1907_Farm_Garden_with_Sunflowers-scaled.jpg","datePublished":"2021-09-02T16:24:39+00:00","dateModified":"2026-03-22T19:52:15+00:00","description":"Gustav Klimt - Farm Garden with Sunflowers - 100% handgemalte Gem\u00e4lde - Verkauf von Reproduktionen ber\u00fchmter Gem\u00e4lde und abstrakter Kunst - Wandbilder f\u00fcr das Wohnzimmer","breadcrumb":{"@id":"https:\/\/svetslik.si\/de\/gustav-klimt-de\/farm-garden-with-sunflowers\/#breadcrumb"},"inLanguage":"de","potentialAction":[{"@type":"ReadAction","target":["https:\/\/svetslik.si\/de\/gustav-klimt-de\/farm-garden-with-sunflowers\/"]}]},{"@type":"ImageObject","inLanguage":"de","@id":"https:\/\/svetslik.si\/de\/gustav-klimt-de\/farm-garden-with-sunflowers\/#primaryimage","url":"https:\/\/svetslik.si\/wp-content\/uploads\/2021\/09\/Gustav_Klimt_1907_Farm_Garden_with_Sunflowers-scaled.jpg","contentUrl":"https:\/\/svetslik.si\/wp-content\/uploads\/2021\/09\/Gustav_Klimt_1907_Farm_Garden_with_Sunflowers-scaled.jpg","width":2526,"height":2560,"caption":"gustav Klimt farm garden with sunflowers"},{"@type":"BreadcrumbList","@id":"https:\/\/svetslik.si\/de\/gustav-klimt-de\/farm-garden-with-sunflowers\/#breadcrumb","itemListElement":[{"@type":"ListItem","position":1,"name":"Wandkunst und Gem\u00e4lde auf Leinwand","item":"https:\/\/svetslik.si\/de\/"},{"@type":"ListItem","position":2,"name":"Verkauf von Gem\u00e4lden","item":"https:\/\/svetslik.si\/prodaja-slik\/"},{"@type":"ListItem","position":3,"name":"Gustav Klimt &#8211; Farm Garden with Sunflowers"}]},{"@type":"WebSite","@id":"https:\/\/svetslik.si\/de\/#website","url":"https:\/\/svetslik.si\/de\/","name":"SVETSLIK.SI","description":"100% handgemalte Reproduktionen von Gem\u00e4lden ber\u00fchmter Maler und Gem\u00e4lde auf Leinwand.","publisher":{"@id":"https:\/\/svetslik.si\/de\/#organization"},"potentialAction":[{"@type":"SearchAction","target":{"@type":"EntryPoint","urlTemplate":"https:\/\/svetslik.si\/de\/?s={search_term_string}"},"query-input":{"@type":"PropertyValueSpecification","valueRequired":true,"valueName":"search_term_string"}}],"inLanguage":"de"},{"@type":"Organization","@id":"https:\/\/svetslik.si\/de\/#organization","name":"SvetSlik.si","url":"https:\/\/svetslik.si\/de\/","logo":{"@type":"ImageObject","inLanguage":"de","@id":"https:\/\/svetslik.si\/de\/#\/schema\/logo\/image\/","url":"https:\/\/svetslik.si\/wp-content\/uploads\/2020\/12\/logo-512.png","contentUrl":"https:\/\/svetslik.si\/wp-content\/uploads\/2020\/12\/logo-512.png","width":512,"height":512,"caption":"SvetSlik.si"},"image":{"@id":"https:\/\/svetslik.si\/de\/#\/schema\/logo\/image\/"},"sameAs":["https:\/\/www.facebook.com\/svetslik.si","https:\/\/x.com\/svetslik","https:\/\/www.instagram.com\/svetslik.si\/","https:\/\/www.linkedin.com\/company\/svetslik-si"]}]},"og_availability":"backorder","product_availability":"available for order","product_retailer_item_id":"564__","product_condition":"new"},"jetpack_sharing_enabled":true,"_links":{"self":[{"href":"https:\/\/svetslik.si\/de\/wp-json\/wp\/v2\/product\/69898","targetHints":{"allow":["GET"]}}],"collection":[{"href":"https:\/\/svetslik.si\/de\/wp-json\/wp\/v2\/product"}],"about":[{"href":"https:\/\/svetslik.si\/de\/wp-json\/wp\/v2\/types\/product"}],"wp:featuredmedia":[{"embeddable":true,"href":"https:\/\/svetslik.si\/de\/wp-json\/wp\/v2\/media\/94357"}],"wp:attachment":[{"href":"https:\/\/svetslik.si\/de\/wp-json\/wp\/v2\/media?parent=69898"}],"wp:term":[{"taxonomy":"product_brand","embeddable":true,"href":"https:\/\/svetslik.si\/de\/wp-json\/wp\/v2\/product_brand?post=69898"},{"taxonomy":"product_cat","embeddable":true,"href":"https:\/\/svetslik.si\/de\/wp-json\/wp\/v2\/product_cat?post=69898"},{"taxonomy":"product_tag","embeddable":true,"href":"https:\/\/svetslik.si\/de\/wp-json\/wp\/v2\/product_tag?post=69898"}],"curies":[{"name":"wp","href":"https:\/\/api.w.org\/{rel}","templated":true}]}}