{"id":69916,"date":"2021-09-02T18:24:58","date_gmt":"2021-09-02T16:24:58","guid":{"rendered":"https:\/\/svetslik.si\/unkategorisiert\/krik\/"},"modified":"2026-03-22T20:53:04","modified_gmt":"2026-03-22T19:53:04","slug":"krik","status":"publish","type":"product","link":"https:\/\/svetslik.si\/de\/edvard-munch-de\/krik\/","title":{"rendered":"Edvard Munch &#8211; Der Schrei &#8211; The Scream"},"content":{"rendered":"<div class=\"wpb-content-wrapper\">[vc_row css=&#8221;.vc_custom_1722459049604{margin-bottom: 10px !important;}&#8221;][vc_column]\t<div class=\"et-image-556 et-image     et_image_link\">\n\t\t<div class=\"et-image-inner \">\n\t\t\t\t\t\t\t<div class=\"et-image-thumb \">\n\t\t\t\t\t<img decoding=\"async\" width=\"1000\" height=\"1251\" src=\"https:\/\/svetslik.si\/wp-content\/uploads\/2021\/09\/Edvard-Munch-\u2013-Krik-\u2013-The-Scream.jpg\" class=\"attachment-full\" alt=\"Edvard Munch - Der Schrei - The Scream\" title=\"Edvard Munch - Der Schrei - The Scream\" srcset=\"https:\/\/svetslik.si\/wp-content\/uploads\/2021\/09\/Edvard-Munch-\u2013-Krik-\u2013-The-Scream.jpg 1000w, https:\/\/svetslik.si\/wp-content\/uploads\/2021\/09\/Edvard-Munch-\u2013-Krik-\u2013-The-Scream-600x751.jpg 600w, https:\/\/svetslik.si\/wp-content\/uploads\/2021\/09\/Edvard-Munch-\u2013-Krik-\u2013-The-Scream-240x300.jpg 240w, https:\/\/svetslik.si\/wp-content\/uploads\/2021\/09\/Edvard-Munch-\u2013-Krik-\u2013-The-Scream-819x1024.jpg 819w, https:\/\/svetslik.si\/wp-content\/uploads\/2021\/09\/Edvard-Munch-\u2013-Krik-\u2013-The-Scream-768x961.jpg 768w, https:\/\/svetslik.si\/wp-content\/uploads\/2021\/09\/Edvard-Munch-\u2013-Krik-\u2013-The-Scream-120x150.jpg 120w, https:\/\/svetslik.si\/wp-content\/uploads\/2021\/09\/Edvard-Munch-\u2013-Krik-\u2013-The-Scream-900x1126.jpg 900w\" sizes=\"(max-width: 1000px) 100vw, 1000px\" \/>\t\t\t\t<\/div>\n\t\t\t\t\t\t\t\t\t\t\t<\/div>\n\t<\/div>\n  [\/vc_column][\/vc_row][vc_row css=&#8221;.vc_custom_1722459049604{margin-bottom: 10px !important;}&#8221;][vc_column]\t<div class=\"et-image-928 et-image     et_image_link\">\n\t\t<div class=\"et-image-inner \">\n\t\t\t\t\t\t\t<div class=\"et-image-thumb \">\n\t\t\t\t\t<img decoding=\"async\" width=\"1000\" height=\"1232\" src=\"https:\/\/svetslik.si\/wp-content\/uploads\/2021\/09\/Edvard-Munch-\u2013-Krik-\u2013-The-Scream2.jpg\" class=\"attachment-full\" alt=\"Edvard Munch - Der Schrei - The Scream\" title=\"Edvard Munch - Der Schrei - The Scream\" srcset=\"https:\/\/svetslik.si\/wp-content\/uploads\/2021\/09\/Edvard-Munch-\u2013-Krik-\u2013-The-Scream2.jpg 1000w, https:\/\/svetslik.si\/wp-content\/uploads\/2021\/09\/Edvard-Munch-\u2013-Krik-\u2013-The-Scream2-600x739.jpg 600w, https:\/\/svetslik.si\/wp-content\/uploads\/2021\/09\/Edvard-Munch-\u2013-Krik-\u2013-The-Scream2-244x300.jpg 244w, https:\/\/svetslik.si\/wp-content\/uploads\/2021\/09\/Edvard-Munch-\u2013-Krik-\u2013-The-Scream2-831x1024.jpg 831w, https:\/\/svetslik.si\/wp-content\/uploads\/2021\/09\/Edvard-Munch-\u2013-Krik-\u2013-The-Scream2-768x946.jpg 768w, https:\/\/svetslik.si\/wp-content\/uploads\/2021\/09\/Edvard-Munch-\u2013-Krik-\u2013-The-Scream2-122x150.jpg 122w, https:\/\/svetslik.si\/wp-content\/uploads\/2021\/09\/Edvard-Munch-\u2013-Krik-\u2013-The-Scream2-900x1109.jpg 900w\" sizes=\"(max-width: 1000px) 100vw, 1000px\" \/>\t\t\t\t<\/div>\n\t\t\t\t\t\t\t\t\t\t\t<\/div>\n\t<\/div>\n  [\/vc_column][\/vc_row][vc_row css=&#8221;.vc_custom_1722459049604{margin-bottom: 10px !important;}&#8221;][vc_column]\t<div class=\"et-image-901 et-image     et_image_link\">\n\t\t<div class=\"et-image-inner \">\n\t\t\t\t\t\t\t<div class=\"et-image-thumb \">\n\t\t\t\t\t<img decoding=\"async\" width=\"1000\" height=\"1440\" src=\"https:\/\/svetslik.si\/wp-content\/uploads\/2021\/09\/Edvard-Munch-\u2013-Krik-\u2013-The-Scream3.jpg\" class=\"attachment-full\" alt=\"Edvard Munch - Der Schrei - The Scream\" title=\"Edvard Munch - Der Schrei - The Scream\" srcset=\"https:\/\/svetslik.si\/wp-content\/uploads\/2021\/09\/Edvard-Munch-\u2013-Krik-\u2013-The-Scream3.jpg 1000w, https:\/\/svetslik.si\/wp-content\/uploads\/2021\/09\/Edvard-Munch-\u2013-Krik-\u2013-The-Scream3-600x864.jpg 600w, https:\/\/svetslik.si\/wp-content\/uploads\/2021\/09\/Edvard-Munch-\u2013-Krik-\u2013-The-Scream3-208x300.jpg 208w, https:\/\/svetslik.si\/wp-content\/uploads\/2021\/09\/Edvard-Munch-\u2013-Krik-\u2013-The-Scream3-711x1024.jpg 711w, https:\/\/svetslik.si\/wp-content\/uploads\/2021\/09\/Edvard-Munch-\u2013-Krik-\u2013-The-Scream3-768x1106.jpg 768w, https:\/\/svetslik.si\/wp-content\/uploads\/2021\/09\/Edvard-Munch-\u2013-Krik-\u2013-The-Scream3-104x150.jpg 104w, https:\/\/svetslik.si\/wp-content\/uploads\/2021\/09\/Edvard-Munch-\u2013-Krik-\u2013-The-Scream3-900x1296.jpg 900w\" sizes=\"(max-width: 1000px) 100vw, 1000px\" \/>\t\t\t\t<\/div>\n\t\t\t\t\t\t\t\t\t\t\t<\/div>\n\t<\/div>\n  [\/vc_column][\/vc_row][vc_row css=&#8221;.vc_custom_1722459049604{margin-bottom: 10px !important;}&#8221;][vc_column]\t<div class=\"et-image-911 et-image     et_image_link\">\n\t\t<div class=\"et-image-inner \">\n\t\t\t\t\t\t\t<div class=\"et-image-thumb \">\n\t\t\t\t\t<img decoding=\"async\" width=\"1000\" height=\"690\" src=\"https:\/\/svetslik.si\/wp-content\/uploads\/2021\/09\/Edvard-Munch-\u2013-Krik-\u2013-The-Scream-4.jpg\" class=\"attachment-full\" alt=\"Edvard Munch - Der Schrei - The Scream\" title=\"Edvard Munch - Der Schrei - The Scream\" srcset=\"https:\/\/svetslik.si\/wp-content\/uploads\/2021\/09\/Edvard-Munch-\u2013-Krik-\u2013-The-Scream-4.jpg 1000w, https:\/\/svetslik.si\/wp-content\/uploads\/2021\/09\/Edvard-Munch-\u2013-Krik-\u2013-The-Scream-4-600x414.jpg 600w, https:\/\/svetslik.si\/wp-content\/uploads\/2021\/09\/Edvard-Munch-\u2013-Krik-\u2013-The-Scream-4-300x207.jpg 300w, https:\/\/svetslik.si\/wp-content\/uploads\/2021\/09\/Edvard-Munch-\u2013-Krik-\u2013-The-Scream-4-768x530.jpg 768w, https:\/\/svetslik.si\/wp-content\/uploads\/2021\/09\/Edvard-Munch-\u2013-Krik-\u2013-The-Scream-4-150x104.jpg 150w, https:\/\/svetslik.si\/wp-content\/uploads\/2021\/09\/Edvard-Munch-\u2013-Krik-\u2013-The-Scream-4-900x621.jpg 900w\" sizes=\"(max-width: 1000px) 100vw, 1000px\" \/>\t\t\t\t<\/div>\n\t\t\t\t\t\t\t\t\t\t\t<\/div>\n\t<\/div>\n  [\/vc_column][\/vc_row][vc_row css=&#8221;.vc_custom_1722459049604{margin-bottom: 10px !important;}&#8221;][vc_column]\t<div class=\"et-image-535 et-image     et_image_link\">\n\t\t<div class=\"et-image-inner \">\n\t\t\t\t\t\t\t<div class=\"et-image-thumb \">\n\t\t\t\t\t<img decoding=\"async\" width=\"1000\" height=\"563\" src=\"https:\/\/svetslik.si\/wp-content\/uploads\/2021\/09\/Edvard-Munch-\u2013-Krik-\u2013-The-Scream-5.jpg\" class=\"attachment-full\" alt=\"Edvard Munch - Der Schrei - The Scream\" title=\"Edvard Munch - Der Schrei - The Scream\" srcset=\"https:\/\/svetslik.si\/wp-content\/uploads\/2021\/09\/Edvard-Munch-\u2013-Krik-\u2013-The-Scream-5.jpg 1000w, https:\/\/svetslik.si\/wp-content\/uploads\/2021\/09\/Edvard-Munch-\u2013-Krik-\u2013-The-Scream-5-600x338.jpg 600w, https:\/\/svetslik.si\/wp-content\/uploads\/2021\/09\/Edvard-Munch-\u2013-Krik-\u2013-The-Scream-5-300x169.jpg 300w, https:\/\/svetslik.si\/wp-content\/uploads\/2021\/09\/Edvard-Munch-\u2013-Krik-\u2013-The-Scream-5-768x432.jpg 768w, https:\/\/svetslik.si\/wp-content\/uploads\/2021\/09\/Edvard-Munch-\u2013-Krik-\u2013-The-Scream-5-150x84.jpg 150w, https:\/\/svetslik.si\/wp-content\/uploads\/2021\/09\/Edvard-Munch-\u2013-Krik-\u2013-The-Scream-5-900x507.jpg 900w\" sizes=\"(max-width: 1000px) 100vw, 1000px\" \/>\t\t\t\t<\/div>\n\t\t\t\t\t\t\t\t\t\t\t<\/div>\n\t<\/div>\n  [\/vc_column][\/vc_row][vc_row][vc_column][vc_column_text]\n<h1>Edvard Munch \u2013 Der Schrei<\/h1>\n<p>&nbsp;<\/p>\n<table style=\"width: 673px;\" border=\"0\" width=\"673\" cellpadding=\"0\">\n<tbody>\n<tr>\n<td style=\"width: 180px; height: 21px;\" height=\"21\">Erstellungsjahr:<\/td>\n<td style=\"width: 493px;\">1893<\/td>\n<\/tr>\n<tr>\n<td style=\"width: 180px; height: 21px;\" height=\"21\">Originalgr\u00f6\u00dfe:<\/td>\n<td style=\"width: 493px;\">73,5 cm x 91 cm<\/td>\n<\/tr>\n<tr>\n<td style=\"width: 180px; height: 21px;\" height=\"21\">Lackstil:<\/td>\n<td style=\"width: 493px;\">Expressionismus<\/td>\n<\/tr>\n<tr>\n<td style=\"width: 180px; height: 21px;\" height=\"21\">Originaltechnik:<\/td>\n<td>\u00d6l, Tempera, Pastell auf Karton<\/td>\n<\/tr>\n<tr>\n<td style=\"width: 180px; height: 21px;\" height=\"21\">Standort:<\/td>\n<td>Nationalgalerie, Oslo<\/td>\n<\/tr>\n<\/tbody>\n<colgroup>\n<col \/>\n<col \/> <\/colgroup>\n<\/table>\n<p>Edvard Munch: Meister des Expressionismus und des Schreis<\/p>\n<p>Edvard Munch (1863\u20131944) war ein norwegischer Maler, der als einer der Pioniere des Expressionismus gilt, einer modernen Kunstrichtung, die sich durch einen Fokus auf subjektive Emotionen und die innere Welt des K\u00fcnstlers auszeichnet. Sein ber\u00fchmtestes Gem\u00e4lde \u201eDer Schrei\u201c geh\u00f6rt zu den Ikonen der zeitgen\u00f6ssischen Kunst und ist zum Synonym f\u00fcr den K\u00fcnstler selbst geworden.<\/p>\n<p>\u201eDer Schrei\u201c, auch bekannt als \u201eDer Schrei der Natur\u201c, wurde 1893 gemalt und zeigt eine Figur mit gequ\u00e4ltem Gesicht, die ihren Kopf h\u00e4lt und einen blutr\u00fcnstigen Schrei ausst\u00f6\u00dft. Im Hintergrund des Bildes sind ein st\u00fcrmischer Himmel und ein Fjord zu sehen, was das Gef\u00fchl von Chaos und Not verst\u00e4rkt. Das Gem\u00e4lde soll Munchs Gef\u00fchle der Angst, Entfremdung und existenziellen Verzweiflung darstellen.<\/p>\n<p>Munch schuf vier Versionen von \u201eDer Schrei\u201c, zwei in \u00d6l, eine in Pastell und eine als Druck. Die erste Version wurde 1893 in \u00d6l gemalt und ist heute Teil der Sammlung des Nationalmuseums in Oslo, Norwegen. Die zweite Version aus dem Jahr 1895 gilt als die ikonischste der vier und ist Teil der Sammlung des Munch-Museums in Oslo.<\/p>\n<p>Der Schrei ist zu einem der bekanntesten Kunstwerke der Welt geworden und wurde in zahlreichen Filmen, B\u00fcchern und Fernsehsendungen gezeigt. Es war auch Gegenstand zahlreicher kritischer Studien, in denen viele Experten die Thematik des Gem\u00e4ldes analysierten, die sich auf psychische Belastungen, die Suche nach dem Sinn des Lebens und die menschliche Erfahrung bezieht.<\/p>\n<p>Munchs \u201eDer Schrei\u201c hatte einen erheblichen Einfluss auf sp\u00e4tere K\u00fcnstler, insbesondere auf diejenigen, die in den Bereichen Expressionismus, Surrealismus und Neoexpressionismus arbeiteten. Das Gem\u00e4lde inspiriert und begeistert auch heute noch das Publikum und erinnert eindringlich an die bemerkenswerte F\u00e4higkeit des K\u00fcnstlers, komplexe Emotionen durch seine Werke auszudr\u00fccken.<\/p>\n<p>Wir k\u00f6nnen daraus schlie\u00dfen, dass Edvard Munchs \u201eDer Schrei\u201c ein wegweisendes Werk der zeitgen\u00f6ssischen Kunst ist, das das Publikum noch immer fasziniert und inspiriert. Sein zeitloses Thema von existenzieller Not, Angst und der Suche nach dem Sinn des Lebens macht es zu einem der bekanntesten und angesehensten Kunstwerke der Welt. Ganz gleich, ob Sie ein Kunstliebhaber oder Historiker sind oder sich einfach nur f\u00fcr die Erforschung der menschlichen Erfahrung interessieren: \u201eDer Schrei\u201c ist ein Gem\u00e4lde, das Sie unbedingt sehen und auf keinen Fall verpassen sollten.<\/p>\n<p>Schl\u00fcsselw\u00f6rter: Edvard Munch, Der Schrei, Expressionismus, moderne Kunst, gequ\u00e4ltes Gesicht, Schrei der Natur, existenzielle Verzweiflung, Ikone, Munch-Museum, psychische Belastung, menschliche Erfahrung.<\/p>\n<\/div>","protected":false},"excerpt":{"rendered":"<p>[vc_row css=&#8221;.vc_custom_1722459049604{margin-bottom: 10px !important;}&#8221;][vc_column][\/vc_column][\/vc_row][vc_row css=&#8221;.vc_custom_1722459049604{margin-bottom: 10px !important;}&#8221;][vc_column][\/vc_column][\/vc_row][vc_row css=&#8221;.vc_custom_1722459049604{margin-bottom: 10px !important;}&#8221;][vc_column][\/vc_column][\/vc_row][vc_row css=&#8221;.vc_custom_1722459049604{margin-bottom: 10px !important;}&#8221;][vc_column][\/vc_column][\/vc_row][vc_row css=&#8221;.vc_custom_1722459049604{margin-bottom: 10px !important;}&#8221;][vc_column][\/vc_column][\/vc_row][vc_row][vc_column][vc_column_text] Edvard Munch \u2013 Der Schrei &nbsp; Erstellungsjahr: 1893 Originalgr\u00f6\u00dfe: 73,5 cm x 91 cm Lackstil: Expressionismus Originaltechnik: \u00d6l, Tempera, Pastell auf Karton Standort: Nationalgalerie, Oslo Edvard Munch: Meister des Expressionismus und des Schreis Edvard [&hellip;]<\/p>\n","protected":false},"featured_media":64850,"template":"","meta":{"_acf_changed":false},"product_brand":[],"product_cat":[8458],"product_tag":[8521,8502,8513,8514],"class_list":{"0":"post-69916","1":"product","2":"type-product","3":"status-publish","4":"has-post-thumbnail","6":"product_cat-edvard-munch-de","7":"product_tag-maler","8":"product_tag-munch-de","9":"product_tag-reproduktion","10":"product_tag-reproduktionen","11":"pa_dimenzija-110-x-140-cm-de","12":"pa_dimenzija-130-x-160-cm-de","13":"pa_dimenzija-150-x-190-cm-de","14":"pa_dimenzija-40-x-50-cm-de","15":"pa_dimenzija-50-x-60-cm-de","16":"pa_dimenzija-60-x-70-cm-de","17":"pa_dimenzija-74-x-91-cm-de","18":"pa_dimenzija-90-x-110-cm-de","19":"pa_oblika-vertikal","20":"pa_okvir-ohne-rahmen","21":"pa_podokvir-ja","22":"pa_podokvir-nein","24":"first","25":"onbackorder","26":"purchasable","27":"product-type-variable","28":"has-default-attributes"},"acf":[],"yoast_head":"<!-- This site is optimized with the Yoast SEO Premium plugin v26.0 (Yoast SEO v27.2) - https:\/\/yoast.com\/product\/yoast-seo-premium-wordpress\/ -->\n<title>Edvard Munch - Der Schrei - The Scream - SVETSLIK.SI - 100% handgemalt<\/title>\n<meta name=\"description\" content=\"Edvard Munch - Der Schrei - The Scream - 100% handgemalte Gem\u00e4lde - Verkauf von Reproduktionen ber\u00fchmter Gem\u00e4lde und abstrakter Kunst - Wandbilder f\u00fcr das Wohnzimmer\" \/>\n<meta name=\"robots\" content=\"index, follow, max-snippet:-1, max-image-preview:large, max-video-preview:-1\" \/>\n<link rel=\"canonical\" href=\"https:\/\/svetslik.si\/de\/edvard-munch-de\/krik\/\" \/>\n<meta property=\"og:locale\" content=\"de_DE\" \/>\n<meta property=\"og:type\" content=\"article\" \/>\n<meta property=\"og:title\" content=\"Edvard Munch - Der Schrei - The Scream\" \/>\n<meta property=\"og:description\" content=\"100% ro\u010dno naslikane slike na platnu, reprodukcije znanih slikarjev in umetni\u0161ke slike po naro\u010dilu.\" \/>\n<meta property=\"og:url\" content=\"https:\/\/svetslik.si\/de\/edvard-munch-de\/krik\/\" \/>\n<meta property=\"og:site_name\" content=\"SVETSLIK.SI\" \/>\n<meta property=\"article:publisher\" content=\"https:\/\/www.facebook.com\/svetslik.si\" \/>\n<meta property=\"article:modified_time\" content=\"2026-03-22T19:53:04+00:00\" \/>\n<meta property=\"og:image\" content=\"https:\/\/svetslik.si\/wp-content\/uploads\/2021\/09\/Edvard-Munch-Kirik-The-Scream.jpg\" \/>\n\t<meta property=\"og:image:width\" content=\"1000\" \/>\n\t<meta property=\"og:image:height\" content=\"1267\" \/>\n\t<meta property=\"og:image:type\" content=\"image\/jpeg\" \/>\n<meta name=\"twitter:card\" content=\"summary_large_image\" \/>\n<meta name=\"twitter:site\" content=\"@svetslik\" \/>\n<meta name=\"twitter:label1\" content=\"Verf\u00fcgbarkeit\" \/>\n\t<meta name=\"twitter:data1\" content=\"bei Nachbestellung\" \/>\n<script type=\"application\/ld+json\" class=\"yoast-schema-graph\">{\"@context\":\"https:\/\/schema.org\",\"@graph\":[{\"@type\":[\"WebPage\",\"ItemPage\"],\"@id\":\"https:\/\/svetslik.si\/de\/edvard-munch-de\/krik\/\",\"url\":\"https:\/\/svetslik.si\/de\/edvard-munch-de\/krik\/\",\"name\":\"Edvard Munch - Der Schrei - The Scream - SVETSLIK.SI - 100% handgemalt\",\"isPartOf\":{\"@id\":\"https:\/\/svetslik.si\/de\/#website\"},\"primaryImageOfPage\":{\"@id\":\"https:\/\/svetslik.si\/de\/edvard-munch-de\/krik\/#primaryimage\"},\"image\":{\"@id\":\"https:\/\/svetslik.si\/de\/edvard-munch-de\/krik\/#primaryimage\"},\"thumbnailUrl\":\"https:\/\/svetslik.si\/wp-content\/uploads\/2021\/09\/Edvard-Munch-Kirik-The-Scream.jpg\",\"datePublished\":\"2021-09-02T16:24:58+00:00\",\"dateModified\":\"2026-03-22T19:53:04+00:00\",\"description\":\"Edvard Munch - Der Schrei - The Scream - 100% handgemalte Gem\u00e4lde - Verkauf von Reproduktionen ber\u00fchmter Gem\u00e4lde und abstrakter Kunst - Wandbilder f\u00fcr das Wohnzimmer\",\"breadcrumb\":{\"@id\":\"https:\/\/svetslik.si\/de\/edvard-munch-de\/krik\/#breadcrumb\"},\"inLanguage\":\"de\",\"potentialAction\":[{\"@type\":\"ReadAction\",\"target\":[\"https:\/\/svetslik.si\/de\/edvard-munch-de\/krik\/\"]}]},{\"@type\":\"ImageObject\",\"inLanguage\":\"de\",\"@id\":\"https:\/\/svetslik.si\/de\/edvard-munch-de\/krik\/#primaryimage\",\"url\":\"https:\/\/svetslik.si\/wp-content\/uploads\/2021\/09\/Edvard-Munch-Kirik-The-Scream.jpg\",\"contentUrl\":\"https:\/\/svetslik.si\/wp-content\/uploads\/2021\/09\/Edvard-Munch-Kirik-The-Scream.jpg\",\"width\":1000,\"height\":1267,\"caption\":\"Edvard Munch - The Scream (Der Schrei) - Gem\u00e4lde, Leinwandbilder - 100% handgemalte - Reproduktionen ber\u00fchmter Gem\u00e4lde - Gem\u00e4lde kaufen - Wandbilder Wohnzimmer - Ber\u00fchmtes Gem\u00e4lde - \u00d6lgem\u00e4lde - Bilderrahmen\"},{\"@type\":\"BreadcrumbList\",\"@id\":\"https:\/\/svetslik.si\/de\/edvard-munch-de\/krik\/#breadcrumb\",\"itemListElement\":[{\"@type\":\"ListItem\",\"position\":1,\"name\":\"Wandkunst und Gem\u00e4lde auf Leinwand\",\"item\":\"https:\/\/svetslik.si\/de\/\"},{\"@type\":\"ListItem\",\"position\":2,\"name\":\"Verkauf von Gem\u00e4lden\",\"item\":\"https:\/\/svetslik.si\/prodaja-slik\/\"},{\"@type\":\"ListItem\",\"position\":3,\"name\":\"Edvard Munch &#8211; Der Schrei &#8211; The Scream\"}]},{\"@type\":\"WebSite\",\"@id\":\"https:\/\/svetslik.si\/de\/#website\",\"url\":\"https:\/\/svetslik.si\/de\/\",\"name\":\"SVETSLIK.SI\",\"description\":\"100% handgemalte Reproduktionen von Gem\u00e4lden ber\u00fchmter Maler und Gem\u00e4lde auf Leinwand.\",\"publisher\":{\"@id\":\"https:\/\/svetslik.si\/de\/#organization\"},\"potentialAction\":[{\"@type\":\"SearchAction\",\"target\":{\"@type\":\"EntryPoint\",\"urlTemplate\":\"https:\/\/svetslik.si\/de\/?s={search_term_string}\"},\"query-input\":{\"@type\":\"PropertyValueSpecification\",\"valueRequired\":true,\"valueName\":\"search_term_string\"}}],\"inLanguage\":\"de\"},{\"@type\":\"Organization\",\"@id\":\"https:\/\/svetslik.si\/de\/#organization\",\"name\":\"SvetSlik.si\",\"url\":\"https:\/\/svetslik.si\/de\/\",\"logo\":{\"@type\":\"ImageObject\",\"inLanguage\":\"de\",\"@id\":\"https:\/\/svetslik.si\/de\/#\/schema\/logo\/image\/\",\"url\":\"https:\/\/svetslik.si\/wp-content\/uploads\/2020\/12\/logo-512.png\",\"contentUrl\":\"https:\/\/svetslik.si\/wp-content\/uploads\/2020\/12\/logo-512.png\",\"width\":512,\"height\":512,\"caption\":\"SvetSlik.si\"},\"image\":{\"@id\":\"https:\/\/svetslik.si\/de\/#\/schema\/logo\/image\/\"},\"sameAs\":[\"https:\/\/www.facebook.com\/svetslik.si\",\"https:\/\/x.com\/svetslik\",\"https:\/\/www.instagram.com\/svetslik.si\/\",\"https:\/\/www.linkedin.com\/company\/svetslik-si\"]}]}<\/script>\n<meta property=\"og:availability\" content=\"backorder\" \/>\n<meta property=\"product:availability\" content=\"available for order\" \/>\n<meta property=\"product:retailer_item_id\" content=\"566__\" \/>\n<meta property=\"product:condition\" content=\"new\" \/>\n<!-- \/ Yoast SEO Premium plugin. -->","yoast_head_json":{"title":"Edvard Munch - Der Schrei - The Scream - SVETSLIK.SI - 100% handgemalt","description":"Edvard Munch - Der Schrei - The Scream - 100% handgemalte Gem\u00e4lde - Verkauf von Reproduktionen ber\u00fchmter Gem\u00e4lde und abstrakter Kunst - Wandbilder f\u00fcr das Wohnzimmer","robots":{"index":"index","follow":"follow","max-snippet":"max-snippet:-1","max-image-preview":"max-image-preview:large","max-video-preview":"max-video-preview:-1"},"canonical":"https:\/\/svetslik.si\/de\/edvard-munch-de\/krik\/","og_locale":"de_DE","og_type":"article","og_title":"Edvard Munch - Der Schrei - The Scream","og_description":"100% ro\u010dno naslikane slike na platnu, reprodukcije znanih slikarjev in umetni\u0161ke slike po naro\u010dilu.","og_url":"https:\/\/svetslik.si\/de\/edvard-munch-de\/krik\/","og_site_name":"SVETSLIK.SI","article_publisher":"https:\/\/www.facebook.com\/svetslik.si","article_modified_time":"2026-03-22T19:53:04+00:00","og_image":[{"width":1000,"height":1267,"url":"https:\/\/svetslik.si\/wp-content\/uploads\/2021\/09\/Edvard-Munch-Kirik-The-Scream.jpg","type":"image\/jpeg"}],"twitter_card":"summary_large_image","twitter_site":"@svetslik","twitter_misc":{"Verf\u00fcgbarkeit":"bei Nachbestellung"},"schema":{"@context":"https:\/\/schema.org","@graph":[{"@type":["WebPage","ItemPage"],"@id":"https:\/\/svetslik.si\/de\/edvard-munch-de\/krik\/","url":"https:\/\/svetslik.si\/de\/edvard-munch-de\/krik\/","name":"Edvard Munch - Der Schrei - The Scream - SVETSLIK.SI - 100% handgemalt","isPartOf":{"@id":"https:\/\/svetslik.si\/de\/#website"},"primaryImageOfPage":{"@id":"https:\/\/svetslik.si\/de\/edvard-munch-de\/krik\/#primaryimage"},"image":{"@id":"https:\/\/svetslik.si\/de\/edvard-munch-de\/krik\/#primaryimage"},"thumbnailUrl":"https:\/\/svetslik.si\/wp-content\/uploads\/2021\/09\/Edvard-Munch-Kirik-The-Scream.jpg","datePublished":"2021-09-02T16:24:58+00:00","dateModified":"2026-03-22T19:53:04+00:00","description":"Edvard Munch - Der Schrei - The Scream - 100% handgemalte Gem\u00e4lde - Verkauf von Reproduktionen ber\u00fchmter Gem\u00e4lde und abstrakter Kunst - Wandbilder f\u00fcr das Wohnzimmer","breadcrumb":{"@id":"https:\/\/svetslik.si\/de\/edvard-munch-de\/krik\/#breadcrumb"},"inLanguage":"de","potentialAction":[{"@type":"ReadAction","target":["https:\/\/svetslik.si\/de\/edvard-munch-de\/krik\/"]}]},{"@type":"ImageObject","inLanguage":"de","@id":"https:\/\/svetslik.si\/de\/edvard-munch-de\/krik\/#primaryimage","url":"https:\/\/svetslik.si\/wp-content\/uploads\/2021\/09\/Edvard-Munch-Kirik-The-Scream.jpg","contentUrl":"https:\/\/svetslik.si\/wp-content\/uploads\/2021\/09\/Edvard-Munch-Kirik-The-Scream.jpg","width":1000,"height":1267,"caption":"Edvard Munch - The Scream (Der Schrei) - Gem\u00e4lde, Leinwandbilder - 100% handgemalte - Reproduktionen ber\u00fchmter Gem\u00e4lde - Gem\u00e4lde kaufen - Wandbilder Wohnzimmer - Ber\u00fchmtes Gem\u00e4lde - \u00d6lgem\u00e4lde - Bilderrahmen"},{"@type":"BreadcrumbList","@id":"https:\/\/svetslik.si\/de\/edvard-munch-de\/krik\/#breadcrumb","itemListElement":[{"@type":"ListItem","position":1,"name":"Wandkunst und Gem\u00e4lde auf Leinwand","item":"https:\/\/svetslik.si\/de\/"},{"@type":"ListItem","position":2,"name":"Verkauf von Gem\u00e4lden","item":"https:\/\/svetslik.si\/prodaja-slik\/"},{"@type":"ListItem","position":3,"name":"Edvard Munch &#8211; Der Schrei &#8211; The Scream"}]},{"@type":"WebSite","@id":"https:\/\/svetslik.si\/de\/#website","url":"https:\/\/svetslik.si\/de\/","name":"SVETSLIK.SI","description":"100% handgemalte Reproduktionen von Gem\u00e4lden ber\u00fchmter Maler und Gem\u00e4lde auf Leinwand.","publisher":{"@id":"https:\/\/svetslik.si\/de\/#organization"},"potentialAction":[{"@type":"SearchAction","target":{"@type":"EntryPoint","urlTemplate":"https:\/\/svetslik.si\/de\/?s={search_term_string}"},"query-input":{"@type":"PropertyValueSpecification","valueRequired":true,"valueName":"search_term_string"}}],"inLanguage":"de"},{"@type":"Organization","@id":"https:\/\/svetslik.si\/de\/#organization","name":"SvetSlik.si","url":"https:\/\/svetslik.si\/de\/","logo":{"@type":"ImageObject","inLanguage":"de","@id":"https:\/\/svetslik.si\/de\/#\/schema\/logo\/image\/","url":"https:\/\/svetslik.si\/wp-content\/uploads\/2020\/12\/logo-512.png","contentUrl":"https:\/\/svetslik.si\/wp-content\/uploads\/2020\/12\/logo-512.png","width":512,"height":512,"caption":"SvetSlik.si"},"image":{"@id":"https:\/\/svetslik.si\/de\/#\/schema\/logo\/image\/"},"sameAs":["https:\/\/www.facebook.com\/svetslik.si","https:\/\/x.com\/svetslik","https:\/\/www.instagram.com\/svetslik.si\/","https:\/\/www.linkedin.com\/company\/svetslik-si"]}]},"og_availability":"backorder","product_availability":"available for order","product_retailer_item_id":"566__","product_condition":"new"},"jetpack_sharing_enabled":true,"_links":{"self":[{"href":"https:\/\/svetslik.si\/de\/wp-json\/wp\/v2\/product\/69916","targetHints":{"allow":["GET"]}}],"collection":[{"href":"https:\/\/svetslik.si\/de\/wp-json\/wp\/v2\/product"}],"about":[{"href":"https:\/\/svetslik.si\/de\/wp-json\/wp\/v2\/types\/product"}],"wp:featuredmedia":[{"embeddable":true,"href":"https:\/\/svetslik.si\/de\/wp-json\/wp\/v2\/media\/64850"}],"wp:attachment":[{"href":"https:\/\/svetslik.si\/de\/wp-json\/wp\/v2\/media?parent=69916"}],"wp:term":[{"taxonomy":"product_brand","embeddable":true,"href":"https:\/\/svetslik.si\/de\/wp-json\/wp\/v2\/product_brand?post=69916"},{"taxonomy":"product_cat","embeddable":true,"href":"https:\/\/svetslik.si\/de\/wp-json\/wp\/v2\/product_cat?post=69916"},{"taxonomy":"product_tag","embeddable":true,"href":"https:\/\/svetslik.si\/de\/wp-json\/wp\/v2\/product_tag?post=69916"}],"curies":[{"name":"wp","href":"https:\/\/api.w.org\/{rel}","templated":true}]}}