{"id":70140,"date":"2021-09-02T18:28:47","date_gmt":"2021-09-02T16:28:47","guid":{"rendered":"https:\/\/svetslik.si\/unkategorisiert\/the-dance-second-version\/"},"modified":"2026-03-22T20:57:57","modified_gmt":"2026-03-22T19:57:57","slug":"the-dance-second-version","status":"publish","type":"product","link":"https:\/\/svetslik.si\/de\/henri-matisse-de\/the-dance-second-version\/","title":{"rendered":"Henri Matisse &#8211; The Dance (second version)"},"content":{"rendered":"<h1>Henri Matisse \u2013 Der Tanz (zweite Version)<\/h1>\n<p>&nbsp;<\/p>\n<table style=\"width: 673px\" border=\"0\" width=\"673\" cellpadding=\"0\">\n<tbody>\n<tr>\n<td style=\"width: 180px;height: 21px\" height=\"21\">Erstellungsjahr:<\/td>\n<td style=\"width: 493px\">1910<\/td>\n<\/tr>\n<tr>\n<td style=\"width: 180px;height: 21px\" height=\"21\">Originalgr\u00f6\u00dfe:<\/td>\n<td style=\"width: 493px\">391 cm x 260 cm<\/td>\n<\/tr>\n<tr>\n<td style=\"width: 180px;height: 21px\" height=\"21\">Lackstil:<\/td>\n<td>\n<div>\n<div>\n<div>\n<div>\n<div>Fauvismus<\/div>\n<\/div>\n<\/div>\n<\/div>\n<\/div>\n<\/td>\n<\/tr>\n<tr>\n<td style=\"width: 180px;height: 21px\" height=\"21\">Originaltechnik:<\/td>\n<td>\u00d6l auf Leinwand<\/td>\n<\/tr>\n<tr>\n<td style=\"width: 180px;height: 21px\" height=\"21\">Standort:<\/td>\n<td>Hermitage, St. Petersburg<\/td>\n<\/tr>\n<\/tbody>\n<colgroup>\n<col \/>\n<col \/> <\/colgroup>\n<\/table>\n<p><strong>Der Tanz \u201eDance\u201c<\/strong> ist eines der ber\u00fchmtesten Meisterwerke von Matisse. Es zeigt f\u00fcnf Menschen, die sich an den H\u00e4nden halten und aufgeregt einen Kreis bilden, wobei eine anhaltende Dynamik aufrechterhalten wird und den Menschen ein Gef\u00fchl ruhiger Stille vermittelt wird. In diesem Werk ersetzen reine und satte Farben und ein starker Kontrast zwischen den Farben jegliche Interpretation und Sprache, die Farbbl\u00f6cke selbst bilden einen Tanz im Bild, ihre Verbindungen wirken hart und angespannt, und der Rhythmus ist irgendwie durchtrennt, unzusammenh\u00e4ngend&#8230; , aber es funktioniert trotzdem reibungslos. Auf diese Weise verbindet Matisse Tanz, Musik und andere k\u00fcnstlerische Elemente. Die Bildkomposition ist einfach und die Farben nicht luxuri\u00f6s. Im direkten Sinne dr\u00fcckt es die reichsten Konnotationen auf einfachste Weise aus und verleiht uns eine wilde Vitalit\u00e4t.<\/p>\n<p><strong>Henri Matisse<\/strong> (1869-1954) wurde in der Stadt Lecado in S\u00fcdfrankreich geboren. Sein Vater war Gesch\u00e4ftsmann und seine Mutter arbeitete als Malerin in einer Keramikfabrik. Als Teenager verbrachte er einige Zeit in Vermandois, und nach dem Abitur studierte er auf Wunsch seines Vaters Jura in Paris, kehrte nach Saint-Cond\u00e9 in die N\u00e4he seiner Heimatstadt zur\u00fcck und arbeitete als Angestellter in einer Anwaltskanzlei. Im Alter von 21 Jahren wurde er mit einer Blinddarmentz\u00fcndung ins Krankenhaus eingeliefert, und seine Mutter gab ihm eine Schachtel mit Farben, einen Satz Pinsel und eine Malanleitung zum Selbststudium, um seine Langeweile zu lindern. Matisse versp\u00fcrte zum ersten Mal in seinem Leben \u201eFreiheit, Frieden und Mu\u00dfe\u201c. Matisses Leidenschaft f\u00fcr die Malerei war unkontrollierbar, er war ber\u00fchmt f\u00fcr die Verwendung lebendiger und kr\u00e4ftiger Farben und wurde so zu einem ber\u00fchmten franz\u00f6sischen Maler, Begr\u00fcnder und Hauptvertreter des Fauvismus sowie Bildhauer und Grafiker.<\/p>\n","protected":false},"excerpt":{"rendered":"<p>Henri Matisse \u2013 Der Tanz (zweite Version) &nbsp; Erstellungsjahr: 1910 Originalgr\u00f6\u00dfe: 391 cm x 260 cm Lackstil: Fauvismus Originaltechnik: \u00d6l auf Leinwand Standort: Hermitage, St. Petersburg Der Tanz \u201eDance\u201c ist eines der ber\u00fchmtesten Meisterwerke von Matisse. Es zeigt f\u00fcnf Menschen, die sich an den H\u00e4nden halten und aufgeregt einen Kreis [&hellip;]<\/p>\n","protected":false},"featured_media":64165,"template":"","meta":{"_acf_changed":false},"product_brand":[],"product_cat":[8447],"product_tag":[8521,8497,8513,8514],"class_list":{"0":"post-70140","1":"product","2":"type-product","3":"status-publish","4":"has-post-thumbnail","6":"product_cat-henri-matisse-de","7":"product_tag-maler","8":"product_tag-matisse-de","9":"product_tag-reproduktion","10":"product_tag-reproduktionen","11":"pa_dimenzija-120-x-80-cm-de","12":"pa_dimenzija-150-x-100-cm-de","13":"pa_dimenzija-200-x-130-cm-de","14":"pa_dimenzija-250-x-170-cm-de","15":"pa_dimenzija-300-x-200-cm-de","16":"pa_dimenzija-391-x-260-cm-de","17":"pa_dimenzija-70-x-50-cm-de","18":"pa_dimenzija-90-x-60-cm-de","19":"pa_oblika-horizontal-de","20":"pa_okvir-ohne-rahmen","21":"pa_podokvir-ja","22":"pa_podokvir-nein","24":"first","25":"onbackorder","26":"purchasable","27":"product-type-variable","28":"has-default-attributes"},"acf":[],"yoast_head":"<!-- This site is optimized with the Yoast SEO Premium plugin v26.0 (Yoast SEO v27.2) - https:\/\/yoast.com\/product\/yoast-seo-premium-wordpress\/ -->\n<title>Henri Matisse - The Dance (second version) - SVETSLIK.SI - 100% handgemalt<\/title>\n<meta name=\"description\" content=\"Henri Matisse - The Dance (second version) - 100% handgemalte Gem\u00e4lde - Verkauf von Reproduktionen ber\u00fchmter Gem\u00e4lde und abstrakter Kunst - Wandbilder f\u00fcr das Wohnzimmer\" \/>\n<meta name=\"robots\" content=\"index, follow, max-snippet:-1, max-image-preview:large, max-video-preview:-1\" \/>\n<link rel=\"canonical\" href=\"https:\/\/svetslik.si\/de\/henri-matisse-de\/the-dance-second-version\/\" \/>\n<meta property=\"og:locale\" content=\"de_DE\" \/>\n<meta property=\"og:type\" content=\"article\" \/>\n<meta property=\"og:title\" content=\"Henri Matisse - The Dance (second version)\" \/>\n<meta property=\"og:description\" content=\"100% ro\u010dno naslikane slike na platnu, reprodukcije znanih slikarjev in umetni\u0161ke slike po naro\u010dilu.\" \/>\n<meta property=\"og:url\" content=\"https:\/\/svetslik.si\/de\/henri-matisse-de\/the-dance-second-version\/\" \/>\n<meta property=\"og:site_name\" content=\"SVETSLIK.SI\" \/>\n<meta property=\"article:publisher\" content=\"https:\/\/www.facebook.com\/svetslik.si\" \/>\n<meta property=\"article:modified_time\" content=\"2026-03-22T19:57:57+00:00\" \/>\n<meta property=\"og:image\" content=\"https:\/\/svetslik.si\/wp-content\/uploads\/2021\/08\/image_The-Dance-second-version_680.jpg\" \/>\n\t<meta property=\"og:image:width\" content=\"1668\" \/>\n\t<meta property=\"og:image:height\" content=\"1170\" \/>\n\t<meta property=\"og:image:type\" content=\"image\/jpeg\" \/>\n<meta name=\"twitter:card\" content=\"summary_large_image\" \/>\n<meta name=\"twitter:site\" content=\"@svetslik\" \/>\n<meta name=\"twitter:label1\" content=\"Verf\u00fcgbarkeit\" \/>\n\t<meta name=\"twitter:data1\" content=\"bei Nachbestellung\" \/>\n<script type=\"application\/ld+json\" class=\"yoast-schema-graph\">{\"@context\":\"https:\/\/schema.org\",\"@graph\":[{\"@type\":[\"WebPage\",\"ItemPage\"],\"@id\":\"https:\/\/svetslik.si\/de\/henri-matisse-de\/the-dance-second-version\/\",\"url\":\"https:\/\/svetslik.si\/de\/henri-matisse-de\/the-dance-second-version\/\",\"name\":\"Henri Matisse - The Dance (second version) - SVETSLIK.SI - 100% handgemalt\",\"isPartOf\":{\"@id\":\"https:\/\/svetslik.si\/de\/#website\"},\"primaryImageOfPage\":{\"@id\":\"https:\/\/svetslik.si\/de\/henri-matisse-de\/the-dance-second-version\/#primaryimage\"},\"image\":{\"@id\":\"https:\/\/svetslik.si\/de\/henri-matisse-de\/the-dance-second-version\/#primaryimage\"},\"thumbnailUrl\":\"https:\/\/svetslik.si\/wp-content\/uploads\/2021\/08\/image_The-Dance-second-version_680.jpg\",\"datePublished\":\"2021-09-02T16:28:47+00:00\",\"dateModified\":\"2026-03-22T19:57:57+00:00\",\"description\":\"Henri Matisse - The Dance (second version) - 100% handgemalte Gem\u00e4lde - Verkauf von Reproduktionen ber\u00fchmter Gem\u00e4lde und abstrakter Kunst - Wandbilder f\u00fcr das Wohnzimmer\",\"breadcrumb\":{\"@id\":\"https:\/\/svetslik.si\/de\/henri-matisse-de\/the-dance-second-version\/#breadcrumb\"},\"inLanguage\":\"de\",\"potentialAction\":[{\"@type\":\"ReadAction\",\"target\":[\"https:\/\/svetslik.si\/de\/henri-matisse-de\/the-dance-second-version\/\"]}]},{\"@type\":\"ImageObject\",\"inLanguage\":\"de\",\"@id\":\"https:\/\/svetslik.si\/de\/henri-matisse-de\/the-dance-second-version\/#primaryimage\",\"url\":\"https:\/\/svetslik.si\/wp-content\/uploads\/2021\/08\/image_The-Dance-second-version_680.jpg\",\"contentUrl\":\"https:\/\/svetslik.si\/wp-content\/uploads\/2021\/08\/image_The-Dance-second-version_680.jpg\",\"width\":1668,\"height\":1170,\"caption\":\"Henri Matisse - The Dance (second version) - Der Tanz (zweite Version), Gem\u00e4lde, Leinwandbilder\"},{\"@type\":\"BreadcrumbList\",\"@id\":\"https:\/\/svetslik.si\/de\/henri-matisse-de\/the-dance-second-version\/#breadcrumb\",\"itemListElement\":[{\"@type\":\"ListItem\",\"position\":1,\"name\":\"Wandkunst und Gem\u00e4lde auf Leinwand\",\"item\":\"https:\/\/svetslik.si\/de\/\"},{\"@type\":\"ListItem\",\"position\":2,\"name\":\"Verkauf von Gem\u00e4lden\",\"item\":\"https:\/\/svetslik.si\/prodaja-slik\/\"},{\"@type\":\"ListItem\",\"position\":3,\"name\":\"Henri Matisse &#8211; The Dance (second version)\"}]},{\"@type\":\"WebSite\",\"@id\":\"https:\/\/svetslik.si\/de\/#website\",\"url\":\"https:\/\/svetslik.si\/de\/\",\"name\":\"SVETSLIK.SI\",\"description\":\"100% handgemalte Reproduktionen von Gem\u00e4lden ber\u00fchmter Maler und Gem\u00e4lde auf Leinwand.\",\"publisher\":{\"@id\":\"https:\/\/svetslik.si\/de\/#organization\"},\"potentialAction\":[{\"@type\":\"SearchAction\",\"target\":{\"@type\":\"EntryPoint\",\"urlTemplate\":\"https:\/\/svetslik.si\/de\/?s={search_term_string}\"},\"query-input\":{\"@type\":\"PropertyValueSpecification\",\"valueRequired\":true,\"valueName\":\"search_term_string\"}}],\"inLanguage\":\"de\"},{\"@type\":\"Organization\",\"@id\":\"https:\/\/svetslik.si\/de\/#organization\",\"name\":\"SvetSlik.si\",\"url\":\"https:\/\/svetslik.si\/de\/\",\"logo\":{\"@type\":\"ImageObject\",\"inLanguage\":\"de\",\"@id\":\"https:\/\/svetslik.si\/de\/#\/schema\/logo\/image\/\",\"url\":\"https:\/\/svetslik.si\/wp-content\/uploads\/2020\/12\/logo-512.png\",\"contentUrl\":\"https:\/\/svetslik.si\/wp-content\/uploads\/2020\/12\/logo-512.png\",\"width\":512,\"height\":512,\"caption\":\"SvetSlik.si\"},\"image\":{\"@id\":\"https:\/\/svetslik.si\/de\/#\/schema\/logo\/image\/\"},\"sameAs\":[\"https:\/\/www.facebook.com\/svetslik.si\",\"https:\/\/x.com\/svetslik\",\"https:\/\/www.instagram.com\/svetslik.si\/\",\"https:\/\/www.linkedin.com\/company\/svetslik-si\"]}]}<\/script>\n<meta property=\"og:availability\" content=\"backorder\" \/>\n<meta property=\"product:availability\" content=\"available for order\" \/>\n<meta property=\"product:retailer_item_id\" content=\"593__\" \/>\n<meta property=\"product:condition\" content=\"new\" \/>\n<!-- \/ Yoast SEO Premium plugin. -->","yoast_head_json":{"title":"Henri Matisse - The Dance (second version) - SVETSLIK.SI - 100% handgemalt","description":"Henri Matisse - The Dance (second version) - 100% handgemalte Gem\u00e4lde - Verkauf von Reproduktionen ber\u00fchmter Gem\u00e4lde und abstrakter Kunst - Wandbilder f\u00fcr das Wohnzimmer","robots":{"index":"index","follow":"follow","max-snippet":"max-snippet:-1","max-image-preview":"max-image-preview:large","max-video-preview":"max-video-preview:-1"},"canonical":"https:\/\/svetslik.si\/de\/henri-matisse-de\/the-dance-second-version\/","og_locale":"de_DE","og_type":"article","og_title":"Henri Matisse - The Dance (second version)","og_description":"100% ro\u010dno naslikane slike na platnu, reprodukcije znanih slikarjev in umetni\u0161ke slike po naro\u010dilu.","og_url":"https:\/\/svetslik.si\/de\/henri-matisse-de\/the-dance-second-version\/","og_site_name":"SVETSLIK.SI","article_publisher":"https:\/\/www.facebook.com\/svetslik.si","article_modified_time":"2026-03-22T19:57:57+00:00","og_image":[{"width":1668,"height":1170,"url":"https:\/\/svetslik.si\/wp-content\/uploads\/2021\/08\/image_The-Dance-second-version_680.jpg","type":"image\/jpeg"}],"twitter_card":"summary_large_image","twitter_site":"@svetslik","twitter_misc":{"Verf\u00fcgbarkeit":"bei Nachbestellung"},"schema":{"@context":"https:\/\/schema.org","@graph":[{"@type":["WebPage","ItemPage"],"@id":"https:\/\/svetslik.si\/de\/henri-matisse-de\/the-dance-second-version\/","url":"https:\/\/svetslik.si\/de\/henri-matisse-de\/the-dance-second-version\/","name":"Henri Matisse - The Dance (second version) - SVETSLIK.SI - 100% handgemalt","isPartOf":{"@id":"https:\/\/svetslik.si\/de\/#website"},"primaryImageOfPage":{"@id":"https:\/\/svetslik.si\/de\/henri-matisse-de\/the-dance-second-version\/#primaryimage"},"image":{"@id":"https:\/\/svetslik.si\/de\/henri-matisse-de\/the-dance-second-version\/#primaryimage"},"thumbnailUrl":"https:\/\/svetslik.si\/wp-content\/uploads\/2021\/08\/image_The-Dance-second-version_680.jpg","datePublished":"2021-09-02T16:28:47+00:00","dateModified":"2026-03-22T19:57:57+00:00","description":"Henri Matisse - The Dance (second version) - 100% handgemalte Gem\u00e4lde - Verkauf von Reproduktionen ber\u00fchmter Gem\u00e4lde und abstrakter Kunst - Wandbilder f\u00fcr das Wohnzimmer","breadcrumb":{"@id":"https:\/\/svetslik.si\/de\/henri-matisse-de\/the-dance-second-version\/#breadcrumb"},"inLanguage":"de","potentialAction":[{"@type":"ReadAction","target":["https:\/\/svetslik.si\/de\/henri-matisse-de\/the-dance-second-version\/"]}]},{"@type":"ImageObject","inLanguage":"de","@id":"https:\/\/svetslik.si\/de\/henri-matisse-de\/the-dance-second-version\/#primaryimage","url":"https:\/\/svetslik.si\/wp-content\/uploads\/2021\/08\/image_The-Dance-second-version_680.jpg","contentUrl":"https:\/\/svetslik.si\/wp-content\/uploads\/2021\/08\/image_The-Dance-second-version_680.jpg","width":1668,"height":1170,"caption":"Henri Matisse - The Dance (second version) - Der Tanz (zweite Version), Gem\u00e4lde, Leinwandbilder"},{"@type":"BreadcrumbList","@id":"https:\/\/svetslik.si\/de\/henri-matisse-de\/the-dance-second-version\/#breadcrumb","itemListElement":[{"@type":"ListItem","position":1,"name":"Wandkunst und Gem\u00e4lde auf Leinwand","item":"https:\/\/svetslik.si\/de\/"},{"@type":"ListItem","position":2,"name":"Verkauf von Gem\u00e4lden","item":"https:\/\/svetslik.si\/prodaja-slik\/"},{"@type":"ListItem","position":3,"name":"Henri Matisse &#8211; The Dance (second version)"}]},{"@type":"WebSite","@id":"https:\/\/svetslik.si\/de\/#website","url":"https:\/\/svetslik.si\/de\/","name":"SVETSLIK.SI","description":"100% handgemalte Reproduktionen von Gem\u00e4lden ber\u00fchmter Maler und Gem\u00e4lde auf Leinwand.","publisher":{"@id":"https:\/\/svetslik.si\/de\/#organization"},"potentialAction":[{"@type":"SearchAction","target":{"@type":"EntryPoint","urlTemplate":"https:\/\/svetslik.si\/de\/?s={search_term_string}"},"query-input":{"@type":"PropertyValueSpecification","valueRequired":true,"valueName":"search_term_string"}}],"inLanguage":"de"},{"@type":"Organization","@id":"https:\/\/svetslik.si\/de\/#organization","name":"SvetSlik.si","url":"https:\/\/svetslik.si\/de\/","logo":{"@type":"ImageObject","inLanguage":"de","@id":"https:\/\/svetslik.si\/de\/#\/schema\/logo\/image\/","url":"https:\/\/svetslik.si\/wp-content\/uploads\/2020\/12\/logo-512.png","contentUrl":"https:\/\/svetslik.si\/wp-content\/uploads\/2020\/12\/logo-512.png","width":512,"height":512,"caption":"SvetSlik.si"},"image":{"@id":"https:\/\/svetslik.si\/de\/#\/schema\/logo\/image\/"},"sameAs":["https:\/\/www.facebook.com\/svetslik.si","https:\/\/x.com\/svetslik","https:\/\/www.instagram.com\/svetslik.si\/","https:\/\/www.linkedin.com\/company\/svetslik-si"]}]},"og_availability":"backorder","product_availability":"available for order","product_retailer_item_id":"593__","product_condition":"new"},"jetpack_sharing_enabled":true,"_links":{"self":[{"href":"https:\/\/svetslik.si\/de\/wp-json\/wp\/v2\/product\/70140","targetHints":{"allow":["GET"]}}],"collection":[{"href":"https:\/\/svetslik.si\/de\/wp-json\/wp\/v2\/product"}],"about":[{"href":"https:\/\/svetslik.si\/de\/wp-json\/wp\/v2\/types\/product"}],"wp:featuredmedia":[{"embeddable":true,"href":"https:\/\/svetslik.si\/de\/wp-json\/wp\/v2\/media\/64165"}],"wp:attachment":[{"href":"https:\/\/svetslik.si\/de\/wp-json\/wp\/v2\/media?parent=70140"}],"wp:term":[{"taxonomy":"product_brand","embeddable":true,"href":"https:\/\/svetslik.si\/de\/wp-json\/wp\/v2\/product_brand?post=70140"},{"taxonomy":"product_cat","embeddable":true,"href":"https:\/\/svetslik.si\/de\/wp-json\/wp\/v2\/product_cat?post=70140"},{"taxonomy":"product_tag","embeddable":true,"href":"https:\/\/svetslik.si\/de\/wp-json\/wp\/v2\/product_tag?post=70140"}],"curies":[{"name":"wp","href":"https:\/\/api.w.org\/{rel}","templated":true}]}}