{"id":70475,"date":"2021-09-02T18:36:06","date_gmt":"2021-09-02T16:36:06","guid":{"rendered":"https:\/\/svetslik.si\/unkategorisiert\/zascita-doma\/"},"modified":"2026-03-22T21:05:13","modified_gmt":"2026-03-22T20:05:13","slug":"energetische-gemalde-schutz-des-zuhauses","status":"publish","type":"product","link":"https:\/\/svetslik.si\/de\/energiegemalde\/energetische-gemalde-schutz-des-zuhauses\/","title":{"rendered":"Energetische Gem\u00e4lde &#8211; Schutz des Zuhauses"},"content":{"rendered":"<div class=\"wpb-content-wrapper\">[vc_row][vc_column][vc_column_text]\n<h1>Energiebilder \u2013 Hausschutz<\/h1>\n<p>Wie f\u00fchlen wir uns, wenn wir uns in unserem Zuhause befinden? Sind wir gl\u00fccklich und zufrieden mit unserem Zuhause oder f\u00fchlen wir uns ungl\u00fccklich und wollen fliehen? Entspannt es uns, zu Hause zu bleiben, oder sind wir st\u00e4ndig angespannt und nerv\u00f6s? All dies h\u00e4ngt eng mit dem Energiezustand unserer R\u00e4umlichkeiten zusammen. Wenn der Energiezustand der R\u00e4umlichkeiten gest\u00f6rt ist, kann sich dies negativ auf unser Wohlbefinden und unsere Energie auswirken und unsere Ressourcen ersch\u00f6pfen. Deshalb ist es \u00e4u\u00dferst wichtig, auf die Energiebilanz unseres Zuhauses zu achten.<\/p>\n<p>Das Energiegem\u00e4lde \u201eSchutz des Hauses\u201c ist eine besondere k\u00fcnstlerische Kreation, die genau diesem Ziel gewidmet ist \u2013 der Schaffung eines ausgeglichenen Energiezustands in Ihrem Zuhause. Dieses Bild soll Ihren Raum harmonisieren und beleben und positive Energie und Schutz bringen. Wenn Sie es in Ihrem Zuhause platzieren, fungiert es als Energieschild, der Ihren Raum sanft in eine Oase der Positivit\u00e4t und des Wohlbefindens verwandelt.<\/p>\n<p>Das Energiebild \u201eHausschutz\u201c hat viele positive Auswirkungen auf Ihr Leben. Erstens harmonisiert es den Energiezustand der R\u00e4ume, was zur Wiederherstellung von Gleichgewicht und Frieden beitr\u00e4gt. Dies wirkt sich auch auf Ihr Wohlbefinden und Ihren inneren Frieden aus. Zweitens belebt dieses Bild den Raum, was zu mehr Kreativit\u00e4t, Produktivit\u00e4t und Schlafqualit\u00e4t beitr\u00e4gt. Ihr Zuhause wird zu einem Ort, an dem Sie sich entspannen, Ihre Talente und Ideen entwickeln und einen tiefen und erholsamen Schlaf genie\u00dfen k\u00f6nnen.<\/p>\n<p>Dar\u00fcber hinaus st\u00e4rkt das Energiebild \u201eSchutz des Zuhauses\u201c auch die gegenseitigen Beziehungen im h\u00e4uslichen Umfeld. Die positive Energie, die das Gem\u00e4lde ausstrahlt, f\u00f6rdert Harmonie, Liebe und Verst\u00e4ndnis zwischen Familienmitgliedern. Dies tr\u00e4gt zu einer besseren Kommunikation, mehr Verbundenheit und einer angenehmen Atmosph\u00e4re im Zuhause bei.<\/p>\n<p>Wenn Sie den Energiestatus Ihres Zuhauses verbessern und einen angenehmen, harmonischen Raum schaffen m\u00f6chten, ist das Energiebild \u201eHome Protection\u201c die perfekte Wahl. Ihre Sch\u00f6nheit und Energie werden Sie inspirieren und Ihnen helfen, inneren Frieden und eine h\u00f6here Lebensqualit\u00e4t zu erreichen. W\u00e4hlen Sie dieses einzigartige handgefertigte Gem\u00e4lde und lassen Sie die energetische Kraft der Kunst Ihr Zuhause in einen Ort voller positiver Energie, Schutz und Liebe verwandeln.[\/vc_column_text][\/vc_column][\/vc_row][vc_row][vc_column]\t<div class=\"et-image-480 et-image     et_image_link\">\n\t\t<div class=\"et-image-inner \">\n\t\t\t\t\t\t\t<div class=\"et-image-thumb \">\n\t\t\t\t\t<img decoding=\"async\" width=\"1441\" height=\"2560\" src=\"https:\/\/svetslik.si\/wp-content\/uploads\/2021\/09\/20220501_101745-scaled.jpg\" class=\"attachment-full\" alt=\"Energetische Gem\u00e4lde - Schutz des Zuhauses\" title=\"Energetische Gem\u00e4lde - Schutz des Zuhauses\" srcset=\"https:\/\/svetslik.si\/wp-content\/uploads\/2021\/09\/20220501_101745-scaled.jpg 1441w, https:\/\/svetslik.si\/wp-content\/uploads\/2021\/09\/20220501_101745-600x1066.jpg 600w, https:\/\/svetslik.si\/wp-content\/uploads\/2021\/09\/20220501_101745-scaled-1200x2132.jpg 1200w, https:\/\/svetslik.si\/wp-content\/uploads\/2021\/09\/20220501_101745-169x300.jpg 169w, https:\/\/svetslik.si\/wp-content\/uploads\/2021\/09\/20220501_101745-577x1024.jpg 577w, https:\/\/svetslik.si\/wp-content\/uploads\/2021\/09\/20220501_101745-768x1364.jpg 768w, https:\/\/svetslik.si\/wp-content\/uploads\/2021\/09\/20220501_101745-865x1536.jpg 865w, https:\/\/svetslik.si\/wp-content\/uploads\/2021\/09\/20220501_101745-1153x2048.jpg 1153w, https:\/\/svetslik.si\/wp-content\/uploads\/2021\/09\/20220501_101745-7x12.jpg 7w, https:\/\/svetslik.si\/wp-content\/uploads\/2021\/09\/20220501_101745-84x150.jpg 84w, https:\/\/svetslik.si\/wp-content\/uploads\/2021\/09\/20220501_101745-1320x2345.jpg 1320w, https:\/\/svetslik.si\/wp-content\/uploads\/2021\/09\/20220501_101745-900x1599.jpg 900w\" sizes=\"(max-width: 1441px) 100vw, 1441px\" \/>\t\t\t\t<\/div>\n\t\t\t\t\t\t\t\t\t\t\t<\/div>\n\t<\/div>\n  [\/vc_column][\/vc_row]\n<\/div>","protected":false},"excerpt":{"rendered":"<p>[vc_row][vc_column][vc_column_text] Energiebilder \u2013 Hausschutz Wie f\u00fchlen wir uns, wenn wir uns in unserem Zuhause befinden? Sind wir gl\u00fccklich und zufrieden mit unserem Zuhause oder f\u00fchlen wir uns ungl\u00fccklich und wollen fliehen? Entspannt es uns, zu Hause zu bleiben, oder sind wir st\u00e4ndig angespannt und nerv\u00f6s? All dies h\u00e4ngt eng mit [&hellip;]<\/p>\n","protected":false},"featured_media":63307,"template":"","meta":{"_acf_changed":false},"product_brand":[],"product_cat":[8439,8440],"product_tag":[8487],"class_list":{"0":"post-70475","1":"product","2":"type-product","3":"status-publish","4":"has-post-thumbnail","6":"product_cat-energiebilder","7":"product_cat-energiegemalde","8":"product_tag-energiebilder","9":"pa_dimenzija-100-x-100-cm","10":"pa_dimenzija-60-x-60-cm","11":"pa_dimenzija-80-x-80-cm","12":"pa_oblika-quadrat","13":"pa_okvir-ohne-rahmen","14":"pa_podokvir-ja","15":"pa_podokvir-nein","17":"first","18":"onbackorder","19":"purchasable","20":"product-type-variable","21":"has-default-attributes"},"acf":[],"yoast_head":"<!-- This site is optimized with the Yoast SEO Premium plugin v26.0 (Yoast SEO v27.2) - https:\/\/yoast.com\/product\/yoast-seo-premium-wordpress\/ -->\n<title>Energetische Gem\u00e4lde - Schutz des Zuhauses - SVETSLIK.SI - 100% handgemalt<\/title>\n<meta name=\"description\" content=\"Handgemaltes Energiegem\u00e4lde auf Leinwand - Energetische Gem\u00e4lde - Schutz des Zuhauses -. Sie k\u00f6nnen das Bild mit Hilfe unserer einzigartigen Anwendung auf der Website einrahmen.\" \/>\n<meta name=\"robots\" content=\"index, follow, max-snippet:-1, max-image-preview:large, max-video-preview:-1\" \/>\n<link rel=\"canonical\" href=\"https:\/\/svetslik.si\/de\/energiegemalde\/energetische-gemalde-schutz-des-zuhauses\/\" \/>\n<meta property=\"og:locale\" content=\"de_DE\" \/>\n<meta property=\"og:type\" content=\"article\" \/>\n<meta property=\"og:title\" content=\"Energetische Gem\u00e4lde - Schutz des Zuhauses\" \/>\n<meta property=\"og:description\" content=\"100% ro\u010dno naslikane slike na platnu, reprodukcije znanih slikarjev in umetni\u0161ke slike po naro\u010dilu.\" \/>\n<meta property=\"og:url\" content=\"https:\/\/svetslik.si\/de\/energiegemalde\/energetische-gemalde-schutz-des-zuhauses\/\" \/>\n<meta property=\"og:site_name\" content=\"SVETSLIK.SI\" \/>\n<meta property=\"article:publisher\" content=\"https:\/\/www.facebook.com\/svetslik.si\" \/>\n<meta property=\"article:modified_time\" content=\"2026-03-22T20:05:13+00:00\" \/>\n<meta property=\"og:image\" content=\"https:\/\/svetslik.si\/wp-content\/uploads\/2021\/08\/image_zascita-doma_680.jpg\" \/>\n\t<meta property=\"og:image:width\" content=\"680\" \/>\n\t<meta property=\"og:image:height\" content=\"680\" \/>\n\t<meta property=\"og:image:type\" content=\"image\/jpeg\" \/>\n<meta name=\"twitter:card\" content=\"summary_large_image\" \/>\n<meta name=\"twitter:site\" content=\"@svetslik\" \/>\n<meta name=\"twitter:label1\" content=\"Verf\u00fcgbarkeit\" \/>\n\t<meta name=\"twitter:data1\" content=\"bei Nachbestellung\" \/>\n<script type=\"application\/ld+json\" class=\"yoast-schema-graph\">{\"@context\":\"https:\/\/schema.org\",\"@graph\":[{\"@type\":[\"WebPage\",\"ItemPage\"],\"@id\":\"https:\/\/svetslik.si\/de\/energiegemalde\/energetische-gemalde-schutz-des-zuhauses\/\",\"url\":\"https:\/\/svetslik.si\/de\/energiegemalde\/energetische-gemalde-schutz-des-zuhauses\/\",\"name\":\"Energetische Gem\u00e4lde - Schutz des Zuhauses - SVETSLIK.SI - 100% handgemalt\",\"isPartOf\":{\"@id\":\"https:\/\/svetslik.si\/de\/#website\"},\"primaryImageOfPage\":{\"@id\":\"https:\/\/svetslik.si\/de\/energiegemalde\/energetische-gemalde-schutz-des-zuhauses\/#primaryimage\"},\"image\":{\"@id\":\"https:\/\/svetslik.si\/de\/energiegemalde\/energetische-gemalde-schutz-des-zuhauses\/#primaryimage\"},\"thumbnailUrl\":\"https:\/\/svetslik.si\/wp-content\/uploads\/2021\/08\/image_zascita-doma_680.jpg\",\"datePublished\":\"2021-09-02T16:36:06+00:00\",\"dateModified\":\"2026-03-22T20:05:13+00:00\",\"description\":\"Handgemaltes Energiegem\u00e4lde auf Leinwand - Energetische Gem\u00e4lde - Schutz des Zuhauses -. Sie k\u00f6nnen das Bild mit Hilfe unserer einzigartigen Anwendung auf der Website einrahmen.\",\"breadcrumb\":{\"@id\":\"https:\/\/svetslik.si\/de\/energiegemalde\/energetische-gemalde-schutz-des-zuhauses\/#breadcrumb\"},\"inLanguage\":\"de\",\"potentialAction\":[{\"@type\":\"ReadAction\",\"target\":[\"https:\/\/svetslik.si\/de\/energiegemalde\/energetische-gemalde-schutz-des-zuhauses\/\"]}]},{\"@type\":\"ImageObject\",\"inLanguage\":\"de\",\"@id\":\"https:\/\/svetslik.si\/de\/energiegemalde\/energetische-gemalde-schutz-des-zuhauses\/#primaryimage\",\"url\":\"https:\/\/svetslik.si\/wp-content\/uploads\/2021\/08\/image_zascita-doma_680.jpg\",\"contentUrl\":\"https:\/\/svetslik.si\/wp-content\/uploads\/2021\/08\/image_zascita-doma_680.jpg\",\"width\":680,\"height\":680,\"caption\":\"Energiebilder - Hausschutz\"},{\"@type\":\"BreadcrumbList\",\"@id\":\"https:\/\/svetslik.si\/de\/energiegemalde\/energetische-gemalde-schutz-des-zuhauses\/#breadcrumb\",\"itemListElement\":[{\"@type\":\"ListItem\",\"position\":1,\"name\":\"Wandkunst und Gem\u00e4lde auf Leinwand\",\"item\":\"https:\/\/svetslik.si\/de\/\"},{\"@type\":\"ListItem\",\"position\":2,\"name\":\"Verkauf von Gem\u00e4lden\",\"item\":\"https:\/\/svetslik.si\/prodaja-slik\/\"},{\"@type\":\"ListItem\",\"position\":3,\"name\":\"Energetische Gem\u00e4lde &#8211; Schutz des Zuhauses\"}]},{\"@type\":\"WebSite\",\"@id\":\"https:\/\/svetslik.si\/de\/#website\",\"url\":\"https:\/\/svetslik.si\/de\/\",\"name\":\"SVETSLIK.SI\",\"description\":\"100% handgemalte Reproduktionen von Gem\u00e4lden ber\u00fchmter Maler und Gem\u00e4lde auf Leinwand.\",\"publisher\":{\"@id\":\"https:\/\/svetslik.si\/de\/#organization\"},\"potentialAction\":[{\"@type\":\"SearchAction\",\"target\":{\"@type\":\"EntryPoint\",\"urlTemplate\":\"https:\/\/svetslik.si\/de\/?s={search_term_string}\"},\"query-input\":{\"@type\":\"PropertyValueSpecification\",\"valueRequired\":true,\"valueName\":\"search_term_string\"}}],\"inLanguage\":\"de\"},{\"@type\":\"Organization\",\"@id\":\"https:\/\/svetslik.si\/de\/#organization\",\"name\":\"SvetSlik.si\",\"url\":\"https:\/\/svetslik.si\/de\/\",\"logo\":{\"@type\":\"ImageObject\",\"inLanguage\":\"de\",\"@id\":\"https:\/\/svetslik.si\/de\/#\/schema\/logo\/image\/\",\"url\":\"https:\/\/svetslik.si\/wp-content\/uploads\/2020\/12\/logo-512.png\",\"contentUrl\":\"https:\/\/svetslik.si\/wp-content\/uploads\/2020\/12\/logo-512.png\",\"width\":512,\"height\":512,\"caption\":\"SvetSlik.si\"},\"image\":{\"@id\":\"https:\/\/svetslik.si\/de\/#\/schema\/logo\/image\/\"},\"sameAs\":[\"https:\/\/www.facebook.com\/svetslik.si\",\"https:\/\/x.com\/svetslik\",\"https:\/\/www.instagram.com\/svetslik.si\/\",\"https:\/\/www.linkedin.com\/company\/svetslik-si\"]}]}<\/script>\n<meta property=\"og:availability\" content=\"backorder\" \/>\n<meta property=\"product:availability\" content=\"available for order\" \/>\n<meta property=\"product:retailer_item_id\" content=\"637__\" \/>\n<meta property=\"product:condition\" content=\"new\" \/>\n<!-- \/ Yoast SEO Premium plugin. -->","yoast_head_json":{"title":"Energetische Gem\u00e4lde - Schutz des Zuhauses - SVETSLIK.SI - 100% handgemalt","description":"Handgemaltes Energiegem\u00e4lde auf Leinwand - Energetische Gem\u00e4lde - Schutz des Zuhauses -. Sie k\u00f6nnen das Bild mit Hilfe unserer einzigartigen Anwendung auf der Website einrahmen.","robots":{"index":"index","follow":"follow","max-snippet":"max-snippet:-1","max-image-preview":"max-image-preview:large","max-video-preview":"max-video-preview:-1"},"canonical":"https:\/\/svetslik.si\/de\/energiegemalde\/energetische-gemalde-schutz-des-zuhauses\/","og_locale":"de_DE","og_type":"article","og_title":"Energetische Gem\u00e4lde - Schutz des Zuhauses","og_description":"100% ro\u010dno naslikane slike na platnu, reprodukcije znanih slikarjev in umetni\u0161ke slike po naro\u010dilu.","og_url":"https:\/\/svetslik.si\/de\/energiegemalde\/energetische-gemalde-schutz-des-zuhauses\/","og_site_name":"SVETSLIK.SI","article_publisher":"https:\/\/www.facebook.com\/svetslik.si","article_modified_time":"2026-03-22T20:05:13+00:00","og_image":[{"width":680,"height":680,"url":"https:\/\/svetslik.si\/wp-content\/uploads\/2021\/08\/image_zascita-doma_680.jpg","type":"image\/jpeg"}],"twitter_card":"summary_large_image","twitter_site":"@svetslik","twitter_misc":{"Verf\u00fcgbarkeit":"bei Nachbestellung"},"schema":{"@context":"https:\/\/schema.org","@graph":[{"@type":["WebPage","ItemPage"],"@id":"https:\/\/svetslik.si\/de\/energiegemalde\/energetische-gemalde-schutz-des-zuhauses\/","url":"https:\/\/svetslik.si\/de\/energiegemalde\/energetische-gemalde-schutz-des-zuhauses\/","name":"Energetische Gem\u00e4lde - Schutz des Zuhauses - SVETSLIK.SI - 100% handgemalt","isPartOf":{"@id":"https:\/\/svetslik.si\/de\/#website"},"primaryImageOfPage":{"@id":"https:\/\/svetslik.si\/de\/energiegemalde\/energetische-gemalde-schutz-des-zuhauses\/#primaryimage"},"image":{"@id":"https:\/\/svetslik.si\/de\/energiegemalde\/energetische-gemalde-schutz-des-zuhauses\/#primaryimage"},"thumbnailUrl":"https:\/\/svetslik.si\/wp-content\/uploads\/2021\/08\/image_zascita-doma_680.jpg","datePublished":"2021-09-02T16:36:06+00:00","dateModified":"2026-03-22T20:05:13+00:00","description":"Handgemaltes Energiegem\u00e4lde auf Leinwand - Energetische Gem\u00e4lde - Schutz des Zuhauses -. Sie k\u00f6nnen das Bild mit Hilfe unserer einzigartigen Anwendung auf der Website einrahmen.","breadcrumb":{"@id":"https:\/\/svetslik.si\/de\/energiegemalde\/energetische-gemalde-schutz-des-zuhauses\/#breadcrumb"},"inLanguage":"de","potentialAction":[{"@type":"ReadAction","target":["https:\/\/svetslik.si\/de\/energiegemalde\/energetische-gemalde-schutz-des-zuhauses\/"]}]},{"@type":"ImageObject","inLanguage":"de","@id":"https:\/\/svetslik.si\/de\/energiegemalde\/energetische-gemalde-schutz-des-zuhauses\/#primaryimage","url":"https:\/\/svetslik.si\/wp-content\/uploads\/2021\/08\/image_zascita-doma_680.jpg","contentUrl":"https:\/\/svetslik.si\/wp-content\/uploads\/2021\/08\/image_zascita-doma_680.jpg","width":680,"height":680,"caption":"Energiebilder - Hausschutz"},{"@type":"BreadcrumbList","@id":"https:\/\/svetslik.si\/de\/energiegemalde\/energetische-gemalde-schutz-des-zuhauses\/#breadcrumb","itemListElement":[{"@type":"ListItem","position":1,"name":"Wandkunst und Gem\u00e4lde auf Leinwand","item":"https:\/\/svetslik.si\/de\/"},{"@type":"ListItem","position":2,"name":"Verkauf von Gem\u00e4lden","item":"https:\/\/svetslik.si\/prodaja-slik\/"},{"@type":"ListItem","position":3,"name":"Energetische Gem\u00e4lde &#8211; Schutz des Zuhauses"}]},{"@type":"WebSite","@id":"https:\/\/svetslik.si\/de\/#website","url":"https:\/\/svetslik.si\/de\/","name":"SVETSLIK.SI","description":"100% handgemalte Reproduktionen von Gem\u00e4lden ber\u00fchmter Maler und Gem\u00e4lde auf Leinwand.","publisher":{"@id":"https:\/\/svetslik.si\/de\/#organization"},"potentialAction":[{"@type":"SearchAction","target":{"@type":"EntryPoint","urlTemplate":"https:\/\/svetslik.si\/de\/?s={search_term_string}"},"query-input":{"@type":"PropertyValueSpecification","valueRequired":true,"valueName":"search_term_string"}}],"inLanguage":"de"},{"@type":"Organization","@id":"https:\/\/svetslik.si\/de\/#organization","name":"SvetSlik.si","url":"https:\/\/svetslik.si\/de\/","logo":{"@type":"ImageObject","inLanguage":"de","@id":"https:\/\/svetslik.si\/de\/#\/schema\/logo\/image\/","url":"https:\/\/svetslik.si\/wp-content\/uploads\/2020\/12\/logo-512.png","contentUrl":"https:\/\/svetslik.si\/wp-content\/uploads\/2020\/12\/logo-512.png","width":512,"height":512,"caption":"SvetSlik.si"},"image":{"@id":"https:\/\/svetslik.si\/de\/#\/schema\/logo\/image\/"},"sameAs":["https:\/\/www.facebook.com\/svetslik.si","https:\/\/x.com\/svetslik","https:\/\/www.instagram.com\/svetslik.si\/","https:\/\/www.linkedin.com\/company\/svetslik-si"]}]},"og_availability":"backorder","product_availability":"available for order","product_retailer_item_id":"637__","product_condition":"new"},"jetpack_sharing_enabled":true,"_links":{"self":[{"href":"https:\/\/svetslik.si\/de\/wp-json\/wp\/v2\/product\/70475","targetHints":{"allow":["GET"]}}],"collection":[{"href":"https:\/\/svetslik.si\/de\/wp-json\/wp\/v2\/product"}],"about":[{"href":"https:\/\/svetslik.si\/de\/wp-json\/wp\/v2\/types\/product"}],"wp:featuredmedia":[{"embeddable":true,"href":"https:\/\/svetslik.si\/de\/wp-json\/wp\/v2\/media\/63307"}],"wp:attachment":[{"href":"https:\/\/svetslik.si\/de\/wp-json\/wp\/v2\/media?parent=70475"}],"wp:term":[{"taxonomy":"product_brand","embeddable":true,"href":"https:\/\/svetslik.si\/de\/wp-json\/wp\/v2\/product_brand?post=70475"},{"taxonomy":"product_cat","embeddable":true,"href":"https:\/\/svetslik.si\/de\/wp-json\/wp\/v2\/product_cat?post=70475"},{"taxonomy":"product_tag","embeddable":true,"href":"https:\/\/svetslik.si\/de\/wp-json\/wp\/v2\/product_tag?post=70475"}],"curies":[{"name":"wp","href":"https:\/\/api.w.org\/{rel}","templated":true}]}}