{"id":70519,"date":"2021-09-02T18:36:49","date_gmt":"2021-09-02T16:36:49","guid":{"rendered":"https:\/\/svetslik.si\/unkategorisiert\/moderna-slika-zgodbe-i\/"},"modified":"2024-07-04T16:48:56","modified_gmt":"2024-07-04T14:48:56","slug":"abstrakte-kunst-gemalde-geschichten-ii","status":"publish","type":"product","link":"https:\/\/svetslik.si\/de\/leinwandbilder-einteilige\/abstrakte-kunst-gemalde-geschichten-ii\/","title":{"rendered":"Abstrakte Kunst &#8211; Gem\u00e4lde &#8211; Geschichten II"},"content":{"rendered":"","protected":false},"excerpt":{"rendered":"","protected":false},"featured_media":64065,"template":"","meta":{"_acf_changed":false},"product_brand":[],"product_cat":[8471],"product_tag":[8477,8485,8522,8523,8524,8774,9135,8499,9133,8510,9134,8775],"class_list":{"0":"post-70519","1":"product","2":"type-product","3":"status-publish","4":"has-post-thumbnail","6":"product_cat-leinwandbilder-einteilige","7":"product_tag-abstrakte-gemaelde-de","8":"product_tag-dekorative-gemaelde","9":"product_tag-gemaelde-auf-leinwand","10":"product_tag-gemaelde-fuer-das-wohnzimmer","11":"product_tag-gemaelde-fuer-die-wand","12":"product_tag-gemalde-fur-wohnzimmer-3","13":"product_tag-kunst-gemalde","14":"product_tag-moderne-gemalde-de","15":"product_tag-online-galerie","16":"product_tag-verkauf-von-gemaelden","17":"product_tag-wanddekoration","18":"product_tag-wandgemalde-1","19":"pa_dimenzija-40-x-60-cm","20":"pa_dimenzija-60-x-90-cm","21":"pa_dimenzija-90-x-120-cm","22":"pa_oblika-vertikal","23":"pa_okvir-ohne-rahmen","24":"pa_podokvir-ja","25":"pa_podokvir-nein","27":"first","28":"onbackorder","29":"purchasable","30":"product-type-variable","31":"has-default-attributes"},"acf":[],"yoast_head":"<!-- This site is optimized with the Yoast SEO Premium plugin v26.0 (Yoast SEO v27.2) - https:\/\/yoast.com\/product\/yoast-seo-premium-wordpress\/ -->\n<title>Abstrakte Kunst - Gem\u00e4lde - Geschichten II - SVETSLIK.SI - 100% handgemalt<\/title>\n<meta name=\"description\" content=\"Abstrakte Kunst - Gem\u00e4lde - Geschichten II - 100% handgemalte Leinwandbilder. Verkauf von abstrakter Kunst, modernen Gem\u00e4lden, Reproduktionen bekannter Maler, individuelle Anfertigung von Gem\u00e4lden und Bilderrahmung.\" \/>\n<meta name=\"robots\" content=\"index, follow, max-snippet:-1, max-image-preview:large, max-video-preview:-1\" \/>\n<link rel=\"canonical\" href=\"https:\/\/svetslik.si\/de\/leinwandbilder-einteilige\/abstrakte-kunst-gemalde-geschichten-ii\/\" \/>\n<meta property=\"og:locale\" content=\"de_DE\" \/>\n<meta property=\"og:type\" content=\"article\" \/>\n<meta property=\"og:title\" content=\"Abstrakte Kunst - Gem\u00e4lde - Geschichten II\" \/>\n<meta property=\"og:description\" content=\"100% ro\u010dno naslikane slike na platnu, reprodukcije znanih slikarjev in umetni\u0161ke slike po naro\u010dilu.\" \/>\n<meta property=\"og:url\" content=\"https:\/\/svetslik.si\/de\/leinwandbilder-einteilige\/abstrakte-kunst-gemalde-geschichten-ii\/\" \/>\n<meta property=\"og:site_name\" content=\"SVETSLIK.SI\" \/>\n<meta property=\"article:publisher\" content=\"https:\/\/www.facebook.com\/svetslik.si\" \/>\n<meta property=\"article:modified_time\" content=\"2024-07-04T14:48:56+00:00\" \/>\n<meta property=\"og:image\" content=\"https:\/\/svetslik.si\/wp-content\/uploads\/2021\/08\/image_Slika-Zgodbe-I_680.jpg\" \/>\n\t<meta property=\"og:image:width\" content=\"395\" \/>\n\t<meta property=\"og:image:height\" content=\"680\" \/>\n\t<meta property=\"og:image:type\" content=\"image\/jpeg\" \/>\n<meta name=\"twitter:card\" content=\"summary_large_image\" \/>\n<meta name=\"twitter:site\" content=\"@svetslik\" \/>\n<meta name=\"twitter:label1\" content=\"Verf\u00fcgbarkeit\" \/>\n\t<meta name=\"twitter:data1\" content=\"bei Nachbestellung\" \/>\n<script type=\"application\/ld+json\" class=\"yoast-schema-graph\">{\"@context\":\"https:\/\/schema.org\",\"@graph\":[{\"@type\":[\"WebPage\",\"ItemPage\"],\"@id\":\"https:\/\/svetslik.si\/de\/leinwandbilder-einteilige\/abstrakte-kunst-gemalde-geschichten-ii\/\",\"url\":\"https:\/\/svetslik.si\/de\/leinwandbilder-einteilige\/abstrakte-kunst-gemalde-geschichten-ii\/\",\"name\":\"Abstrakte Kunst - Gem\u00e4lde - Geschichten II - SVETSLIK.SI - 100% handgemalt\",\"isPartOf\":{\"@id\":\"https:\/\/svetslik.si\/de\/#website\"},\"primaryImageOfPage\":{\"@id\":\"https:\/\/svetslik.si\/de\/leinwandbilder-einteilige\/abstrakte-kunst-gemalde-geschichten-ii\/#primaryimage\"},\"image\":{\"@id\":\"https:\/\/svetslik.si\/de\/leinwandbilder-einteilige\/abstrakte-kunst-gemalde-geschichten-ii\/#primaryimage\"},\"thumbnailUrl\":\"https:\/\/svetslik.si\/wp-content\/uploads\/2021\/08\/image_Slika-Zgodbe-I_680.jpg\",\"datePublished\":\"2021-09-02T16:36:49+00:00\",\"dateModified\":\"2024-07-04T14:48:56+00:00\",\"description\":\"Abstrakte Kunst - Gem\u00e4lde - Geschichten II - 100% handgemalte Leinwandbilder. Verkauf von abstrakter Kunst, modernen Gem\u00e4lden, Reproduktionen bekannter Maler, individuelle Anfertigung von Gem\u00e4lden und Bilderrahmung.\",\"breadcrumb\":{\"@id\":\"https:\/\/svetslik.si\/de\/leinwandbilder-einteilige\/abstrakte-kunst-gemalde-geschichten-ii\/#breadcrumb\"},\"inLanguage\":\"de\",\"potentialAction\":[{\"@type\":\"ReadAction\",\"target\":[\"https:\/\/svetslik.si\/de\/leinwandbilder-einteilige\/abstrakte-kunst-gemalde-geschichten-ii\/\"]}]},{\"@type\":\"ImageObject\",\"inLanguage\":\"de\",\"@id\":\"https:\/\/svetslik.si\/de\/leinwandbilder-einteilige\/abstrakte-kunst-gemalde-geschichten-ii\/#primaryimage\",\"url\":\"https:\/\/svetslik.si\/wp-content\/uploads\/2021\/08\/image_Slika-Zgodbe-I_680.jpg\",\"contentUrl\":\"https:\/\/svetslik.si\/wp-content\/uploads\/2021\/08\/image_Slika-Zgodbe-I_680.jpg\",\"width\":395,\"height\":680,\"caption\":\"Gemalde Stories-I Moderne, dekorative, stimmungsvolle Gem\u00e4lde auf Leinwand\"},{\"@type\":\"BreadcrumbList\",\"@id\":\"https:\/\/svetslik.si\/de\/leinwandbilder-einteilige\/abstrakte-kunst-gemalde-geschichten-ii\/#breadcrumb\",\"itemListElement\":[{\"@type\":\"ListItem\",\"position\":1,\"name\":\"Wandkunst und Gem\u00e4lde auf Leinwand\",\"item\":\"https:\/\/svetslik.si\/de\/\"},{\"@type\":\"ListItem\",\"position\":2,\"name\":\"Verkauf von Gem\u00e4lden\",\"item\":\"https:\/\/svetslik.si\/prodaja-slik\/\"},{\"@type\":\"ListItem\",\"position\":3,\"name\":\"Abstrakte Kunst &#8211; Gem\u00e4lde &#8211; Geschichten II\"}]},{\"@type\":\"WebSite\",\"@id\":\"https:\/\/svetslik.si\/de\/#website\",\"url\":\"https:\/\/svetslik.si\/de\/\",\"name\":\"SVETSLIK.SI\",\"description\":\"100% handgemalte Reproduktionen von Gem\u00e4lden ber\u00fchmter Maler und Gem\u00e4lde auf Leinwand.\",\"publisher\":{\"@id\":\"https:\/\/svetslik.si\/de\/#organization\"},\"potentialAction\":[{\"@type\":\"SearchAction\",\"target\":{\"@type\":\"EntryPoint\",\"urlTemplate\":\"https:\/\/svetslik.si\/de\/?s={search_term_string}\"},\"query-input\":{\"@type\":\"PropertyValueSpecification\",\"valueRequired\":true,\"valueName\":\"search_term_string\"}}],\"inLanguage\":\"de\"},{\"@type\":\"Organization\",\"@id\":\"https:\/\/svetslik.si\/de\/#organization\",\"name\":\"SvetSlik.si\",\"url\":\"https:\/\/svetslik.si\/de\/\",\"logo\":{\"@type\":\"ImageObject\",\"inLanguage\":\"de\",\"@id\":\"https:\/\/svetslik.si\/de\/#\/schema\/logo\/image\/\",\"url\":\"https:\/\/svetslik.si\/wp-content\/uploads\/2020\/12\/logo-512.png\",\"contentUrl\":\"https:\/\/svetslik.si\/wp-content\/uploads\/2020\/12\/logo-512.png\",\"width\":512,\"height\":512,\"caption\":\"SvetSlik.si\"},\"image\":{\"@id\":\"https:\/\/svetslik.si\/de\/#\/schema\/logo\/image\/\"},\"sameAs\":[\"https:\/\/www.facebook.com\/svetslik.si\",\"https:\/\/x.com\/svetslik\",\"https:\/\/www.instagram.com\/svetslik.si\/\",\"https:\/\/www.linkedin.com\/company\/svetslik-si\"]}]}<\/script>\n<meta property=\"og:availability\" content=\"backorder\" \/>\n<meta property=\"product:availability\" content=\"available for order\" \/>\n<meta property=\"product:retailer_item_id\" content=\"650__\" \/>\n<meta property=\"product:condition\" content=\"new\" \/>\n<!-- \/ Yoast SEO Premium plugin. -->","yoast_head_json":{"title":"Abstrakte Kunst - Gem\u00e4lde - Geschichten II - SVETSLIK.SI - 100% handgemalt","description":"Abstrakte Kunst - Gem\u00e4lde - Geschichten II - 100% handgemalte Leinwandbilder. Verkauf von abstrakter Kunst, modernen Gem\u00e4lden, Reproduktionen bekannter Maler, individuelle Anfertigung von Gem\u00e4lden und Bilderrahmung.","robots":{"index":"index","follow":"follow","max-snippet":"max-snippet:-1","max-image-preview":"max-image-preview:large","max-video-preview":"max-video-preview:-1"},"canonical":"https:\/\/svetslik.si\/de\/leinwandbilder-einteilige\/abstrakte-kunst-gemalde-geschichten-ii\/","og_locale":"de_DE","og_type":"article","og_title":"Abstrakte Kunst - Gem\u00e4lde - Geschichten II","og_description":"100% ro\u010dno naslikane slike na platnu, reprodukcije znanih slikarjev in umetni\u0161ke slike po naro\u010dilu.","og_url":"https:\/\/svetslik.si\/de\/leinwandbilder-einteilige\/abstrakte-kunst-gemalde-geschichten-ii\/","og_site_name":"SVETSLIK.SI","article_publisher":"https:\/\/www.facebook.com\/svetslik.si","article_modified_time":"2024-07-04T14:48:56+00:00","og_image":[{"width":395,"height":680,"url":"https:\/\/svetslik.si\/wp-content\/uploads\/2021\/08\/image_Slika-Zgodbe-I_680.jpg","type":"image\/jpeg"}],"twitter_card":"summary_large_image","twitter_site":"@svetslik","twitter_misc":{"Verf\u00fcgbarkeit":"bei Nachbestellung"},"schema":{"@context":"https:\/\/schema.org","@graph":[{"@type":["WebPage","ItemPage"],"@id":"https:\/\/svetslik.si\/de\/leinwandbilder-einteilige\/abstrakte-kunst-gemalde-geschichten-ii\/","url":"https:\/\/svetslik.si\/de\/leinwandbilder-einteilige\/abstrakte-kunst-gemalde-geschichten-ii\/","name":"Abstrakte Kunst - Gem\u00e4lde - Geschichten II - SVETSLIK.SI - 100% handgemalt","isPartOf":{"@id":"https:\/\/svetslik.si\/de\/#website"},"primaryImageOfPage":{"@id":"https:\/\/svetslik.si\/de\/leinwandbilder-einteilige\/abstrakte-kunst-gemalde-geschichten-ii\/#primaryimage"},"image":{"@id":"https:\/\/svetslik.si\/de\/leinwandbilder-einteilige\/abstrakte-kunst-gemalde-geschichten-ii\/#primaryimage"},"thumbnailUrl":"https:\/\/svetslik.si\/wp-content\/uploads\/2021\/08\/image_Slika-Zgodbe-I_680.jpg","datePublished":"2021-09-02T16:36:49+00:00","dateModified":"2024-07-04T14:48:56+00:00","description":"Abstrakte Kunst - Gem\u00e4lde - Geschichten II - 100% handgemalte Leinwandbilder. Verkauf von abstrakter Kunst, modernen Gem\u00e4lden, Reproduktionen bekannter Maler, individuelle Anfertigung von Gem\u00e4lden und Bilderrahmung.","breadcrumb":{"@id":"https:\/\/svetslik.si\/de\/leinwandbilder-einteilige\/abstrakte-kunst-gemalde-geschichten-ii\/#breadcrumb"},"inLanguage":"de","potentialAction":[{"@type":"ReadAction","target":["https:\/\/svetslik.si\/de\/leinwandbilder-einteilige\/abstrakte-kunst-gemalde-geschichten-ii\/"]}]},{"@type":"ImageObject","inLanguage":"de","@id":"https:\/\/svetslik.si\/de\/leinwandbilder-einteilige\/abstrakte-kunst-gemalde-geschichten-ii\/#primaryimage","url":"https:\/\/svetslik.si\/wp-content\/uploads\/2021\/08\/image_Slika-Zgodbe-I_680.jpg","contentUrl":"https:\/\/svetslik.si\/wp-content\/uploads\/2021\/08\/image_Slika-Zgodbe-I_680.jpg","width":395,"height":680,"caption":"Gemalde Stories-I Moderne, dekorative, stimmungsvolle Gem\u00e4lde auf Leinwand"},{"@type":"BreadcrumbList","@id":"https:\/\/svetslik.si\/de\/leinwandbilder-einteilige\/abstrakte-kunst-gemalde-geschichten-ii\/#breadcrumb","itemListElement":[{"@type":"ListItem","position":1,"name":"Wandkunst und Gem\u00e4lde auf Leinwand","item":"https:\/\/svetslik.si\/de\/"},{"@type":"ListItem","position":2,"name":"Verkauf von Gem\u00e4lden","item":"https:\/\/svetslik.si\/prodaja-slik\/"},{"@type":"ListItem","position":3,"name":"Abstrakte Kunst &#8211; Gem\u00e4lde &#8211; Geschichten II"}]},{"@type":"WebSite","@id":"https:\/\/svetslik.si\/de\/#website","url":"https:\/\/svetslik.si\/de\/","name":"SVETSLIK.SI","description":"100% handgemalte Reproduktionen von Gem\u00e4lden ber\u00fchmter Maler und Gem\u00e4lde auf Leinwand.","publisher":{"@id":"https:\/\/svetslik.si\/de\/#organization"},"potentialAction":[{"@type":"SearchAction","target":{"@type":"EntryPoint","urlTemplate":"https:\/\/svetslik.si\/de\/?s={search_term_string}"},"query-input":{"@type":"PropertyValueSpecification","valueRequired":true,"valueName":"search_term_string"}}],"inLanguage":"de"},{"@type":"Organization","@id":"https:\/\/svetslik.si\/de\/#organization","name":"SvetSlik.si","url":"https:\/\/svetslik.si\/de\/","logo":{"@type":"ImageObject","inLanguage":"de","@id":"https:\/\/svetslik.si\/de\/#\/schema\/logo\/image\/","url":"https:\/\/svetslik.si\/wp-content\/uploads\/2020\/12\/logo-512.png","contentUrl":"https:\/\/svetslik.si\/wp-content\/uploads\/2020\/12\/logo-512.png","width":512,"height":512,"caption":"SvetSlik.si"},"image":{"@id":"https:\/\/svetslik.si\/de\/#\/schema\/logo\/image\/"},"sameAs":["https:\/\/www.facebook.com\/svetslik.si","https:\/\/x.com\/svetslik","https:\/\/www.instagram.com\/svetslik.si\/","https:\/\/www.linkedin.com\/company\/svetslik-si"]}]},"og_availability":"backorder","product_availability":"available for order","product_retailer_item_id":"650__","product_condition":"new"},"jetpack_sharing_enabled":true,"_links":{"self":[{"href":"https:\/\/svetslik.si\/de\/wp-json\/wp\/v2\/product\/70519","targetHints":{"allow":["GET"]}}],"collection":[{"href":"https:\/\/svetslik.si\/de\/wp-json\/wp\/v2\/product"}],"about":[{"href":"https:\/\/svetslik.si\/de\/wp-json\/wp\/v2\/types\/product"}],"wp:featuredmedia":[{"embeddable":true,"href":"https:\/\/svetslik.si\/de\/wp-json\/wp\/v2\/media\/64065"}],"wp:attachment":[{"href":"https:\/\/svetslik.si\/de\/wp-json\/wp\/v2\/media?parent=70519"}],"wp:term":[{"taxonomy":"product_brand","embeddable":true,"href":"https:\/\/svetslik.si\/de\/wp-json\/wp\/v2\/product_brand?post=70519"},{"taxonomy":"product_cat","embeddable":true,"href":"https:\/\/svetslik.si\/de\/wp-json\/wp\/v2\/product_cat?post=70519"},{"taxonomy":"product_tag","embeddable":true,"href":"https:\/\/svetslik.si\/de\/wp-json\/wp\/v2\/product_tag?post=70519"}],"curies":[{"name":"wp","href":"https:\/\/api.w.org\/{rel}","templated":true}]}}