{"id":70579,"date":"2021-09-02T18:37:52","date_gmt":"2021-09-02T16:37:52","guid":{"rendered":"https:\/\/svetslik.si\/unkategorisiert\/uspesno-poslovanje\/"},"modified":"2026-03-22T21:06:24","modified_gmt":"2026-03-22T20:06:24","slug":"energetische-gemalde-erfolgreiche-geschaeftstaetigkeit","status":"publish","type":"product","link":"https:\/\/svetslik.si\/de\/energiegemalde\/energetische-gemalde-erfolgreiche-geschaeftstaetigkeit\/","title":{"rendered":"Energetische Gem\u00e4lde &#8211; Erfolgreiche Gesch\u00e4ftst\u00e4tigkeit"},"content":{"rendered":"<p>&#8220;<\/p>\n<p>Das Gem\u00e4lde repr\u00e4sentiert die Energie und Kraft, um schwierige gesch\u00e4ftliche Entscheidungen zu \u00fcberwinden. Es symbolisiert die Energien, die die Integration unseres Gesch\u00e4ftszyklus in die umgebende Gesch\u00e4ftsumgebung f\u00f6rdern, um schneller positive Gesch\u00e4ftsergebnisse zu erzielen. Das Gem\u00e4lde steht f\u00fcr Energien, die das Gleichgewicht im Gesch\u00e4ftsbetrieb f\u00f6rdern und die Energien f\u00fcr Fortschritt und Effizienz st\u00e4rken.<\/p>\n<p>&#8220;<\/p>\n","protected":false},"excerpt":{"rendered":"<p>&#8220; Das Gem\u00e4lde repr\u00e4sentiert die Energie und Kraft, um schwierige gesch\u00e4ftliche Entscheidungen zu \u00fcberwinden. Es symbolisiert die Energien, die die Integration unseres Gesch\u00e4ftszyklus in die umgebende Gesch\u00e4ftsumgebung f\u00f6rdern, um schneller positive Gesch\u00e4ftsergebnisse zu erzielen. Das Gem\u00e4lde steht f\u00fcr Energien, die das Gleichgewicht im Gesch\u00e4ftsbetrieb f\u00f6rdern und die Energien f\u00fcr Fortschritt [&hellip;]<\/p>\n","protected":false},"featured_media":64301,"template":"","meta":{"_acf_changed":false},"product_brand":[],"product_cat":[8439,8440],"product_tag":[8487],"class_list":{"0":"post-70579","1":"product","2":"type-product","3":"status-publish","4":"has-post-thumbnail","6":"product_cat-energiebilder","7":"product_cat-energiegemalde","8":"product_tag-energiebilder","9":"pa_dimenzija-40-x-80-cm","10":"pa_dimenzija-50-x-100-cm","11":"pa_dimenzija-75-x-150-cm","12":"pa_oblika-vertikal","13":"pa_okvir-ohne-rahmen","14":"pa_podokvir-ja","15":"pa_podokvir-nein","17":"first","18":"onbackorder","19":"purchasable","20":"product-type-variable","21":"has-default-attributes"},"acf":[],"yoast_head":"<!-- This site is optimized with the Yoast SEO Premium plugin v26.0 (Yoast SEO v27.2) - https:\/\/yoast.com\/product\/yoast-seo-premium-wordpress\/ -->\n<title>Energetische Gem\u00e4lde - Erfolgreiche Gesch\u00e4ftst\u00e4tigkeit - SVETSLIK.SI - 100% handgemalt<\/title>\n<meta name=\"description\" content=\"Handgemaltes Energiegem\u00e4lde auf Leinwand - Energetische Gem\u00e4lde - Erfolgreiche Gesch\u00e4ftst\u00e4tigkeit -. Sie k\u00f6nnen das Bild mit Hilfe unserer einzigartigen Anwendung auf der Website einrahmen.\" \/>\n<meta name=\"robots\" content=\"index, follow, max-snippet:-1, max-image-preview:large, max-video-preview:-1\" \/>\n<link rel=\"canonical\" href=\"https:\/\/svetslik.si\/de\/energiegemalde\/energetische-gemalde-erfolgreiche-geschaeftstaetigkeit\/\" \/>\n<meta property=\"og:locale\" content=\"de_DE\" \/>\n<meta property=\"og:type\" content=\"article\" \/>\n<meta property=\"og:title\" content=\"Energetische Gem\u00e4lde - Erfolgreiche Gesch\u00e4ftst\u00e4tigkeit\" \/>\n<meta property=\"og:description\" content=\"100% ro\u010dno naslikane slike na platnu, reprodukcije znanih slikarjev in umetni\u0161ke slike po naro\u010dilu.\" \/>\n<meta property=\"og:url\" content=\"https:\/\/svetslik.si\/de\/energiegemalde\/energetische-gemalde-erfolgreiche-geschaeftstaetigkeit\/\" \/>\n<meta property=\"og:site_name\" content=\"SVETSLIK.SI\" \/>\n<meta property=\"article:publisher\" content=\"https:\/\/www.facebook.com\/svetslik.si\" \/>\n<meta property=\"article:modified_time\" content=\"2026-03-22T20:06:24+00:00\" \/>\n<meta property=\"og:image\" content=\"https:\/\/svetslik.si\/wp-content\/uploads\/2021\/08\/image_uspesno-poslovanje_680.jpg\" \/>\n\t<meta property=\"og:image:width\" content=\"346\" \/>\n\t<meta property=\"og:image:height\" content=\"680\" \/>\n\t<meta property=\"og:image:type\" content=\"image\/jpeg\" \/>\n<meta name=\"twitter:card\" content=\"summary_large_image\" \/>\n<meta name=\"twitter:site\" content=\"@svetslik\" \/>\n<meta name=\"twitter:label1\" content=\"Verf\u00fcgbarkeit\" \/>\n\t<meta name=\"twitter:data1\" content=\"bei Nachbestellung\" \/>\n<script type=\"application\/ld+json\" class=\"yoast-schema-graph\">{\"@context\":\"https:\/\/schema.org\",\"@graph\":[{\"@type\":[\"WebPage\",\"ItemPage\"],\"@id\":\"https:\/\/svetslik.si\/de\/energiegemalde\/energetische-gemalde-erfolgreiche-geschaeftstaetigkeit\/\",\"url\":\"https:\/\/svetslik.si\/de\/energiegemalde\/energetische-gemalde-erfolgreiche-geschaeftstaetigkeit\/\",\"name\":\"Energetische Gem\u00e4lde - Erfolgreiche Gesch\u00e4ftst\u00e4tigkeit - SVETSLIK.SI - 100% handgemalt\",\"isPartOf\":{\"@id\":\"https:\/\/svetslik.si\/de\/#website\"},\"primaryImageOfPage\":{\"@id\":\"https:\/\/svetslik.si\/de\/energiegemalde\/energetische-gemalde-erfolgreiche-geschaeftstaetigkeit\/#primaryimage\"},\"image\":{\"@id\":\"https:\/\/svetslik.si\/de\/energiegemalde\/energetische-gemalde-erfolgreiche-geschaeftstaetigkeit\/#primaryimage\"},\"thumbnailUrl\":\"https:\/\/svetslik.si\/wp-content\/uploads\/2021\/08\/image_uspesno-poslovanje_680.jpg\",\"datePublished\":\"2021-09-02T16:37:52+00:00\",\"dateModified\":\"2026-03-22T20:06:24+00:00\",\"description\":\"Handgemaltes Energiegem\u00e4lde auf Leinwand - Energetische Gem\u00e4lde - Erfolgreiche Gesch\u00e4ftst\u00e4tigkeit -. Sie k\u00f6nnen das Bild mit Hilfe unserer einzigartigen Anwendung auf der Website einrahmen.\",\"breadcrumb\":{\"@id\":\"https:\/\/svetslik.si\/de\/energiegemalde\/energetische-gemalde-erfolgreiche-geschaeftstaetigkeit\/#breadcrumb\"},\"inLanguage\":\"de\",\"potentialAction\":[{\"@type\":\"ReadAction\",\"target\":[\"https:\/\/svetslik.si\/de\/energiegemalde\/energetische-gemalde-erfolgreiche-geschaeftstaetigkeit\/\"]}]},{\"@type\":\"ImageObject\",\"inLanguage\":\"de\",\"@id\":\"https:\/\/svetslik.si\/de\/energiegemalde\/energetische-gemalde-erfolgreiche-geschaeftstaetigkeit\/#primaryimage\",\"url\":\"https:\/\/svetslik.si\/wp-content\/uploads\/2021\/08\/image_uspesno-poslovanje_680.jpg\",\"contentUrl\":\"https:\/\/svetslik.si\/wp-content\/uploads\/2021\/08\/image_uspesno-poslovanje_680.jpg\",\"width\":346,\"height\":680,\"caption\":\"Energiebild erfolgreiches Gesch\u00e4ft\"},{\"@type\":\"BreadcrumbList\",\"@id\":\"https:\/\/svetslik.si\/de\/energiegemalde\/energetische-gemalde-erfolgreiche-geschaeftstaetigkeit\/#breadcrumb\",\"itemListElement\":[{\"@type\":\"ListItem\",\"position\":1,\"name\":\"Wandkunst und Gem\u00e4lde auf Leinwand\",\"item\":\"https:\/\/svetslik.si\/de\/\"},{\"@type\":\"ListItem\",\"position\":2,\"name\":\"Verkauf von Gem\u00e4lden\",\"item\":\"https:\/\/svetslik.si\/prodaja-slik\/\"},{\"@type\":\"ListItem\",\"position\":3,\"name\":\"Energetische Gem\u00e4lde &#8211; Erfolgreiche Gesch\u00e4ftst\u00e4tigkeit\"}]},{\"@type\":\"WebSite\",\"@id\":\"https:\/\/svetslik.si\/de\/#website\",\"url\":\"https:\/\/svetslik.si\/de\/\",\"name\":\"SVETSLIK.SI\",\"description\":\"100% handgemalte Reproduktionen von Gem\u00e4lden ber\u00fchmter Maler und Gem\u00e4lde auf Leinwand.\",\"publisher\":{\"@id\":\"https:\/\/svetslik.si\/de\/#organization\"},\"potentialAction\":[{\"@type\":\"SearchAction\",\"target\":{\"@type\":\"EntryPoint\",\"urlTemplate\":\"https:\/\/svetslik.si\/de\/?s={search_term_string}\"},\"query-input\":{\"@type\":\"PropertyValueSpecification\",\"valueRequired\":true,\"valueName\":\"search_term_string\"}}],\"inLanguage\":\"de\"},{\"@type\":\"Organization\",\"@id\":\"https:\/\/svetslik.si\/de\/#organization\",\"name\":\"SvetSlik.si\",\"url\":\"https:\/\/svetslik.si\/de\/\",\"logo\":{\"@type\":\"ImageObject\",\"inLanguage\":\"de\",\"@id\":\"https:\/\/svetslik.si\/de\/#\/schema\/logo\/image\/\",\"url\":\"https:\/\/svetslik.si\/wp-content\/uploads\/2020\/12\/logo-512.png\",\"contentUrl\":\"https:\/\/svetslik.si\/wp-content\/uploads\/2020\/12\/logo-512.png\",\"width\":512,\"height\":512,\"caption\":\"SvetSlik.si\"},\"image\":{\"@id\":\"https:\/\/svetslik.si\/de\/#\/schema\/logo\/image\/\"},\"sameAs\":[\"https:\/\/www.facebook.com\/svetslik.si\",\"https:\/\/x.com\/svetslik\",\"https:\/\/www.instagram.com\/svetslik.si\/\",\"https:\/\/www.linkedin.com\/company\/svetslik-si\"]}]}<\/script>\n<meta property=\"og:availability\" content=\"backorder\" \/>\n<meta property=\"product:availability\" content=\"available for order\" \/>\n<meta property=\"product:retailer_item_id\" content=\"664__\" \/>\n<meta property=\"product:condition\" content=\"new\" \/>\n<!-- \/ Yoast SEO Premium plugin. -->","yoast_head_json":{"title":"Energetische Gem\u00e4lde - Erfolgreiche Gesch\u00e4ftst\u00e4tigkeit - SVETSLIK.SI - 100% handgemalt","description":"Handgemaltes Energiegem\u00e4lde auf Leinwand - Energetische Gem\u00e4lde - Erfolgreiche Gesch\u00e4ftst\u00e4tigkeit -. Sie k\u00f6nnen das Bild mit Hilfe unserer einzigartigen Anwendung auf der Website einrahmen.","robots":{"index":"index","follow":"follow","max-snippet":"max-snippet:-1","max-image-preview":"max-image-preview:large","max-video-preview":"max-video-preview:-1"},"canonical":"https:\/\/svetslik.si\/de\/energiegemalde\/energetische-gemalde-erfolgreiche-geschaeftstaetigkeit\/","og_locale":"de_DE","og_type":"article","og_title":"Energetische Gem\u00e4lde - Erfolgreiche Gesch\u00e4ftst\u00e4tigkeit","og_description":"100% ro\u010dno naslikane slike na platnu, reprodukcije znanih slikarjev in umetni\u0161ke slike po naro\u010dilu.","og_url":"https:\/\/svetslik.si\/de\/energiegemalde\/energetische-gemalde-erfolgreiche-geschaeftstaetigkeit\/","og_site_name":"SVETSLIK.SI","article_publisher":"https:\/\/www.facebook.com\/svetslik.si","article_modified_time":"2026-03-22T20:06:24+00:00","og_image":[{"width":346,"height":680,"url":"https:\/\/svetslik.si\/wp-content\/uploads\/2021\/08\/image_uspesno-poslovanje_680.jpg","type":"image\/jpeg"}],"twitter_card":"summary_large_image","twitter_site":"@svetslik","twitter_misc":{"Verf\u00fcgbarkeit":"bei Nachbestellung"},"schema":{"@context":"https:\/\/schema.org","@graph":[{"@type":["WebPage","ItemPage"],"@id":"https:\/\/svetslik.si\/de\/energiegemalde\/energetische-gemalde-erfolgreiche-geschaeftstaetigkeit\/","url":"https:\/\/svetslik.si\/de\/energiegemalde\/energetische-gemalde-erfolgreiche-geschaeftstaetigkeit\/","name":"Energetische Gem\u00e4lde - Erfolgreiche Gesch\u00e4ftst\u00e4tigkeit - SVETSLIK.SI - 100% handgemalt","isPartOf":{"@id":"https:\/\/svetslik.si\/de\/#website"},"primaryImageOfPage":{"@id":"https:\/\/svetslik.si\/de\/energiegemalde\/energetische-gemalde-erfolgreiche-geschaeftstaetigkeit\/#primaryimage"},"image":{"@id":"https:\/\/svetslik.si\/de\/energiegemalde\/energetische-gemalde-erfolgreiche-geschaeftstaetigkeit\/#primaryimage"},"thumbnailUrl":"https:\/\/svetslik.si\/wp-content\/uploads\/2021\/08\/image_uspesno-poslovanje_680.jpg","datePublished":"2021-09-02T16:37:52+00:00","dateModified":"2026-03-22T20:06:24+00:00","description":"Handgemaltes Energiegem\u00e4lde auf Leinwand - Energetische Gem\u00e4lde - Erfolgreiche Gesch\u00e4ftst\u00e4tigkeit -. Sie k\u00f6nnen das Bild mit Hilfe unserer einzigartigen Anwendung auf der Website einrahmen.","breadcrumb":{"@id":"https:\/\/svetslik.si\/de\/energiegemalde\/energetische-gemalde-erfolgreiche-geschaeftstaetigkeit\/#breadcrumb"},"inLanguage":"de","potentialAction":[{"@type":"ReadAction","target":["https:\/\/svetslik.si\/de\/energiegemalde\/energetische-gemalde-erfolgreiche-geschaeftstaetigkeit\/"]}]},{"@type":"ImageObject","inLanguage":"de","@id":"https:\/\/svetslik.si\/de\/energiegemalde\/energetische-gemalde-erfolgreiche-geschaeftstaetigkeit\/#primaryimage","url":"https:\/\/svetslik.si\/wp-content\/uploads\/2021\/08\/image_uspesno-poslovanje_680.jpg","contentUrl":"https:\/\/svetslik.si\/wp-content\/uploads\/2021\/08\/image_uspesno-poslovanje_680.jpg","width":346,"height":680,"caption":"Energiebild erfolgreiches Gesch\u00e4ft"},{"@type":"BreadcrumbList","@id":"https:\/\/svetslik.si\/de\/energiegemalde\/energetische-gemalde-erfolgreiche-geschaeftstaetigkeit\/#breadcrumb","itemListElement":[{"@type":"ListItem","position":1,"name":"Wandkunst und Gem\u00e4lde auf Leinwand","item":"https:\/\/svetslik.si\/de\/"},{"@type":"ListItem","position":2,"name":"Verkauf von Gem\u00e4lden","item":"https:\/\/svetslik.si\/prodaja-slik\/"},{"@type":"ListItem","position":3,"name":"Energetische Gem\u00e4lde &#8211; Erfolgreiche Gesch\u00e4ftst\u00e4tigkeit"}]},{"@type":"WebSite","@id":"https:\/\/svetslik.si\/de\/#website","url":"https:\/\/svetslik.si\/de\/","name":"SVETSLIK.SI","description":"100% handgemalte Reproduktionen von Gem\u00e4lden ber\u00fchmter Maler und Gem\u00e4lde auf Leinwand.","publisher":{"@id":"https:\/\/svetslik.si\/de\/#organization"},"potentialAction":[{"@type":"SearchAction","target":{"@type":"EntryPoint","urlTemplate":"https:\/\/svetslik.si\/de\/?s={search_term_string}"},"query-input":{"@type":"PropertyValueSpecification","valueRequired":true,"valueName":"search_term_string"}}],"inLanguage":"de"},{"@type":"Organization","@id":"https:\/\/svetslik.si\/de\/#organization","name":"SvetSlik.si","url":"https:\/\/svetslik.si\/de\/","logo":{"@type":"ImageObject","inLanguage":"de","@id":"https:\/\/svetslik.si\/de\/#\/schema\/logo\/image\/","url":"https:\/\/svetslik.si\/wp-content\/uploads\/2020\/12\/logo-512.png","contentUrl":"https:\/\/svetslik.si\/wp-content\/uploads\/2020\/12\/logo-512.png","width":512,"height":512,"caption":"SvetSlik.si"},"image":{"@id":"https:\/\/svetslik.si\/de\/#\/schema\/logo\/image\/"},"sameAs":["https:\/\/www.facebook.com\/svetslik.si","https:\/\/x.com\/svetslik","https:\/\/www.instagram.com\/svetslik.si\/","https:\/\/www.linkedin.com\/company\/svetslik-si"]}]},"og_availability":"backorder","product_availability":"available for order","product_retailer_item_id":"664__","product_condition":"new"},"jetpack_sharing_enabled":true,"_links":{"self":[{"href":"https:\/\/svetslik.si\/de\/wp-json\/wp\/v2\/product\/70579","targetHints":{"allow":["GET"]}}],"collection":[{"href":"https:\/\/svetslik.si\/de\/wp-json\/wp\/v2\/product"}],"about":[{"href":"https:\/\/svetslik.si\/de\/wp-json\/wp\/v2\/types\/product"}],"wp:featuredmedia":[{"embeddable":true,"href":"https:\/\/svetslik.si\/de\/wp-json\/wp\/v2\/media\/64301"}],"wp:attachment":[{"href":"https:\/\/svetslik.si\/de\/wp-json\/wp\/v2\/media?parent=70579"}],"wp:term":[{"taxonomy":"product_brand","embeddable":true,"href":"https:\/\/svetslik.si\/de\/wp-json\/wp\/v2\/product_brand?post=70579"},{"taxonomy":"product_cat","embeddable":true,"href":"https:\/\/svetslik.si\/de\/wp-json\/wp\/v2\/product_cat?post=70579"},{"taxonomy":"product_tag","embeddable":true,"href":"https:\/\/svetslik.si\/de\/wp-json\/wp\/v2\/product_tag?post=70579"}],"curies":[{"name":"wp","href":"https:\/\/api.w.org\/{rel}","templated":true}]}}