{"id":70583,"date":"2021-09-02T18:37:52","date_gmt":"2021-09-02T16:37:52","guid":{"rendered":"https:\/\/svetslik.si\/unkategorisiert\/uresnicevanje-ciljev\/"},"modified":"2026-03-22T21:06:24","modified_gmt":"2026-03-22T20:06:24","slug":"energetische-gemalde-verwirklichung-von-zielen","status":"publish","type":"product","link":"https:\/\/svetslik.si\/de\/energiegemalde\/energetische-gemalde-verwirklichung-von-zielen\/","title":{"rendered":"Energetische Gem\u00e4lde &#8211; Verwirklichung von Zielen"},"content":{"rendered":"<div class=\"wpb-content-wrapper\">[vc_row css=&#8221;.vc_custom_1742280109214{margin-bottom: 10px !important;}&#8221;][vc_column]\t<div class=\"et-image-472 et-image     et_image_link\">\n\t\t<div class=\"et-image-inner \">\n\t\t\t\t\t\t\t<div class=\"et-image-thumb \">\n\t\t\t\t\t<img decoding=\"async\" width=\"1500\" height=\"2530\" src=\"https:\/\/svetslik.si\/wp-content\/uploads\/2021\/09\/Energijske-slike-\u2013-Uresnicevanje-ciljev-.-energijske-slike.jpg\" class=\"attachment-full\" alt=\"Energetische Gem\u00e4lde - Verwirklichung von Zielen\" title=\"Energetische Gem\u00e4lde - Verwirklichung von Zielen\" srcset=\"https:\/\/svetslik.si\/wp-content\/uploads\/2021\/09\/Energijske-slike-\u2013-Uresnicevanje-ciljev-.-energijske-slike.jpg 1500w, https:\/\/svetslik.si\/wp-content\/uploads\/2021\/09\/Energijske-slike-\u2013-Uresnicevanje-ciljev-.-energijske-slike-600x1012.jpg 600w, https:\/\/svetslik.si\/wp-content\/uploads\/2021\/09\/Energijske-slike-\u2013-Uresnicevanje-ciljev-.-energijske-slike-1200x2024.jpg 1200w, https:\/\/svetslik.si\/wp-content\/uploads\/2021\/09\/Energijske-slike-\u2013-Uresnicevanje-ciljev-.-energijske-slike-178x300.jpg 178w, https:\/\/svetslik.si\/wp-content\/uploads\/2021\/09\/Energijske-slike-\u2013-Uresnicevanje-ciljev-.-energijske-slike-607x1024.jpg 607w, https:\/\/svetslik.si\/wp-content\/uploads\/2021\/09\/Energijske-slike-\u2013-Uresnicevanje-ciljev-.-energijske-slike-768x1295.jpg 768w, https:\/\/svetslik.si\/wp-content\/uploads\/2021\/09\/Energijske-slike-\u2013-Uresnicevanje-ciljev-.-energijske-slike-911x1536.jpg 911w, https:\/\/svetslik.si\/wp-content\/uploads\/2021\/09\/Energijske-slike-\u2013-Uresnicevanje-ciljev-.-energijske-slike-1214x2048.jpg 1214w, https:\/\/svetslik.si\/wp-content\/uploads\/2021\/09\/Energijske-slike-\u2013-Uresnicevanje-ciljev-.-energijske-slike-89x150.jpg 89w\" sizes=\"(max-width: 1500px) 100vw, 1500px\" \/>\t\t\t\t<\/div>\n\t\t\t\t\t\t\t\t\t\t\t<\/div>\n\t<\/div>\n  [\/vc_column][\/vc_row][vc_row css=&#8221;.vc_custom_1742280109214{margin-bottom: 10px !important;}&#8221;][vc_column]\t<div class=\"et-image-692 et-image     et_image_link\">\n\t\t<div class=\"et-image-inner \">\n\t\t\t\t\t\t\t<div class=\"et-image-thumb \">\n\t\t\t\t\t<img decoding=\"async\" width=\"1380\" height=\"2560\" src=\"https:\/\/svetslik.si\/wp-content\/uploads\/2021\/09\/Energijske-slike-\u2013-Uresnicevanje-ciljev-.-energijske-slike-3-scaled.jpg\" class=\"attachment-full\" alt=\"Energetische Gem\u00e4lde - Verwirklichung von Zielen\" title=\"Energetische Gem\u00e4lde - Verwirklichung von Zielen\" srcset=\"https:\/\/svetslik.si\/wp-content\/uploads\/2021\/09\/Energijske-slike-\u2013-Uresnicevanje-ciljev-.-energijske-slike-3-scaled.jpg 1380w, https:\/\/svetslik.si\/wp-content\/uploads\/2021\/09\/Energijske-slike-\u2013-Uresnicevanje-ciljev-.-energijske-slike-3-scaled-600x1113.jpg 600w, https:\/\/svetslik.si\/wp-content\/uploads\/2021\/09\/Energijske-slike-\u2013-Uresnicevanje-ciljev-.-energijske-slike-3-scaled-1200x2226.jpg 1200w, https:\/\/svetslik.si\/wp-content\/uploads\/2021\/09\/Energijske-slike-\u2013-Uresnicevanje-ciljev-.-energijske-slike-3-162x300.jpg 162w, https:\/\/svetslik.si\/wp-content\/uploads\/2021\/09\/Energijske-slike-\u2013-Uresnicevanje-ciljev-.-energijske-slike-3-552x1024.jpg 552w, https:\/\/svetslik.si\/wp-content\/uploads\/2021\/09\/Energijske-slike-\u2013-Uresnicevanje-ciljev-.-energijske-slike-3-768x1425.jpg 768w, https:\/\/svetslik.si\/wp-content\/uploads\/2021\/09\/Energijske-slike-\u2013-Uresnicevanje-ciljev-.-energijske-slike-3-828x1536.jpg 828w, https:\/\/svetslik.si\/wp-content\/uploads\/2021\/09\/Energijske-slike-\u2013-Uresnicevanje-ciljev-.-energijske-slike-3-1104x2048.jpg 1104w, https:\/\/svetslik.si\/wp-content\/uploads\/2021\/09\/Energijske-slike-\u2013-Uresnicevanje-ciljev-.-energijske-slike-3-81x150.jpg 81w\" sizes=\"(max-width: 1380px) 100vw, 1380px\" \/>\t\t\t\t<\/div>\n\t\t\t\t\t\t\t\t\t\t\t<\/div>\n\t<\/div>\n  [\/vc_column][\/vc_row][vc_row css=&#8221;.vc_custom_1742280109214{margin-bottom: 10px !important;}&#8221;][vc_column]\t<div class=\"et-image-216 et-image     et_image_link\">\n\t\t<div class=\"et-image-inner \">\n\t\t\t\t\t\t\t<div class=\"et-image-thumb \">\n\t\t\t\t\t<img decoding=\"async\" width=\"1393\" height=\"2560\" src=\"https:\/\/svetslik.si\/wp-content\/uploads\/2021\/09\/Energijske-slike-\u2013-Uresnicevanje-ciljev-.-energijske-slike-5-scaled.jpg\" class=\"attachment-full\" alt=\"Energetische Gem\u00e4lde - Verwirklichung von Zielen\" title=\"Energetische Gem\u00e4lde - Verwirklichung von Zielen\" srcset=\"https:\/\/svetslik.si\/wp-content\/uploads\/2021\/09\/Energijske-slike-\u2013-Uresnicevanje-ciljev-.-energijske-slike-5-scaled.jpg 1393w, https:\/\/svetslik.si\/wp-content\/uploads\/2021\/09\/Energijske-slike-\u2013-Uresnicevanje-ciljev-.-energijske-slike-5-scaled-600x1103.jpg 600w, https:\/\/svetslik.si\/wp-content\/uploads\/2021\/09\/Energijske-slike-\u2013-Uresnicevanje-ciljev-.-energijske-slike-5-scaled-1200x2205.jpg 1200w, https:\/\/svetslik.si\/wp-content\/uploads\/2021\/09\/Energijske-slike-\u2013-Uresnicevanje-ciljev-.-energijske-slike-5-163x300.jpg 163w, https:\/\/svetslik.si\/wp-content\/uploads\/2021\/09\/Energijske-slike-\u2013-Uresnicevanje-ciljev-.-energijske-slike-5-557x1024.jpg 557w, https:\/\/svetslik.si\/wp-content\/uploads\/2021\/09\/Energijske-slike-\u2013-Uresnicevanje-ciljev-.-energijske-slike-5-768x1412.jpg 768w, https:\/\/svetslik.si\/wp-content\/uploads\/2021\/09\/Energijske-slike-\u2013-Uresnicevanje-ciljev-.-energijske-slike-5-836x1536.jpg 836w, https:\/\/svetslik.si\/wp-content\/uploads\/2021\/09\/Energijske-slike-\u2013-Uresnicevanje-ciljev-.-energijske-slike-5-1114x2048.jpg 1114w, https:\/\/svetslik.si\/wp-content\/uploads\/2021\/09\/Energijske-slike-\u2013-Uresnicevanje-ciljev-.-energijske-slike-5-82x150.jpg 82w\" sizes=\"(max-width: 1393px) 100vw, 1393px\" \/>\t\t\t\t<\/div>\n\t\t\t\t\t\t\t\t\t\t\t<\/div>\n\t<\/div>\n  [\/vc_column][\/vc_row][vc_row css=&#8221;.vc_custom_1742280109214{margin-bottom: 10px !important;}&#8221;][vc_column]\t<div class=\"et-image-457 et-image     et_image_link\">\n\t\t<div class=\"et-image-inner \">\n\t\t\t\t\t\t\t<div class=\"et-image-thumb \">\n\t\t\t\t\t<img decoding=\"async\" width=\"1500\" height=\"1404\" src=\"https:\/\/svetslik.si\/wp-content\/uploads\/2021\/09\/Energijske-slike-\u2013-Uresnicevanje-ciljev-.-energijske-slike-4.jpg\" class=\"attachment-full\" alt=\"Energetische Gem\u00e4lde - Verwirklichung von Zielen\" title=\"Energetische Gem\u00e4lde - Verwirklichung von Zielen\" srcset=\"https:\/\/svetslik.si\/wp-content\/uploads\/2021\/09\/Energijske-slike-\u2013-Uresnicevanje-ciljev-.-energijske-slike-4.jpg 1500w, https:\/\/svetslik.si\/wp-content\/uploads\/2021\/09\/Energijske-slike-\u2013-Uresnicevanje-ciljev-.-energijske-slike-4-600x562.jpg 600w, https:\/\/svetslik.si\/wp-content\/uploads\/2021\/09\/Energijske-slike-\u2013-Uresnicevanje-ciljev-.-energijske-slike-4-1200x1123.jpg 1200w, https:\/\/svetslik.si\/wp-content\/uploads\/2021\/09\/Energijske-slike-\u2013-Uresnicevanje-ciljev-.-energijske-slike-4-300x281.jpg 300w, https:\/\/svetslik.si\/wp-content\/uploads\/2021\/09\/Energijske-slike-\u2013-Uresnicevanje-ciljev-.-energijske-slike-4-1024x958.jpg 1024w, https:\/\/svetslik.si\/wp-content\/uploads\/2021\/09\/Energijske-slike-\u2013-Uresnicevanje-ciljev-.-energijske-slike-4-768x719.jpg 768w, https:\/\/svetslik.si\/wp-content\/uploads\/2021\/09\/Energijske-slike-\u2013-Uresnicevanje-ciljev-.-energijske-slike-4-150x140.jpg 150w\" sizes=\"(max-width: 1500px) 100vw, 1500px\" \/>\t\t\t\t<\/div>\n\t\t\t\t\t\t\t\t\t\t\t<\/div>\n\t<\/div>\n  [\/vc_column][\/vc_row][vc_row css=&#8221;.vc_custom_1742280109214{margin-bottom: 10px !important;}&#8221;][vc_column]\t<div class=\"et-image-458 et-image     et_image_link\">\n\t\t<div class=\"et-image-inner \">\n\t\t\t\t\t\t\t<div class=\"et-image-thumb \">\n\t\t\t\t\t<img decoding=\"async\" width=\"1500\" height=\"1125\" src=\"https:\/\/svetslik.si\/wp-content\/uploads\/2021\/09\/Energijske-slike-\u2013-Uresnicevanje-ciljev-.-energijske-slike-2.jpg\" class=\"attachment-full\" alt=\"Energetische Gem\u00e4lde - Verwirklichung von Zielen\" title=\"Energetische Gem\u00e4lde - Verwirklichung von Zielen\" srcset=\"https:\/\/svetslik.si\/wp-content\/uploads\/2021\/09\/Energijske-slike-\u2013-Uresnicevanje-ciljev-.-energijske-slike-2.jpg 1500w, https:\/\/svetslik.si\/wp-content\/uploads\/2021\/09\/Energijske-slike-\u2013-Uresnicevanje-ciljev-.-energijske-slike-2-600x450.jpg 600w, https:\/\/svetslik.si\/wp-content\/uploads\/2021\/09\/Energijske-slike-\u2013-Uresnicevanje-ciljev-.-energijske-slike-2-1200x900.jpg 1200w, https:\/\/svetslik.si\/wp-content\/uploads\/2021\/09\/Energijske-slike-\u2013-Uresnicevanje-ciljev-.-energijske-slike-2-300x225.jpg 300w, https:\/\/svetslik.si\/wp-content\/uploads\/2021\/09\/Energijske-slike-\u2013-Uresnicevanje-ciljev-.-energijske-slike-2-1024x768.jpg 1024w, https:\/\/svetslik.si\/wp-content\/uploads\/2021\/09\/Energijske-slike-\u2013-Uresnicevanje-ciljev-.-energijske-slike-2-768x576.jpg 768w, https:\/\/svetslik.si\/wp-content\/uploads\/2021\/09\/Energijske-slike-\u2013-Uresnicevanje-ciljev-.-energijske-slike-2-150x113.jpg 150w\" sizes=\"(max-width: 1500px) 100vw, 1500px\" \/>\t\t\t\t<\/div>\n\t\t\t\t\t\t\t\t\t\t\t<\/div>\n\t<\/div>\n  [\/vc_column][\/vc_row][vc_row][vc_column][vc_column_text]\n<p>Das Gem\u00e4lde repr\u00e4sentiert die Energie zur Probleml\u00f6sung und F\u00f6rderung eines positiven Ereignisflusses, um gl\u00fcckliche Ereignisse zu beschleunigen. Es symbolisiert die Stimulation der Energie, mit deren Hilfe wir unsere Ziele leichter erreichen k\u00f6nnen. Es ist darauf ausgerichtet, jedes Lebensbereich erfolgreich zu unterst\u00fctzen.<\/p>\n<\/div>","protected":false},"excerpt":{"rendered":"<p>[vc_row css=&#8221;.vc_custom_1742280109214{margin-bottom: 10px !important;}&#8221;][vc_column][\/vc_column][\/vc_row][vc_row css=&#8221;.vc_custom_1742280109214{margin-bottom: 10px !important;}&#8221;][vc_column][\/vc_column][\/vc_row][vc_row css=&#8221;.vc_custom_1742280109214{margin-bottom: 10px !important;}&#8221;][vc_column][\/vc_column][\/vc_row][vc_row css=&#8221;.vc_custom_1742280109214{margin-bottom: 10px !important;}&#8221;][vc_column][\/vc_column][\/vc_row][vc_row css=&#8221;.vc_custom_1742280109214{margin-bottom: 10px !important;}&#8221;][vc_column][\/vc_column][\/vc_row][vc_row][vc_column][vc_column_text] Das Gem\u00e4lde repr\u00e4sentiert die Energie zur Probleml\u00f6sung und F\u00f6rderung eines positiven Ereignisflusses, um gl\u00fcckliche Ereignisse zu beschleunigen. Es symbolisiert die Stimulation der Energie, mit deren Hilfe wir unsere Ziele leichter erreichen k\u00f6nnen. Es ist [&hellip;]<\/p>\n","protected":false},"featured_media":64298,"template":"","meta":{"_acf_changed":false},"product_brand":[],"product_cat":[8439,8440],"product_tag":[8487],"class_list":{"0":"post-70583","1":"product","2":"type-product","3":"status-publish","4":"has-post-thumbnail","6":"product_cat-energiebilder","7":"product_cat-energiegemalde","8":"product_tag-energiebilder","9":"pa_dimenzija-40-x-80-cm-de","10":"pa_dimenzija-50-x-100-cm-de","11":"pa_dimenzija-75-x-150-cm-de","12":"pa_oblika-vertikal","13":"pa_okvir-ohne-rahmen","14":"pa_podokvir-ja","15":"pa_podokvir-nein","17":"first","18":"onbackorder","19":"purchasable","20":"product-type-variable","21":"has-default-attributes"},"acf":[],"yoast_head":"<!-- This site is optimized with the Yoast SEO Premium plugin v26.0 (Yoast SEO v27.2) - https:\/\/yoast.com\/product\/yoast-seo-premium-wordpress\/ -->\n<title>Energetische Gem\u00e4lde - Verwirklichung von Zielen - SVETSLIK.SI - 100% handgemalt<\/title>\n<meta name=\"description\" content=\"Handgemaltes Energiegem\u00e4lde auf Leinwand - Energetische Gem\u00e4lde - Verwirklichung von Zielen -. Sie k\u00f6nnen das Bild mit Hilfe unserer einzigartigen Anwendung auf der Website einrahmen.\" \/>\n<meta name=\"robots\" content=\"index, follow, max-snippet:-1, max-image-preview:large, max-video-preview:-1\" \/>\n<link rel=\"canonical\" href=\"https:\/\/svetslik.si\/de\/energiegemalde\/energetische-gemalde-verwirklichung-von-zielen\/\" \/>\n<meta property=\"og:locale\" content=\"de_DE\" \/>\n<meta property=\"og:type\" content=\"article\" \/>\n<meta property=\"og:title\" content=\"Energetische Gem\u00e4lde - Verwirklichung von Zielen\" \/>\n<meta property=\"og:description\" content=\"100% ro\u010dno naslikane slike na platnu, reprodukcije znanih slikarjev in umetni\u0161ke slike po naro\u010dilu.\" \/>\n<meta property=\"og:url\" content=\"https:\/\/svetslik.si\/de\/energiegemalde\/energetische-gemalde-verwirklichung-von-zielen\/\" \/>\n<meta property=\"og:site_name\" content=\"SVETSLIK.SI\" \/>\n<meta property=\"article:publisher\" content=\"https:\/\/www.facebook.com\/svetslik.si\" \/>\n<meta property=\"article:modified_time\" content=\"2026-03-22T20:06:24+00:00\" \/>\n<meta property=\"og:image\" content=\"https:\/\/svetslik.si\/wp-content\/uploads\/2021\/08\/image_uresnicevanje-ciljev_680.jpg\" \/>\n\t<meta property=\"og:image:width\" content=\"348\" \/>\n\t<meta property=\"og:image:height\" content=\"680\" \/>\n\t<meta property=\"og:image:type\" content=\"image\/jpeg\" \/>\n<meta name=\"twitter:card\" content=\"summary_large_image\" \/>\n<meta name=\"twitter:site\" content=\"@svetslik\" \/>\n<meta name=\"twitter:label1\" content=\"Verf\u00fcgbarkeit\" \/>\n\t<meta name=\"twitter:data1\" content=\"bei Nachbestellung\" \/>\n<script type=\"application\/ld+json\" class=\"yoast-schema-graph\">{\"@context\":\"https:\/\/schema.org\",\"@graph\":[{\"@type\":[\"WebPage\",\"ItemPage\"],\"@id\":\"https:\/\/svetslik.si\/de\/energiegemalde\/energetische-gemalde-verwirklichung-von-zielen\/\",\"url\":\"https:\/\/svetslik.si\/de\/energiegemalde\/energetische-gemalde-verwirklichung-von-zielen\/\",\"name\":\"Energetische Gem\u00e4lde - Verwirklichung von Zielen - SVETSLIK.SI - 100% handgemalt\",\"isPartOf\":{\"@id\":\"https:\/\/svetslik.si\/de\/#website\"},\"primaryImageOfPage\":{\"@id\":\"https:\/\/svetslik.si\/de\/energiegemalde\/energetische-gemalde-verwirklichung-von-zielen\/#primaryimage\"},\"image\":{\"@id\":\"https:\/\/svetslik.si\/de\/energiegemalde\/energetische-gemalde-verwirklichung-von-zielen\/#primaryimage\"},\"thumbnailUrl\":\"https:\/\/svetslik.si\/wp-content\/uploads\/2021\/08\/image_uresnicevanje-ciljev_680.jpg\",\"datePublished\":\"2021-09-02T16:37:52+00:00\",\"dateModified\":\"2026-03-22T20:06:24+00:00\",\"description\":\"Handgemaltes Energiegem\u00e4lde auf Leinwand - Energetische Gem\u00e4lde - Verwirklichung von Zielen -. Sie k\u00f6nnen das Bild mit Hilfe unserer einzigartigen Anwendung auf der Website einrahmen.\",\"breadcrumb\":{\"@id\":\"https:\/\/svetslik.si\/de\/energiegemalde\/energetische-gemalde-verwirklichung-von-zielen\/#breadcrumb\"},\"inLanguage\":\"de\",\"potentialAction\":[{\"@type\":\"ReadAction\",\"target\":[\"https:\/\/svetslik.si\/de\/energiegemalde\/energetische-gemalde-verwirklichung-von-zielen\/\"]}]},{\"@type\":\"ImageObject\",\"inLanguage\":\"de\",\"@id\":\"https:\/\/svetslik.si\/de\/energiegemalde\/energetische-gemalde-verwirklichung-von-zielen\/#primaryimage\",\"url\":\"https:\/\/svetslik.si\/wp-content\/uploads\/2021\/08\/image_uresnicevanje-ciljev_680.jpg\",\"contentUrl\":\"https:\/\/svetslik.si\/wp-content\/uploads\/2021\/08\/image_uresnicevanje-ciljev_680.jpg\",\"width\":348,\"height\":680,\"caption\":\"uresnicevanje-ciljev Reprodukcije znanih slikarjev, moderne stenske slike, umetni\u0161ke slike za na steno\"},{\"@type\":\"BreadcrumbList\",\"@id\":\"https:\/\/svetslik.si\/de\/energiegemalde\/energetische-gemalde-verwirklichung-von-zielen\/#breadcrumb\",\"itemListElement\":[{\"@type\":\"ListItem\",\"position\":1,\"name\":\"Wandkunst und Gem\u00e4lde auf Leinwand\",\"item\":\"https:\/\/svetslik.si\/de\/\"},{\"@type\":\"ListItem\",\"position\":2,\"name\":\"Verkauf von Gem\u00e4lden\",\"item\":\"https:\/\/svetslik.si\/prodaja-slik\/\"},{\"@type\":\"ListItem\",\"position\":3,\"name\":\"Energetische Gem\u00e4lde &#8211; Verwirklichung von Zielen\"}]},{\"@type\":\"WebSite\",\"@id\":\"https:\/\/svetslik.si\/de\/#website\",\"url\":\"https:\/\/svetslik.si\/de\/\",\"name\":\"SVETSLIK.SI\",\"description\":\"100% handgemalte Reproduktionen von Gem\u00e4lden ber\u00fchmter Maler und Gem\u00e4lde auf Leinwand.\",\"publisher\":{\"@id\":\"https:\/\/svetslik.si\/de\/#organization\"},\"potentialAction\":[{\"@type\":\"SearchAction\",\"target\":{\"@type\":\"EntryPoint\",\"urlTemplate\":\"https:\/\/svetslik.si\/de\/?s={search_term_string}\"},\"query-input\":{\"@type\":\"PropertyValueSpecification\",\"valueRequired\":true,\"valueName\":\"search_term_string\"}}],\"inLanguage\":\"de\"},{\"@type\":\"Organization\",\"@id\":\"https:\/\/svetslik.si\/de\/#organization\",\"name\":\"SvetSlik.si\",\"url\":\"https:\/\/svetslik.si\/de\/\",\"logo\":{\"@type\":\"ImageObject\",\"inLanguage\":\"de\",\"@id\":\"https:\/\/svetslik.si\/de\/#\/schema\/logo\/image\/\",\"url\":\"https:\/\/svetslik.si\/wp-content\/uploads\/2020\/12\/logo-512.png\",\"contentUrl\":\"https:\/\/svetslik.si\/wp-content\/uploads\/2020\/12\/logo-512.png\",\"width\":512,\"height\":512,\"caption\":\"SvetSlik.si\"},\"image\":{\"@id\":\"https:\/\/svetslik.si\/de\/#\/schema\/logo\/image\/\"},\"sameAs\":[\"https:\/\/www.facebook.com\/svetslik.si\",\"https:\/\/x.com\/svetslik\",\"https:\/\/www.instagram.com\/svetslik.si\/\",\"https:\/\/www.linkedin.com\/company\/svetslik-si\"]}]}<\/script>\n<meta property=\"og:availability\" content=\"backorder\" \/>\n<meta property=\"product:availability\" content=\"available for order\" \/>\n<meta property=\"product:retailer_item_id\" content=\"665__\" \/>\n<meta property=\"product:condition\" content=\"new\" \/>\n<!-- \/ Yoast SEO Premium plugin. -->","yoast_head_json":{"title":"Energetische Gem\u00e4lde - Verwirklichung von Zielen - SVETSLIK.SI - 100% handgemalt","description":"Handgemaltes Energiegem\u00e4lde auf Leinwand - Energetische Gem\u00e4lde - Verwirklichung von Zielen -. Sie k\u00f6nnen das Bild mit Hilfe unserer einzigartigen Anwendung auf der Website einrahmen.","robots":{"index":"index","follow":"follow","max-snippet":"max-snippet:-1","max-image-preview":"max-image-preview:large","max-video-preview":"max-video-preview:-1"},"canonical":"https:\/\/svetslik.si\/de\/energiegemalde\/energetische-gemalde-verwirklichung-von-zielen\/","og_locale":"de_DE","og_type":"article","og_title":"Energetische Gem\u00e4lde - Verwirklichung von Zielen","og_description":"100% ro\u010dno naslikane slike na platnu, reprodukcije znanih slikarjev in umetni\u0161ke slike po naro\u010dilu.","og_url":"https:\/\/svetslik.si\/de\/energiegemalde\/energetische-gemalde-verwirklichung-von-zielen\/","og_site_name":"SVETSLIK.SI","article_publisher":"https:\/\/www.facebook.com\/svetslik.si","article_modified_time":"2026-03-22T20:06:24+00:00","og_image":[{"width":348,"height":680,"url":"https:\/\/svetslik.si\/wp-content\/uploads\/2021\/08\/image_uresnicevanje-ciljev_680.jpg","type":"image\/jpeg"}],"twitter_card":"summary_large_image","twitter_site":"@svetslik","twitter_misc":{"Verf\u00fcgbarkeit":"bei Nachbestellung"},"schema":{"@context":"https:\/\/schema.org","@graph":[{"@type":["WebPage","ItemPage"],"@id":"https:\/\/svetslik.si\/de\/energiegemalde\/energetische-gemalde-verwirklichung-von-zielen\/","url":"https:\/\/svetslik.si\/de\/energiegemalde\/energetische-gemalde-verwirklichung-von-zielen\/","name":"Energetische Gem\u00e4lde - Verwirklichung von Zielen - SVETSLIK.SI - 100% handgemalt","isPartOf":{"@id":"https:\/\/svetslik.si\/de\/#website"},"primaryImageOfPage":{"@id":"https:\/\/svetslik.si\/de\/energiegemalde\/energetische-gemalde-verwirklichung-von-zielen\/#primaryimage"},"image":{"@id":"https:\/\/svetslik.si\/de\/energiegemalde\/energetische-gemalde-verwirklichung-von-zielen\/#primaryimage"},"thumbnailUrl":"https:\/\/svetslik.si\/wp-content\/uploads\/2021\/08\/image_uresnicevanje-ciljev_680.jpg","datePublished":"2021-09-02T16:37:52+00:00","dateModified":"2026-03-22T20:06:24+00:00","description":"Handgemaltes Energiegem\u00e4lde auf Leinwand - Energetische Gem\u00e4lde - Verwirklichung von Zielen -. Sie k\u00f6nnen das Bild mit Hilfe unserer einzigartigen Anwendung auf der Website einrahmen.","breadcrumb":{"@id":"https:\/\/svetslik.si\/de\/energiegemalde\/energetische-gemalde-verwirklichung-von-zielen\/#breadcrumb"},"inLanguage":"de","potentialAction":[{"@type":"ReadAction","target":["https:\/\/svetslik.si\/de\/energiegemalde\/energetische-gemalde-verwirklichung-von-zielen\/"]}]},{"@type":"ImageObject","inLanguage":"de","@id":"https:\/\/svetslik.si\/de\/energiegemalde\/energetische-gemalde-verwirklichung-von-zielen\/#primaryimage","url":"https:\/\/svetslik.si\/wp-content\/uploads\/2021\/08\/image_uresnicevanje-ciljev_680.jpg","contentUrl":"https:\/\/svetslik.si\/wp-content\/uploads\/2021\/08\/image_uresnicevanje-ciljev_680.jpg","width":348,"height":680,"caption":"uresnicevanje-ciljev Reprodukcije znanih slikarjev, moderne stenske slike, umetni\u0161ke slike za na steno"},{"@type":"BreadcrumbList","@id":"https:\/\/svetslik.si\/de\/energiegemalde\/energetische-gemalde-verwirklichung-von-zielen\/#breadcrumb","itemListElement":[{"@type":"ListItem","position":1,"name":"Wandkunst und Gem\u00e4lde auf Leinwand","item":"https:\/\/svetslik.si\/de\/"},{"@type":"ListItem","position":2,"name":"Verkauf von Gem\u00e4lden","item":"https:\/\/svetslik.si\/prodaja-slik\/"},{"@type":"ListItem","position":3,"name":"Energetische Gem\u00e4lde &#8211; Verwirklichung von Zielen"}]},{"@type":"WebSite","@id":"https:\/\/svetslik.si\/de\/#website","url":"https:\/\/svetslik.si\/de\/","name":"SVETSLIK.SI","description":"100% handgemalte Reproduktionen von Gem\u00e4lden ber\u00fchmter Maler und Gem\u00e4lde auf Leinwand.","publisher":{"@id":"https:\/\/svetslik.si\/de\/#organization"},"potentialAction":[{"@type":"SearchAction","target":{"@type":"EntryPoint","urlTemplate":"https:\/\/svetslik.si\/de\/?s={search_term_string}"},"query-input":{"@type":"PropertyValueSpecification","valueRequired":true,"valueName":"search_term_string"}}],"inLanguage":"de"},{"@type":"Organization","@id":"https:\/\/svetslik.si\/de\/#organization","name":"SvetSlik.si","url":"https:\/\/svetslik.si\/de\/","logo":{"@type":"ImageObject","inLanguage":"de","@id":"https:\/\/svetslik.si\/de\/#\/schema\/logo\/image\/","url":"https:\/\/svetslik.si\/wp-content\/uploads\/2020\/12\/logo-512.png","contentUrl":"https:\/\/svetslik.si\/wp-content\/uploads\/2020\/12\/logo-512.png","width":512,"height":512,"caption":"SvetSlik.si"},"image":{"@id":"https:\/\/svetslik.si\/de\/#\/schema\/logo\/image\/"},"sameAs":["https:\/\/www.facebook.com\/svetslik.si","https:\/\/x.com\/svetslik","https:\/\/www.instagram.com\/svetslik.si\/","https:\/\/www.linkedin.com\/company\/svetslik-si"]}]},"og_availability":"backorder","product_availability":"available for order","product_retailer_item_id":"665__","product_condition":"new"},"jetpack_sharing_enabled":true,"_links":{"self":[{"href":"https:\/\/svetslik.si\/de\/wp-json\/wp\/v2\/product\/70583","targetHints":{"allow":["GET"]}}],"collection":[{"href":"https:\/\/svetslik.si\/de\/wp-json\/wp\/v2\/product"}],"about":[{"href":"https:\/\/svetslik.si\/de\/wp-json\/wp\/v2\/types\/product"}],"wp:featuredmedia":[{"embeddable":true,"href":"https:\/\/svetslik.si\/de\/wp-json\/wp\/v2\/media\/64298"}],"wp:attachment":[{"href":"https:\/\/svetslik.si\/de\/wp-json\/wp\/v2\/media?parent=70583"}],"wp:term":[{"taxonomy":"product_brand","embeddable":true,"href":"https:\/\/svetslik.si\/de\/wp-json\/wp\/v2\/product_brand?post=70583"},{"taxonomy":"product_cat","embeddable":true,"href":"https:\/\/svetslik.si\/de\/wp-json\/wp\/v2\/product_cat?post=70583"},{"taxonomy":"product_tag","embeddable":true,"href":"https:\/\/svetslik.si\/de\/wp-json\/wp\/v2\/product_tag?post=70583"}],"curies":[{"name":"wp","href":"https:\/\/api.w.org\/{rel}","templated":true}]}}