{"id":70608,"date":"2021-09-02T18:38:14","date_gmt":"2021-09-02T16:38:14","guid":{"rendered":"https:\/\/svetslik.si\/unkategorisiert\/sreca-v-zakonu\/"},"modified":"2026-03-22T21:08:35","modified_gmt":"2026-03-22T20:08:35","slug":"energetische-gemalde-gluck-in-der-ehe","status":"publish","type":"product","link":"https:\/\/svetslik.si\/de\/energiegemalde\/energetische-gemalde-gluck-in-der-ehe\/","title":{"rendered":"Energetische Gem\u00e4lde &#8211; Gl\u00fcck in der Ehe"},"content":{"rendered":"<div class=\"wpb-content-wrapper\">[vc_row css=&#8221;.vc_custom_1699776814664{margin-bottom: 10px !important;}&#8221;][vc_column]\t<div class=\"et-image-330 et-image     et_image_link\">\n\t\t<div class=\"et-image-inner \">\n\t\t\t\t\t\t\t<div class=\"et-image-thumb \">\n\t\t\t\t\t<img decoding=\"async\" width=\"1000\" height=\"1612\" src=\"https:\/\/svetslik.si\/wp-content\/uploads\/2021\/09\/nergijske-slike-\u2013-Sreca-v-zakonu.jpg\" class=\"attachment-full\" alt=\"Gl\u00fcckliches Ehepaar auf energetischem Gem\u00e4lde.\" title=\"Energetische Bilder \u2013 Gl\u00fcck in der Ehe\" srcset=\"https:\/\/svetslik.si\/wp-content\/uploads\/2021\/09\/nergijske-slike-\u2013-Sreca-v-zakonu.jpg 1000w, https:\/\/svetslik.si\/wp-content\/uploads\/2021\/09\/nergijske-slike-\u2013-Sreca-v-zakonu-600x967.jpg 600w, https:\/\/svetslik.si\/wp-content\/uploads\/2021\/09\/nergijske-slike-\u2013-Sreca-v-zakonu-186x300.jpg 186w, https:\/\/svetslik.si\/wp-content\/uploads\/2021\/09\/nergijske-slike-\u2013-Sreca-v-zakonu-635x1024.jpg 635w, https:\/\/svetslik.si\/wp-content\/uploads\/2021\/09\/nergijske-slike-\u2013-Sreca-v-zakonu-768x1238.jpg 768w, https:\/\/svetslik.si\/wp-content\/uploads\/2021\/09\/nergijske-slike-\u2013-Sreca-v-zakonu-953x1536.jpg 953w, https:\/\/svetslik.si\/wp-content\/uploads\/2021\/09\/nergijske-slike-\u2013-Sreca-v-zakonu-93x150.jpg 93w, https:\/\/svetslik.si\/wp-content\/uploads\/2021\/09\/nergijske-slike-\u2013-Sreca-v-zakonu-900x1451.jpg 900w\" sizes=\"(max-width: 1000px) 100vw, 1000px\" \/>\t\t\t\t<\/div>\n\t\t\t\t\t\t\t\t\t\t\t<\/div>\n\t<\/div>\n  [\/vc_column][\/vc_row][vc_row][vc_column][vc_column_text]\n<h1>Energiebilder &#8211; Gl\u00fcck in der Ehe<\/h1>\n<p>Das Gem\u00e4lde &#8216;Gl\u00fcck in der Ehe&#8217; ist eine au\u00dfergew\u00f6hnliche Darstellung der Energie, die F\u00fclle an Liebe in unser Leben zieht und uns mit g\u00f6ttlicher Schwingung erf\u00fcllt. Dieses wunderbare Kunstwerk wurde mit dem Ziel geschaffen, die Suche nach Gl\u00fcck in Partnerschaften zu f\u00f6rdern und m\u00f6gliche Liebeswunden aus der Vergangenheit oder Gegenwart zu heilen. Liebe ist eine grundlegende innere Qualit\u00e4t, die wir alle in uns tragen und die es wichtig ist, in unserem Leben zu entwickeln. Der entscheidende Schritt auf diesem Weg ist die Akzeptanz unseres eigenen Selbst und das Verst\u00e4ndnis, dass wir Liebe genau so, wie wir sind, verdienen. Wenn wir uns selbst lieben k\u00f6nnen, sind wir auch in der Lage, andere zu lieben und eine starke Energie der Liebe f\u00fcr alles und jeden um uns herum auszustrahlen.<\/p>\n<p>Das Gem\u00e4lde &#8216;Gl\u00fcck in der Ehe&#8217; ist ausgesprochen symbolisch. Durch den Einsatz lebendiger Farben, einer raffinierten Komposition und eines einzigartigen Stils schafft die K\u00fcnstlerin eine wundervolle visuelle Darstellung von Liebe in Partnerschaften. Das Bild l\u00e4dt uns ein, uns seiner Energie hinzugeben, uns f\u00fcr die Liebe zu \u00f6ffnen und feste, gl\u00fcckliche und erf\u00fcllende Beziehungen aufzubauen.<\/p>\n<p>Dieses Kunstwerk dient auch der Heilung und Transformation. Durch sorgf\u00e4ltig ausgew\u00e4hlte Motive, Symbole und Farben wirkt das Gem\u00e4lde auf subtile energetische Ebenen und unterst\u00fctzt uns im Prozess der Heilung vergangener Liebeswunden. Wir k\u00f6nnen sp\u00fcren, wie ihre Schwingung uns erhebt und uns dabei hilft, Schmerzen loszulassen und echte Liebe anzunehmen und auszudr\u00fccken.<\/p>\n<p>Jedes Gem\u00e4lde ist ein Unikat und von Hand mit besonderer Liebe zum Detail gefertigt. Die K\u00fcnstlerin hat mit ihrem au\u00dfergew\u00f6hnlichen Talent und ihrer Hingabe ein wahres Meisterwerk geschaffen, das die Kraft hat, zu inspirieren und Leben zu ver\u00e4ndern. Das Gem\u00e4lde &#8216;Gl\u00fcck in der Ehe&#8217; ist mehr als nur eine Wanddekoration, es ist ein wertvolles und aussagekr\u00e4ftiges Kunstwerk, das Liebe, Gl\u00fcck und Harmonie in Ihr Zuhause bringt.<\/p>\n<p>Wenn Sie ein besonderes Geschenk f\u00fcr Ihren Partner suchen oder Ihr Zuhause mit der Energie der Liebe erf\u00fcllen m\u00f6chten, ist das Gem\u00e4lde &#8216;Gl\u00fcck in der Ehe&#8217; eine ausgezeichnete Wahl. Lassen Sie sich von seiner g\u00f6ttlichen Schwingung mitrei\u00dfen, die Sie jeden Tag an die Kraft der Liebe erinnern und Ihnen dabei helfen wird, eine tiefe Verbindung zu Ihrem Partner herzustellen und ein gl\u00fcckliches und erf\u00fclltes Leben in Liebe zu f\u00fchren.[\/vc_column_text][\/vc_column][\/vc_row]\n<\/div>","protected":false},"excerpt":{"rendered":"<p>[vc_row css=&#8221;.vc_custom_1699776814664{margin-bottom: 10px !important;}&#8221;][vc_column][\/vc_column][\/vc_row][vc_row][vc_column][vc_column_text] Energiebilder &#8211; Gl\u00fcck in der Ehe Das Gem\u00e4lde &#8216;Gl\u00fcck in der Ehe&#8217; ist eine au\u00dfergew\u00f6hnliche Darstellung der Energie, die F\u00fclle an Liebe in unser Leben zieht und uns mit g\u00f6ttlicher Schwingung erf\u00fcllt. Dieses wunderbare Kunstwerk wurde mit dem Ziel geschaffen, die Suche nach Gl\u00fcck in Partnerschaften [&hellip;]<\/p>\n","protected":false},"featured_media":64081,"template":"","meta":{"_acf_changed":false},"product_brand":[],"product_cat":[8439,8440],"product_tag":[8487],"class_list":{"0":"post-70608","1":"product","2":"type-product","3":"status-publish","4":"has-post-thumbnail","6":"product_cat-energiebilder","7":"product_cat-energiegemalde","8":"product_tag-energiebilder","9":"pa_dimenzija-40-x-80-cm-de","10":"pa_dimenzija-50-x-100-cm-de","11":"pa_dimenzija-75-x-150-cm-de","12":"pa_oblika-vertikal","13":"pa_okvir-ohne-rahmen","14":"pa_podokvir-ja","15":"pa_podokvir-nein","17":"first","18":"onbackorder","19":"purchasable","20":"product-type-variable","21":"has-default-attributes"},"acf":[],"yoast_head":"<!-- This site is optimized with the Yoast SEO Premium plugin v26.0 (Yoast SEO v27.2) - https:\/\/yoast.com\/product\/yoast-seo-premium-wordpress\/ -->\n<title>Energetische Gem\u00e4lde - Gl\u00fcck in der Ehe - SVETSLIK.SI - 100% handgemalt<\/title>\n<meta name=\"description\" content=\"Handgemaltes Energiegem\u00e4lde auf Leinwand - Energetische Gem\u00e4lde - Gl\u00fcck in der Ehe -. Sie k\u00f6nnen das Bild mit Hilfe unserer einzigartigen Anwendung auf der Website einrahmen.\" \/>\n<meta name=\"robots\" content=\"index, follow, max-snippet:-1, max-image-preview:large, max-video-preview:-1\" \/>\n<link rel=\"canonical\" href=\"https:\/\/svetslik.si\/de\/energiegemalde\/energetische-gemalde-gluck-in-der-ehe\/\" \/>\n<meta property=\"og:locale\" content=\"de_DE\" \/>\n<meta property=\"og:type\" content=\"article\" \/>\n<meta property=\"og:title\" content=\"Energetische Gem\u00e4lde - Gl\u00fcck in der Ehe\" \/>\n<meta property=\"og:description\" content=\"100% ro\u010dno naslikane slike na platnu, reprodukcije znanih slikarjev in umetni\u0161ke slike po naro\u010dilu.\" \/>\n<meta property=\"og:url\" content=\"https:\/\/svetslik.si\/de\/energiegemalde\/energetische-gemalde-gluck-in-der-ehe\/\" \/>\n<meta property=\"og:site_name\" content=\"SVETSLIK.SI\" \/>\n<meta property=\"article:publisher\" content=\"https:\/\/www.facebook.com\/svetslik.si\" \/>\n<meta property=\"article:modified_time\" content=\"2026-03-22T20:08:35+00:00\" \/>\n<meta property=\"og:image\" content=\"https:\/\/svetslik.si\/wp-content\/uploads\/2021\/08\/image_sreca-v-zakonu_680.jpg\" \/>\n\t<meta property=\"og:image:width\" content=\"339\" \/>\n\t<meta property=\"og:image:height\" content=\"680\" \/>\n\t<meta property=\"og:image:type\" content=\"image\/jpeg\" \/>\n<meta name=\"twitter:card\" content=\"summary_large_image\" \/>\n<meta name=\"twitter:site\" content=\"@svetslik\" \/>\n<meta name=\"twitter:label1\" content=\"Verf\u00fcgbarkeit\" \/>\n\t<meta name=\"twitter:data1\" content=\"bei Nachbestellung\" \/>\n<script type=\"application\/ld+json\" class=\"yoast-schema-graph\">{\"@context\":\"https:\/\/schema.org\",\"@graph\":[{\"@type\":[\"WebPage\",\"ItemPage\"],\"@id\":\"https:\/\/svetslik.si\/de\/energiegemalde\/energetische-gemalde-gluck-in-der-ehe\/\",\"url\":\"https:\/\/svetslik.si\/de\/energiegemalde\/energetische-gemalde-gluck-in-der-ehe\/\",\"name\":\"Energetische Gem\u00e4lde - Gl\u00fcck in der Ehe - SVETSLIK.SI - 100% handgemalt\",\"isPartOf\":{\"@id\":\"https:\/\/svetslik.si\/de\/#website\"},\"primaryImageOfPage\":{\"@id\":\"https:\/\/svetslik.si\/de\/energiegemalde\/energetische-gemalde-gluck-in-der-ehe\/#primaryimage\"},\"image\":{\"@id\":\"https:\/\/svetslik.si\/de\/energiegemalde\/energetische-gemalde-gluck-in-der-ehe\/#primaryimage\"},\"thumbnailUrl\":\"https:\/\/svetslik.si\/wp-content\/uploads\/2021\/08\/image_sreca-v-zakonu_680.jpg\",\"datePublished\":\"2021-09-02T16:38:14+00:00\",\"dateModified\":\"2026-03-22T20:08:35+00:00\",\"description\":\"Handgemaltes Energiegem\u00e4lde auf Leinwand - Energetische Gem\u00e4lde - Gl\u00fcck in der Ehe -. Sie k\u00f6nnen das Bild mit Hilfe unserer einzigartigen Anwendung auf der Website einrahmen.\",\"breadcrumb\":{\"@id\":\"https:\/\/svetslik.si\/de\/energiegemalde\/energetische-gemalde-gluck-in-der-ehe\/#breadcrumb\"},\"inLanguage\":\"de\",\"potentialAction\":[{\"@type\":\"ReadAction\",\"target\":[\"https:\/\/svetslik.si\/de\/energiegemalde\/energetische-gemalde-gluck-in-der-ehe\/\"]}]},{\"@type\":\"ImageObject\",\"inLanguage\":\"de\",\"@id\":\"https:\/\/svetslik.si\/de\/energiegemalde\/energetische-gemalde-gluck-in-der-ehe\/#primaryimage\",\"url\":\"https:\/\/svetslik.si\/wp-content\/uploads\/2021\/08\/image_sreca-v-zakonu_680.jpg\",\"contentUrl\":\"https:\/\/svetslik.si\/wp-content\/uploads\/2021\/08\/image_sreca-v-zakonu_680.jpg\",\"width\":339,\"height\":680,\"caption\":\"Gl\u00fcck in der Ehe Moderne Gem\u00e4lde auf Leinwand\"},{\"@type\":\"BreadcrumbList\",\"@id\":\"https:\/\/svetslik.si\/de\/energiegemalde\/energetische-gemalde-gluck-in-der-ehe\/#breadcrumb\",\"itemListElement\":[{\"@type\":\"ListItem\",\"position\":1,\"name\":\"Wandkunst und Gem\u00e4lde auf Leinwand\",\"item\":\"https:\/\/svetslik.si\/de\/\"},{\"@type\":\"ListItem\",\"position\":2,\"name\":\"Verkauf von Gem\u00e4lden\",\"item\":\"https:\/\/svetslik.si\/prodaja-slik\/\"},{\"@type\":\"ListItem\",\"position\":3,\"name\":\"Energetische Gem\u00e4lde &#8211; Gl\u00fcck in der Ehe\"}]},{\"@type\":\"WebSite\",\"@id\":\"https:\/\/svetslik.si\/de\/#website\",\"url\":\"https:\/\/svetslik.si\/de\/\",\"name\":\"SVETSLIK.SI\",\"description\":\"100% handgemalte Reproduktionen von Gem\u00e4lden ber\u00fchmter Maler und Gem\u00e4lde auf Leinwand.\",\"publisher\":{\"@id\":\"https:\/\/svetslik.si\/de\/#organization\"},\"potentialAction\":[{\"@type\":\"SearchAction\",\"target\":{\"@type\":\"EntryPoint\",\"urlTemplate\":\"https:\/\/svetslik.si\/de\/?s={search_term_string}\"},\"query-input\":{\"@type\":\"PropertyValueSpecification\",\"valueRequired\":true,\"valueName\":\"search_term_string\"}}],\"inLanguage\":\"de\"},{\"@type\":\"Organization\",\"@id\":\"https:\/\/svetslik.si\/de\/#organization\",\"name\":\"SvetSlik.si\",\"url\":\"https:\/\/svetslik.si\/de\/\",\"logo\":{\"@type\":\"ImageObject\",\"inLanguage\":\"de\",\"@id\":\"https:\/\/svetslik.si\/de\/#\/schema\/logo\/image\/\",\"url\":\"https:\/\/svetslik.si\/wp-content\/uploads\/2020\/12\/logo-512.png\",\"contentUrl\":\"https:\/\/svetslik.si\/wp-content\/uploads\/2020\/12\/logo-512.png\",\"width\":512,\"height\":512,\"caption\":\"SvetSlik.si\"},\"image\":{\"@id\":\"https:\/\/svetslik.si\/de\/#\/schema\/logo\/image\/\"},\"sameAs\":[\"https:\/\/www.facebook.com\/svetslik.si\",\"https:\/\/x.com\/svetslik\",\"https:\/\/www.instagram.com\/svetslik.si\/\",\"https:\/\/www.linkedin.com\/company\/svetslik-si\"]}]}<\/script>\n<meta property=\"og:availability\" content=\"backorder\" \/>\n<meta property=\"product:availability\" content=\"available for order\" \/>\n<meta property=\"product:retailer_item_id\" content=\"671__\" \/>\n<meta property=\"product:condition\" content=\"new\" \/>\n<!-- \/ Yoast SEO Premium plugin. -->","yoast_head_json":{"title":"Energetische Gem\u00e4lde - Gl\u00fcck in der Ehe - SVETSLIK.SI - 100% handgemalt","description":"Handgemaltes Energiegem\u00e4lde auf Leinwand - Energetische Gem\u00e4lde - Gl\u00fcck in der Ehe -. Sie k\u00f6nnen das Bild mit Hilfe unserer einzigartigen Anwendung auf der Website einrahmen.","robots":{"index":"index","follow":"follow","max-snippet":"max-snippet:-1","max-image-preview":"max-image-preview:large","max-video-preview":"max-video-preview:-1"},"canonical":"https:\/\/svetslik.si\/de\/energiegemalde\/energetische-gemalde-gluck-in-der-ehe\/","og_locale":"de_DE","og_type":"article","og_title":"Energetische Gem\u00e4lde - Gl\u00fcck in der Ehe","og_description":"100% ro\u010dno naslikane slike na platnu, reprodukcije znanih slikarjev in umetni\u0161ke slike po naro\u010dilu.","og_url":"https:\/\/svetslik.si\/de\/energiegemalde\/energetische-gemalde-gluck-in-der-ehe\/","og_site_name":"SVETSLIK.SI","article_publisher":"https:\/\/www.facebook.com\/svetslik.si","article_modified_time":"2026-03-22T20:08:35+00:00","og_image":[{"width":339,"height":680,"url":"https:\/\/svetslik.si\/wp-content\/uploads\/2021\/08\/image_sreca-v-zakonu_680.jpg","type":"image\/jpeg"}],"twitter_card":"summary_large_image","twitter_site":"@svetslik","twitter_misc":{"Verf\u00fcgbarkeit":"bei Nachbestellung"},"schema":{"@context":"https:\/\/schema.org","@graph":[{"@type":["WebPage","ItemPage"],"@id":"https:\/\/svetslik.si\/de\/energiegemalde\/energetische-gemalde-gluck-in-der-ehe\/","url":"https:\/\/svetslik.si\/de\/energiegemalde\/energetische-gemalde-gluck-in-der-ehe\/","name":"Energetische Gem\u00e4lde - Gl\u00fcck in der Ehe - SVETSLIK.SI - 100% handgemalt","isPartOf":{"@id":"https:\/\/svetslik.si\/de\/#website"},"primaryImageOfPage":{"@id":"https:\/\/svetslik.si\/de\/energiegemalde\/energetische-gemalde-gluck-in-der-ehe\/#primaryimage"},"image":{"@id":"https:\/\/svetslik.si\/de\/energiegemalde\/energetische-gemalde-gluck-in-der-ehe\/#primaryimage"},"thumbnailUrl":"https:\/\/svetslik.si\/wp-content\/uploads\/2021\/08\/image_sreca-v-zakonu_680.jpg","datePublished":"2021-09-02T16:38:14+00:00","dateModified":"2026-03-22T20:08:35+00:00","description":"Handgemaltes Energiegem\u00e4lde auf Leinwand - Energetische Gem\u00e4lde - Gl\u00fcck in der Ehe -. Sie k\u00f6nnen das Bild mit Hilfe unserer einzigartigen Anwendung auf der Website einrahmen.","breadcrumb":{"@id":"https:\/\/svetslik.si\/de\/energiegemalde\/energetische-gemalde-gluck-in-der-ehe\/#breadcrumb"},"inLanguage":"de","potentialAction":[{"@type":"ReadAction","target":["https:\/\/svetslik.si\/de\/energiegemalde\/energetische-gemalde-gluck-in-der-ehe\/"]}]},{"@type":"ImageObject","inLanguage":"de","@id":"https:\/\/svetslik.si\/de\/energiegemalde\/energetische-gemalde-gluck-in-der-ehe\/#primaryimage","url":"https:\/\/svetslik.si\/wp-content\/uploads\/2021\/08\/image_sreca-v-zakonu_680.jpg","contentUrl":"https:\/\/svetslik.si\/wp-content\/uploads\/2021\/08\/image_sreca-v-zakonu_680.jpg","width":339,"height":680,"caption":"Gl\u00fcck in der Ehe Moderne Gem\u00e4lde auf Leinwand"},{"@type":"BreadcrumbList","@id":"https:\/\/svetslik.si\/de\/energiegemalde\/energetische-gemalde-gluck-in-der-ehe\/#breadcrumb","itemListElement":[{"@type":"ListItem","position":1,"name":"Wandkunst und Gem\u00e4lde auf Leinwand","item":"https:\/\/svetslik.si\/de\/"},{"@type":"ListItem","position":2,"name":"Verkauf von Gem\u00e4lden","item":"https:\/\/svetslik.si\/prodaja-slik\/"},{"@type":"ListItem","position":3,"name":"Energetische Gem\u00e4lde &#8211; Gl\u00fcck in der Ehe"}]},{"@type":"WebSite","@id":"https:\/\/svetslik.si\/de\/#website","url":"https:\/\/svetslik.si\/de\/","name":"SVETSLIK.SI","description":"100% handgemalte Reproduktionen von Gem\u00e4lden ber\u00fchmter Maler und Gem\u00e4lde auf Leinwand.","publisher":{"@id":"https:\/\/svetslik.si\/de\/#organization"},"potentialAction":[{"@type":"SearchAction","target":{"@type":"EntryPoint","urlTemplate":"https:\/\/svetslik.si\/de\/?s={search_term_string}"},"query-input":{"@type":"PropertyValueSpecification","valueRequired":true,"valueName":"search_term_string"}}],"inLanguage":"de"},{"@type":"Organization","@id":"https:\/\/svetslik.si\/de\/#organization","name":"SvetSlik.si","url":"https:\/\/svetslik.si\/de\/","logo":{"@type":"ImageObject","inLanguage":"de","@id":"https:\/\/svetslik.si\/de\/#\/schema\/logo\/image\/","url":"https:\/\/svetslik.si\/wp-content\/uploads\/2020\/12\/logo-512.png","contentUrl":"https:\/\/svetslik.si\/wp-content\/uploads\/2020\/12\/logo-512.png","width":512,"height":512,"caption":"SvetSlik.si"},"image":{"@id":"https:\/\/svetslik.si\/de\/#\/schema\/logo\/image\/"},"sameAs":["https:\/\/www.facebook.com\/svetslik.si","https:\/\/x.com\/svetslik","https:\/\/www.instagram.com\/svetslik.si\/","https:\/\/www.linkedin.com\/company\/svetslik-si"]}]},"og_availability":"backorder","product_availability":"available for order","product_retailer_item_id":"671__","product_condition":"new"},"jetpack_sharing_enabled":true,"_links":{"self":[{"href":"https:\/\/svetslik.si\/de\/wp-json\/wp\/v2\/product\/70608","targetHints":{"allow":["GET"]}}],"collection":[{"href":"https:\/\/svetslik.si\/de\/wp-json\/wp\/v2\/product"}],"about":[{"href":"https:\/\/svetslik.si\/de\/wp-json\/wp\/v2\/types\/product"}],"wp:featuredmedia":[{"embeddable":true,"href":"https:\/\/svetslik.si\/de\/wp-json\/wp\/v2\/media\/64081"}],"wp:attachment":[{"href":"https:\/\/svetslik.si\/de\/wp-json\/wp\/v2\/media?parent=70608"}],"wp:term":[{"taxonomy":"product_brand","embeddable":true,"href":"https:\/\/svetslik.si\/de\/wp-json\/wp\/v2\/product_brand?post=70608"},{"taxonomy":"product_cat","embeddable":true,"href":"https:\/\/svetslik.si\/de\/wp-json\/wp\/v2\/product_cat?post=70608"},{"taxonomy":"product_tag","embeddable":true,"href":"https:\/\/svetslik.si\/de\/wp-json\/wp\/v2\/product_tag?post=70608"}],"curies":[{"name":"wp","href":"https:\/\/api.w.org\/{rel}","templated":true}]}}