{"id":70867,"date":"2021-09-02T18:43:14","date_gmt":"2021-09-02T16:43:14","guid":{"rendered":"https:\/\/svetslik.si\/unkategorisiert\/the-blue-unconscious\/"},"modified":"2026-03-22T21:13:03","modified_gmt":"2026-03-22T20:13:03","slug":"the-blue-unconscious","status":"publish","type":"product","link":"https:\/\/svetslik.si\/de\/jackson-pollock-de\/the-blue-unconscious\/","title":{"rendered":"Jackson Pollock &#8211; The blue unconscious"},"content":{"rendered":"<div class=\"wpb-content-wrapper\">[vc_row css=&#8221;.vc_custom_1675012726426{margin-bottom: 10px !important;}&#8221;][vc_column]\t<div class=\"et-image-486 et-image     et_image_link\">\n\t\t<div class=\"et-image-inner \">\n\t\t\t\t\t\t\t<div class=\"et-image-thumb \">\n\t\t\t\t\t<img decoding=\"async\" width=\"1760\" height=\"2252\" src=\"https:\/\/svetslik.si\/wp-content\/uploads\/2021\/09\/Jackson-Pollock-\u2013-The-blue-unconscious-3.jpg\" class=\"attachment-full\" alt=\"Jackson Pollock - The blue unconscious (Das blaue Unbewusste) Gem\u00e4lde, Leinwandbilder\" title=\"Jackson Pollock - The blue unconscious (Das blaue Unbewusste) Gem\u00e4lde, Leinwandbilder\" srcset=\"https:\/\/svetslik.si\/wp-content\/uploads\/2021\/09\/Jackson-Pollock-\u2013-The-blue-unconscious-3.jpg 1760w, https:\/\/svetslik.si\/wp-content\/uploads\/2021\/09\/Jackson-Pollock-\u2013-The-blue-unconscious-3-600x768.jpg 600w, https:\/\/svetslik.si\/wp-content\/uploads\/2021\/09\/Jackson-Pollock-\u2013-The-blue-unconscious-3-1200x1536.jpg 1200w, https:\/\/svetslik.si\/wp-content\/uploads\/2021\/09\/Jackson-Pollock-\u2013-The-blue-unconscious-3-234x300.jpg 234w, https:\/\/svetslik.si\/wp-content\/uploads\/2021\/09\/Jackson-Pollock-\u2013-The-blue-unconscious-3-800x1024.jpg 800w, https:\/\/svetslik.si\/wp-content\/uploads\/2021\/09\/Jackson-Pollock-\u2013-The-blue-unconscious-3-768x983.jpg 768w, https:\/\/svetslik.si\/wp-content\/uploads\/2021\/09\/Jackson-Pollock-\u2013-The-blue-unconscious-3-1601x2048.jpg 1601w, https:\/\/svetslik.si\/wp-content\/uploads\/2021\/09\/Jackson-Pollock-\u2013-The-blue-unconscious-3-9x12.jpg 9w, https:\/\/svetslik.si\/wp-content\/uploads\/2021\/09\/Jackson-Pollock-\u2013-The-blue-unconscious-3-117x150.jpg 117w, https:\/\/svetslik.si\/wp-content\/uploads\/2021\/09\/Jackson-Pollock-\u2013-The-blue-unconscious-3-1320x1689.jpg 1320w\" sizes=\"(max-width: 1760px) 100vw, 1760px\" \/>\t\t\t\t<\/div>\n\t\t\t\t\t\t\t\t\t\t\t<\/div>\n\t<\/div>\n  [\/vc_column][\/vc_row][vc_row css =&#8221;.vc_custom_1675012732987{margin-bottom: 10px !important;}&#8221;][vc_column]\t<div class=\"et-image-92 et-image     et_image_link\">\n\t\t<div class=\"et-image-inner \">\n\t\t\t\t\t\t\t<div class=\"et-image-thumb \">\n\t\t\t\t\t<img decoding=\"async\" width=\"1312\" height=\"2252\" src=\"https:\/\/svetslik.si\/wp-content\/uploads\/2021\/09\/Jackson-Pollock-\u2013-The-blue-unconscious-2.jpg\" class=\"attachment-full\" alt=\"Jackson Pollock - The blue unconscious (Das blaue Unbewusste) Gem\u00e4lde, Leinwandbilder\" title=\"Jackson Pollock - The blue unconscious (Das blaue Unbewusste) Gem\u00e4lde, Leinwandbilder\" srcset=\"https:\/\/svetslik.si\/wp-content\/uploads\/2021\/09\/Jackson-Pollock-\u2013-The-blue-unconscious-2.jpg 1312w, https:\/\/svetslik.si\/wp-content\/uploads\/2021\/09\/Jackson-Pollock-\u2013-The-blue-unconscious-2-600x1030.jpg 600w, https:\/\/svetslik.si\/wp-content\/uploads\/2021\/09\/Jackson-Pollock-\u2013-The-blue-unconscious-2-1200x2060.jpg 1200w, https:\/\/svetslik.si\/wp-content\/uploads\/2021\/09\/Jackson-Pollock-\u2013-The-blue-unconscious-2-175x300.jpg 175w, https:\/\/svetslik.si\/wp-content\/uploads\/2021\/09\/Jackson-Pollock-\u2013-The-blue-unconscious-2-597x1024.jpg 597w, https:\/\/svetslik.si\/wp-content\/uploads\/2021\/09\/Jackson-Pollock-\u2013-The-blue-unconscious-2-768x1318.jpg 768w, https:\/\/svetslik.si\/wp-content\/uploads\/2021\/09\/Jackson-Pollock-\u2013-The-blue-unconscious-2-895x1536.jpg 895w, https:\/\/svetslik.si\/wp-content\/uploads\/2021\/09\/Jackson-Pollock-\u2013-The-blue-unconscious-2-1193x2048.jpg 1193w, https:\/\/svetslik.si\/wp-content\/uploads\/2021\/09\/Jackson-Pollock-\u2013-The-blue-unconscious-2-7x12.jpg 7w, https:\/\/svetslik.si\/wp-content\/uploads\/2021\/09\/Jackson-Pollock-\u2013-The-blue-unconscious-2-87x150.jpg 87w\" sizes=\"(max-width: 1312px) 100vw, 1312px\" \/>\t\t\t\t<\/div>\n\t\t\t\t\t\t\t\t\t\t\t<\/div>\n\t<\/div>\n  [\/vc_column][\/vc_row][vc_row css=&#8221;. vc_custom_1675012588663 {margin-bottom: 10px! 663 {Margin -bottom: 10px !important;}&#8221;][vc_column]\t<div class=\"et-image-813 et-image     et_image_link\">\n\t\t<div class=\"et-image-inner \">\n\t\t\t\t\t\t\t<div class=\"et-image-thumb \">\n\t\t\t\t\t<img decoding=\"async\" width=\"2560\" height=\"1441\" src=\"https:\/\/svetslik.si\/wp-content\/uploads\/2021\/09\/Jackson-Pollock-\u2013-The-blue-unconscious-scaled.jpg\" class=\"attachment-full\" alt=\"Jackson Pollock - The blue unconscious (Jackson Pollock - Das blaue Unbewusste) - Gem\u00e4lde, Leinwandbilder\" title=\"Jackson Pollock - The blue unconscious (Jackson Pollock - Das blaue Unbewusste) - Gem\u00e4lde, Leinwandbilder\" srcset=\"https:\/\/svetslik.si\/wp-content\/uploads\/2021\/09\/Jackson-Pollock-\u2013-The-blue-unconscious-scaled.jpg 2560w, https:\/\/svetslik.si\/wp-content\/uploads\/2021\/09\/Jackson-Pollock-\u2013-The-blue-unconscious-scaled-600x338.jpg 600w, https:\/\/svetslik.si\/wp-content\/uploads\/2021\/09\/Jackson-Pollock-\u2013-The-blue-unconscious-scaled-1200x675.jpg 1200w, https:\/\/svetslik.si\/wp-content\/uploads\/2021\/09\/Jackson-Pollock-\u2013-The-blue-unconscious-300x169.jpg 300w, https:\/\/svetslik.si\/wp-content\/uploads\/2021\/09\/Jackson-Pollock-\u2013-The-blue-unconscious-1024x577.jpg 1024w, https:\/\/svetslik.si\/wp-content\/uploads\/2021\/09\/Jackson-Pollock-\u2013-The-blue-unconscious-768x432.jpg 768w, https:\/\/svetslik.si\/wp-content\/uploads\/2021\/09\/Jackson-Pollock-\u2013-The-blue-unconscious-1536x865.jpg 1536w, https:\/\/svetslik.si\/wp-content\/uploads\/2021\/09\/Jackson-Pollock-\u2013-The-blue-unconscious-2048x1153.jpg 2048w, https:\/\/svetslik.si\/wp-content\/uploads\/2021\/09\/Jackson-Pollock-\u2013-The-blue-unconscious-18x10.jpg 18w, https:\/\/svetslik.si\/wp-content\/uploads\/2021\/09\/Jackson-Pollock-\u2013-The-blue-unconscious-150x84.jpg 150w, https:\/\/svetslik.si\/wp-content\/uploads\/2021\/09\/Jackson-Pollock-\u2013-The-blue-unconscious-1320x743.jpg 1320w\" sizes=\"(max-width: 2560px) 100vw, 2560px\" \/>\t\t\t\t<\/div>\n\t\t\t\t\t\t\t\t\t\t\t<\/div>\n\t<\/div>\n  [\/vc_column][\/vc_row][vc_row][vc_column][vc_column_text]\n<h1>Jackson Pollock \u2013 Das blaue Unbewusste<\/h1>\n<table border=\"0\" width=\"673\" cellpadding=\"0\">\n<colgroup>\n<col style=\"width: 135pt\" width=\"180\" \/>\n<col style=\"width: 370pt\" width=\"493\" \/> <\/colgroup>\n<tbody>\n<tr style=\"height: 15.75pt\">\n<td class=\"xl24\" style=\"height: 15,75pt;width: 135pt\" width=\"180\" height=\"21\">Erstellungsjahr:<\/td>\n<td class=\"xl25\" style=\"width: 370pt\" width=\"493\">1946<\/td>\n<\/tr>\n<tr style=\"height: 15.75pt\">\n<td class=\"xl24\" style=\"height: 15,75pt;width: 135pt\" width=\"180\" height=\"21\">Originalgr\u00f6\u00dfe:<\/td>\n<td class=\"xl24\" style=\"width: 370pt\" width=\"493\">142,3 cm x 213,4 cm<\/td>\n<\/tr>\n<tr style=\"height: 15.75pt\">\n<td class=\"xl24\" style=\"height: 15,75pt;width: 135pt\" width=\"180\" height=\"21\">Lackstil:<\/td>\n<td class=\"xl24\" style=\"width: 370pt\" width=\"493\">Abstrakter Expressionismus<\/td>\n<\/tr>\n<tr style=\"height: 15.75pt\">\n<td class=\"xl24\" style=\"height: 15,75pt;width: 135pt\" width=\"180\" height=\"21\">Originaltechnik:<\/td>\n<td>\u00d6l auf Leinwand<\/td>\n<\/tr>\n<tr style=\"height: 15.75pt\">\n<td class=\"xl24\" style=\"height: 15,75pt;width: 135pt\" width=\"180\" height=\"21\">Standort:<\/td>\n<td>Privatsammlung<\/td>\n<\/tr>\n<\/tbody>\n<\/table>\n<p>Jackson Pollocks \u201eDas blaue Unbewusste\u201c: Ein Pionierwerk des Abstrakten Expressionismus<\/p>\n<p>Jackson Pollock war ein amerikanischer Maler und eine f\u00fchrende Figur des abstrakten Expressionismus. Er ist vor allem f\u00fcr seine \u201eDrip Paintings\u201c bekannt, einen Stil der abstrakten Kunst, der sich durch spontan und unstrukturiert auf die Leinwand aufgetragene Farbtropfen und -spritzer auszeichnet. \u201eDas blaue Unbewusste\u201c ist eines seiner ber\u00fchmtesten Werke und zeigt die ganze Bandbreite seines einzigartigen Stils und seiner Vision.<\/p>\n<p>Das Gem\u00e4lde hat einen satten, blauen Hintergrund und Farbtropfen in verschiedenen Farben und Texturen werden organisch und flie\u00dfend auf die Leinwand aufgetragen. Das Ergebnis ist eine dynamische, lebendige Komposition, die vor Energie zu pulsieren scheint. Trotz seines scheinbaren Chaos ist \u201eThe Blue Uncious\u201c tats\u00e4chlich ein sehr organisiertes und strukturiertes Werk, bei dem jede tropfende Linie und jeder Farbtupfer die Gesamtkomposition aufwertet.<\/p>\n<p>Eines der Dinge, die \u201eDas blaue Unbewusste\u201c so besonders macht, ist die Art und Weise, wie es die Essenz des Unbewussten einf\u00e4ngt. Laut Pollock sollen seine Drip Paintings die unbewussten, frei flie\u00dfenden Gedanken und Emotionen darstellen, die unter der Oberfl\u00e4che unseres Bewusstseins existieren. Mit \u201eDas blaue Unbewusste\u201c schuf er eine visuelle Darstellung dieser immateriellen Ideen und das Ergebnis ist ein Kunstwerk, das sowohl kraftvoll als auch zutiefst pers\u00f6nlich ist.<\/p>\n<p>Wenn Sie mehr \u00fcber die Arbeit von Jackson Pollock oder die Bewegung des Abstrakten Expressionismus erfahren m\u00f6chten, ist \u201eThe Blue Uncious\u201c ein guter Ausgangspunkt. Mit seinen leuchtenden Farben, der dynamischen Komposition und der tiefen Verbindung zum Unbewussten ist dieses Gem\u00e4lde ein wahres Meisterwerk der Kunst des 20. Jahrhunderts. Warum nehmen Sie sich heute nicht einen Moment Zeit, um dieses bahnbrechende Werk des Abstrakten Expressionismus zu w\u00fcrdigen?[\/vc_column_text][\/vc_column][\/vc_row]\n<\/div>","protected":false},"excerpt":{"rendered":"<p>[vc_row css=&#8221;.vc_custom_1675012726426{margin-bottom: 10px !important;}&#8221;][vc_column][\/vc_column][\/vc_row][vc_row css =&#8221;.vc_custom_1675012732987{margin-bottom: 10px !important;}&#8221;][vc_column][\/vc_column][\/vc_row][vc_row css=&#8221;. vc_custom_1675012588663 {margin-bottom: 10px! 663 {Margin -bottom: 10px !important;}&#8221;][vc_column][\/vc_column][\/vc_row][vc_row][vc_column][vc_column_text] Jackson Pollock \u2013 Das blaue Unbewusste Erstellungsjahr: 1946 Originalgr\u00f6\u00dfe: 142,3 cm x 213,4 cm Lackstil: Abstrakter Expressionismus Originaltechnik: \u00d6l auf Leinwand Standort: Privatsammlung Jackson Pollocks \u201eDas blaue Unbewusste\u201c: Ein Pionierwerk des Abstrakten Expressionismus [&hellip;]<\/p>\n","protected":false},"featured_media":64152,"template":"","meta":{"_acf_changed":false},"product_brand":[],"product_cat":[8448],"product_tag":[8521,8509,8513,8514],"class_list":{"0":"post-70867","1":"product","2":"type-product","3":"status-publish","4":"has-post-thumbnail","6":"product_cat-jackson-pollock-de","7":"product_tag-maler","8":"product_tag-pollock-de","9":"product_tag-reproduktion","10":"product_tag-reproduktionen","11":"pa_dimenzija-100-x-150-cm-de","12":"pa_dimenzija-120-x-180-cm-de","13":"pa_dimenzija-142-x-213-cm-de","14":"pa_dimenzija-50-x-70-cm-de","15":"pa_dimenzija-60-x-90-cm-de","16":"pa_dimenzija-70-x-100-cm-de","17":"pa_dimenzija-80-x-120-cm-de","18":"pa_dimenzija-90-x-130-cm-de","19":"pa_oblika-vertikal","20":"pa_okvir-ohne-rahmen","21":"pa_podokvir-ja","22":"pa_podokvir-nein","24":"first","25":"onbackorder","26":"purchasable","27":"product-type-variable","28":"has-default-attributes"},"acf":[],"yoast_head":"<!-- This site is optimized with the Yoast SEO Premium plugin v26.0 (Yoast SEO v27.2) - https:\/\/yoast.com\/product\/yoast-seo-premium-wordpress\/ -->\n<title>Jackson Pollock - The blue unconscious - SVETSLIK.SI - 100% handgemalt<\/title>\n<meta name=\"description\" content=\"Jackson Pollock - The blue unconscious - 100% handgemalte Gem\u00e4lde - Verkauf von Reproduktionen ber\u00fchmter Gem\u00e4lde und abstrakter Kunst - Wandbilder f\u00fcr das Wohnzimmer\" \/>\n<meta name=\"robots\" content=\"index, follow, max-snippet:-1, max-image-preview:large, max-video-preview:-1\" \/>\n<link rel=\"canonical\" href=\"https:\/\/svetslik.si\/de\/jackson-pollock-de\/the-blue-unconscious\/\" \/>\n<meta property=\"og:locale\" content=\"de_DE\" \/>\n<meta property=\"og:type\" content=\"article\" \/>\n<meta property=\"og:title\" content=\"Jackson Pollock - The blue unconscious\" \/>\n<meta property=\"og:description\" content=\"100% ro\u010dno naslikane slike na platnu, reprodukcije znanih slikarjev in umetni\u0161ke slike po naro\u010dilu.\" \/>\n<meta property=\"og:url\" content=\"https:\/\/svetslik.si\/de\/jackson-pollock-de\/the-blue-unconscious\/\" \/>\n<meta property=\"og:site_name\" content=\"SVETSLIK.SI\" \/>\n<meta property=\"article:publisher\" content=\"https:\/\/www.facebook.com\/svetslik.si\" \/>\n<meta property=\"article:modified_time\" content=\"2026-03-22T20:13:03+00:00\" \/>\n<meta property=\"og:image\" content=\"https:\/\/svetslik.si\/wp-content\/uploads\/2021\/08\/image_The-blue-unconscious_680.jpg\" \/>\n\t<meta property=\"og:image:width\" content=\"428\" \/>\n\t<meta property=\"og:image:height\" content=\"680\" \/>\n\t<meta property=\"og:image:type\" content=\"image\/jpeg\" \/>\n<meta name=\"twitter:card\" content=\"summary_large_image\" \/>\n<meta name=\"twitter:site\" content=\"@svetslik\" \/>\n<meta name=\"twitter:label1\" content=\"Verf\u00fcgbarkeit\" \/>\n\t<meta name=\"twitter:data1\" content=\"bei Nachbestellung\" \/>\n<script type=\"application\/ld+json\" class=\"yoast-schema-graph\">{\"@context\":\"https:\/\/schema.org\",\"@graph\":[{\"@type\":[\"WebPage\",\"ItemPage\"],\"@id\":\"https:\/\/svetslik.si\/de\/jackson-pollock-de\/the-blue-unconscious\/\",\"url\":\"https:\/\/svetslik.si\/de\/jackson-pollock-de\/the-blue-unconscious\/\",\"name\":\"Jackson Pollock - The blue unconscious - SVETSLIK.SI - 100% handgemalt\",\"isPartOf\":{\"@id\":\"https:\/\/svetslik.si\/de\/#website\"},\"primaryImageOfPage\":{\"@id\":\"https:\/\/svetslik.si\/de\/jackson-pollock-de\/the-blue-unconscious\/#primaryimage\"},\"image\":{\"@id\":\"https:\/\/svetslik.si\/de\/jackson-pollock-de\/the-blue-unconscious\/#primaryimage\"},\"thumbnailUrl\":\"https:\/\/svetslik.si\/wp-content\/uploads\/2021\/08\/image_The-blue-unconscious_680.jpg\",\"datePublished\":\"2021-09-02T16:43:14+00:00\",\"dateModified\":\"2026-03-22T20:13:03+00:00\",\"description\":\"Jackson Pollock - The blue unconscious - 100% handgemalte Gem\u00e4lde - Verkauf von Reproduktionen ber\u00fchmter Gem\u00e4lde und abstrakter Kunst - Wandbilder f\u00fcr das Wohnzimmer\",\"breadcrumb\":{\"@id\":\"https:\/\/svetslik.si\/de\/jackson-pollock-de\/the-blue-unconscious\/#breadcrumb\"},\"inLanguage\":\"de\",\"potentialAction\":[{\"@type\":\"ReadAction\",\"target\":[\"https:\/\/svetslik.si\/de\/jackson-pollock-de\/the-blue-unconscious\/\"]}]},{\"@type\":\"ImageObject\",\"inLanguage\":\"de\",\"@id\":\"https:\/\/svetslik.si\/de\/jackson-pollock-de\/the-blue-unconscious\/#primaryimage\",\"url\":\"https:\/\/svetslik.si\/wp-content\/uploads\/2021\/08\/image_The-blue-unconscious_680.jpg\",\"contentUrl\":\"https:\/\/svetslik.si\/wp-content\/uploads\/2021\/08\/image_The-blue-unconscious_680.jpg\",\"width\":428,\"height\":680,\"caption\":\"Jackson Pollock - The Blue Unconscious (Das blaue Unbewusste) Gem\u00e4lde, Leinwandbilder\"},{\"@type\":\"BreadcrumbList\",\"@id\":\"https:\/\/svetslik.si\/de\/jackson-pollock-de\/the-blue-unconscious\/#breadcrumb\",\"itemListElement\":[{\"@type\":\"ListItem\",\"position\":1,\"name\":\"Wandkunst und Gem\u00e4lde auf Leinwand\",\"item\":\"https:\/\/svetslik.si\/de\/\"},{\"@type\":\"ListItem\",\"position\":2,\"name\":\"Verkauf von Gem\u00e4lden\",\"item\":\"https:\/\/svetslik.si\/prodaja-slik\/\"},{\"@type\":\"ListItem\",\"position\":3,\"name\":\"Jackson Pollock &#8211; The blue unconscious\"}]},{\"@type\":\"WebSite\",\"@id\":\"https:\/\/svetslik.si\/de\/#website\",\"url\":\"https:\/\/svetslik.si\/de\/\",\"name\":\"SVETSLIK.SI\",\"description\":\"100% handgemalte Reproduktionen von Gem\u00e4lden ber\u00fchmter Maler und Gem\u00e4lde auf Leinwand.\",\"publisher\":{\"@id\":\"https:\/\/svetslik.si\/de\/#organization\"},\"potentialAction\":[{\"@type\":\"SearchAction\",\"target\":{\"@type\":\"EntryPoint\",\"urlTemplate\":\"https:\/\/svetslik.si\/de\/?s={search_term_string}\"},\"query-input\":{\"@type\":\"PropertyValueSpecification\",\"valueRequired\":true,\"valueName\":\"search_term_string\"}}],\"inLanguage\":\"de\"},{\"@type\":\"Organization\",\"@id\":\"https:\/\/svetslik.si\/de\/#organization\",\"name\":\"SvetSlik.si\",\"url\":\"https:\/\/svetslik.si\/de\/\",\"logo\":{\"@type\":\"ImageObject\",\"inLanguage\":\"de\",\"@id\":\"https:\/\/svetslik.si\/de\/#\/schema\/logo\/image\/\",\"url\":\"https:\/\/svetslik.si\/wp-content\/uploads\/2020\/12\/logo-512.png\",\"contentUrl\":\"https:\/\/svetslik.si\/wp-content\/uploads\/2020\/12\/logo-512.png\",\"width\":512,\"height\":512,\"caption\":\"SvetSlik.si\"},\"image\":{\"@id\":\"https:\/\/svetslik.si\/de\/#\/schema\/logo\/image\/\"},\"sameAs\":[\"https:\/\/www.facebook.com\/svetslik.si\",\"https:\/\/x.com\/svetslik\",\"https:\/\/www.instagram.com\/svetslik.si\/\",\"https:\/\/www.linkedin.com\/company\/svetslik-si\"]}]}<\/script>\n<meta property=\"og:availability\" content=\"backorder\" \/>\n<meta property=\"product:availability\" content=\"available for order\" \/>\n<meta property=\"product:retailer_item_id\" content=\"706__\" \/>\n<meta property=\"product:condition\" content=\"new\" \/>\n<!-- \/ Yoast SEO Premium plugin. -->","yoast_head_json":{"title":"Jackson Pollock - The blue unconscious - SVETSLIK.SI - 100% handgemalt","description":"Jackson Pollock - The blue unconscious - 100% handgemalte Gem\u00e4lde - Verkauf von Reproduktionen ber\u00fchmter Gem\u00e4lde und abstrakter Kunst - Wandbilder f\u00fcr das Wohnzimmer","robots":{"index":"index","follow":"follow","max-snippet":"max-snippet:-1","max-image-preview":"max-image-preview:large","max-video-preview":"max-video-preview:-1"},"canonical":"https:\/\/svetslik.si\/de\/jackson-pollock-de\/the-blue-unconscious\/","og_locale":"de_DE","og_type":"article","og_title":"Jackson Pollock - The blue unconscious","og_description":"100% ro\u010dno naslikane slike na platnu, reprodukcije znanih slikarjev in umetni\u0161ke slike po naro\u010dilu.","og_url":"https:\/\/svetslik.si\/de\/jackson-pollock-de\/the-blue-unconscious\/","og_site_name":"SVETSLIK.SI","article_publisher":"https:\/\/www.facebook.com\/svetslik.si","article_modified_time":"2026-03-22T20:13:03+00:00","og_image":[{"width":428,"height":680,"url":"https:\/\/svetslik.si\/wp-content\/uploads\/2021\/08\/image_The-blue-unconscious_680.jpg","type":"image\/jpeg"}],"twitter_card":"summary_large_image","twitter_site":"@svetslik","twitter_misc":{"Verf\u00fcgbarkeit":"bei Nachbestellung"},"schema":{"@context":"https:\/\/schema.org","@graph":[{"@type":["WebPage","ItemPage"],"@id":"https:\/\/svetslik.si\/de\/jackson-pollock-de\/the-blue-unconscious\/","url":"https:\/\/svetslik.si\/de\/jackson-pollock-de\/the-blue-unconscious\/","name":"Jackson Pollock - The blue unconscious - SVETSLIK.SI - 100% handgemalt","isPartOf":{"@id":"https:\/\/svetslik.si\/de\/#website"},"primaryImageOfPage":{"@id":"https:\/\/svetslik.si\/de\/jackson-pollock-de\/the-blue-unconscious\/#primaryimage"},"image":{"@id":"https:\/\/svetslik.si\/de\/jackson-pollock-de\/the-blue-unconscious\/#primaryimage"},"thumbnailUrl":"https:\/\/svetslik.si\/wp-content\/uploads\/2021\/08\/image_The-blue-unconscious_680.jpg","datePublished":"2021-09-02T16:43:14+00:00","dateModified":"2026-03-22T20:13:03+00:00","description":"Jackson Pollock - The blue unconscious - 100% handgemalte Gem\u00e4lde - Verkauf von Reproduktionen ber\u00fchmter Gem\u00e4lde und abstrakter Kunst - Wandbilder f\u00fcr das Wohnzimmer","breadcrumb":{"@id":"https:\/\/svetslik.si\/de\/jackson-pollock-de\/the-blue-unconscious\/#breadcrumb"},"inLanguage":"de","potentialAction":[{"@type":"ReadAction","target":["https:\/\/svetslik.si\/de\/jackson-pollock-de\/the-blue-unconscious\/"]}]},{"@type":"ImageObject","inLanguage":"de","@id":"https:\/\/svetslik.si\/de\/jackson-pollock-de\/the-blue-unconscious\/#primaryimage","url":"https:\/\/svetslik.si\/wp-content\/uploads\/2021\/08\/image_The-blue-unconscious_680.jpg","contentUrl":"https:\/\/svetslik.si\/wp-content\/uploads\/2021\/08\/image_The-blue-unconscious_680.jpg","width":428,"height":680,"caption":"Jackson Pollock - The Blue Unconscious (Das blaue Unbewusste) Gem\u00e4lde, Leinwandbilder"},{"@type":"BreadcrumbList","@id":"https:\/\/svetslik.si\/de\/jackson-pollock-de\/the-blue-unconscious\/#breadcrumb","itemListElement":[{"@type":"ListItem","position":1,"name":"Wandkunst und Gem\u00e4lde auf Leinwand","item":"https:\/\/svetslik.si\/de\/"},{"@type":"ListItem","position":2,"name":"Verkauf von Gem\u00e4lden","item":"https:\/\/svetslik.si\/prodaja-slik\/"},{"@type":"ListItem","position":3,"name":"Jackson Pollock &#8211; The blue unconscious"}]},{"@type":"WebSite","@id":"https:\/\/svetslik.si\/de\/#website","url":"https:\/\/svetslik.si\/de\/","name":"SVETSLIK.SI","description":"100% handgemalte Reproduktionen von Gem\u00e4lden ber\u00fchmter Maler und Gem\u00e4lde auf Leinwand.","publisher":{"@id":"https:\/\/svetslik.si\/de\/#organization"},"potentialAction":[{"@type":"SearchAction","target":{"@type":"EntryPoint","urlTemplate":"https:\/\/svetslik.si\/de\/?s={search_term_string}"},"query-input":{"@type":"PropertyValueSpecification","valueRequired":true,"valueName":"search_term_string"}}],"inLanguage":"de"},{"@type":"Organization","@id":"https:\/\/svetslik.si\/de\/#organization","name":"SvetSlik.si","url":"https:\/\/svetslik.si\/de\/","logo":{"@type":"ImageObject","inLanguage":"de","@id":"https:\/\/svetslik.si\/de\/#\/schema\/logo\/image\/","url":"https:\/\/svetslik.si\/wp-content\/uploads\/2020\/12\/logo-512.png","contentUrl":"https:\/\/svetslik.si\/wp-content\/uploads\/2020\/12\/logo-512.png","width":512,"height":512,"caption":"SvetSlik.si"},"image":{"@id":"https:\/\/svetslik.si\/de\/#\/schema\/logo\/image\/"},"sameAs":["https:\/\/www.facebook.com\/svetslik.si","https:\/\/x.com\/svetslik","https:\/\/www.instagram.com\/svetslik.si\/","https:\/\/www.linkedin.com\/company\/svetslik-si"]}]},"og_availability":"backorder","product_availability":"available for order","product_retailer_item_id":"706__","product_condition":"new"},"jetpack_sharing_enabled":true,"_links":{"self":[{"href":"https:\/\/svetslik.si\/de\/wp-json\/wp\/v2\/product\/70867","targetHints":{"allow":["GET"]}}],"collection":[{"href":"https:\/\/svetslik.si\/de\/wp-json\/wp\/v2\/product"}],"about":[{"href":"https:\/\/svetslik.si\/de\/wp-json\/wp\/v2\/types\/product"}],"wp:featuredmedia":[{"embeddable":true,"href":"https:\/\/svetslik.si\/de\/wp-json\/wp\/v2\/media\/64152"}],"wp:attachment":[{"href":"https:\/\/svetslik.si\/de\/wp-json\/wp\/v2\/media?parent=70867"}],"wp:term":[{"taxonomy":"product_brand","embeddable":true,"href":"https:\/\/svetslik.si\/de\/wp-json\/wp\/v2\/product_brand?post=70867"},{"taxonomy":"product_cat","embeddable":true,"href":"https:\/\/svetslik.si\/de\/wp-json\/wp\/v2\/product_cat?post=70867"},{"taxonomy":"product_tag","embeddable":true,"href":"https:\/\/svetslik.si\/de\/wp-json\/wp\/v2\/product_tag?post=70867"}],"curies":[{"name":"wp","href":"https:\/\/api.w.org\/{rel}","templated":true}]}}