{"id":70938,"date":"2021-09-02T18:44:49","date_gmt":"2021-09-02T16:44:49","guid":{"rendered":"https:\/\/svetslik.si\/unkategorisiert\/no-5-1948\/"},"modified":"2026-03-22T21:14:50","modified_gmt":"2026-03-22T20:14:50","slug":"no-5-1948","status":"publish","type":"product","link":"https:\/\/svetslik.si\/de\/jackson-pollock-de\/no-5-1948\/","title":{"rendered":"Jackson Pollock &#8211; No. 5, 1948"},"content":{"rendered":"<div class=\"wpb-content-wrapper\">[vc_row][vc_column][vc_column_text]\n<h1>Jackson Pollock \u2013 Nr. 5, 1948<\/h1>\n<p>&nbsp;<\/p>\n<div>\n<table style=\"width: 673px\" border=\"0\" width=\"673\" cellpadding=\"0\">\n<tbody>\n<tr>\n<td style=\"width: 180px;height: 21px\" height=\"21\">Erstellungsjahr:<\/td>\n<td style=\"width: 493px\">1948<\/td>\n<\/tr>\n<tr>\n<td style=\"width: 180px;height: 21px\" height=\"21\">Originalgr\u00f6\u00dfe:<\/td>\n<td style=\"width: 493px\">121,9 cm x 243,8 cm<\/td>\n<\/tr>\n<tr>\n<td style=\"width: 180px;height: 21px\" height=\"21\">Lackstil:<\/td>\n<td style=\"width: 493px\">Abstrakter Expressionismus<\/td>\n<\/tr>\n<tr>\n<td style=\"width: 180px;height: 21px\" height=\"21\">Originaltechnik:<\/td>\n<td>\u00d6l auf Faserplatte<\/td>\n<\/tr>\n<tr>\n<td style=\"width: 180px;height: 21px\" height=\"21\">Standort:<\/td>\n<td>Privatsammlung<\/td>\n<\/tr>\n<\/tbody>\n<colgroup>\n<col \/>\n<col \/> <\/colgroup>\n<\/table>\n<p>Wandmalerei auf Leinwand Nr. 5 h\u00e4lt der Maler Jackson Pollock den inoffiziellen Rekord f\u00fcr das teuerste Gem\u00e4lde aller Zeiten. Berichten zufolge wurde das Kunstwerk 2006 f\u00fcr 140 Millionen US-Dollar verkauft.<\/p>\n<p>&nbsp;<\/p>\n<\/div>\n[\/vc_column_text][\/vc_column][\/vc_row][vc_row css=&#8221;.vc_custom_1640128073680{margin-bottom: 20px !important;}&#8221;][vc_column]\t<div class=\"et-image-27 et-image  full   et_image_link\">\n\t\t<div class=\"et-image-inner \">\n\t\t\t\t\t\t\t<div class=\"et-image-thumb \">\n\t\t\t\t\t<img decoding=\"async\" width=\"2439\" height=\"1754\" src=\"https:\/\/svetslik.si\/wp-content\/uploads\/2021\/12\/Jackson-Pollock-no-5.jpg\" class=\"attachment-full\" alt=\"Jackson Pollock \u2013 Nr. 5 \u2013 Leinwandgem\u00e4lde \u2013 handgemalte Wandbildreproduktion\" title=\"Jackson Pollock \u2013 Nr. 5 \u2013 Leinwandgem\u00e4lde \u2013 handgemalte Wandbildreproduktion\" srcset=\"https:\/\/svetslik.si\/wp-content\/uploads\/2021\/12\/Jackson-Pollock-no-5.jpg 2439w, https:\/\/svetslik.si\/wp-content\/uploads\/2021\/12\/Jackson-Pollock-no-5-600x431.jpg 600w, https:\/\/svetslik.si\/wp-content\/uploads\/2021\/12\/Jackson-Pollock-no-5-1200x863.jpg 1200w, https:\/\/svetslik.si\/wp-content\/uploads\/2021\/12\/Jackson-Pollock-no-5-300x216.jpg 300w, https:\/\/svetslik.si\/wp-content\/uploads\/2021\/12\/Jackson-Pollock-no-5-1024x736.jpg 1024w, https:\/\/svetslik.si\/wp-content\/uploads\/2021\/12\/Jackson-Pollock-no-5-768x552.jpg 768w, https:\/\/svetslik.si\/wp-content\/uploads\/2021\/12\/Jackson-Pollock-no-5-1536x1105.jpg 1536w, https:\/\/svetslik.si\/wp-content\/uploads\/2021\/12\/Jackson-Pollock-no-5-2048x1473.jpg 2048w, https:\/\/svetslik.si\/wp-content\/uploads\/2021\/12\/Jackson-Pollock-no-5-150x108.jpg 150w, https:\/\/svetslik.si\/wp-content\/uploads\/2021\/12\/Jackson-Pollock-no-5-1320x949.jpg 1320w, https:\/\/svetslik.si\/wp-content\/uploads\/2021\/12\/Jackson-Pollock-no-5-900x647.jpg 900w\" sizes=\"(max-width: 2439px) 100vw, 2439px\" \/>\t\t\t\t<\/div>\n\t\t\t\t\t\t\t\t\t\t\t<\/div>\n\t<\/div>\n  [\/vc_column][\/vc_row][vc_row css=&#8221;.vc_custom_1640128073680{margin-bottom: 20px !important;}&#8221;][vc_column]\t<div class=\"et-image-319 et-image  full   et_image_link\">\n\t\t<div class=\"et-image-inner \">\n\t\t\t\t\t\t\t<div class=\"et-image-thumb \">\n\t\t\t\t\t<img decoding=\"async\" width=\"2560\" height=\"1440\" src=\"https:\/\/svetslik.si\/wp-content\/uploads\/2019\/08\/IMG_20171210_135511-scaled.jpg\" class=\"attachment-full\" alt=\"Jackson Pollock Reproduktionen ber\u00fchmter Maler, moderne Wandkunst, Wandkunst\" title=\"Jackson Pollock Reproduktionen ber\u00fchmter Maler, moderne Wandkunst, Wandkunst\" srcset=\"https:\/\/svetslik.si\/wp-content\/uploads\/2019\/08\/IMG_20171210_135511-scaled.jpg 2560w, https:\/\/svetslik.si\/wp-content\/uploads\/2019\/08\/IMG_20171210_135511-600x338.jpg 600w, https:\/\/svetslik.si\/wp-content\/uploads\/2019\/08\/IMG_20171210_135511-scaled-1200x675.jpg 1200w, https:\/\/svetslik.si\/wp-content\/uploads\/2019\/08\/IMG_20171210_135511-300x169.jpg 300w, https:\/\/svetslik.si\/wp-content\/uploads\/2019\/08\/IMG_20171210_135511-1024x576.jpg 1024w, https:\/\/svetslik.si\/wp-content\/uploads\/2019\/08\/IMG_20171210_135511-768x432.jpg 768w, https:\/\/svetslik.si\/wp-content\/uploads\/2019\/08\/IMG_20171210_135511-1536x864.jpg 1536w, https:\/\/svetslik.si\/wp-content\/uploads\/2019\/08\/IMG_20171210_135511-2048x1152.jpg 2048w, https:\/\/svetslik.si\/wp-content\/uploads\/2019\/08\/IMG_20171210_135511-150x84.jpg 150w, https:\/\/svetslik.si\/wp-content\/uploads\/2019\/08\/IMG_20171210_135511-1320x743.jpg 1320w, https:\/\/svetslik.si\/wp-content\/uploads\/2019\/08\/IMG_20171210_135511-900x506.jpg 900w\" sizes=\"(max-width: 2560px) 100vw, 2560px\" \/>\t\t\t\t<\/div>\n\t\t\t\t\t\t\t\t\t\t\t<\/div>\n\t<\/div>\n  [\/vc_column][\/vc_row]\n<\/div>","protected":false},"excerpt":{"rendered":"<p>[vc_row][vc_column][vc_column_text] Jackson Pollock \u2013 Nr. 5, 1948 &nbsp; Erstellungsjahr: 1948 Originalgr\u00f6\u00dfe: 121,9 cm x 243,8 cm Lackstil: Abstrakter Expressionismus Originaltechnik: \u00d6l auf Faserplatte Standort: Privatsammlung Wandmalerei auf Leinwand Nr. 5 h\u00e4lt der Maler Jackson Pollock den inoffiziellen Rekord f\u00fcr das teuerste Gem\u00e4lde aller Zeiten. Berichten zufolge wurde das Kunstwerk 2006 [&hellip;]<\/p>\n","protected":false},"featured_media":63871,"template":"","meta":{"_acf_changed":false},"product_brand":[],"product_cat":[8448],"product_tag":[8521,8509,8513,8514],"class_list":{"0":"post-70938","1":"product","2":"type-product","3":"status-publish","4":"has-post-thumbnail","6":"product_cat-jackson-pollock-de","7":"product_tag-maler","8":"product_tag-pollock-de","9":"product_tag-reproduktion","10":"product_tag-reproduktionen","11":"pa_dimenzija-100-x-200-cm-de","12":"pa_dimenzija-110-x-220-cm-de","13":"pa_dimenzija-122-x-244-cm-de","14":"pa_dimenzija-50-x-100-cm-de","15":"pa_dimenzija-60-x-120-cm-de","16":"pa_dimenzija-70-x-140-cm-de","17":"pa_dimenzija-80-x-160-cm-de","18":"pa_dimenzija-90-x-180-cm-de","19":"pa_oblika-vertikal","20":"pa_okvir-ohne-rahmen","21":"pa_podokvir-ja","22":"pa_podokvir-nein","24":"first","25":"onbackorder","26":"purchasable","27":"product-type-variable","28":"has-default-attributes"},"acf":[],"yoast_head":"<!-- This site is optimized with the Yoast SEO Premium plugin v26.0 (Yoast SEO v27.2) - https:\/\/yoast.com\/product\/yoast-seo-premium-wordpress\/ -->\n<title>Jackson Pollock - No. 5, 1948 - SVETSLIK.SI - 100% handgemalt<\/title>\n<meta name=\"description\" content=\"Jackson Pollock - No. 5, 1948 - 100% handgemalte Gem\u00e4lde - Verkauf von Reproduktionen ber\u00fchmter Gem\u00e4lde und abstrakter Kunst - Wandbilder f\u00fcr das Wohnzimmer\" \/>\n<meta name=\"robots\" content=\"index, follow, max-snippet:-1, max-image-preview:large, max-video-preview:-1\" \/>\n<link rel=\"canonical\" href=\"https:\/\/svetslik.si\/de\/jackson-pollock-de\/no-5-1948\/\" \/>\n<meta property=\"og:locale\" content=\"de_DE\" \/>\n<meta property=\"og:type\" content=\"article\" \/>\n<meta property=\"og:title\" content=\"Jackson Pollock - No. 5, 1948\" \/>\n<meta property=\"og:description\" content=\"100% ro\u010dno naslikane slike na platnu, reprodukcije znanih slikarjev in umetni\u0161ke slike po naro\u010dilu.\" \/>\n<meta property=\"og:url\" content=\"https:\/\/svetslik.si\/de\/jackson-pollock-de\/no-5-1948\/\" \/>\n<meta property=\"og:site_name\" content=\"SVETSLIK.SI\" \/>\n<meta property=\"article:publisher\" content=\"https:\/\/www.facebook.com\/svetslik.si\" \/>\n<meta property=\"article:modified_time\" content=\"2026-03-22T20:14:50+00:00\" \/>\n<meta property=\"og:image\" content=\"https:\/\/svetslik.si\/wp-content\/uploads\/2021\/08\/image_No-5-1948_680.jpg\" \/>\n\t<meta property=\"og:image:width\" content=\"1000\" \/>\n\t<meta property=\"og:image:height\" content=\"2036\" \/>\n\t<meta property=\"og:image:type\" content=\"image\/jpeg\" \/>\n<meta name=\"twitter:card\" content=\"summary_large_image\" \/>\n<meta name=\"twitter:site\" content=\"@svetslik\" \/>\n<meta name=\"twitter:label1\" content=\"Verf\u00fcgbarkeit\" \/>\n\t<meta name=\"twitter:data1\" content=\"bei Nachbestellung\" \/>\n<script type=\"application\/ld+json\" class=\"yoast-schema-graph\">{\"@context\":\"https:\/\/schema.org\",\"@graph\":[{\"@type\":[\"WebPage\",\"ItemPage\"],\"@id\":\"https:\/\/svetslik.si\/de\/jackson-pollock-de\/no-5-1948\/\",\"url\":\"https:\/\/svetslik.si\/de\/jackson-pollock-de\/no-5-1948\/\",\"name\":\"Jackson Pollock - No. 5, 1948 - SVETSLIK.SI - 100% handgemalt\",\"isPartOf\":{\"@id\":\"https:\/\/svetslik.si\/de\/#website\"},\"primaryImageOfPage\":{\"@id\":\"https:\/\/svetslik.si\/de\/jackson-pollock-de\/no-5-1948\/#primaryimage\"},\"image\":{\"@id\":\"https:\/\/svetslik.si\/de\/jackson-pollock-de\/no-5-1948\/#primaryimage\"},\"thumbnailUrl\":\"https:\/\/svetslik.si\/wp-content\/uploads\/2021\/08\/image_No-5-1948_680.jpg\",\"datePublished\":\"2021-09-02T16:44:49+00:00\",\"dateModified\":\"2026-03-22T20:14:50+00:00\",\"description\":\"Jackson Pollock - No. 5, 1948 - 100% handgemalte Gem\u00e4lde - Verkauf von Reproduktionen ber\u00fchmter Gem\u00e4lde und abstrakter Kunst - Wandbilder f\u00fcr das Wohnzimmer\",\"breadcrumb\":{\"@id\":\"https:\/\/svetslik.si\/de\/jackson-pollock-de\/no-5-1948\/#breadcrumb\"},\"inLanguage\":\"de\",\"potentialAction\":[{\"@type\":\"ReadAction\",\"target\":[\"https:\/\/svetslik.si\/de\/jackson-pollock-de\/no-5-1948\/\"]}]},{\"@type\":\"ImageObject\",\"inLanguage\":\"de\",\"@id\":\"https:\/\/svetslik.si\/de\/jackson-pollock-de\/no-5-1948\/#primaryimage\",\"url\":\"https:\/\/svetslik.si\/wp-content\/uploads\/2021\/08\/image_No-5-1948_680.jpg\",\"contentUrl\":\"https:\/\/svetslik.si\/wp-content\/uploads\/2021\/08\/image_No-5-1948_680.jpg\",\"width\":1000,\"height\":2036,\"caption\":\"Jackson Pollock - No. 5, 1948 (Nr. 5, 1948) - Gem\u00e4lde, Leinwandbilder, Reproduktion\"},{\"@type\":\"BreadcrumbList\",\"@id\":\"https:\/\/svetslik.si\/de\/jackson-pollock-de\/no-5-1948\/#breadcrumb\",\"itemListElement\":[{\"@type\":\"ListItem\",\"position\":1,\"name\":\"Wandkunst und Gem\u00e4lde auf Leinwand\",\"item\":\"https:\/\/svetslik.si\/de\/\"},{\"@type\":\"ListItem\",\"position\":2,\"name\":\"Verkauf von Gem\u00e4lden\",\"item\":\"https:\/\/svetslik.si\/prodaja-slik\/\"},{\"@type\":\"ListItem\",\"position\":3,\"name\":\"Jackson Pollock &#8211; No. 5, 1948\"}]},{\"@type\":\"WebSite\",\"@id\":\"https:\/\/svetslik.si\/de\/#website\",\"url\":\"https:\/\/svetslik.si\/de\/\",\"name\":\"SVETSLIK.SI\",\"description\":\"100% handgemalte Reproduktionen von Gem\u00e4lden ber\u00fchmter Maler und Gem\u00e4lde auf Leinwand.\",\"publisher\":{\"@id\":\"https:\/\/svetslik.si\/de\/#organization\"},\"potentialAction\":[{\"@type\":\"SearchAction\",\"target\":{\"@type\":\"EntryPoint\",\"urlTemplate\":\"https:\/\/svetslik.si\/de\/?s={search_term_string}\"},\"query-input\":{\"@type\":\"PropertyValueSpecification\",\"valueRequired\":true,\"valueName\":\"search_term_string\"}}],\"inLanguage\":\"de\"},{\"@type\":\"Organization\",\"@id\":\"https:\/\/svetslik.si\/de\/#organization\",\"name\":\"SvetSlik.si\",\"url\":\"https:\/\/svetslik.si\/de\/\",\"logo\":{\"@type\":\"ImageObject\",\"inLanguage\":\"de\",\"@id\":\"https:\/\/svetslik.si\/de\/#\/schema\/logo\/image\/\",\"url\":\"https:\/\/svetslik.si\/wp-content\/uploads\/2020\/12\/logo-512.png\",\"contentUrl\":\"https:\/\/svetslik.si\/wp-content\/uploads\/2020\/12\/logo-512.png\",\"width\":512,\"height\":512,\"caption\":\"SvetSlik.si\"},\"image\":{\"@id\":\"https:\/\/svetslik.si\/de\/#\/schema\/logo\/image\/\"},\"sameAs\":[\"https:\/\/www.facebook.com\/svetslik.si\",\"https:\/\/x.com\/svetslik\",\"https:\/\/www.instagram.com\/svetslik.si\/\",\"https:\/\/www.linkedin.com\/company\/svetslik-si\"]}]}<\/script>\n<meta property=\"og:availability\" content=\"backorder\" \/>\n<meta property=\"product:availability\" content=\"available for order\" \/>\n<meta property=\"product:retailer_item_id\" content=\"716__\" \/>\n<meta property=\"product:condition\" content=\"new\" \/>\n<!-- \/ Yoast SEO Premium plugin. -->","yoast_head_json":{"title":"Jackson Pollock - No. 5, 1948 - SVETSLIK.SI - 100% handgemalt","description":"Jackson Pollock - No. 5, 1948 - 100% handgemalte Gem\u00e4lde - Verkauf von Reproduktionen ber\u00fchmter Gem\u00e4lde und abstrakter Kunst - Wandbilder f\u00fcr das Wohnzimmer","robots":{"index":"index","follow":"follow","max-snippet":"max-snippet:-1","max-image-preview":"max-image-preview:large","max-video-preview":"max-video-preview:-1"},"canonical":"https:\/\/svetslik.si\/de\/jackson-pollock-de\/no-5-1948\/","og_locale":"de_DE","og_type":"article","og_title":"Jackson Pollock - No. 5, 1948","og_description":"100% ro\u010dno naslikane slike na platnu, reprodukcije znanih slikarjev in umetni\u0161ke slike po naro\u010dilu.","og_url":"https:\/\/svetslik.si\/de\/jackson-pollock-de\/no-5-1948\/","og_site_name":"SVETSLIK.SI","article_publisher":"https:\/\/www.facebook.com\/svetslik.si","article_modified_time":"2026-03-22T20:14:50+00:00","og_image":[{"width":1000,"height":2036,"url":"https:\/\/svetslik.si\/wp-content\/uploads\/2021\/08\/image_No-5-1948_680.jpg","type":"image\/jpeg"}],"twitter_card":"summary_large_image","twitter_site":"@svetslik","twitter_misc":{"Verf\u00fcgbarkeit":"bei Nachbestellung"},"schema":{"@context":"https:\/\/schema.org","@graph":[{"@type":["WebPage","ItemPage"],"@id":"https:\/\/svetslik.si\/de\/jackson-pollock-de\/no-5-1948\/","url":"https:\/\/svetslik.si\/de\/jackson-pollock-de\/no-5-1948\/","name":"Jackson Pollock - No. 5, 1948 - SVETSLIK.SI - 100% handgemalt","isPartOf":{"@id":"https:\/\/svetslik.si\/de\/#website"},"primaryImageOfPage":{"@id":"https:\/\/svetslik.si\/de\/jackson-pollock-de\/no-5-1948\/#primaryimage"},"image":{"@id":"https:\/\/svetslik.si\/de\/jackson-pollock-de\/no-5-1948\/#primaryimage"},"thumbnailUrl":"https:\/\/svetslik.si\/wp-content\/uploads\/2021\/08\/image_No-5-1948_680.jpg","datePublished":"2021-09-02T16:44:49+00:00","dateModified":"2026-03-22T20:14:50+00:00","description":"Jackson Pollock - No. 5, 1948 - 100% handgemalte Gem\u00e4lde - Verkauf von Reproduktionen ber\u00fchmter Gem\u00e4lde und abstrakter Kunst - Wandbilder f\u00fcr das Wohnzimmer","breadcrumb":{"@id":"https:\/\/svetslik.si\/de\/jackson-pollock-de\/no-5-1948\/#breadcrumb"},"inLanguage":"de","potentialAction":[{"@type":"ReadAction","target":["https:\/\/svetslik.si\/de\/jackson-pollock-de\/no-5-1948\/"]}]},{"@type":"ImageObject","inLanguage":"de","@id":"https:\/\/svetslik.si\/de\/jackson-pollock-de\/no-5-1948\/#primaryimage","url":"https:\/\/svetslik.si\/wp-content\/uploads\/2021\/08\/image_No-5-1948_680.jpg","contentUrl":"https:\/\/svetslik.si\/wp-content\/uploads\/2021\/08\/image_No-5-1948_680.jpg","width":1000,"height":2036,"caption":"Jackson Pollock - No. 5, 1948 (Nr. 5, 1948) - Gem\u00e4lde, Leinwandbilder, Reproduktion"},{"@type":"BreadcrumbList","@id":"https:\/\/svetslik.si\/de\/jackson-pollock-de\/no-5-1948\/#breadcrumb","itemListElement":[{"@type":"ListItem","position":1,"name":"Wandkunst und Gem\u00e4lde auf Leinwand","item":"https:\/\/svetslik.si\/de\/"},{"@type":"ListItem","position":2,"name":"Verkauf von Gem\u00e4lden","item":"https:\/\/svetslik.si\/prodaja-slik\/"},{"@type":"ListItem","position":3,"name":"Jackson Pollock &#8211; No. 5, 1948"}]},{"@type":"WebSite","@id":"https:\/\/svetslik.si\/de\/#website","url":"https:\/\/svetslik.si\/de\/","name":"SVETSLIK.SI","description":"100% handgemalte Reproduktionen von Gem\u00e4lden ber\u00fchmter Maler und Gem\u00e4lde auf Leinwand.","publisher":{"@id":"https:\/\/svetslik.si\/de\/#organization"},"potentialAction":[{"@type":"SearchAction","target":{"@type":"EntryPoint","urlTemplate":"https:\/\/svetslik.si\/de\/?s={search_term_string}"},"query-input":{"@type":"PropertyValueSpecification","valueRequired":true,"valueName":"search_term_string"}}],"inLanguage":"de"},{"@type":"Organization","@id":"https:\/\/svetslik.si\/de\/#organization","name":"SvetSlik.si","url":"https:\/\/svetslik.si\/de\/","logo":{"@type":"ImageObject","inLanguage":"de","@id":"https:\/\/svetslik.si\/de\/#\/schema\/logo\/image\/","url":"https:\/\/svetslik.si\/wp-content\/uploads\/2020\/12\/logo-512.png","contentUrl":"https:\/\/svetslik.si\/wp-content\/uploads\/2020\/12\/logo-512.png","width":512,"height":512,"caption":"SvetSlik.si"},"image":{"@id":"https:\/\/svetslik.si\/de\/#\/schema\/logo\/image\/"},"sameAs":["https:\/\/www.facebook.com\/svetslik.si","https:\/\/x.com\/svetslik","https:\/\/www.instagram.com\/svetslik.si\/","https:\/\/www.linkedin.com\/company\/svetslik-si"]}]},"og_availability":"backorder","product_availability":"available for order","product_retailer_item_id":"716__","product_condition":"new"},"jetpack_sharing_enabled":true,"_links":{"self":[{"href":"https:\/\/svetslik.si\/de\/wp-json\/wp\/v2\/product\/70938","targetHints":{"allow":["GET"]}}],"collection":[{"href":"https:\/\/svetslik.si\/de\/wp-json\/wp\/v2\/product"}],"about":[{"href":"https:\/\/svetslik.si\/de\/wp-json\/wp\/v2\/types\/product"}],"wp:featuredmedia":[{"embeddable":true,"href":"https:\/\/svetslik.si\/de\/wp-json\/wp\/v2\/media\/63871"}],"wp:attachment":[{"href":"https:\/\/svetslik.si\/de\/wp-json\/wp\/v2\/media?parent=70938"}],"wp:term":[{"taxonomy":"product_brand","embeddable":true,"href":"https:\/\/svetslik.si\/de\/wp-json\/wp\/v2\/product_brand?post=70938"},{"taxonomy":"product_cat","embeddable":true,"href":"https:\/\/svetslik.si\/de\/wp-json\/wp\/v2\/product_cat?post=70938"},{"taxonomy":"product_tag","embeddable":true,"href":"https:\/\/svetslik.si\/de\/wp-json\/wp\/v2\/product_tag?post=70938"}],"curies":[{"name":"wp","href":"https:\/\/api.w.org\/{rel}","templated":true}]}}