{"id":71235,"date":"2021-09-02T18:52:08","date_gmt":"2021-09-02T16:52:08","guid":{"rendered":"https:\/\/svetslik.si\/unkategorisiert\/energija-svobodne-volje-edinstvenost\/"},"modified":"2026-03-22T19:12:14","modified_gmt":"2026-03-22T18:12:14","slug":"energetische-gemalde-energie-der-freien-willenskraft-einzigartigkeit","status":"publish","type":"product","link":"https:\/\/svetslik.si\/de\/energiegemalde\/energetische-gemalde-energie-der-freien-willenskraft-einzigartigkeit\/","title":{"rendered":"Energetische Gem\u00e4lde &#8211; Energie der freien Willenskraft (Einzigartigkeit)"},"content":{"rendered":"<h1>Energetische Gem\u00e4lde &#8211; Die Energie des freien Willens (Einzigartigkeit)<\/h1>\n<p>Manchmal ist es befreiend, manchmal aber auch sehr be\u00e4ngstigend, sich der gleichen Art von Energie bewusst zu werden, die wir in unserer Arbeit erleben, wie auch in unserem eigenen Leben, insbesondere in unserer eigenen Wahl. Wann haben wir uns entschieden, unsere F\u00e4higkeit zur freien Wahl aus Angst vor den Meinungen anderer Menschen einzuschr\u00e4nken?<\/p>\n<p>Es erfordert viel Mut, unseren authentischen W\u00fcnschen zu folgen. Ein gro\u00dfes Problem im modernen Leben ist, dass viele Menschen nicht wissen, wer sie sind und was sie tun m\u00f6chten. Diese Verwirrung l\u00e4sst Raum daf\u00fcr, dass viele Menschen sich den sozialen Normen anpassen und schlie\u00dflich als Erwachsene enden, die im Einklang mit den allgemeinen Erwartungen der Gesellschaft leben, in der sie sich befinden. Das ist jedoch nicht unbedingt das, was uns gl\u00fccklich macht. Dennoch bem\u00fchen wir uns anzupassen und dem zu folgen, was verf\u00fcgbar ist. Am Ende finden wir uns in einer Situation wieder, in der wir das tun, was &#8220;richtig&#8221; ist nach den gesellschaftlichen Standards, aber das l\u00e4sst kein Zusammenspiel von Gl\u00fcck und pers\u00f6nlichem Wachstum zu. Das Gem\u00e4lde &#8220;Die Energie des freien Willens&#8221; zeigt genau das &#8211; die Energie, die uns bef\u00e4higt, die beschriebenen Dilemmas zu \u00fcberwinden.<\/p>\n<p>Dieses energetische Gem\u00e4lde ist ein Ausdruck der Kraft des freien Willens. Beim Betrachten k\u00f6nnen Sie die Inspiration sp\u00fcren, Ihren eigenen W\u00fcnschen zu folgen und sich von den Einschr\u00e4nkungen \u00e4u\u00dferer Einfl\u00fcsse zu befreien. Die Energie des freien Willens ist sehr pers\u00f6nlich und einzigartig f\u00fcr jeden Einzelnen. Das Gem\u00e4lde l\u00e4dt dazu ein, in sich selbst zu reflektieren und sich selbst besser kennenzulernen, um die eigene Freiheit der Wahl zu entdecken und der inneren Stimme zu folgen.<\/p>\n<p>Dar\u00fcber hinaus dr\u00fcckt das energetische Gem\u00e4lde auch Kraft und Vitalit\u00e4t aus. Die lebendigen Farben und dynamischen Bewegungen auf der Leinwand spiegeln die Lebensenergie wider, die durch Sie flie\u00dft, wenn Sie sich entscheiden, Ihrer Wahrheit zu folgen. Dieses Gem\u00e4lde ist eine Erinnerung daran, dass in jedem Moment die M\u00f6glichkeit besteht, Ihren freien Willen auszudr\u00fccken und Ihren eigenen Weg zu gestalten.<\/p>\n<p>Nehmen Sie sich einen Moment Zeit, um in dieses energetische Gem\u00e4lde einzutauchen. Lassen Sie sich von seiner Kraft und Ermutigung erf\u00fcllen, Ihre eigenen Entscheidungen zu treffen und Ihrem wahren Weg zu folgen. Die Energie des freien Willens liegt in Ihnen, Sie m\u00fcssen sie nur erkennen und ihr erlauben, sich auszudr\u00fccken.<\/p>\n","protected":false},"excerpt":{"rendered":"<p>Energetische Gem\u00e4lde &#8211; Die Energie des freien Willens (Einzigartigkeit) Manchmal ist es befreiend, manchmal aber auch sehr be\u00e4ngstigend, sich der gleichen Art von Energie bewusst zu werden, die wir in unserer Arbeit erleben, wie auch in unserem eigenen Leben, insbesondere in unserer eigenen Wahl. Wann haben wir uns entschieden, unsere [&hellip;]<\/p>\n","protected":false},"featured_media":63606,"template":"","meta":{"_acf_changed":false},"product_brand":[],"product_cat":[8439,8440],"product_tag":[8487],"class_list":{"0":"post-71235","1":"product","2":"type-product","3":"status-publish","4":"has-post-thumbnail","6":"product_cat-energiebilder","7":"product_cat-energiegemalde","8":"product_tag-energiebilder","9":"pa_dimenzija-100-x-100-cm","10":"pa_dimenzija-120-x-120-cm","11":"pa_dimenzija-50-x-50-cm","12":"pa_dimenzija-80-x-80-cm","13":"pa_oblika-quadrat","14":"pa_okvir-ohne-rahmen","15":"pa_podokvir-ja","16":"pa_podokvir-nein","18":"first","19":"instock","20":"purchasable","21":"product-type-variable","22":"has-default-attributes"},"acf":[],"yoast_head":"<!-- This site is optimized with the Yoast SEO Premium plugin v26.0 (Yoast SEO v27.2) - https:\/\/yoast.com\/product\/yoast-seo-premium-wordpress\/ -->\n<title>Energetische Gem\u00e4lde - Energie der freien Willenskraft (Einzigartigkeit) - SVETSLIK.SI - 100% handgemalt<\/title>\n<meta name=\"description\" content=\"Handgemaltes Energiegem\u00e4lde auf Leinwand - Energetische Gem\u00e4lde - Energie der freien Willenskraft (Einzigartigkeit) -. Sie k\u00f6nnen das Bild mit Hilfe unserer einzigartigen Anwendung auf der Website einrahmen.\" \/>\n<meta name=\"robots\" content=\"index, follow, max-snippet:-1, max-image-preview:large, max-video-preview:-1\" \/>\n<link rel=\"canonical\" href=\"https:\/\/svetslik.si\/de\/energiegemalde\/energetische-gemalde-energie-der-freien-willenskraft-einzigartigkeit\/\" \/>\n<meta property=\"og:locale\" content=\"de_DE\" \/>\n<meta property=\"og:type\" content=\"article\" \/>\n<meta property=\"og:title\" content=\"Energetische Gem\u00e4lde - Energie der freien Willenskraft (Einzigartigkeit)\" \/>\n<meta property=\"og:description\" content=\"100% ro\u010dno naslikane slike na platnu, reprodukcije znanih slikarjev in umetni\u0161ke slike po naro\u010dilu.\" \/>\n<meta property=\"og:url\" content=\"https:\/\/svetslik.si\/de\/energiegemalde\/energetische-gemalde-energie-der-freien-willenskraft-einzigartigkeit\/\" \/>\n<meta property=\"og:site_name\" content=\"SVETSLIK.SI\" \/>\n<meta property=\"article:publisher\" content=\"https:\/\/www.facebook.com\/svetslik.si\" \/>\n<meta property=\"article:modified_time\" content=\"2026-03-22T18:12:14+00:00\" \/>\n<meta property=\"og:image\" content=\"https:\/\/svetslik.si\/wp-content\/uploads\/2021\/08\/image_Energija-svobodne-volje-edinstvenost_680.jpg\" \/>\n\t<meta property=\"og:image:width\" content=\"680\" \/>\n\t<meta property=\"og:image:height\" content=\"680\" \/>\n\t<meta property=\"og:image:type\" content=\"image\/jpeg\" \/>\n<meta name=\"twitter:card\" content=\"summary_large_image\" \/>\n<meta name=\"twitter:site\" content=\"@svetslik\" \/>\n<meta name=\"twitter:label1\" content=\"Verf\u00fcgbarkeit\" \/>\n\t<meta name=\"twitter:data1\" content=\"Auf Lager\" \/>\n<script type=\"application\/ld+json\" class=\"yoast-schema-graph\">{\"@context\":\"https:\/\/schema.org\",\"@graph\":[{\"@type\":[\"WebPage\",\"ItemPage\"],\"@id\":\"https:\/\/svetslik.si\/de\/energiegemalde\/energetische-gemalde-energie-der-freien-willenskraft-einzigartigkeit\/\",\"url\":\"https:\/\/svetslik.si\/de\/energiegemalde\/energetische-gemalde-energie-der-freien-willenskraft-einzigartigkeit\/\",\"name\":\"Energetische Gem\u00e4lde - Energie der freien Willenskraft (Einzigartigkeit) - SVETSLIK.SI - 100% handgemalt\",\"isPartOf\":{\"@id\":\"https:\/\/svetslik.si\/de\/#website\"},\"primaryImageOfPage\":{\"@id\":\"https:\/\/svetslik.si\/de\/energiegemalde\/energetische-gemalde-energie-der-freien-willenskraft-einzigartigkeit\/#primaryimage\"},\"image\":{\"@id\":\"https:\/\/svetslik.si\/de\/energiegemalde\/energetische-gemalde-energie-der-freien-willenskraft-einzigartigkeit\/#primaryimage\"},\"thumbnailUrl\":\"https:\/\/svetslik.si\/wp-content\/uploads\/2021\/08\/image_Energija-svobodne-volje-edinstvenost_680.jpg\",\"datePublished\":\"2021-09-02T16:52:08+00:00\",\"dateModified\":\"2026-03-22T18:12:14+00:00\",\"description\":\"Handgemaltes Energiegem\u00e4lde auf Leinwand - Energetische Gem\u00e4lde - Energie der freien Willenskraft (Einzigartigkeit) -. Sie k\u00f6nnen das Bild mit Hilfe unserer einzigartigen Anwendung auf der Website einrahmen.\",\"breadcrumb\":{\"@id\":\"https:\/\/svetslik.si\/de\/energiegemalde\/energetische-gemalde-energie-der-freien-willenskraft-einzigartigkeit\/#breadcrumb\"},\"inLanguage\":\"de\",\"potentialAction\":[{\"@type\":\"ReadAction\",\"target\":[\"https:\/\/svetslik.si\/de\/energiegemalde\/energetische-gemalde-energie-der-freien-willenskraft-einzigartigkeit\/\"]}]},{\"@type\":\"ImageObject\",\"inLanguage\":\"de\",\"@id\":\"https:\/\/svetslik.si\/de\/energiegemalde\/energetische-gemalde-energie-der-freien-willenskraft-einzigartigkeit\/#primaryimage\",\"url\":\"https:\/\/svetslik.si\/wp-content\/uploads\/2021\/08\/image_Energija-svobodne-volje-edinstvenost_680.jpg\",\"contentUrl\":\"https:\/\/svetslik.si\/wp-content\/uploads\/2021\/08\/image_Energija-svobodne-volje-edinstvenost_680.jpg\",\"width\":680,\"height\":680,\"caption\":\"Energiebilder - Energie des freien Willens (Einzigartigkeit)\"},{\"@type\":\"BreadcrumbList\",\"@id\":\"https:\/\/svetslik.si\/de\/energiegemalde\/energetische-gemalde-energie-der-freien-willenskraft-einzigartigkeit\/#breadcrumb\",\"itemListElement\":[{\"@type\":\"ListItem\",\"position\":1,\"name\":\"Wandkunst und Gem\u00e4lde auf Leinwand\",\"item\":\"https:\/\/svetslik.si\/de\/\"},{\"@type\":\"ListItem\",\"position\":2,\"name\":\"Verkauf von Gem\u00e4lden\",\"item\":\"https:\/\/svetslik.si\/prodaja-slik\/\"},{\"@type\":\"ListItem\",\"position\":3,\"name\":\"Energetische Gem\u00e4lde &#8211; Energie der freien Willenskraft (Einzigartigkeit)\"}]},{\"@type\":\"WebSite\",\"@id\":\"https:\/\/svetslik.si\/de\/#website\",\"url\":\"https:\/\/svetslik.si\/de\/\",\"name\":\"SVETSLIK.SI\",\"description\":\"100% handgemalte Reproduktionen von Gem\u00e4lden ber\u00fchmter Maler und Gem\u00e4lde auf Leinwand.\",\"publisher\":{\"@id\":\"https:\/\/svetslik.si\/de\/#organization\"},\"potentialAction\":[{\"@type\":\"SearchAction\",\"target\":{\"@type\":\"EntryPoint\",\"urlTemplate\":\"https:\/\/svetslik.si\/de\/?s={search_term_string}\"},\"query-input\":{\"@type\":\"PropertyValueSpecification\",\"valueRequired\":true,\"valueName\":\"search_term_string\"}}],\"inLanguage\":\"de\"},{\"@type\":\"Organization\",\"@id\":\"https:\/\/svetslik.si\/de\/#organization\",\"name\":\"SvetSlik.si\",\"url\":\"https:\/\/svetslik.si\/de\/\",\"logo\":{\"@type\":\"ImageObject\",\"inLanguage\":\"de\",\"@id\":\"https:\/\/svetslik.si\/de\/#\/schema\/logo\/image\/\",\"url\":\"https:\/\/svetslik.si\/wp-content\/uploads\/2020\/12\/logo-512.png\",\"contentUrl\":\"https:\/\/svetslik.si\/wp-content\/uploads\/2020\/12\/logo-512.png\",\"width\":512,\"height\":512,\"caption\":\"SvetSlik.si\"},\"image\":{\"@id\":\"https:\/\/svetslik.si\/de\/#\/schema\/logo\/image\/\"},\"sameAs\":[\"https:\/\/www.facebook.com\/svetslik.si\",\"https:\/\/x.com\/svetslik\",\"https:\/\/www.instagram.com\/svetslik.si\/\",\"https:\/\/www.linkedin.com\/company\/svetslik-si\"]}]}<\/script>\n<meta property=\"og:availability\" content=\"instock\" \/>\n<meta property=\"product:availability\" content=\"instock\" \/>\n<meta property=\"product:retailer_item_id\" content=\"789__\" \/>\n<meta property=\"product:condition\" content=\"new\" \/>\n<!-- \/ Yoast SEO Premium plugin. -->","yoast_head_json":{"title":"Energetische Gem\u00e4lde - Energie der freien Willenskraft (Einzigartigkeit) - SVETSLIK.SI - 100% handgemalt","description":"Handgemaltes Energiegem\u00e4lde auf Leinwand - Energetische Gem\u00e4lde - Energie der freien Willenskraft (Einzigartigkeit) -. Sie k\u00f6nnen das Bild mit Hilfe unserer einzigartigen Anwendung auf der Website einrahmen.","robots":{"index":"index","follow":"follow","max-snippet":"max-snippet:-1","max-image-preview":"max-image-preview:large","max-video-preview":"max-video-preview:-1"},"canonical":"https:\/\/svetslik.si\/de\/energiegemalde\/energetische-gemalde-energie-der-freien-willenskraft-einzigartigkeit\/","og_locale":"de_DE","og_type":"article","og_title":"Energetische Gem\u00e4lde - Energie der freien Willenskraft (Einzigartigkeit)","og_description":"100% ro\u010dno naslikane slike na platnu, reprodukcije znanih slikarjev in umetni\u0161ke slike po naro\u010dilu.","og_url":"https:\/\/svetslik.si\/de\/energiegemalde\/energetische-gemalde-energie-der-freien-willenskraft-einzigartigkeit\/","og_site_name":"SVETSLIK.SI","article_publisher":"https:\/\/www.facebook.com\/svetslik.si","article_modified_time":"2026-03-22T18:12:14+00:00","og_image":[{"width":680,"height":680,"url":"https:\/\/svetslik.si\/wp-content\/uploads\/2021\/08\/image_Energija-svobodne-volje-edinstvenost_680.jpg","type":"image\/jpeg"}],"twitter_card":"summary_large_image","twitter_site":"@svetslik","twitter_misc":{"Verf\u00fcgbarkeit":"Auf Lager"},"schema":{"@context":"https:\/\/schema.org","@graph":[{"@type":["WebPage","ItemPage"],"@id":"https:\/\/svetslik.si\/de\/energiegemalde\/energetische-gemalde-energie-der-freien-willenskraft-einzigartigkeit\/","url":"https:\/\/svetslik.si\/de\/energiegemalde\/energetische-gemalde-energie-der-freien-willenskraft-einzigartigkeit\/","name":"Energetische Gem\u00e4lde - Energie der freien Willenskraft (Einzigartigkeit) - SVETSLIK.SI - 100% handgemalt","isPartOf":{"@id":"https:\/\/svetslik.si\/de\/#website"},"primaryImageOfPage":{"@id":"https:\/\/svetslik.si\/de\/energiegemalde\/energetische-gemalde-energie-der-freien-willenskraft-einzigartigkeit\/#primaryimage"},"image":{"@id":"https:\/\/svetslik.si\/de\/energiegemalde\/energetische-gemalde-energie-der-freien-willenskraft-einzigartigkeit\/#primaryimage"},"thumbnailUrl":"https:\/\/svetslik.si\/wp-content\/uploads\/2021\/08\/image_Energija-svobodne-volje-edinstvenost_680.jpg","datePublished":"2021-09-02T16:52:08+00:00","dateModified":"2026-03-22T18:12:14+00:00","description":"Handgemaltes Energiegem\u00e4lde auf Leinwand - Energetische Gem\u00e4lde - Energie der freien Willenskraft (Einzigartigkeit) -. Sie k\u00f6nnen das Bild mit Hilfe unserer einzigartigen Anwendung auf der Website einrahmen.","breadcrumb":{"@id":"https:\/\/svetslik.si\/de\/energiegemalde\/energetische-gemalde-energie-der-freien-willenskraft-einzigartigkeit\/#breadcrumb"},"inLanguage":"de","potentialAction":[{"@type":"ReadAction","target":["https:\/\/svetslik.si\/de\/energiegemalde\/energetische-gemalde-energie-der-freien-willenskraft-einzigartigkeit\/"]}]},{"@type":"ImageObject","inLanguage":"de","@id":"https:\/\/svetslik.si\/de\/energiegemalde\/energetische-gemalde-energie-der-freien-willenskraft-einzigartigkeit\/#primaryimage","url":"https:\/\/svetslik.si\/wp-content\/uploads\/2021\/08\/image_Energija-svobodne-volje-edinstvenost_680.jpg","contentUrl":"https:\/\/svetslik.si\/wp-content\/uploads\/2021\/08\/image_Energija-svobodne-volje-edinstvenost_680.jpg","width":680,"height":680,"caption":"Energiebilder - Energie des freien Willens (Einzigartigkeit)"},{"@type":"BreadcrumbList","@id":"https:\/\/svetslik.si\/de\/energiegemalde\/energetische-gemalde-energie-der-freien-willenskraft-einzigartigkeit\/#breadcrumb","itemListElement":[{"@type":"ListItem","position":1,"name":"Wandkunst und Gem\u00e4lde auf Leinwand","item":"https:\/\/svetslik.si\/de\/"},{"@type":"ListItem","position":2,"name":"Verkauf von Gem\u00e4lden","item":"https:\/\/svetslik.si\/prodaja-slik\/"},{"@type":"ListItem","position":3,"name":"Energetische Gem\u00e4lde &#8211; Energie der freien Willenskraft (Einzigartigkeit)"}]},{"@type":"WebSite","@id":"https:\/\/svetslik.si\/de\/#website","url":"https:\/\/svetslik.si\/de\/","name":"SVETSLIK.SI","description":"100% handgemalte Reproduktionen von Gem\u00e4lden ber\u00fchmter Maler und Gem\u00e4lde auf Leinwand.","publisher":{"@id":"https:\/\/svetslik.si\/de\/#organization"},"potentialAction":[{"@type":"SearchAction","target":{"@type":"EntryPoint","urlTemplate":"https:\/\/svetslik.si\/de\/?s={search_term_string}"},"query-input":{"@type":"PropertyValueSpecification","valueRequired":true,"valueName":"search_term_string"}}],"inLanguage":"de"},{"@type":"Organization","@id":"https:\/\/svetslik.si\/de\/#organization","name":"SvetSlik.si","url":"https:\/\/svetslik.si\/de\/","logo":{"@type":"ImageObject","inLanguage":"de","@id":"https:\/\/svetslik.si\/de\/#\/schema\/logo\/image\/","url":"https:\/\/svetslik.si\/wp-content\/uploads\/2020\/12\/logo-512.png","contentUrl":"https:\/\/svetslik.si\/wp-content\/uploads\/2020\/12\/logo-512.png","width":512,"height":512,"caption":"SvetSlik.si"},"image":{"@id":"https:\/\/svetslik.si\/de\/#\/schema\/logo\/image\/"},"sameAs":["https:\/\/www.facebook.com\/svetslik.si","https:\/\/x.com\/svetslik","https:\/\/www.instagram.com\/svetslik.si\/","https:\/\/www.linkedin.com\/company\/svetslik-si"]}]},"og_availability":"instock","product_availability":"instock","product_retailer_item_id":"789__","product_condition":"new"},"jetpack_sharing_enabled":true,"_links":{"self":[{"href":"https:\/\/svetslik.si\/de\/wp-json\/wp\/v2\/product\/71235","targetHints":{"allow":["GET"]}}],"collection":[{"href":"https:\/\/svetslik.si\/de\/wp-json\/wp\/v2\/product"}],"about":[{"href":"https:\/\/svetslik.si\/de\/wp-json\/wp\/v2\/types\/product"}],"wp:featuredmedia":[{"embeddable":true,"href":"https:\/\/svetslik.si\/de\/wp-json\/wp\/v2\/media\/63606"}],"wp:attachment":[{"href":"https:\/\/svetslik.si\/de\/wp-json\/wp\/v2\/media?parent=71235"}],"wp:term":[{"taxonomy":"product_brand","embeddable":true,"href":"https:\/\/svetslik.si\/de\/wp-json\/wp\/v2\/product_brand?post=71235"},{"taxonomy":"product_cat","embeddable":true,"href":"https:\/\/svetslik.si\/de\/wp-json\/wp\/v2\/product_cat?post=71235"},{"taxonomy":"product_tag","embeddable":true,"href":"https:\/\/svetslik.si\/de\/wp-json\/wp\/v2\/product_tag?post=71235"}],"curies":[{"name":"wp","href":"https:\/\/api.w.org\/{rel}","templated":true}]}}