{"id":71376,"date":"2021-09-02T18:55:07","date_gmt":"2021-09-02T16:55:07","guid":{"rendered":"https:\/\/svetslik.si\/unkategorisiert\/dekorativna-slika-vesolje-barv\/"},"modified":"2026-03-22T14:26:41","modified_gmt":"2026-03-22T13:26:41","slug":"leinwandbilder-gemalde-farben-des-universums","status":"publish","type":"product","link":"https:\/\/svetslik.si\/de\/leinwandbilder-mehrteilige\/leinwandbilder-gemalde-farben-des-universums\/","title":{"rendered":"Leinwandbilder &#8211; Gem\u00e4lde &#8211; Farbkosmos"},"content":{"rendered":"<div class=\"wpb-content-wrapper\">[vc_row css=&#8221;.vc_custom_1677590457800{margin-bottom: 10px !important;}&#8221;][vc_column]\t<div class=\"et-image-122 et-image     et_image_link\">\n\t\t<div class=\"et-image-inner \">\n\t\t\t\t\t\t\t<div class=\"et-image-thumb \">\n\t\t\t\t\t<img decoding=\"async\" width=\"1000\" height=\"563\" src=\"https:\/\/svetslik.si\/wp-content\/uploads\/2021\/09\/20230228_141637.jpg\" class=\"attachment-full\" alt=\"Leinwandbilder - Gem\u00e4lde - Freude I\" title=\"Leinwandbilder - Gem\u00e4lde - Freude I\" srcset=\"https:\/\/svetslik.si\/wp-content\/uploads\/2021\/09\/20230228_141637.jpg 1000w, https:\/\/svetslik.si\/wp-content\/uploads\/2021\/09\/20230228_141637-600x338.jpg 600w, https:\/\/svetslik.si\/wp-content\/uploads\/2021\/09\/20230228_141637-300x169.jpg 300w, https:\/\/svetslik.si\/wp-content\/uploads\/2021\/09\/20230228_141637-768x432.jpg 768w, https:\/\/svetslik.si\/wp-content\/uploads\/2021\/09\/20230228_141637-18x10.jpg 18w, https:\/\/svetslik.si\/wp-content\/uploads\/2021\/09\/20230228_141637-150x84.jpg 150w, https:\/\/svetslik.si\/wp-content\/uploads\/2021\/09\/20230228_141637-900x507.jpg 900w\" sizes=\"(max-width: 1000px) 100vw, 1000px\" \/>\t\t\t\t<\/div>\n\t\t\t\t\t\t\t\t\t\t\t<\/div>\n\t<\/div>\n  [\/vc_column][\/vc_row][vc_row css=&#8221;.vc_custom_1677590457800{margin-bottom: 10px !important;}&#8221;][vc_column]\t<div class=\"et-image-885 et-image     et_image_link\">\n\t\t<div class=\"et-image-inner \">\n\t\t\t\t\t\t\t<div class=\"et-image-thumb \">\n\t\t\t\t\t<img decoding=\"async\" width=\"1776\" height=\"1000\" src=\"https:\/\/svetslik.si\/wp-content\/uploads\/2021\/09\/20230228_141706.jpg\" class=\"attachment-full\" alt=\"Leinwandbilder - Gem\u00e4lde - Farbkosmos\" title=\"Leinwandbilder - Gem\u00e4lde - Farbkosmos\" srcset=\"https:\/\/svetslik.si\/wp-content\/uploads\/2021\/09\/20230228_141706.jpg 1776w, https:\/\/svetslik.si\/wp-content\/uploads\/2021\/09\/20230228_141706-600x338.jpg 600w, https:\/\/svetslik.si\/wp-content\/uploads\/2021\/09\/20230228_141706-1200x676.jpg 1200w, https:\/\/svetslik.si\/wp-content\/uploads\/2021\/09\/20230228_141706-300x169.jpg 300w, https:\/\/svetslik.si\/wp-content\/uploads\/2021\/09\/20230228_141706-1024x577.jpg 1024w, https:\/\/svetslik.si\/wp-content\/uploads\/2021\/09\/20230228_141706-768x432.jpg 768w, https:\/\/svetslik.si\/wp-content\/uploads\/2021\/09\/20230228_141706-1536x865.jpg 1536w, https:\/\/svetslik.si\/wp-content\/uploads\/2021\/09\/20230228_141706-18x10.jpg 18w, https:\/\/svetslik.si\/wp-content\/uploads\/2021\/09\/20230228_141706-150x84.jpg 150w\" sizes=\"(max-width: 1776px) 100vw, 1776px\" \/>\t\t\t\t<\/div>\n\t\t\t\t\t\t\t\t\t\t\t<\/div>\n\t<\/div>\n  [\/vc_column][\/vc_row][vc_row][vc_column][vc_column_text]\nDie gemeinsame Dimension des Gem\u00e4ldes:<br \/>\n135 cm x 50 cm (2 x 40 cm x 30 cm + 2 x 15 cm x 50 cm + 25 cm x 30 cm)<br \/>\n190 cm x 70 cm (2 x 55 cm x 45 cm + 2 x 22 cm x 70 cm + 35 cm x 45 cm)<br \/>\n270 cm x\u00a0100 cm (2 x 80 cm x 60 cm + 2 x\u00a030 cm x 100 cm +\u00a050 cm x 60 cm)<\/p>\n<\/div>","protected":false},"excerpt":{"rendered":"<p>[vc_row css=&#8221;.vc_custom_1677590457800{margin-bottom: 10px !important;}&#8221;][vc_column][\/vc_column][\/vc_row][vc_row css=&#8221;.vc_custom_1677590457800{margin-bottom: 10px !important;}&#8221;][vc_column][\/vc_column][\/vc_row][vc_row][vc_column][vc_column_text] Die gemeinsame Dimension des Gem\u00e4ldes: 135 cm x 50 cm (2 x 40 cm x 30 cm + 2 x 15 cm x 50 cm + 25 cm x 30 cm) 190 cm x 70 cm (2 x 55 cm x 45 cm [&hellip;]<\/p>\n","protected":false},"featured_media":63563,"template":"","meta":{"_acf_changed":false},"product_brand":[],"product_cat":[8472],"product_tag":[8477,8522,8523,8774,8776,8499,8775],"class_list":{"0":"post-71376","1":"product","2":"type-product","3":"status-publish","4":"has-post-thumbnail","6":"product_cat-leinwandbilder-mehrteilige","7":"product_tag-abstrakte-gemaelde-de","8":"product_tag-gemaelde-auf-leinwand","9":"product_tag-gemaelde-fuer-das-wohnzimmer","10":"product_tag-gemalde-fur-wohnzimmer-3","11":"product_tag-mehrteilige-gemalde","12":"product_tag-moderne-gemalde-de","13":"product_tag-wandgemalde-1","14":"pa_dimenzija-135-x-50-cm","15":"pa_dimenzija-190-x-70-cm","16":"pa_dimenzija-270-x-100-cm","17":"pa_oblika-horizontal-de","18":"pa_okvir-ohne-rahmen","19":"pa_pod-okvir-im-preis-inbegriffen","20":"pa_podokvir-ja","21":"pa_podokvir-nein","23":"first","24":"instock","25":"purchasable","26":"product-type-variable","27":"has-default-attributes"},"acf":[],"yoast_head":"<!-- This site is optimized with the Yoast SEO Premium plugin v26.0 (Yoast SEO v27.2) - https:\/\/yoast.com\/product\/yoast-seo-premium-wordpress\/ -->\n<title>Leinwandbilder - Gem\u00e4lde - Farbkosmos - SVETSLIK.SI - 100% handgemalt<\/title>\n<meta name=\"description\" content=\"Leinwandbilder - Gem\u00e4lde - Farbkosmos - 100% handgemalte Leinwandbilder. Verkauf von abstrakter Kunst, modernen Gem\u00e4lden, Reproduktionen bekannter Maler, individuelle Anfertigung von Gem\u00e4lden und Bilderrahmung.\" \/>\n<meta name=\"robots\" content=\"index, follow, max-snippet:-1, max-image-preview:large, max-video-preview:-1\" \/>\n<link rel=\"canonical\" href=\"https:\/\/svetslik.si\/de\/leinwandbilder-mehrteilige\/leinwandbilder-gemalde-farben-des-universums\/\" \/>\n<meta property=\"og:locale\" content=\"de_DE\" \/>\n<meta property=\"og:type\" content=\"article\" \/>\n<meta property=\"og:title\" content=\"Leinwandbilder - Gem\u00e4lde - Farbkosmos\" \/>\n<meta property=\"og:description\" content=\"100% ro\u010dno naslikane slike na platnu, reprodukcije znanih slikarjev in umetni\u0161ke slike po naro\u010dilu.\" \/>\n<meta property=\"og:url\" content=\"https:\/\/svetslik.si\/de\/leinwandbilder-mehrteilige\/leinwandbilder-gemalde-farben-des-universums\/\" \/>\n<meta property=\"og:site_name\" content=\"SVETSLIK.SI\" \/>\n<meta property=\"article:publisher\" content=\"https:\/\/www.facebook.com\/svetslik.si\" \/>\n<meta property=\"article:modified_time\" content=\"2026-03-22T13:26:41+00:00\" \/>\n<meta property=\"og:image\" content=\"https:\/\/svetslik.si\/wp-content\/uploads\/2021\/08\/image_Dekorativna-slika-Vesolje-barv-moderna-slika-stenska-slika_680.png\" \/>\n\t<meta property=\"og:image:width\" content=\"680\" \/>\n\t<meta property=\"og:image:height\" content=\"325\" \/>\n\t<meta property=\"og:image:type\" content=\"image\/png\" \/>\n<meta name=\"twitter:card\" content=\"summary_large_image\" \/>\n<meta name=\"twitter:site\" content=\"@svetslik\" \/>\n<meta name=\"twitter:label1\" content=\"Verf\u00fcgbarkeit\" \/>\n\t<meta name=\"twitter:data1\" content=\"Auf Lager\" \/>\n<script type=\"application\/ld+json\" class=\"yoast-schema-graph\">{\"@context\":\"https:\/\/schema.org\",\"@graph\":[{\"@type\":[\"WebPage\",\"ItemPage\"],\"@id\":\"https:\/\/svetslik.si\/de\/leinwandbilder-mehrteilige\/leinwandbilder-gemalde-farben-des-universums\/\",\"url\":\"https:\/\/svetslik.si\/de\/leinwandbilder-mehrteilige\/leinwandbilder-gemalde-farben-des-universums\/\",\"name\":\"Leinwandbilder - Gem\u00e4lde - Farbkosmos - SVETSLIK.SI - 100% handgemalt\",\"isPartOf\":{\"@id\":\"https:\/\/svetslik.si\/de\/#website\"},\"primaryImageOfPage\":{\"@id\":\"https:\/\/svetslik.si\/de\/leinwandbilder-mehrteilige\/leinwandbilder-gemalde-farben-des-universums\/#primaryimage\"},\"image\":{\"@id\":\"https:\/\/svetslik.si\/de\/leinwandbilder-mehrteilige\/leinwandbilder-gemalde-farben-des-universums\/#primaryimage\"},\"thumbnailUrl\":\"https:\/\/svetslik.si\/wp-content\/uploads\/2021\/08\/image_Dekorativna-slika-Vesolje-barv-moderna-slika-stenska-slika_680.png\",\"datePublished\":\"2021-09-02T16:55:07+00:00\",\"dateModified\":\"2026-03-22T13:26:41+00:00\",\"description\":\"Leinwandbilder - Gem\u00e4lde - Farbkosmos - 100% handgemalte Leinwandbilder. Verkauf von abstrakter Kunst, modernen Gem\u00e4lden, Reproduktionen bekannter Maler, individuelle Anfertigung von Gem\u00e4lden und Bilderrahmung.\",\"breadcrumb\":{\"@id\":\"https:\/\/svetslik.si\/de\/leinwandbilder-mehrteilige\/leinwandbilder-gemalde-farben-des-universums\/#breadcrumb\"},\"inLanguage\":\"de\",\"potentialAction\":[{\"@type\":\"ReadAction\",\"target\":[\"https:\/\/svetslik.si\/de\/leinwandbilder-mehrteilige\/leinwandbilder-gemalde-farben-des-universums\/\"]}]},{\"@type\":\"ImageObject\",\"inLanguage\":\"de\",\"@id\":\"https:\/\/svetslik.si\/de\/leinwandbilder-mehrteilige\/leinwandbilder-gemalde-farben-des-universums\/#primaryimage\",\"url\":\"https:\/\/svetslik.si\/wp-content\/uploads\/2021\/08\/image_Dekorativna-slika-Vesolje-barv-moderna-slika-stenska-slika_680.png\",\"contentUrl\":\"https:\/\/svetslik.si\/wp-content\/uploads\/2021\/08\/image_Dekorativna-slika-Vesolje-barv-moderna-slika-stenska-slika_680.png\",\"width\":680,\"height\":325,\"caption\":\"Wandbilder auf Leinwand, Kunstbilder \u2013 moderne Bilder, Ambientebilder f\u00fcr die Wand, abstrakte Bilder, dekorative Wandbilder, Bilder kaufen und verkaufen \u2013 Dekobild Universum der Farben\"},{\"@type\":\"BreadcrumbList\",\"@id\":\"https:\/\/svetslik.si\/de\/leinwandbilder-mehrteilige\/leinwandbilder-gemalde-farben-des-universums\/#breadcrumb\",\"itemListElement\":[{\"@type\":\"ListItem\",\"position\":1,\"name\":\"Wandkunst und Gem\u00e4lde auf Leinwand\",\"item\":\"https:\/\/svetslik.si\/de\/\"},{\"@type\":\"ListItem\",\"position\":2,\"name\":\"Verkauf von Gem\u00e4lden\",\"item\":\"https:\/\/svetslik.si\/prodaja-slik\/\"},{\"@type\":\"ListItem\",\"position\":3,\"name\":\"Leinwandbilder &#8211; Gem\u00e4lde &#8211; Farbkosmos\"}]},{\"@type\":\"WebSite\",\"@id\":\"https:\/\/svetslik.si\/de\/#website\",\"url\":\"https:\/\/svetslik.si\/de\/\",\"name\":\"SVETSLIK.SI\",\"description\":\"100% handgemalte Reproduktionen von Gem\u00e4lden ber\u00fchmter Maler und Gem\u00e4lde auf Leinwand.\",\"publisher\":{\"@id\":\"https:\/\/svetslik.si\/de\/#organization\"},\"potentialAction\":[{\"@type\":\"SearchAction\",\"target\":{\"@type\":\"EntryPoint\",\"urlTemplate\":\"https:\/\/svetslik.si\/de\/?s={search_term_string}\"},\"query-input\":{\"@type\":\"PropertyValueSpecification\",\"valueRequired\":true,\"valueName\":\"search_term_string\"}}],\"inLanguage\":\"de\"},{\"@type\":\"Organization\",\"@id\":\"https:\/\/svetslik.si\/de\/#organization\",\"name\":\"SvetSlik.si\",\"url\":\"https:\/\/svetslik.si\/de\/\",\"logo\":{\"@type\":\"ImageObject\",\"inLanguage\":\"de\",\"@id\":\"https:\/\/svetslik.si\/de\/#\/schema\/logo\/image\/\",\"url\":\"https:\/\/svetslik.si\/wp-content\/uploads\/2020\/12\/logo-512.png\",\"contentUrl\":\"https:\/\/svetslik.si\/wp-content\/uploads\/2020\/12\/logo-512.png\",\"width\":512,\"height\":512,\"caption\":\"SvetSlik.si\"},\"image\":{\"@id\":\"https:\/\/svetslik.si\/de\/#\/schema\/logo\/image\/\"},\"sameAs\":[\"https:\/\/www.facebook.com\/svetslik.si\",\"https:\/\/x.com\/svetslik\",\"https:\/\/www.instagram.com\/svetslik.si\/\",\"https:\/\/www.linkedin.com\/company\/svetslik-si\"]}]}<\/script>\n<meta property=\"og:availability\" content=\"instock\" \/>\n<meta property=\"product:availability\" content=\"instock\" \/>\n<meta property=\"product:retailer_item_id\" content=\"826__\" \/>\n<meta property=\"product:condition\" content=\"new\" \/>\n<!-- \/ Yoast SEO Premium plugin. -->","yoast_head_json":{"title":"Leinwandbilder - Gem\u00e4lde - Farbkosmos - SVETSLIK.SI - 100% handgemalt","description":"Leinwandbilder - Gem\u00e4lde - Farbkosmos - 100% handgemalte Leinwandbilder. Verkauf von abstrakter Kunst, modernen Gem\u00e4lden, Reproduktionen bekannter Maler, individuelle Anfertigung von Gem\u00e4lden und Bilderrahmung.","robots":{"index":"index","follow":"follow","max-snippet":"max-snippet:-1","max-image-preview":"max-image-preview:large","max-video-preview":"max-video-preview:-1"},"canonical":"https:\/\/svetslik.si\/de\/leinwandbilder-mehrteilige\/leinwandbilder-gemalde-farben-des-universums\/","og_locale":"de_DE","og_type":"article","og_title":"Leinwandbilder - Gem\u00e4lde - Farbkosmos","og_description":"100% ro\u010dno naslikane slike na platnu, reprodukcije znanih slikarjev in umetni\u0161ke slike po naro\u010dilu.","og_url":"https:\/\/svetslik.si\/de\/leinwandbilder-mehrteilige\/leinwandbilder-gemalde-farben-des-universums\/","og_site_name":"SVETSLIK.SI","article_publisher":"https:\/\/www.facebook.com\/svetslik.si","article_modified_time":"2026-03-22T13:26:41+00:00","og_image":[{"width":680,"height":325,"url":"https:\/\/svetslik.si\/wp-content\/uploads\/2021\/08\/image_Dekorativna-slika-Vesolje-barv-moderna-slika-stenska-slika_680.png","type":"image\/png"}],"twitter_card":"summary_large_image","twitter_site":"@svetslik","twitter_misc":{"Verf\u00fcgbarkeit":"Auf Lager"},"schema":{"@context":"https:\/\/schema.org","@graph":[{"@type":["WebPage","ItemPage"],"@id":"https:\/\/svetslik.si\/de\/leinwandbilder-mehrteilige\/leinwandbilder-gemalde-farben-des-universums\/","url":"https:\/\/svetslik.si\/de\/leinwandbilder-mehrteilige\/leinwandbilder-gemalde-farben-des-universums\/","name":"Leinwandbilder - Gem\u00e4lde - Farbkosmos - SVETSLIK.SI - 100% handgemalt","isPartOf":{"@id":"https:\/\/svetslik.si\/de\/#website"},"primaryImageOfPage":{"@id":"https:\/\/svetslik.si\/de\/leinwandbilder-mehrteilige\/leinwandbilder-gemalde-farben-des-universums\/#primaryimage"},"image":{"@id":"https:\/\/svetslik.si\/de\/leinwandbilder-mehrteilige\/leinwandbilder-gemalde-farben-des-universums\/#primaryimage"},"thumbnailUrl":"https:\/\/svetslik.si\/wp-content\/uploads\/2021\/08\/image_Dekorativna-slika-Vesolje-barv-moderna-slika-stenska-slika_680.png","datePublished":"2021-09-02T16:55:07+00:00","dateModified":"2026-03-22T13:26:41+00:00","description":"Leinwandbilder - Gem\u00e4lde - Farbkosmos - 100% handgemalte Leinwandbilder. Verkauf von abstrakter Kunst, modernen Gem\u00e4lden, Reproduktionen bekannter Maler, individuelle Anfertigung von Gem\u00e4lden und Bilderrahmung.","breadcrumb":{"@id":"https:\/\/svetslik.si\/de\/leinwandbilder-mehrteilige\/leinwandbilder-gemalde-farben-des-universums\/#breadcrumb"},"inLanguage":"de","potentialAction":[{"@type":"ReadAction","target":["https:\/\/svetslik.si\/de\/leinwandbilder-mehrteilige\/leinwandbilder-gemalde-farben-des-universums\/"]}]},{"@type":"ImageObject","inLanguage":"de","@id":"https:\/\/svetslik.si\/de\/leinwandbilder-mehrteilige\/leinwandbilder-gemalde-farben-des-universums\/#primaryimage","url":"https:\/\/svetslik.si\/wp-content\/uploads\/2021\/08\/image_Dekorativna-slika-Vesolje-barv-moderna-slika-stenska-slika_680.png","contentUrl":"https:\/\/svetslik.si\/wp-content\/uploads\/2021\/08\/image_Dekorativna-slika-Vesolje-barv-moderna-slika-stenska-slika_680.png","width":680,"height":325,"caption":"Wandbilder auf Leinwand, Kunstbilder \u2013 moderne Bilder, Ambientebilder f\u00fcr die Wand, abstrakte Bilder, dekorative Wandbilder, Bilder kaufen und verkaufen \u2013 Dekobild Universum der Farben"},{"@type":"BreadcrumbList","@id":"https:\/\/svetslik.si\/de\/leinwandbilder-mehrteilige\/leinwandbilder-gemalde-farben-des-universums\/#breadcrumb","itemListElement":[{"@type":"ListItem","position":1,"name":"Wandkunst und Gem\u00e4lde auf Leinwand","item":"https:\/\/svetslik.si\/de\/"},{"@type":"ListItem","position":2,"name":"Verkauf von Gem\u00e4lden","item":"https:\/\/svetslik.si\/prodaja-slik\/"},{"@type":"ListItem","position":3,"name":"Leinwandbilder &#8211; Gem\u00e4lde &#8211; Farbkosmos"}]},{"@type":"WebSite","@id":"https:\/\/svetslik.si\/de\/#website","url":"https:\/\/svetslik.si\/de\/","name":"SVETSLIK.SI","description":"100% handgemalte Reproduktionen von Gem\u00e4lden ber\u00fchmter Maler und Gem\u00e4lde auf Leinwand.","publisher":{"@id":"https:\/\/svetslik.si\/de\/#organization"},"potentialAction":[{"@type":"SearchAction","target":{"@type":"EntryPoint","urlTemplate":"https:\/\/svetslik.si\/de\/?s={search_term_string}"},"query-input":{"@type":"PropertyValueSpecification","valueRequired":true,"valueName":"search_term_string"}}],"inLanguage":"de"},{"@type":"Organization","@id":"https:\/\/svetslik.si\/de\/#organization","name":"SvetSlik.si","url":"https:\/\/svetslik.si\/de\/","logo":{"@type":"ImageObject","inLanguage":"de","@id":"https:\/\/svetslik.si\/de\/#\/schema\/logo\/image\/","url":"https:\/\/svetslik.si\/wp-content\/uploads\/2020\/12\/logo-512.png","contentUrl":"https:\/\/svetslik.si\/wp-content\/uploads\/2020\/12\/logo-512.png","width":512,"height":512,"caption":"SvetSlik.si"},"image":{"@id":"https:\/\/svetslik.si\/de\/#\/schema\/logo\/image\/"},"sameAs":["https:\/\/www.facebook.com\/svetslik.si","https:\/\/x.com\/svetslik","https:\/\/www.instagram.com\/svetslik.si\/","https:\/\/www.linkedin.com\/company\/svetslik-si"]}]},"og_availability":"instock","product_availability":"instock","product_retailer_item_id":"826__","product_condition":"new"},"jetpack_sharing_enabled":true,"_links":{"self":[{"href":"https:\/\/svetslik.si\/de\/wp-json\/wp\/v2\/product\/71376","targetHints":{"allow":["GET"]}}],"collection":[{"href":"https:\/\/svetslik.si\/de\/wp-json\/wp\/v2\/product"}],"about":[{"href":"https:\/\/svetslik.si\/de\/wp-json\/wp\/v2\/types\/product"}],"wp:featuredmedia":[{"embeddable":true,"href":"https:\/\/svetslik.si\/de\/wp-json\/wp\/v2\/media\/63563"}],"wp:attachment":[{"href":"https:\/\/svetslik.si\/de\/wp-json\/wp\/v2\/media?parent=71376"}],"wp:term":[{"taxonomy":"product_brand","embeddable":true,"href":"https:\/\/svetslik.si\/de\/wp-json\/wp\/v2\/product_brand?post=71376"},{"taxonomy":"product_cat","embeddable":true,"href":"https:\/\/svetslik.si\/de\/wp-json\/wp\/v2\/product_cat?post=71376"},{"taxonomy":"product_tag","embeddable":true,"href":"https:\/\/svetslik.si\/de\/wp-json\/wp\/v2\/product_tag?post=71376"}],"curies":[{"name":"wp","href":"https:\/\/api.w.org\/{rel}","templated":true}]}}