{"id":71609,"date":"2021-09-02T19:00:23","date_gmt":"2021-09-02T17:00:23","guid":{"rendered":"https:\/\/svetslik.si\/unkategorisiert\/6-cakra\/"},"modified":"2026-03-22T14:35:36","modified_gmt":"2026-03-22T13:35:36","slug":"energetische-gemalde-6-chakra","status":"publish","type":"product","link":"https:\/\/svetslik.si\/de\/chakren\/energetische-gemalde-6-chakra\/","title":{"rendered":"Energetische Gem\u00e4lde &#8211; 6. Chakra"},"content":{"rendered":"<p>Diese Darstellung repr\u00e4sentiert das 6. Chakra &#8211; das Stirnchakra oder das dritte Auge, das sich in der Mitte der Stirn befindet. Es wirkt direkt auf die Hypophyse. Dies ist das Chakra, das das untere Gehirn, das Nervensystem, die Ohren, die Nase und das linke Auge reguliert. Es ist ein wirbelnder Mittelpunkt, der uns dabei hilft, unsere spirituelle Natur durch Erfahrungen \u00fcber Intuition, psychische Talente, Selbstreflexion, Visualisierung, Vorstellungskraft, Wahrnehmung und Urteilsverm\u00f6gen zu erkunden.<\/p>\n","protected":false},"excerpt":{"rendered":"<p>Diese Darstellung repr\u00e4sentiert das 6. Chakra &#8211; das Stirnchakra oder das dritte Auge, das sich in der Mitte der Stirn befindet. Es wirkt direkt auf die Hypophyse. Dies ist das Chakra, das das untere Gehirn, das Nervensystem, die Ohren, die Nase und das linke Auge reguliert. Es ist ein wirbelnder [&hellip;]<\/p>\n","protected":false},"featured_media":63322,"template":"","meta":{"_acf_changed":false},"product_brand":[],"product_cat":[8442,8439],"product_tag":[8487],"class_list":{"0":"post-71609","1":"product","2":"type-product","3":"status-publish","4":"has-post-thumbnail","6":"product_cat-chakren","7":"product_cat-energiebilder","8":"product_tag-energiebilder","9":"pa_dimenzija-30-x-40-cm","10":"pa_dimenzija-36-x-48-cm","11":"pa_dimenzija-60-x-80-cm","12":"pa_dimenzija-90-x-120-cm","13":"pa_oblika-vertikal","14":"pa_okvir-ohne-rahmen","15":"pa_podokvir-ja","16":"pa_podokvir-nein","18":"first","19":"instock","20":"purchasable","21":"product-type-variable","22":"has-default-attributes"},"acf":[],"yoast_head":"<!-- This site is optimized with the Yoast SEO Premium plugin v26.0 (Yoast SEO v27.2) - https:\/\/yoast.com\/product\/yoast-seo-premium-wordpress\/ -->\n<title>Energetische Gem\u00e4lde - 6. Chakra - SVETSLIK.SI - 100% handgemalt<\/title>\n<meta name=\"description\" content=\"Handgemaltes Energiegem\u00e4lde auf Leinwand - Energetische Gem\u00e4lde - 6. Chakra -. Sie k\u00f6nnen das Bild mit Hilfe unserer einzigartigen Anwendung auf der Website einrahmen.\" \/>\n<meta name=\"robots\" content=\"index, follow, max-snippet:-1, max-image-preview:large, max-video-preview:-1\" \/>\n<link rel=\"canonical\" href=\"https:\/\/svetslik.si\/de\/chakren\/energetische-gemalde-6-chakra\/\" \/>\n<meta property=\"og:locale\" content=\"de_DE\" \/>\n<meta property=\"og:type\" content=\"article\" \/>\n<meta property=\"og:title\" content=\"Energetische Gem\u00e4lde - 6. Chakra\" \/>\n<meta property=\"og:description\" content=\"100% ro\u010dno naslikane slike na platnu, reprodukcije znanih slikarjev in umetni\u0161ke slike po naro\u010dilu.\" \/>\n<meta property=\"og:url\" content=\"https:\/\/svetslik.si\/de\/chakren\/energetische-gemalde-6-chakra\/\" \/>\n<meta property=\"og:site_name\" content=\"SVETSLIK.SI\" \/>\n<meta property=\"article:publisher\" content=\"https:\/\/www.facebook.com\/svetslik.si\" \/>\n<meta property=\"article:modified_time\" content=\"2026-03-22T13:35:36+00:00\" \/>\n<meta property=\"og:image\" content=\"https:\/\/svetslik.si\/wp-content\/uploads\/2021\/08\/image_6-Cakra_680.jpg\" \/>\n\t<meta property=\"og:image:width\" content=\"528\" \/>\n\t<meta property=\"og:image:height\" content=\"680\" \/>\n\t<meta property=\"og:image:type\" content=\"image\/jpeg\" \/>\n<meta name=\"twitter:card\" content=\"summary_large_image\" \/>\n<meta name=\"twitter:site\" content=\"@svetslik\" \/>\n<meta name=\"twitter:label1\" content=\"Verf\u00fcgbarkeit\" \/>\n\t<meta name=\"twitter:data1\" content=\"Auf Lager\" \/>\n<script type=\"application\/ld+json\" class=\"yoast-schema-graph\">{\"@context\":\"https:\/\/schema.org\",\"@graph\":[{\"@type\":[\"WebPage\",\"ItemPage\"],\"@id\":\"https:\/\/svetslik.si\/de\/chakren\/energetische-gemalde-6-chakra\/\",\"url\":\"https:\/\/svetslik.si\/de\/chakren\/energetische-gemalde-6-chakra\/\",\"name\":\"Energetische Gem\u00e4lde - 6. Chakra - SVETSLIK.SI - 100% handgemalt\",\"isPartOf\":{\"@id\":\"https:\/\/svetslik.si\/de\/#website\"},\"primaryImageOfPage\":{\"@id\":\"https:\/\/svetslik.si\/de\/chakren\/energetische-gemalde-6-chakra\/#primaryimage\"},\"image\":{\"@id\":\"https:\/\/svetslik.si\/de\/chakren\/energetische-gemalde-6-chakra\/#primaryimage\"},\"thumbnailUrl\":\"https:\/\/svetslik.si\/wp-content\/uploads\/2021\/08\/image_6-Cakra_680.jpg\",\"datePublished\":\"2021-09-02T17:00:23+00:00\",\"dateModified\":\"2026-03-22T13:35:36+00:00\",\"description\":\"Handgemaltes Energiegem\u00e4lde auf Leinwand - Energetische Gem\u00e4lde - 6. Chakra -. Sie k\u00f6nnen das Bild mit Hilfe unserer einzigartigen Anwendung auf der Website einrahmen.\",\"breadcrumb\":{\"@id\":\"https:\/\/svetslik.si\/de\/chakren\/energetische-gemalde-6-chakra\/#breadcrumb\"},\"inLanguage\":\"de\",\"potentialAction\":[{\"@type\":\"ReadAction\",\"target\":[\"https:\/\/svetslik.si\/de\/chakren\/energetische-gemalde-6-chakra\/\"]}]},{\"@type\":\"ImageObject\",\"inLanguage\":\"de\",\"@id\":\"https:\/\/svetslik.si\/de\/chakren\/energetische-gemalde-6-chakra\/#primaryimage\",\"url\":\"https:\/\/svetslik.si\/wp-content\/uploads\/2021\/08\/image_6-Cakra_680.jpg\",\"contentUrl\":\"https:\/\/svetslik.si\/wp-content\/uploads\/2021\/08\/image_6-Cakra_680.jpg\",\"width\":528,\"height\":680,\"caption\":\"Energiegem\u00e4lde \u2013 Kunstgem\u00e4lde des 6. Chakras\"},{\"@type\":\"BreadcrumbList\",\"@id\":\"https:\/\/svetslik.si\/de\/chakren\/energetische-gemalde-6-chakra\/#breadcrumb\",\"itemListElement\":[{\"@type\":\"ListItem\",\"position\":1,\"name\":\"Wandkunst und Gem\u00e4lde auf Leinwand\",\"item\":\"https:\/\/svetslik.si\/de\/\"},{\"@type\":\"ListItem\",\"position\":2,\"name\":\"Verkauf von Gem\u00e4lden\",\"item\":\"https:\/\/svetslik.si\/prodaja-slik\/\"},{\"@type\":\"ListItem\",\"position\":3,\"name\":\"Energetische Gem\u00e4lde &#8211; 6. Chakra\"}]},{\"@type\":\"WebSite\",\"@id\":\"https:\/\/svetslik.si\/de\/#website\",\"url\":\"https:\/\/svetslik.si\/de\/\",\"name\":\"SVETSLIK.SI\",\"description\":\"100% handgemalte Reproduktionen von Gem\u00e4lden ber\u00fchmter Maler und Gem\u00e4lde auf Leinwand.\",\"publisher\":{\"@id\":\"https:\/\/svetslik.si\/de\/#organization\"},\"potentialAction\":[{\"@type\":\"SearchAction\",\"target\":{\"@type\":\"EntryPoint\",\"urlTemplate\":\"https:\/\/svetslik.si\/de\/?s={search_term_string}\"},\"query-input\":{\"@type\":\"PropertyValueSpecification\",\"valueRequired\":true,\"valueName\":\"search_term_string\"}}],\"inLanguage\":\"de\"},{\"@type\":\"Organization\",\"@id\":\"https:\/\/svetslik.si\/de\/#organization\",\"name\":\"SvetSlik.si\",\"url\":\"https:\/\/svetslik.si\/de\/\",\"logo\":{\"@type\":\"ImageObject\",\"inLanguage\":\"de\",\"@id\":\"https:\/\/svetslik.si\/de\/#\/schema\/logo\/image\/\",\"url\":\"https:\/\/svetslik.si\/wp-content\/uploads\/2020\/12\/logo-512.png\",\"contentUrl\":\"https:\/\/svetslik.si\/wp-content\/uploads\/2020\/12\/logo-512.png\",\"width\":512,\"height\":512,\"caption\":\"SvetSlik.si\"},\"image\":{\"@id\":\"https:\/\/svetslik.si\/de\/#\/schema\/logo\/image\/\"},\"sameAs\":[\"https:\/\/www.facebook.com\/svetslik.si\",\"https:\/\/x.com\/svetslik\",\"https:\/\/www.instagram.com\/svetslik.si\/\",\"https:\/\/www.linkedin.com\/company\/svetslik-si\"]}]}<\/script>\n<meta property=\"og:availability\" content=\"instock\" \/>\n<meta property=\"product:availability\" content=\"instock\" \/>\n<meta property=\"product:retailer_item_id\" content=\"894__\" \/>\n<meta property=\"product:condition\" content=\"new\" \/>\n<!-- \/ Yoast SEO Premium plugin. -->","yoast_head_json":{"title":"Energetische Gem\u00e4lde - 6. Chakra - SVETSLIK.SI - 100% handgemalt","description":"Handgemaltes Energiegem\u00e4lde auf Leinwand - Energetische Gem\u00e4lde - 6. Chakra -. Sie k\u00f6nnen das Bild mit Hilfe unserer einzigartigen Anwendung auf der Website einrahmen.","robots":{"index":"index","follow":"follow","max-snippet":"max-snippet:-1","max-image-preview":"max-image-preview:large","max-video-preview":"max-video-preview:-1"},"canonical":"https:\/\/svetslik.si\/de\/chakren\/energetische-gemalde-6-chakra\/","og_locale":"de_DE","og_type":"article","og_title":"Energetische Gem\u00e4lde - 6. Chakra","og_description":"100% ro\u010dno naslikane slike na platnu, reprodukcije znanih slikarjev in umetni\u0161ke slike po naro\u010dilu.","og_url":"https:\/\/svetslik.si\/de\/chakren\/energetische-gemalde-6-chakra\/","og_site_name":"SVETSLIK.SI","article_publisher":"https:\/\/www.facebook.com\/svetslik.si","article_modified_time":"2026-03-22T13:35:36+00:00","og_image":[{"width":528,"height":680,"url":"https:\/\/svetslik.si\/wp-content\/uploads\/2021\/08\/image_6-Cakra_680.jpg","type":"image\/jpeg"}],"twitter_card":"summary_large_image","twitter_site":"@svetslik","twitter_misc":{"Verf\u00fcgbarkeit":"Auf Lager"},"schema":{"@context":"https:\/\/schema.org","@graph":[{"@type":["WebPage","ItemPage"],"@id":"https:\/\/svetslik.si\/de\/chakren\/energetische-gemalde-6-chakra\/","url":"https:\/\/svetslik.si\/de\/chakren\/energetische-gemalde-6-chakra\/","name":"Energetische Gem\u00e4lde - 6. Chakra - SVETSLIK.SI - 100% handgemalt","isPartOf":{"@id":"https:\/\/svetslik.si\/de\/#website"},"primaryImageOfPage":{"@id":"https:\/\/svetslik.si\/de\/chakren\/energetische-gemalde-6-chakra\/#primaryimage"},"image":{"@id":"https:\/\/svetslik.si\/de\/chakren\/energetische-gemalde-6-chakra\/#primaryimage"},"thumbnailUrl":"https:\/\/svetslik.si\/wp-content\/uploads\/2021\/08\/image_6-Cakra_680.jpg","datePublished":"2021-09-02T17:00:23+00:00","dateModified":"2026-03-22T13:35:36+00:00","description":"Handgemaltes Energiegem\u00e4lde auf Leinwand - Energetische Gem\u00e4lde - 6. Chakra -. Sie k\u00f6nnen das Bild mit Hilfe unserer einzigartigen Anwendung auf der Website einrahmen.","breadcrumb":{"@id":"https:\/\/svetslik.si\/de\/chakren\/energetische-gemalde-6-chakra\/#breadcrumb"},"inLanguage":"de","potentialAction":[{"@type":"ReadAction","target":["https:\/\/svetslik.si\/de\/chakren\/energetische-gemalde-6-chakra\/"]}]},{"@type":"ImageObject","inLanguage":"de","@id":"https:\/\/svetslik.si\/de\/chakren\/energetische-gemalde-6-chakra\/#primaryimage","url":"https:\/\/svetslik.si\/wp-content\/uploads\/2021\/08\/image_6-Cakra_680.jpg","contentUrl":"https:\/\/svetslik.si\/wp-content\/uploads\/2021\/08\/image_6-Cakra_680.jpg","width":528,"height":680,"caption":"Energiegem\u00e4lde \u2013 Kunstgem\u00e4lde des 6. Chakras"},{"@type":"BreadcrumbList","@id":"https:\/\/svetslik.si\/de\/chakren\/energetische-gemalde-6-chakra\/#breadcrumb","itemListElement":[{"@type":"ListItem","position":1,"name":"Wandkunst und Gem\u00e4lde auf Leinwand","item":"https:\/\/svetslik.si\/de\/"},{"@type":"ListItem","position":2,"name":"Verkauf von Gem\u00e4lden","item":"https:\/\/svetslik.si\/prodaja-slik\/"},{"@type":"ListItem","position":3,"name":"Energetische Gem\u00e4lde &#8211; 6. Chakra"}]},{"@type":"WebSite","@id":"https:\/\/svetslik.si\/de\/#website","url":"https:\/\/svetslik.si\/de\/","name":"SVETSLIK.SI","description":"100% handgemalte Reproduktionen von Gem\u00e4lden ber\u00fchmter Maler und Gem\u00e4lde auf Leinwand.","publisher":{"@id":"https:\/\/svetslik.si\/de\/#organization"},"potentialAction":[{"@type":"SearchAction","target":{"@type":"EntryPoint","urlTemplate":"https:\/\/svetslik.si\/de\/?s={search_term_string}"},"query-input":{"@type":"PropertyValueSpecification","valueRequired":true,"valueName":"search_term_string"}}],"inLanguage":"de"},{"@type":"Organization","@id":"https:\/\/svetslik.si\/de\/#organization","name":"SvetSlik.si","url":"https:\/\/svetslik.si\/de\/","logo":{"@type":"ImageObject","inLanguage":"de","@id":"https:\/\/svetslik.si\/de\/#\/schema\/logo\/image\/","url":"https:\/\/svetslik.si\/wp-content\/uploads\/2020\/12\/logo-512.png","contentUrl":"https:\/\/svetslik.si\/wp-content\/uploads\/2020\/12\/logo-512.png","width":512,"height":512,"caption":"SvetSlik.si"},"image":{"@id":"https:\/\/svetslik.si\/de\/#\/schema\/logo\/image\/"},"sameAs":["https:\/\/www.facebook.com\/svetslik.si","https:\/\/x.com\/svetslik","https:\/\/www.instagram.com\/svetslik.si\/","https:\/\/www.linkedin.com\/company\/svetslik-si"]}]},"og_availability":"instock","product_availability":"instock","product_retailer_item_id":"894__","product_condition":"new"},"jetpack_sharing_enabled":true,"_links":{"self":[{"href":"https:\/\/svetslik.si\/de\/wp-json\/wp\/v2\/product\/71609","targetHints":{"allow":["GET"]}}],"collection":[{"href":"https:\/\/svetslik.si\/de\/wp-json\/wp\/v2\/product"}],"about":[{"href":"https:\/\/svetslik.si\/de\/wp-json\/wp\/v2\/types\/product"}],"wp:featuredmedia":[{"embeddable":true,"href":"https:\/\/svetslik.si\/de\/wp-json\/wp\/v2\/media\/63322"}],"wp:attachment":[{"href":"https:\/\/svetslik.si\/de\/wp-json\/wp\/v2\/media?parent=71609"}],"wp:term":[{"taxonomy":"product_brand","embeddable":true,"href":"https:\/\/svetslik.si\/de\/wp-json\/wp\/v2\/product_brand?post=71609"},{"taxonomy":"product_cat","embeddable":true,"href":"https:\/\/svetslik.si\/de\/wp-json\/wp\/v2\/product_cat?post=71609"},{"taxonomy":"product_tag","embeddable":true,"href":"https:\/\/svetslik.si\/de\/wp-json\/wp\/v2\/product_tag?post=71609"}],"curies":[{"name":"wp","href":"https:\/\/api.w.org\/{rel}","templated":true}]}}